{"id":5231,"date":"2022-10-24T11:51:35","date_gmt":"2022-10-24T11:51:35","guid":{"rendered":"https:\/\/moverdb.com\/?page_id=5231"},"modified":"2026-01-08T15:29:47","modified_gmt":"2026-01-08T15:29:47","slug":"barbados-2","status":"publish","type":"page","link":"https:\/\/moverdb.com\/pt\/moving-companies\/barbados-moving-companies\/","title":{"rendered":"Melhores Empresas de Mudan\u00e7as Internacionais em Barbados"},"content":{"rendered":"<p>Voc\u00ea est\u00e1 pensando em se mudar para ou de <a href=\"https:\/\/moverdb.com\/pt\/moving-to-barbados\/\" data-internallinksmanager029f6b8e52c=\"344\" title=\"Est\u00e1 se mudando para Barbados? 2026 Custo de vida e dicas de realoca\u00e7\u00e3o\">Barbados<\/a>ou em Barbados? Ent\u00e3o, a ideia de empacotar sua casa ou empresa e organizar o transporte pode estar causando algum estresse, mas uma empresa de mudan\u00e7as pode ajudar. Veja abaixo os <a href=\"https:\/\/moverdb.com\/pt\/international-removals\/\" data-internallinksmanager029f6b8e52c=\"27\" title=\"36 melhores empresas de mudan\u00e7as internacionais no Reino Unido\">empresas de mudan\u00e7as<\/a> que s\u00e3o membros do <a href=\"https:\/\/moverdb.com\/pt\/iam\/\" data-internallinksmanager029f6b8e52c=\"23\" title=\"Associa\u00e7\u00e3o Internacional de Remotores (IAM) Explicado\">Associa\u00e7\u00e3o Internacional de Movers<\/a> (IAM) e\/ou <a href=\"https:\/\/moverdb.com\/pt\/fidi-faim\/\" data-internallinksmanager029f6b8e52c=\"16\" title=\"FIDI &amp; FAIM (FIDI Accredited International Mover) Explicado\">FIDI<\/a> Credenciado pela FAIM em Barbados.<\/p>\n<h2><strong>1. Michael Greaves Associates<\/strong><\/h2>\n<p><em><img loading=\"lazy\" decoding=\"async\" class=\"alignnone size-full wp-image-5186\" src=\"https:\/\/moverdb.com\/wp-content\/uploads\/Michael-Greaves-Associates-international-moving-company.png\" alt=\"Michael Greaves Associates empresa de mudan\u00e7as internacionais\" width=\"1440\" height=\"681\" data-wp-pid=\"5186\" srcset=\"https:\/\/moverdb.com\/wp-content\/uploads\/Michael-Greaves-Associates-international-moving-company.png 1440w, https:\/\/moverdb.com\/wp-content\/uploads\/Michael-Greaves-Associates-international-moving-company-300x142.png 300w, https:\/\/moverdb.com\/wp-content\/uploads\/Michael-Greaves-Associates-international-moving-company-1024x484.png 1024w, https:\/\/moverdb.com\/wp-content\/uploads\/Michael-Greaves-Associates-international-moving-company-18x9.png 18w, https:\/\/moverdb.com\/wp-content\/uploads\/Michael-Greaves-Associates-international-moving-company-600x284.png 600w\" sizes=\"auto, (max-width: 1440px) 100vw, 1440px\" \/><\/em><\/p>\n<ul>\n<li>Mudan\u00e7as nacionais<\/li>\n<li>Mudan\u00e7as internacionais<\/li>\n<li>Mudan\u00e7as comerciais e residenciais<\/li>\n<li>Servi\u00e7o sob medida<\/li>\n<li>Profissionais experientes<\/li>\n<li>Despachos aduaneiros e desembara\u00e7o<\/li>\n<li>Seguro de carga<\/li>\n<li>Manuseio de animais de estima\u00e7\u00e3o<\/li>\n<li>Transporte de ve\u00edculos e barcos<\/li>\n<li>Instala\u00e7\u00f5es de armazenamento<\/li>\n<\/ul>\n<p>Michael Greaves Associates \u00e9 um servi\u00e7o de realoca\u00e7\u00e3o, mudan\u00e7a, expedi\u00e7\u00e3o e corretagem baseado em Barbados, fundado em 1981. Eles s\u00e3o membros do IAM com 41 anos de servi\u00e7o. Eles prestam servi\u00e7os de realoca\u00e7\u00e3o dentro de Barbados e internacionalmente.<\/p>\n<p>Michael Greaves Associates oferece um servi\u00e7o de realoca\u00e7\u00e3o sob medida que auxilia em cada etapa de sua mudan\u00e7a, desde o planejamento at\u00e9 a instala\u00e7\u00e3o em sua nova casa. Eles far\u00e3o um levantamento de sua casa ou escrit\u00f3rio, fornecer\u00e3o um or\u00e7amento e anotar\u00e3o quaisquer exig\u00eancias especiais. Eles ir\u00e3o embalar seus pertences usando t\u00e9cnicas e materiais aprovados. Eles tamb\u00e9m fornecem seguro de carga e despacho e desembara\u00e7o aduaneiro, bem como servi\u00e7os especializados para o transporte de animais de estima\u00e7\u00e3o, ve\u00edculos e barcos.<\/p>\n<p>Website: <a href=\"http:\/\/www.mgassociates.net\" target=\"_blank\" rel=\"noopener\">http:\/\/www.mgassociates.net<\/a><\/p>\n<h2>Outros guias \u00fateis para Barbados<\/h2>\n<ul>\n<li> <a href=\"https:\/\/moverdb.com\/pt\/transporte-de-conteineres\/barbados\/\">2024 Tarifas de remessa de cont\u00eaineres de frete mar\u00edtimo para e de Barbados<\/a><\/li>\n<li> <a href=\"https:\/\/moverdb.com\/pt\/moving-to-barbados\/\">Est\u00e1 se mudando para Barbados? 2026 Custo de vida e dicas de realoca\u00e7\u00e3o<\/a><\/li>\n<li> <a href=\"https:\/\/moverdb.com\/pt\/moving-to-barbados\/living-in-barbados\/\">21 segredos sobre como morar em Barbados que voc\u00ea deve saber antes de se mudar<\/a><\/li>\n<\/ul>","protected":false},"excerpt":{"rendered":"<p>Are you thinking of moving to or from Barbados, or within Barbados? Then the thought of packing up your home or business and organising the shipping might be causing some stress, but a removal company could help. Below are the removal companies that are members of the International Association of Movers (IAM) and\/or FIDI Accredited [&hellip;]<\/p>\n","protected":false},"author":4,"featured_media":0,"parent":190,"menu_order":0,"comment_status":"closed","ping_status":"closed","template":"","meta":{"_genesis_hide_title":false,"_genesis_hide_breadcrumbs":false,"_genesis_hide_singular_image":false,"_genesis_hide_footer_widgets":false,"_genesis_custom_body_class":"","_genesis_custom_post_class":"","_genesis_layout":"","footnotes":""},"class_list":{"0":"post-5231","1":"page","2":"type-page","3":"status-publish","5":"entry","6":"has-post-thumbnail"},"_links":{"self":[{"href":"https:\/\/moverdb.com\/pt\/wp-json\/wp\/v2\/pages\/5231","targetHints":{"allow":["GET"]}}],"collection":[{"href":"https:\/\/moverdb.com\/pt\/wp-json\/wp\/v2\/pages"}],"about":[{"href":"https:\/\/moverdb.com\/pt\/wp-json\/wp\/v2\/types\/page"}],"author":[{"embeddable":true,"href":"https:\/\/moverdb.com\/pt\/wp-json\/wp\/v2\/users\/4"}],"replies":[{"embeddable":true,"href":"https:\/\/moverdb.com\/pt\/wp-json\/wp\/v2\/comments?post=5231"}],"version-history":[{"count":2,"href":"https:\/\/moverdb.com\/pt\/wp-json\/wp\/v2\/pages\/5231\/revisions"}],"predecessor-version":[{"id":18281,"href":"https:\/\/moverdb.com\/pt\/wp-json\/wp\/v2\/pages\/5231\/revisions\/18281"}],"up":[{"embeddable":true,"href":"https:\/\/moverdb.com\/pt\/wp-json\/wp\/v2\/pages\/190"}],"wp:attachment":[{"href":"https:\/\/moverdb.com\/pt\/wp-json\/wp\/v2\/media?parent=5231"}],"curies":[{"name":"wp","href":"https:\/\/api.w.org\/{rel}","templated":true}]}}