{"id":5228,"date":"2022-10-24T11:52:12","date_gmt":"2022-10-24T11:52:12","guid":{"rendered":"https:\/\/moverdb.com\/?page_id=5228"},"modified":"2026-01-08T15:25:04","modified_gmt":"2026-01-08T15:25:04","slug":"bangladesh-2","status":"publish","type":"page","link":"https:\/\/moverdb.com\/pt\/moving-companies\/bangladesh-moving-companies\/","title":{"rendered":"5 Melhores Empresas de Mudan\u00e7as Internacionais em Bangladesh"},"content":{"rendered":"<p>Se voc\u00ea estiver mudando de casa em <a href=\"https:\/\/moverdb.com\/pt\/moving-to-bangladesh\/\" data-internallinksmanager029f6b8e52c=\"419\" title=\"Est\u00e1 se mudando para Bangladesh? 2026 Custo de vida e dicas de realoca\u00e7\u00e3o\">Bangladesh<\/a> ou prestes a se mudar para ou de Bangladesh, talvez voc\u00ea queira usar um <a href=\"https:\/\/moverdb.com\/pt\/international-removals\/\" data-internallinksmanager029f6b8e52c=\"27\" title=\"36 melhores empresas de mudan\u00e7as internacionais no Reino Unido\">empresa de mudan\u00e7as<\/a> para ajudar a facilitar o processo de mudan\u00e7a. A mudan\u00e7a \u00e9 um momento estressante, portanto, abaixo reunimos uma lista de empresas que s\u00e3o membros do <a href=\"https:\/\/moverdb.com\/pt\/iam\/\" data-internallinksmanager029f6b8e52c=\"23\" title=\"Associa\u00e7\u00e3o Internacional de Remotores (IAM) Explicado\">Associa\u00e7\u00e3o Internacional de Movers<\/a> (IAM) e\/ou <a href=\"https:\/\/moverdb.com\/pt\/fidi-faim\/\" data-internallinksmanager029f6b8e52c=\"16\" title=\"FIDI &amp; FAIM (FIDI Accredited International Mover) Explicado\">FIDI<\/a> Credenciado pela International Mover (FAIM) que poderia lhe ajudar.<\/p>\n<div id=\"ez-toc-container\" class=\"ez-toc-v2_0_82_2 ez-toc-wrap-left counter-hierarchy ez-toc-counter ez-toc-transparent ez-toc-container-direction\">\n<div class=\"ez-toc-title-container\">\n<p class=\"ez-toc-title\" style=\"cursor:inherit\">Se\u00e7\u00f5es<\/p>\n<span class=\"ez-toc-title-toggle\"><a href=\"#\" class=\"ez-toc-pull-right ez-toc-btn ez-toc-btn-xs ez-toc-btn-default ez-toc-toggle\" aria-label=\"Alternar tabela de conte\u00fado\"><span class=\"ez-toc-js-icon-con\"><span class=\"\"><span class=\"eztoc-hide\" style=\"display:none;\">Alternar<\/span><span class=\"ez-toc-icon-toggle-span\"><svg style=\"fill: #999;color:#999\" xmlns=\"http:\/\/www.w3.org\/2000\/svg\" class=\"list-377408\" width=\"20px\" height=\"20px\" viewbox=\"0 0 24 24\" fill=\"none\"><path d=\"M6 6H4v2h2V6zm14 0H8v2h12V6zM4 11h2v2H4v-2zm16 0H8v2h12v-2zM4 16h2v2H4v-2zm16 0H8v2h12v-2z\" fill=\"currentColor\"><\/path><\/svg><svg style=\"fill: #999;color:#999\" class=\"arrow-unsorted-368013\" xmlns=\"http:\/\/www.w3.org\/2000\/svg\" width=\"10px\" height=\"10px\" viewbox=\"0 0 24 24\" version=\"1.2\" baseprofile=\"tiny\"><path d=\"M18.2 9.3l-6.2-6.3-6.2 6.3c-.2.2-.3.4-.3.7s.1.5.3.7c.2.2.4.3.7.3h11c.3 0 .5-.1.7-.3.2-.2.3-.5.3-.7s-.1-.5-.3-.7zM5.8 14.7l6.2 6.3 6.2-6.3c.2-.2.3-.5.3-.7s-.1-.5-.3-.7c-.2-.2-.4-.3-.7-.3h-11c-.3 0-.5.1-.7.3-.2.2-.3.5-.3.7s.1.5.3.7z\"\/><\/svg><\/span><\/span><\/span><\/a><\/span><\/div>\n<nav><ul class='ez-toc-list ez-toc-list-level-1 eztoc-toggle-hide-by-default' ><li class='ez-toc-page-1 ez-toc-heading-level-2'><a class=\"ez-toc-link ez-toc-heading-1\" href=\"https:\/\/moverdb.com\/pt\/moving-companies\/bangladesh-moving-companies\/#1_A_I_Freight_Services\" >1. A I Servi\u00e7os de Frete<\/a><\/li><li class='ez-toc-page-1 ez-toc-heading-level-2'><a class=\"ez-toc-link ez-toc-heading-2\" href=\"https:\/\/moverdb.com\/pt\/moving-companies\/bangladesh-moving-companies\/#2_Alpha_Logistics\" >2. Alfa Log\u00edstica<\/a><\/li><li class='ez-toc-page-1 ez-toc-heading-level-2'><a class=\"ez-toc-link ez-toc-heading-3\" href=\"https:\/\/moverdb.com\/pt\/moving-companies\/bangladesh-moving-companies\/#3_Apolloline_Shipping_Service\" >3. Servi\u00e7o de Embarque Apolloline<\/a><\/li><li class='ez-toc-page-1 ez-toc-heading-level-2'><a class=\"ez-toc-link ez-toc-heading-4\" href=\"https:\/\/moverdb.com\/pt\/moving-companies\/bangladesh-moving-companies\/#4_Carry_Link_Packers_Shippers\" >4. Embaladores e expedidores de Carry Link<\/a><\/li><li class='ez-toc-page-1 ez-toc-heading-level-2'><a class=\"ez-toc-link ez-toc-heading-5\" href=\"https:\/\/moverdb.com\/pt\/moving-companies\/bangladesh-moving-companies\/#5_Homebound\" >5. Acolhido em casa<\/a><\/li><\/ul><\/nav><\/div>\n<h2><span class=\"ez-toc-section\" id=\"1_A_I_Freight_Services\"><\/span><strong>1. A I Servi\u00e7os de Frete<\/strong><span class=\"ez-toc-section-end\"><\/span><\/h2>\n<p><em><img loading=\"lazy\" decoding=\"async\" class=\"alignnone size-full wp-image-5135\" src=\"https:\/\/moverdb.com\/wp-content\/uploads\/A-I-Freight-Services-international-moving-company.png\" alt=\"Uma empresa de mudan\u00e7as internacionais da I Freight Services\" width=\"1440\" height=\"685\" data-wp-pid=\"5135\" srcset=\"https:\/\/moverdb.com\/wp-content\/uploads\/A-I-Freight-Services-international-moving-company.png 1440w, https:\/\/moverdb.com\/wp-content\/uploads\/A-I-Freight-Services-international-moving-company-300x143.png 300w, https:\/\/moverdb.com\/wp-content\/uploads\/A-I-Freight-Services-international-moving-company-1024x487.png 1024w, https:\/\/moverdb.com\/wp-content\/uploads\/A-I-Freight-Services-international-moving-company-18x9.png 18w, https:\/\/moverdb.com\/wp-content\/uploads\/A-I-Freight-Services-international-moving-company-600x285.png 600w\" sizes=\"auto, (max-width: 1440px) 100vw, 1440px\" \/><\/em><\/p>\n<ul>\n<li>Log\u00edstica nacional<\/li>\n<li>Log\u00edstica internacional<\/li>\n<li>Servi\u00e7o porta-a-porta e mudan\u00e7as dom\u00e9sticas<\/li>\n<li>Manuseio de objetos pessoais<\/li>\n<li>Movimentos comerciais e log\u00edstica<\/li>\n<li>Frete rodovi\u00e1rio, mar\u00edtimo e a\u00e9reo<\/li>\n<li>Despachos aduaneiros<\/li>\n<li>Manuseio de mercadorias delicadas e perigosas<\/li>\n<li>Transporte de animais<\/li>\n<li>Solu\u00e7\u00f5es de armazenamento<\/li>\n<\/ul>\n<p>A I Freight Services afirma ser uma das principais empresas de log\u00edstica em Bangladesh que fornece servi\u00e7os de frete, transporte terrestre e despachos aduaneiros. Eles s\u00e3o membros do IAM com 23 anos de servi\u00e7o. Eles atendem empresas com log\u00edstica e distribui\u00e7\u00e3o, assim como mudan\u00e7as, tamb\u00e9m oferecem servi\u00e7os de mudan\u00e7a de resid\u00eancia.<\/p>\n<p>A I Freight Services oferece um servi\u00e7o de mudan\u00e7as dom\u00e9sticas porta-a-porta que pode desloc\u00e1-lo nacional e internacionalmente utilizando transporte rodovi\u00e1rio, mar\u00edtimo e a\u00e9reo. Eles tamb\u00e9m podem apoi\u00e1-lo com o desembara\u00e7o e a despachante aduaneira. Eles podem fornecer servi\u00e7os de log\u00edstica especializados, incluindo a mudan\u00e7a de animais de estima\u00e7\u00e3o, e mercadorias delicadas e perigosas. Eles tamb\u00e9m oferecem solu\u00e7\u00f5es de armazenamento em armaz\u00e9ns.<\/p>\n<p>Website: <a href=\"http:\/\/www.aifs-bd.com\" target=\"_blank\" rel=\"noopener\">http:\/\/www.aifs-bd.com<\/a><\/p>\n<h2><span class=\"ez-toc-section\" id=\"2_Alpha_Logistics\"><\/span><strong>2. Alfa Log\u00edstica<\/strong><span class=\"ez-toc-section-end\"><\/span><\/h2>\n<p><em><img loading=\"lazy\" decoding=\"async\" class=\"alignnone size-full wp-image-5143\" src=\"https:\/\/moverdb.com\/wp-content\/uploads\/Alpha-Logistics-international-moving-company.png\" alt=\"Alpha Logistics empresa de mudan\u00e7as internacionais\" width=\"1440\" height=\"677\" data-wp-pid=\"5143\" srcset=\"https:\/\/moverdb.com\/wp-content\/uploads\/Alpha-Logistics-international-moving-company.png 1440w, https:\/\/moverdb.com\/wp-content\/uploads\/Alpha-Logistics-international-moving-company-300x141.png 300w, https:\/\/moverdb.com\/wp-content\/uploads\/Alpha-Logistics-international-moving-company-1024x481.png 1024w, https:\/\/moverdb.com\/wp-content\/uploads\/Alpha-Logistics-international-moving-company-18x8.png 18w, https:\/\/moverdb.com\/wp-content\/uploads\/Alpha-Logistics-international-moving-company-600x282.png 600w\" sizes=\"auto, (max-width: 1440px) 100vw, 1440px\" \/><\/em><\/p>\n<ul>\n<li>Embarques nacionais<\/li>\n<li>Envios internacionais<\/li>\n<li>Servi\u00e7o flex\u00edvel<\/li>\n<li>Atende a uma ampla gama de mercadorias<\/li>\n<li>Servi\u00e7o porta-a-porta<\/li>\n<li>Servi\u00e7o porta-a-porta ou doca<\/li>\n<li>Transporte rodovi\u00e1rio, mar\u00edtimo e a\u00e9reo<\/li>\n<li>Desembara\u00e7o aduaneiro<\/li>\n<li>Notifica\u00e7\u00f5es e provas de chegada<\/li>\n<li>Instala\u00e7\u00f5es de armazenamento de curto a longo prazo<\/li>\n<\/ul>\n<p>A Alpha Logistics foi fundada em 1999 e afirma ser um dos principais fornecedores de transporte de carga e log\u00edstica em Bangladesh. Eles s\u00e3o membros do IAM como um agente de mudan\u00e7as e <a href=\"https:\/\/moverdb.com\/pt\/relocation-agents\/\" data-internallinksmanager029f6b8e52c=\"1\" title=\"7 Raz\u00f5es Porque voc\u00ea deve usar um agente de realoca\u00e7\u00e3o?\">agente de recoloca\u00e7\u00e3o<\/a>. Eles t\u00eam uma rede de agentes globais que lhes permite oferecer seus servi\u00e7os internacionalmente.<\/p>\n<p>A Alpha Logistics oferece um servi\u00e7o de remessa somente onde oferecem servi\u00e7o porta-a-porta, porta-a-porta\/dock ou aeroporto\/dock-a-door que inclui desembara\u00e7o alfandeg\u00e1rio para sua remessa. Eles tamb\u00e9m oferecem uma gama de caminh\u00f5es e vans para a movimenta\u00e7\u00e3o de suas mercadorias dentro de Bangladesh. Eles oferecem instala\u00e7\u00f5es de armazenamento de curto a longo prazo em seus armaz\u00e9ns.<\/p>\n<p>Website: <a href=\"http:\/\/www.alphagroupbd.com\" target=\"_blank\" rel=\"noopener\">http:\/\/www.alphagroupbd.com<\/a><\/p>\n<h2><span class=\"ez-toc-section\" id=\"3_Apolloline_Shipping_Service\"><\/span><strong>3. Servi\u00e7o de Embarque Apolloline<\/strong><span class=\"ez-toc-section-end\"><\/span><\/h2>\n<p><img loading=\"lazy\" decoding=\"async\" class=\"alignnone size-full wp-image-5229\" src=\"https:\/\/moverdb.com\/wp-content\/uploads\/Apolloline-international-moving-company.png\" alt=\"Empresa de mudan\u00e7as Apolloline International\" width=\"1440\" height=\"682\" data-wp-pid=\"5229\" srcset=\"https:\/\/moverdb.com\/wp-content\/uploads\/Apolloline-international-moving-company.png 1440w, https:\/\/moverdb.com\/wp-content\/uploads\/Apolloline-international-moving-company-300x142.png 300w, https:\/\/moverdb.com\/wp-content\/uploads\/Apolloline-international-moving-company-1024x485.png 1024w, https:\/\/moverdb.com\/wp-content\/uploads\/Apolloline-international-moving-company-18x9.png 18w, https:\/\/moverdb.com\/wp-content\/uploads\/Apolloline-international-moving-company-600x284.png 600w\" sizes=\"auto, (max-width: 1440px) 100vw, 1440px\" \/><\/p>\n<ul>\n<li>Mudan\u00e7as nacionais<\/li>\n<li>Mudan\u00e7as internacionais<\/li>\n<li>Mudan\u00e7as de escrit\u00f3rio e de casa<\/li>\n<li>Transporte rodovi\u00e1rio, mar\u00edtimo e a\u00e9reo<\/li>\n<li>Equipe profissional de empacotadores<\/li>\n<li>Materiais de embalagem de alta qualidade<\/li>\n<li>Antiguidades e artes pl\u00e1sticas<\/li>\n<li>Desembara\u00e7o aduaneiro<\/li>\n<li><a href=\"https:\/\/moverdb.com\/pt\/car-transport-shipping\/\" data-internallinksmanager029f6b8e52c=\"2\" title=\"2026 Cota\u00e7\u00f5es de transporte internacional de carros e envio de ve\u00edculos\">Envio de ve\u00edculos<\/a><\/li>\n<li>Solu\u00e7\u00f5es de armazenamento<\/li>\n<\/ul>\n<p>O Apolloline Shipping Service \u00e9 um servi\u00e7o de frete internacional e <a href=\"https:\/\/moverdb.com\/pt\/moving-companies\/\" data-internallinksmanager029f6b8e52c=\"79\" title=\"As 25 maiores empresas de mudan\u00e7as internacionais on-line\">empresa de mudan\u00e7as<\/a> com sede em Dhaka, com uma filial em Chottogram. Eles afirmam ser um fornecedor l\u00edder em Bangladesh e s\u00e3o membros do IAM com 10 anos de servi\u00e7o. Eles atendem a mudan\u00e7as de escrit\u00f3rios e resid\u00eancias em Bangladesh e internacionalmente.<\/p>\n<p>O Apolloline Shipping Service oferece servi\u00e7os de movimenta\u00e7\u00e3o que incluem uma equipe profissional de empacotadores que utilizam as melhores t\u00e9cnicas de embalagem e movimenta\u00e7\u00e3o e materiais de embalagem de alta qualidade para proteger seus pertences. Eles oferecem op\u00e7\u00f5es de transporte incluindo frete rodovi\u00e1rio, mar\u00edtimo e a\u00e9reo e gerenciar\u00e3o o desembara\u00e7o aduaneiro. Eles tamb\u00e9m oferecem instala\u00e7\u00f5es de armazenamento intermedi\u00e1rio.<\/p>\n<p>Website: <a href=\"http:\/\/www.apolloline.com\" target=\"_blank\" rel=\"noopener\">http:\/\/www.apolloline. com<\/a><\/p>\n<h2><span class=\"ez-toc-section\" id=\"4_Carry_Link_Packers_Shippers\"><\/span><strong>4. Embaladores e expedidores de Carry Link<\/strong><span class=\"ez-toc-section-end\"><\/span><\/h2>\n<p><em><img loading=\"lazy\" decoding=\"async\" class=\"alignnone size-full wp-image-5153\" src=\"https:\/\/moverdb.com\/wp-content\/uploads\/Carry-Link-Packers-and-Shippers-international-moving-company.png\" alt=\"Carry Link Packers and Shippers international moving company\" width=\"1440\" height=\"677\" data-wp-pid=\"5153\" srcset=\"https:\/\/moverdb.com\/wp-content\/uploads\/Carry-Link-Packers-and-Shippers-international-moving-company.png 1440w, https:\/\/moverdb.com\/wp-content\/uploads\/Carry-Link-Packers-and-Shippers-international-moving-company-300x141.png 300w, https:\/\/moverdb.com\/wp-content\/uploads\/Carry-Link-Packers-and-Shippers-international-moving-company-1024x481.png 1024w, https:\/\/moverdb.com\/wp-content\/uploads\/Carry-Link-Packers-and-Shippers-international-moving-company-18x8.png 18w, https:\/\/moverdb.com\/wp-content\/uploads\/Carry-Link-Packers-and-Shippers-international-moving-company-600x282.png 600w\" sizes=\"auto, (max-width: 1440px) 100vw, 1440px\" \/><\/em><\/p>\n<ul>\n<li>Transporte nacional<\/li>\n<li><a href=\"https:\/\/moverdb.com\/pt\/container-shipping\/\" data-internallinksmanager029f6b8e52c=\"3\" title=\"Gr\u00e1fico de taxas de transporte internacional de cont\u00eaineres: Abril de 2026\">Transporte internacional<\/a><\/li>\n<li>Mudan\u00e7as dom\u00e9sticas<\/li>\n<li>Servi\u00e7os de cargas comerciais<\/li>\n<li>Servi\u00e7os porta-a-porta<\/li>\n<li>Transporte terrestre, a\u00e9reo e mar\u00edtimo<\/li>\n<li>Desembara\u00e7o aduaneiro<\/li>\n<li>Seguros<\/li>\n<li>Instala\u00e7\u00f5es de armazenamento<\/li>\n<li>Rede de agentes associados em todo o mundo<\/li>\n<\/ul>\n<p>Carry Link Packers &amp; Shippers \u00e9 um agente de mudan\u00e7as e embarque que foi formado em 1999, eles est\u00e3o baseados em Dhaka, Bangladesh e s\u00e3o membros do IAM com 20 anos de servi\u00e7o. Eles prestam servi\u00e7os de despachos, servi\u00e7os de desembara\u00e7o alfandeg\u00e1rio e suporte de embalagem. Eles atendem empresas com necessidades de carga e resid\u00eancias com necessidades de mudan\u00e7a.<\/p>\n<p>A Carry Link Packers &amp; Shippers oferece servi\u00e7os de embalagem porta-a-porta e servi\u00e7os de embalagem para resid\u00eancias para ajud\u00e1-los a se mudarem para casa, nacional e internacionalmente. Eles oferecem servi\u00e7os de remo\u00e7\u00e3o por terra, mar e ar que incluem seguro e desembara\u00e7o alfandeg\u00e1rio. Eles oferecem seus servi\u00e7os internacionais atrav\u00e9s de uma rede de agentes associados em todo o mundo.<\/p>\n<p>Website: <a href=\"http:\/\/www.carrylink.org\" target=\"_blank\" rel=\"noopener\">http:\/\/www.carrylink.org<\/a><\/p>\n<h2><span class=\"ez-toc-section\" id=\"5_Homebound\"><\/span><strong>5. Acolhido em casa<\/strong><span class=\"ez-toc-section-end\"><\/span><\/h2>\n<p><em><img loading=\"lazy\" decoding=\"async\" class=\"alignnone size-full wp-image-5174\" src=\"https:\/\/moverdb.com\/wp-content\/uploads\/Homebound-international-moving-company.png\" alt=\"Empresa de mudan\u00e7as internacionais\" width=\"1440\" height=\"678\" data-wp-pid=\"5174\" srcset=\"https:\/\/moverdb.com\/wp-content\/uploads\/Homebound-international-moving-company.png 1440w, https:\/\/moverdb.com\/wp-content\/uploads\/Homebound-international-moving-company-300x141.png 300w, https:\/\/moverdb.com\/wp-content\/uploads\/Homebound-international-moving-company-1024x482.png 1024w, https:\/\/moverdb.com\/wp-content\/uploads\/Homebound-international-moving-company-18x8.png 18w, https:\/\/moverdb.com\/wp-content\/uploads\/Homebound-international-moving-company-600x283.png 600w\" sizes=\"auto, (max-width: 1440px) 100vw, 1440px\" \/><\/em><\/p>\n<ul>\n<li>Mudan\u00e7as nacionais<\/li>\n<li>Mudan\u00e7as internacionais<\/li>\n<li>Mudan\u00e7as de escrit\u00f3rio<\/li>\n<li>Mudan\u00e7as residenciais<\/li>\n<li>Transporte rodovi\u00e1rio, mar\u00edtimo e a\u00e9reo<\/li>\n<li>Despachos aduaneiros e desembara\u00e7o<\/li>\n<li>Servi\u00e7o de embalagem utilizando materiais de classe mundial<\/li>\n<li>Seguro de tr\u00e2nsito<\/li>\n<li>Mudan\u00e7as de animais de estima\u00e7\u00e3o<\/li>\n<li>Instala\u00e7\u00f5es de armazenamento de curto a longo prazo<\/li>\n<\/ul>\n<p>Homebound \u00e9 uma empresa de mudan\u00e7as que foi formada em 1972, eles s\u00e3o membros do IAM e s\u00e3o credenciados pelo FIDI. Eles afirmam ser um dos principais fornecedores de servi\u00e7os de log\u00edstica de transporte internacional em Bangladesh.  Eles atendem a relocaliza\u00e7\u00f5es de escrit\u00f3rios e resid\u00eancias e podem oferecer relocaliza\u00e7\u00f5es de animais de estima\u00e7\u00e3o e instala\u00e7\u00f5es de armazenamento.<\/p>\n<p>Homebound oferece um servi\u00e7o de realoca\u00e7\u00e3o com um consultor que completar\u00e1 uma pesquisa, fornecer\u00e1 um or\u00e7amento, coordenar\u00e1 sua mudan\u00e7a e o apoiar\u00e1 em todas as etapas do caminho. Os servi\u00e7os de embalagem deles contam e listam seus itens enquanto os embalam com seguran\u00e7a em materiais de embalagem de classe mundial. Eles tamb\u00e9m oferecem assist\u00eancia para encontrar um lar.<\/p>\n<p>Website: <a href=\"http:\/\/www.homeboundbd.com\" target=\"_blank\" rel=\"noopener\">http:\/\/www.homeboundbd.com<\/a> &nbsp;<\/p>","protected":false},"excerpt":{"rendered":"<p>If you are moving home in Bangladesh or about to move to or from Bangladesh, you may want to use a removal company to help ease the moving process. Moving is a stressful time so below we have gathered a list of companies who are members of the International Association of Movers (IAM) and\/or FIDI [&hellip;]<\/p>\n","protected":false},"author":4,"featured_media":0,"parent":190,"menu_order":0,"comment_status":"closed","ping_status":"closed","template":"","meta":{"_genesis_hide_title":false,"_genesis_hide_breadcrumbs":false,"_genesis_hide_singular_image":false,"_genesis_hide_footer_widgets":false,"_genesis_custom_body_class":"","_genesis_custom_post_class":"","_genesis_layout":"","footnotes":""},"class_list":{"0":"post-5228","1":"page","2":"type-page","3":"status-publish","5":"entry","6":"has-post-thumbnail"},"_links":{"self":[{"href":"https:\/\/moverdb.com\/pt\/wp-json\/wp\/v2\/pages\/5228","targetHints":{"allow":["GET"]}}],"collection":[{"href":"https:\/\/moverdb.com\/pt\/wp-json\/wp\/v2\/pages"}],"about":[{"href":"https:\/\/moverdb.com\/pt\/wp-json\/wp\/v2\/types\/page"}],"author":[{"embeddable":true,"href":"https:\/\/moverdb.com\/pt\/wp-json\/wp\/v2\/users\/4"}],"replies":[{"embeddable":true,"href":"https:\/\/moverdb.com\/pt\/wp-json\/wp\/v2\/comments?post=5228"}],"version-history":[{"count":1,"href":"https:\/\/moverdb.com\/pt\/wp-json\/wp\/v2\/pages\/5228\/revisions"}],"predecessor-version":[{"id":5230,"href":"https:\/\/moverdb.com\/pt\/wp-json\/wp\/v2\/pages\/5228\/revisions\/5230"}],"up":[{"embeddable":true,"href":"https:\/\/moverdb.com\/pt\/wp-json\/wp\/v2\/pages\/190"}],"wp:attachment":[{"href":"https:\/\/moverdb.com\/pt\/wp-json\/wp\/v2\/media?parent=5228"}],"curies":[{"name":"wp","href":"https:\/\/api.w.org\/{rel}","templated":true}]}}