{"id":5224,"date":"2022-10-24T11:53:37","date_gmt":"2022-10-24T11:53:37","guid":{"rendered":"https:\/\/moverdb.com\/?page_id=5224"},"modified":"2026-01-08T15:25:03","modified_gmt":"2026-01-08T15:25:03","slug":"azerbaijao","status":"publish","type":"page","link":"https:\/\/moverdb.com\/pt\/moving-companies\/azerbaijan-moving-companies\/","title":{"rendered":"5 Melhores Empresas de Mudan\u00e7as Internacionais no Azerbaij\u00e3o"},"content":{"rendered":"<p>Mudar-se para casa pode ser estressante, portanto, conseguir algu\u00e9m para ajud\u00e1-lo em sua mudan\u00e7a pode ajudar a liberar a press\u00e3o. Se voc\u00ea estiver se mudando dentro do Azerbaij\u00e3o, ou se mudando para ou do Azerbaij\u00e3o, h\u00e1 empresas que podem ajudar. Compilamos uma lista de <a href=\"https:\/\/moverdb.com\/pt\/international-removals\/\" data-internallinksmanager029f6b8e52c=\"27\" title=\"36 melhores empresas de mudan\u00e7as internacionais no Reino Unido\">empresas de mudan\u00e7as<\/a> abaixo que s\u00e3o membros do <a href=\"https:\/\/moverdb.com\/pt\/iam\/\" data-internallinksmanager029f6b8e52c=\"23\" title=\"Associa\u00e7\u00e3o Internacional de Remotores (IAM) Explicado\">Associa\u00e7\u00e3o Internacional de Movers<\/a> (IAM) e\/ou <a href=\"https:\/\/moverdb.com\/pt\/fidi-faim\/\" data-internallinksmanager029f6b8e52c=\"16\" title=\"FIDI &amp; FAIM (FIDI Accredited International Mover) Explicado\">FIDI<\/a> Credenciado pela International Mover (FAIM) que poderia lhe ajudar.<\/p>\n<div id=\"ez-toc-container\" class=\"ez-toc-v2_0_82_2 ez-toc-wrap-left counter-hierarchy ez-toc-counter ez-toc-transparent ez-toc-container-direction\">\n<div class=\"ez-toc-title-container\">\n<p class=\"ez-toc-title\" style=\"cursor:inherit\">Se\u00e7\u00f5es<\/p>\n<span class=\"ez-toc-title-toggle\"><a href=\"#\" class=\"ez-toc-pull-right ez-toc-btn ez-toc-btn-xs ez-toc-btn-default ez-toc-toggle\" aria-label=\"Alternar tabela de conte\u00fado\"><span class=\"ez-toc-js-icon-con\"><span class=\"\"><span class=\"eztoc-hide\" style=\"display:none;\">Alternar<\/span><span class=\"ez-toc-icon-toggle-span\"><svg style=\"fill: #999;color:#999\" xmlns=\"http:\/\/www.w3.org\/2000\/svg\" class=\"list-377408\" width=\"20px\" height=\"20px\" viewbox=\"0 0 24 24\" fill=\"none\"><path d=\"M6 6H4v2h2V6zm14 0H8v2h12V6zM4 11h2v2H4v-2zm16 0H8v2h12v-2zM4 16h2v2H4v-2zm16 0H8v2h12v-2z\" fill=\"currentColor\"><\/path><\/svg><svg style=\"fill: #999;color:#999\" class=\"arrow-unsorted-368013\" xmlns=\"http:\/\/www.w3.org\/2000\/svg\" width=\"10px\" height=\"10px\" viewbox=\"0 0 24 24\" version=\"1.2\" baseprofile=\"tiny\"><path d=\"M18.2 9.3l-6.2-6.3-6.2 6.3c-.2.2-.3.4-.3.7s.1.5.3.7c.2.2.4.3.7.3h11c.3 0 .5-.1.7-.3.2-.2.3-.5.3-.7s-.1-.5-.3-.7zM5.8 14.7l6.2 6.3 6.2-6.3c.2-.2.3-.5.3-.7s-.1-.5-.3-.7c-.2-.2-.4-.3-.7-.3h-11c-.3 0-.5.1-.7.3-.2.2-.3.5-.3.7s.1.5.3.7z\"\/><\/svg><\/span><\/span><\/span><\/a><\/span><\/div>\n<nav><ul class='ez-toc-list ez-toc-list-level-1 eztoc-toggle-hide-by-default' ><li class='ez-toc-page-1 ez-toc-heading-level-2'><a class=\"ez-toc-link ez-toc-heading-1\" href=\"https:\/\/moverdb.com\/pt\/moving-companies\/azerbaijan-moving-companies\/#1_ACE_Forwarding\" >1. Encaminhamento ACE<\/a><\/li><li class='ez-toc-page-1 ez-toc-heading-level-2'><a class=\"ez-toc-link ez-toc-heading-2\" href=\"https:\/\/moverdb.com\/pt\/moving-companies\/azerbaijan-moving-companies\/#2_Allright_Moving_Storage\" >2. Todos os direitos de mudan\u00e7a e armazenamento<\/a><\/li><li class='ez-toc-page-1 ez-toc-heading-level-2'><a class=\"ez-toc-link ez-toc-heading-3\" href=\"https:\/\/moverdb.com\/pt\/moving-companies\/azerbaijan-moving-companies\/#3_Buddy-Mover\" >3. Buddy-Mover<\/a><\/li><li class='ez-toc-page-1 ez-toc-heading-level-2'><a class=\"ez-toc-link ez-toc-heading-4\" href=\"https:\/\/moverdb.com\/pt\/moving-companies\/azerbaijan-moving-companies\/#4_Gosselin\" >4. Gosselin<\/a><\/li><li class='ez-toc-page-1 ez-toc-heading-level-2'><a class=\"ez-toc-link ez-toc-heading-5\" href=\"https:\/\/moverdb.com\/pt\/moving-companies\/azerbaijan-moving-companies\/#5_Interdean_International_Relocations\" >5. Mudan\u00e7as Internacionais Interdeanos<\/a><\/li><\/ul><\/nav><\/div>\n<h2><span class=\"ez-toc-section\" id=\"1_ACE_Forwarding\"><\/span><strong>1. Encaminhamento ACE<\/strong><span class=\"ez-toc-section-end\"><\/span><\/h2>\n<p><em><img loading=\"lazy\" decoding=\"async\" class=\"alignnone size-full wp-image-5136\" src=\"https:\/\/moverdb.com\/wp-content\/uploads\/ACE-Forwarding-international-moving-company.png\" alt=\"ACE Forwarding empresa de mudan\u00e7as internacionais\" width=\"1440\" height=\"685\" data-wp-pid=\"5136\" srcset=\"https:\/\/moverdb.com\/wp-content\/uploads\/ACE-Forwarding-international-moving-company.png 1440w, https:\/\/moverdb.com\/wp-content\/uploads\/ACE-Forwarding-international-moving-company-300x143.png 300w, https:\/\/moverdb.com\/wp-content\/uploads\/ACE-Forwarding-international-moving-company-1024x487.png 1024w, https:\/\/moverdb.com\/wp-content\/uploads\/ACE-Forwarding-international-moving-company-18x9.png 18w, https:\/\/moverdb.com\/wp-content\/uploads\/ACE-Forwarding-international-moving-company-600x285.png 600w\" sizes=\"auto, (max-width: 1440px) 100vw, 1440px\" \/><\/em><\/p>\n<ul>\n<li>Movimentos internacionais<\/li>\n<li>Servi\u00e7os de reloca\u00e7\u00e3o<\/li>\n<li>Mudan\u00e7as dom\u00e9sticas e corporativas<\/li>\n<li>Transporte a\u00e9reo, mar\u00edtimo, ferrovi\u00e1rio e rodovi\u00e1rio<\/li>\n<li>Transporte de breakbulk, grupagem e cont\u00eaineres<\/li>\n<li>Transporte de belas artes<\/li>\n<li>Despachos aduaneiros<\/li>\n<li>Transporte de ve\u00edculos e barcos<\/li>\n<li>Transporte de animais<\/li>\n<li>Solu\u00e7\u00f5es de armazenamento de longo e curto prazo<\/li>\n<\/ul>\n<p>A ACE Forwarding \u00e9 uma empresa de log\u00edstica multimodal e de expedi\u00e7\u00e3o de cargas que foi fundada em 1996 no Azerbaij\u00e3o e que tamb\u00e9m tem escrit\u00f3rios em <a href=\"https:\/\/moverdb.com\/pt\/mudancas-empresas\/move-companies-georgia\/\">Ge\u00f3rgia<\/a>. Eles s\u00e3o membros do IAM com 25 anos de servi\u00e7o. Eles oferecem servi\u00e7os de mudan\u00e7a para o Azerbaij\u00e3o, mudan\u00e7as internacionais, e servi\u00e7os de realoca\u00e7\u00e3o para resid\u00eancias e empresas.<\/p>\n<p>ACE Forwarding oferece uma pesquisa pr\u00e9-movimento e cita\u00e7\u00f5es adaptadas \u00e0s suas necessidades. Eles fornecem servi\u00e7os de embalagem utilizando materiais especialmente projetados para o conte\u00fado e t\u00e9cnicas profissionais de embalagem, bem como desmontagem e montagem de m\u00f3veis. Eles tamb\u00e9m podem ajudar no despacho aduaneiro, transporte de animais de estima\u00e7\u00e3o e ve\u00edculos, seguro e armazenamento a curto ou longo prazo.<\/p>\n<p>Website: <a href=\"http:\/\/www.acecaspian.com\" target=\"_blank\" rel=\"noopener\">http:\/\/www.acecaspian.com<\/a><\/p>\n<h2><span class=\"ez-toc-section\" id=\"2_Allright_Moving_Storage\"><\/span><strong>2. Todos os direitos de mudan\u00e7a e armazenamento<\/strong><span class=\"ez-toc-section-end\"><\/span><\/h2>\n<p><em><img loading=\"lazy\" decoding=\"async\" class=\"alignnone size-full wp-image-5141\" src=\"https:\/\/moverdb.com\/wp-content\/uploads\/Allright-Moving-and-Storage-international-moving-company.png\" alt=\"Allright Moving and Storage International Moving Company\" width=\"1440\" height=\"677\" data-wp-pid=\"5141\" srcset=\"https:\/\/moverdb.com\/wp-content\/uploads\/Allright-Moving-and-Storage-international-moving-company.png 1440w, https:\/\/moverdb.com\/wp-content\/uploads\/Allright-Moving-and-Storage-international-moving-company-300x141.png 300w, https:\/\/moverdb.com\/wp-content\/uploads\/Allright-Moving-and-Storage-international-moving-company-1024x481.png 1024w, https:\/\/moverdb.com\/wp-content\/uploads\/Allright-Moving-and-Storage-international-moving-company-18x8.png 18w, https:\/\/moverdb.com\/wp-content\/uploads\/Allright-Moving-and-Storage-international-moving-company-600x282.png 600w\" sizes=\"auto, (max-width: 1440px) 100vw, 1440px\" \/><\/em><\/p>\n<ul>\n<li>Movimentos locais e nacionais<\/li>\n<li>Movimentos internacionais<\/li>\n<li>Mudan\u00e7as residenciais<\/li>\n<li>Mudan\u00e7as de escrit\u00f3rio e corporativas<\/li>\n<li>Pessoal profissional e cort\u00eas<\/li>\n<li>Desmontagem e montagem de m\u00f3veis<\/li>\n<li>Seguro de tr\u00e2nsito<\/li>\n<li>Desembara\u00e7o aduaneiro<\/li>\n<li><a href=\"https:\/\/moverdb.com\/pt\/car-transport-shipping\/\" data-internallinksmanager029f6b8e52c=\"2\" title=\"2026 Cota\u00e7\u00f5es de transporte internacional de carros e envio de ve\u00edculos\">Transporte de carros<\/a><\/li>\n<li>Solu\u00e7\u00f5es de armazenamento<\/li>\n<\/ul>\n<p>A Allright Moving &amp; Storage afirma ser uma das principais empresas de expedi\u00e7\u00e3o e realoca\u00e7\u00e3o de cargas do Azerbaij\u00e3o. Elas oferecem servi\u00e7os de mudan\u00e7as dom\u00e9sticas e corporativas dentro, de ou para o Azerbaij\u00e3o. Eles s\u00e3o membros do IAM com 7 anos de servi\u00e7o. Eles t\u00eam uma rede de subcontratados e parceiros de mudan\u00e7as internacionais para ajud\u00e1-los nas mudan\u00e7as internacionais.<\/p>\n<p>Allright Moving &amp; Storage fornece pesquisadores experientes para avaliar suas necessidades e fornecer conselhos. Eles ir\u00e3o embalar seus pertences, desmontar e montar seus m\u00f3veis, bem como o seguro de tr\u00e2nsito e o desembara\u00e7o aduaneiro. Eles tamb\u00e9m podem oferecer servi\u00e7os de transporte de carros. Eles oferecem instala\u00e7\u00f5es de armazenagem de curto a longo prazo, totalmente seguras e com controle clim\u00e1tico.<\/p>\n<p>Website: <a href=\"http:\/\/www.allrightmoving.com\" target=\"_blank\" rel=\"noopener\">http:\/\/www.allrightmoving.com<\/a><\/p>\n<h2><span class=\"ez-toc-section\" id=\"3_Buddy-Mover\"><\/span><strong>3. Buddy-Mover<\/strong><span class=\"ez-toc-section-end\"><\/span><\/h2>\n<p><em><img loading=\"lazy\" decoding=\"async\" class=\"alignnone size-full wp-image-5151\" src=\"https:\/\/moverdb.com\/wp-content\/uploads\/Buddy-Mover-international-moving-company.png\" alt=\"Buddy Mover empresa de mudan\u00e7as internacionais\" width=\"1440\" height=\"680\" data-wp-pid=\"5151\" srcset=\"https:\/\/moverdb.com\/wp-content\/uploads\/Buddy-Mover-international-moving-company.png 1440w, https:\/\/moverdb.com\/wp-content\/uploads\/Buddy-Mover-international-moving-company-300x142.png 300w, https:\/\/moverdb.com\/wp-content\/uploads\/Buddy-Mover-international-moving-company-1024x484.png 1024w, https:\/\/moverdb.com\/wp-content\/uploads\/Buddy-Mover-international-moving-company-18x9.png 18w, https:\/\/moverdb.com\/wp-content\/uploads\/Buddy-Mover-international-moving-company-600x283.png 600w\" sizes=\"auto, (max-width: 1440px) 100vw, 1440px\" \/><\/em><\/p>\n<ul>\n<li>Movimentos locais e nacionais<\/li>\n<li>Mudan\u00e7as internacionais<\/li>\n<li>Mudan\u00e7as residenciais<\/li>\n<li>Movimentos comerciais<\/li>\n<li>Pessoal profissional e qualificado<\/li>\n<li>Alto padr\u00e3o de embalagem<\/li>\n<li>Estoques para rastrear seus pertences<\/li>\n<li>Frete rodovi\u00e1rio, a\u00e9reo e mar\u00edtimo<\/li>\n<li>Seguro de tr\u00e2nsito<\/li>\n<li>Armazenamento de curto a longo prazo<\/li>\n<\/ul>\n<p>Buddy-Mover \u00e9 uma empresa de mudan\u00e7as com sede em Baku, Azerbaij\u00e3o, que \u00e9 membro do IAM com 4 anos de servi\u00e7o. Eles fornecem servi\u00e7os de mudan\u00e7as locais, nacionais e internacionais que atendem tanto a clientes residenciais quanto a empresas. Eles empregam pessoal profissional altamente treinado em t\u00e9cnicas de mudan\u00e7a e embalagem.<\/p>\n<p>Buddy-Mover fornece uma pesquisa cara a cara antes de sua mudan\u00e7a para avaliar suas necessidades e exig\u00eancias alfandeg\u00e1rias e op\u00e7\u00f5es de embarque. Seu pessoal de mudan\u00e7a ir\u00e1 embalar seus pertences com seguran\u00e7a, criar um invent\u00e1rio e organizar o transporte por via rodovi\u00e1ria, a\u00e9rea ou mar\u00edtima. Eles tamb\u00e9m oferecem op\u00e7\u00f5es de armazenamento seguro de curto a longo prazo em seu armaz\u00e9m de armazenagem abobadado.<\/p>\n<p>Website: <a href=\"http:\/\/www.buddy-mover.com\" target=\"_blank\" rel=\"noopener\">http:\/\/www.buddy-mover.com<\/a><\/p>\n<h2><span class=\"ez-toc-section\" id=\"4_Gosselin\"><\/span><strong>4. Gosselin<\/strong><span class=\"ez-toc-section-end\"><\/span><\/h2>\n<p><em><img loading=\"lazy\" decoding=\"async\" class=\"alignnone size-full wp-image-5170\" src=\"https:\/\/moverdb.com\/wp-content\/uploads\/Gosselin-Azerbaijan-international-moving-company.png\" alt=\"Gosselin Azerbaij\u00e3o empresa de mudan\u00e7as internacionais\" width=\"1440\" height=\"681\" data-wp-pid=\"5170\" srcset=\"https:\/\/moverdb.com\/wp-content\/uploads\/Gosselin-Azerbaijan-international-moving-company.png 1440w, https:\/\/moverdb.com\/wp-content\/uploads\/Gosselin-Azerbaijan-international-moving-company-300x142.png 300w, https:\/\/moverdb.com\/wp-content\/uploads\/Gosselin-Azerbaijan-international-moving-company-1024x484.png 1024w, https:\/\/moverdb.com\/wp-content\/uploads\/Gosselin-Azerbaijan-international-moving-company-18x9.png 18w, https:\/\/moverdb.com\/wp-content\/uploads\/Gosselin-Azerbaijan-international-moving-company-600x284.png 600w\" sizes=\"auto, (max-width: 1440px) 100vw, 1440px\" \/><\/em><\/p>\n<ul>\n<li>Movimentos internacionais<\/li>\n<li>Mudan\u00e7a de resid\u00eancia<\/li>\n<li>Mudan\u00e7a de escrit\u00f3rio<\/li>\n<li>Embalagem, transporte e desempacotamento<\/li>\n<li>Belas artes em movimento<\/li>\n<li>Animais de estima\u00e7\u00e3o em movimento<\/li>\n<li>Transporte de carros<\/li>\n<li>Solu\u00e7\u00f5es de armazenamento<\/li>\n<li>Excesso de bagagem<\/li>\n<li>Servi\u00e7os de exposi\u00e7\u00f5es itinerantes<\/li>\n<\/ul>\n<p>A Gosselin \u00e9 uma empresa de mudan\u00e7as que faz parte do Grupo Gosselin, que foi fundado em 1930 em <a href=\"https:\/\/moverdb.com\/pt\/moving-to-belgium\/\" data-internallinksmanager029f6b8e52c=\"323\" title=\"Est\u00e1 se mudando para a B\u00e9lgica? 2026 Custo de vida e dicas de realoca\u00e7\u00e3o\">B\u00e9lgica<\/a> e vem operando no Azerbaij\u00e3o h\u00e1 mais de 20 anos. Eles atendem diplomatas, funcion\u00e1rios de empresas e resid\u00eancias particulares que transportam internacionalmente. Eles s\u00e3o membros do IAM com 23 anos de servi\u00e7o.<\/p>\n<p>A Gosselin oferece um servi\u00e7o personalizado para atender \u00e0s necessidades de sua fam\u00edlia ou empresa com um servi\u00e7o profissional de embalagem, materiais de embalagem de primeira linha e servi\u00e7o de desempacotamento. Eles oferecem seguro, mudan\u00e7a de artes pl\u00e1sticas, transporte de carros e mudan\u00e7a de animais de estima\u00e7\u00e3o certificados pela Ipata. Eles tamb\u00e9m podem fornecer solu\u00e7\u00f5es de armazenamento e servi\u00e7os de expedi\u00e7\u00e3o, incluindo excesso de bagagem e exposi\u00e7\u00f5es itinerantes.<\/p>\n<p>Website: <a href=\"https:\/\/gosselin-moving.com\/azerbaijan\" target=\"_blank\" rel=\"noopener\">https:\/\/gosselin-moving.com\/azerbaijan<\/a><\/p>\n<h2><span class=\"ez-toc-section\" id=\"5_Interdean_International_Relocations\"><\/span><strong>5. Mudan\u00e7as Internacionais Interdeanos<\/strong><span class=\"ez-toc-section-end\"><\/span><\/h2>\n<p><em><img loading=\"lazy\" decoding=\"async\" class=\"alignnone size-full wp-image-5175\" src=\"https:\/\/moverdb.com\/wp-content\/uploads\/Interdean-International-Relocations-international-moving-company.png\" alt=\"Interdean International Relocations International Mudan\u00e7as Internacionais Empresa de mudan\u00e7as\" width=\"1440\" height=\"683\" data-wp-pid=\"5175\" srcset=\"https:\/\/moverdb.com\/wp-content\/uploads\/Interdean-International-Relocations-international-moving-company.png 1440w, https:\/\/moverdb.com\/wp-content\/uploads\/Interdean-International-Relocations-international-moving-company-300x142.png 300w, https:\/\/moverdb.com\/wp-content\/uploads\/Interdean-International-Relocations-international-moving-company-1024x486.png 1024w, https:\/\/moverdb.com\/wp-content\/uploads\/Interdean-International-Relocations-international-moving-company-18x9.png 18w, https:\/\/moverdb.com\/wp-content\/uploads\/Interdean-International-Relocations-international-moving-company-600x285.png 600w\" sizes=\"auto, (max-width: 1440px) 100vw, 1440px\" \/><\/em><\/p>\n<ul>\n<li>Movimentos internacionais<\/li>\n<li>Mudan\u00e7as em casa<\/li>\n<li>Movimentos corporativos<\/li>\n<li>Servi\u00e7o de reloca\u00e7\u00e3o<\/li>\n<li>Prepara\u00e7\u00e3o, embalagem e desembalagem de seus pertences<\/li>\n<li>Op\u00e7\u00f5es de frete rodovi\u00e1rio, mar\u00edtimo e a\u00e9reo<\/li>\n<li>Seguro de tr\u00e2nsito<\/li>\n<li>Apoio com desembara\u00e7o aduaneiro<\/li>\n<li>Armazenamento de curto a longo prazo<\/li>\n<li>Assist\u00eancia para encontrar uma casa ou loca\u00e7\u00e3o a curto prazo<\/li>\n<\/ul>\n<p>A Interdean International Relocations \u00e9 uma empresa de gest\u00e3o de mudan\u00e7as internacionais que est\u00e1 sediada em Baku, Azerbaij\u00e3o. Eles s\u00e3o membros do IAM e t\u00eam 24 anos de servi\u00e7o, al\u00e9m de serem credenciados pelo FIDI.<\/p>\n<p>A Interdean International Relocations fornece caixas especializadas projetadas para o conte\u00fado para melhor proteg\u00ea-los e caixas feitas sob medida para itens valiosos ou fr\u00e1geis. Eles ir\u00e3o acondicionar totalmente seus bens em um invent\u00e1rio e desembal\u00e1-los e remover todos os materiais de embalagem. Eles oferecem transporte rodovi\u00e1rio, a\u00e9reo e mar\u00edtimo e o apoiar\u00e3o no desembara\u00e7o aduaneiro. Eles tamb\u00e9m oferecem uma variedade de solu\u00e7\u00f5es de armazenamento para pequenas a grandes quantidades, de curto a longo prazo.<\/p>\n<p>Website: <a href=\"http:\/\/www.interdean.com.az\" target=\"_blank\" rel=\"noopener\">http:\/\/www.interdean.com.az<\/a><\/p>","protected":false},"excerpt":{"rendered":"<p>Moving home can be stressful so getting someone to assist you in your move can help release the pressure. Whether you are moving within Azerbaijan, or moving to or from Azerbaijan, there are companies that can assist. We have compiled a list of removal companies below that are members of the International Association of Movers [&hellip;]<\/p>\n","protected":false},"author":4,"featured_media":0,"parent":190,"menu_order":0,"comment_status":"closed","ping_status":"closed","template":"","meta":{"_genesis_hide_title":false,"_genesis_hide_breadcrumbs":false,"_genesis_hide_singular_image":false,"_genesis_hide_footer_widgets":false,"_genesis_custom_body_class":"","_genesis_custom_post_class":"","_genesis_layout":"","footnotes":""},"class_list":{"0":"post-5224","1":"page","2":"type-page","3":"status-publish","5":"entry","6":"has-post-thumbnail"},"_links":{"self":[{"href":"https:\/\/moverdb.com\/pt\/wp-json\/wp\/v2\/pages\/5224","targetHints":{"allow":["GET"]}}],"collection":[{"href":"https:\/\/moverdb.com\/pt\/wp-json\/wp\/v2\/pages"}],"about":[{"href":"https:\/\/moverdb.com\/pt\/wp-json\/wp\/v2\/types\/page"}],"author":[{"embeddable":true,"href":"https:\/\/moverdb.com\/pt\/wp-json\/wp\/v2\/users\/4"}],"replies":[{"embeddable":true,"href":"https:\/\/moverdb.com\/pt\/wp-json\/wp\/v2\/comments?post=5224"}],"version-history":[{"count":2,"href":"https:\/\/moverdb.com\/pt\/wp-json\/wp\/v2\/pages\/5224\/revisions"}],"predecessor-version":[{"id":7595,"href":"https:\/\/moverdb.com\/pt\/wp-json\/wp\/v2\/pages\/5224\/revisions\/7595"}],"up":[{"embeddable":true,"href":"https:\/\/moverdb.com\/pt\/wp-json\/wp\/v2\/pages\/190"}],"wp:attachment":[{"href":"https:\/\/moverdb.com\/pt\/wp-json\/wp\/v2\/media?parent=5224"}],"curies":[{"name":"wp","href":"https:\/\/api.w.org\/{rel}","templated":true}]}}