{"id":4641,"date":"2022-09-20T19:45:42","date_gmt":"2022-09-20T19:45:42","guid":{"rendered":"https:\/\/moverdb.com\/?page_id=4641"},"modified":"2026-01-08T15:24:10","modified_gmt":"2026-01-08T15:24:10","slug":"algeria","status":"publish","type":"page","link":"https:\/\/moverdb.com\/pt\/moving-companies\/algeria\/","title":{"rendered":"3 Melhores Empresas de Mudan\u00e7as Internacionais na Arg\u00e9lia"},"content":{"rendered":"<p>Se voc\u00ea est\u00e1 se mudando para a Arg\u00e9lia, ou est\u00e1 querendo se mudar para ou da Arg\u00e9lia, voc\u00ea pode precisar de um <a href=\"https:\/\/moverdb.com\/pt\/moving-companies\/\" data-internallinksmanager029f6b8e52c=\"79\" title=\"As 25 maiores empresas de mudan\u00e7as internacionais on-line\">empresa de mudan\u00e7as<\/a> para lhe ajudar. Abaixo est\u00e1 uma lista daqueles que s\u00e3o membros do <a href=\"https:\/\/moverdb.com\/pt\/iam\/\" data-internallinksmanager029f6b8e52c=\"23\" title=\"Associa\u00e7\u00e3o Internacional de Remotores (IAM) Explicado\">Associa\u00e7\u00e3o Internacional de Movers<\/a> (IAM) e\/ou <a href=\"https:\/\/moverdb.com\/pt\/fidi-faim\/\" data-internallinksmanager029f6b8e52c=\"16\" title=\"FIDI &amp; FAIM (FIDI Accredited International Mover) Explicado\">FIDI<\/a> Credenciado pela FAIM, que esperan\u00e7osamente o ajudar\u00e1.<\/p>\n<h2><strong>1. Objetivo Intermedi\u00e1rios<\/strong><\/h2>\n<p><em><img loading=\"lazy\" decoding=\"async\" class=\"alignnone wp-image-4642 size-full\" src=\"https:\/\/moverdb.com\/wp-content\/uploads\/Aim-Intermovers-international-moving-company.png\" alt=\"Aim Intermovers empresa de mudan\u00e7as internacionais\" width=\"1440\" height=\"677\" data-wp-pid=\"4642\" srcset=\"https:\/\/moverdb.com\/wp-content\/uploads\/Aim-Intermovers-international-moving-company.png 1440w, https:\/\/moverdb.com\/wp-content\/uploads\/Aim-Intermovers-international-moving-company-300x141.png 300w, https:\/\/moverdb.com\/wp-content\/uploads\/Aim-Intermovers-international-moving-company-1024x481.png 1024w, https:\/\/moverdb.com\/wp-content\/uploads\/Aim-Intermovers-international-moving-company-18x8.png 18w, https:\/\/moverdb.com\/wp-content\/uploads\/Aim-Intermovers-international-moving-company-600x282.png 600w\" sizes=\"auto, (max-width: 1440px) 100vw, 1440px\" \/><\/em><\/p>\n<ul>\n<li>Fornece movimentos nacionais na 48 wilaya da Arg\u00e9lia e movimentos internacionais<\/li>\n<li>Mudan\u00e7as de escrit\u00f3rio<\/li>\n<li>Servi\u00e7o de arquivamento<\/li>\n<li>Oferece transporte rodovi\u00e1rio, mar\u00edtimo e a\u00e9reo de pertences<\/li>\n<li>Equipe profissional de promotores<\/li>\n<li>Fornece material de embalagem e caixas de papel\u00e3o<\/li>\n<li>Fornece desmontagem e embalagem de m\u00f3veis e depois remontagem<\/li>\n<li>Manipular\u00e1 sensivelmente bens como obras de arte<\/li>\n<li>Eles tamb\u00e9m fabricam caixas de madeira e <a href=\"https:\/\/moverdb.com\/pt\/iata\/\" data-internallinksmanager029f6b8e52c=\"22\" title=\"Associa\u00e7\u00e3o Internacional de Transporte A\u00e9reo (IATA) Explicada\">IATA<\/a> papel\u00e3o<\/li>\n<li>Uma visita t\u00e9cnica \u00e9 oferecida sem compromisso<\/li>\n<\/ul>\n<p>A Aim Intermovers \u00e9 uma empresa argelina de mudan\u00e7as que oferece servi\u00e7os em todo o pa\u00eds nas 48 wilaya da Arg\u00e9lia e mudan\u00e7as internacionais. Eles fornecem um departamento de tr\u00e2nsito que gerenciar\u00e1 todos os arranjos para sua mudan\u00e7a, incluindo quaisquer exig\u00eancias de importa\u00e7\u00e3o e exporta\u00e7\u00e3o. Eles s\u00e3o membros do IAM h\u00e1 9 anos.<\/p>\n<p>Os clientes da Aim Intermovers incluem a presta\u00e7\u00e3o de servi\u00e7os de mudan\u00e7a para empresas nacionais e internacionais, empresas estrangeiras, empresas petrol\u00edferas e embaixadas. Eles oferecem um or\u00e7amento gratuito, sem compromisso de visita t\u00e9cnica. Eles oferecem um servi\u00e7o abrangente que inclui o fornecimento de materiais de embalagem e recipientes, bem como servi\u00e7os de embalagem e desmontagem e remontagem.<\/p>\n<p>Website: <a href=\"http:\/\/www.aimintermovers.dz\" target=\"_blank\" rel=\"noopener\">http:\/\/www.aimintermovers.dz<\/a><\/p>\n<h2><strong>2. Arg\u00e9lia Embalar e mudar<\/strong><\/h2>\n<p><em><img loading=\"lazy\" decoding=\"async\" class=\"alignnone size-full wp-image-4643\" src=\"https:\/\/moverdb.com\/wp-content\/uploads\/Algeria-Pack-and-Move-international-moving-company.png\" alt=\"Arg\u00e9lia Pack and Move international moving company\" width=\"1440\" height=\"629\" data-wp-pid=\"4643\" srcset=\"https:\/\/moverdb.com\/wp-content\/uploads\/Algeria-Pack-and-Move-international-moving-company.png 1440w, https:\/\/moverdb.com\/wp-content\/uploads\/Algeria-Pack-and-Move-international-moving-company-300x131.png 300w, https:\/\/moverdb.com\/wp-content\/uploads\/Algeria-Pack-and-Move-international-moving-company-1024x447.png 1024w, https:\/\/moverdb.com\/wp-content\/uploads\/Algeria-Pack-and-Move-international-moving-company-18x8.png 18w, https:\/\/moverdb.com\/wp-content\/uploads\/Algeria-Pack-and-Move-international-moving-company-600x262.png 600w\" sizes=\"auto, (max-width: 1440px) 100vw, 1440px\" \/><\/em><\/p>\n<ul>\n<li>Movimentos nacionais na Arg\u00e9lia<\/li>\n<li>Mudan\u00e7as internacionais de e para a Arg\u00e9lia<\/li>\n<li>Atende a empresas e donos de casa<\/li>\n<li>Oferece um pacote de servi\u00e7os de movimenta\u00e7\u00e3o em camadas<\/li>\n<li>Remo\u00e7\u00e3o, transporte e entrega<\/li>\n<li>Embalagem e desempacotamento de m\u00f3veis<\/li>\n<li>Embalagem e desempacotamento de todos os efeitos<\/li>\n<li>Desmontagem e remontagem de m\u00f3veis<\/li>\n<li>Administra\u00e7\u00e3o de todas as exporta\u00e7\u00f5es e importa\u00e7\u00f5es<\/li>\n<li>Fazem parte de uma rede internacional de empresas de mudan\u00e7as<\/li>\n<\/ul>\n<p>A Algeria Pack and Move tamb\u00e9m conhecida como APM atende a empresas e propriet\u00e1rios que s\u00e3o argelinos, expatriados ou diplomatas. Eles foram fundados em 2005 e s\u00e3o membros do IAM h\u00e1 15 anos. Eles oferecem mudan\u00e7as internacionais em parceria com uma rede de parceiros atrav\u00e9s dos 7 continentes e fornecem apoio administrativo na gest\u00e3o de sua mudan\u00e7a, incluindo o encaminhamento, alf\u00e2ndega, <a href=\"https:\/\/moverdb.com\/pt\/top-49-container-ports\/\" data-internallinksmanager029f6b8e52c=\"80\" title=\"Os 49 maiores e mais movimentados portos de cont\u00eaineres em 2025\">porto<\/a> e formalidades aeroportu\u00e1rias.<\/p>\n<p>A APM oferece tr\u00eas n\u00edveis de servi\u00e7o de mudan\u00e7a - n\u00edvel 1 de remo\u00e7\u00e3o e transporte, n\u00edvel 2 tamb\u00e9m inclui embalagem e desempacotamento de m\u00f3veis, e n\u00edvel 3, al\u00e9m disso, inclui embalagem e desempacotamento de todos os efeitos. Eles tamb\u00e9m oferecem instala\u00e7\u00f5es de armazenamento, se necess\u00e1rio.<\/p>\n<p>Website: <a href=\"http:\/\/www.algeriapm.com\" target=\"_blank\" rel=\"noopener\">http:\/\/www.algeriapm.com<\/a><\/p>\n<h2><strong>3. Um campe\u00e3o de remo\u00e7\u00f5es<\/strong><\/h2>\n<p><em><img loading=\"lazy\" decoding=\"async\" class=\"alignnone size-full wp-image-4644\" src=\"https:\/\/moverdb.com\/wp-content\/uploads\/One-Champion-Removals-international-moving-company.png\" alt=\"One Champion Removals empresa de mudan\u00e7as internacionais\" width=\"1440\" height=\"683\" data-wp-pid=\"4644\" srcset=\"https:\/\/moverdb.com\/wp-content\/uploads\/One-Champion-Removals-international-moving-company.png 1440w, https:\/\/moverdb.com\/wp-content\/uploads\/One-Champion-Removals-international-moving-company-300x142.png 300w, https:\/\/moverdb.com\/wp-content\/uploads\/One-Champion-Removals-international-moving-company-1024x486.png 1024w, https:\/\/moverdb.com\/wp-content\/uploads\/One-Champion-Removals-international-moving-company-18x9.png 18w, https:\/\/moverdb.com\/wp-content\/uploads\/One-Champion-Removals-international-moving-company-600x285.png 600w\" sizes=\"auto, (max-width: 1440px) 100vw, 1440px\" \/><\/em><\/p>\n<ul>\n<li>Servi\u00e7os de mudan\u00e7as locais e dom\u00e9sticas<\/li>\n<li>Servi\u00e7os internacionais<\/li>\n<li>Transporte rodovi\u00e1rio, mar\u00edtimo e a\u00e9reo<\/li>\n<li>Embalagem e desempacotamento<\/li>\n<li>Desmontagem e remontagem de m\u00f3veis<\/li>\n<li>Fiscalizar a alf\u00e2ndega<\/li>\n<li>Servi\u00e7o totalmente segurado, seguro e protegido<\/li>\n<li>Sem custos ocultos<\/li>\n<li>Oferece instala\u00e7\u00f5es de armazenamento<\/li>\n<li>Tamb\u00e9m oferece um servi\u00e7o de realoca\u00e7\u00e3o para ajudar a encontrar um im\u00f3vel<\/li>\n<\/ul>\n<p>One Champion Removals \u00e9 uma empresa sediada na Arg\u00e9lia <a href=\"https:\/\/moverdb.com\/pt\/international-removals\/\" data-internallinksmanager029f6b8e52c=\"27\" title=\"36 melhores empresas de mudan\u00e7as internacionais no Reino Unido\">empresa de mudan\u00e7as<\/a> que \u00e9 membro do IAM h\u00e1 3 anos. Eles fornecem uma equipe experiente e conhecedora que pode auxili\u00e1-lo na mudan\u00e7a local, nacional e internacional.<\/p>\n<p>One Champion Removals oferece servi\u00e7os de remo\u00e7\u00e3o que podem ser realizados por via rodovi\u00e1ria, mar\u00edtima e a\u00e9rea, e sua equipe se encarregar\u00e1 de todos os tr\u00e2mites burocr\u00e1ticos, tais como exig\u00eancias alfandeg\u00e1rias. Eles fornecem um servi\u00e7o totalmente segurado, que \u00e9 seguro. Eles tamb\u00e9m fornecem instala\u00e7\u00f5es de armazenamento seguro para seus pertences e um servi\u00e7o de recoloca\u00e7\u00e3o para ajudar a encontrar uma propriedade adequada.<\/p>\n<p>Website: <a href=\"http:\/\/www.championinternationalmoving.com\" target=\"_blank\" rel=\"noopener\">http:\/\/www.championinternationalmoving.com<\/a><\/p>","protected":false},"excerpt":{"rendered":"<p>If you are moving in Algeria, or are wanting to move to or from Algeria, you may need a moving company to assist you. Below is a list of those that are members of the International Association of Movers (IAM) and\/or FIDI Accredited International Mover (FAIM) which will hopefully help you. 1. Aim Intermovers Provides [&hellip;]<\/p>\n","protected":false},"author":4,"featured_media":0,"parent":190,"menu_order":0,"comment_status":"closed","ping_status":"closed","template":"","meta":{"_genesis_hide_title":false,"_genesis_hide_breadcrumbs":false,"_genesis_hide_singular_image":false,"_genesis_hide_footer_widgets":false,"_genesis_custom_body_class":"","_genesis_custom_post_class":"","_genesis_layout":"","footnotes":""},"class_list":{"0":"post-4641","1":"page","2":"type-page","3":"status-publish","5":"entry","6":"has-post-thumbnail"},"_links":{"self":[{"href":"https:\/\/moverdb.com\/pt\/wp-json\/wp\/v2\/pages\/4641","targetHints":{"allow":["GET"]}}],"collection":[{"href":"https:\/\/moverdb.com\/pt\/wp-json\/wp\/v2\/pages"}],"about":[{"href":"https:\/\/moverdb.com\/pt\/wp-json\/wp\/v2\/types\/page"}],"author":[{"embeddable":true,"href":"https:\/\/moverdb.com\/pt\/wp-json\/wp\/v2\/users\/4"}],"replies":[{"embeddable":true,"href":"https:\/\/moverdb.com\/pt\/wp-json\/wp\/v2\/comments?post=4641"}],"version-history":[{"count":3,"href":"https:\/\/moverdb.com\/pt\/wp-json\/wp\/v2\/pages\/4641\/revisions"}],"predecessor-version":[{"id":4653,"href":"https:\/\/moverdb.com\/pt\/wp-json\/wp\/v2\/pages\/4641\/revisions\/4653"}],"up":[{"embeddable":true,"href":"https:\/\/moverdb.com\/pt\/wp-json\/wp\/v2\/pages\/190"}],"wp:attachment":[{"href":"https:\/\/moverdb.com\/pt\/wp-json\/wp\/v2\/media?parent=4641"}],"curies":[{"name":"wp","href":"https:\/\/api.w.org\/{rel}","templated":true}]}}