{"id":454,"date":"2016-07-03T20:25:43","date_gmt":"2016-07-03T20:25:43","guid":{"rendered":"http:\/\/moverdb.com\/?page_id=454"},"modified":"2026-01-08T15:30:41","modified_gmt":"2026-01-08T15:30:41","slug":"organizacao-mundial-cliente","status":"publish","type":"page","link":"https:\/\/moverdb.com\/pt\/world-customs-organization\/","title":{"rendered":"Organiza\u00e7\u00e3o Mundial de Aduanas (OMA) Explicada"},"content":{"rendered":"<p>A Organiza\u00e7\u00e3o Mundial de Aduanas (OMA) \u00e9 um \u00f3rg\u00e3o intergovernamental independente que serve como a voz da comunidade aduaneira. <\/p>\n<p>Ela foi criada para tornar as administra\u00e7\u00f5es alfandeg\u00e1rias em todo o mundo mais eficientes, coordenadas e eficazes.<\/p>\n<p><strong>Principais fatos sobre a WCO:<\/strong><\/p>\n<ul>\n<li>  A OMA tem 180 membros e estes membros s\u00e3o administra\u00e7\u00f5es alfandeg\u00e1rias de todo o mundo.<\/li>\n<li>  Tr\u00eas quartos dos membros da OMA s\u00e3o pa\u00edses em desenvolvimento.<\/li>\n<li>  Os membros da OMA s\u00e3o respons\u00e1veis pela gest\u00e3o de mais de 98% do com\u00e9rcio mundial.<\/li>\n<li>  A OMA come\u00e7ou em 1952 como o Conselho de Coopera\u00e7\u00e3o Aduaneira.<\/li>\n<li>  A OMA \u00e9 administrada por um Conselho, que conta com uma Secretaria de mais de 100 funcion\u00e1rios internacionais, especialistas t\u00e9cnicos e pessoal de apoio.<\/li>\n<li>  A OMA est\u00e1 sediada em Bruxelas, <a href=\"https:\/\/moverdb.com\/pt\/moving-to-belgium\/\" data-internallinksmanager029f6b8e52c=\"323\" title=\"Est\u00e1 se mudando para a B\u00e9lgica? 2026 Custo de vida e dicas de realoca\u00e7\u00e3o\">B\u00e9lgica<\/a>.<\/li>\n<li>  A OMA n\u00e3o lida com reclama\u00e7\u00f5es sobre alf\u00e2ndegas, por exemplo, direitos aduaneiros - como organiza\u00e7\u00e3o intergovernamental, n\u00e3o \u00e9 respons\u00e1vel pela administra\u00e7\u00e3o da legisla\u00e7\u00e3o nacional e declara especificamente que n\u00e3o tem compet\u00eancia na mesma.<\/li>\n<li>  Os idiomas oficiais da OMA s\u00e3o o ingl\u00eas e o franc\u00eas.<\/li>\n<li>  A OMA \u00e9 financiada por contribui\u00e7\u00f5es anuais dos membros, assim como por contribui\u00e7\u00f5es e doa\u00e7\u00f5es volunt\u00e1rias.<\/li>\n<li>  A OMA foi respons\u00e1vel por uma s\u00e9rie de instrumentos aduaneiros, tais como a Conven\u00e7\u00e3o Internacional sobre o Sistema Harmonizado de Descri\u00e7\u00e3o e Codifica\u00e7\u00e3o de Mercadorias.<\/li>\n<\/ul>\n<p><strong>Perfil da Organiza\u00e7\u00e3o Mundial de Aduanas:<\/strong><\/p>\n<p>A OMA chama-se a si mesma a voz da comunidade aduaneira e \u00e9 a \u00fanica organiza\u00e7\u00e3o internacional com compet\u00eancia em assuntos alfandeg\u00e1rios. Isto a torna uma for\u00e7a chave para ajudar a crescer o com\u00e9rcio internacional leg\u00edtimo, bem como para desenvolver medidas para lidar com fraudes e roubos. <\/p>\n<p>O objetivo da OMA \u00e9 fortalecer os la\u00e7os entre as administra\u00e7\u00f5es aduaneiras e seus parceiros de modo a criar um ambiente aduaneiro forte e transparente. <\/p>\n<p>Tamb\u00e9m fez da prote\u00e7\u00e3o da sociedade e do territ\u00f3rio nacional uma prioridade, e para assegurar e facilitar o com\u00e9rcio internacional, especialmente em face das amea\u00e7as do terrorismo global. <\/p>\n<p>A OMA acredita que as fronteiras se dividem, mas os costumes se conectam. Ela descreve sua vis\u00e3o como \"liderar dinamicamente a moderniza\u00e7\u00e3o e a conectividade em um mundo em r\u00e1pida mudan\u00e7a\" e os Estados t\u00eam a miss\u00e3o de fornecer lideran\u00e7a, orienta\u00e7\u00e3o e apoio \u00e0s administra\u00e7\u00f5es aduaneiras para assegurar e facilitar o com\u00e9rcio leg\u00edtimo, realizar receitas, proteger a sociedade e construir capacidade.<\/p>\n<p><strong>Crit\u00e9rios de ades\u00e3o:<\/strong><\/p>\n<p>Os membros da OMA s\u00e3o administra\u00e7\u00f5es alfandeg\u00e1rias, portanto, n\u00e3o h\u00e1 crit\u00e9rios de ades\u00e3o listados no site.<\/p>\n<p><strong>Opini\u00f5es sobre a OMA:<\/strong><\/p>\n<p>A OMA \u00e9 um organismo alfandeg\u00e1rio global bem estabelecido com <a href=\"http:\/\/www.britannica.com\/topic\/World-Customs-Organization\" target=\"_blank\" rel=\"noopener\">uma entrada na enciclop\u00e9dia Britannica<\/a>. O <a href=\"https:\/\/www.wto.org\/english\/thewto_e\/coher_e\/wto_wco_e.htm\" target=\"_blank\" rel=\"noopener\">A Organiza\u00e7\u00e3o Mundial do Com\u00e9rcio descreve<\/a> a OMA como um organismo com o qual coopera regularmente, especificamente no que diz respeito \u00e0 classifica\u00e7\u00e3o de mercadorias. <\/p>\n<p>A OMA \u00e9 mencionada nos sites do governo, descrita como \"lideran\u00e7a na expans\u00e3o das avenidas do com\u00e9rcio internacional e da seguran\u00e7a\" e tem claramente um status internacional reconhecido. Em termos de membros, aqueles que aderem tendem a anunciar isto - por exemplo, a Uni\u00e3o Europ\u00e9ia, que anunciou que a <a href=\"http:\/\/ec.europa.eu\/taxation_customs\/common\/international_affairs\/wco\/index_en.htm\" target=\"_blank\" rel=\"noopener\">A OMA tinha aceito<\/a> seu pedido de ades\u00e3o a partir de 1 de julho de 2007.<\/p>\n<blockquote><p>Todas as quest\u00f5es aduaneiras, incluindo o desenvolvimento de instrumentos, padr\u00f5es e ferramentas globais, a simplifica\u00e7\u00e3o e harmoniza\u00e7\u00e3o dos procedimentos aduaneiros, a promo\u00e7\u00e3o da competitividade econ\u00f4mica, a seguran\u00e7a e facilita\u00e7\u00e3o da cadeia de fornecimento global, o aprimoramento das atividades de aplica\u00e7\u00e3o e cumprimento da legisla\u00e7\u00e3o aduaneira, a prote\u00e7\u00e3o da sa\u00fade e seguran\u00e7a p\u00fablicas, a manuten\u00e7\u00e3o da nomenclatura internacional de mercadorias do Sistema Harmonizado, a garantia de receita, o desenvolvimento sustent\u00e1vel da capacidade aduaneira e a assist\u00eancia t\u00e9cnica, e a gest\u00e3o dos Acordos da OMC sobre Valora\u00e7\u00e3o Aduaneira e Regras de Origem, assim como a Conven\u00e7\u00e3o das Na\u00e7\u00f5es Unidas (ONU) sobre Cont\u00eaineres, 1972<\/p><\/blockquote>\n<p>\u2013 <a href=\"http:\/\/www.basel.int\/Default.aspx?tabid=2935\" target=\"_blank\" rel=\"noopener\">Conven\u00e7\u00e3o da Basil\u00e9ia<\/a><\/p>\n<p><strong>Website:<\/strong> <a href=\"http:\/\/www.wcoomd.org\/\" target=\"_blank\" rel=\"noopener\">http:\/\/www.wcoomd.org\/<\/a><\/p>\n<p><strong>Para saber mais sobre envio, veja:<\/strong> <a href=\"https:\/\/moverdb.com\/pt\/transporte-de-conteineres\/\">2018 Tarifas e custos de transporte internacional de cont\u00eaineres<\/a> e <a href=\"https:\/\/moverdb.com\/pt\/transitario-de-carga\/\">Freight Forwarder &amp; NVOCC International Cost &amp; Companies Guide<\/a><\/p>","protected":false},"excerpt":{"rendered":"<p>The World Customs Organisation (WCO) is an independent intergovernmental body that serves as the voice of the customs community. It was set up to make customs administrations around the world more efficient, coordinated and effective. Key facts about WCO: The WCO has 180 members and these members are customs administrations from all over the world. [&hellip;]<\/p>\n","protected":false},"author":1,"featured_media":0,"parent":0,"menu_order":0,"comment_status":"closed","ping_status":"closed","template":"","meta":{"_genesis_hide_title":false,"_genesis_hide_breadcrumbs":false,"_genesis_hide_singular_image":false,"_genesis_hide_footer_widgets":false,"_genesis_custom_body_class":"","_genesis_custom_post_class":"","_genesis_layout":"","footnotes":""},"class_list":{"0":"post-454","1":"page","2":"type-page","3":"status-publish","5":"entry"},"_links":{"self":[{"href":"https:\/\/moverdb.com\/pt\/wp-json\/wp\/v2\/pages\/454","targetHints":{"allow":["GET"]}}],"collection":[{"href":"https:\/\/moverdb.com\/pt\/wp-json\/wp\/v2\/pages"}],"about":[{"href":"https:\/\/moverdb.com\/pt\/wp-json\/wp\/v2\/types\/page"}],"author":[{"embeddable":true,"href":"https:\/\/moverdb.com\/pt\/wp-json\/wp\/v2\/users\/1"}],"replies":[{"embeddable":true,"href":"https:\/\/moverdb.com\/pt\/wp-json\/wp\/v2\/comments?post=454"}],"version-history":[{"count":7,"href":"https:\/\/moverdb.com\/pt\/wp-json\/wp\/v2\/pages\/454\/revisions"}],"predecessor-version":[{"id":6253,"href":"https:\/\/moverdb.com\/pt\/wp-json\/wp\/v2\/pages\/454\/revisions\/6253"}],"wp:attachment":[{"href":"https:\/\/moverdb.com\/pt\/wp-json\/wp\/v2\/media?parent=454"}],"curies":[{"name":"wp","href":"https:\/\/api.w.org\/{rel}","templated":true}]}}