{"id":453,"date":"2016-07-03T20:16:06","date_gmt":"2016-07-03T20:16:06","guid":{"rendered":"http:\/\/moverdb.com\/?page_id=453"},"modified":"2026-01-08T15:20:54","modified_gmt":"2026-01-08T15:20:54","slug":"transporte-maritimo-internacional","status":"publish","type":"page","link":"https:\/\/moverdb.com\/pt\/international-chamber-shipping\/","title":{"rendered":"A C\u00e2mara Internacional de Transporte Mar\u00edtimo (ICS) Explicou"},"content":{"rendered":"<p>A C\u00e2mara Internacional de Navega\u00e7\u00e3o (ICS) \u00e9 uma associa\u00e7\u00e3o comercial que representa os armadores e operadores de navios atrav\u00e9s das associa\u00e7\u00f5es nacionais de armadores. <\/p>\n<p>Seu objetivo \u00e9 promover os interesses de seus membros em todas as quest\u00f5es de opera\u00e7\u00e3o de navios e tamb\u00e9m de pol\u00edtica de navega\u00e7\u00e3o.<\/p>\n<p><strong>Principais fatos sobre a C\u00e2mara Internacional de Transporte Mar\u00edtimo:<\/strong><\/p>\n<ul>\n<li>  Membro do ICS <a href=\"https:\/\/moverdb.com\/pt\/empresas-de-transporte-maritimo\/\">companhias mar\u00edtimas<\/a> operam mais de 80% da tonelagem comercial do mundo.<\/li>\n<li>  A ICS \u00e9 formada por associa\u00e7\u00f5es nacionais de armadores na \u00c1sia, Europa e nas Am\u00e9ricas.<\/li>\n<li>  A ICS foi estabelecida em 1921.<\/li>\n<li>  O ICS tem 36 membros e 11 membros associados.<\/li>\n<li>  O ICS \u00e9 baseado em <a href=\"https:\/\/moverdb.com\/pt\/moving-to-london\/\">Londres<\/a>.<\/li>\n<li>  O ICS \u00e9 \u00fanico porque, ao contr\u00e1rio de outros <a href=\"https:\/\/moverdb.com\/pt\/container-shipping\/\" data-internallinksmanager029f6b8e52c=\"3\" title=\"Gr\u00e1fico de taxas de transporte internacional de cont\u00eaineres: Abril de 2026\">transporte internacional<\/a> representa os interesses globais de todas as diferentes profiss\u00f5es do setor, de operadores de navios de passageiros a operadores de navios-tanque.<\/li>\n<li>  O ICS \u00e9 um \u00f3rg\u00e3o consultivo para a <a href=\"https:\/\/moverdb.com\/pt\/international-maritime-organisation\/\" data-internallinksmanager029f6b8e52c=\"24\" title=\"Organiza\u00e7\u00e3o Mar\u00edtima Internacional (IMO) Explicada\">Organiza\u00e7\u00e3o Mar\u00edtima Internacional<\/a>A Ag\u00eancia das Na\u00e7\u00f5es Unidas com responsabilidade pela seguran\u00e7a da vida no mar e pela prote\u00e7\u00e3o do meio ambiente marinho.<\/li>\n<li>  O ICS trata de quest\u00f5es regulamentares, operacionais e legais relacionadas com a ind\u00fastria naval.<\/li>\n<\/ul>\n<p><strong>Perfil do ICS:<\/strong><\/p>\n<p>O ICS fornece representa\u00e7\u00e3o para seus membros com v\u00e1rios \u00f3rg\u00e3os regulat\u00f3rios intergovernamentais que t\u00eam impacto na navega\u00e7\u00e3o, incluindo a Organiza\u00e7\u00e3o Mar\u00edtima Internacional. <\/p>\n<p>\u00c9 tamb\u00e9m uma fonte de informa\u00e7\u00e3o para os membros e desenvolveu orienta\u00e7\u00e3o e melhores pr\u00e1ticas para aqueles que operam dentro do setor - estes recursos s\u00e3o oferecidos gratuitamente aos armadores do setor, bem como aos membros. <\/p>\n<p>Sua miss\u00e3o \u00e9 almejar uma ind\u00fastria naval global que opere com padr\u00f5es elevados, priorizando opera\u00e7\u00f5es de navega\u00e7\u00e3o seguras, bem como a prote\u00e7\u00e3o do meio ambiente. <\/p>\n<p>Embora tenha sido criado fundamentalmente para promover a ind\u00fastria de operadores mar\u00edtimos, tamb\u00e9m tem como um de seus objetivos a coopera\u00e7\u00e3o com outras organiza\u00e7\u00f5es, tanto governamentais quanto n\u00e3o governamentais, a fim de ajudar a tornar a ind\u00fastria naval um lugar mais eficiente e seguro.<\/p>\n<p><strong>Companhias mar\u00edtimas membros (por tamanho):<\/strong><\/p>\n<ul>\n<li> <a href=\"https:\/\/moverdb.com\/pt\/maersk\/\">Linha Maersk<\/a><\/li>\n<li> <a href=\"https:\/\/moverdb.com\/pt\/mediterraneo-empresa-de-expedicao\/\">Mediterranean Shipping Company (MSC)<\/a><\/li>\n<\/ul>\n<p><strong>Crit\u00e9rios de ades\u00e3o:<\/strong><\/p>\n<p>Os membros do ICS s\u00e3o <a href=\"https:\/\/moverdb.com\/pt\/transitario-de-carga\/\">armadores e operadores<\/a> de todo o mundo que est\u00e3o representados atrav\u00e9s de associa\u00e7\u00f5es nacionais de armadores. S\u00e3o as associa\u00e7\u00f5es que det\u00eam a filia\u00e7\u00e3o, portanto os armadores e operadores individuais n\u00e3o podem se candidatar. <\/p>\n<p>N\u00e3o h\u00e1 crit\u00e9rios de ades\u00e3o listados no site por causa disso.<\/p>\n<p><strong>Opini\u00f5es sobre a C\u00e2mara Internacional de Transporte Mar\u00edtimo:<\/strong><\/p>\n<p>O ICS \u00e9 citado em v\u00e1rias publica\u00e7\u00f5es do setor, comentando as quest\u00f5es do dia, como a redu\u00e7\u00e3o de CO2. Ela \u00e9 mencionada nos websites de seus membros, tais como o <a href=\"https:\/\/www.ukchamberofshipping.com\/about-us\/our-partners\/international-chamber-shipping\/\" target=\"_blank\" rel=\"noopener\">C\u00e2mara de Transporte Mar\u00edtimo do Reino Unido<\/a>. <\/p>\n<p>Documentos on-line mostram o ICS comentando quest\u00f5es globais, tais como conven\u00e7\u00f5es fiscais, e h\u00e1 tamb\u00e9m <a href=\"http:\/\/www.allaboutshipping.co.uk\/category\/associations\/international-chamber-of-shipping\/\" target=\"_blank\" rel=\"noopener\">cobertura de eventos<\/a> tais como a <a href=\"http:\/\/www.imo.org\/en\/MediaCentre\/SecretaryGeneral\/SpeechesByTheSecretaryGeneral\/Pages\/ICS2012.aspx\" target=\"_blank\" rel=\"noopener\">Confer\u00eancia Internacional da C\u00e2mara de Transporte Mar\u00edtimo<\/a> onde Koji Sekimizu, Secret\u00e1rio-Geral, Organiza\u00e7\u00e3o Mar\u00edtima Internacional, descreveu o ICS como <em>\"uma das v\u00e1rias organiza\u00e7\u00f5es n\u00e3o governamentais que representam a ind\u00fastria naval na IMO e tem um dos pedigrees mais longos\".<\/em> <\/p>\n<p>Outras fontes on-line se referem \u00e0 ICS como a \"mais reconhecida associa\u00e7\u00e3o mundial de armadores\". A credibilidade da ICS \u00e9 \u00f3bvia pelas publica\u00e7\u00f5es em que seu nome aparece, as associa\u00e7\u00f5es com outros \u00f3rg\u00e3os e o tipo de quest\u00f5es sobre as quais \u00e9 solicitada a fazer coment\u00e1rios.<\/p>\n<blockquote><p>A C\u00e2mara Internacional de Transporte Mar\u00edtimo (ICS) \u00e9 a principal associa\u00e7\u00e3o comercial internacional para armadores e operadores de navios mercantes, representando todos os setores e com\u00e9rcios (incluindo, entre outros, petroleiros, graneleiros, navios de cont\u00eaineres, carga geral e navios especializados, bem como navios de passageiros) com os v\u00e1rios \u00f3rg\u00e3os intergovernamentais que t\u00eam impacto na navega\u00e7\u00e3o. Os membros da ICS compreendem associa\u00e7\u00f5es nacionais de armadores em 35 pa\u00edses, representando mais de 80% da frota mercante mundial.<\/p><\/blockquote>\n<p><a href=\"http:\/\/www.oecd.org\/tax\/treaties\/ics-comments-discussion-draft-mtc-international-traffic.pdf\" target=\"_blank\" rel=\"noopener\">OCDE<\/a><\/p>\n<p><strong>Website:<\/strong> <a href=\"http:\/\/www.ics-shipping.org\/\" target=\"_blank\" rel=\"noopener\">http:\/\/www.ics-shipping.org\/<\/a><\/p>\n<p><strong>Para saber mais sobre envio, veja:<\/strong> <a href=\"https:\/\/moverdb.com\/pt\/transporte-de-conteineres\/\">2018 Tarifas e custos de transporte internacional de cont\u00eaineres<\/a> e <a href=\"https:\/\/moverdb.com\/pt\/transitario-de-carga\/\">Freight Forwarder &amp; NVOCC International Cost &amp; Companies Guide<\/a><\/p>","protected":false},"excerpt":{"rendered":"<p>The International Chamber of Shipping (ICS) is a trade association that represents ship owners and ship operators via national shipowners associations. Its aim is to promote the interests of its members throughout all issues of ship operation and also shipping policy. Key facts about the International Chamber of Shipping: ICS member shipping companies operate over [&hellip;]<\/p>\n","protected":false},"author":1,"featured_media":0,"parent":0,"menu_order":0,"comment_status":"closed","ping_status":"closed","template":"","meta":{"_genesis_hide_title":false,"_genesis_hide_breadcrumbs":false,"_genesis_hide_singular_image":false,"_genesis_hide_footer_widgets":false,"_genesis_custom_body_class":"","_genesis_custom_post_class":"","_genesis_layout":"","footnotes":""},"class_list":{"0":"post-453","1":"page","2":"type-page","3":"status-publish","5":"entry"},"_links":{"self":[{"href":"https:\/\/moverdb.com\/pt\/wp-json\/wp\/v2\/pages\/453","targetHints":{"allow":["GET"]}}],"collection":[{"href":"https:\/\/moverdb.com\/pt\/wp-json\/wp\/v2\/pages"}],"about":[{"href":"https:\/\/moverdb.com\/pt\/wp-json\/wp\/v2\/types\/page"}],"author":[{"embeddable":true,"href":"https:\/\/moverdb.com\/pt\/wp-json\/wp\/v2\/users\/1"}],"replies":[{"embeddable":true,"href":"https:\/\/moverdb.com\/pt\/wp-json\/wp\/v2\/comments?post=453"}],"version-history":[{"count":10,"href":"https:\/\/moverdb.com\/pt\/wp-json\/wp\/v2\/pages\/453\/revisions"}],"predecessor-version":[{"id":6245,"href":"https:\/\/moverdb.com\/pt\/wp-json\/wp\/v2\/pages\/453\/revisions\/6245"}],"wp:attachment":[{"href":"https:\/\/moverdb.com\/pt\/wp-json\/wp\/v2\/media?parent=453"}],"curies":[{"name":"wp","href":"https:\/\/api.w.org\/{rel}","templated":true}]}}