{"id":452,"date":"2016-07-03T20:39:16","date_gmt":"2016-07-03T20:39:16","guid":{"rendered":"http:\/\/moverdb.com\/?page_id=452"},"modified":"2026-01-08T15:30:42","modified_gmt":"2026-01-08T15:30:42","slug":"world-shipping-council","status":"publish","type":"page","link":"https:\/\/moverdb.com\/pt\/world-shipping-council\/","title":{"rendered":"Conselho Mundial de Transporte Mar\u00edtimo (WSC) Explicado"},"content":{"rendered":"<p>O Conselho Mundial de Transporte Mar\u00edtimo (WSC) fornece uma voz para a ind\u00fastria de transporte mar\u00edtimo regular. Foi inicialmente estabelecido como um grupo de lobby para as maiores empresas de transporte mar\u00edtimo e tornou-se um conselheiro para a ind\u00fastria e o governo em assuntos t\u00e3o variados como seguran\u00e7a e quest\u00f5es ambientais.<\/p>\n<p><strong>Principais fatos sobre a WSC<\/strong><\/p>\n<ul>\n<li>  A WSC tem 26 membros.<\/li>\n<li>  Os membros da WSC operam aproximadamente 90 por cento da capacidade global de navios de linha.<\/li>\n<li>  Estes servi\u00e7os transportam cerca de 60% do valor do com\u00e9rcio mar\u00edtimo mundial, e mais de <a href=\"https:\/\/moverdb.com\/pt\/moving-to-the-united-states\/\" data-internallinksmanager029f6b8e52c=\"94\" title=\"Mudando-se para os Estados Unidos? 2026 Custos de Vida e Dicas de Reloca\u00e7\u00e3o\">US<\/a>$ 4 trilh\u00f5es de mercadorias por ano.<\/li>\n<li>  A WSC \u00e9 o representante global da ind\u00fastria de transportes mar\u00edtimos.<\/li>\n<li>  A WSC foi criada em 2000 pelos CEOs do maior transatl\u00e2ntico mais significativo <a href=\"https:\/\/moverdb.com\/pt\/empresas-de-transporte-maritimo\/\">companhias mar\u00edtimas<\/a>.<\/li>\n<li>  Em 2009, a WSC recebeu o status consultivo no <a href=\"https:\/\/moverdb.com\/pt\/international-maritime-organisation\/\" data-internallinksmanager029f6b8e52c=\"24\" title=\"Organiza\u00e7\u00e3o Mar\u00edtima Internacional (IMO) Explicada\">Organiza\u00e7\u00e3o Mar\u00edtima Internacional<\/a>.<\/li>\n<li>  A WSC \u00e9 baseada em <a href=\"https:\/\/moverdb.com\/pt\/movendo-se-para-washington-dc\/\">Washington, DC<\/a>.<\/li>\n<li>  Os membros da WSC v\u00eam de todas as partes do mundo, de <a href=\"https:\/\/moverdb.com\/pt\/moving-to-china\/\" data-internallinksmanager029f6b8e52c=\"357\" title=\"Est\u00e1 se mudando para a China? 2026 Custo de vida e dicas de realoca\u00e7\u00e3o\">China<\/a> para a Am\u00e9rica.<\/li>\n<\/ul>\n<p><strong>Perfil do Conselho Mundial de Transporte Mar\u00edtimo:<\/strong><\/p>\n<p>A WSC \u00e9 um organismo da ind\u00fastria que foi desenvolvido em 2000 por aqueles que lideram o caminho no setor de transporte mar\u00edtimo. Ela desempenhou um papel fundamental em momentos-chave para o setor de transporte mar\u00edtimo, como o trabalho com governos e organiza\u00e7\u00f5es globais para ajudar a desenvolver leis, regulamentos e programas destinados a garantir melhor o com\u00e9rcio mar\u00edtimo internacional na sequ\u00eancia dos ataques terroristas de 2001. <\/p>\n<p>O foco principal da WSC \u00e9 trabalhar em quest\u00f5es comerciais, de seguran\u00e7a e alfandeg\u00e1rias que afetam a pr\u00f3pria ind\u00fastria, assim como seu impacto no mundo em geral. Nos \u00faltimos anos, ela tamb\u00e9m come\u00e7ou a focar em quest\u00f5es ambientais. <\/p>\n<p>A WSC \u00e9 vista como um consultor respeitado tanto para a ind\u00fastria quanto para os governos - por exemplo, foi-lhe concedido o status consultivo para a Organiza\u00e7\u00e3o Mar\u00edtima Internacional. Ela tamb\u00e9m tem um papel ativo nos debates pol\u00edticos onde essas pol\u00edticas ter\u00e3o um efeito sobre a ind\u00fastria de transporte mar\u00edtimo regular.<\/p>\n<p><strong>Empresas membros por tamanho:<\/strong><\/p>\n<ul>\n<li> <a href=\"https:\/\/moverdb.com\/pt\/cma-cgm\/\">Grupo CMA CGM<\/a><\/li>\n<li> <a href=\"https:\/\/moverdb.com\/pt\/hapag-lloyd\/\">Hapag-Lloyd<\/a><\/li>\n<li> <a href=\"https:\/\/moverdb.com\/pt\/evergreen-marine\/\">Evergreen Marine<\/a><\/li>\n<li> <a href=\"https:\/\/moverdb.com\/pt\/hamburg-sud\/\">Hamburgo S\u00fcd<\/a><\/li>\n<\/ul>\n<p><strong>Crit\u00e9rios de ades\u00e3o:<\/strong><\/p>\n<p>N\u00e3o h\u00e1 crit\u00e9rios de filia\u00e7\u00e3o listados no site. A WSC descreve seus membros como <em>\"Eles investiram centenas de bilh\u00f5es de d\u00f3lares em navios, <a href=\"https:\/\/moverdb.com\/pt\/top-49-container-ports\/\" data-internallinksmanager029f6b8e52c=\"80\" title=\"Os 49 maiores e mais movimentados portos de cont\u00eaineres em 2025\">porto<\/a> terminais, empresas de caminh\u00f5es; armaz\u00e9ns e tecnologia a fim de garantir que uma grande variedade de op\u00e7\u00f5es continue a existir para o transporte internacional de carga seguro, confi\u00e1vel e econ\u00f4mico\".<\/em> <\/p>\n<p>A partir disto, fica claro que a associa\u00e7\u00e3o n\u00e3o est\u00e1 aberta a qualquer neg\u00f3cio. Os membros representantes incluem a Hyundai Merchant Marine Company e a United Arab <a href=\"https:\/\/moverdb.com\/pt\/shipping-companies\/\" data-internallinksmanager029f6b8e52c=\"4\" title=\"As 10 maiores empresas de transporte mar\u00edtimo internacional de cont\u00eaineres\">Empresa de navega\u00e7\u00e3o<\/a>.<\/p>\n<p>H\u00e1 um endere\u00e7o de e-mail de contato fornecido que pode ser usado para aqueles que querem se informar sobre a associa\u00e7\u00e3o: info@worldshipping.org.<\/p>\n<p><strong>Opini\u00f5es sobre a WSC:<\/strong><\/p>\n<p>A WSC \u00e9 <a href=\"http:\/\/www.iims.org.uk\/world-shipping-council-advises-prepare-container-weight-verification\/\" target=\"_blank\" rel=\"noopener\">citado em relat\u00f3rios de not\u00edcias<\/a> como fonte de informa\u00e7\u00e3o sobre mudan\u00e7as regulat\u00f3rias e legislativas e \u00e9 claramente uma organiza\u00e7\u00e3o respeitada que fornece um canal de comunica\u00e7\u00e3o entre legisladores e a ind\u00fastria. <\/p>\n<p>Seu trabalho tamb\u00e9m tem envolvido ajudar a lidar com a confus\u00e3o sobre as mudan\u00e7as legais que chegam e a suavizar o caminho da legisla\u00e7\u00e3o desde a lei escrita at\u00e9 a realidade. <\/p>\n<p>Embora a lista de membros apare\u00e7a no site da WSC, uma verifica\u00e7\u00e3o r\u00e1pida de alguns dos sites da empresa revela que eles n\u00e3o exibem de forma proeminente seus membros da WSC. <\/p>\n<p>Isto \u00e9 mais prov\u00e1vel porque a WSC n\u00e3o \u00e9 um credenciamento apropriado para um site comercial, mas um \u00f3rg\u00e3o da ind\u00fastria onde estas empresas t\u00eam uma fun\u00e7\u00e3o consultiva e consultiva.<\/p>\n<p><strong>Website:<\/strong> <a href=\"http:\/\/www.worldshipping.org\/\" target=\"_blank\" rel=\"noopener\">http:\/\/www.worldshipping.org\/<\/a><\/p>\n<p><strong>Para saber mais sobre envio, veja:<\/strong> <a href=\"https:\/\/moverdb.com\/pt\/transporte-de-conteineres\/\">2018 Tarifas e custos de transporte internacional de cont\u00eaineres<\/a> e <a href=\"https:\/\/moverdb.com\/pt\/transitario-de-carga\/\">Freight Forwarder &amp; NVOCC International Cost &amp; Companies Guide<\/a><\/p>","protected":false},"excerpt":{"rendered":"<p>The World Shipping Council (WSC) provides a voice for the liner shipping industry. It was initially established as a lobbying group for the biggest liner shipping businesses and has become an advisor to industry and government on topics as varied as security and environmental issues. Key facts about the WSC The WSC has 26 members. [&hellip;]<\/p>\n","protected":false},"author":1,"featured_media":0,"parent":0,"menu_order":0,"comment_status":"closed","ping_status":"closed","template":"","meta":{"_genesis_hide_title":false,"_genesis_hide_breadcrumbs":false,"_genesis_hide_singular_image":false,"_genesis_hide_footer_widgets":false,"_genesis_custom_body_class":"","_genesis_custom_post_class":"","_genesis_layout":"","footnotes":""},"class_list":{"0":"post-452","1":"page","2":"type-page","3":"status-publish","5":"entry"},"_links":{"self":[{"href":"https:\/\/moverdb.com\/pt\/wp-json\/wp\/v2\/pages\/452","targetHints":{"allow":["GET"]}}],"collection":[{"href":"https:\/\/moverdb.com\/pt\/wp-json\/wp\/v2\/pages"}],"about":[{"href":"https:\/\/moverdb.com\/pt\/wp-json\/wp\/v2\/types\/page"}],"author":[{"embeddable":true,"href":"https:\/\/moverdb.com\/pt\/wp-json\/wp\/v2\/users\/1"}],"replies":[{"embeddable":true,"href":"https:\/\/moverdb.com\/pt\/wp-json\/wp\/v2\/comments?post=452"}],"version-history":[{"count":12,"href":"https:\/\/moverdb.com\/pt\/wp-json\/wp\/v2\/pages\/452\/revisions"}],"predecessor-version":[{"id":6254,"href":"https:\/\/moverdb.com\/pt\/wp-json\/wp\/v2\/pages\/452\/revisions\/6254"}],"wp:attachment":[{"href":"https:\/\/moverdb.com\/pt\/wp-json\/wp\/v2\/media?parent=452"}],"curies":[{"name":"wp","href":"https:\/\/api.w.org\/{rel}","templated":true}]}}