{"id":451,"date":"2016-07-04T14:16:48","date_gmt":"2016-07-04T14:16:48","guid":{"rendered":"http:\/\/moverdb.com\/?page_id=451"},"modified":"2026-01-08T14:39:55","modified_gmt":"2026-01-08T14:39:55","slug":"international-maritime-organisation","status":"publish","type":"page","link":"https:\/\/moverdb.com\/pt\/international-maritime-organisation\/","title":{"rendered":"Organiza\u00e7\u00e3o Mar\u00edtima Internacional (IMO) Explicada"},"content":{"rendered":"<p>A Organiza\u00e7\u00e3o Mar\u00edtima Internacional (IMO) \u00e9 uma ag\u00eancia da ONU, sediada na <a href=\"https:\/\/moverdb.com\/pt\/moving-to-the-uk\/\" data-internallinksmanager029f6b8e52c=\"93\" title=\"Mudando-se para o Reino Unido? 2026 Custos de Vida e Dicas de Reloca\u00e7\u00e3o\">REINO UNIDO<\/a>que \u00e9 respons\u00e1vel pela regulamenta\u00e7\u00e3o do transporte mar\u00edtimo. Ela se descreve como a autoridade que estabelece normas globais para o desempenho de seguran\u00e7a, prote\u00e7\u00e3o e meio ambiente da <a href=\"https:\/\/moverdb.com\/pt\/transporte-de-conteineres\/\">transporte internacional<\/a>.<\/p>\n<p><strong>Principais fatos sobre a Organiza\u00e7\u00e3o Mar\u00edtima Internacional<\/strong><\/p>\n<ul>\n<li>  A IMO tem 171 Estados membros e tr\u00eas membros associados.<\/li>\n<li>  A IMO \u00e9 uma ag\u00eancia da ONU formada em 1948, que entrou em opera\u00e7\u00e3o uma d\u00e9cada depois.<\/li>\n<li>  A maioria dos Estados membros que n\u00e3o s\u00e3o membros da IMO s\u00e3o pa\u00edses sem litoral que n\u00e3o t\u00eam interesse ou envolvimento no transporte mar\u00edtimo.<\/li>\n<li>  Os tr\u00eas Membros da Associa\u00e7\u00e3o da IMO s\u00e3o as Ilhas Faroe, <a href=\"https:\/\/moverdb.com\/pt\/moving-to-hong-kong\/\" data-internallinksmanager029f6b8e52c=\"350\" title=\"Est\u00e1 se mudando para Hong Kong? 2026 Custo de vida e dicas de realoca\u00e7\u00e3o\">Hong Kong<\/a> e Macau.<\/li>\n<li>  A Conven\u00e7\u00e3o Internacional para a Seguran\u00e7a da Vida Humana no Mar \u00e9 um dos instrumentos legais mais conhecidos do IMO.<\/li>\n<li>  <a href=\"https:\/\/moverdb.com\/pt\/container-shipping\/\" data-internallinksmanager029f6b8e52c=\"3\" title=\"Gr\u00e1fico de taxas de transporte internacional de cont\u00eaineres: Abril de 2026\">Transporte internacional<\/a> transporta mais de 80% de com\u00e9rcio global para povos e comunidades em todo o mundo.<\/li>\n<li>  O mandato da IMO cobre todos os aspectos da navega\u00e7\u00e3o internacional, incluindo projeto, constru\u00e7\u00e3o, equipamento, tripula\u00e7\u00e3o, opera\u00e7\u00e3o e descarte de navios.<\/li>\n<li>  Organiza\u00e7\u00f5es internacionais n\u00e3o-governamentais que tenham a capacidade de fazer uma contribui\u00e7\u00e3o substancial para o trabalho da IMO podem receber o status consultivo do Conselho com a aprova\u00e7\u00e3o da Assembl\u00e9ia.<\/li>\n<\/ul>\n<p><strong>Perfil IMO<\/strong><\/p>\n<p>A IMO \u00e9 uma ag\u00eancia global que est\u00e1 sob a al\u00e7ada da ONU. \u00c9 composta pela Assembl\u00e9ia, um Conselho e cinco Comit\u00eas principais: <\/p>\n<ol>\n<li> O Comit\u00ea de Seguran\u00e7a Mar\u00edtima<\/li>\n<li> O Comit\u00ea de Prote\u00e7\u00e3o ao Meio Ambiente Marinho<\/li>\n<li> O Comit\u00ea Jur\u00eddico<\/li>\n<li> O Comit\u00ea de Coopera\u00e7\u00e3o T\u00e9cnica<\/li>\n<li> O Comit\u00ea de Facilita\u00e7\u00e3o<\/li>\n<\/ol>\n<p>A IMO tem sido respons\u00e1vel por in\u00fameros instrumentos legais que t\u00eam o objetivo de melhorar a seguran\u00e7a no mar, melhorar o com\u00e9rcio entre os estados mar\u00edtimos e proteger o meio ambiente mar\u00edtimo. <\/p>\n<p>Al\u00e9m de olhar para o setor naval como ele \u00e9 atualmente, a IMO tamb\u00e9m est\u00e1 envolvida em garantir seu futuro como seguro, ambientalmente correto e energeticamente eficiente. <\/p>\n<p>H\u00e1 muito pouco que a IMO n\u00e3o cobre, incluindo o elemento humano da ind\u00fastria naval, a seguran\u00e7a mar\u00edtima e a coopera\u00e7\u00e3o t\u00e9cnica, que \u00e9 projetada para ajudar os governos que n\u00e3o possuem os conhecimentos t\u00e9cnicos e os recursos necess\u00e1rios para operar uma ind\u00fastria naval com sucesso.<\/p>\n<p><strong>Crit\u00e9rios de ades\u00e3o <\/strong><\/p>\n<p>A filia\u00e7\u00e3o \u00e9 baseada nos estados. Para se tornar membro da IMO, um Estado ratifica um tratado multilateral conhecido como Conven\u00e7\u00e3o sobre a Organiza\u00e7\u00e3o Mar\u00edtima Internacional.<\/p>\n<p><strong>Opini\u00f5es sobre a IMO:<\/strong><\/p>\n<p>A IMO \u00e9 uma organiza\u00e7\u00e3o mundial <a href=\"http:\/\/www.unsceb.org\/content\/imo\" target=\"_blank\" rel=\"noopener\">organiza\u00e7\u00e3o de renome<\/a> com status reconhecido. \u00c9 muito vis\u00edvel e \u00e9 uma for\u00e7a poderosa dentro da ind\u00fastria naval. On-line, as informa\u00e7\u00f5es sobre a IMO enfocam seu papel na promo\u00e7\u00e3o da coopera\u00e7\u00e3o inter governamental, assim como na convoca\u00e7\u00e3o de confer\u00eancias internacionais sobre assuntos de navega\u00e7\u00e3o e na elabora\u00e7\u00e3o de conven\u00e7\u00f5es ou acordos internacionais sobre este assunto. <\/p>\n<p>Seu papel na seguran\u00e7a tamb\u00e9m \u00e9 enfatizado nos lugares onde \u00e9 mencionado. Como membro da IMO \u00e9 por estado, n\u00e3o \u00e9 mencionado nos websites de empresas individuais, mas aparece freq\u00fcentemente em <a href=\"http:\/\/www.britannica.com\/topic\/International-Maritime-Organization\" target=\"_blank\" rel=\"noopener\">enciclop\u00e9dias online<\/a> e websites que descrevem a estrutura da ONU.<\/p>\n<p><strong>Website:<\/strong> <a href=\"http:\/\/www.imo.org\/en\/Pages\/Default.aspx\" target=\"_blank\" rel=\"noopener\">http:\/\/www.imo.org\/<\/a><\/p>\n<p><strong>Para saber mais sobre envio, veja:<\/strong> <a href=\"https:\/\/moverdb.com\/pt\/transporte-de-conteineres\/\">2018 Tarifas e custos de transporte internacional de cont\u00eaineres<\/a> e <a href=\"https:\/\/moverdb.com\/pt\/transitario-de-carga\/\">Freight Forwarder &amp; NVOCC International Cost &amp; Companies Guide<\/a><\/p>","protected":false},"excerpt":{"rendered":"<p>The International Maritime Organisation (IMO) is a UN agency, based in the UK, which is responsible for regulating shipping. It describes itself as the global standard-setting authority for the safety, security and environmental performance of international shipping. Key facts about the International Maritime Organisation The IMO has 171 Member States and three Associate Members. The [&hellip;]<\/p>\n","protected":false},"author":1,"featured_media":0,"parent":0,"menu_order":0,"comment_status":"closed","ping_status":"closed","template":"","meta":{"_genesis_hide_title":false,"_genesis_hide_breadcrumbs":false,"_genesis_hide_singular_image":false,"_genesis_hide_footer_widgets":false,"_genesis_custom_body_class":"","_genesis_custom_post_class":"","_genesis_layout":"","footnotes":""},"class_list":{"0":"post-451","1":"page","2":"type-page","3":"status-publish","5":"entry"},"_links":{"self":[{"href":"https:\/\/moverdb.com\/pt\/wp-json\/wp\/v2\/pages\/451","targetHints":{"allow":["GET"]}}],"collection":[{"href":"https:\/\/moverdb.com\/pt\/wp-json\/wp\/v2\/pages"}],"about":[{"href":"https:\/\/moverdb.com\/pt\/wp-json\/wp\/v2\/types\/page"}],"author":[{"embeddable":true,"href":"https:\/\/moverdb.com\/pt\/wp-json\/wp\/v2\/users\/1"}],"replies":[{"embeddable":true,"href":"https:\/\/moverdb.com\/pt\/wp-json\/wp\/v2\/comments?post=451"}],"version-history":[{"count":6,"href":"https:\/\/moverdb.com\/pt\/wp-json\/wp\/v2\/pages\/451\/revisions"}],"predecessor-version":[{"id":13163,"href":"https:\/\/moverdb.com\/pt\/wp-json\/wp\/v2\/pages\/451\/revisions\/13163"}],"wp:attachment":[{"href":"https:\/\/moverdb.com\/pt\/wp-json\/wp\/v2\/media?parent=451"}],"curies":[{"name":"wp","href":"https:\/\/api.w.org\/{rel}","templated":true}]}}