{"id":449,"date":"2016-07-04T14:35:22","date_gmt":"2016-07-04T14:35:22","guid":{"rendered":"http:\/\/moverdb.com\/?page_id=449"},"modified":"2026-01-08T14:48:17","modified_gmt":"2026-01-08T14:48:17","slug":"eurovan-movers","status":"publish","type":"page","link":"https:\/\/moverdb.com\/pt\/eurovan-movers\/","title":{"rendered":"Rede Eurovan International Movers Network (EM) Explicada"},"content":{"rendered":"<p>A Eurovan International Movers Network (EM) \u00e9 uma rede de empresas de mudan\u00e7as locais independentes com base em <a href=\"https:\/\/moverdb.com\/pt\/moving-to-germany\/\" data-internallinksmanager029f6b8e52c=\"321\" title=\"Est\u00e1 se mudando para a Alemanha? 2026 Custo de vida e dicas de realoca\u00e7\u00e3o\">Alemanha<\/a>. A rede foi projetada para responder \u00e0 necessidade de poder fornecer n\u00edveis consistentes de servi\u00e7o para movimentos internacionais que podem cruzar v\u00e1rios pa\u00edses.<\/p>\n<p><strong>Principais fatos sobre a Eurovan International Movers Network:<\/strong><\/p>\n<ul>\n<li>  Onde uma mudan\u00e7a est\u00e1 ocorrendo inteiramente dentro da Europa, a sede da EM monitora, coordena e controla todas as mudan\u00e7as entre um pa\u00eds e outro.<\/li>\n<li>  A EM oferece uma gama de servi\u00e7os atrav\u00e9s de sua rede, incluindo coordena\u00e7\u00e3o e opera\u00e7\u00f5es, armazenagem e armazenagem, embalagem e desempacotamento e servi\u00e7os de origem e destino.<\/li>\n<li>  A EM tem sete parceiros mundiais que cobrem a \u00c1frica, \u00c1sia, Am\u00e9rica do Norte e Am\u00e9rica do Sul.<\/li>\n<li>  EM tem cerca de 35 parceiros europeus com oito no <a href=\"https:\/\/moverdb.com\/pt\/remocoes-internacionais\/\">REINO UNIDO<\/a>.<\/li>\n<li>  Onde a sede da EM est\u00e1 monitorando uma mudan\u00e7a, isto permite que a EM reduza a quilometragem vazia e encontre maneiras de conseguir economia monet\u00e1ria.<\/li>\n<li>  O alcance do EM \u00e9 global.<\/li>\n<\/ul>\n<p><strong>Perfil de Eurovan Movers:<\/strong><\/p>\n<p>EM \u00e9 uma organiza\u00e7\u00e3o que opera na base de \"parceiros\" e n\u00e3o de membros. Embora n\u00e3o haja crit\u00e9rios de filia\u00e7\u00e3o listados, \u00e9 claro que o processo para se tornar um parceiro est\u00e1 bastante envolvido e requer um bom ajuste entre EM e o parceiro potencial, bem como a capacidade de trazer novas id\u00e9ias para a mesa. <\/p>\n<p>A maioria dos destinos nas categorias de parceiros europeus e mundiais tem apenas uma empresa listada - al\u00e9m da Alemanha, a <a href=\"https:\/\/moverdb.com\/pt\/moving-to-the-uk\/\" data-internallinksmanager029f6b8e52c=\"93\" title=\"Mudando-se para o Reino Unido? 2026 Custos de Vida e Dicas de Reloca\u00e7\u00e3o\">REINO UNIDO<\/a>, <a href=\"https:\/\/moverdb.com\/pt\/moving-to-switzerland\/\" data-internallinksmanager029f6b8e52c=\"327\" title=\"Est\u00e1 se mudando para a Su\u00ed\u00e7a? 2026 Custo de vida e dicas de realoca\u00e7\u00e3o\">Su\u00ed\u00e7a<\/a> e <a href=\"https:\/\/moverdb.com\/pt\/moving-to-italy\/\" data-internallinksmanager029f6b8e52c=\"346\" title=\"Est\u00e1 se mudando para a It\u00e1lia? 2026 Custo de vida e dicas de realoca\u00e7\u00e3o\">It\u00e1lia<\/a>, que t\u00eam 4+. <\/p>\n<p>A id\u00e9ia do EM \u00e9 oferecer aos clientes uma abordagem mais coesa para uma mudan\u00e7a internacional, conectando as empresas de mudan\u00e7as locais independentes. O pr\u00f3prio EM coordena o processo onde a mudan\u00e7a est\u00e1 dentro da UE. <\/p>\n<p>O que torna o EM distinto \u00e9 o fato de que ele tem um comando centralizado, mas trabalha com as empresas de mudan\u00e7as locais, mantendo o conhecimento e as conex\u00f5es locais, al\u00e9m de ser capaz de oferecer controle central.<\/p>\n<p><strong>Crit\u00e9rios de ades\u00e3o:<\/strong><\/p>\n<p>Nenhum crit\u00e9rio de filia\u00e7\u00e3o est\u00e1 listado no site - em vez disso, o site diz isto:<\/p>\n<blockquote><p>Certamente \u00e9 preciso mais do que ter realizado uma ou duas remo\u00e7\u00f5es dom\u00e9sticas para se tornar um parceiro.<\/p>\n<p>Se voc\u00ea acredita que pode se beneficiar das sinergias que uma rede pode proporcionar, e se voc\u00ea acha que algumas de suas id\u00e9ias frescas e n\u00e3o convencionais devem ser fundidas com a experi\u00eancia de mais de 30 anos de mudan\u00e7a, voc\u00ea encontrou agora a fonte certa. <\/p>\n<p>Para saber mais sobre as principais tecnologias e outras vantagens \u00e0s quais todos os parceiros Eurovan t\u00eam acesso, favor entrar em contato com Tobia Crisostomo. Ele ter\u00e1 prazer em responder quaisquer perguntas que voc\u00ea possa ter sobre os benef\u00edcios de se tornar um parceiro Eurovan, e ajud\u00e1-lo a entrar no caminho para uma maior visibilidade e flexibilidade no neg\u00f3cio de mudan\u00e7as.<\/p><\/blockquote>\n<p>EUROVAN - A Rede Internacional de Movimentos<br \/>\nTobia Crisostomo<br \/>\nNeckarauer Stra\u00dfe 35\/41<br \/>\nD-68199 Mannheim, Alemanha<br \/>\nTel..: +49(0)621-3 97 40 93<br \/>\nFax: +49(0)621-3 97 40 94<br \/>\nEmail: crisostomo@eurovan.com<\/p>\n<p><strong>Exemplos de empresas membros<\/strong><\/p>\n<ul>\n<li> <a href=\"https:\/\/moverdb.com\/pt\/movecorp\/\">Movecorp<\/a><\/li>\n<\/ul>\n<p><strong>Opini\u00f5es sobre a Eurovan International Movers Network<\/strong><\/p>\n<p>Eurovan Movers n\u00e3o aparece t\u00e3o freq\u00fcentemente online - o que n\u00e3o surpreende dado seu n\u00famero limitado de \"parceiros\" - mas l\u00e1 <a href=\"http:\/\/www.centralmoves.co.uk\/removal-solutions\/uk-removals\/\" target=\"_blank\" rel=\"noopener\">s\u00e3o um casal<\/a> de empresas que <a href=\"http:\/\/pegasusmoving.fi\/cr3ativsponsor\/eurovan-the-european-movers-network\" target=\"_blank\" rel=\"noopener\">mencione-o<\/a>. <\/p>\n<p>Existem <a href=\"http:\/\/www.complaintsboard.com\/complaints\/eurovan-movers-c292449.html\" target=\"_blank\" rel=\"noopener\">uma s\u00e9rie de<\/a> <a href=\"http:\/\/panamainternationalmovers.blogspot.co.uk\" target=\"_blank\" rel=\"noopener\">m\u00e1s cr\u00edticas<\/a> para a <a href=\"https:\/\/moverdb.com\/pt\/moving-to-panama\/\" data-internallinksmanager029f6b8e52c=\"432\" title=\"Est\u00e1 se mudando para o Panam\u00e1? 2026 Custo de vida e dicas de realoca\u00e7\u00e3o\">Panam\u00e1<\/a> parceiro do grupo - respons\u00e1vel por uma experi\u00eancia negativa, itens roubados e itens danificados. <\/p>\n<p>Agora n\u00e3o h\u00e1 nenhum parceiro do Panam\u00e1 listado no site da Eurovan Movers, portanto pode ser que a parceria tenha sido dissolvida ap\u00f3s as reclama\u00e7\u00f5es. <a href=\"https:\/\/moverdb.com\/pt\/organizacoes-associacoes\/\">Eurovan est\u00e1 listado como um<\/a> das \"mais importantes organiza\u00e7\u00f5es internacionais de mudan\u00e7as e navega\u00e7\u00e3o, associa\u00e7\u00f5es, esquemas, guildas, conselhos, etc.\" ao lado de organiza\u00e7\u00f5es tais como <a href=\"https:\/\/moverdb.com\/pt\/british-association-of-removers\/\" data-internallinksmanager029f6b8e52c=\"9\" title=\"Associa\u00e7\u00e3o Brit\u00e2nica de Removers (BAR) Explicada\">Associa\u00e7\u00e3o Brit\u00e2nica de Removedores<\/a>.<\/p>\n<p><strong>Website:<\/strong> <a href=\"http:\/\/www.eurovan.com\/\" target=\"_blank\" rel=\"noopener\">http:\/\/www.eurovan.com\/<\/a><\/p>","protected":false},"excerpt":{"rendered":"<p>Eurovan International Movers Network (EM) is a network of independent local movers based in Germany. The network is designed to respond to the need to be able to provide consistent levels of service for international moves that may cross several countries. Key facts about Eurovan International Movers Network: Where a move is taking place entirely [&hellip;]<\/p>\n","protected":false},"author":1,"featured_media":0,"parent":0,"menu_order":0,"comment_status":"closed","ping_status":"closed","template":"","meta":{"_genesis_hide_title":false,"_genesis_hide_breadcrumbs":false,"_genesis_hide_singular_image":false,"_genesis_hide_footer_widgets":false,"_genesis_custom_body_class":"","_genesis_custom_post_class":"","_genesis_layout":"","footnotes":""},"class_list":{"0":"post-449","1":"page","2":"type-page","3":"status-publish","5":"entry"},"_links":{"self":[{"href":"https:\/\/moverdb.com\/pt\/wp-json\/wp\/v2\/pages\/449","targetHints":{"allow":["GET"]}}],"collection":[{"href":"https:\/\/moverdb.com\/pt\/wp-json\/wp\/v2\/pages"}],"about":[{"href":"https:\/\/moverdb.com\/pt\/wp-json\/wp\/v2\/types\/page"}],"author":[{"embeddable":true,"href":"https:\/\/moverdb.com\/pt\/wp-json\/wp\/v2\/users\/1"}],"replies":[{"embeddable":true,"href":"https:\/\/moverdb.com\/pt\/wp-json\/wp\/v2\/comments?post=449"}],"version-history":[{"count":7,"href":"https:\/\/moverdb.com\/pt\/wp-json\/wp\/v2\/pages\/449\/revisions"}],"predecessor-version":[{"id":6205,"href":"https:\/\/moverdb.com\/pt\/wp-json\/wp\/v2\/pages\/449\/revisions\/6205"}],"wp:attachment":[{"href":"https:\/\/moverdb.com\/pt\/wp-json\/wp\/v2\/media?parent=449"}],"curies":[{"name":"wp","href":"https:\/\/api.w.org\/{rel}","templated":true}]}}