{"id":448,"date":"2016-07-04T14:52:09","date_gmt":"2016-07-04T14:52:09","guid":{"rendered":"http:\/\/moverdb.com\/?page_id=448"},"modified":"2026-01-08T13:18:20","modified_gmt":"2026-01-08T13:18:20","slug":"freight-transport-association","status":"publish","type":"page","link":"https:\/\/moverdb.com\/pt\/freight-transport-association\/","title":{"rendered":"Associa\u00e7\u00e3o de Transporte de Cargas (FTA) Explicada"},"content":{"rendered":"<p>A Associa\u00e7\u00e3o de Transporte de Cargas (FTA) foi criada para representar os interesses de <a href=\"https:\/\/moverdb.com\/pt\/empresas-de-transporte-maritimo\/\">empresas de log\u00edstica<\/a>quer estejam movimentando mercadorias por via mar\u00edtima, a\u00e9rea, rodovi\u00e1ria ou ferrovi\u00e1ria. Tem estado envolvida em campanhas de alto perfil em quest\u00f5es como o servi\u00e7o de combust\u00edvel e licenciamento.<\/p>\n<p><strong>Principais fatos sobre o TLC:<\/strong><\/p>\n<ul>\n<li>  O TLC pode tra\u00e7ar suas ra\u00edzes at\u00e9 1889.<\/li>\n<li>  Os membros do TLC operam mais de 200.000 caminh\u00f5es - quase metade do <a href=\"https:\/\/moverdb.com\/pt\/moving-to-the-uk\/\" data-internallinksmanager029f6b8e52c=\"93\" title=\"Mudando-se para o Reino Unido? 2026 Custos de Vida e Dicas de Reloca\u00e7\u00e3o\">REINO UNIDO<\/a> frota.<\/li>\n<li>  Os membros entregam mais de 90% de cargas movimentadas por ferrovia.<\/li>\n<li>  Os membros do FTA s\u00e3o respons\u00e1veis por 70% das exporta\u00e7\u00f5es vis\u00edveis do Reino Unido por via mar\u00edtima e a\u00e9rea.<\/li>\n<li>  O FTA tem mais de 15.000 membros e \u00e9 a maior associa\u00e7\u00e3o de com\u00e9rcio de carga do Reino Unido.<\/li>\n<li>  Os 360 funcion\u00e1rios do FTA lidam com mais de 50.000 consultas de membros a cada ano.<\/li>\n<li>  A ades\u00e3o ao TLC \u00e9 limitada a <a href=\"https:\/\/moverdb.com\/pt\/remocoes-internacionais\/\">Empresas brit\u00e2nicas<\/a>.<\/li>\n<\/ul>\n<p><strong>Perfil da Associa\u00e7\u00e3o de Transporte de Cargas:<\/strong><\/p>\n<p>O TLC define sua miss\u00e3o como \"log\u00edstica segura, sustent\u00e1vel e eficiente\". Ela tem v\u00e1rias fun\u00e7\u00f5es diferentes, incluindo a representa\u00e7\u00e3o de membros em n\u00edvel local, nacional e europeu e a realiza\u00e7\u00e3o de campanhas para aumentar a conscientiza\u00e7\u00e3o do setor de log\u00edstica. <\/p>\n<p>O TLC tamb\u00e9m assegura que os membros estejam atualizados com as mais recentes exig\u00eancias de conformidade para seus neg\u00f3cios e fornece uma ampla sele\u00e7\u00e3o de esquemas de treinamento que s\u00e3o projetados para ajudar a elevar os padr\u00f5es e melhorar as condi\u00e7\u00f5es de trabalho. <\/p>\n<p>Al\u00e9m disso, o TLC \u00e9 uma fonte de informa\u00e7\u00e3o sobre o setor que representa, produzindo relat\u00f3rios sobre t\u00f3picos como a forma como a ind\u00fastria de log\u00edstica opera e os desafios que enfrenta. <\/p>\n<p>Os benef\u00edcios da associa\u00e7\u00e3o incluem briefings e guias de conformidade, um servi\u00e7o de recupera\u00e7\u00e3o de ve\u00edculos pagos e um diret\u00f3rio de fornecedores on-line.<\/p>\n<p>As categorias de filia\u00e7\u00e3o incluem:<\/p>\n<ul>\n<li> Associa\u00e7\u00e3o de Operadores de Ve\u00edculos<\/li>\n<li> Afilia\u00e7\u00e3o de operadores sem ve\u00edculos<\/li>\n<li> Associa\u00e7\u00e3o de Passageiros<\/li>\n<li> Afilia\u00e7\u00e3o a autoridades locais<\/li>\n<li> Afilia\u00e7\u00e3o \u00e0 Autoridade Estatut\u00e1ria<\/li>\n<li> Filia\u00e7\u00e3o em filiais<\/li>\n<\/ul>\n<p><strong>Crit\u00e9rios de ades\u00e3o:<\/strong><\/p>\n<p>O TLC oferece os diferentes tipos de filia\u00e7\u00e3o listados abaixo. N\u00e3o h\u00e1 crit\u00e9rios fornecidos quanto a quem pode se tornar membro, mas as empresas devem se enquadrar na defini\u00e7\u00e3o de uma das empresas abaixo e concordar com os termos do Contrato Social da Associa\u00e7\u00e3o de Transporte de Cargas Ltda. <\/p>\n<p>Algumas informa\u00e7\u00f5es adicionais s\u00e3o necess\u00e1rias para cada categoria de associa\u00e7\u00e3o para apoiar a solicita\u00e7\u00e3o, como indicado abaixo.<\/p>\n<ul>\n<li> Associa\u00e7\u00e3o de Operadores de Ve\u00edculos - n\u00famero de ve\u00edculos operados e natureza do neg\u00f3cio.<\/li>\n<li> Afilia\u00e7\u00e3o de operadores sem ve\u00edculos - natureza do neg\u00f3cio.<\/li>\n<li> Associa\u00e7\u00e3o de passageiros - volume de neg\u00f3cios anual, natureza do neg\u00f3cio, n\u00famero de ve\u00edculos operados.<\/li>\n<li> Afilia\u00e7\u00e3o a autoridades locais - n\u00famero de ve\u00edculos operados e popula\u00e7\u00e3o da regi\u00e3o atendida pela autoridade local.<\/li>\n<li> Afilia\u00e7\u00e3o \u00e0 autoridade estatut\u00e1ria - n\u00famero de ve\u00edculos operados e popula\u00e7\u00e3o da autoridade regional atendida.<\/li>\n<li> Filia\u00e7\u00e3o a filiais - n\u00famero de ve\u00edculos operados, natureza do neg\u00f3cio.<\/li>\n<\/ul>\n<p><strong>Exemplos de empresas membros<\/strong><\/p>\n<ul>\n<li> <a href=\"https:\/\/moverdb.com\/pt\/shore-porters-society\/\">Shore Porters Society<\/a><\/li>\n<li> <a href=\"https:\/\/moverdb.com\/pt\/movecorp\/\">Movecorp<\/a><\/li>\n<\/ul>\n<p><strong>Opini\u00f5es sobre o TLC:<\/strong><\/p>\n<p>O TLC tem o apoio de grandes nomes da ind\u00fastria - como a PWC, que coloca seu nome na lista anual de <a href=\"http:\/\/www.pwc.co.uk\/industries\/transport-logistics\/fta-logistics-report-2014.html\" target=\"_blank\" rel=\"noopener\">Relat\u00f3rio de Log\u00edstica da Associa\u00e7\u00e3o de Transporte de Cargas<\/a> e descreve o TLC como \"uma das maiores associa\u00e7\u00f5es comerciais do Reino Unido\".<\/p>\n<p>O TLC \u00e9 mencionado como um parceiro para o <a href=\"http:\/\/www.csrf.ac.uk\/partner\/freight-transport-association\/\" target=\"_blank\" rel=\"noopener\">Centro de Transporte Rodovi\u00e1rio Sustent\u00e1vel de Cargas<\/a> e as colabora\u00e7\u00f5es aparecem em quest\u00f5es relacionadas, como o desenvolvimento de um <a href=\"http:\/\/www.osapartnershipgroup.co.uk\/campaign2-fta.html\" target=\"_blank\" rel=\"noopener\">Certificado de Compet\u00eancia Profissional<\/a> com o Grupo Apnoeia do Sono Obstrutivo. O TLC \u00e9 mencionado em <a href=\"http:\/\/www.lombard.co.uk\/our-expertise\/commercial-transportation\/industry-associations\/fta\" target=\"_blank\" rel=\"noopener\">os websites de um n\u00famero<\/a> de seus membros e \u00e9 citado freq\u00fcentemente onde h\u00e1 um problema que representa a ind\u00fastria de log\u00edstica.<\/p>\n<p><strong>Website:<\/strong> <a href=\"http:\/\/www.fta.co.uk\/\" target=\"_blank\" rel=\"noopener\">http:\/\/www.fta.co.uk\/<\/a><\/p>\n<p><strong>Para saber mais sobre envio, veja:<\/strong> <a href=\"https:\/\/moverdb.com\/pt\/transporte-de-conteineres\/\">2018 Tarifas e custos de transporte internacional de cont\u00eaineres<\/a> e <a href=\"https:\/\/moverdb.com\/pt\/transitario-de-carga\/\">Freight Forwarder &amp; NVOCC International Cost &amp; Companies Guide<\/a><\/p>","protected":false},"excerpt":{"rendered":"<p>The Freight Transport Association (FTA) was set up to represent the interests of logistics companies, whether they are moving goods by sea, air, road or rail. It has been involved in high profile campaigns on issues such as fuel duty and licensing. Key facts about the FTA: The FTA can trace its roots back to [&hellip;]<\/p>\n","protected":false},"author":1,"featured_media":0,"parent":0,"menu_order":0,"comment_status":"closed","ping_status":"closed","template":"","meta":{"_genesis_hide_title":false,"_genesis_hide_breadcrumbs":false,"_genesis_hide_singular_image":false,"_genesis_hide_footer_widgets":false,"_genesis_custom_body_class":"","_genesis_custom_post_class":"","_genesis_layout":"","footnotes":""},"class_list":{"0":"post-448","1":"page","2":"type-page","3":"status-publish","5":"entry"},"_links":{"self":[{"href":"https:\/\/moverdb.com\/pt\/wp-json\/wp\/v2\/pages\/448","targetHints":{"allow":["GET"]}}],"collection":[{"href":"https:\/\/moverdb.com\/pt\/wp-json\/wp\/v2\/pages"}],"about":[{"href":"https:\/\/moverdb.com\/pt\/wp-json\/wp\/v2\/types\/page"}],"author":[{"embeddable":true,"href":"https:\/\/moverdb.com\/pt\/wp-json\/wp\/v2\/users\/1"}],"replies":[{"embeddable":true,"href":"https:\/\/moverdb.com\/pt\/wp-json\/wp\/v2\/comments?post=448"}],"version-history":[{"count":11,"href":"https:\/\/moverdb.com\/pt\/wp-json\/wp\/v2\/pages\/448\/revisions"}],"predecessor-version":[{"id":6213,"href":"https:\/\/moverdb.com\/pt\/wp-json\/wp\/v2\/pages\/448\/revisions\/6213"}],"wp:attachment":[{"href":"https:\/\/moverdb.com\/pt\/wp-json\/wp\/v2\/media?parent=448"}],"curies":[{"name":"wp","href":"https:\/\/api.w.org\/{rel}","templated":true}]}}