{"id":447,"date":"2016-07-05T14:22:52","date_gmt":"2016-07-05T14:22:52","guid":{"rendered":"http:\/\/moverdb.com\/?page_id=447"},"modified":"2026-01-08T14:48:21","modified_gmt":"2026-01-08T14:48:21","slug":"fedemac","status":"publish","type":"page","link":"https:\/\/moverdb.com\/pt\/fedemac\/","title":{"rendered":"Federa\u00e7\u00e3o das Associa\u00e7\u00f5es Europ\u00e9ias de Governantes (FEDEMAC) Explicou"},"content":{"rendered":"<p>A Federation of European Movers Association (FEDEMAC) \u00e9 um \u00f3rg\u00e3o europeu que foi criado para promover a ind\u00fastria de mudan\u00e7as em n\u00edvel europeu. Seus membros s\u00e3o predominantemente compostos por associa\u00e7\u00f5es nacionais de mudan\u00e7as.<\/p>\n<p><strong>Principais fatos sobre a FEDEMAC<\/strong><\/p>\n<ul>\n<li>  A FEDEMAC \u00e9 composta por Associa\u00e7\u00f5es Nacionais de Mudan\u00e7as localizadas na Europa.<\/li>\n<li>  A FEDEMAC representa os interesses de cerca de 3.000 profissionais <a href=\"https:\/\/moverdb.com\/pt\/moving-companies\/\" data-internallinksmanager029f6b8e52c=\"79\" title=\"As 25 maiores empresas de mudan\u00e7as internacionais on-line\">empresas de mudan\u00e7as<\/a>.<\/li>\n<li>  Os membros est\u00e3o localizados em 26 pa\u00edses europeus, sendo que 24 deles s\u00e3o estados membros da UE. <a href=\"https:\/\/moverdb.com\/pt\/moving-to-switzerland\/\" data-internallinksmanager029f6b8e52c=\"327\" title=\"Est\u00e1 se mudando para a Su\u00ed\u00e7a? 2026 Custo de vida e dicas de realoca\u00e7\u00e3o\">Su\u00ed\u00e7a<\/a> e <a href=\"https:\/\/moverdb.com\/pt\/moving-to-norway\/\" data-internallinksmanager029f6b8e52c=\"325\" title=\"Est\u00e1 se mudando para a Noruega? 2026 Custo de vida e dicas de realoca\u00e7\u00e3o\">Noruega<\/a> tamb\u00e9m s\u00e3o representados pela FEDEMAC.<\/li>\n<li>  A FEDEMAC \u00e9 administrada por uma assembl\u00e9ia geral que se re\u00fane uma vez por ano e \u00e9 composta por representantes dos Membros da FEDEMAC (Associa\u00e7\u00f5es Membro e Empresas Membro Direto Filiadas).<\/li>\n<li>  Muito do trabalho da FEDEMAC \u00e9 promover os interesses dos membros no Parlamento e na Comiss\u00e3o da UE.<\/li>\n<\/ul>\n<p><strong>Perfil da Federa\u00e7\u00e3o das Associa\u00e7\u00f5es Europ\u00e9ias de Governantes:<\/strong><\/p>\n<p>O prop\u00f3sito da FEDEMAC \u00e9 representar a ind\u00fastria de mudan\u00e7as na Europa, suas preocupa\u00e7\u00f5es, suas necessidades e seu prop\u00f3sito. Ela tamb\u00e9m foi projetada para ajudar a coordenar as atividades de seus membros a fim de criar o m\u00e1ximo impacto na Europa. <\/p>\n<p>Uma grande parte do trabalho diz respeito \u00e0 apresenta\u00e7\u00e3o dos interesses dos membros ao Parlamento e \u00e0 Comiss\u00e3o da UE, assim como \u00e0 liga\u00e7\u00e3o entre as associa\u00e7\u00f5es nacionais de mudan\u00e7as e outras organiza\u00e7\u00f5es comerciais. <\/p>\n<p>Os membros da FEDEMAC s\u00e3o, em sua maioria, associa\u00e7\u00f5es nacionais de mudan\u00e7as (por exemplo <a href=\"https:\/\/moverdb.com\/pt\/remocoes-internacionais\/\" target=\"_blank\" rel=\"noopener\">no Reino Unido<\/a>o membro \u00e9 o <a href=\"https:\/\/moverdb.com\/pt\/british-association-of-removers\/\" target=\"_blank\" rel=\"noopener\">Associa\u00e7\u00e3o Brit\u00e2nica de Removedores<\/a>), no entanto, tamb\u00e9m \u00e9 poss\u00edvel que empresas individuais qualificadas se tornem Afiliadas Diretas da FEDEMAC onde n\u00e3o existe associa\u00e7\u00e3o ou uma associa\u00e7\u00e3o mas n\u00e3o est\u00e1 interessada em ser membro da FEDEMAC. <\/p>\n<p>Parte do papel da FEDEMAC \u00e9 manter os membros atualizados com a pol\u00edtica europ\u00e9ia e oferece uma gama de recursos atrav\u00e9s de seu website para fazer isso, bem como um n\u00famero de publica\u00e7\u00f5es para os membros, um diret\u00f3rio e uma confer\u00eancia anual.<\/p>\n<p><strong>Crit\u00e9rios de ades\u00e3o:<\/strong><\/p>\n<p>A filia\u00e7\u00e3o \u00e9 feita atrav\u00e9s de uma associa\u00e7\u00e3o nacional - as <a href=\"https:\/\/moverdb.com\/pt\/moving-to-the-uk\/\" data-internallinksmanager029f6b8e52c=\"93\" title=\"Mudando-se para o Reino Unido? 2026 Custos de Vida e Dicas de Reloca\u00e7\u00e3o\">REINO UNIDO<\/a> que desejam fazer parte da FEDEMAC precisariam se filiar \u00e0 Associa\u00e7\u00e3o Brit\u00e2nica de Remotores.<br \/>\nPara a maioria dos pa\u00edses, a ades\u00e3o \u00e9 feita atrav\u00e9s de uma associa\u00e7\u00e3o nacional de mudan\u00e7as.<\/p>\n<p><strong>Exemplos de empresas membros<\/strong><\/p>\n<ul>\n<li> <a href=\"https:\/\/moverdb.com\/pt\/matthew-james\/\">Matthew James Global Relocations<\/a><\/li>\n<li> <a href=\"https:\/\/moverdb.com\/pt\/movecorp\/\">Movecorp<\/a><\/li>\n<li> <a href=\"https:\/\/moverdb.com\/pt\/pearson\/\">Pearson Home Moving<\/a><\/li>\n<li> <a href=\"https:\/\/moverdb.com\/pt\/simpsons-removals\/\">Remo\u00e7\u00e3o e armazenagem de Simpsons<\/a><\/li>\n<li> <a href=\"https:\/\/moverdb.com\/pt\/abels-removals\/\">Abels Moving Services<\/a><\/li>\n<li> <a href=\"https:\/\/moverdb.com\/pt\/eagle-relocations\/\">Deslocamentos da \u00c1guia<\/a><\/li>\n<li> <a href=\"https:\/\/moverdb.com\/pt\/btr-internacional\/\">BTR Internacional<\/a><\/li>\n<li> <a href=\"https:\/\/moverdb.com\/pt\/fn-removals\/\">F&amp;N Mudan\u00e7as Mundiais<\/a><\/li>\n<li> <a href=\"https:\/\/moverdb.com\/pt\/bolliger\/\">Bolliger<\/a><\/li>\n<li> <a href=\"https:\/\/moverdb.com\/pt\/gil-stauffer\/\">Gil Stauffer<\/a><\/li>\n<li> <a href=\"https:\/\/moverdb.com\/pt\/teletrans\/\">Teletrans<\/a><\/li>\n<\/ul>\n<p><strong>Opini\u00f5es sobre a FEDEMAC<\/strong><\/p>\n<p>A FEDEMAC \u00e9 obviamente muito conceituada por aqueles <a href=\"http:\/\/www.abels.co.uk\/articles\/fedemac-federation-of-european-movers-associations-what-does-this-mean\/\" target=\"_blank\" rel=\"noopener\">que o mencionam<\/a> e visto como desempenhando um papel importante na representa\u00e7\u00e3o dos interesses das empresas de mudan\u00e7as da Europa. Algumas empresas de mudan\u00e7as indicam que s\u00e3o membros individuais, em vez de serem membros atrav\u00e9s da Associa\u00e7\u00e3o Brit\u00e2nica de Mudan\u00e7as. Outros se listam como credenciados pela FEDEMAC, o que \u00e9 algo que a organiza\u00e7\u00e3o n\u00e3o faz.<\/p>\n<p><strong>Website:<\/strong> <a href=\"https:\/\/www.fedemac.eu\" target=\"_blank\" rel=\"noopener\">https:\/\/www.fedemac.eu<\/a><\/p>","protected":false},"excerpt":{"rendered":"<p>The Federation of European Movers Association (FEDEMAC) is a European body that has been established to promote the moving industry on a European level. Its membership is predominantly made up of national moving associations. Key facts about FEDEMAC FEDEMAC membership is made up of National Moving Associations located in Europe. FEDEMAC represents the interests of [&hellip;]<\/p>\n","protected":false},"author":1,"featured_media":0,"parent":0,"menu_order":0,"comment_status":"closed","ping_status":"closed","template":"","meta":{"_genesis_hide_title":false,"_genesis_hide_breadcrumbs":false,"_genesis_hide_singular_image":false,"_genesis_hide_footer_widgets":false,"_genesis_custom_body_class":"","_genesis_custom_post_class":"","_genesis_layout":"","footnotes":""},"class_list":{"0":"post-447","1":"page","2":"type-page","3":"status-publish","5":"entry"},"_links":{"self":[{"href":"https:\/\/moverdb.com\/pt\/wp-json\/wp\/v2\/pages\/447","targetHints":{"allow":["GET"]}}],"collection":[{"href":"https:\/\/moverdb.com\/pt\/wp-json\/wp\/v2\/pages"}],"about":[{"href":"https:\/\/moverdb.com\/pt\/wp-json\/wp\/v2\/types\/page"}],"author":[{"embeddable":true,"href":"https:\/\/moverdb.com\/pt\/wp-json\/wp\/v2\/users\/1"}],"replies":[{"embeddable":true,"href":"https:\/\/moverdb.com\/pt\/wp-json\/wp\/v2\/comments?post=447"}],"version-history":[{"count":21,"href":"https:\/\/moverdb.com\/pt\/wp-json\/wp\/v2\/pages\/447\/revisions"}],"predecessor-version":[{"id":6209,"href":"https:\/\/moverdb.com\/pt\/wp-json\/wp\/v2\/pages\/447\/revisions\/6209"}],"wp:attachment":[{"href":"https:\/\/moverdb.com\/pt\/wp-json\/wp\/v2\/media?parent=447"}],"curies":[{"name":"wp","href":"https:\/\/api.w.org\/{rel}","templated":true}]}}