{"id":445,"date":"2016-06-21T20:35:30","date_gmt":"2016-06-21T20:35:30","guid":{"rendered":"http:\/\/moverdb.com\/?page_id=445"},"modified":"2026-01-08T14:47:36","modified_gmt":"2026-01-08T14:47:36","slug":"associacao-relocacao-profissionais","status":"publish","type":"page","link":"https:\/\/moverdb.com\/pt\/association-relocation-professionals\/","title":{"rendered":"Associa\u00e7\u00e3o de Profissionais de Reloca\u00e7\u00e3o (ARP) Explicada"},"content":{"rendered":"<p>A Association of Relocation Professionals (ARP) \u00e9 um \u00f3rg\u00e3o profissional para a ind\u00fastria de realoca\u00e7\u00e3o no <a href=\"https:\/\/moverdb.com\/pt\/moving-to-the-uk\/\" data-internallinksmanager029f6b8e52c=\"93\" title=\"Mudando-se para o Reino Unido? 2026 Custos de Vida e Dicas de Reloca\u00e7\u00e3o\">REINO UNIDO<\/a>. Sua miss\u00e3o n\u00e3o \u00e9 apenas representar seus membros, mas ajud\u00e1-los a se comercializar e crescer tamb\u00e9m.<\/p>\n<p><strong>Principais fatos sobre o ARP:<\/strong><\/p>\n<ul>\n<li>  O ARP \u00e9 o \u00f3rg\u00e3o para profissionais de realoca\u00e7\u00e3o no Reino Unido.<\/li>\n<li>  A Associa\u00e7\u00e3o de Profissionais de Deslocaliza\u00e7\u00e3o foi formada em 1986.<\/li>\n<li>  Os membros da ARP t\u00eam seguro de indeniza\u00e7\u00e3o profissional completo, seguro de responsabilidade civil p\u00fablico e patronal para proteger clientes e fornecedores.<\/li>\n<li>  A ARP tem um conjunto de regras de conduta que os membros devem cumprir, o que inclui regras sobre como o dinheiro do cliente \u00e9 tratado e evitando deturpa\u00e7\u00f5es.<\/li>\n<li>  Todos os Membros que oferecem servi\u00e7os de realoca\u00e7\u00e3o devem demonstrar que aderiram a um Esquema de Remo\u00e7\u00e3o de Propriedade e se inscreveram no Registro Anti-Lavagem de Dinheiro do HMRC, caso estejam envolvidos na compra de propriedade.<\/li>\n<li>  A ARP \u00e9 membro fundador e patrocinador da Academia Europ\u00e9ia de Profissionais de Realoca\u00e7\u00e3o (EARP), a primeira organiza\u00e7\u00e3o a oferecer qualifica\u00e7\u00f5es de treinamento europeu em realoca\u00e7\u00e3o.<\/li>\n<\/ul>\n<p><strong>Perfil da Associa\u00e7\u00e3o de Profissionais de Deslocaliza\u00e7\u00e3o:<\/strong><\/p>\n<p>A ARP \u00e9 descrita como o \u00f3rg\u00e3o profissional para neg\u00f3cios de realoca\u00e7\u00e3o no Reino Unido e representa uma gama de membros, desde Especialistas em Realoca\u00e7\u00e3o Corporativa, at\u00e9 Locadores de Propriedade e outros que fornecem servi\u00e7os especializados de realoca\u00e7\u00e3o. <\/p>\n<p>A ARP realiza treinamento credenciado para seus membros - como parte da Academia Europ\u00e9ia de Profissionais de Realoca\u00e7\u00e3o (EARP), oferece a qualifica\u00e7\u00e3o de Gerenciamento de Mobilidade Internacional (MIM), bem como a Qualifica\u00e7\u00e3o de Realoca\u00e7\u00e3o Europ\u00e9ia (ERQ). <\/p>\n<p>A ARP produz um diret\u00f3rio de membros que \u00e9 enviado a 6.000 gerentes de RH, diretores e HRO's em todo o Reino Unido, sendo a id\u00e9ia ajudar a promover os membros e ajud\u00e1-los a se comercializarem melhor. <\/p>\n<p>O ARP foi projetado para ser tanto um compromisso com as melhores pr\u00e1ticas, satisfa\u00e7\u00e3o do cliente e profissionalismo e um f\u00f3rum de troca de id\u00e9ias para ajudar a manter a ind\u00fastria em movimento.<\/p>\n<p><strong>Crit\u00e9rios de ades\u00e3o:<\/strong><\/p>\n<p><u>Associa\u00e7\u00e3o de associados<\/u><\/p>\n<p>A ARP se aplica \u00e0queles que n\u00e3o se qualificam para a ades\u00e3o plena e est\u00e1 aberta a empresas cujas atividades comerciais estejam relacionadas e cuja renda seja proveniente de pessoas f\u00edsicas ou jur\u00eddicas para a presta\u00e7\u00e3o de servi\u00e7os relacionados \u00e0 relocaliza\u00e7\u00e3o.<\/p>\n<p>A <a href=\"https:\/\/moverdb.com\/pt\/mudancas-empresas\/\">empresa de reloca\u00e7\u00e3o<\/a> \u00e9 considerada como qualquer organiza\u00e7\u00e3o que oferece uma gama de servi\u00e7os destinados a facilitar a mobilidade de indiv\u00edduos, ou grupos de indiv\u00edduos e suas fam\u00edlias.<\/p>\n<p>Tais servi\u00e7os podem ser entregues na \u00e1rea de partida ou destino ou em ambos. A Associa\u00e7\u00e3o Associada da ARP pretende ser um trampolim para a Associa\u00e7\u00e3o Integral e toda a assist\u00eancia ser\u00e1 dada a voc\u00ea para alcan\u00e7ar este objetivo.<\/p>\n<p><u>Afiliados<\/u><\/p>\n<p>Para empresas que prestam servi\u00e7os utilizados por profissionais de realoca\u00e7\u00e3o, mas cuja atividade principal tem uma base de clientes mais ampla.<\/p>\n<p><u>Afilia\u00e7\u00e3o plena<\/u><\/p>\n<p>Para as empresas que operam h\u00e1 mais de dois anos.<\/p>\n<p>Os Membros Associados s\u00e3o obrigados a apresentar refer\u00eancias que s\u00e3o ent\u00e3o verificadas e submetidas ao Comit\u00ea de Associados da ARP para o exame final. Os Membros Associados s\u00e3o obrigados a realizar treinamento no N\u00edvel Um do programa do EARP antes de poderem se candidatar a Membro Pleno.<\/p>\n<p>Os Membros Plenos devem ter sido negociados por mais de dois anos e devem apresentar um requerimento incluindo refer\u00eancias de tr\u00eas clientes.<\/p>\n<p><strong>Exemplos de empresas membros<\/strong><\/p>\n<ul>\n<li> <a href=\"https:\/\/moverdb.com\/pt\/sterling-relocation\/\">Deslocaliza\u00e7\u00e3o da libra esterlina<\/a><\/li>\n<li> <a href=\"https:\/\/moverdb.com\/pt\/dt-moving\/\">DT Moving<\/a><\/li>\n<li> <a href=\"https:\/\/moverdb.com\/pt\/btr-internacional\/\">BTR Internacional<\/a><\/li>\n<\/ul>\n<p><strong>Opini\u00f5es sobre o ARP:<\/strong><\/p>\n<p>O ARP aparece em numerosos sites do Reino Unido e \u00e9 descrito como o \u00f3rg\u00e3o profissional que os fornecedores de realoca\u00e7\u00e3o no exterior no Reino Unido. <\/p>\n<p>Ser um membro da ARP \u00e9 visto como uma demonstra\u00e7\u00e3o de que um neg\u00f3cio de realoca\u00e7\u00e3o est\u00e1 atendendo e excedendo os padr\u00f5es reconhecidos pela ind\u00fastria. De acordo com <a href=\"http:\/\/www.bloomberg.com\/profiles\/companies\/1519530Z:LN-association-of-relocation-professionals\/\" target=\"_blank\" rel=\"noopener\">Bloomberg<\/a> a principal atividade da ARP <em>\"\u00e9 promover e proteger os neg\u00f3cios e a profiss\u00e3o dos agentes de realoca\u00e7\u00e3o\".<\/em> V\u00e1rios dos que citam o ARP em seus sites na Internet afirmam que ele est\u00e1 estabelecendo padr\u00f5es para a ind\u00fastria em termos de melhores pr\u00e1ticas, atendimento ao cliente e profissionalismo.<\/p>\n<blockquote><p>Encorajando as melhores pr\u00e1ticas dentro do setor e encarregados de manter os membros a par das \u00faltimas mudan\u00e7as legislativas, desde lavagem de dinheiro at\u00e9 casas com m\u00faltiplas ocupa\u00e7\u00f5es, nossa afilia\u00e7\u00e3o \u00e9 um compromisso para voc\u00ea de que estamos na vanguarda, e temos sido por mais de 25 anos, da profiss\u00e3o de recoloca\u00e7\u00e3o.<\/p><\/blockquote>\n<p>\u2013 <a href=\"http:\/\/scottsrelocation.co.uk\/association-of-relocation-professionals\" target=\"_blank\" rel=\"noopener\">A recoloca\u00e7\u00e3o de Scott<\/a><\/p>\n<blockquote><p>Como membro da Association of Relocation Professionals (ARP) Source, os clientes podem ter certeza de que o servi\u00e7o prestado atende e excede os padr\u00f5es reconhecidos pela ind\u00fastria.<\/p><\/blockquote>\n<p>\u2013  <a href=\"http:\/\/www.source-relocation.co.uk\/index.aspx\" target=\"_blank\" rel=\"noopener\">Deslocaliza\u00e7\u00e3o da fonte<\/a><\/p>\n<blockquote><p>Composto por representantes de todos os setores da ind\u00fastria, o conselho orienta o trabalho da Associa\u00e7\u00e3o a partir do zero, garantindo assim que a Associa\u00e7\u00e3o permane\u00e7a no foco das mudan\u00e7as de realoca\u00e7\u00e3o.<\/p>\n<p>Os membros da ARP t\u00eam seguro de indeniza\u00e7\u00e3o profissional completo, seguro de responsabilidade civil p\u00fablico e patronal para proteger clientes e fornecedores.<\/p>\n<p>A ades\u00e3o \u00e0 ARP \u00e9 prova de um compromisso com as melhores pr\u00e1ticas, satisfa\u00e7\u00e3o do cliente e profissionalismo.<\/p><\/blockquote>\n<p>\u2013 <a href=\"http:\/\/www.relocatecambridge.co.uk\/index.php\/arp\/\" target=\"_blank\" rel=\"noopener\">Mudar a localiza\u00e7\u00e3o de Cambridge<\/a><\/p>\n<p><strong>Website:<\/strong> <a href=\"http:\/\/www.arp-relocation.com\/\" target=\"_blank\" rel=\"noopener\">http:\/\/www.arp-relocation.com\/<\/a><\/p>","protected":false},"excerpt":{"rendered":"<p>The Association of Relocation Professionals (ARP) is a professional body for the relocation industry in the UK. Its mission is not just to represent its members but to help them market themselves and grow too. Key facts about the ARP: The ARP is the body for relocation professionals in the UK. The Association of Relocation [&hellip;]<\/p>\n","protected":false},"author":1,"featured_media":0,"parent":0,"menu_order":0,"comment_status":"closed","ping_status":"closed","template":"","meta":{"_genesis_hide_title":false,"_genesis_hide_breadcrumbs":false,"_genesis_hide_singular_image":false,"_genesis_hide_footer_widgets":false,"_genesis_custom_body_class":"","_genesis_custom_post_class":"","_genesis_layout":"","footnotes":""},"class_list":{"0":"post-445","1":"page","2":"type-page","3":"status-publish","5":"entry"},"_links":{"self":[{"href":"https:\/\/moverdb.com\/pt\/wp-json\/wp\/v2\/pages\/445","targetHints":{"allow":["GET"]}}],"collection":[{"href":"https:\/\/moverdb.com\/pt\/wp-json\/wp\/v2\/pages"}],"about":[{"href":"https:\/\/moverdb.com\/pt\/wp-json\/wp\/v2\/types\/page"}],"author":[{"embeddable":true,"href":"https:\/\/moverdb.com\/pt\/wp-json\/wp\/v2\/users\/1"}],"replies":[{"embeddable":true,"href":"https:\/\/moverdb.com\/pt\/wp-json\/wp\/v2\/comments?post=445"}],"version-history":[{"count":7,"href":"https:\/\/moverdb.com\/pt\/wp-json\/wp\/v2\/pages\/445\/revisions"}],"predecessor-version":[{"id":6177,"href":"https:\/\/moverdb.com\/pt\/wp-json\/wp\/v2\/pages\/445\/revisions\/6177"}],"wp:attachment":[{"href":"https:\/\/moverdb.com\/pt\/wp-json\/wp\/v2\/media?parent=445"}],"curies":[{"name":"wp","href":"https:\/\/api.w.org\/{rel}","templated":true}]}}