{"id":444,"date":"2016-06-18T20:35:52","date_gmt":"2016-06-18T20:35:52","guid":{"rendered":"http:\/\/moverdb.com\/?page_id=444"},"modified":"2026-01-08T14:48:15","modified_gmt":"2026-01-08T14:48:15","slug":"eura","status":"publish","type":"page","link":"https:\/\/moverdb.com\/pt\/eura\/","title":{"rendered":"Associa\u00e7\u00e3o Europ\u00e9ia de Deslocaliza\u00e7\u00e3o (EuRA) Explicada"},"content":{"rendered":"<p>A Associa\u00e7\u00e3o Europ\u00e9ia de Realoca\u00e7\u00e3o (EuRA) promove os benef\u00edcios de servi\u00e7os de realoca\u00e7\u00e3o e mobilidade gerenciados profissionalmente para empresas com funcion\u00e1rios com mobilidade global. Seus objetivos incluem estabelecer-se como a principal organiza\u00e7\u00e3o de realoca\u00e7\u00e3o na Europa e estabelecer padr\u00f5es de refer\u00eancia para inova\u00e7\u00e3o e melhores pr\u00e1ticas.<\/p>\n<p><strong>Principais fatos sobre a EuRA:<\/strong><\/p>\n<ol>\n<li>  Os membros da EuRA incluem Prestadores de Servi\u00e7os de Realoca\u00e7\u00e3o, bem como aqueles que oferecem servi\u00e7os afiliados, tais como aluguel de m\u00f3veis e embarque de bens dom\u00e9sticos.<\/li>\n<li>  O Selo de Qualidade Global EuRA \u00e9 o primeiro programa de credenciamento do mundo para fornecedores de realoca\u00e7\u00e3o.<\/li>\n<li>  A EuRA foi formada em 1998.<\/li>\n<li>  O prop\u00f3sito da EuRA \u00e9 principalmente educacional - fornecer tanto aos membros da EuRA quanto ao p\u00fablico em geral informa\u00e7\u00f5es sobre a mobilidade corporativa e as quest\u00f5es que a cercam.<\/li>\n<li>  A EuRA tem mais de 350+ membros.<\/li>\n<li>  Os membros da EuRA cobrem mais de 50 pa\u00edses.<\/li>\n<\/ol>\n<p><strong>Perfil da European Relocation Association:<\/strong><\/p>\n<p>A EuRA cumpre uma s\u00e9rie de fun\u00e7\u00f5es para seus membros, incluindo oferecer treinamento e aconselhamento e fornecer apoio aos profissionais de realoca\u00e7\u00e3o. A associa\u00e7\u00e3o tamb\u00e9m faz lobby em nome dos membros, pressionando por mudan\u00e7as e desenvolvimentos que podem ajudar a ind\u00fastria de realoca\u00e7\u00e3o a crescer. <\/p>\n<p>\u00c9 tamb\u00e9m uma fonte de informa\u00e7\u00e3o, publicando regularmente tanto externa quanto internamente, e tamb\u00e9m se constituiu como um grupo de reflex\u00e3o para o planejamento e desenvolvimento futuro da ind\u00fastria. <\/p>\n<p>Fornecer refer\u00eancias de melhores pr\u00e1ticas \u00e9 um dos principais objetivos da EuRA e foi assim que o Selo Global de Qualidade EuRA se desenvolveu, um programa de credenciamento para aqueles no ramo de realoca\u00e7\u00e3o. <\/p>\n<p>O Selo Global de Qualidade \u00e9 um sistema de auditoria projetado para garantir que aqueles que o transportam atendam a certos padr\u00f5es na presta\u00e7\u00e3o de servi\u00e7os e gerenciamento de processos. Ele est\u00e1 aberto a Membros Plenos, Associados e Membros da EuRA Mundial. <\/p>\n<p>A EuRA foi inicialmente lan\u00e7ada como resposta \u00e0 crescente demanda por um organismo industrial transfronteiri\u00e7o na Europa e agora tem um enorme alcance.<\/p>\n<p><strong>Crit\u00e9rios de ades\u00e3o <\/strong><\/p>\n<p><u>Afilia\u00e7\u00e3o plena<\/u><\/p>\n<p>A ades\u00e3o plena \u00e0 Associa\u00e7\u00e3o Europ\u00e9ia de Realoca\u00e7\u00e3o est\u00e1 aberta a empresas cujas atividades comerciais estejam relacionadas e cuja renda seja proveniente de pessoas f\u00edsicas ou jur\u00eddicas para a presta\u00e7\u00e3o de servi\u00e7os de realoca\u00e7\u00e3o.<\/p>\n<p>Uma empresa de reloca\u00e7\u00e3o \u00e9 considerada como qualquer organiza\u00e7\u00e3o que oferece uma gama de servi\u00e7os destinados a facilitar a mobilidade de indiv\u00edduos ou grupos de indiv\u00edduos e suas fam\u00edlias. Tais servi\u00e7os podem ser prestados na \u00e1rea de partida ou destino ou em ambos.<\/p>\n<p>Crit\u00e9rios:<\/p>\n<ul>\n<li> Ter negociado como um <a href=\"https:\/\/moverdb.com\/pt\/relocation-agents\/\" data-internallinksmanager029f6b8e52c=\"1\" title=\"7 Raz\u00f5es Porque voc\u00ea deve usar um agente de realoca\u00e7\u00e3o?\">Agente de recoloca\u00e7\u00e3o<\/a> por pelo menos dois anos, deve ser fornecida prova de registro da empresa.<\/li>\n<li> Preencher um question\u00e1rio, fornecendo os nomes e endere\u00e7os de tr\u00eas clientes para os quais foram realizados trabalhos nos \u00faltimos 12 meses. Estes clientes ser\u00e3o contatados pela EuRA para refer\u00eancias.<\/li>\n<li> Fornecer c\u00f3pias de todo o material impresso, assim como qualquer outra informa\u00e7\u00e3o que possa auxiliar o Comit\u00ea de Filia\u00e7\u00e3o ao considerar sua solicita\u00e7\u00e3o.<\/li>\n<li> Para fornecer provas de que voc\u00ea\/suas empresas est\u00e3o adequadamente seguradas (em seu pa\u00eds de origem).<\/li>\n<li> Fornecer os breves detalhes das carreiras de todos os diretores ou s\u00f3cios da empresa.<\/li>\n<li> Estar dispon\u00edvel para entrevista (em seu pa\u00eds de origem).<\/li>\n<\/ul>\n<p><u>Associa\u00e7\u00e3o de associados<\/u><\/p>\n<p>A Associa\u00e7\u00e3o Europ\u00e9ia de Relocaliza\u00e7\u00e3o est\u00e1 aberta a empresas que estejam operando h\u00e1 menos de dois anos. A filia\u00e7\u00e3o \u00e0 Associa\u00e7\u00e3o Europ\u00e9ia de Relocaliza\u00e7\u00e3o aplica-se \u00e0queles que n\u00e3o se qualificam para a filia\u00e7\u00e3o plena e est\u00e1 aberta a empresas cujas atividades comerciais estejam relacionadas e cuja renda seja proveniente de pessoas f\u00edsicas ou jur\u00eddicas para a presta\u00e7\u00e3o de servi\u00e7os de relocaliza\u00e7\u00e3o.<\/p>\n<p>Crit\u00e9rios:<\/p>\n<ul>\n<li> Estar comercializando ou com inten\u00e7\u00e3o de comercializar como um agente de realoca\u00e7\u00e3o. Por favor, assine a c\u00f3pia anexa e retorne com seu requerimento.<\/li>\n<li> Para preencher um question\u00e1rio, fornecendo os nomes e endere\u00e7os de dois \u00e1rbitros (ou membros plenos existentes da EuRA, SNPRM, ARA, ABRA ou profissionais reconhecidos localmente ou uma combina\u00e7\u00e3o dos dois) onde indicado.<\/li>\n<li> Fornecer c\u00f3pias de todo o material impresso, assim como qualquer outra informa\u00e7\u00e3o que possa auxiliar o Comit\u00ea de Filia\u00e7\u00e3o ao considerar sua solicita\u00e7\u00e3o.<\/li>\n<li> Para fornecer provas de que voc\u00ea\/suas empresas est\u00e3o adequadamente seguradas (em seu pa\u00eds de origem).<\/li>\n<li> Fornecer os breves detalhes da carreira de todos os diretores ou s\u00f3cios da empresa<\/li>\n<\/ul>\n<p><u>Afiliados<\/u><\/p>\n<p>A afilia\u00e7\u00e3o da EuRA est\u00e1 aberta a empresas cujas atividades comerciais est\u00e3o ligadas e s\u00e3o utilizadas por prestadores de servi\u00e7os de realoca\u00e7\u00e3o.<\/p>\n<p>Crit\u00e9rios:<\/p>\n<ul>\n<li> Ser nomeado como membro afiliado por um membro pleno da Associa\u00e7\u00e3o Europ\u00e9ia de Realoca\u00e7\u00e3o.<\/li>\n<li> No caso de um candidato n\u00e3o conhecer nenhum membro da Associa\u00e7\u00e3o, ele ainda poder\u00e1 solicitar a ades\u00e3o. Neste caso, favor fornecer os nomes e endere\u00e7os de dois \u00e1rbitros. O pedido ser\u00e1 ent\u00e3o considerado pelo Conselho da Associa\u00e7\u00e3o.<\/li>\n<\/ul>\n<p><u>Afilia\u00e7\u00e3o mundial<\/u><\/p>\n<p>A ades\u00e3o mundial \u00e0 EuRA est\u00e1 aberta a empresas que prestam servi\u00e7os de realoca\u00e7\u00e3o em qualquer \u00e1rea fora da Europa Continental.<\/p>\n<p>A ades\u00e3o mundial \u00e0 Associa\u00e7\u00e3o Europ\u00e9ia de Realoca\u00e7\u00e3o est\u00e1 aberta a empresas cujas atividades comerciais estejam relacionadas e cuja renda seja proveniente de pessoas f\u00edsicas ou jur\u00eddicas para a presta\u00e7\u00e3o de servi\u00e7os de realoca\u00e7\u00e3o.<\/p>\n<p>Uma empresa de reloca\u00e7\u00e3o \u00e9 considerada como qualquer organiza\u00e7\u00e3o que oferece uma gama de servi\u00e7os destinados a facilitar a mobilidade de indiv\u00edduos ou grupos de indiv\u00edduos e suas fam\u00edlias. Tais servi\u00e7os podem ser prestados na \u00e1rea de partida ou destino ou em ambos.<\/p>\n<p>Crit\u00e9rios:<\/p>\n<ul>\n<li> Para ter sido comercializado por pelo menos dois anos, deve ser fornecida prova de ter completado uma comiss\u00e3o, ou seja, prova de registro.<\/li>\n<li> Preencher um question\u00e1rio, fornecendo os nomes e endere\u00e7os de dois \u00e1rbitros (clientes para os quais o trabalho foi realizado nos \u00faltimos 12 meses), bem como de um membro da EuRA. Estes \u00e1rbitros ser\u00e3o contatados pela EuRA<\/li>\n<li> Fornecer c\u00f3pias de todo o material impresso, assim como qualquer outra informa\u00e7\u00e3o que possa auxiliar o Comit\u00ea de Filia\u00e7\u00e3o ao considerar sua solicita\u00e7\u00e3o.<\/li>\n<li> Para fornecer provas de que voc\u00ea\/suas empresas est\u00e3o adequadamente seguradas (em seu pa\u00eds de origem).<\/li>\n<li> Fornecer os breves detalhes das carreiras de todos os diretores ou s\u00f3cios da empresa.<\/li>\n<li> Para estar dispon\u00edvel para entrevista (em seu pa\u00eds de origem)<\/li>\n<\/ul>\n<p><strong>Exemplos de empresas membros<\/strong><\/p>\n<ul>\n<li> <a href=\"https:\/\/moverdb.com\/pt\/santa-fe-relocation\/\">Servi\u00e7os de Realoca\u00e7\u00e3o de Santa Fe<\/a> <\/li>\n<li> <a href=\"https:\/\/moverdb.com\/pt\/aires\/\">Aires<\/a><\/li>\n<li> <a href=\"https:\/\/moverdb.com\/pt\/sterling-relocation\/\">Deslocaliza\u00e7\u00e3o da libra esterlina<\/a><\/li>\n<li> <a href=\"https:\/\/moverdb.com\/pt\/robinsons\/\">Robinsons Deslocaliza\u00e7\u00e3o<\/a><\/li>\n<li> <a href=\"https:\/\/moverdb.com\/pt\/dt-moving\/\">DT Moving<\/a><\/li>\n<li> <a href=\"https:\/\/moverdb.com\/pt\/ournes\/\">Bournes<\/a><\/li>\n<li> <a href=\"https:\/\/moverdb.com\/pt\/btr-internacional\/\">BTR Internacional<\/a><\/li>\n<li> <a href=\"https:\/\/moverdb.com\/pt\/packimpex\/\">Packimpex<\/a><\/li>\n<\/ul>\n<p><strong>Opini\u00f5es sobre a EuRA<\/strong><\/p>\n<p>A EuRA \u00e9 mencionada nos websites de uma variedade de empresas (incluindo empresas de mudan\u00e7as e apartamentos com servi\u00e7os, por exemplo) e freq\u00fcentemente no contexto de demonstrar como essa empresa pode trazer benef\u00edcios adicionais para o processo de realoca\u00e7\u00e3o. <\/p>\n<p>O alcance global da associa\u00e7\u00e3o \u00e9 algo que \u00e9 freq\u00fcentemente destacado, assim como o fato de que ela tem estado envolvida no estabelecimento de padr\u00f5es de qualidade para o setor. Quando \u00e9 citada em websites \u00e9 descrita como um \"\u00f3rg\u00e3o da ind\u00fastria\" com um bra\u00e7o educacional e um c\u00f3digo de conduta que todos os membros devem aderir.<\/p>\n<blockquote><p>EURA \u00e9 um excelente parceiro para ajudar a atingir nosso objetivo de educar o mercado para mostrar como os Apartamentos com Servi\u00e7o podem trazer benef\u00edcios reais no processo de realoca\u00e7\u00e3o.<\/p><\/blockquote>\n<p>\u2013 <a href=\"http:\/\/www.chevalresidences.com\/partners-eura.html\" target=\"_blank\" rel=\"noopener\">Resid\u00eancias Cheval<\/a><\/p>\n<blockquote><p>\nO papel e os objetivos b\u00e1sicos da EuRA incluem: melhorar e manter os padr\u00f5es de qualidade para a ind\u00fastria, promover a ind\u00fastria e permitir a educa\u00e7\u00e3o profissional cont\u00ednua dentro dos membros. Tudo isso beneficiar\u00e1 o funcion\u00e1rio m\u00f3vel e a fam\u00edlia e quando isso ocorrer, ent\u00e3o n\u00f3s, como um grupo, nos beneficiaremos.<\/p><\/blockquote>\n<p>\u2013 <a href=\"http:\/\/www.globalbusinessnews.net\/\" target=\"_blank\" rel=\"noopener\">Global Business News<\/a><\/p>\n<blockquote><p>\nEuRA \u00e9 um \u00f3rg\u00e3o da ind\u00fastria para Profissionais de Realoca\u00e7\u00e3o, tanto na Europa como no mundo. Os Prestadores de Servi\u00e7os de Realoca\u00e7\u00e3o s\u00e3o obrigados a cumprir as Regras de Conduta da EuRA. <\/p><\/blockquote>\n<p>\u2013  <a href=\"http:\/\/info.bournesmoves.com\/relocation-solutions\/blog\/relocation-moves\/bournes-removals-uk-join-eura\" target=\"_blank\" rel=\"noopener\">Reelei\u00e7\u00f5es de Pournes<\/a><\/p>\n<p><strong>Website:<\/strong> <a href=\"http:\/\/www.eura-relocation.com\/\" target=\"_blank\" rel=\"noopener\">http:\/\/www.eura-relocation.com\/<\/a><\/p>","protected":false},"excerpt":{"rendered":"<p>The European Relocation Association (EuRA) promotes the benefits of professionally managed relocation and mobility services to companies with globally mobile employees. Its aims include establishing itself as the premier relocation organisation in Europe and setting benchmarks for innovation and best practice. Key facts about EuRA: EuRA members include Relocation Service Providers, as well as those [&hellip;]<\/p>\n","protected":false},"author":1,"featured_media":0,"parent":0,"menu_order":0,"comment_status":"closed","ping_status":"closed","template":"","meta":{"_genesis_hide_title":false,"_genesis_hide_breadcrumbs":false,"_genesis_hide_singular_image":false,"_genesis_hide_footer_widgets":false,"_genesis_custom_body_class":"","_genesis_custom_post_class":"","_genesis_layout":"","footnotes":""},"class_list":{"0":"post-444","1":"page","2":"type-page","3":"status-publish","5":"entry"},"_links":{"self":[{"href":"https:\/\/moverdb.com\/pt\/wp-json\/wp\/v2\/pages\/444","targetHints":{"allow":["GET"]}}],"collection":[{"href":"https:\/\/moverdb.com\/pt\/wp-json\/wp\/v2\/pages"}],"about":[{"href":"https:\/\/moverdb.com\/pt\/wp-json\/wp\/v2\/types\/page"}],"author":[{"embeddable":true,"href":"https:\/\/moverdb.com\/pt\/wp-json\/wp\/v2\/users\/1"}],"replies":[{"embeddable":true,"href":"https:\/\/moverdb.com\/pt\/wp-json\/wp\/v2\/comments?post=444"}],"version-history":[{"count":17,"href":"https:\/\/moverdb.com\/pt\/wp-json\/wp\/v2\/pages\/444\/revisions"}],"predecessor-version":[{"id":6204,"href":"https:\/\/moverdb.com\/pt\/wp-json\/wp\/v2\/pages\/444\/revisions\/6204"}],"wp:attachment":[{"href":"https:\/\/moverdb.com\/pt\/wp-json\/wp\/v2\/media?parent=444"}],"curies":[{"name":"wp","href":"https:\/\/api.w.org\/{rel}","templated":true}]}}