{"id":443,"date":"2016-06-18T21:12:56","date_gmt":"2016-06-18T21:12:56","guid":{"rendered":"http:\/\/moverdb.com\/?page_id=443"},"modified":"2026-01-08T13:18:29","modified_gmt":"2026-01-08T13:18:29","slug":"harmony-relocation-network","status":"publish","type":"page","link":"https:\/\/moverdb.com\/pt\/harmony-relocation-network\/","title":{"rendered":"Harmony Relocation Network (HRN) Explicado"},"content":{"rendered":"<p>A Harmony Relocation Network (HRN) \u00e9 um grupo de empresas parceiras que foi criado para construir uma rede pan-europ\u00e9ia de realoca\u00e7\u00e3o global. A integra\u00e7\u00e3o de infra-estrutura, tecnologia, qualidade e sustentabilidade \u00e9 projetada para produzir um servi\u00e7o de alta qualidade consistente.<\/p>\n<p><strong>Principais fatos sobre RHH:<\/strong><\/p>\n<ol>\n<li>  Os membros s\u00e3o formados por 140 membros em 60 pa\u00edses.<\/li>\n<li>  A HRN atende 180 pa\u00edses em 6 continentes.<\/li>\n<li>  A HRN foi lan\u00e7ada em 1992 e os 140 membros s\u00e3o todos co-propriet\u00e1rios do neg\u00f3cio.<\/li>\n<li>  HRN foi fundada por empresas alem\u00e3s e holandesas antes de se expandir para <a href=\"https:\/\/moverdb.com\/pt\/moving-to-australia\/living-in-australia\/\" data-internallinksmanager029f6b8e52c=\"240\" title=\"21 Segredos sobre viver na Austr\u00e1lia para saber antes de se mudar\">Austr\u00e1lia<\/a> e \u00c1sia e depois o Oriente M\u00e9dio, Am\u00e9rica Latina e \u00c1frica.<\/li>\n<li>  Entre 2002 e 2015, a HRN fez parte do UniGroup Worldwide UTS com um <a href=\"https:\/\/moverdb.com\/pt\/moving-to-the-united-states\/\" data-internallinksmanager029f6b8e52c=\"94\" title=\"Mudando-se para os Estados Unidos? 2026 Custos de Vida e Dicas de Reloca\u00e7\u00e3o\">US<\/a> com base na Van Line.<\/li>\n<li>  A HRN \u00e9 a maior rede global de empresas de reloca\u00e7\u00e3o de marca comumente conhecida.<\/li>\n<\/ol>\n<p><strong>Perfil da Rede Harmony Relocation:<\/strong><\/p>\n<p>A id\u00e9ia por tr\u00e1s da HRN \u00e9 combinar o melhor do patrim\u00f4nio local com uma escala global, fornecendo um servi\u00e7o de realoca\u00e7\u00e3o para corpora\u00e7\u00f5es e indiv\u00edduos que se sentem locais, mas com alcance mundial. <\/p>\n<p>Os servi\u00e7os oferecidos incluem servi\u00e7os de gerenciamento de mudan\u00e7a, opera\u00e7\u00f5es de mudan\u00e7a e servi\u00e7os de destino. A HRN desenvolveu seu pr\u00f3prio sistema de TI baseado na web que \u00e9 projetado para manter os clientes informados e garantir que o processo seja o mais abrangente e consistente poss\u00edvel - ele inclui recursos de relat\u00f3rios e rastreamento. <\/p>\n<p>A integra\u00e7\u00e3o da sustentabilidade econ\u00f4mica, ambiental e social \u00e9 importante para a HRN, que a enumera como um de seus principais pilares para o equil\u00edbrio entre as pessoas, a tecnologia e o meio ambiente.<\/p>\n<p><strong>Crit\u00e9rios de ades\u00e3o <\/strong><\/p>\n<p>Nenhum crit\u00e9rio para associa\u00e7\u00e3o \u00e9 fornecido no site - h\u00e1 apenas uma p\u00e1gina de contato.<\/p>\n<p><strong>Exemplos de empresas membros<\/strong><\/p>\n<ul>\n<li> <a href=\"https:\/\/moverdb.com\/pt\/ournes\/\">Bournes<\/a><\/li>\n<li> <a href=\"https:\/\/moverdb.com\/pt\/cadogan-tate\/\">Cadogan Tate<\/a><\/li>\n<li> <a href=\"https:\/\/moverdb.com\/pt\/gerson-relocation\/\">Deslocaliza\u00e7\u00e3o de Gerson<\/a><\/li>\n<li> <a href=\"https:\/\/moverdb.com\/pt\/pearson\/\">Pearson Home Moving<\/a><\/li>\n<\/ul>\n<p><strong>Opini\u00f5es sobre a HRN<\/strong><\/p>\n<p>HRN aparece em um n\u00famero significativo de websites de empresas de mudan\u00e7as, onde \u00e9 referenciada como uma organiza\u00e7\u00e3o com <em>\"um novo nome, mas um hist\u00f3rico comprovado\".<\/em> Fortes valores familiares e a abordagem cooperativa global s\u00e3o sempre uma realidade. <\/p>\n<p>O consenso geral parece ser que a mudan\u00e7a com um neg\u00f3cio de realoca\u00e7\u00e3o que faz parte da HRN d\u00e1 a um cliente acesso aos benef\u00edcios de toda a rede. \u00c9 ponto assente que os membros devem aderir a um acordo de n\u00edvel de servi\u00e7o global e o resultado disso \u00e9 a consist\u00eancia - <em>\"enquanto os costumes e a cultura podem variar de acordo com o pa\u00eds, a alta qualidade do servi\u00e7o que voc\u00ea pode esperar n\u00e3o o far\u00e1\". Mundialmente - os mesmos procedimentos, servi\u00e7o e alta qualidade\".<\/em> <\/p>\n<p>Al\u00e9m disso, alguns dos que citam a filia\u00e7\u00e3o em seus sites na Internet se concentram no tamanho da rede e em ser uma das maiores do mundo.<\/p>\n<blockquote><p>Harmony \u00e9 uma rede global de empresas de realoca\u00e7\u00e3o de propriedade local, sustentando fortes valores familiares atrav\u00e9s de gera\u00e7\u00f5es de heran\u00e7a.<\/p><\/blockquote>\n<p>\u2013 <a href=\"http:\/\/www.abels.co.uk\/harmony-relocation-network\/\" target=\"_blank\" rel=\"noopener\">Abels<\/a><\/p>\n<blockquote><p>A harmonia combina o melhor dos patrim\u00f4nios locais com uma escala global, indo a milha extra e cumprindo nossas promessas. N\u00f3s realmente levamos a import\u00e2ncia das pessoas e do local a s\u00e9rio.<\/p><\/blockquote>\n<p>\u2013 <a href=\"https:\/\/theresforum.com\/partners\/harmony\/\" target=\"_blank\" rel=\"noopener\">F\u00f3rum RES<\/a><\/p>\n<blockquote><p>A rede oferece uma ampla gama de servi\u00e7os de pr\u00e9-atribui\u00e7\u00e3o, transporte e destino para ajudar a orientar indiv\u00edduos particulares ou executivos de RH e cession\u00e1rios ao longo de sua jornada, do in\u00edcio ao fim.<\/p><\/blockquote>\n<p>\u2013 <a href=\"http:\/\/bournesmoves.com\/relocation\/harmony-relocation-network.htm\" target=\"_blank\" rel=\"noopener\">Bournes<\/a> <\/p>\n<p><a href=\"http:\/\/www.harmonyrelo.com\/\" target=\"_blank\" rel=\"noopener\">http:\/\/www.harmonyrelo.com\/<\/a><\/p>","protected":false},"excerpt":{"rendered":"<p>The Harmony Relocation Network (HRN) is a group of partner companies that was created to build a pan-European network for global relocation. Integration of infrastructure, technology, quality and sustainability is designed to produce a consistently high quality service. Key facts about HRH: The membership is made up of 140 members in 60 countries. The HRN [&hellip;]<\/p>\n","protected":false},"author":1,"featured_media":0,"parent":0,"menu_order":0,"comment_status":"closed","ping_status":"closed","template":"","meta":{"_genesis_hide_title":false,"_genesis_hide_breadcrumbs":false,"_genesis_hide_singular_image":false,"_genesis_hide_footer_widgets":false,"_genesis_custom_body_class":"","_genesis_custom_post_class":"","_genesis_layout":"","footnotes":""},"class_list":{"0":"post-443","1":"page","2":"type-page","3":"status-publish","5":"entry"},"_links":{"self":[{"href":"https:\/\/moverdb.com\/pt\/wp-json\/wp\/v2\/pages\/443","targetHints":{"allow":["GET"]}}],"collection":[{"href":"https:\/\/moverdb.com\/pt\/wp-json\/wp\/v2\/pages"}],"about":[{"href":"https:\/\/moverdb.com\/pt\/wp-json\/wp\/v2\/types\/page"}],"author":[{"embeddable":true,"href":"https:\/\/moverdb.com\/pt\/wp-json\/wp\/v2\/users\/1"}],"replies":[{"embeddable":true,"href":"https:\/\/moverdb.com\/pt\/wp-json\/wp\/v2\/comments?post=443"}],"version-history":[{"count":6,"href":"https:\/\/moverdb.com\/pt\/wp-json\/wp\/v2\/pages\/443\/revisions"}],"predecessor-version":[{"id":6219,"href":"https:\/\/moverdb.com\/pt\/wp-json\/wp\/v2\/pages\/443\/revisions\/6219"}],"wp:attachment":[{"href":"https:\/\/moverdb.com\/pt\/wp-json\/wp\/v2\/media?parent=443"}],"curies":[{"name":"wp","href":"https:\/\/api.w.org\/{rel}","templated":true}]}}