{"id":440,"date":"2016-06-12T19:59:07","date_gmt":"2016-06-12T19:59:07","guid":{"rendered":"http:\/\/moverdb.com\/?page_id=440"},"modified":"2026-01-08T13:19:01","modified_gmt":"2026-01-08T13:19:01","slug":"iata","status":"publish","type":"page","link":"https:\/\/moverdb.com\/pt\/iata\/","title":{"rendered":"Associa\u00e7\u00e3o Internacional de Transporte A\u00e9reo (IATA) Explicada"},"content":{"rendered":"<p>A Associa\u00e7\u00e3o Internacional de Transporte A\u00e9reo (IATA) \u00e9 a associa\u00e7\u00e3o comercial global para as companhias a\u00e9reas do mundo. <\/p>\n<p>Sua miss\u00e3o \u00e9 liderar e servir seus membros, bem como representar seus interesses de uma forma que impulsione a ind\u00fastria de transporte aeroportu\u00e1rio.<\/p>\n<p><strong>Principais fatos sobre a IATA:<\/strong><\/p>\n<ol>\n<li>  Ela representa cerca de 260 companhias a\u00e9reas ou 83% do tr\u00e1fego a\u00e9reo total.<\/li>\n<li>  Tem alcance global.<\/li>\n<li>  Os v\u00f4os dos membros da IATA representam 83% do tr\u00e1fego total.<\/li>\n<li>  Foi fundada em Havana, Cuba, em abril de 1945.<\/li>\n<li>  Tinha 57 membros de 31 na\u00e7\u00f5es, a maioria na Europa e Am\u00e9rica do Norte quando foi estabelecida pela primeira vez em 1945. Hoje ela tem cerca de 260 membros de 117 na\u00e7\u00f5es em cada parte do globo.<\/li>\n<li>  Suas prioridades incluem seguran\u00e7a, prote\u00e7\u00e3o, meio ambiente, servi\u00e7os, simplifica\u00e7\u00e3o dos neg\u00f3cios e ajuda na constru\u00e7\u00e3o de relacionamentos dentro da ind\u00fastria.<\/li>\n<li>  O Plano de Faturamento e Liquida\u00e7\u00e3o da IATA serve como a espinha dorsal financeira do setor ao administrar o fluxo de mais de $270 bilh\u00f5es gerados anualmente pela venda de bilhetes de ag\u00eancias de viagem para companhias a\u00e9reas.<\/li>\n<\/ol>\n<p><strong>Perfil da Associa\u00e7\u00e3o Internacional de Transporte A\u00e9reo:<\/strong><\/p>\n<p>A IATA \u00e9 uma associa\u00e7\u00e3o comercial reconhecida mundialmente para companhias a\u00e9reas e opera h\u00e1 mais de 50 anos. Seus membros incluem ambos <a href=\"https:\/\/moverdb.com\/pt\/transitario-de-carga\/\">frete<\/a> e de passageiros e tem escrit\u00f3rios em 53 pa\u00edses em todo o mundo. <\/p>\n<p>Ela cresceu junto com a ind\u00fastria de viagens a\u00e9reas, trabalhando em conjunto com o setor para ajudar a desenvolver padr\u00f5es, pr\u00e1ticas e procedimentos para regul\u00e1-la e garantir n\u00edveis consistentes de servi\u00e7o para os clientes. A IATA \u00e9 uma organiza\u00e7\u00e3o verdadeiramente global e seus 260 membros v\u00eam de mais de 117 na\u00e7\u00f5es.<\/p>\n<p>Al\u00e9m da prote\u00e7\u00e3o ao consumidor, a IATA tem estado envolvida em ajudar a ind\u00fastria a\u00e9rea a se tornar mais sustent\u00e1vel. A organiza\u00e7\u00e3o oferece informa\u00e7\u00f5es sobre companhias a\u00e9reas, uma gama de publica\u00e7\u00f5es e programas de treinamento e credenciamento para aqueles que trabalham na ind\u00fastria de viagens. <\/p>\n<p>Al\u00e9m disso, fornece uma gama de servi\u00e7os financeiros, como um servi\u00e7o de cobran\u00e7a de d\u00edvidas para companhias a\u00e9reas.<\/p>\n<p><strong>Crit\u00e9rios de ades\u00e3o<\/strong><\/p>\n<p>A ades\u00e3o \u00e0 IATA com plenos direitos e privil\u00e9gios s\u00f3 pode ser obtida ap\u00f3s: Registro na Auditoria de Seguran\u00e7a Operacional da IATA (IOSA), Uma revis\u00e3o administrativa pelo Departamento de Filia\u00e7\u00e3o, Pagamento de todas as taxas de inscri\u00e7\u00e3o e quotas de filia\u00e7\u00e3o.<\/p>\n<p>A conclus\u00e3o bem sucedida de um IOSA resultar\u00e1, al\u00e9m do registro IOSA. Uma companhia a\u00e9rea deve estar no registro da IOSA antes que a ades\u00e3o \u00e0 IATA possa ser aprovada.<\/p>\n<p>Ap\u00f3s isso, um formul\u00e1rio de solicita\u00e7\u00e3o \u00e9 apresentado com os seguintes documentos de apoio:<\/p>\n<ul>\n<li> Uma c\u00f3pia certificada do Certificado de Operador A\u00e9reo (COA), v\u00e1lida por um m\u00ednimo de seis meses, com carimbo ORIGINAL, data e assinatura da Autoridade emissora (not\u00e1rio), juntamente com as Especifica\u00e7\u00f5es Operacionais emitidas pelo Estado de Registro, se aplic\u00e1vel.<\/li>\n<li> Uma c\u00f3pia certificada do Certificado de Registro com autoridade apropriada, por exemplo, C\u00e2mara de Com\u00e9rcio ou equivalente. A certifica\u00e7\u00e3o por um not\u00e1rio \u00e9 aceit\u00e1vel.<\/li>\n<li> Demonstra\u00e7\u00f5es financeiras auditadas para a companhia a\u00e9rea requerente, e se a maioria for de propriedade de outra empresa (incluindo a propriedade estatal), as demonstra\u00e7\u00f5es financeiras da empresa propriet\u00e1ria. Estes devem ser certificados por um contador oficial ou p\u00fablico. Para novas linhas a\u00e9reas, \u00e9 aceit\u00e1vel um plano de neg\u00f3cios preparado por uma conta p\u00fablica ou registrada.<\/li>\n<li> O Relat\u00f3rio Anual da companhia a\u00e9rea requerente, ou estatuto social da empresa mostrando como ela \u00e9 constitu\u00edda, ou o perfil da companhia a\u00e9rea.<\/li>\n<li> Certificados de seguro v\u00e1lidos com tipo de aeronave, n\u00famero de registro para cada aeronave e respectivos detalhes da autoridade de registro, v\u00e1lidos por um m\u00ednimo de seis meses.<\/li>\n<li> Estat\u00edsticas de tr\u00e1fego dos dois anos anteriores. Esta exig\u00eancia n\u00e3o se aplica \u00e0s novas companhias a\u00e9reas.<\/li>\n<li> Hor\u00e1rio\/cronograma publicado, se a companhia a\u00e9rea tiver opera\u00e7\u00f5es programadas. Para opera\u00e7\u00f5es n\u00e3o-agendadas, \u00e9 solicitada uma lista de destinos.<\/li>\n<\/ul>\n<p><strong>Lista de membros da IATA <a href=\"https:\/\/moverdb.com\/pt\/moving-companies\/\" data-internallinksmanager029f6b8e52c=\"79\" title=\"As 25 maiores empresas de mudan\u00e7as internacionais on-line\">Empresas de mudan\u00e7as<\/a><\/strong><\/p>\n<ul>\n<li> <a href=\"https:\/\/moverdb.com\/pt\/localizacao-de-armas\/\">Deslocaliza\u00e7\u00e3o Armstrong<\/a><\/li>\n<li> <a href=\"https:\/\/moverdb.com\/pt\/atlas-van-lines-internacional\/\">Linhas Atlas Van Lines<\/a><\/li>\n<li> <a href=\"https:\/\/moverdb.com\/pt\/suddath\/\">Suddath<\/a><\/li>\n<li> <a href=\"https:\/\/moverdb.com\/pt\/nippon-express\/\">Nippon Express<\/a><\/li>\n<li> <a href=\"https:\/\/moverdb.com\/pt\/bolliger\/\">Bolliger<\/a><\/li>\n<\/ul>\n<p><strong>Opini\u00f5es sobre a Associa\u00e7\u00e3o Internacional de Transporte A\u00e9reo<\/strong><\/p>\n<p>A IATA aparece na maioria dos principais sites de companhias a\u00e9reas (muitas vezes atrav\u00e9s de um c\u00f3digo de identifica\u00e7\u00e3o IATA) e tamb\u00e9m tem sua pr\u00f3pria p\u00e1gina na Wikipedia. <\/p>\n<p>Sua import\u00e2ncia como associa\u00e7\u00e3o comercial \u00e9 \u00f3bvia, assim como o envolvimento que teve no desenvolvimento de certos padr\u00f5es industriais para o setor a\u00e9reo. O fato de seus membros serem respons\u00e1veis por mais de 90% do tr\u00e1fego a\u00e9reo regular do mundo \u00e9 um ponto que se faz freq\u00fcentemente. <\/p>\n<p>Artigos on-line sobre a ind\u00fastria a\u00e9rea mencionam freq\u00fcentemente a IATA e seu envolvimento na decis\u00e3o de quest\u00f5es-chave e na apresenta\u00e7\u00e3o de sugest\u00f5es importantes, como a regulamenta\u00e7\u00e3o do tamanho das bagagens destinadas aos silos a\u00e9reos. <\/p>\n<p>A IATA \u00e9 mencionada em in\u00fameros contextos, desde a parceria de gerenciamento de projetos at\u00e9 a regulamenta\u00e7\u00e3o da UE. Dada a freq\u00fc\u00eancia e amplitude das not\u00edcias que mencionam a IATA, ela \u00e9 claramente uma associa\u00e7\u00e3o comercial ativa e proeminente.<\/p>\n<p><strong>Website:<\/strong> <a href=\"http:\/\/www.iata.org\/Pages\/default.aspx\" target=\"_blank\" rel=\"noopener\">http:\/\/www.iata.org\/Pages\/default.aspx<\/a><\/p>","protected":false},"excerpt":{"rendered":"<p>The International Air Transport Association (IATA) is the global trade association for the world&#8217;s airlines. Its mission is to lead and serve its members, as well as to represent their interests in a way that boosts the airport transport industry. Key facts about IATA: It represents around 260 airlines or 83% of total air traffic. [&hellip;]<\/p>\n","protected":false},"author":1,"featured_media":0,"parent":0,"menu_order":0,"comment_status":"closed","ping_status":"closed","template":"","meta":{"_genesis_hide_title":false,"_genesis_hide_breadcrumbs":false,"_genesis_hide_singular_image":false,"_genesis_hide_footer_widgets":false,"_genesis_custom_body_class":"","_genesis_custom_post_class":"","_genesis_layout":"","footnotes":""},"class_list":{"0":"post-440","1":"page","2":"type-page","3":"status-publish","5":"entry"},"_links":{"self":[{"href":"https:\/\/moverdb.com\/pt\/wp-json\/wp\/v2\/pages\/440","targetHints":{"allow":["GET"]}}],"collection":[{"href":"https:\/\/moverdb.com\/pt\/wp-json\/wp\/v2\/pages"}],"about":[{"href":"https:\/\/moverdb.com\/pt\/wp-json\/wp\/v2\/types\/page"}],"author":[{"embeddable":true,"href":"https:\/\/moverdb.com\/pt\/wp-json\/wp\/v2\/users\/1"}],"replies":[{"embeddable":true,"href":"https:\/\/moverdb.com\/pt\/wp-json\/wp\/v2\/comments?post=440"}],"version-history":[{"count":10,"href":"https:\/\/moverdb.com\/pt\/wp-json\/wp\/v2\/pages\/440\/revisions"}],"predecessor-version":[{"id":13161,"href":"https:\/\/moverdb.com\/pt\/wp-json\/wp\/v2\/pages\/440\/revisions\/13161"}],"wp:attachment":[{"href":"https:\/\/moverdb.com\/pt\/wp-json\/wp\/v2\/media?parent=440"}],"curies":[{"name":"wp","href":"https:\/\/api.w.org\/{rel}","templated":true}]}}