{"id":439,"date":"2016-06-12T19:46:10","date_gmt":"2016-06-12T19:46:10","guid":{"rendered":"http:\/\/moverdb.com\/?page_id=439"},"modified":"2026-01-08T14:40:02","modified_gmt":"2026-01-08T14:40:02","slug":"lacma","status":"publish","type":"page","link":"https:\/\/moverdb.com\/pt\/lacma\/","title":{"rendered":"Associa\u00e7\u00e3o Latino-Americana e Caribenha de Movimentos Internacionais (LACMA)"},"content":{"rendered":"<p>A Associa\u00e7\u00e3o Latino-Americana e Caribenha de Empresas de Mudan\u00e7as Internacionais (LACIMA) representa um conjunto de empresas de mudan\u00e7a e realoca\u00e7\u00e3o com o objetivo de incentivar a integra\u00e7\u00e3o de empresas locais, bem como outras em todo o mundo.<\/p>\n<p><strong>Principais fatos sobre a LACMA:<\/strong><\/p>\n<ol>a<\/p>\n<li>  A ades\u00e3o \u00e0 LACMA est\u00e1 aberta a empresas de mudan\u00e7a e realoca\u00e7\u00e3o da Am\u00e9rica Latina e do resto do mundo.<\/li>\n<li>  \u00c9 a associa\u00e7\u00e3o latino-americana representada em <a href=\"https:\/\/moverdb.com\/pt\/fidi-faim\/\">FIDI<\/a>.<\/li>\n<li>  Sua sede est\u00e1 localizada em <a href=\"https:\/\/moverdb.com\/pt\/moving-to-panama\/\" data-internallinksmanager029f6b8e52c=\"432\" title=\"Est\u00e1 se mudando para o Panam\u00e1? 2026 Custo de vida e dicas de realoca\u00e7\u00e3o\">Panam\u00e1<\/a>.<\/li>\n<li>  Ela atua como mediadora para quaisquer conflitos que possam surgir entre seus membros, ou entre um membro e outros n\u00e3o afiliados \u00e0 associa\u00e7\u00e3o.<\/li>\n<li>  N\u00e3o exige que seus membros sejam <a href=\"https:\/\/moverdb.com\/pt\/fidi-faim\/\" data-internallinksmanager029f6b8e52c=\"16\" title=\"FIDI &amp; FAIM (FIDI Accredited International Mover) Explicado\">FIDI<\/a> afiliadas como LACMA mant\u00e9m seus crit\u00e9rios de afilia\u00e7\u00e3o independente.<\/li>\n<li>  O LACMA tem seu pr\u00f3prio instituto de treinamento que oferece semin\u00e1rios no local e virtuais, incluindo um curso de treinamento para Instrutores de Embaladores.<\/li>\n<li>  Ele oferece um programa de garantia de pagamento, que fornece um recurso para os membros que procuram coletar valores vencidos de outros membros dentro da associa\u00e7\u00e3o.<\/li>\n<li>  Os membros da LACMA podem ser Ativos (empresas da Am\u00e9rica Latina ou do Caribe que est\u00e3o ativamente engajadas em mudan\u00e7as e embalagens internacionais, com seu pr\u00f3prio pessoal, transporte e instala\u00e7\u00f5es de armazenamento), Associados (empresas fora da Am\u00e9rica Latina e do Caribe que est\u00e3o engajadas em mudan\u00e7as e embalagens internacionais), ou Adjuntos (empresas que fornecem bens e servi\u00e7os \u00fateis para os membros).<\/li>\n<li>  A organiza\u00e7\u00e3o afirma: \"FIDI Latin America representa 53 empresas (FIDI-LACMA e FIDI-Non LACMA) dentro de nossa regi\u00e3o\".<\/li>\n<\/ol>\n<p><strong>Perfil da Associa\u00e7\u00e3o Latino-Americana e Caribenha de Movers Internacionais<\/strong><\/p>\n<p>A LACMA foi criada para representar os interesses de seus membros e para estabelecer e manter padr\u00f5es de servi\u00e7os no setor. <\/p>\n<p>\u00c9 a organiza\u00e7\u00e3o FIDI na Am\u00e9rica Latina e isto lhe d\u00e1 uma certa credibilidade, pois \u00e9 reconhecida pelo FIDI como representante dos interesses das empresas afiliadas ao FIDI da regi\u00e3o. <\/p>\n<p>A LACMA oferece v\u00e1rios tipos de associa\u00e7\u00e3o, incluindo Ativa e Associada. Ele tamb\u00e9m oferece aos membros uma ampla gama de e-learning, informa\u00e7\u00f5es e semin\u00e1rios para ajudar a melhorar o conhecimento e a efici\u00eancia empresarial - o LACMA Training Institute foi fundado em 1992 com o objetivo de educar melhor os membros. <\/p>\n<p>Os membros tamb\u00e9m se beneficiam de certas prote\u00e7\u00f5es, tais como o programa de garantia de pagamento - projetado para ajudar a perseguir valores devidos por outros membros - e o Programa LACMA S.O.S., que fornece ajuda humanit\u00e1ria aos membros envolvidos nos desastres naturais que freq\u00fcentemente afetam esta parte do mundo.<\/p>\n<p><strong>Crit\u00e9rios de ades\u00e3o:<\/strong><\/p>\n<p><u>Membros ativos<\/u><\/p>\n<ul>\n<li> Preencher a solicita\u00e7\u00e3o de ades\u00e3o no formul\u00e1rio oficial da LACMA e fornecer as informa\u00e7\u00f5es solicitadas, concordar em cumprir com o Estatuto da LACMA e seus Regulamentos, C\u00f3digo de \u00c9tica e resolu\u00e7\u00f5es determinadas pela Diretoria da LACMA.<\/li>\n<li> Fornecer patroc\u00ednio de cinco (5) membros ativos da LACMA.<\/li>\n<li> Fornecer as Demonstra\u00e7\u00f5es Financeiras, com suas respectivas notas, dos \u00faltimos dois anos.<\/li>\n<li> Fornecer a Carta Corporativa da empresa (requer um m\u00ednimo de quatro anos de opera\u00e7\u00f5es no <a href=\"https:\/\/moverdb.com\/pt\/mudancas-empresas\/\">mudan\u00e7as internacionais<\/a> ind\u00fastria).<\/li>\n<li> Pagar a taxa de admiss\u00e3o, a taxa de inicia\u00e7\u00e3o PGP, a taxa anual de ades\u00e3o PGP e LACMA uma vez que o processo de inscri\u00e7\u00e3o tenha sido conclu\u00eddo e a inscri\u00e7\u00e3o tenha sido aprovada.<\/li>\n<\/ul>\n<p><u>Membros associados<\/u><\/p>\n<ul>\n<li> Preencher a solicita\u00e7\u00e3o de ades\u00e3o no formul\u00e1rio oficial da LACMA e fornecer as informa\u00e7\u00f5es solicitadas, concordar em cumprir com o Estatuto da LACMA e seus Regulamentos, C\u00f3digo de \u00c9tica e resolu\u00e7\u00f5es determinadas pela Diretoria da LACMA.<\/li>\n<li> Fornecer patroc\u00ednio de cinco (5) Membros Ativos e\/ou Associados da LACMA onde pelo menos dois s\u00e3o de Membros Associados.<\/li>\n<li> Fornecer as Demonstra\u00e7\u00f5es Financeiras, com suas respectivas notas, dos \u00faltimos dois anos.<\/li>\n<li> Fornecer a Carta Corporativa da empresa (requer um m\u00ednimo de quatro anos de opera\u00e7\u00f5es na ind\u00fastria de mudan\u00e7as intl.)<\/li>\n<li> Pagar a taxa de admiss\u00e3o, a taxa de inicia\u00e7\u00e3o PGP, a taxa anual de filia\u00e7\u00e3o PGP e LACMA uma vez que o processo de inscri\u00e7\u00e3o tenha sido conclu\u00eddo e a inscri\u00e7\u00e3o tenha sido aprovada<\/li>\n<\/ul>\n<p><u>Membros Adjuntos<\/u><\/p>\n<ul>\n<li> Preencher a solicita\u00e7\u00e3o de ades\u00e3o no formul\u00e1rio oficial da LACMA e fornecer as informa\u00e7\u00f5es solicitadas, concordar em cumprir com o Estatuto da LACMA e seus Regulamentos, C\u00f3digo de \u00c9tica e resolu\u00e7\u00f5es determinadas pela Diretoria da LACMA.<\/li>\n<li> Fornecer patroc\u00ednio de (2) membros ativos e\/ou associados da LACMA.<\/li>\n<li> Pagar a taxa de admiss\u00e3o e a taxa anual de filia\u00e7\u00e3o \u00e0 LACMA uma vez que o processo de inscri\u00e7\u00e3o tenha sido conclu\u00eddo e a inscri\u00e7\u00e3o tenha sido aprovada. Favor contatar a Secretaria da LACMA para obter as taxas citadas.<\/li>\n<li> Fornecer prova de que o produto ou servi\u00e7o oferecido foi comercializado por pelo menos um ano.<\/li>\n<\/ul>\n<p><strong>Exemplos de empresas membros<\/strong><\/p>\n<ul>\n<li> <a href=\"https:\/\/moverdb.com\/pt\/aires\/\">Aires<\/a><\/li>\n<li> <a href=\"https:\/\/moverdb.com\/pt\/arpin-internacional\/\">Arpin Internacional<\/a><\/li>\n<li> <a href=\"https:\/\/moverdb.com\/pt\/atlas-van-lines-internacional\/\">Linhas Atlas Van Lines<\/a><\/li>\n<li> <a href=\"https:\/\/moverdb.com\/pt\/santa-fe-relocation\/\">Servi\u00e7os de Realoca\u00e7\u00e3o de Santa Fe<\/a><\/li>\n<li> <a href=\"https:\/\/moverdb.com\/pt\/sterling-relocation\/\">Deslocaliza\u00e7\u00e3o da libra esterlina<\/a><\/li>\n<li> <a href=\"https:\/\/moverdb.com\/pt\/stevens-worldwide-van-lines\/\">Stevens Worldwide Van Lines<\/a><\/li>\n<li> <a href=\"https:\/\/moverdb.com\/pt\/amj-campbell-van-lines\/\">AMJ Campbell Linhas de Van<\/a><\/li>\n<li> <a href=\"https:\/\/moverdb.com\/pt\/suddath\/\">Suddath<\/a><\/li>\n<li> <a href=\"https:\/\/moverdb.com\/pt\/dt-moving\/\">DT Moving<\/a><\/li>\n<li> <a href=\"https:\/\/moverdb.com\/pt\/john-mason\/\">John Mason International Movers<\/a><\/li>\n<li> <a href=\"https:\/\/moverdb.com\/pt\/mudanzas-gou\/\">Mudanzas Gou<\/a><\/li>\n<li> <a href=\"https:\/\/moverdb.com\/pt\/gil-stauffer\/\">Gil Stauffer<\/a><\/li>\n<\/ul>\n<p><strong>Opini\u00f5es sobre a LACMA:<\/strong><\/p>\n<p>As informa\u00e7\u00f5es on-line indicam que os membros da LACMA s\u00e3o respons\u00e1veis por 90% de mudan\u00e7as de e para a regi\u00e3o da Am\u00e9rica Latina e Caribe. \u00c9 notado como sendo um dos mais importantes <a href=\"https:\/\/moverdb.com\/pt\/organizacoes-associacoes\/\">organiza\u00e7\u00f5es internacionais de mudan\u00e7as e transporte<\/a>.<\/p>\n<p>Os respons\u00e1veis mencionam o LACMA no contexto de tranquilizar os clientes sobre os padr\u00f5es de profissionalismo e cobertura geogr\u00e1fica. Seus membros s\u00e3o citados como sendo alguns dos melhores movimentistas do mundo e a informa\u00e7\u00e3o online decomp\u00f5e os membros como representando as seguintes \u00e1reas: <em>\"Europa 31%, The <a href=\"https:\/\/moverdb.com\/pt\/moving-to-the-united-states\/\" data-internallinksmanager029f6b8e52c=\"94\" title=\"Mudando-se para os Estados Unidos? 2026 Custos de Vida e Dicas de Reloca\u00e7\u00e3o\">Estados Unidos<\/a> &amp; <a href=\"https:\/\/moverdb.com\/pt\/moving-to-canada\/\" data-internallinksmanager029f6b8e52c=\"265\" title=\"Mudan\u00e7a para o Canad\u00e1? 2026 Custos de Vida e Dicas de Reloca\u00e7\u00e3o\">Canad\u00e1<\/a> 26%, Am\u00e9rica Latina e Caribe 28% e <a href=\"https:\/\/moverdb.com\/pt\/moving-to-australia\/living-in-australia\/\" data-internallinksmanager029f6b8e52c=\"240\" title=\"21 Segredos sobre viver na Austr\u00e1lia para saber antes de se mudar\">Austr\u00e1lia<\/a>15%, Oriente M\u00e9dio e Extremo Oriente\".<\/em> <\/p>\n<p>As empresas que incluem LACMA em seus websites s\u00e3o freq\u00fcentemente de fora da regi\u00e3o, mas demonstram seu alcance global com a ades\u00e3o \u00e0 organiza\u00e7\u00e3o.<\/p>\n<blockquote><p>LACMA \u00e9 uma associa\u00e7\u00e3o composta pelos melhores movimentos internacionais da Am\u00e9rica Latina e do Caribe, representando mais de 90% dos movimentos de e para esta regi\u00e3o.<\/p><\/blockquote>\n<p>\u2013 <a href=\"http:\/\/www.brytor.ca\/memberships.php\" target=\"_blank\" rel=\"noopener\">Brytor International Moving<\/a><\/p>\n<blockquote><p>LACMA \u00e9 a associa\u00e7\u00e3o que inclui os melhores 260 <a href=\"https:\/\/moverdb.com\/pt\/moving-companies\/\" data-internallinksmanager029f6b8e52c=\"79\" title=\"As 25 maiores empresas de mudan\u00e7as internacionais on-line\">empresas de mudan\u00e7as<\/a> do mundo, principalmente da Am\u00e9rica Latina e do Caribe. Devido ao seu prest\u00edgio, eles geram 90% de importa\u00e7\u00f5es e exporta\u00e7\u00f5es realizadas na Am\u00e9rica Latina.<\/p><\/blockquote>\n<p>\u2013 <a href=\"http:\/\/miglobal.com\/miglobal.com\/httpdocs\/affiliations.html\" target=\"_blank\" rel=\"noopener\">Mudanzas Internacionales Global<\/a><\/p>\n<p><strong>Website:<\/strong> <a href=\"http:\/\/www.lacmassoc.org\/\" target=\"_blank\" rel=\"noopener\">http:\/\/www.lacmassoc.org\/<\/a><\/p>","protected":false},"excerpt":{"rendered":"<p>The Latin American and Caribbean International Movers Association (LACIMA) represents a collection of moving and relocation companies with a view to encouraging integration of locally based businesses, as well as others across the world. Key facts about LACMA: a Membership of LACMA is open to moving and relocation companies from Latin America and the rest [&hellip;]<\/p>\n","protected":false},"author":1,"featured_media":0,"parent":0,"menu_order":0,"comment_status":"closed","ping_status":"closed","template":"","meta":{"_genesis_hide_title":false,"_genesis_hide_breadcrumbs":false,"_genesis_hide_singular_image":false,"_genesis_hide_footer_widgets":false,"_genesis_custom_body_class":"","_genesis_custom_post_class":"","_genesis_layout":"","footnotes":""},"class_list":{"0":"post-439","1":"page","2":"type-page","3":"status-publish","5":"entry"},"_links":{"self":[{"href":"https:\/\/moverdb.com\/pt\/wp-json\/wp\/v2\/pages\/439","targetHints":{"allow":["GET"]}}],"collection":[{"href":"https:\/\/moverdb.com\/pt\/wp-json\/wp\/v2\/pages"}],"about":[{"href":"https:\/\/moverdb.com\/pt\/wp-json\/wp\/v2\/types\/page"}],"author":[{"embeddable":true,"href":"https:\/\/moverdb.com\/pt\/wp-json\/wp\/v2\/users\/1"}],"replies":[{"embeddable":true,"href":"https:\/\/moverdb.com\/pt\/wp-json\/wp\/v2\/comments?post=439"}],"version-history":[{"count":21,"href":"https:\/\/moverdb.com\/pt\/wp-json\/wp\/v2\/pages\/439\/revisions"}],"predecessor-version":[{"id":13169,"href":"https:\/\/moverdb.com\/pt\/wp-json\/wp\/v2\/pages\/439\/revisions\/13169"}],"wp:attachment":[{"href":"https:\/\/moverdb.com\/pt\/wp-json\/wp\/v2\/media?parent=439"}],"curies":[{"name":"wp","href":"https:\/\/api.w.org\/{rel}","templated":true}]}}