{"id":438,"date":"2016-06-12T15:34:55","date_gmt":"2016-06-12T15:34:55","guid":{"rendered":"http:\/\/moverdb.com\/?page_id=438"},"modified":"2026-01-08T15:20:25","modified_gmt":"2026-01-08T15:20:25","slug":"ncbfaa","status":"publish","type":"page","link":"https:\/\/moverdb.com\/pt\/ncbfaa\/","title":{"rendered":"National Customs Brokers &amp; Forwarders Association of America (NCBFAA)"},"content":{"rendered":"<p>A National Customs Brokers &amp; Forwarders Association of America (NCBFAA) \u00e9 vista como a voz da ind\u00fastria de log\u00edstica de transporte na Am\u00e9rica. <\/p>\n<p>\u00c9 uma organiza\u00e7\u00e3o que trabalha constantemente para representar seus membros e o setor, em n\u00edvel legal e regulat\u00f3rio.<\/p>\n<p><strong>Principais fatos sobre a NCBFAA:<\/strong><\/p>\n<ol>\n<li>  A NCBFAA representa mais de 970 empresas associadas, com 110.000 funcion\u00e1rios no com\u00e9rcio internacional.<\/li>\n<li>  A NCBFAA foi criada em 1897 em <a href=\"https:\/\/moverdb.com\/pt\/movendo-se-para-anyc\/\">Nova Iorque<\/a>.<\/li>\n<li>  Os membros da NCBFAA incluem <a href=\"https:\/\/moverdb.com\/pt\/transitario-de-carga\/\">agentes de carga<\/a>A empresa \u00e9 uma das maiores empresas de transporte de carga do mundo, com mais de 250.000 importadores e exportadores, corretores aduaneiros, intermedi\u00e1rios de transporte mar\u00edtimo, NVOCCs e agentes de carga a\u00e9rea.<\/li>\n<li>  A filia\u00e7\u00e3o \u00e0 NCBFAA prov\u00e9m inteiramente de empresas americanas, que n\u00e3o a filia\u00e7\u00e3o a Associado.<\/li>\n<li>  A NCBFAA tem uma s\u00e9rie de principais tipos de filia\u00e7\u00e3o: Regular (despachantes aduaneiros licenciados, agentes de carga mar\u00edtima licenciados, agentes de carga a\u00e9rea internacional e transportadores comuns que n\u00e3o operam navios na Am\u00e9rica), Afiliados (em neg\u00f3cios como fornecedores ou vendedores de servi\u00e7os relacionados ao transporte, servi\u00e7os comerciais internacionais ou produtos espec\u00edficos para fun\u00e7\u00f5es dentro do com\u00e9rcio internacional), Associados (despachantes aduaneiros e\/ou <a href=\"https:\/\/moverdb.com\/pt\/freight-forwarder\/\" data-internallinksmanager029f6b8e52c=\"17\" title=\"Freight Forwarder &amp; NVOCC International Cost &amp; Companies Guide\">agente de cargas<\/a> domiciliadas fora da Am\u00e9rica).<\/li>\n<li>  A NCBFAA est\u00e1 sediada em <a href=\"https:\/\/moverdb.com\/pt\/movendo-se-para-washington-dc\/\">Washington<\/a>.<\/li>\n<li>  O principal papel da NCBFAA \u00e9 manter uma estreita vigil\u00e2ncia sobre quest\u00f5es legislativas e regulamentares que afetam os membros - e manter os membros informados sobre essas quest\u00f5es.<\/li>\n<li>  A NCBFAA se considera a voz nacional eficaz para o setor.<\/li>\n<\/ol>\n<p><strong>Perfil da National Customs Brokers &amp; Forwarders Association of America<\/strong><\/p>\n<p>A NCBFAA desempenha um grande papel na representa\u00e7\u00e3o dos membros da ind\u00fastria de log\u00edstica na Am\u00e9rica. Tem estado envolvido em discuss\u00f5es sobre quest\u00f5es que afetam o setor, como a legisla\u00e7\u00e3o aduaneira, e tem feito lobby junto ao congresso para perseguir e proteger os direitos e interesses dos membros. <\/p>\n<p>A NCBFAA j\u00e1 foi conhecida como a Associa\u00e7\u00e3o de Despachantes e Transit\u00e1rios de Baltimore e come\u00e7ou como uma organiza\u00e7\u00e3o do setor promovendo e educando a <a href=\"https:\/\/moverdb.com\/pt\/top-49-container-ports\/\" data-internallinksmanager029f6b8e52c=\"80\" title=\"Os 49 maiores e mais movimentados portos de cont\u00eaineres em 2025\">Porto<\/a> de Baltimore. <\/p>\n<p>A organiza\u00e7\u00e3o tornou-se a NCBFAA em 1983 \"para refletir melhor um novo e mais amplo escopo\". A NCBFAA \u00e9 uma organiza\u00e7\u00e3o sem fins lucrativos que foi projetada para promover os interesses de seus membros - e para impulsionar seus objetivos - tanto para o mercado consumidor quanto para o cora\u00e7\u00e3o do governo.<\/p>\n<p><strong>Crit\u00e9rios de ades\u00e3o:<\/strong><\/p>\n<p>De acordo com os estatutos da NCBFAA, todos os candidatos a Membro Regular devem: <\/p>\n<blockquote><p>... ser proposto por um Membro Regular e destacado por outro Membro Regular em um formul\u00e1rio previsto para esse fim, que dever\u00e1 conter o nome, endere\u00e7o e ocupa\u00e7\u00e3o do solicitante e os nomes dos Membros Regulares que prop\u00f5em e secundam o pedido. Ser\u00e1 dever dos Membros que prop\u00f5em e secundam o pedido, fornecer informa\u00e7\u00f5es sobre a situa\u00e7\u00e3o e o car\u00e1ter do solicitante.<\/p><\/blockquote>\n<p>H\u00e1 cotas a pagar, um formul\u00e1rio a preencher e os membros potenciais devem apresentar provas de que se enquadram em uma das categorias de membros, por exemplo<\/p>\n<ul>\n<li> Despachante Aduaneiro - N\u00famero de licen\u00e7a do despachante<\/li>\n<li> OTI - N\u00famero de licen\u00e7a FMC<\/li>\n<li> Agente Internacional de Carga A\u00e9rea \/ Agente de Carga A\u00e9rea: CNS\/<a href=\"https:\/\/moverdb.com\/pt\/iata\/\">IATA<\/a> N\u00famero de registro<\/li>\n<li> NVOCC: N\u00famero do FMC Bond<\/li>\n<\/ul>\n<p><strong>Opini\u00f5es sobre o NCBFAA<\/strong><\/p>\n<p>A NCBFAA n\u00e3o \u00e9 mencionada com grande freq\u00fc\u00eancia nos websites de empresas individuais. Entretanto, \u00e9 citado mais freq\u00fcentemente como fonte de informa\u00e7\u00e3o e recurso para dados \u00fateis sobre e para transit\u00e1rios de carga. <\/p>\n<p>H\u00e1 tamb\u00e9m uma s\u00e9rie de websites onde aparecem termos padr\u00e3o elaborados pela NCBFAA - com uma nota de que estes foram divulgados aos membros e a NCBFAA n\u00e3o assume nenhuma responsabilidade legal por eles. <\/p>\n<p>Isto indica que a associa\u00e7\u00e3o oferece a seus membros um banco de dados de documentos, bem como informa\u00e7\u00f5es e conselhos. A confer\u00eancia anual \u00e9 tamb\u00e9m claramente um evento de destaque e recebe uma men\u00e7\u00e3o sobre a <a href=\"https:\/\/www.cbp.gov\/newsroom\/speeches-and-statements\/2016-04-20-000000\/commissioner-kerlikowske%E2%80%99s-remarks-national\" target=\"_blank\" rel=\"noopener\">Site da Alf\u00e2ndega e Prote\u00e7\u00e3o de Fronteiras dos EUA<\/a>.<\/p>\n<blockquote><p>A NCBFAA \u00e9 a voz nacional eficaz do setor. Atrav\u00e9s de seus v\u00e1rios comit\u00eas, conselhos e representantes, a Associa\u00e7\u00e3o mant\u00e9m uma estreita vigil\u00e2ncia sobre quest\u00f5es legislativas e regulat\u00f3rias que afetam seus membros.<\/p><\/blockquote>\n<p>\u2013 <a href=\"http:\/\/www.shipuwl.com\/member-of-national-customs-brokers-forwarders-association-of-america-inc-ncbfaa\/\" target=\"_blank\" rel=\"noopener\">UWL<\/a><\/p>\n<blockquote><p>A ag\u00eancia est\u00e1 atenta \u00e0s quest\u00f5es legislativas e regulamentares que afetam seus membros...<\/p><\/blockquote>\n<p>\u2013 <a href=\"http:\/\/www.bdpinternational.com\/news-advisories-events\/trend-watch\/bdp-international-joins-the-national-customs-brokers-forwarders-association-of-america-inc\/\" target=\"_blank\" rel=\"noopener\">BDP Internacional<\/a><\/p>\n<p><strong>Saiba mais:<\/strong> <a href=\"https:\/\/moverdb.com\/pt\/transitario-de-carga\/\">Freight Forwarder &amp; NVOCC International Cost &amp; Companies Guide<\/a> <\/p>\n<p><strong>Website:<\/strong> <a href=\"http:\/\/www.ncbfaa.org\/\" target=\"_blank\" rel=\"noopener\">http:\/\/www.ncbfaa.org\/<\/a><\/p>","protected":false},"excerpt":{"rendered":"<p>The National Customs Brokers &#038; Forwarders Association of America (NCBFAA) is viewed as the voice of the transportation logistics industry in America. It is an organisation that constantly works to represent its members and sector, on a legal and regulatory level. Key facts about NCBFAA: The NCBFAA represents more than 970 member companies, with 110,000 [&hellip;]<\/p>\n","protected":false},"author":1,"featured_media":0,"parent":0,"menu_order":0,"comment_status":"closed","ping_status":"closed","template":"","meta":{"_genesis_hide_title":false,"_genesis_hide_breadcrumbs":false,"_genesis_hide_singular_image":false,"_genesis_hide_footer_widgets":false,"_genesis_custom_body_class":"","_genesis_custom_post_class":"","_genesis_layout":"","footnotes":""},"class_list":{"0":"post-438","1":"page","2":"type-page","3":"status-publish","5":"entry"},"_links":{"self":[{"href":"https:\/\/moverdb.com\/pt\/wp-json\/wp\/v2\/pages\/438","targetHints":{"allow":["GET"]}}],"collection":[{"href":"https:\/\/moverdb.com\/pt\/wp-json\/wp\/v2\/pages"}],"about":[{"href":"https:\/\/moverdb.com\/pt\/wp-json\/wp\/v2\/types\/page"}],"author":[{"embeddable":true,"href":"https:\/\/moverdb.com\/pt\/wp-json\/wp\/v2\/users\/1"}],"replies":[{"embeddable":true,"href":"https:\/\/moverdb.com\/pt\/wp-json\/wp\/v2\/comments?post=438"}],"version-history":[{"count":8,"href":"https:\/\/moverdb.com\/pt\/wp-json\/wp\/v2\/pages\/438\/revisions"}],"predecessor-version":[{"id":6223,"href":"https:\/\/moverdb.com\/pt\/wp-json\/wp\/v2\/pages\/438\/revisions\/6223"}],"wp:attachment":[{"href":"https:\/\/moverdb.com\/pt\/wp-json\/wp\/v2\/media?parent=438"}],"curies":[{"name":"wp","href":"https:\/\/api.w.org\/{rel}","templated":true}]}}