{"id":435,"date":"2016-06-12T14:17:13","date_gmt":"2016-06-12T14:17:13","guid":{"rendered":"http:\/\/moverdb.com\/?page_id=435"},"modified":"2026-01-08T14:47:40","modified_gmt":"2026-01-08T14:47:40","slug":"afra","status":"publish","type":"page","link":"https:\/\/moverdb.com\/pt\/afra\/","title":{"rendered":"Associa\u00e7\u00e3o Australiana dos Removedores de M\u00f3veis (AFRA) Explicada"},"content":{"rendered":"<p>A Associa\u00e7\u00e3o Australiana de Removedores de M\u00f3veis (AFRA) descreve-se tanto como um representante como um regulador da ind\u00fastria de mudan\u00e7as em <a href=\"https:\/\/moverdb.com\/pt\/moving-to-australia\/living-in-australia\/\" data-internallinksmanager029f6b8e52c=\"240\" title=\"21 Segredos sobre viver na Austr\u00e1lia para saber antes de se mudar\">Austr\u00e1lia<\/a>. <\/p>\n<p>Tem amplo alcance geogr\u00e1fico dentro da Austr\u00e1lia e \u00e9 freq\u00fcentemente citada como uma marca de qualidade.<\/p>\n<p><strong>Principais fatos sobre a AFRA:<\/strong><\/p>\n<ol>\n<li>  Atualmente, cerca de 350 empresas de remo\u00e7\u00e3o de m\u00f3veis e empresas associadas s\u00e3o membros da AFRA.<\/li>\n<li>  Os membros da AFRA cobrem praticamente todas as regi\u00f5es da Austr\u00e1lia - mas n\u00e3o locais internacionais.<\/li>\n<li>  A auditoria \u00e9 algo que os membros da AFRA t\u00eam que passar regularmente. H\u00e1 uma auditoria inicial que ocorre com o pedido de ades\u00e3o, seguida por uma auditoria 12 meses ap\u00f3s a aceita\u00e7\u00e3o e, depois disso, uma auditoria a cada quatro anos. Se as auditorias revelarem que os membros n\u00e3o est\u00e3o cumprindo os requisitos b\u00e1sicos, h\u00e1 um per\u00edodo de 21 dias para corrigir isso antes que a AFRA possa tomar medidas disciplinares contra seus membros.<\/li>\n<li>  Os membros da AFRA s\u00e3o diversos, desde pequenas empresas operadas por um \u00fanico propriet\u00e1rio de caminh\u00e3o, at\u00e9 grandes empresas multinacionais com muitas filiais tanto na Austr\u00e1lia como na Austr\u00e1lia. <a href=\"https:\/\/moverdb.com\/pt\/mudancas-empresas\/\">no exterior<\/a>.<\/li>\n<li>  A AFRA tem certos requisitos b\u00e1sicos que os membros devem cumprir e estes s\u00e3o abrangentes, relacionados a tudo, desde instala\u00e7\u00f5es at\u00e9 pessoal, ve\u00edculos, equipamentos e seguros.<\/li>\n<li>  Se as reclama\u00e7\u00f5es ou reclama\u00e7\u00f5es n\u00e3o forem resolvidas pelos membros, elas podem ser encaminhadas pelo cliente \u00e0 AFRA.<\/li>\n<li>  Todos os membros da AFRA possuem Seguro de Responsabilidade Civil P\u00fablica e est\u00e3o autorizados a fornecer Seguro de Tr\u00e2nsito para todos os bens e efeitos que est\u00e3o sendo movimentados.<\/li>\n<\/ol>\n<p><strong>Perfil da Associa\u00e7\u00e3o Australiana de Removedores de M\u00f3veis:<\/strong><\/p>\n<p>A AFRA \u00e9 um \u00f3rg\u00e3o oficial de especialistas em mudan\u00e7as que fornece credenciamento aos membros que procuram um sinal confi\u00e1vel de qualidade para exibir aos consumidores. <\/p>\n<p>Somente as empresas de mudan\u00e7as que tiverem o equipamento, ve\u00edculos, instala\u00e7\u00f5es e treinamento de pessoal adequados para completar uma mudan\u00e7a profissional receber\u00e3o um credenciamento de membro da AFRA. Uma vez recebido o credenciamento, a organiza\u00e7\u00e3o continua a avaliar seus membros para garantir que os padr\u00f5es n\u00e3o tenham deslizado. <\/p>\n<p>As exig\u00eancias que a AFRA tem de seus membros destinam-se a tornar a ind\u00fastria de mudan\u00e7as um lugar melhor para os consumidores em termos de fatores como a prote\u00e7\u00e3o financeira e o bom servi\u00e7o. A AFRA oferece filia\u00e7\u00e3o somente a empresas australianas, mas elas podem estar atendendo a clientes que se mudam dentro da Austr\u00e1lia ou <a href=\"https:\/\/moverdb.com\/pt\/remocoes-internacionais\/\">no exterior<\/a>. <\/p>\n<p>Como parte de seus benef\u00edcios como membro, a AFRA oferece treinamento, informa\u00e7\u00e3o e orienta\u00e7\u00e3o aos membros, al\u00e9m de fornecer um recurso sobre as \u00faltimas not\u00edcias e mudan\u00e7as que afetam o setor.<\/p>\n<p><strong>Crit\u00e9rios de ades\u00e3o:<\/strong><\/p>\n<p>Os crit\u00e9rios de ades\u00e3o n\u00e3o est\u00e3o listados no site, mas no formul\u00e1rio de solicita\u00e7\u00e3o (que tamb\u00e9m n\u00e3o est\u00e1 dispon\u00edvel no site). Um pacote de filia\u00e7\u00e3o pode ser obtido em <a href=\"mailto:admin@afra.com.au\">admin@afra.com.au<\/a>.<\/p>\n<p>Cada empresa, antes de ser concedida a ades\u00e3o, ser\u00e1 submetida a uma auditoria.<\/p>\n<p><strong>Empresas associadas<\/strong><\/p>\n<ul>\n<li> <a href=\"https:\/\/moverdb.com\/pt\/remocoes-de-conroy-removals\/\">Retirada de conroy<\/a><\/li>\n<\/ul>\n<p><strong>Opini\u00f5es sobre a AFRA:<\/strong><\/p>\n<p>A AFRA \u00e9 vista como um indicador de um neg\u00f3cio de qualidade e sugerida por websites do governo como uma forma de garantir que um movedor tenha os recursos, padr\u00f5es e habilidades corretos para realizar uma mudan\u00e7a. <\/p>\n<p>O fato de a AFRA apenas aprovar aqueles que s\u00e3o capazes de realizar uma mudan\u00e7a profissionalmente \u00e9 visto como importante, assim como os requisitos para que os membros da AFRA tenham prote\u00e7\u00e3o, tais como v\u00e1rios seguros em vigor. <\/p>\n<p>A quest\u00e3o \u00e9 que se uma empresa \u00e9 membro da AFRA, isto d\u00e1 a seus clientes a chance de acessar as informa\u00e7\u00f5es da AFRA e ter a garantia do servi\u00e7o de resolu\u00e7\u00e3o de disputas. A opini\u00e3o online destaca que \"todas as grandes empresas nacionais <a href=\"https:\/\/moverdb.com\/pt\/international-removals\/\" data-internallinksmanager029f6b8e52c=\"27\" title=\"36 melhores empresas de mudan\u00e7as internacionais no Reino Unido\">empresas de mudan\u00e7as<\/a> est\u00e3o comprometidos com o ideal da AFRA\". <\/p>\n<p>A utiliza\u00e7\u00e3o de um removedor membro da AFRA \u00e9 uma das dicas de mudan\u00e7a fornecidas por um <a href=\"https:\/\/www.allianz.com.au\/home-insurance\/news\/6-tips-on-how-to-hire-the-best-removalists\" target=\"_blank\" rel=\"noopener\">grande empresa de servi\u00e7os financeiros<\/a>O que faz com que a lei australiana n\u00e3o exija que as empresas de mudan\u00e7as tenham seguro, mas a AFRA tem. Ela tamb\u00e9m valoriza o fato de que os membros da AFRA estar\u00e3o em dia com os \u00faltimos desenvolvimentos e ser\u00e3o mantidos dentro dos padr\u00f5es m\u00ednimos.<\/p>\n<blockquote><p>Os removedores que s\u00e3o credenciados pela AFRA devem cumprir certos padr\u00f5es em rela\u00e7\u00e3o a equipamentos, ve\u00edculos, instala\u00e7\u00f5es e treinamento de pessoal necess\u00e1rios para completar uma mudan\u00e7a profissional.<\/p><\/blockquote>\n<p>\u2013 <a href=\"http:\/\/www.fairtrading.nsw.gov.au\/ftw\/Consumers\/Buying_services\/Hiring_a_removalist.page\" target=\"_blank\" rel=\"noopener\">Governo de NSW<\/a><\/p>\n<blockquote><p>A AFRA \u00e9 um \u00f3rg\u00e3o oficial de especialistas em remo\u00e7\u00e3o na Austr\u00e1lia que ajuda a regular a ind\u00fastria de remo\u00e7\u00e3o. A AFRA credencia apenas os removedores que possuem o equipamento, ve\u00edculos, instala\u00e7\u00f5es e treinamento de pessoal necess\u00e1rios para completar uma mudan\u00e7a profissional.<\/p><\/blockquote>\n<p>\u2013 <a href=\"http:\/\/www.ashtons.com.au\/afra-accreditation.html\" target=\"_blank\" rel=\"noopener\">Remo\u00e7\u00f5es Ashtons<\/a><\/p>\n<p><strong>Website:<\/strong> <a href=\"http:\/\/www.afra.com.au\/\" target=\"_blank\" rel=\"noopener\">http:\/\/www.afra.com.au\/<\/a><\/p>\n<h2>Outros guias \u00fateis para a Austr\u00e1lia<\/h2>\n<ul>\n<li> <a href=\"https:\/\/moverdb.com\/pt\/transporte-de-conteineres\/australia\/\">2024 Tarifas de remessa de cont\u00eaineres de frete mar\u00edtimo para e da Austr\u00e1lia<\/a><\/li>\n<li> <a href=\"https:\/\/moverdb.com\/pt\/mudancas-empresas\/australia-2\/\">17 Melhores Empresas de Mudan\u00e7as Internacionais na Austr\u00e1lia<\/a><\/li>\n<li> <a href=\"https:\/\/moverdb.com\/pt\/best-international-money-traney-transfer-services\/money-transfer-companies-australia\/\">10 melhores empresas de transfer\u00eancia de dinheiro na Austr\u00e1lia<\/a><\/li>\n<li> <a href=\"https:\/\/moverdb.com\/pt\/movendo-se-para-a-australia\/\">Mudan\u00e7a para a Austr\u00e1lia? 2024 Custo de vida e dicas de realoca\u00e7\u00e3o<\/a><\/li>\n<li> <a href=\"https:\/\/moverdb.com\/pt\/movendo-se-para-a-australia\/best-places-to-live-australia\/\">13 melhores lugares para se viver na Austr\u00e1lia<\/a><\/li>\n<li> <a href=\"https:\/\/moverdb.com\/pt\/movendo-se-para-a-australia\/living-in-australia\/\">21 Segredos sobre viver na Austr\u00e1lia para saber antes de se mudar<\/a><\/li>\n<li> <a href=\"https:\/\/moverdb.com\/pt\/movendo-se-para-a-australia\/moving-to-australia-from-the-us\/\">Mudan\u00e7a dos Estados Unidos para a Austr\u00e1lia<\/a><\/li>\n<li> <a href=\"https:\/\/moverdb.com\/pt\/transporte-de-conteineres\/to-australia-from-the-united-states\/\">Custos de envio de cont\u00eaineres dos Estados Unidos para a Austr\u00e1lia<\/a><\/li>\n<li> <a href=\"https:\/\/moverdb.com\/pt\/movendo-se-para-a-australia\/moving-to-australia-from-the-uk\/\">Mudan\u00e7a do Reino Unido para a Austr\u00e1lia<\/a><\/li>\n<li> <a href=\"https:\/\/moverdb.com\/pt\/transporte-de-conteineres\/to-australia-from-the-uk\/\">Custos e prazos do transporte de cont\u00eaineres do Reino Unido para a Austr\u00e1lia<\/a><\/li>\n<li> <a href=\"https:\/\/moverdb.com\/pt\/movendo-se-para-a-australia\/moving-to-australia-from-bahrain\/\">Mudan\u00e7a do Bahrein para a Austr\u00e1lia<\/a><\/li>\n<li> <a href=\"https:\/\/moverdb.com\/pt\/movendo-se-para-a-australia\/moving-to-australia-from-the-uae\/\">Mudan\u00e7a de Dubai e dos Emirados \u00c1rabes Unidos para a Austr\u00e1lia<\/a><\/li>\n<li> <a href=\"https:\/\/moverdb.com\/pt\/transporte-de-conteineres\/to-australia-from-dubai\/\">Custos e prazos do transporte de cont\u00eaineres de Dubai para a Austr\u00e1lia<\/a><\/li>\n<li> <a href=\"https:\/\/moverdb.com\/pt\/transporte-de-conteineres\/to-australia-from-uae\/\">Custos e prazos do transporte de cont\u00eaineres dos Emirados \u00c1rabes Unidos para a Austr\u00e1lia<\/a><\/li>\n<li> <a href=\"https:\/\/moverdb.com\/pt\/movendo-se-para-a-australia\/moving-to-australia-from-kuwait\/\">Mudan\u00e7a do Kuwait para a Austr\u00e1lia<\/a><\/li>\n<li> <a href=\"https:\/\/moverdb.com\/pt\/movendo-se-para-a-australia\/moving-to-australia-from-qatar\/\">Mudan\u00e7a do Qatar para a Austr\u00e1lia<\/a><\/li>\n<li> <a href=\"https:\/\/moverdb.com\/pt\/transporte-de-conteineres\/to-australia-from-qatar\/\">Custos e hor\u00e1rios do transporte de cont\u00eaineres do Catar para a Austr\u00e1lia<\/a><\/li>\n<li> <a href=\"https:\/\/moverdb.com\/pt\/movendo-se-para-a-australia\/moving-to-perth\/\">Est\u00e1 se mudando para Perth? 2024 Custo de vida e dicas de realoca\u00e7\u00e3o<\/a><\/li>\n<li> <a href=\"https:\/\/moverdb.com\/pt\/movendo-se-para-a-australia\/moving-to-australia-from-singapore\/\">Mudan\u00e7a de Cingapura para a Austr\u00e1lia<\/a><\/li>\n<li> <a href=\"https:\/\/moverdb.com\/pt\/transporte-de-conteineres\/to-australia-from-singapore\/\">Custos e hor\u00e1rios do transporte de cont\u00eaineres de Cingapura para a Austr\u00e1lia<\/a><\/li>\n<li> <a href=\"https:\/\/moverdb.com\/pt\/movendo-se-para-a-australia\/moving-to-australia-from-south-africa\/\">Mudan\u00e7a da \u00c1frica do Sul para a Austr\u00e1lia<\/a><\/li>\n<li> <a href=\"https:\/\/moverdb.com\/pt\/transporte-de-conteineres\/to-australia-from-canada\/\">Custos de envio de cont\u00eaineres do Canad\u00e1 para a Austr\u00e1lia<\/a><\/li>\n<li> <a href=\"https:\/\/moverdb.com\/pt\/transporte-de-conteineres\/to-australia-from-new-zealand\/\">Custos de envio de cont\u00eaineres da Nova Zel\u00e2ndia para a Austr\u00e1lia<\/a><\/li>\n<li> <a href=\"https:\/\/moverdb.com\/pt\/movendo-se-para-a-australia\/moving-to-hobart\/\">Est\u00e1 se mudando para Hobart? 2024 Custo de vida e dicas de realoca\u00e7\u00e3o<\/a><\/li>\n<li> <a href=\"https:\/\/moverdb.com\/pt\/movendo-se-para-a-australia\/moving-to-gold-coast\/\">Mudan\u00e7a para Gold Coast? 2024 Custo de vida e dicas de realoca\u00e7\u00e3o<\/a><\/li>\n<li> <a href=\"https:\/\/moverdb.com\/pt\/movendo-se-para-a-australia\/moving-to-melbourne\/\">Est\u00e1 se mudando para Melbourne? 2024 Custo de vida e dicas de realoca\u00e7\u00e3o<\/a><\/li>\n<\/ul>","protected":false},"excerpt":{"rendered":"<p>The Australian Furniture Removers Association (AFRA) describes itself both as a representative of, and regulator of, the removals industry in Australia. It has broad geographic reach within Australia and is often cited as a mark of quality. Key facts about the AFRA: Currently, around 350 furniture removal and associated companies are members of AFRA. The [&hellip;]<\/p>\n","protected":false},"author":1,"featured_media":0,"parent":0,"menu_order":0,"comment_status":"closed","ping_status":"closed","template":"","meta":{"_genesis_hide_title":false,"_genesis_hide_breadcrumbs":false,"_genesis_hide_singular_image":false,"_genesis_hide_footer_widgets":false,"_genesis_custom_body_class":"","_genesis_custom_post_class":"","_genesis_layout":"","footnotes":""},"class_list":{"0":"post-435","1":"page","2":"type-page","3":"status-publish","5":"entry"},"_links":{"self":[{"href":"https:\/\/moverdb.com\/pt\/wp-json\/wp\/v2\/pages\/435","targetHints":{"allow":["GET"]}}],"collection":[{"href":"https:\/\/moverdb.com\/pt\/wp-json\/wp\/v2\/pages"}],"about":[{"href":"https:\/\/moverdb.com\/pt\/wp-json\/wp\/v2\/types\/page"}],"author":[{"embeddable":true,"href":"https:\/\/moverdb.com\/pt\/wp-json\/wp\/v2\/users\/1"}],"replies":[{"embeddable":true,"href":"https:\/\/moverdb.com\/pt\/wp-json\/wp\/v2\/comments?post=435"}],"version-history":[{"count":11,"href":"https:\/\/moverdb.com\/pt\/wp-json\/wp\/v2\/pages\/435\/revisions"}],"predecessor-version":[{"id":17997,"href":"https:\/\/moverdb.com\/pt\/wp-json\/wp\/v2\/pages\/435\/revisions\/17997"}],"wp:attachment":[{"href":"https:\/\/moverdb.com\/pt\/wp-json\/wp\/v2\/media?parent=435"}],"curies":[{"name":"wp","href":"https:\/\/api.w.org\/{rel}","templated":true}]}}