{"id":434,"date":"2016-06-05T06:20:47","date_gmt":"2016-06-05T06:20:47","guid":{"rendered":"http:\/\/moverdb.com\/?page_id=434"},"modified":"2026-01-08T14:48:22","modified_gmt":"2026-01-08T14:48:22","slug":"fidi-faim","status":"publish","type":"page","link":"https:\/\/moverdb.com\/pt\/fidi-faim\/","title":{"rendered":"FIDI &amp; FAIM (FIDI Accredited International Mover) Explicado"},"content":{"rendered":"<p>A FIDI (F\u00e9d\u00e9ration Internationale des D\u00e9m\u00e9nageurs Internationaux; A Federa\u00e7\u00e3o Internacional dos D\u00e9m\u00e9nageurs Internationaux) \u00e9 uma organiza\u00e7\u00e3o guarda-chuva global de neg\u00f3cios de mudan\u00e7a e realoca\u00e7\u00e3o internacional. <\/p>\n<p>Ela se descreve como um padr\u00e3o mundial da ind\u00fastria de mudan\u00e7as de alta qualidade e foi pioneira no FIDI Accredited International Mover (FAIM) Quality Management Programme, um programa de certifica\u00e7\u00e3o de qualidade dedicado exclusivamente \u00e0 ind\u00fastria de mudan\u00e7as internacionais.<\/p>\n<p><strong>Principais fatos sobre a organiza\u00e7\u00e3o:<\/strong><\/p>\n<ol>\n<li>  O FIDI representa mais de <strong>600 independentes <a href=\"https:\/\/moverdb.com\/pt\/mudancas-empresas\/\">empresas<\/a><\/strong> em mais de <strong>100 pa\u00edses<\/strong>.<\/li>\n<li>  O FIDI \u00e9 a maior organiza\u00e7\u00e3o guarda-chuva de <a href=\"https:\/\/moverdb.com\/pt\/remocoes-internacionais\/\">mudan\u00e7as internacionais<\/a> e empresas de reloca\u00e7\u00e3o.<\/li>\n<li>  A FIDI oferece tanto a recoloca\u00e7\u00e3o pessoal quanto a de neg\u00f3cios.<\/li>\n<li>  Todas as Afiliadas FIDI devem cumprir um rigoroso padr\u00e3o de qualidade FIDI-FAIM.<\/li>\n<li>  FIDI oferece o Programa de Gest\u00e3o de Qualidade FAIM, considerado um dos padr\u00f5es mais rigorosos do setor, com mais de <strong>200 requisitos de qualidade<\/strong> relacionadas tanto \u00e0s opera\u00e7\u00f5es como ao atendimento ao cliente.<\/li>\n<li>  Cada Afiliada FIDI tem que passar por uma avalia\u00e7\u00e3o peri\u00f3dica independente de suas atividades de mudan\u00e7a internacional. Se eles falharem em sua avalia\u00e7\u00e3o, ser\u00e3o extintos do FIDI.<\/li>\n<li>  Todas as afiliadas do FIDI devem assinar e aderir a uma Carta Antissuborno e Anti-Corrup\u00e7\u00e3o obrigat\u00f3ria.<\/li>\n<li>  Todos os membros do FIDI tamb\u00e9m devem ser certificados pela FAIM - isto \u00e9 solicitado ao mesmo tempo em que s\u00e3o membros.<\/li>\n<li>  A FAIM Plus est\u00e1 dispon\u00edvel para aqueles que possuem a certifica\u00e7\u00e3o ISO 9001.<\/li>\n<\/ol>\n<p><strong>Perfil de organiza\u00e7\u00e3o do FIDI<\/strong><\/p>\n<p>A FIDI \u00e9 uma associa\u00e7\u00e3o global de promotores que oferece a suas afiliadas um forte e reconhecido selo de aprova\u00e7\u00e3o de servi\u00e7os, maiores oportunidades de networking e a oportunidade de expandir um neg\u00f3cio. <\/p>\n<p>Realiza confer\u00eancias regulares e realiza sess\u00f5es de treinamento para membros de todo o mundo e oferece aos membros um plano de prote\u00e7\u00e3o de pagamentos, que os ajuda a proteger at\u00e9 90% do valor de suas faturas. A FIDI tamb\u00e9m se posicionou para manter suas afiliadas atualizadas com as \u00faltimas not\u00edcias do setor e tem um painel do setor que oferece orienta\u00e7\u00e3o especializada e lida com disputas entre os membros. <\/p>\n<p>O FIDI Accredited International Mover (FAIM) Quality Management Programme \u00e9 parte da oferta FIDI, uma certifica\u00e7\u00e3o de qualidade para a ind\u00fastria de mudan\u00e7as que foi desenvolvida atrav\u00e9s de consultas e melhores pr\u00e1ticas do melhor dos grandes, pequenos, privados e p\u00fablicos. <a href=\"https:\/\/moverdb.com\/pt\/moving-companies\/\" data-internallinksmanager029f6b8e52c=\"79\" title=\"As 25 maiores empresas de mudan\u00e7as internacionais on-line\">empresas de mudan\u00e7as internacionais<\/a> de todas as partes do mundo.<\/p>\n<p><strong>Crit\u00e9rios de ades\u00e3o:<\/strong><\/p>\n<p>Para aderir \u00e0 Alian\u00e7a Global FIDI, voc\u00ea deve cumprir os seguintes requisitos obrigat\u00f3rios:<\/p>\n<ul>\n<li> Cumprir os regulamentos do FIDI<\/li>\n<li> Operar em servi\u00e7os de mudan\u00e7as intercontinentais por pelo menos 2 anos antes da aplica\u00e7\u00e3o<\/li>\n<li> Realizar um m\u00ednimo de 10 movimentos intercontinentais por ano*<\/li>\n<li> Ter cobertura de seguro apropriada e adequada<\/li>\n<li> Assinar a Carta Anti-Suborno e Anti-Corrup\u00e7\u00e3o do FIDI (FIDI ABC Charter)<\/li>\n<li> Ser financeiramente saud\u00e1vel (sua sa\u00fade financeira ser\u00e1 verificada por um auditor independente durante a fase de aplica\u00e7\u00e3o)<\/li>\n<li> Ser certificado FIDI-FAIM (voc\u00ea se candidatar\u00e1 \u00e0 certifica\u00e7\u00e3o FAIM ao mesmo tempo em que se candidata \u00e0 associa\u00e7\u00e3o FIDI)<\/li>\n<\/ul>\n<p><strong>Certifica\u00e7\u00e3o FAIM:<\/strong><\/p>\n<p>O programa de certifica\u00e7\u00e3o FIDI-FAIM exige que as empresas de mudan\u00e7as internacionais tenham uma avalia\u00e7\u00e3o peri\u00f3dica independente de suas atividades de mudan\u00e7as intercontinentais atrav\u00e9s de uma auditoria independente, que \u00e9 realizada a cada tr\u00eas anos.<\/p>\n<p>Isso garante que as empresas FIDI trabalhem de acordo com um padr\u00e3o comum mundial para gerenciar e executar servi\u00e7os de mudan\u00e7as internacionais de maneira uniforme, de qualidade e eficaz. Tamb\u00e9m fornece um mecanismo transparente que garante que os padr\u00f5es permane\u00e7am elevados.<\/p>\n<p>Do ponto de vista do cliente final, uma empresa certificada FAIM d\u00e1 \u00e0 pessoa que se muda e ao departamento de RH que organiza sua mudan\u00e7a, a confian\u00e7a de que a empresa conhece o neg\u00f3cio e tem os recursos e know-how para fazer o trabalho corretamente.<\/p>\n<p>A avalia\u00e7\u00e3o no local \u00e9 realizada de forma independente pelos avaliadores internacionais Ernst &amp; Young.<\/p>\n<p><strong>Algumas empresas associadas<\/strong><\/p>\n<ul>\n<li> <a href=\"https:\/\/moverdb.com\/pt\/aires\/\">Aires<\/a><\/li>\n<li> <a href=\"https:\/\/moverdb.com\/pt\/cadogan-tate\/\">Cadogan Tate<\/a><\/li>\n<li> <a href=\"https:\/\/moverdb.com\/pt\/verde-crescimento\/\">Verde Harrow<\/a><\/li>\n<li> <a href=\"https:\/\/moverdb.com\/pt\/santa-fe-relocation\/\">Deslocaliza\u00e7\u00e3o de Santa Fe<\/a><\/li>\n<li> <a href=\"https:\/\/moverdb.com\/pt\/deslocamentos-de-equipes\/\">Mudan\u00e7as de equipe<\/a><\/li>\n<li> <a href=\"https:\/\/moverdb.com\/pt\/nippon-express\/\">Nippon Express<\/a><\/li>\n<li> <a href=\"https:\/\/moverdb.com\/pt\/settelen\/\">Settelen<\/a><\/li>\n<li> <a href=\"https:\/\/moverdb.com\/pt\/remocoes-de-conroy-removals\/\">Retirada de conroy<\/a><\/li>\n<li> <a href=\"https:\/\/moverdb.com\/pt\/bolliger\/\">Bolliger<\/a><\/li>\n<li> <a href=\"https:\/\/moverdb.com\/pt\/mudanzas-gou\/\">Mudanzas Gou<\/a><\/li>\n<li> <a href=\"https:\/\/moverdb.com\/pt\/gil-stauffer\/\">Gil Stauffer<\/a><\/li>\n<li> <a href=\"https:\/\/moverdb.com\/pt\/packimpex\/\">Packimpex<\/a><\/li>\n<\/ul>\n<p><strong>Opini\u00f5es sobre a organiza\u00e7\u00e3o<\/strong><\/p>\n<p>O FIDI \u00e9 altamente considerado por aqueles que o mencionam em seus websites, tanto no que diz respeito aos recursos significativos que possui quanto ao fato de que a auditoria \u00e9 cont\u00ednua. <\/p>\n<p>A independ\u00eancia \u00e9 outro fator chave na reputa\u00e7\u00e3o que a FIDI construiu - toda empresa de mudan\u00e7as tem um procedimento de conformidade no local realizado por um consultor de fora de seu pa\u00eds. <\/p>\n<blockquote><p>Para empresas de mudan\u00e7as que aspiram aos n\u00edveis m\u00e1ximos de qualidade, FAIM\/ISO oferece o mais alto padr\u00e3o de certifica\u00e7\u00e3o dispon\u00edvel no mundo.<\/p><\/blockquote>\n<p> \u2013 <a href=\"http:\/\/www.ossworldwidemovers.com\/fidi-accredited-international-mover\" target=\"_blank\" rel=\"noopener\">OSS World Wide Movers<\/a><\/p>\n<blockquote><p>H\u00e1 numerosas empresas de mudan\u00e7as em todo o mundo. Como separar as boas das ruins? Voc\u00ea come\u00e7a com FIDI\/FAIM, o padr\u00e3o de ouro para mudan\u00e7as internacionais.<\/p><\/blockquote>\n<p>\u2013 <a href=\"http:\/\/www.jkmoving.com\/International\/International_Network-_FIDI\/FAIM\/\" target=\"_blank\" rel=\"noopener\">JK Moving Services<\/a><\/p>\n<p><a href=\"http:\/\/www.jkmoving.com\/International\/International_Network-_FIDI\/FAIM\/\" target=\"_blank\" rel=\"noopener\"><\/a><\/p>\n<blockquote><p>Este \u00e9 o programa de qualidade mais rigoroso e abrangente para a ind\u00fastria de mudan\u00e7as internacionais e tem mais de 200 requisitos de qualidade relacionados \u00e0s opera\u00e7\u00f5es e servi\u00e7os de uma organiza\u00e7\u00e3o para os clientes. A FIDI oferece agora um credenciamento chamado FAIM.<\/p><\/blockquote>\n<p>\u2013 <a href=\"http:\/\/www.suddathinternational.com\/news\/2013\/8\/1\/faim-plus.aspx\" target=\"_blank\" rel=\"noopener\">Suddath<\/a><\/p>\n<p><strong>Website:<\/strong> <a href=\"https:\/\/www.fidi.org\" target=\"_blank\" rel=\"noopener\">https:\/\/www.fidi.org<\/a><\/p>","protected":false},"excerpt":{"rendered":"<p>FIDI (F\u00e9d\u00e9ration Internationale des D\u00e9m\u00e9nageurs Internationaux; The Federation of International Movers) is a global umbrella organisation of international moving and relocation businesses. It describes itself as a worldwide industry standard for top quality movers and has pioneered the FIDI Accredited International Mover (FAIM) Quality Management Programme, a quality certification programme dedicated exclusively to the international [&hellip;]<\/p>\n","protected":false},"author":1,"featured_media":0,"parent":0,"menu_order":0,"comment_status":"closed","ping_status":"closed","template":"","meta":{"_genesis_hide_title":false,"_genesis_hide_breadcrumbs":false,"_genesis_hide_singular_image":false,"_genesis_hide_footer_widgets":false,"_genesis_custom_body_class":"","_genesis_custom_post_class":"","_genesis_layout":"","footnotes":""},"class_list":{"0":"post-434","1":"page","2":"type-page","3":"status-publish","5":"entry"},"_links":{"self":[{"href":"https:\/\/moverdb.com\/pt\/wp-json\/wp\/v2\/pages\/434","targetHints":{"allow":["GET"]}}],"collection":[{"href":"https:\/\/moverdb.com\/pt\/wp-json\/wp\/v2\/pages"}],"about":[{"href":"https:\/\/moverdb.com\/pt\/wp-json\/wp\/v2\/types\/page"}],"author":[{"embeddable":true,"href":"https:\/\/moverdb.com\/pt\/wp-json\/wp\/v2\/users\/1"}],"replies":[{"embeddable":true,"href":"https:\/\/moverdb.com\/pt\/wp-json\/wp\/v2\/comments?post=434"}],"version-history":[{"count":28,"href":"https:\/\/moverdb.com\/pt\/wp-json\/wp\/v2\/pages\/434\/revisions"}],"predecessor-version":[{"id":6210,"href":"https:\/\/moverdb.com\/pt\/wp-json\/wp\/v2\/pages\/434\/revisions\/6210"}],"wp:attachment":[{"href":"https:\/\/moverdb.com\/pt\/wp-json\/wp\/v2\/media?parent=434"}],"curies":[{"name":"wp","href":"https:\/\/api.w.org\/{rel}","templated":true}]}}