{"id":433,"date":"2016-06-12T13:45:04","date_gmt":"2016-06-12T13:45:04","guid":{"rendered":"http:\/\/moverdb.com\/?page_id=433"},"modified":"2026-01-08T14:47:29","modified_gmt":"2026-01-08T14:47:29","slug":"amsa","status":"publish","type":"page","link":"https:\/\/moverdb.com\/pt\/amsa\/","title":{"rendered":"American Moving &amp; Storage Association (AMSA) Explicada"},"content":{"rendered":"<p>A American Moving &amp; Storage Association (AMSA) \u00e9 a associa\u00e7\u00e3o comercial nacional para a ind\u00fastria de mudan\u00e7as americana. <\/p>\n<p>Foi criada para ajudar a representar os interesses daqueles que atuam no setor de mudan\u00e7as e armazenamento, tanto dom\u00e9stico quanto internacional, e tamb\u00e9m para fornecer uma fonte de informa\u00e7\u00e3o e assist\u00eancia aos clientes que utilizam empresas do setor.<\/p>\n<p><strong>Principais fatos sobre a AMSA:<\/strong><\/p>\n<ol>\n<li>  Tem cerca de 4.200 membros.<\/li>\n<li>  Os membros da AMSA s\u00e3o formados por empresas interestaduais de mudan\u00e7as e armazenagem, empresas de mudan\u00e7as locais, <a href=\"https:\/\/moverdb.com\/pt\/mudancas-empresas\/\">mudan\u00e7as internacionais<\/a> al\u00e9m de fornecedores do setor e membros de associa\u00e7\u00f5es estaduais.<\/li>\n<li>  \u00c9 a \u00fanica associa\u00e7\u00e3o nacional que representa todos os setores da ind\u00fastria de mudan\u00e7as e armazenagem.<\/li>\n<li>  A AMSA lan\u00e7ou o <a href=\"https:\/\/moverdb.com\/pt\/rim-promover\/\" data-internallinksmanager029f6b8e52c=\"76\" title=\"RIM International ProMover Certification Explained\">ProMover<\/a> certifica\u00e7\u00e3o em 2009, destinada a direcionar os consumidores para as empresas de qualidade que assinam as metas da AMSA.<\/li>\n<li>  A filia\u00e7\u00e3o n\u00e3o est\u00e1 aberta apenas \u00e0s empresas de mudan\u00e7as, mas tamb\u00e9m aos afiliados (aqueles que fornecem produtos ou servi\u00e7os relacionados \u00e0 ind\u00fastria de mudan\u00e7as), indiv\u00edduos e associa\u00e7\u00f5es comerciais profissionais.<\/li>\n<li>  A ades\u00e3o \u00e0 AMSA \u00e9 uma parte importante do processo de solicita\u00e7\u00e3o de <a href=\"https:\/\/moverdb.com\/pt\/rim-promover\/\">Certifica\u00e7\u00e3o ProMover<\/a> - isto deve ter sido realizado sem emiss\u00e3o por 18 meses.<\/li>\n<li>  \u00c9 bem conhecida pelos consumidores por seu banco de dados de 'dicas de mudan\u00e7a', oferecendo informa\u00e7\u00f5es sobre tudo, desde embalagem at\u00e9 como gerenciar o dia da mudan\u00e7a.<\/li>\n<li>  Ela oferece um programa de resolu\u00e7\u00e3o de disputas e tem um c\u00f3digo de \u00e9tica que seus membros devem respeitar.<\/li>\n<li>  Seus membros transportam entre 1,3 e 1,5 milh\u00f5es de lares a cada ano.<\/li>\n<\/ol>\n<p><strong>Perfil da American Moving &amp; Storage Association:<\/strong><\/p>\n<p>Os membros da AMSA se beneficiam de uma ampla gama de servi\u00e7os, desde not\u00edcias e informa\u00e7\u00f5es sobre quest\u00f5es que afetam o setor, at\u00e9 representa\u00e7\u00e3o do governo federal, assist\u00eancia fiscal, relat\u00f3rios financeiros e estat\u00edsticos e assist\u00eancia jur\u00eddica. <\/p>\n<p>A AMSA tamb\u00e9m oferece um servi\u00e7o de arbitragem para lidar com disputas por perdas e danos, assim como programas de educa\u00e7\u00e3o profissional e de certifica\u00e7\u00e3o, como o ProMover. <\/p>\n<p>A AMSA come\u00e7ou a vida com a mais antiga associa\u00e7\u00e3o comercial de empresas de mudan\u00e7as da Am\u00e9rica - a National Furniture Warehousemen's Association, fundada em 1920. Sua hist\u00f3ria, amplitude de cobertura e seu C\u00f3digo de \u00c9tica fazem dela uma organiza\u00e7\u00e3o altamente respeitada. <\/p>\n<p>Ela \u00e9 respons\u00e1vel pela certifica\u00e7\u00e3o ProMover, que tem sido considerada como uma marca de um movedor confi\u00e1vel.<\/p>\n<p><strong>Crit\u00e9rios de ades\u00e3o:<\/strong><\/p>\n<p>Os crit\u00e9rios para aderir \u00e0 AMSA parecem ser muito b\u00e1sicos - basta preencher o formul\u00e1rio e pagar uma taxa. Entretanto, \u00e9 necess\u00e1rio mais para as empresas que procuram obter <a href=\"https:\/\/moverdb.com\/pt\/rim-promover\/\">Certifica\u00e7\u00e3o ProMover<\/a>.<\/p>\n<p><strong>Principais empresas associadas<\/strong><\/p>\n<ol>\n<li> <a href=\"https:\/\/moverdb.com\/pt\/united-van-lines\/\">Linhas de Van United<\/a><\/li>\n<li> <a href=\"https:\/\/moverdb.com\/pt\/atlas-van-lines-internacional\/\">Atlas Van Lines International<\/a><\/li>\n<li> <a href=\"https:\/\/moverdb.com\/pt\/mayflower-transit\/\">Tr\u00e2nsito Mayflower<\/a><\/li>\n<li> <a href=\"https:\/\/moverdb.com\/pt\/allied-van-lines\/\">Linhas de Van Lines Aliadas<\/a><\/li>\n<li> <a href=\"https:\/\/moverdb.com\/pt\/linhas-norte-american-van-lines\/\">Linhas de Van da Am\u00e9rica do Norte<\/a><\/li>\n<li> <a href=\"https:\/\/moverdb.com\/pt\/wheaton\/\">Wheaton World Wide Moving<\/a><\/li>\n<li> <a href=\"https:\/\/moverdb.com\/pt\/bekins-van-lines\/\">Bekins Van Lines<\/a><\/li>\n<li> <a href=\"https:\/\/moverdb.com\/pt\/graebel-van-lines\/\">Linhas Graebel Van Lines<\/a><\/li>\n<li> <a href=\"https:\/\/moverdb.com\/pt\/arpin-van-lines\/\">Linhas Arpin Van Lines<\/a><\/li>\n<li> <a href=\"https:\/\/moverdb.com\/pt\/stevens-worldwide-van-lines\/\">Stevens Worldwide Van Lines<\/a><\/li>\n<li> <a href=\"https:\/\/moverdb.com\/pt\/vip-transportes\/\">Transporte VIP<\/a><\/li>\n<li> <a href=\"https:\/\/moverdb.com\/pt\/tropeiros-de-ilhas\/\">Mudan\u00e7as de ilha<\/a><\/li>\n<li> <a href=\"https:\/\/moverdb.com\/pt\/mudanzas-gou\/\">Mudanzas Gou<\/a><\/li>\n<li> <a href=\"https:\/\/moverdb.com\/pt\/gil-stauffer\/\">Gil Stauffer<\/a><\/li>\n<\/ol>\n<p><strong>Opini\u00f5es sobre a Associa\u00e7\u00e3o Americana de Mudan\u00e7as e Armazenamento<\/strong><\/p>\n<p>Quando a AMSA \u00e9 mencionada on-line, \u00e9 frequentemente com respeito \u00e0 certifica\u00e7\u00e3o ProMover da organiza\u00e7\u00e3o, que se tornou uma marca de qualidade internacional. <\/p>\n<p>A certifica\u00e7\u00e3o \u00e9 vista como uma parte da plataforma AMSA para representar e melhorar as coisas tanto para aqueles da ind\u00fastria - como para aqueles que usam neg\u00f3cios na ind\u00fastria - atrav\u00e9s de uma defesa eficaz e atrav\u00e9s da constru\u00e7\u00e3o de uma marca respeitada. <\/p>\n<p>A opini\u00e3o online se concentra tanto no fato de que a heran\u00e7a da AMSA a vincula \u00e0s associa\u00e7\u00f5es comerciais mais antigas da Am\u00e9rica quanto em sua miss\u00e3o de facilitar a mudan\u00e7a para os consumidores. As opini\u00f5es online mencionam eventos organizados pela AMSA - que obviamente s\u00e3o bem assistidos e realizados com grande considera\u00e7\u00e3o, <em>\"Como sempre, a confer\u00eancia AMSA deste ano reuniu alguns dos principais l\u00edderes da ind\u00fastria de mudan\u00e7as\".<\/em> <\/p>\n<p>Os pr\u00eamios AMSA tamb\u00e9m s\u00e3o mencionados e estes parecem ser considerados como um verdadeiro indicador de realiza\u00e7\u00e3o e qualidade.<\/p>\n<blockquote><p>A miss\u00e3o da AMSA \u00e9 \"representar os interesses da ind\u00fastria de mudan\u00e7as e armazenagem nacional e internacional e ajudar os clientes que ela serve\".\n<\/p><\/blockquote>\n<p>\u2013 <a href=\"http:\/\/www.atlasvanlines.com\/pro-mover\/\" target=\"_blank\" rel=\"noopener\">Linhas Atlas Van Lines<\/a><\/p>\n<blockquote><p>A AMSA se dedica a garantir que qualquer um dos 40 milh\u00f5es de americanos que se mudam a cada ano que selecionam um profissional possa tomar decis\u00f5es informadas.<\/p><\/blockquote>\n<p>\u2013 <a href=\"http:\/\/www.ossworldwidemovers.com\/american-moving-and-storage-association\" target=\"_blank\" rel=\"noopener\">OSS World Wide Movers<\/a><\/p>\n<blockquote><p>A AMSA filtra cuidadosamente seus membros da empresa de mudan\u00e7as, assegurando que os consumidores sejam equiparados \u00e0s empresas de mudan\u00e7as que cumpriram todos os requisitos de licenciamento e seguro, e prevendo a arbitragem de disputas entre consumidores e empresas de mudan\u00e7as atrav\u00e9s de seu \"Programa de Solu\u00e7\u00e3o de Disputas de Bens Dom\u00e9sticos\". Um dos objetivos da AMSA \u00e9 um p\u00fablico bem informado que compreenda melhor o valor do servi\u00e7o de mudan\u00e7a profissional.<\/p><\/blockquote>\n<p>\u2013 <a href=\"http:\/\/www.moving.com\/articles\/amsa\/who-is-amsa.asp\" target=\"_blank\" rel=\"noopener\">Moving.com<\/a><\/p>\n<p><strong>Website:<\/strong> <a href=\"http:\/\/www.moving.org\/\" target=\"_blank\" rel=\"noopener\">http:\/\/www.moving.org\/<\/a><\/p>","protected":false},"excerpt":{"rendered":"<p>The American Moving &#038; Storage Association (AMSA) is the national trade association for the American moving industry. It has been set up to help represent the interests of those in the moving and storage industry, both domestic and international, and also to provide a source of information and assistance to customers using businesses in the [&hellip;]<\/p>\n","protected":false},"author":1,"featured_media":0,"parent":0,"menu_order":0,"comment_status":"closed","ping_status":"closed","template":"","meta":{"_genesis_hide_title":false,"_genesis_hide_breadcrumbs":false,"_genesis_hide_singular_image":false,"_genesis_hide_footer_widgets":false,"_genesis_custom_body_class":"","_genesis_custom_post_class":"","_genesis_layout":"","footnotes":""},"class_list":{"0":"post-433","1":"page","2":"type-page","3":"status-publish","5":"entry"},"_links":{"self":[{"href":"https:\/\/moverdb.com\/pt\/wp-json\/wp\/v2\/pages\/433","targetHints":{"allow":["GET"]}}],"collection":[{"href":"https:\/\/moverdb.com\/pt\/wp-json\/wp\/v2\/pages"}],"about":[{"href":"https:\/\/moverdb.com\/pt\/wp-json\/wp\/v2\/types\/page"}],"author":[{"embeddable":true,"href":"https:\/\/moverdb.com\/pt\/wp-json\/wp\/v2\/users\/1"}],"replies":[{"embeddable":true,"href":"https:\/\/moverdb.com\/pt\/wp-json\/wp\/v2\/comments?post=433"}],"version-history":[{"count":25,"href":"https:\/\/moverdb.com\/pt\/wp-json\/wp\/v2\/pages\/433\/revisions"}],"predecessor-version":[{"id":6170,"href":"https:\/\/moverdb.com\/pt\/wp-json\/wp\/v2\/pages\/433\/revisions\/6170"}],"wp:attachment":[{"href":"https:\/\/moverdb.com\/pt\/wp-json\/wp\/v2\/media?parent=433"}],"curies":[{"name":"wp","href":"https:\/\/api.w.org\/{rel}","templated":true}]}}