{"id":432,"date":"2016-06-12T09:28:19","date_gmt":"2016-06-12T09:28:19","guid":{"rendered":"http:\/\/moverdb.com\/?page_id=432"},"modified":"2026-01-08T14:47:56","modified_gmt":"2026-01-08T14:47:56","slug":"canadense-associacao-de-moversores","status":"publish","type":"page","link":"https:\/\/moverdb.com\/pt\/canadian-association-of-movers\/","title":{"rendered":"Associa\u00e7\u00e3o Canadense de Remotores (CAM) Explicada"},"content":{"rendered":"<p>A Associa\u00e7\u00e3o Canadense de Movers \u00e9 <a href=\"https:\/\/moverdb.com\/pt\/moving-to-canada\/\" data-internallinksmanager029f6b8e52c=\"265\" title=\"Mudan\u00e7a para o Canad\u00e1? 2026 Custos de Vida e Dicas de Reloca\u00e7\u00e3o\">Canad\u00e1<\/a>A associa\u00e7\u00e3o comercial da empresa representa as empresas de mudan\u00e7as e armazenagem. Ela foi criada para ajudar a proteger e fazer crescer seus neg\u00f3cios membros e tamb\u00e9m para oferecer aos consumidores uma maneira de encontrar servi\u00e7os de mudan\u00e7a confi\u00e1veis, profissionais e respeit\u00e1veis.<\/p>\n<p><strong>Principais fatos sobre a CAM:<\/strong><\/p>\n<ol>\n<li>  A filia\u00e7\u00e3o inclui as empresas de mudan\u00e7as tanto no Canad\u00e1 como no exterior.<\/li>\n<li>  A associa\u00e7\u00e3o abrange empresas de mudan\u00e7as e realoca\u00e7\u00e3o, linhas de furg\u00f5es, fornecedores para a ind\u00fastria, empresas que prestam servi\u00e7os relacionados \u00e0 mudan\u00e7a, tais como servi\u00e7os de embalagem.<\/li>\n<li>  O c\u00f3digo de \u00e9tica exige que os membros adiram a termos como justi\u00e7a e honestidade para com os clientes e uma abordagem consciente da seguran\u00e7a em todos os momentos.<\/li>\n<li>  A Canadian Association of Movers fornece um processo de resolu\u00e7\u00e3o de reclama\u00e7\u00f5es para os consumidores.<\/li>\n<li>  A CAM oferece o Programa de Mover Canadense Certificado que d\u00e1 aos consumidores a garantia de receber servi\u00e7os baseados em conduta \u00e9tica, compet\u00eancia profissional e tratamento eficaz de reclama\u00e7\u00f5es.<\/li>\n<li>  A CAM \u00e9 a \u00fanica associa\u00e7\u00e3o de empresas de mudan\u00e7as no Canad\u00e1 que regula e mant\u00e9m registros de empresas de mudan\u00e7as respeit\u00e1veis e desonestas.<\/li>\n<\/ol>\n<p><strong>Perfil da Associa\u00e7\u00e3o Canadense de Movers:<\/strong><\/p>\n<p>A Canadian Association of Movers \u00e9 a associa\u00e7\u00e3o comercial canadense para as empresas de mudan\u00e7as. Ela \u00e9 formada por empresas canadenses, assim como por organiza\u00e7\u00f5es estrangeiras. <\/p>\n<p>A CAM tem uma s\u00e9rie de objetivos que incluem o aumento da experi\u00eancia profissional e da compet\u00eancia operacional e a cria\u00e7\u00e3o de v\u00ednculos entre os transportadores e as linhas de furg\u00f5es para compartilhar informa\u00e7\u00f5es e impulsionar a ind\u00fastria de transporte de bens dom\u00e9sticos como um todo.<\/p>\n<p>Os membros do CAM s\u00e3o considerados como os melhores do pa\u00eds <a href=\"https:\/\/moverdb.com\/pt\/moving-companies\/\" data-internallinksmanager029f6b8e52c=\"79\" title=\"As 25 maiores empresas de mudan\u00e7as internacionais on-line\">empresas de mudan\u00e7as<\/a>. H\u00e1 duas certifica\u00e7\u00f5es dispon\u00edveis para os membros do CAM - o Certified Overseas Mover e o Certified Canadian Mover. <\/p>\n<p>Ambas s\u00e3o projetadas para oferecer aos consumidores uma escolha de pessoas respeit\u00e1veis que tenham documenta\u00e7\u00e3o atualizada, adiram a um c\u00f3digo de \u00e9tica, saibam como lidar com as reclama\u00e7\u00f5es dos clientes e subscrevam as diretrizes de boas pr\u00e1ticas.<\/p>\n<p><strong>Crit\u00e9rios de ades\u00e3o:<\/strong><\/p>\n<p>Os candidatos podem ser obrigados a apresentar v\u00e1rios documentos para completar o processo de aprova\u00e7\u00e3o de associa\u00e7\u00e3o. Todas as solicita\u00e7\u00f5es de ades\u00e3o est\u00e3o sujeitas \u00e0 aprova\u00e7\u00e3o do Conselho de Administra\u00e7\u00e3o.<\/p>\n<p><strong>Mudan\u00e7as<\/strong><\/p>\n<p>A CAM exige que os candidatos tenham exercido a atividade como promotores por pelo menos dois anos.<\/p>\n<p>Os candidatos a membro de uma empresa de mudan\u00e7a devem preencher um formul\u00e1rio de solicita\u00e7\u00e3o e fornecer \u00e0 CAM a seguinte documenta\u00e7\u00e3o (somente fotoc\u00f3pias):<\/p>\n<ul>\n<li> Licen\u00e7a comercial<\/li>\n<li> Fotos de instala\u00e7\u00f5es e ve\u00edculos<\/li>\n<li> GST\/HST registro e n\u00famero<\/li>\n<li> Certificado de compensa\u00e7\u00e3o dos trabalhadores<\/li>\n<li> Certificado de seguro mostrando um m\u00ednimo de $1 milh\u00e3o de responsabilidade e um limite m\u00ednimo de carga de $250.000<\/li>\n<li> Certificado de incorpora\u00e7\u00e3o<\/li>\n<li> Duas refer\u00eancias comerciais com dura\u00e7\u00e3o do relacionamento (por exemplo, banco, fornecedor de equipamentos m\u00f3veis, etc.)<\/li>\n<li> P\u00e1ginas amarelas de an\u00fancios ou itens promocionais (opcional)<\/li>\n<li> Formul\u00e1rio do C\u00f3digo de \u00c9tica assinado<\/li>\n<\/ul>\n<p><strong>Afiliados<\/strong><\/p>\n<p>Uma empresa que n\u00e3o movimenta bens dom\u00e9sticos por caminh\u00e3o, mas que fornece servi\u00e7os relacionados \u00e0 ind\u00fastria de mudan\u00e7as, tais como servi\u00e7os de embalagem, servi\u00e7os de downsizing, remo\u00e7\u00e3o de lixo, etc., pode se qualificar para ser um membro afiliado. <\/p>\n<p>Os candidatos a uma filia\u00e7\u00e3o devem preencher um formul\u00e1rio de solicita\u00e7\u00e3o e pode ser solicitado a fornecer \u00e0 CAM a seguinte documenta\u00e7\u00e3o, conforme for relevante para seus neg\u00f3cios, como por exemplo (somente fotoc\u00f3pias):<\/p>\n<ul>\n<li> Licen\u00e7a comercial<\/li>\n<li> Fotos de instala\u00e7\u00f5es e ve\u00edculos<\/li>\n<li> GST\/HST registro e n\u00famero<\/li>\n<li> Certificado de compensa\u00e7\u00e3o dos trabalhadores<\/li>\n<li> Certificado de seguro mostrando um m\u00ednimo de $1 milh\u00e3o de responsabilidade<\/li>\n<li> Certificado de incorpora\u00e7\u00e3o<\/li>\n<li> Duas refer\u00eancias comerciais com dura\u00e7\u00e3o do relacionamento (por exemplo, banco, empresa de mudan\u00e7as, etc.)<\/li>\n<li> P\u00e1ginas amarelas de an\u00fancios ou itens promocionais (opcional)<\/li>\n<li> Formul\u00e1rio do C\u00f3digo de \u00c9tica assinado<\/li>\n<\/ul>\n<p><strong>Mudan\u00e7as Internacionais<\/strong><\/p>\n<ul>\n<li> Cartas de recomenda\u00e7\u00e3o de duas empresas de mudan\u00e7as internacionais que s\u00e3o CAM, <a href=\"https:\/\/moverdb.com\/pt\/fidi-faim\/\">FIDI<\/a> ou <a href=\"https:\/\/moverdb.com\/pt\/iam\/\">IAM<\/a> membros<\/li>\n<li> Formul\u00e1rio assinado do C\u00f3digo de \u00c9tica Canadense para os Movimentistas Internacionais<\/li>\n<\/ul>\n<p><strong>As 10 maiores empresas de mudan\u00e7as de membros<\/strong> (por tamanho)<\/p>\n<ol>\n<li> <a href=\"https:\/\/moverdb.com\/pt\/united-van-lines\/\">Linhas de Van United<\/a><\/li>\n<li> <a href=\"https:\/\/moverdb.com\/pt\/linhas-norte-american-van-lines\/\">Linhas de Van da Am\u00e9rica do Norte<\/a><\/li>\n<li> <a href=\"https:\/\/moverdb.com\/pt\/amj-campbell-van-lines\/\">AMJ Campbell Linhas de Van<\/a><\/li>\n<\/ol>\n<p><strong>Toma conta das opini\u00f5es sobre o CAM:<\/strong><\/p>\n<p>O CAM \u00e9 considerado um recurso \u00fatil para ajudar os consumidores a evitar fraudes e os operadores que oferecem pre\u00e7os reduzidos irrealistas, que depois s\u00e3o inflados no dia da mudan\u00e7a. <\/p>\n<p>Aqueles que s\u00e3o membros da CAM s\u00e3o considerados como sendo capazes de oferecer um certo n\u00edvel de servi\u00e7o que outras empresas de mudan\u00e7as - sem a certifica\u00e7\u00e3o - n\u00e3o t\u00eam. <\/p>\n<p>A opini\u00e3o on-line v\u00ea a CAM como uma forma de verificar a confiabilidade de uma empresa de mudan\u00e7as, especialmente porque a CAM separa <em>\"o bom, do mau, do feio\".<\/em> A organiza\u00e7\u00e3o \u00e9 altamente considerada por seu desejo de promover altos padr\u00f5es de conduta \u00e9tica e pelo fato de ter um rigoroso processo de aplica\u00e7\u00e3o. <\/p>\n<p>Aqueles que mencionam a organiza\u00e7\u00e3o on-line apontam que \u00e9 uma forma de se ter certeza de que a empresa de mudan\u00e7as tem os padr\u00f5es adequados de seguros e servi\u00e7os. \u00c9 freq\u00fcentemente destacado como a CAM n\u00e3o apenas mant\u00e9m um registro de seus pr\u00f3prios membros, mas tamb\u00e9m daqueles neg\u00f3cios de mudan\u00e7a que n\u00e3o s\u00e3o t\u00e3o respeit\u00e1veis. <\/p>\n<p>Isto \u00e9 visto como um indicador de que a organiza\u00e7\u00e3o tem uma boa perspectiva sobre a ind\u00fastria de mudan\u00e7as e seus membros est\u00e3o no lado certo da linha.<\/p>\n<blockquote><p>Entre as empresas de mudan\u00e7as e armazenagem, a CAM diferencia o Bom, do Mau, do Feio. Seus objetivos s\u00e3o fomentar altos padr\u00f5es de conduta \u00e9tica dentro da ind\u00fastria de mudan\u00e7as, promover iniciativas de qualidade, treinar e educar o pessoal, e monitorar o desempenho de seus membros. <\/p>\n<p>Ela ajuda os consumidores a ter acesso a servi\u00e7os de mudan\u00e7a confi\u00e1veis e profissionais. Atrav\u00e9s de seu rigoroso processo de aplica\u00e7\u00e3o, a CAM exige que seus membros assinem um rigoroso c\u00f3digo de \u00e9tica, tenham seguro adequado e mantenham padr\u00f5es para suas instala\u00e7\u00f5es.<\/p><\/blockquote>\n<p>\u2013 <a href=\"http:\/\/www.uvl.ca\/Content\/Canadian+Association+of+Movers\" target=\"_blank\" rel=\"noopener noreferrer\">United Van Lines Canada<\/a> <\/p>\n<blockquote><p>A Canadian Association of Movers (CAM) \u00e9 a \u00fanica associa\u00e7\u00e3o de empresas de mudan\u00e7as no Canad\u00e1 que regulamenta e mant\u00e9m registros de empresas de mudan\u00e7as respeit\u00e1veis e desonestas. <\/p><\/blockquote>\n<p>\u2013 <a href=\"http:\/\/www.greatcanadianvanlines.com\/how-to-choose-a-moving-company\/\" target=\"_blank\" rel=\"noopener noreferrer\">Grandes Linhas de Van Canadenses<\/a><\/p>\n<blockquote><p>Uma escolha errada na sele\u00e7\u00e3o de uma empresa de mudan\u00e7as para mover os bens dom\u00e9sticos de uma vida inteira pode ser desastrosa. Os operadores de fraude tirar\u00e3o vantagem dos consumidores oferecendo pre\u00e7os reduzidos, fazendo promessas irrealistas, inflacionando o pre\u00e7o no dia da mudan\u00e7a e retendo os bens dom\u00e9sticos em troca de resgate. <\/p>\n<p>Essas empresas n\u00e3o assumem nenhuma responsabilidade pelo n\u00edvel de servi\u00e7o prestado. Se a oferta de uma empresa de mudan\u00e7as parece e soa muito boa para ser verdade, \u00e9.<\/p>\n<p>Por que correr o risco? Movimente-se com um agente m\u00f3vel que \u00e9 membro da CAM. A CAM \u00e9 a associa\u00e7\u00e3o comercial do Canad\u00e1 que representa as empresas de mudan\u00e7as e armazenagem.<\/p><\/blockquote>\n<p>\u2013 <a href=\"http:\/\/amjtorontomoving.com\/Partners\/ArticleID\/44\/Canadian-Association-of-Movers-CAM\" target=\"_blank\" rel=\"noopener noreferrer\">AMJ Campbell - Toronto<\/a><\/p>\n<p><strong>Website:<\/strong> <a href=\"http:\/\/www.mover.net\/\" target=\"_blank\" rel=\"noopener noreferrer\">http:\/\/www.mover.net\/<\/a><\/p>\n<p><strong>NOTA! No formul\u00e1rio abaixo, algumas empresas de mudan\u00e7as que entram em contato com voc\u00ea ap\u00f3s o envio do formul\u00e1rio podem n\u00e3o ser associadas ao CAM.<\/strong><\/p>","protected":false},"excerpt":{"rendered":"<p>The Canadian Association of Movers is Canada&#8217;s trade association representing moving and storage companies. It was established to help protect and grow its member businesses and also to offer consumers a way to find reputable, professional and reliable moving services. Key facts about CAM: Membership includes movers both in Canada and overseas. Membership covers movers [&hellip;]<\/p>\n","protected":false},"author":1,"featured_media":0,"parent":0,"menu_order":0,"comment_status":"closed","ping_status":"closed","template":"","meta":{"_genesis_hide_title":false,"_genesis_hide_breadcrumbs":false,"_genesis_hide_singular_image":false,"_genesis_hide_footer_widgets":false,"_genesis_custom_body_class":"","_genesis_custom_post_class":"","_genesis_layout":"","footnotes":""},"class_list":{"0":"post-432","1":"page","2":"type-page","3":"status-publish","5":"entry"},"_links":{"self":[{"href":"https:\/\/moverdb.com\/pt\/wp-json\/wp\/v2\/pages\/432","targetHints":{"allow":["GET"]}}],"collection":[{"href":"https:\/\/moverdb.com\/pt\/wp-json\/wp\/v2\/pages"}],"about":[{"href":"https:\/\/moverdb.com\/pt\/wp-json\/wp\/v2\/types\/page"}],"author":[{"embeddable":true,"href":"https:\/\/moverdb.com\/pt\/wp-json\/wp\/v2\/users\/1"}],"replies":[{"embeddable":true,"href":"https:\/\/moverdb.com\/pt\/wp-json\/wp\/v2\/comments?post=432"}],"version-history":[{"count":9,"href":"https:\/\/moverdb.com\/pt\/wp-json\/wp\/v2\/pages\/432\/revisions"}],"predecessor-version":[{"id":3502,"href":"https:\/\/moverdb.com\/pt\/wp-json\/wp\/v2\/pages\/432\/revisions\/3502"}],"wp:attachment":[{"href":"https:\/\/moverdb.com\/pt\/wp-json\/wp\/v2\/media?parent=432"}],"curies":[{"name":"wp","href":"https:\/\/api.w.org\/{rel}","templated":true}]}}