{"id":431,"date":"2016-06-05T20:02:57","date_gmt":"2016-06-05T20:02:57","guid":{"rendered":"http:\/\/moverdb.com\/?page_id=431"},"modified":"2026-01-08T13:19:02","modified_gmt":"2026-01-08T13:19:02","slug":"iam","status":"publish","type":"page","link":"https:\/\/moverdb.com\/pt\/iam\/","title":{"rendered":"Associa\u00e7\u00e3o Internacional de Remotores (IAM) Explicado"},"content":{"rendered":"<p>A Associa\u00e7\u00e3o Internacional de Movers (IAM) \u00e9 um \u00f3rg\u00e3o de com\u00e9rcio global com membros que prestam servi\u00e7os de mudan\u00e7a, expedi\u00e7\u00e3o, transporte, log\u00edstica e servi\u00e7os relacionados. <\/p>\n<p>\u00c9 a maior associa\u00e7\u00e3o comercial internacional do setor, originalmente fundada por empresas charter que faziam neg\u00f3cios com o <a href=\"https:\/\/moverdb.com\/pt\/moving-to-the-united-states\/\" data-internallinksmanager029f6b8e52c=\"94\" title=\"Mudando-se para os Estados Unidos? 2026 Custos de Vida e Dicas de Reloca\u00e7\u00e3o\">US<\/a> governo.<\/p>\n<p><strong>Principais fatos sobre o IAM:<\/strong><\/p>\n<ol>\n<li>  Representa mais do que <strong>2,000 <a href=\"https:\/\/moverdb.com\/pt\/mudancas-empresas\/\" target=\"_blank\" rel=\"noopener\">empresas<\/a><\/strong> em mais de <strong>170 pa\u00edses<\/strong>.<\/li>\n<li>  O IAM tem um C\u00f3digo de \u00c9tica que exige toler\u00e2ncia \u00e0s diferen\u00e7as culturais, uma abordagem profissional e evitar a concorr\u00eancia desleal com outros membros, entre outras coisas.<\/li>\n<li>  O IAM foi criado em 1962 e vem promovendo o crescimento de seus membros desde ent\u00e3o.<\/li>\n<li>  \u00c9 a maior associa\u00e7\u00e3o comercial mundial da ind\u00fastria de mudan\u00e7as e avan\u00e7os.<\/li>\n<li>  A distin\u00e7\u00e3o no setor \u00e9 reconhecida atrav\u00e9s do Sal\u00e3o de Honra do IAM. As indica\u00e7\u00f5es para o Sal\u00e3o de Honra podem ser apresentadas por qualquer membro, cliente ou cliente do IAM e s\u00e3o decididas pelos membros do IAM.<\/li>\n<li>  Antes era conhecida como a Associa\u00e7\u00e3o de Bons Transit\u00e1rios Dom\u00e9sticos da Am\u00e9rica - o IAM mudou seu nome em 2009.<\/li>\n<li>  O IAM oferece um processo de resolu\u00e7\u00e3o de disputas para problemas entre os membros - ele cobre disputas de faturas.<\/li>\n<li>  O Programa de Prote\u00e7\u00e3o a Receb\u00edveis do IAM oferece uma salvaguarda daqueles membros do IAM em dificuldades financeiras, permitindo que um membro apresente uma reclama\u00e7\u00e3o e receba reembolso por faturas comerciais n\u00e3o pagas se parecer que um membro est\u00e1 prestes a entrar em fal\u00eancia.<\/li>\n<\/ol>\n<p><strong>Perfil da Associa\u00e7\u00e3o Internacional de Movers:<\/strong><\/p>\n<p>O IAM foi estabelecido h\u00e1 mais de 50 anos e agora tem mais de 2.000 membros que est\u00e3o sediados em todo o mundo. O IAM oferece uma variedade de programas, recursos e prote\u00e7\u00f5es aos membros, bem como eventos regulares que s\u00e3o projetados para incentivar o trabalho em rede e o compartilhamento de conhecimentos, incluindo as reuni\u00f5es anuais do IAM. <\/p>\n<p>Tudo o que o IAM faz \u00e9 destinado a fazer avan\u00e7ar o crescimento e o sucesso de seus membros. As prote\u00e7\u00f5es dos membros do IAM existem para proteger o valor da filia\u00e7\u00e3o ao IAM aos olhos da Ind\u00fastria, dos clientes e das Associa\u00e7\u00f5es de colegas - estas incluem requisitos rigorosos para se tornar um membro do IAM, aplicando o c\u00f3digo de \u00e9tica e trabalhando em quest\u00f5es como a supervis\u00e3o de marcas registradas. <\/p>\n<p>O IAM tem um diret\u00f3rio de membros on-line pesquis\u00e1vel que os clientes podem usar para encontrar um agente m\u00f3vel que seja membro da organiza\u00e7\u00e3o.<\/p>\n<p><strong>Crit\u00e9rios de ades\u00e3o:<\/strong><\/p>\n<ul>\n<li> um m\u00ednimo de um ano de experi\u00eancia<\/li>\n<li> Cartas de patroc\u00ednio de dois membros atuais do IAM afirmando que eles est\u00e3o recomendando voc\u00ea para ser membro, em papel timbrado da empresa patrocinadora, assinadas por um funcion\u00e1rio da empresa.<\/li>\n<li> Um PDF ou JPG da licen\u00e7a comercial ou registro atual do pa\u00eds\/estado\/prov\u00edncia e, se aplic\u00e1vel, o n\u00famero de identifica\u00e7\u00e3o fiscal.<\/li>\n<li> Um PDF ou JPG de identifica\u00e7\u00e3o com foto emitido pelo governo (ou seja, passaporte, carteira de motorista) para cada diretor da empresa propriet\u00e1ria e\/ou com participa\u00e7\u00e3o de controle no 5% ou mais da empresa<\/li>\n<li> Pagamento da taxa de inicia\u00e7\u00e3o e das cotas<\/li>\n<\/ul>\n<p>Os membros potenciais s\u00e3o postados no site do IAM por 30 dias para que os membros atuais do IAM possam rever, no final do qual a ades\u00e3o \u00e9 confirmada.<\/p>\n<p><strong>Algumas empresas associadas<\/strong><\/p>\n<ul>\n<li> <a href=\"https:\/\/moverdb.com\/pt\/aires\/\">Aires<\/a><\/li>\n<li> <a href=\"https:\/\/moverdb.com\/pt\/matthew-james\/\">Matthew James Global Relocations<\/a><\/li>\n<li> <a href=\"https:\/\/moverdb.com\/pt\/santa-fe-relocation\/\">Servi\u00e7os de Realoca\u00e7\u00e3o de Santa Fe<\/a><\/li>\n<li> <a href=\"https:\/\/moverdb.com\/pt\/sterling-relocation\/\">Deslocaliza\u00e7\u00e3o da libra esterlina<\/a><\/li>\n<li> <a href=\"https:\/\/moverdb.com\/pt\/cadogan-tate\/\">Cadogan Tate<\/a><\/li>\n<li> <a href=\"https:\/\/moverdb.com\/pt\/verde-crescimento\/\">Verde Harrow<\/a><\/li>\n<li> <a href=\"https:\/\/moverdb.com\/pt\/deslocamentos-de-equipes\/\">Mudan\u00e7as de equipe<\/a><\/li>\n<li> <a href=\"https:\/\/moverdb.com\/pt\/mcgimpsey-brothers-removals\/\">Mudan\u00e7as dos Irm\u00e3os McGimpsey<\/a><\/li>\n<li> <a href=\"https:\/\/moverdb.com\/pt\/shore-porters-society\/\">The Shore Porters Society<\/a><\/li>\n<li> <a href=\"https:\/\/moverdb.com\/pt\/nippon-express\/\">Nippon Express<\/a><\/li>\n<li> <a href=\"https:\/\/moverdb.com\/pt\/sirva\/\">Sirva<\/a><\/li>\n<li> <a href=\"https:\/\/moverdb.com\/pt\/coroas-relocacoes\/\">Relocaliza\u00e7\u00f5es da Coroa<\/a><\/li>\n<li> <a href=\"https:\/\/moverdb.com\/pt\/shipco-transport\/\">Transporte de navios<\/a><\/li>\n<li> <a href=\"https:\/\/moverdb.com\/pt\/remocoes-de-conroy-removals\/\">Retirada de conroy<\/a><\/li>\n<li> <a href=\"https:\/\/moverdb.com\/pt\/bolliger\/\">Bolliger<\/a><\/li>\n<li> <a href=\"https:\/\/moverdb.com\/pt\/tropeiros-de-ilhas\/\">Mudan\u00e7as de ilha<\/a><\/li>\n<li> <a href=\"https:\/\/moverdb.com\/pt\/gil-stauffer\/\">Gil Stauffer<\/a><\/li>\n<li> <a href=\"https:\/\/moverdb.com\/pt\/amantes-do-havaiano-real\/\">Os Reais Havaianos que se movimentam<\/a><\/li>\n<li> <a href=\"https:\/\/moverdb.com\/pt\/teletrans\/\">Teletrans<\/a><\/li>\n<\/ul>\n<p><strong>Opini\u00f5es deovers sobre a Associa\u00e7\u00e3o Internacional de Movers:<\/strong><\/p>\n<p>O IAM \u00e9 citado em numerosos websites que frequentemente mencionam sua natureza global e o n\u00famero de membros que possui. <\/p>\n<p>Muitos se concentram no fato de ser a maior associa\u00e7\u00e3o comercial da ind\u00fastria e no alcance de seu alcance - que \u00e9 verdadeiramente global, com membros at\u00e9 mesmo nos cantos mais distantes. Um website tamb\u00e9m menciona que ser um membro do IAM ajuda <a href=\"https:\/\/moverdb.com\/pt\/moving-companies\/\" data-internallinksmanager029f6b8e52c=\"79\" title=\"As 25 maiores empresas de mudan\u00e7as internacionais on-line\">empresas de mudan\u00e7as<\/a> a ser encontrado pelos clientes e que \u00e9 um indicador de uma empresa que \u00e9 capaz de prestar um \u00f3timo servi\u00e7o. <\/p>\n<p>Em geral, a Associa\u00e7\u00e3o parece servir tanto como uma marca de qualidade quanto como uma ferramenta \u00fatil para a expans\u00e3o dos neg\u00f3cios e das redes.<\/p>\n<blockquote><p>Os membros mundiais, que est\u00e3o envolvidos no transporte di\u00e1rio de bens dom\u00e9sticos e objetos pessoais, s\u00e3o t\u00e3o diversos quanto os componentes de uma realoca\u00e7\u00e3o internacional propriamente dita. O transporte e a troca de bens e servi\u00e7os s\u00e3o a for\u00e7a vital essencial que impulsiona o crescimento econ\u00f4mico global de hoje.\n<\/p><\/blockquote>\n<p>\u2013 <a href=\"http:\/\/www.abels.co.uk\/articles\/international-association-of-movers-iam-what-is-this\/\" target=\"_blank\" rel=\"noopener\">Abels<\/a><\/p>\n<blockquote><p>A IAM \u00e9 uma associa\u00e7\u00e3o global de transportadores e despachantes comprometida em fornecer aos clientes o mais alto n\u00edvel de servi\u00e7o dispon\u00edvel.<\/p><\/blockquote>\n<p>\u2013 <a href=\"http:\/\/www.amjbc.ca\/international-moving-services\/\" target=\"_blank\" rel=\"noopener\">AMJ Campbell no mundo<\/a><\/p>\n<blockquote><p>A filia\u00e7\u00e3o ao IAM \u00e9 verdadeiramente global Em todas as partes do mundo, voc\u00ea encontra pessoas que se movimentam no IAM. Isto nos ajuda a dar a nossos clientes um servi\u00e7o verdadeiramente porta-a-porta. De casa em casa, como n\u00f3s gostamos de dizer.<\/p><\/blockquote>\n<p>\u2013 <a href=\"http:\/\/hometohome.nl\/2016\/02\/12\/iam-international-association-of-movers\/\" target=\"_blank\" rel=\"noopener\">De casa em casa<\/a><\/p>\n<p><strong>Website:<\/strong> <a href=\"http:\/\/www.iamovers.org\/\" target=\"_blank\" rel=\"noopener\">http:\/\/www.iamovers.org<\/a><\/p>","protected":false},"excerpt":{"rendered":"<p>The International Association of Movers (IAM) is a global trade body with members who provide moving, forwarding, shipping, logistics, and related services. It is the largest international trade association for the industry, originally founded by charter businesses that were doing business with the US government. Key facts about the IAM: Represents more than 2,000 companies [&hellip;]<\/p>\n","protected":false},"author":1,"featured_media":0,"parent":0,"menu_order":0,"comment_status":"closed","ping_status":"closed","template":"","meta":{"_genesis_hide_title":false,"_genesis_hide_breadcrumbs":false,"_genesis_hide_singular_image":false,"_genesis_hide_footer_widgets":false,"_genesis_custom_body_class":"","_genesis_custom_post_class":"","_genesis_layout":"","footnotes":""},"class_list":{"0":"post-431","1":"page","2":"type-page","3":"status-publish","5":"entry"},"_links":{"self":[{"href":"https:\/\/moverdb.com\/pt\/wp-json\/wp\/v2\/pages\/431","targetHints":{"allow":["GET"]}}],"collection":[{"href":"https:\/\/moverdb.com\/pt\/wp-json\/wp\/v2\/pages"}],"about":[{"href":"https:\/\/moverdb.com\/pt\/wp-json\/wp\/v2\/types\/page"}],"author":[{"embeddable":true,"href":"https:\/\/moverdb.com\/pt\/wp-json\/wp\/v2\/users\/1"}],"replies":[{"embeddable":true,"href":"https:\/\/moverdb.com\/pt\/wp-json\/wp\/v2\/comments?post=431"}],"version-history":[{"count":24,"href":"https:\/\/moverdb.com\/pt\/wp-json\/wp\/v2\/pages\/431\/revisions"}],"predecessor-version":[{"id":13162,"href":"https:\/\/moverdb.com\/pt\/wp-json\/wp\/v2\/pages\/431\/revisions\/13162"}],"wp:attachment":[{"href":"https:\/\/moverdb.com\/pt\/wp-json\/wp\/v2\/media?parent=431"}],"curies":[{"name":"wp","href":"https:\/\/api.w.org\/{rel}","templated":true}]}}