{"id":430,"date":"2016-06-08T14:50:20","date_gmt":"2016-06-08T14:50:20","guid":{"rendered":"http:\/\/moverdb.com\/?page_id=430"},"modified":"2026-01-08T14:47:52","modified_gmt":"2026-01-08T14:47:52","slug":"bar-overseas","status":"publish","type":"page","link":"https:\/\/moverdb.com\/pt\/bar-overseas\/","title":{"rendered":"Explica\u00e7\u00e3o da Associa\u00e7\u00e3o Brit\u00e2nica de Removers (BAR) Overseas Group"},"content":{"rendered":"<p><a href=\"https:\/\/moverdb.com\/pt\/british-association-of-removers\/\" data-internallinksmanager029f6b8e52c=\"9\" title=\"Associa\u00e7\u00e3o Brit\u00e2nica de Removers (BAR) Explicada\">BAR<\/a> O Grupo Overseas faz parte do <a href=\"https:\/\/moverdb.com\/pt\/british-association-of-removers\/\">Associa\u00e7\u00e3o Brit\u00e2nica de Removedores<\/a> (BAR), uma Associa\u00e7\u00e3o Comercial. <\/p>\n<p>Assim como sua organiza\u00e7\u00e3o m\u00e3e, ela se dedica a promover a excel\u00eancia profissional no setor de mudan\u00e7as e tem experi\u00eancia particular em lidar com parte e <a href=\"https:\/\/moverdb.com\/pt\/transporte-de-conteineres\/\">embarque de carga completa de cont\u00eaineres<\/a> mundial e as mercadorias que entram no <a href=\"https:\/\/moverdb.com\/pt\/moving-to-the-uk\/\" data-internallinksmanager029f6b8e52c=\"93\" title=\"Mudando-se para o Reino Unido? 2026 Custos de Vida e Dicas de Reloca\u00e7\u00e3o\">REINO UNIDO<\/a> do exterior.<\/p>\n<p><strong>Principais fatos sobre o BAR Overseas Group:<\/strong><\/p>\n<ol>\n<li>  BAR Overseas consiste em um grupo de 50 especialistas do Reino Unido <a href=\"https:\/\/moverdb.com\/pt\/mudancas-empresas\/\">empresas<\/a> que se especializam em todos os aspectos de <a href=\"https:\/\/moverdb.com\/pt\/remocoes-internacionais\/\">mudan\u00e7as para o exterior e internacionais<\/a> e relocaliza\u00e7\u00f5es.<\/li>\n<li>  Os membros subscrevem um esquema de Garantia de Pagamento Avan\u00e7ado projetado para proteger todos os pr\u00e9-pagamentos dos clientes.<\/li>\n<li>  Os membros s\u00e3o empresas profissionais comprometidas com os mais altos padr\u00f5es de servi\u00e7o e que se especializam em relocaliza\u00e7\u00f5es no exterior.<\/li>\n<li>  O Grupo BAR Overseas exige de seus membros altos padr\u00f5es com rela\u00e7\u00e3o a elementos tais como treinamento de pessoal, ve\u00edculos e equipamentos e as visitas ao local podem ocorrer em um momento aleat\u00f3rio.<\/li>\n<li>  O Padr\u00e3o de Qualidade BS 8564 foi desenvolvido pelo BAR Overseas Group em colabora\u00e7\u00e3o com a BSI (British Standards Institution). Todos os membros devem manter este padr\u00e3o.<\/li>\n<li>  A Garantia de Pagamento Avan\u00e7ado BAR protege os clientes - se a empresa de mudan\u00e7as com a qual o cliente fez a reserva estiver em dificuldades financeiras, ent\u00e3o outra empresa de mudan\u00e7as assume o controle para garantir que o trabalho seja conclu\u00eddo, sem nenhum custo adicional. <a href=\"https:\/\/moverdb.com\/pt\/custos-de-mudanca\/\">custo<\/a> para o cliente.<\/li>\n<\/ol>\n<p><strong>Perfil da organiza\u00e7\u00e3o:<\/strong><\/p>\n<p>A BAR \u00e9 a mais antiga associa\u00e7\u00e3o comercial do setor de mudan\u00e7as e a <strong>Grupo Overseas<\/strong> \u00e9 projetado para estender seu alcance do Reino Unido para destinos em todo o mundo. <\/p>\n<p>A filia\u00e7\u00e3o s\u00f3 est\u00e1 aberta a empresas de mudan\u00e7as que j\u00e1 s\u00e3o membros do BAR, mas isto n\u00e3o garante ser aceito como parte do Grupo Overseas. A vis\u00e3o do grupo \u00e9 fazer de seus membros o agente de mudan\u00e7as de confian\u00e7a escolhido para o trabalho no exterior no setor e promover e desenvolver as melhores pr\u00e1ticas profissionais de mudan\u00e7as para mudan\u00e7as no exterior.<\/p>\n<p><strong>Crit\u00e9rios de ades\u00e3o:<\/strong><\/p>\n<ul>\n<li> Os membros j\u00e1 devem pertencer ao BAR.<\/li>\n<li> Os membros devem pertencer a um esquema aprovado de Garantia de Pagamento Antecipado (APG).<\/li>\n<li> Os membros devem possuir <a href=\"https:\/\/moverdb.com\/pt\/fidi-faim\/\">FIDI-FAIM<\/a>ou BS 8564 (The Overseas Moving Standard), ou norma equivalente ou superior aprovada externamente auditada.<\/li>\n<\/ul>\n<p><strong>Exemplos de empresas membros:<\/strong><\/p>\n<ul>\n<li> <a href=\"https:\/\/moverdb.com\/pt\/verde-crescimento\/\">Verde Harrow<\/a><\/li>\n<li> <a href=\"https:\/\/moverdb.com\/pt\/anglo-pacifico\/\">Anglo Pac\u00edfico<\/a><\/li>\n<li> <a href=\"https:\/\/moverdb.com\/pt\/matthew-james\/\">Matthew James<\/a><\/li>\n<li> <a href=\"https:\/\/moverdb.com\/pt\/shore-porters-society\/\">The Shore Porters Society<\/a><\/li>\n<li> <a href=\"https:\/\/moverdb.com\/pt\/pss-removals\/\">PSS Mudan\u00e7as Internacionais<\/a><\/li>\n<\/ul>\n<p><strong>Opini\u00f5es sobre o Grupo BAR Overseas<\/strong><\/p>\n<p>O BAR Overseas \u00e9 visto como tendo crit\u00e9rios rigorosos de filia\u00e7\u00e3o com membros inspecionados regularmente para garantir que as normas n\u00e3o tenham escorregado. A reputa\u00e7\u00e3o da associa\u00e7\u00e3o \u00e9 constru\u00edda com base em sua revis\u00e3o abrangente de seus membros, que inclui tudo, desde opera\u00e7\u00f5es at\u00e9 instala\u00e7\u00f5es. <\/p>\n<p>O esquema de prote\u00e7\u00e3o financeira \u00e9 visto como um grande ativo para os membros, pois eles s\u00e3o capazes de oferecer prote\u00e7\u00e3o financeira adicional aos clientes. A BAR Overseas se beneficia da reputa\u00e7\u00e3o existente da Associa\u00e7\u00e3o Brit\u00e2nica de Remover e \u00e9 considerada como um padr\u00e3o de qualidade para remo\u00e7\u00f5es no exterior. <\/p>\n<p>Uma empresa destaca o fato de que existem apenas 50-60 empresas no Reino Unido que preencheram os crit\u00e9rios para aderir ao BAR Overseas Group e esta \u00e9 uma das raz\u00f5es pelas quais \u00e9 um feito t\u00e3o grande receber a ades\u00e3o.<\/p>\n<blockquote><p>Os membros devem cumprir padr\u00f5es rigorosos e s\u00e3o inspecionados regularmente para assegurar que suas instala\u00e7\u00f5es, equipamentos, treinamento de pessoal e procedimentos operacionais permane\u00e7am no mais alto n\u00edvel.<\/p><\/blockquote>\n<p>\u2013 <a href=\"http:\/\/www.abels.co.uk\/european-removals-moving-to-europe\/bar-overseas-group-what-is-this\/\" target=\"_blank\" rel=\"noopener\">Abels<\/a><\/p>\n<blockquote><p>O BAR Overseas Group criou o IMMI (International Movers Mutual Insurance) Advance Payment Scheme a fim de proteger os clientes.<\/p><\/blockquote>\n<p>\u2013 <a href=\"http:\/\/www.johnmason.com\/about-us\/accreditations\/bar-overseas-group\/\" target=\"_blank\" rel=\"noopener\">JohnMason<\/a> <\/p>\n<blockquote><p>O BAR Overseas Group \u00e9 uma se\u00e7\u00e3o especializada da British Association of Removers cujos membros s\u00e3o especialistas em todas as \u00e1reas de mudan\u00e7as para o exterior. Menos de 60 empresas no Reino Unido atendem aos rigorosos crit\u00e9rios de filia\u00e7\u00e3o e aos exigentes padr\u00f5es exigidos de seus membros.<\/p><\/blockquote>\n<p>\u2013 <a href=\"http:\/\/www.simpsons-uk.com\/removals_accreditations\/overseas_group\" target=\"_blank\" rel=\"noopener\">Simpsons<\/a><\/p>\n<p><strong>Website:<\/strong> <a href=\"http:\/\/www.baroverseas.co.uk\/\" target=\"_blank\" rel=\"noopener\">http:\/\/www.baroverseas.co.uk\/<\/a><\/p>","protected":false},"excerpt":{"rendered":"<p>BAR Overseas Group is part of the British Association of Removers (BAR), a Trade Association. Just like its parent organisation, it is dedicated to promoting professional excellence in the removals industry and has particular experience dealing with part and full container load shipments worldwide and goods coming into the UK from abroad. Key facts about [&hellip;]<\/p>\n","protected":false},"author":1,"featured_media":0,"parent":0,"menu_order":0,"comment_status":"closed","ping_status":"closed","template":"","meta":{"_genesis_hide_title":false,"_genesis_hide_breadcrumbs":false,"_genesis_hide_singular_image":false,"_genesis_hide_footer_widgets":false,"_genesis_custom_body_class":"","_genesis_custom_post_class":"","_genesis_layout":"","footnotes":""},"class_list":{"0":"post-430","1":"page","2":"type-page","3":"status-publish","5":"entry"},"_links":{"self":[{"href":"https:\/\/moverdb.com\/pt\/wp-json\/wp\/v2\/pages\/430","targetHints":{"allow":["GET"]}}],"collection":[{"href":"https:\/\/moverdb.com\/pt\/wp-json\/wp\/v2\/pages"}],"about":[{"href":"https:\/\/moverdb.com\/pt\/wp-json\/wp\/v2\/types\/page"}],"author":[{"embeddable":true,"href":"https:\/\/moverdb.com\/pt\/wp-json\/wp\/v2\/users\/1"}],"replies":[{"embeddable":true,"href":"https:\/\/moverdb.com\/pt\/wp-json\/wp\/v2\/comments?post=430"}],"version-history":[{"count":16,"href":"https:\/\/moverdb.com\/pt\/wp-json\/wp\/v2\/pages\/430\/revisions"}],"predecessor-version":[{"id":6187,"href":"https:\/\/moverdb.com\/pt\/wp-json\/wp\/v2\/pages\/430\/revisions\/6187"}],"wp:attachment":[{"href":"https:\/\/moverdb.com\/pt\/wp-json\/wp\/v2\/media?parent=430"}],"curies":[{"name":"wp","href":"https:\/\/api.w.org\/{rel}","templated":true}]}}