{"id":4298,"date":"2022-07-13T23:27:00","date_gmt":"2022-07-13T23:27:00","guid":{"rendered":"https:\/\/moverdb.com\/?page_id=4298"},"modified":"2026-01-08T13:19:53","modified_gmt":"2026-01-08T13:19:53","slug":"guam-2","status":"publish","type":"page","link":"https:\/\/moverdb.com\/pt\/container-shipping\/guam-2\/","title":{"rendered":"2026 Tarifas de Frete Mar\u00edtimo de Cont\u00eaineres para e de Guam"},"content":{"rendered":"<div class=\"wp-block-image\">\n<figure class=\"aligncenter size-full\"><img loading=\"lazy\" decoding=\"async\" width=\"1000\" height=\"664\" src=\"https:\/\/moverdb.com\/wp-content\/uploads\/guam.jpg\" alt=\"Palmeiras em uma bela praia em Guam\" class=\"wp-image-4285\" srcset=\"https:\/\/moverdb.com\/wp-content\/uploads\/guam.jpg 1000w, https:\/\/moverdb.com\/wp-content\/uploads\/guam-300x200.jpg 300w, https:\/\/moverdb.com\/wp-content\/uploads\/guam-18x12.jpg 18w, https:\/\/moverdb.com\/wp-content\/uploads\/guam-600x398.jpg 600w\" sizes=\"auto, (max-width: 1000px) 100vw, 1000px\" \/><\/figure>\n<\/div>\n\n\n<p><strong>Guam<\/strong> \u00e9 um dos mais pequenos pa\u00edses da regi\u00e3o do Pac\u00edfico do sudeste asi\u00e1tico. Este pequeno para\u00edso \u00e9 uma verdadeira j\u00f3ia para os estrangeiros que buscam locais que levam alguns anos para se retirarem ou se mudarem e se aposentarem permanentemente.<\/p>\n\n\n\n<p>Alguns dos pr\u00f3s de se viver em Guam incluem um clima maravilhoso de temperaturas agrad\u00e1veis constantes, praias tropicais e \u00e1guas convidativas, excelentes programas educacionais, leis fiscais positivas e muito mais.<\/p>\n\n\n\n<p>Dito isto, pode ser um pouco caro transportar todos os seus pertences para Guam, se for para l\u00e1 que voc\u00ea decide se mudar. Como sua localiza\u00e7\u00e3o n\u00e3o \u00e9 visitada com freq\u00fc\u00eancia pelo transporte de carga, n\u00e3o h\u00e1 muitas rotas de conex\u00e3o com a ilha.<\/p>\n\n\n\n<p>Voc\u00ea pode testemunhar isso nas tabelas abaixo. Os pre\u00e7os ali s\u00e3o os mais baixos de Guam <a href=\"https:\/\/moverdb.com\/pt\/container-shipping\/\" data-internallinksmanager029f6b8e52c=\"3\" title=\"Gr\u00e1fico de taxas de transporte internacional de cont\u00eaineres: Abril de 2026\">tarifas de transporte de cont\u00eaineres<\/a> que poder\u00edamos descobrir. Entretanto, v\u00e1 em frente e preencha seus dados com nossa ferramenta de or\u00e7amento e faremos o poss\u00edvel para ajud\u00e1-lo a obter um or\u00e7amento personalizado para sua localiza\u00e7\u00e3o exata.<\/p>\n\n\n\n<h2 class=\"wp-block-heading\">Custos de envio de cont\u00eaineres para Guam<\/h2>\n\n\n<div class=\"wp-block-image\">\n<figure class=\"aligncenter size-large\"><img loading=\"lazy\" decoding=\"async\" width=\"1024\" height=\"539\" src=\"https:\/\/moverdb.com\/wp-content\/uploads\/Shipping-Container-Costs-to-Guam-1024x539.png\" alt=\"Custos de envio de cont\u00eaineres da Guam\" class=\"wp-image-4289\" srcset=\"https:\/\/moverdb.com\/wp-content\/uploads\/Shipping-Container-Costs-to-Guam-1024x539.png 1024w, https:\/\/moverdb.com\/wp-content\/uploads\/Shipping-Container-Costs-to-Guam-300x158.png 300w, https:\/\/moverdb.com\/wp-content\/uploads\/Shipping-Container-Costs-to-Guam-1536x809.png 1536w, https:\/\/moverdb.com\/wp-content\/uploads\/Shipping-Container-Costs-to-Guam-18x9.png 18w, https:\/\/moverdb.com\/wp-content\/uploads\/Shipping-Container-Costs-to-Guam-600x316.png 600w, https:\/\/moverdb.com\/wp-content\/uploads\/Shipping-Container-Costs-to-Guam.png 2000w\" sizes=\"auto, (max-width: 1024px) 100vw, 1024px\" \/><\/figure>\n<\/div>\n\n\n<table id=\"tablepress-114\" class=\"tablepress tablepress-id-114\">\n<thead>\n<tr class=\"row-1\">\n\t<th class=\"column-1\">Pa\u00eds de destino (<a href=\"https:\/\/moverdb.com\/pt\/top-49-container-ports\/\" data-internallinksmanager029f6b8e52c=\"80\" title=\"Os 49 maiores e mais movimentados portos de cont\u00eaineres em 2025\">Porto<\/a>\/Cidade)<\/th><th class=\"column-2\">20FT<\/th><th class=\"column-3\">40FT<\/th>\n<\/tr>\n<\/thead>\n<tbody class=\"row-striping row-hover\">\n<tr class=\"row-2\">\n\t<td class=\"column-1\"><a href=\"https:\/\/moverdb.com\/pt\/container-shipping\/argentina\/\" data-internallinksmanager029f6b8e52c=\"91\" title=\"2026 Tarifas de frete mar\u00edtimo de cont\u00eaineres para e da Argentina\">Argentina (Buenos Aires)<\/a><\/td><td class=\"column-2\">$5,591<\/td><td class=\"column-3\">$5,613<\/td>\n<\/tr>\n<tr class=\"row-3\">\n\t<td class=\"column-1\"><a href=\"https:\/\/moverdb.com\/pt\/container-shipping\/australia\/\" data-internallinksmanager029f6b8e52c=\"89\" title=\"Tarifas de envio de cont\u00eaineres de 2026 para e da Austr\u00e1lia\">Austr\u00e1lia (Sydney)<\/a><\/td><td class=\"column-2\">$1.359<\/td><td class=\"column-3\">$2,612<\/td>\n<\/tr>\n<tr class=\"row-4\">\n\t<td class=\"column-1\"><a href=\"https:\/\/moverdb.com\/pt\/container-shipping\/brazil\/\" data-internallinksmanager029f6b8e52c=\"98\" title=\"2026 Tarifas de Frete Mar\u00edtimo de Cont\u00eaineres para e do Brasil\">Brasil (Santos)<\/a><\/td><td class=\"column-2\">$5,591<\/td><td class=\"column-3\">$5,613<\/td>\n<\/tr>\n<tr class=\"row-5\">\n\t<td class=\"column-1\"><a href=\"https:\/\/moverdb.com\/pt\/container-shipping\/canada\/\" data-internallinksmanager029f6b8e52c=\"102\" title=\"2026 Tarifas de frete mar\u00edtimo de cont\u00eaineres para e do Canad\u00e1\">Canad\u00e1 (Toronto)<\/a><\/td><td class=\"column-2\">$2.928<\/td><td class=\"column-3\">$4,016<\/td>\n<\/tr>\n<tr class=\"row-6\">\n\t<td class=\"column-1\">Canad\u00e1 (<a href=\"https:\/\/moverdb.com\/pt\/moving-to-canada\/moving-to-vancouver\/\" data-internallinksmanager029f6b8e52c=\"438\" title=\"Est\u00e1 se mudando para Vancouver? 2026 Custo de vida e dicas de realoca\u00e7\u00e3o\">Vancouver<\/a>)<\/td><td class=\"column-2\">$2,719<\/td><td class=\"column-3\">$4.404<\/td>\n<\/tr>\n<tr class=\"row-7\">\n\t<td class=\"column-1\"><a href=\"https:\/\/moverdb.com\/pt\/container-shipping\/china\/\" data-internallinksmanager029f6b8e52c=\"105\" title=\"2022 Taxas de frete mar\u00edtimo de cont\u00eaineres para e da China\">China (Pequim)<\/a><\/td><td class=\"column-2\">$6,412<\/td><td class=\"column-3\">$10,710<\/td>\n<\/tr>\n<tr class=\"row-8\">\n\t<td class=\"column-1\">China (Xangai)<\/td><td class=\"column-2\">$6,402<\/td><td class=\"column-3\">$10.700<\/td>\n<\/tr>\n<tr class=\"row-9\">\n\t<td class=\"column-1\"><a href=\"https:\/\/moverdb.com\/pt\/container-shipping\/germany\/\" data-internallinksmanager029f6b8e52c=\"118\" title=\"2026 Tarifas de frete mar\u00edtimo de cont\u00eaineres para e da Alemanha\">Alemanha (Hamburgo)<\/a><\/td><td class=\"column-2\">$793<\/td><td class=\"column-3\">$944<\/td>\n<\/tr>\n<tr class=\"row-10\">\n\t<td class=\"column-1\"><a href=\"https:\/\/moverdb.com\/pt\/container-shipping\/hong-kong\/\" data-internallinksmanager029f6b8e52c=\"123\" title=\"2026 Tarifas de Frete de Cont\u00eaineres Mar\u00edtimos para e de Hong Kong\">Hong Kong (Hong Kong)<\/a><\/td><td class=\"column-2\">$6,402<\/td><td class=\"column-3\">$10.700<\/td>\n<\/tr>\n<tr class=\"row-11\">\n\t<td class=\"column-1\"><a href=\"https:\/\/moverdb.com\/pt\/container-shipping\/india\/\" data-internallinksmanager029f6b8e52c=\"125\" title=\"2026 Tarifas de Frete de Cont\u00eaineres Mar\u00edtimos de e para a \u00cdndia\">\u00cdndia (Mumbai)<\/a><\/td><td class=\"column-2\">$1,174<\/td><td class=\"column-3\">$2.355<\/td>\n<\/tr>\n<tr class=\"row-12\">\n\t<td class=\"column-1\"><a href=\"https:\/\/moverdb.com\/pt\/container-shipping\/indonesia\/\" data-internallinksmanager029f6b8e52c=\"126\" title=\"2026 Tarifas de Frete Mar\u00edtimo de Cont\u00eaineres para e da Indon\u00e9sia\">Indon\u00e9sia (Jakarta)<\/a><\/td><td class=\"column-2\">$4,891<\/td><td class=\"column-3\">$8.046<\/td>\n<\/tr>\n<tr class=\"row-13\">\n\t<td class=\"column-1\"><a href=\"https:\/\/moverdb.com\/pt\/container-shipping\/japan\/\" data-internallinksmanager029f6b8e52c=\"131\" title=\"2026 Tarifas de frete mar\u00edtimo de cont\u00eaineres para e do Jap\u00e3o\">Jap\u00e3o (T\u00f3quio)<\/a><\/td><td class=\"column-2\">$3,122<\/td><td class=\"column-3\">$5.866<\/td>\n<\/tr>\n<tr class=\"row-14\">\n\t<td class=\"column-1\"><a href=\"https:\/\/moverdb.com\/pt\/container-shipping\/luxembourg\/\" data-internallinksmanager029f6b8e52c=\"146\" title=\"2026 Tarifas de frete mar\u00edtimo de cont\u00eaineres para e de Luxemburgo\">Luxemburgo (Luxemburgo)<\/a><\/td><td class=\"column-2\">$641<\/td><td class=\"column-3\">$877<\/td>\n<\/tr>\n<tr class=\"row-15\">\n\t<td class=\"column-1\"><a href=\"https:\/\/moverdb.com\/pt\/container-shipping\/malaysia\/\" data-internallinksmanager029f6b8e52c=\"148\" title=\"2026 Tarifas de Frete de Cont\u00eaineres Mar\u00edtimos de e para a Mal\u00e1sia\">Mal\u00e1sia (Porto Kelang)<\/a><\/td><td class=\"column-2\">$4,891<\/td><td class=\"column-3\">$8.046<\/td>\n<\/tr>\n<tr class=\"row-16\">\n\t<td class=\"column-1\"><a href=\"https:\/\/moverdb.com\/pt\/container-shipping\/mexico\/\" data-internallinksmanager029f6b8e52c=\"162\" title=\"2026 Tarifas de frete mar\u00edtimo de cont\u00eaineres para e do M\u00e9xico\">M\u00e9xico (Manzanillo)<\/a><\/td><td class=\"column-2\">$2,419<\/td><td class=\"column-3\">$4,009<\/td>\n<\/tr>\n<tr class=\"row-17\">\n\t<td class=\"column-1\"><a href=\"https:\/\/moverdb.com\/pt\/container-shipping\/netherlands\/\" data-internallinksmanager029f6b8e52c=\"151\" title=\"2026 Tarifas de frete mar\u00edtimo de cont\u00eaineres para e dos Pa\u00edses Baixos\">Holanda (Roterd\u00e3)<\/a><\/td><td class=\"column-2\">$641<\/td><td class=\"column-3\">$877<\/td>\n<\/tr>\n<tr class=\"row-18\">\n\t<td class=\"column-1\"><a href=\"https:\/\/moverdb.com\/pt\/container-shipping\/new-zealand\/\" data-internallinksmanager029f6b8e52c=\"163\" title=\"2026 Tarifas de Frete de Cont\u00eaineres Mar\u00edtimos de e para a Nova Zel\u00e2ndia\">Nova Zel\u00e2ndia (Auckland)<\/a><\/td><td class=\"column-2\">$1.359<\/td><td class=\"column-3\">$2,612<\/td>\n<\/tr>\n<tr class=\"row-19\">\n\t<td class=\"column-1\"><a href=\"https:\/\/moverdb.com\/pt\/container-shipping\/pakistan\/\" data-internallinksmanager029f6b8e52c=\"155\" title=\"2026 Tarifas de Frete Mar\u00edtimo de Cont\u00eaineres de e para o Paquist\u00e3o\">Paquist\u00e3o (Karachi)<\/a><\/td><td class=\"column-2\">$1,174<\/td><td class=\"column-3\">$2.355<\/td>\n<\/tr>\n<tr class=\"row-20\">\n\t<td class=\"column-1\"><a href=\"https:\/\/moverdb.com\/pt\/container-shipping\/russia\/\" data-internallinksmanager029f6b8e52c=\"160\" title=\"2026 Tarifas de Frete Mar\u00edtimo de Cont\u00eaineres para e da R\u00fassia\">R\u00fassia (S\u00e3o Petersburgo)<\/a><\/td><td class=\"column-2\">$808<\/td><td class=\"column-3\">$998<\/td>\n<\/tr>\n<tr class=\"row-21\">\n\t<td class=\"column-1\"><a href=\"https:\/\/moverdb.com\/pt\/container-shipping\/singapore\/\" data-internallinksmanager029f6b8e52c=\"179\" title=\"2026 Tarifas de Frete de Cont\u00eaineres Mar\u00edtimos de e para Singapura\">Cingapura (Cingapura)<\/a><\/td><td class=\"column-2\">$7,280<\/td><td class=\"column-3\">$11.350<\/td>\n<\/tr>\n<tr class=\"row-22\">\n\t<td class=\"column-1\"><a href=\"https:\/\/moverdb.com\/pt\/container-shipping\/spain\/\" data-internallinksmanager029f6b8e52c=\"182\" title=\"2026 Tarifas de frete mar\u00edtimo de cont\u00eaineres para e da Espanha\">Espanha (Val\u00eancia)<\/a><\/td><td class=\"column-2\">$528<\/td><td class=\"column-3\">$772<\/td>\n<\/tr>\n<tr class=\"row-23\">\n\t<td class=\"column-1\"><a href=\"https:\/\/moverdb.com\/pt\/container-shipping\/thailand\/\" data-internallinksmanager029f6b8e52c=\"189\" title=\"2022 Taxas de frete mar\u00edtimo de cont\u00eaineres para e da Tail\u00e2ndia\">Tail\u00e2ndia (Laem Chabang)<\/a><\/td><td class=\"column-2\">$4,891<\/td><td class=\"column-3\">$8.046<\/td>\n<\/tr>\n<tr class=\"row-24\">\n\t<td class=\"column-1\"><a href=\"https:\/\/moverdb.com\/pt\/container-shipping\/united-kingdom\/\" data-internallinksmanager029f6b8e52c=\"196\" title=\"Tarifas de transporte de cont\u00eaineres de 2026 de e para o Reino Unido\">Reino Unido (Londres)<\/a><\/td><td class=\"column-2\">$1,111<\/td><td class=\"column-3\">$1.166<\/td>\n<\/tr>\n<tr class=\"row-25\">\n\t<td class=\"column-1\"><a href=\"https:\/\/moverdb.com\/pt\/moving-to-the-united-states\/\" data-internallinksmanager029f6b8e52c=\"94\" title=\"Mudando-se para os Estados Unidos? 2026 Custos de Vida e Dicas de Reloca\u00e7\u00e3o\">US<\/a> (<a href=\"https:\/\/moverdb.com\/pt\/moving-to-los-angeles\/\" data-internallinksmanager029f6b8e52c=\"51\" title=\"Est\u00e1 se mudando para Los Angeles? 2026 Dicas de realoca\u00e7\u00e3o e custo de vida em LA\">Los Angeles<\/a>)<\/td><td class=\"column-2\">$2,719<\/td><td class=\"column-3\">$4.404<\/td>\n<\/tr>\n<tr class=\"row-26\">\n\t<td class=\"column-1\"><a href=\"https:\/\/moverdb.com\/pt\/container-shipping\/united-states\/\" data-internallinksmanager029f6b8e52c=\"87\" title=\"2026 Tarifas de frete mar\u00edtimo de cont\u00eaineres para e dos EUA\">EUA (Nova Iorque)<\/a><\/td><td class=\"column-2\">$2.928<\/td><td class=\"column-3\">$4,016<\/td>\n<\/tr>\n<tr class=\"row-27\">\n\t<td class=\"column-1\"><a href=\"https:\/\/moverdb.com\/pt\/container-shipping\/vietnam\/\" data-internallinksmanager029f6b8e52c=\"245\" title=\"2023 Taxas de frete mar\u00edtimo de cont\u00eaineres de e para o Vietn\u00e3\">Vietn\u00e3 (Saigon)<\/a><\/td><td class=\"column-2\">$4,891<\/td><td class=\"column-3\">$8.046<\/td>\n<\/tr>\n<\/tbody>\n<\/table>\n<!-- #tablepress-114 from cache -->\n\n\n\n<h2 class=\"wp-block-heading\">Custos de envio de cont\u00eaineres da Guam<\/h2>\n\n\n<div class=\"wp-block-image\">\n<figure class=\"aligncenter size-large\"><img loading=\"lazy\" decoding=\"async\" width=\"1024\" height=\"539\" src=\"https:\/\/moverdb.com\/wp-content\/uploads\/Shipping-Container-Costs-from-Guam-1024x539.png\" alt=\"Custos de envio de cont\u00eaineres da Guam\" class=\"wp-image-4287\" srcset=\"https:\/\/moverdb.com\/wp-content\/uploads\/Shipping-Container-Costs-from-Guam-1024x539.png 1024w, https:\/\/moverdb.com\/wp-content\/uploads\/Shipping-Container-Costs-from-Guam-300x158.png 300w, https:\/\/moverdb.com\/wp-content\/uploads\/Shipping-Container-Costs-from-Guam-1536x809.png 1536w, https:\/\/moverdb.com\/wp-content\/uploads\/Shipping-Container-Costs-from-Guam-18x9.png 18w, https:\/\/moverdb.com\/wp-content\/uploads\/Shipping-Container-Costs-from-Guam-600x316.png 600w, https:\/\/moverdb.com\/wp-content\/uploads\/Shipping-Container-Costs-from-Guam.png 2000w\" sizes=\"auto, (max-width: 1024px) 100vw, 1024px\" \/><\/figure>\n<\/div>\n\n\n<table id=\"tablepress-112\" class=\"tablepress tablepress-id-112\">\n<thead>\n<tr class=\"row-1\">\n\t<th class=\"column-1\">Pa\u00eds de destino (Porto\/Cidade)<\/th><th class=\"column-2\">20FT<\/th><th class=\"column-3\">40FT<\/th>\n<\/tr>\n<\/thead>\n<tbody class=\"row-striping row-hover\">\n<tr class=\"row-2\">\n\t<td class=\"column-1\"><a href=\"https:\/\/moverdb.com\/pt\/container-shipping\/andorra\/\" data-internallinksmanager029f6b8e52c=\"88\" title=\"2026 Tarifas de frete mar\u00edtimo de cont\u00eaineres para e de Andorra\">Andorra (Andorra la Vella)<\/a><\/td><td class=\"column-2\">$3,577<\/td><td class=\"column-3\">$4,574<\/td>\n<\/tr>\n<tr class=\"row-3\">\n\t<td class=\"column-1\"><a href=\"https:\/\/moverdb.com\/pt\/container-shipping\/antigua-and-barbuda\/\" data-internallinksmanager029f6b8e52c=\"92\" title=\"2022 Taxas de embarque de cont\u00eaineres mar\u00edtimos de e para Ant\u00edgua e Barbuda\">Ant\u00edgua e Barbuda (St John's)<\/a><\/td><td class=\"column-2\">$9,415<\/td><td class=\"column-3\">$11,750<\/td>\n<\/tr>\n<tr class=\"row-4\">\n\t<td class=\"column-1\">Argentina (Buenos Aires)<\/td><td class=\"column-2\">$4,323<\/td><td class=\"column-3\">$6.560<\/td>\n<\/tr>\n<tr class=\"row-5\">\n\t<td class=\"column-1\"><a href=\"https:\/\/moverdb.com\/pt\/container-shipping\/aruba\/\" data-internallinksmanager029f6b8e52c=\"90\" title=\"2026 Tarifas de Frete Mar\u00edtimo de Cont\u00eaineres para e de Aruba\">Aruba (Oranjestad)<\/a><\/td><td class=\"column-2\">$9,415<\/td><td class=\"column-3\">$11,750<\/td>\n<\/tr>\n<tr class=\"row-6\">\n\t<td class=\"column-1\">Austr\u00e1lia (Sydney)<\/td><td class=\"column-2\">$1.551<\/td><td class=\"column-3\">$2,120<\/td>\n<\/tr>\n<tr class=\"row-7\">\n\t<td class=\"column-1\"><a href=\"https:\/\/moverdb.com\/pt\/container-shipping\/austria\/\" data-internallinksmanager029f6b8e52c=\"95\" title=\"2026 Tarifas de frete mar\u00edtimo de cont\u00eaineres para e da \u00c1ustria\">\u00c1ustria (Viena)<\/a><\/td><td class=\"column-2\">$1,720<\/td><td class=\"column-3\">$2.450<\/td>\n<\/tr>\n<tr class=\"row-8\">\n\t<td class=\"column-1\"><a href=\"https:\/\/moverdb.com\/pt\/container-shipping\/bangladesh\/\" data-internallinksmanager029f6b8e52c=\"97\" title=\"2026 Tarifas de frete mar\u00edtimo de cont\u00eaineres para e de Bangladesh\">Bangladesh (Chittagong)<\/a><\/td><td class=\"column-2\">$733<\/td><td class=\"column-3\">$909<\/td>\n<\/tr>\n<tr class=\"row-9\">\n\t<td class=\"column-1\"><a href=\"https:\/\/moverdb.com\/pt\/container-shipping\/belgium\/\" data-internallinksmanager029f6b8e52c=\"86\" title=\"2026 Tarifas de frete mar\u00edtimo de cont\u00eaineres para e da B\u00e9lgica\">B\u00e9lgica (Antu\u00e9rpia)<\/a><\/td><td class=\"column-2\">$1,413<\/td><td class=\"column-3\">$1,482<\/td>\n<\/tr>\n<tr class=\"row-10\">\n\t<td class=\"column-1\">Brasil (Santos)<\/td><td class=\"column-2\">$4,323<\/td><td class=\"column-3\">$6.560<\/td>\n<\/tr>\n<tr class=\"row-11\">\n\t<td class=\"column-1\">Canad\u00e1 (Toronto)<\/td><td class=\"column-2\">$3,414<\/td><td class=\"column-3\">$5.204<\/td>\n<\/tr>\n<tr class=\"row-12\">\n\t<td class=\"column-1\">Canad\u00e1 (Vancouver)<\/td><td class=\"column-2\">$1.060<\/td><td class=\"column-3\">$2,300<\/td>\n<\/tr>\n<tr class=\"row-13\">\n\t<td class=\"column-1\">China (Pequim)<\/td><td class=\"column-2\">$466<\/td><td class=\"column-3\">$614<\/td>\n<\/tr>\n<tr class=\"row-14\">\n\t<td class=\"column-1\">China (Xangai)<\/td><td class=\"column-2\">$219<\/td><td class=\"column-3\">$470<\/td>\n<\/tr>\n<tr class=\"row-15\">\n\t<td class=\"column-1\">Alemanha (Hamburgo)<\/td><td class=\"column-2\">$1,708<\/td><td class=\"column-3\">$1.989<\/td>\n<\/tr>\n<tr class=\"row-16\">\n\t<td class=\"column-1\">Hong Kong (Hong Kong)<\/td><td class=\"column-2\">$219<\/td><td class=\"column-3\">$470<\/td>\n<\/tr>\n<tr class=\"row-17\">\n\t<td class=\"column-1\">\u00cdndia (Mumbai)<\/td><td class=\"column-2\">$949<\/td><td class=\"column-3\">$1.338<\/td>\n<\/tr>\n<tr class=\"row-18\">\n\t<td class=\"column-1\">Indon\u00e9sia (Jakarta)<\/td><td class=\"column-2\">$672<\/td><td class=\"column-3\">$895<\/td>\n<\/tr>\n<tr class=\"row-19\">\n\t<td class=\"column-1\"><a href=\"https:\/\/moverdb.com\/pt\/container-shipping\/italy\/\" data-internallinksmanager029f6b8e52c=\"130\" title=\"2026 Tarifas de frete mar\u00edtimo de cont\u00eaineres para e da It\u00e1lia\">It\u00e1lia (Trieste)<\/a><\/td><td class=\"column-2\">$1.976<\/td><td class=\"column-3\">$2.422<\/td>\n<\/tr>\n<tr class=\"row-20\">\n\t<td class=\"column-1\">Jap\u00e3o (T\u00f3quio)<\/td><td class=\"column-2\">$466<\/td><td class=\"column-3\">$614<\/td>\n<\/tr>\n<tr class=\"row-21\">\n\t<td class=\"column-1\">Luxemburgo (Luxemburgo)<\/td><td class=\"column-2\">$1,413<\/td><td class=\"column-3\">$1,482<\/td>\n<\/tr>\n<tr class=\"row-22\">\n\t<td class=\"column-1\">Mal\u00e1sia (Porto Kelang)<\/td><td class=\"column-2\">$466<\/td><td class=\"column-3\">$614<\/td>\n<\/tr>\n<tr class=\"row-23\">\n\t<td class=\"column-1\">M\u00e9xico (Manzanillo)<\/td><td class=\"column-2\">$3,227<\/td><td class=\"column-3\">$3.860<\/td>\n<\/tr>\n<tr class=\"row-24\">\n\t<td class=\"column-1\">Holanda (Roterd\u00e3)<\/td><td class=\"column-2\">$1,413<\/td><td class=\"column-3\">$1,482<\/td>\n<\/tr>\n<tr class=\"row-25\">\n\t<td class=\"column-1\">Nova Zel\u00e2ndia (Auckland)<\/td><td class=\"column-2\">$1.551<\/td><td class=\"column-3\">$2,120<\/td>\n<\/tr>\n<tr class=\"row-26\">\n\t<td class=\"column-1\">Paquist\u00e3o (Karachi)<\/td><td class=\"column-2\">$949<\/td><td class=\"column-3\">$1.338<\/td>\n<\/tr>\n<tr class=\"row-27\">\n\t<td class=\"column-1\"><a href=\"https:\/\/moverdb.com\/pt\/container-shipping\/philippines\/\" data-internallinksmanager029f6b8e52c=\"156\" title=\"2026 Tarifas de Frete Mar\u00edtimo de Cont\u00eaineres para e das Filipinas\">Filipinas (Manila)<\/a><\/td><td class=\"column-2\">$466<\/td><td class=\"column-3\">$614<\/td>\n<\/tr>\n<tr class=\"row-28\">\n\t<td class=\"column-1\">R\u00fassia (S\u00e3o Petersburgo)<\/td><td class=\"column-2\">$7.781<\/td><td class=\"column-3\">$13,010<\/td>\n<\/tr>\n<tr class=\"row-29\">\n\t<td class=\"column-1\">Cingapura (Cingapura)<\/td><td class=\"column-2\">$346<\/td><td class=\"column-3\">$507<\/td>\n<\/tr>\n<tr class=\"row-30\">\n\t<td class=\"column-1\"><a href=\"https:\/\/moverdb.com\/pt\/container-shipping\/south-korea\/\" data-internallinksmanager029f6b8e52c=\"180\" title=\"2026 Tarifas de Frete Mar\u00edtimo de Cont\u00eaineres para e da Cor\u00e9ia do Sul\">Cor\u00e9ia do Sul (Busan)<\/a><\/td><td class=\"column-2\">$466<\/td><td class=\"column-3\">$614<\/td>\n<\/tr>\n<tr class=\"row-31\">\n\t<td class=\"column-1\">Espanha (Val\u00eancia)<\/td><td class=\"column-2\">$4,207<\/td><td class=\"column-3\">$8,470<\/td>\n<\/tr>\n<tr class=\"row-32\">\n\t<td class=\"column-1\">Tail\u00e2ndia (Laem Chabang)<\/td><td class=\"column-2\">$466<\/td><td class=\"column-3\">$614<\/td>\n<\/tr>\n<tr class=\"row-33\">\n\t<td class=\"column-1\">Reino Unido (Londres)<\/td><td class=\"column-2\">$4,612<\/td><td class=\"column-3\">$8.682<\/td>\n<\/tr>\n<tr class=\"row-34\">\n\t<td class=\"column-1\">EUA (Los Angeles)<\/td><td class=\"column-2\">$1.060<\/td><td class=\"column-3\">$2,300<\/td>\n<\/tr>\n<tr class=\"row-35\">\n\t<td class=\"column-1\">EUA (Nova Iorque)<\/td><td class=\"column-2\">$3,414<\/td><td class=\"column-3\">$5.204<\/td>\n<\/tr>\n<tr class=\"row-36\">\n\t<td class=\"column-1\">Vietn\u00e3 (Saigon)<\/td><td class=\"column-2\">$466<\/td><td class=\"column-3\">$614<\/td>\n<\/tr>\n<\/tbody>\n<\/table>\n<!-- #tablepress-112 from cache -->\n\n\n\n<h3 class=\"wp-block-heading\">Notas sobre dados:<\/h3>\n\n\n\n<ul class=\"wp-block-list\"><li>Todos os n\u00fameros do $ em d\u00f3lares dos Estados Unidos (USD);<\/li><li>Taxas exatas a partir de meados de 2022;<\/li><li>Os mapas deste artigo foram criados usando <a href=\"https:\/\/www.mapchart.net\" target=\"_blank\" rel=\"noreferrer noopener\">https:\/\/www.mapchart.net<\/a>. Voc\u00ea \u00e9 livre para compartilhar os mapas, desde que voc\u00ea forne\u00e7a um link de atribui\u00e7\u00e3o de volta para <a href=\"https:\/\/moverdb.com\/pt\/\" target=\"_blank\" rel=\"noreferrer noopener\">MoverDB<\/a>;<\/li><li>As taxas acima s\u00e3o apenas estimativas e podem ter mudado desde a publica\u00e7\u00e3o deste artigo (abril de 2022). Elas se baseiam na mais baixa taxa estimada de <a href=\"https:\/\/www.icontainers.com\" target=\"_blank\" rel=\"noreferrer noopener\">https:\/\/www.icontainers.com<\/a> ou <a href=\"https:\/\/www.freightos.com\" target=\"_blank\" rel=\"noreferrer noopener\">https:\/\/www.freightos.com<\/a>;<\/li><li>Para ter uma id\u00e9ia mais precisa do custo para voc\u00ea, por favor use o formul\u00e1rio de or\u00e7amento no topo desta p\u00e1gina;<\/li><li>Consulte tamb\u00e9m nosso guia para <a href=\"https:\/\/moverdb.com\/pt\/transporte-de-conteineres\/\" target=\"_blank\" rel=\"noreferrer noopener\">transporte internacional de cont\u00eaineres<\/a>.<\/li><\/ul>","protected":false},"excerpt":{"rendered":"<p>Guam is one of the tiniest countries in the Pacific region of South-East Asia. This small paradise is a real gem for foreigners scouting for locations to take a few years to retreat or permanently relocate and retire. Some of the pros of living in Guam include a wonderful climate of constant pleasant temperatures, tropical [&hellip;]<\/p>\n","protected":false},"author":2,"featured_media":4285,"parent":44,"menu_order":0,"comment_status":"open","ping_status":"closed","template":"","meta":{"_genesis_hide_title":false,"_genesis_hide_breadcrumbs":false,"_genesis_hide_singular_image":false,"_genesis_hide_footer_widgets":false,"_genesis_custom_body_class":"","_genesis_custom_post_class":"","_genesis_layout":"","footnotes":""},"class_list":{"0":"post-4298","1":"page","2":"type-page","3":"status-publish","4":"has-post-thumbnail","6":"entry"},"_links":{"self":[{"href":"https:\/\/moverdb.com\/pt\/wp-json\/wp\/v2\/pages\/4298","targetHints":{"allow":["GET"]}}],"collection":[{"href":"https:\/\/moverdb.com\/pt\/wp-json\/wp\/v2\/pages"}],"about":[{"href":"https:\/\/moverdb.com\/pt\/wp-json\/wp\/v2\/types\/page"}],"author":[{"embeddable":true,"href":"https:\/\/moverdb.com\/pt\/wp-json\/wp\/v2\/users\/2"}],"replies":[{"embeddable":true,"href":"https:\/\/moverdb.com\/pt\/wp-json\/wp\/v2\/comments?post=4298"}],"version-history":[{"count":1,"href":"https:\/\/moverdb.com\/pt\/wp-json\/wp\/v2\/pages\/4298\/revisions"}],"predecessor-version":[{"id":4303,"href":"https:\/\/moverdb.com\/pt\/wp-json\/wp\/v2\/pages\/4298\/revisions\/4303"}],"up":[{"embeddable":true,"href":"https:\/\/moverdb.com\/pt\/wp-json\/wp\/v2\/pages\/44"}],"wp:featuredmedia":[{"embeddable":true,"href":"https:\/\/moverdb.com\/pt\/wp-json\/wp\/v2\/media\/4285"}],"wp:attachment":[{"href":"https:\/\/moverdb.com\/pt\/wp-json\/wp\/v2\/media?parent=4298"}],"curies":[{"name":"wp","href":"https:\/\/api.w.org\/{rel}","templated":true}]}}