{"id":429,"date":"2016-06-06T14:44:52","date_gmt":"2016-06-06T14:44:52","guid":{"rendered":"http:\/\/moverdb.com\/?page_id=429"},"modified":"2026-01-08T14:47:51","modified_gmt":"2026-01-08T14:47:51","slug":"british-association-of-removers","status":"publish","type":"page","link":"https:\/\/moverdb.com\/pt\/british-association-of-removers\/","title":{"rendered":"Associa\u00e7\u00e3o Brit\u00e2nica de Removers (BAR) Explicada"},"content":{"rendered":"<p>A British Association of Removers (BAR) descreve-se como a \"voz reconhecida da ind\u00fastria de mudan\u00e7as profissionais\" e \u00e9 um organismo chave no <a href=\"https:\/\/moverdb.com\/pt\/moving-to-the-uk\/\" data-internallinksmanager029f6b8e52c=\"93\" title=\"Mudando-se para o Reino Unido? 2026 Custos de Vida e Dicas de Reloca\u00e7\u00e3o\">REINO UNIDO<\/a> ind\u00fastria de mudan\u00e7as. <\/p>\n<p>Treinamento, padr\u00f5es profissionais e fornecimento de informa\u00e7\u00f5es e conselhos aos clientes est\u00e3o inclu\u00eddos no mandato do BAR, bem como um servi\u00e7o de resolu\u00e7\u00e3o de disputas.<\/p>\n<p><strong>Principais fatos sobre o BAR:<\/strong><\/p>\n<ol>\n<li>  O BAR tem v\u00e1rios tipos diferentes de filia\u00e7\u00e3o: Ades\u00e3o ao Reino Unido, <a href=\"https:\/\/moverdb.com\/pt\/bar-overseas\/\">Participa\u00e7\u00e3o no Grupo Overseas<\/a>, Filia\u00e7\u00e3o a Grupo de Movimenta\u00e7\u00e3o Comercial, Filia\u00e7\u00e3o a Grupo de Interesse em Auto-armazenamento. <a href=\"https:\/\/moverdb.com\/pt\/remocoes-internacionais\/\">Empresas<\/a> tamb\u00e9m podem ser Afiliadas Internacionais (empresas n\u00e3o brit\u00e2nicas que operam no setor de mudan\u00e7as) e Afiliadas (empresas que n\u00e3o est\u00e3o envolvidas em atividades de mudan\u00e7as e armazenamento, mas que fornecem bens e servi\u00e7os para o setor).<\/li>\n<li>  O BAR tem o \u00fanico C\u00f3digo de Pr\u00e1tica no setor de mudan\u00e7as que \u00e9 aprovado e monitorado pelo Trading Standards Institute.<\/li>\n<li>  O Trading Standards Institute monitora o desempenho de todos os membros do BAR.<\/li>\n<li>  BAR abrange tanto o Reino Unido como <a href=\"https:\/\/moverdb.com\/pt\/mudancas-empresas\/\">movimentos internacionais<\/a>.<\/li>\n<li>  A BAR tem sua pr\u00f3pria divis\u00e3o de treinamento - BAR Training Services, oferecendo cursos profissionais de treinamento empresarial que estabelecem o padr\u00e3o no treinamento espec\u00edfico da ind\u00fastria.<\/li>\n<li>  Os membros do BAR est\u00e3o sujeitos a inspe\u00e7\u00f5es cont\u00ednuas no local durante sua ades\u00e3o.<\/li>\n<li> BAR tamb\u00e9m administra o <a href=\"https:\/\/www.trustedmover.org\" target=\"_blank\" rel=\"noopener\">Trusted Mover<\/a> para ajud\u00e1-lo a encontrar os removedores BAR.<\/li>\n<\/ol>\n<p><strong>Perfil da organiza\u00e7\u00e3o:<\/strong><\/p>\n<p>A BAR se estabeleceu como um \u00f3rg\u00e3o da ind\u00fastria com a miss\u00e3o de manter padr\u00f5es profissionais no setor de mudan\u00e7as em benef\u00edcio de seus membros e tamb\u00e9m de seus clientes. Possui um c\u00f3digo de pr\u00e1tica que estabelece padr\u00f5es de servi\u00e7o, materiais, ve\u00edculos e armazenagem, treinamento de pessoal e como lidar com uma situa\u00e7\u00e3o se algo der errado. <\/p>\n<p>Tamb\u00e9m oferece prote\u00e7\u00e3o financeira aos clientes, por exemplo, quando um trabalho \u00e9 cancelado pela empresa de mudan\u00e7as. Os clientes podem reclamar para o BAR sobre um membro e h\u00e1 tamb\u00e9m um servi\u00e7o alternativo de resolu\u00e7\u00e3o de disputas. <\/p>\n<p>O treinamento \u00e9 uma parte fundamental do programa de membros do BAR e os membros t\u00eam acesso aos m\u00f3dulos ELearning sobre t\u00f3picos como lideran\u00e7a, finan\u00e7as, vendas e vendas, atendimento ao cliente, marketing, coaching, desenvolvimento de habilidades de gerenciamento e supervis\u00e3o.<\/p>\n<p><strong>Algumas empresas associadas<\/strong><\/p>\n<ul>\n<li> <a href=\"https:\/\/moverdb.com\/pt\/cadogan-tate\/\">Cadogan Tate<\/a><\/li>\n<li> <a href=\"https:\/\/moverdb.com\/pt\/anglo-pacifico\/\">Anglo Pac\u00edfico<\/a><\/li>\n<li> <a href=\"https:\/\/moverdb.com\/pt\/shore-porters-society\/\">The Shore Porters Society<\/a><\/li>\n<li> <a href=\"https:\/\/moverdb.com\/pt\/matthew-james\/\">Matthew James<\/a><\/li>\n<li> <a href=\"https:\/\/moverdb.com\/pt\/robinsons\/\">Robinsons Deslocaliza\u00e7\u00e3o<\/a><\/li>\n<li> <a href=\"https:\/\/moverdb.com\/pt\/remocoes-de-conroy-removals\/\">Retirada de conroy<\/a><\/li>\n<\/ul>\n<p><strong>Crit\u00e9rios de ades\u00e3o:<\/strong><\/p>\n<p>Nenhum crit\u00e9rio de associa\u00e7\u00e3o est\u00e1 dispon\u00edvel atrav\u00e9s do website, que diz: \"Se voc\u00ea estiver interessado em se tornar um membro da BAR, e para crit\u00e9rios de associa\u00e7\u00e3o e um formul\u00e1rio de solicita\u00e7\u00e3o, por favor, entre em contato com a BAR fornecendo informa\u00e7\u00f5es e detalhes de contato de sua empresa\".<\/p>\n<p><strong>Opini\u00f5es da ind\u00fastria sobre a Associa\u00e7\u00e3o Brit\u00e2nica de Removedores:<\/strong><\/p>\n<p>BAR aparece freq\u00fcentemente nos sites das empresas brit\u00e2nicas de mudan\u00e7as e muitos dos que o listam se concentram em sua longevidade como uma das mais antigas associa\u00e7\u00f5es comerciais do setor de mudan\u00e7as e sua hist\u00f3ria de mais de um s\u00e9culo. <\/p>\n<p>O fato de as Normas Comerciais terem aprovado seu C\u00f3digo de Pr\u00e1tica \u00e9 visto como outra grande vantagem, uma vez que isso proporciona aos consumidores a garantia de que seus interesses est\u00e3o protegidos al\u00e9m das exig\u00eancias b\u00e1sicas da lei. <\/p>\n<p>O fato de a associa\u00e7\u00e3o realizar inspe\u00e7\u00f5es cont\u00ednuas no local \u00e9 visto como importante, assim como o fato de que os membros devem fornecer provas de satisfa\u00e7\u00e3o cont\u00ednua do cliente. <\/p>\n<p>A opini\u00e3o geral \u00e9 que <em>\"ao escolher um membro BAR, voc\u00ea garantir\u00e1 que sua mudan\u00e7a ocorra da maneira mais suave poss\u00edvel\".<\/em> O BAR \u00e9 mantido como um padr\u00e3o de mudan\u00e7a pelos websites de propriedade, que o descrevem como um requisito b\u00e1sico para uma boa mudan\u00e7a, que ser\u00e1 mantido a padr\u00f5es m\u00ednimos de profissionalismo e oferecer\u00e1 alguma prote\u00e7\u00e3o financeira.<\/p>\n<blockquote><p>A escolha de uma empresa de remo\u00e7\u00e3o que se comprometeu com a filia\u00e7\u00e3o ao BAR \u00e9 um bom ponto de partida porque mostra que eles est\u00e3o dispostos a ser mantidos at\u00e9 um padr\u00e3o m\u00ednimo. Os membros do BAR t\u00eam padr\u00f5es m\u00ednimos de conduta para a filia\u00e7\u00e3o que ser\u00e3o de seu interesse, tais como ve\u00edculos legais, licenciados, prote\u00e7\u00e3o para seu dep\u00f3sito e arbitragem ou concilia\u00e7\u00e3o livre e no caso improv\u00e1vel de algo dar errado.<\/p><\/blockquote>\n<p>\u2013 <a href=\"http:\/\/www.rightmove.co.uk\/choosing-a-removal-company.html\" target=\"_blank\" rel=\"noopener\">rightmove<\/a><\/p>\n<blockquote><p>Cada Membro BAR trabalha de acordo com o C\u00f3digo de Pr\u00e1tica BAR, que \u00e9 aprovado pelas Normas Comerciais. Este rigoroso c\u00f3digo protege e promove os interesses dos consumidores al\u00e9m das exig\u00eancias b\u00e1sicas da lei.<\/p><\/blockquote>\n<p>\u2013 <a href=\"http:\/\/www.pickfords.co.uk\/british-association-of-removers\" target=\"_blank\" rel=\"noopener\">Pickfords<\/a><\/p>\n<blockquote><p>Mais de 97% de consumidores recomendam seu removedor de BAR.<\/p><\/blockquote>\n<p>\u2013 <a href=\"http:\/\/www.comparemymove.com\/blog\/our-partners\/a-guide-to-joining-the-british-association-of-removers\/\" target=\"_blank\" rel=\"noopener\">Compare minha mudan\u00e7a<\/a><\/p>\n<p><strong>Website:<\/strong> <a href=\"http:\/\/www.bar.co.uk\/\" target=\"_blank\" rel=\"noopener\">http:\/\/www.bar.co.uk\/<\/a><\/p>","protected":false},"excerpt":{"rendered":"<p>The British Association of Removers (BAR) describes itself as the &#8220;recognised voice of the professional moving industry&#8221; and it is a key body in the UK moving industry. Training, professional standards and providing information and advice to customers are included in the BAR&#8217;s remit, as well as a dispute resolution service. Key facts about BAR: [&hellip;]<\/p>\n","protected":false},"author":1,"featured_media":0,"parent":0,"menu_order":0,"comment_status":"closed","ping_status":"closed","template":"","meta":{"_genesis_hide_title":false,"_genesis_hide_breadcrumbs":false,"_genesis_hide_singular_image":false,"_genesis_hide_footer_widgets":false,"_genesis_custom_body_class":"","_genesis_custom_post_class":"","_genesis_layout":"","footnotes":""},"class_list":{"0":"post-429","1":"page","2":"type-page","3":"status-publish","5":"entry"},"_links":{"self":[{"href":"https:\/\/moverdb.com\/pt\/wp-json\/wp\/v2\/pages\/429","targetHints":{"allow":["GET"]}}],"collection":[{"href":"https:\/\/moverdb.com\/pt\/wp-json\/wp\/v2\/pages"}],"about":[{"href":"https:\/\/moverdb.com\/pt\/wp-json\/wp\/v2\/types\/page"}],"author":[{"embeddable":true,"href":"https:\/\/moverdb.com\/pt\/wp-json\/wp\/v2\/users\/1"}],"replies":[{"embeddable":true,"href":"https:\/\/moverdb.com\/pt\/wp-json\/wp\/v2\/comments?post=429"}],"version-history":[{"count":18,"href":"https:\/\/moverdb.com\/pt\/wp-json\/wp\/v2\/pages\/429\/revisions"}],"predecessor-version":[{"id":6186,"href":"https:\/\/moverdb.com\/pt\/wp-json\/wp\/v2\/pages\/429\/revisions\/6186"}],"wp:attachment":[{"href":"https:\/\/moverdb.com\/pt\/wp-json\/wp\/v2\/media?parent=429"}],"curies":[{"name":"wp","href":"https:\/\/api.w.org\/{rel}","templated":true}]}}