{"id":4183,"date":"2022-06-17T03:27:11","date_gmt":"2022-06-17T03:27:11","guid":{"rendered":"https:\/\/moverdb.com\/?page_id=4183"},"modified":"2026-01-08T13:19:46","modified_gmt":"2026-01-08T13:19:46","slug":"curacao","status":"publish","type":"page","link":"https:\/\/moverdb.com\/pt\/container-shipping\/curacao\/","title":{"rendered":"2026 Tarifas de Frete de Cont\u00eaineres Mar\u00edtimos para e de Cura\u00e7ao"},"content":{"rendered":"<div class=\"wp-block-image\">\n<figure class=\"aligncenter size-full\"><img loading=\"lazy\" decoding=\"async\" width=\"1000\" height=\"667\" src=\"https:\/\/moverdb.com\/wp-content\/uploads\/willemstad-curacao.jpg\" alt=\"Um famoso cais na cidade de Willemstad, Cura\u00e7ao\" class=\"wp-image-4140\" srcset=\"https:\/\/moverdb.com\/wp-content\/uploads\/willemstad-curacao.jpg 1000w, https:\/\/moverdb.com\/wp-content\/uploads\/willemstad-curacao-300x200.jpg 300w, https:\/\/moverdb.com\/wp-content\/uploads\/willemstad-curacao-18x12.jpg 18w, https:\/\/moverdb.com\/wp-content\/uploads\/willemstad-curacao-600x400.jpg 600w\" sizes=\"auto, (max-width: 1000px) 100vw, 1000px\" \/><\/figure>\n<\/div>\n\n\n<p><strong><a href=\"https:\/\/moverdb.com\/pt\/moving-to-curacao\/\" data-internallinksmanager029f6b8e52c=\"429\" title=\"Est\u00e1 se mudando para Cura\u00e7ao? 2026 Custo de vida e dicas de realoca\u00e7\u00e3o\">Cura\u00e7ao<\/a><\/strong> \u00e9 um pa\u00eds insular no Caribe e um constituinte do Reino dos Estados Unidos. <a href=\"https:\/\/moverdb.com\/pt\/moving-to-the-netherlands\/\" data-internallinksmanager029f6b8e52c=\"328\" title=\"Est\u00e1 se mudando para a Holanda? 2026 Custo de vida e dicas de realoca\u00e7\u00e3o\">Pa\u00edses Baixos<\/a>. Com muito a oferecer, desde museus e patrim\u00f4nios hist\u00f3ricos at\u00e9 praias e pontos de mergulho em corais, a qualidade de vida de Cura\u00e7ao \u00e9 de alto padr\u00e3o.<\/p>\n\n\n\n<p>Tanto os residentes permanentes quanto os visitantes podem desfrutar de uma vida de seguran\u00e7a, alta toler\u00e2ncia, estabilidade econ\u00f4mica, muito sol, e temperaturas acomodadas em Cura\u00e7ao.<\/p>\n\n\n\n<p>Se seu plano \u00e9 se tornar um cidad\u00e3o de Cura\u00e7ao a longo prazo, voc\u00ea provavelmente experimentaria custos consider\u00e1veis para mudar seus artigos dom\u00e9sticos para este lugar maravilhoso.<\/p>\n\n\n\n<p>Para descobrir isso (mas tamb\u00e9m aprender sobre os custos de mudan\u00e7a de Cura\u00e7ao), olhamos para cima o mais baixo de Cura\u00e7ao <a href=\"https:\/\/moverdb.com\/pt\/container-shipping\/\" data-internallinksmanager029f6b8e52c=\"3\" title=\"Gr\u00e1fico de taxas de transporte internacional de cont\u00eaineres: Mar\u00e7o de 2026\">tarifas de transporte de cont\u00eaineres<\/a> para cont\u00eaineres de 20' e 40' e inclu\u00eda as cartas e mapas abaixo.<\/p>\n\n\n\n<p>Cura\u00e7ao \u00e9 um pequeno pa\u00eds insular que n\u00e3o \u00e9 visitado com freq\u00fc\u00eancia por navios de carga, portanto, as op\u00e7\u00f5es de pre\u00e7os para o transporte de cont\u00eaineres de ou para sua capital Willemstad s\u00e3o escassas. No entanto, podemos ajud\u00e1-lo adicionalmente se voc\u00ea preencher seus dados na ferramenta de cota\u00e7\u00e3o acima e solicitar uma cota\u00e7\u00e3o personalizada.<\/p>\n\n\n\n<h2 class=\"wp-block-heading\">Custos de envio de cont\u00eaineres para Cura\u00e7ao (Willemstad)<\/h2>\n\n\n<div class=\"wp-block-image\">\n<figure class=\"aligncenter size-large\"><img loading=\"lazy\" decoding=\"async\" width=\"1024\" height=\"539\" src=\"https:\/\/moverdb.com\/wp-content\/uploads\/Shipping-Container-Costs-to-Curacao-1024x539.png\" alt=\"Custos de envio de cont\u00eaineres para Cura\u00e7ao (Willemstad)\" class=\"wp-image-4142\" srcset=\"https:\/\/moverdb.com\/wp-content\/uploads\/Shipping-Container-Costs-to-Curacao-1024x539.png 1024w, https:\/\/moverdb.com\/wp-content\/uploads\/Shipping-Container-Costs-to-Curacao-300x158.png 300w, https:\/\/moverdb.com\/wp-content\/uploads\/Shipping-Container-Costs-to-Curacao-1536x809.png 1536w, https:\/\/moverdb.com\/wp-content\/uploads\/Shipping-Container-Costs-to-Curacao-18x9.png 18w, https:\/\/moverdb.com\/wp-content\/uploads\/Shipping-Container-Costs-to-Curacao-600x316.png 600w, https:\/\/moverdb.com\/wp-content\/uploads\/Shipping-Container-Costs-to-Curacao.png 2000w\" sizes=\"auto, (max-width: 1024px) 100vw, 1024px\" \/><\/figure>\n<\/div>\n\n\n<table id=\"tablepress-87\" class=\"tablepress tablepress-id-87\">\n<thead>\n<tr class=\"row-1\">\n\t<th class=\"column-1\">Pa\u00eds de destino (<a href=\"https:\/\/moverdb.com\/pt\/top-49-container-ports\/\" data-internallinksmanager029f6b8e52c=\"80\" title=\"Os 49 maiores e mais movimentados portos de cont\u00eaineres em 2025\">Porto<\/a>\/Cidade)<\/th><th class=\"column-2\">20FT<\/th><th class=\"column-3\">40FT<\/th>\n<\/tr>\n<\/thead>\n<tbody class=\"row-striping row-hover\">\n<tr class=\"row-2\">\n\t<td class=\"column-1\"><a href=\"https:\/\/moverdb.com\/pt\/container-shipping\/andorra\/\" data-internallinksmanager029f6b8e52c=\"88\" title=\"2026 Tarifas de frete mar\u00edtimo de cont\u00eaineres para e de Andorra\">Andorra (Andorra la Vella)<\/a><\/td><td class=\"column-2\">1868<\/td><td class=\"column-3\">3171<\/td>\n<\/tr>\n<tr class=\"row-3\">\n\t<td class=\"column-1\"><a href=\"https:\/\/moverdb.com\/pt\/container-shipping\/australia\/\" data-internallinksmanager029f6b8e52c=\"89\" title=\"Tarifas de envio de cont\u00eaineres de 2026 para e da Austr\u00e1lia\">Austr\u00e1lia (Sydney)<\/a><\/td><td class=\"column-2\">N\/A<\/td><td class=\"column-3\">12406<\/td>\n<\/tr>\n<tr class=\"row-4\">\n\t<td class=\"column-1\"><a href=\"https:\/\/moverdb.com\/pt\/container-shipping\/austria\/\" data-internallinksmanager029f6b8e52c=\"95\" title=\"2026 Tarifas de frete mar\u00edtimo de cont\u00eaineres para e da \u00c1ustria\">\u00c1ustria (Viena)<\/a><\/td><td class=\"column-2\">N\/A<\/td><td class=\"column-3\">3739<\/td>\n<\/tr>\n<tr class=\"row-5\">\n\t<td class=\"column-1\"><a href=\"https:\/\/moverdb.com\/pt\/container-shipping\/bahrain\/\" data-internallinksmanager029f6b8e52c=\"96\" title=\"2026 Tarifas de frete mar\u00edtimo de cont\u00eaineres para e do Bahrein\">Bahrein (Manama)<\/a><\/td><td class=\"column-2\">N\/A<\/td><td class=\"column-3\">12306<\/td>\n<\/tr>\n<tr class=\"row-6\">\n\t<td class=\"column-1\"><a href=\"https:\/\/moverdb.com\/pt\/container-shipping\/belgium\/\" data-internallinksmanager029f6b8e52c=\"86\" title=\"2026 Tarifas de frete mar\u00edtimo de cont\u00eaineres para e da B\u00e9lgica\">B\u00e9lgica (Antu\u00e9rpia)<\/a><\/td><td class=\"column-2\">1936<\/td><td class=\"column-3\">3276<\/td>\n<\/tr>\n<tr class=\"row-7\">\n\t<td class=\"column-1\"><a href=\"https:\/\/moverdb.com\/pt\/container-shipping\/belize\/\" data-internallinksmanager029f6b8e52c=\"137\" title=\"2022 Taxas de frete mar\u00edtimo de cont\u00eaineres para e de Belize\">Belize (Cidade de Belize)<\/a><\/td><td class=\"column-2\">2008<\/td><td class=\"column-3\">2839<\/td>\n<\/tr>\n<tr class=\"row-8\">\n\t<td class=\"column-1\"><a href=\"https:\/\/moverdb.com\/pt\/container-shipping\/china\/\" data-internallinksmanager029f6b8e52c=\"105\" title=\"2022 Taxas de frete mar\u00edtimo de cont\u00eaineres para e da China\">China (Pequim)<\/a><\/td><td class=\"column-2\">13250<\/td><td class=\"column-3\">13750<\/td>\n<\/tr>\n<tr class=\"row-9\">\n\t<td class=\"column-1\">China (Xangai)<\/td><td class=\"column-2\">13250<\/td><td class=\"column-3\">13750<\/td>\n<\/tr>\n<tr class=\"row-10\">\n\t<td class=\"column-1\"><a href=\"https:\/\/moverdb.com\/pt\/container-shipping\/colombia\/\" data-internallinksmanager029f6b8e52c=\"106\" title=\"2026 Tarifas de Frete de Cont\u00eaineres Mar\u00edtimos para e da Col\u00f4mbia\">Col\u00f4mbia (Barranquilla)<\/a><\/td><td class=\"column-2\">1400<\/td><td class=\"column-3\">2336<\/td>\n<\/tr>\n<tr class=\"row-11\">\n\t<td class=\"column-1\"><a href=\"https:\/\/moverdb.com\/pt\/container-shipping\/dominican-republic\/\" data-internallinksmanager029f6b8e52c=\"112\" title=\"2026 Tarifas de Frete Mar\u00edtimo de Cont\u00eaineres para e da Rep\u00fablica Dominicana\">Rep\u00fablica Dominicana (Santo Domingo)<\/a><\/td><td class=\"column-2\">1969<\/td><td class=\"column-3\">3024<\/td>\n<\/tr>\n<tr class=\"row-12\">\n\t<td class=\"column-1\"><a href=\"https:\/\/moverdb.com\/pt\/container-shipping\/germany\/\" data-internallinksmanager029f6b8e52c=\"118\" title=\"2026 Tarifas de frete mar\u00edtimo de cont\u00eaineres para e da Alemanha\">Alemanha (Hamburgo)<\/a><\/td><td class=\"column-2\">4298<\/td><td class=\"column-3\">5834<\/td>\n<\/tr>\n<tr class=\"row-13\">\n\t<td class=\"column-1\"><a href=\"https:\/\/moverdb.com\/pt\/container-shipping\/greece\/\" data-internallinksmanager029f6b8e52c=\"120\" title=\"2026 Tarifas de frete mar\u00edtimo de cont\u00eaineres para e da Gr\u00e9cia\">Gr\u00e9cia (Piraeus)<\/a><\/td><td class=\"column-2\">2622<\/td><td class=\"column-3\">3835<\/td>\n<\/tr>\n<tr class=\"row-14\">\n\t<td class=\"column-1\"><a href=\"https:\/\/moverdb.com\/pt\/container-shipping\/haiti\/\" data-internallinksmanager029f6b8e52c=\"122\" title=\"2026 Tarifas de Frete Mar\u00edtimo de Cont\u00eaineres para e do Haiti\">Haiti (Porto Pr\u00edncipe)<\/a><\/td><td class=\"column-2\">1969<\/td><td class=\"column-3\">3024<\/td>\n<\/tr>\n<tr class=\"row-15\">\n\t<td class=\"column-1\"><a href=\"https:\/\/moverdb.com\/pt\/container-shipping\/hong-kong\/\" data-internallinksmanager029f6b8e52c=\"123\" title=\"2026 Tarifas de Frete de Cont\u00eaineres Mar\u00edtimos para e de Hong Kong\">Hong Kong (Hong Kong)<\/a><\/td><td class=\"column-2\">13250<\/td><td class=\"column-3\">13750<\/td>\n<\/tr>\n<tr class=\"row-16\">\n\t<td class=\"column-1\"><a href=\"https:\/\/moverdb.com\/pt\/container-shipping\/india\/\" data-internallinksmanager029f6b8e52c=\"125\" title=\"2026 Tarifas de Frete de Cont\u00eaineres Mar\u00edtimos de e para a \u00cdndia\">\u00cdndia (Mumbai)<\/a><\/td><td class=\"column-2\">11935<\/td><td class=\"column-3\">12758<\/td>\n<\/tr>\n<tr class=\"row-17\">\n\t<td class=\"column-1\"><a href=\"https:\/\/moverdb.com\/pt\/container-shipping\/indonesia\/\" data-internallinksmanager029f6b8e52c=\"126\" title=\"2026 Tarifas de Frete Mar\u00edtimo de Cont\u00eaineres para e da Indon\u00e9sia\">Indon\u00e9sia (Jakarta)<\/a><\/td><td class=\"column-2\">5979<\/td><td class=\"column-3\">5822<\/td>\n<\/tr>\n<tr class=\"row-18\">\n\t<td class=\"column-1\"><a href=\"https:\/\/moverdb.com\/pt\/container-shipping\/lithuania\/\" data-internallinksmanager029f6b8e52c=\"145\" title=\"2026 Tarifas de frete mar\u00edtimo de cont\u00eaineres para e da Litu\u00e2nia\">Litu\u00e2nia (Klaipeda)<\/a><\/td><td class=\"column-2\">2202<\/td><td class=\"column-3\">3518<\/td>\n<\/tr>\n<tr class=\"row-19\">\n\t<td class=\"column-1\"><a href=\"https:\/\/moverdb.com\/pt\/container-shipping\/luxembourg\/\" data-internallinksmanager029f6b8e52c=\"146\" title=\"2026 Tarifas de frete mar\u00edtimo de cont\u00eaineres para e de Luxemburgo\">Luxemburgo (Luxemburgo)<\/a><\/td><td class=\"column-2\">1936<\/td><td class=\"column-3\">3276<\/td>\n<\/tr>\n<tr class=\"row-20\">\n\t<td class=\"column-1\"><a href=\"https:\/\/moverdb.com\/pt\/container-shipping\/macau\/\" data-internallinksmanager029f6b8e52c=\"147\" title=\"2026 Tarifas de Frete de Cont\u00eaineres Mar\u00edtimos para e de Macau\">Macau (Macau)<\/a><\/td><td class=\"column-2\">5525<\/td><td class=\"column-3\">5331<\/td>\n<\/tr>\n<tr class=\"row-21\">\n\t<td class=\"column-1\"><a href=\"https:\/\/moverdb.com\/pt\/container-shipping\/malaysia\/\" data-internallinksmanager029f6b8e52c=\"148\" title=\"2026 Tarifas de Frete de Cont\u00eaineres Mar\u00edtimos de e para a Mal\u00e1sia\">Mal\u00e1sia (Porto Kelang)<\/a><\/td><td class=\"column-2\">6039<\/td><td class=\"column-3\">5822<\/td>\n<\/tr>\n<tr class=\"row-22\">\n\t<td class=\"column-1\"><a href=\"https:\/\/moverdb.com\/pt\/container-shipping\/mexico\/\" data-internallinksmanager029f6b8e52c=\"162\" title=\"2026 Tarifas de frete mar\u00edtimo de cont\u00eaineres para e do M\u00e9xico\">M\u00e9xico (Manzanillo)<\/a><\/td><td class=\"column-2\">2167<\/td><td class=\"column-3\">3161<\/td>\n<\/tr>\n<tr class=\"row-23\">\n\t<td class=\"column-1\"><a href=\"https:\/\/moverdb.com\/pt\/container-shipping\/netherlands\/\" data-internallinksmanager029f6b8e52c=\"151\" title=\"2026 Tarifas de frete mar\u00edtimo de cont\u00eaineres para e dos Pa\u00edses Baixos\">Holanda (Roterd\u00e3)<\/a><\/td><td class=\"column-2\">1936<\/td><td class=\"column-3\">3276<\/td>\n<\/tr>\n<tr class=\"row-24\">\n\t<td class=\"column-1\"><a href=\"https:\/\/moverdb.com\/pt\/container-shipping\/philippines\/\" data-internallinksmanager029f6b8e52c=\"156\" title=\"2026 Tarifas de Frete Mar\u00edtimo de Cont\u00eaineres para e das Filipinas\">Filipinas (Manila)<\/a><\/td><td class=\"column-2\">6123<\/td><td class=\"column-3\">5993<\/td>\n<\/tr>\n<tr class=\"row-25\">\n\t<td class=\"column-1\"><a href=\"https:\/\/moverdb.com\/pt\/container-shipping\/poland\/\" data-internallinksmanager029f6b8e52c=\"157\" title=\"2026 Tarifas de frete mar\u00edtimo de cont\u00eaineres para e da Pol\u00f4nia\">Pol\u00f4nia (Gdansk)<\/a><\/td><td class=\"column-2\">2202<\/td><td class=\"column-3\">3518<\/td>\n<\/tr>\n<tr class=\"row-26\">\n\t<td class=\"column-1\"><a href=\"https:\/\/moverdb.com\/pt\/container-shipping\/russia\/\" data-internallinksmanager029f6b8e52c=\"160\" title=\"2026 Tarifas de Frete Mar\u00edtimo de Cont\u00eaineres para e da R\u00fassia\">R\u00fassia (S\u00e3o Petersburgo)<\/a><\/td><td class=\"column-2\">2497<\/td><td class=\"column-3\">3791<\/td>\n<\/tr>\n<tr class=\"row-27\">\n\t<td class=\"column-1\"><a href=\"https:\/\/moverdb.com\/pt\/container-shipping\/singapore\/\" data-internallinksmanager029f6b8e52c=\"179\" title=\"2026 Tarifas de Frete de Cont\u00eaineres Mar\u00edtimos de e para Singapura\">Cingapura (Cingapura)<\/a><\/td><td class=\"column-2\">5979<\/td><td class=\"column-3\">5765<\/td>\n<\/tr>\n<tr class=\"row-28\">\n\t<td class=\"column-1\"><a href=\"https:\/\/moverdb.com\/pt\/container-shipping\/south-korea\/\" data-internallinksmanager029f6b8e52c=\"180\" title=\"2026 Tarifas de Frete Mar\u00edtimo de Cont\u00eaineres para e da Cor\u00e9ia do Sul\">Cor\u00e9ia do Sul (Busan)<\/a><\/td><td class=\"column-2\">5979<\/td><td class=\"column-3\">5765<\/td>\n<\/tr>\n<tr class=\"row-29\">\n\t<td class=\"column-1\"><a href=\"https:\/\/moverdb.com\/pt\/container-shipping\/spain\/\" data-internallinksmanager029f6b8e52c=\"182\" title=\"2026 Tarifas de frete mar\u00edtimo de cont\u00eaineres para e da Espanha\">Espanha (Val\u00eancia)<\/a><\/td><td class=\"column-2\">3982<\/td><td class=\"column-3\">5875<\/td>\n<\/tr>\n<tr class=\"row-30\">\n\t<td class=\"column-1\"><a href=\"https:\/\/moverdb.com\/pt\/container-shipping\/taiwan\/\" data-internallinksmanager029f6b8e52c=\"183\" title=\"2026 Tarifas de Frete Mar\u00edtimo de Cont\u00eaineres para e de Taiwan\">Taiwan (Kaohsiung)<\/a><\/td><td class=\"column-2\">5382<\/td><td class=\"column-3\">5137<\/td>\n<\/tr>\n<tr class=\"row-31\">\n\t<td class=\"column-1\"><a href=\"https:\/\/moverdb.com\/pt\/container-shipping\/thailand\/\" data-internallinksmanager029f6b8e52c=\"189\" title=\"2022 Taxas de frete mar\u00edtimo de cont\u00eaineres para e da Tail\u00e2ndia\">Tail\u00e2ndia (Laem Chabang)<\/a><\/td><td class=\"column-2\">4895<\/td><td class=\"column-3\">4715<\/td>\n<\/tr>\n<tr class=\"row-32\">\n\t<td class=\"column-1\"><a href=\"https:\/\/moverdb.com\/pt\/container-shipping\/turkey\/\" data-internallinksmanager029f6b8e52c=\"190\" title=\"2026 Tarifas de frete mar\u00edtimo de cont\u00eaineres para e da Turquia\">Turquia (Istambul)<\/a><\/td><td class=\"column-2\">8294<\/td><td class=\"column-3\">11613<\/td>\n<\/tr>\n<tr class=\"row-33\">\n\t<td class=\"column-1\"><a href=\"https:\/\/moverdb.com\/pt\/container-shipping\/united-arab-emirates\/\" data-internallinksmanager029f6b8e52c=\"188\" title=\"Tarifas de envio de cont\u00eaineres para e dos Emirados \u00c1rabes Unidos em 2026\">Emirados \u00c1rabes Unidos (Jebel Ali)<\/a><\/td><td class=\"column-2\">2090<\/td><td class=\"column-3\">3465<\/td>\n<\/tr>\n<tr class=\"row-34\">\n\t<td class=\"column-1\"><a href=\"https:\/\/moverdb.com\/pt\/moving-to-the-united-states\/\" data-internallinksmanager029f6b8e52c=\"94\" title=\"Mudando-se para os Estados Unidos? 2026 Custos de Vida e Dicas de Reloca\u00e7\u00e3o\">US<\/a> (<a href=\"https:\/\/moverdb.com\/pt\/moving-to-los-angeles\/\" data-internallinksmanager029f6b8e52c=\"51\" title=\"Est\u00e1 se mudando para Los Angeles? 2026 Dicas de realoca\u00e7\u00e3o e custo de vida em LA\">Los Angeles<\/a>)<\/td><td class=\"column-2\">912<\/td><td class=\"column-3\">1309<\/td>\n<\/tr>\n<tr class=\"row-35\">\n\t<td class=\"column-1\"><a href=\"https:\/\/moverdb.com\/pt\/container-shipping\/united-states\/\" data-internallinksmanager029f6b8e52c=\"87\" title=\"2026 Tarifas de frete mar\u00edtimo de cont\u00eaineres para e dos EUA\">EUA (Nova Iorque)<\/a><\/td><td class=\"column-2\">2228<\/td><td class=\"column-3\">1937<\/td>\n<\/tr>\n<tr class=\"row-36\">\n\t<td class=\"column-1\">Venezuela (Puerto Cabello)<\/td><td class=\"column-2\">688<\/td><td class=\"column-3\">1250<\/td>\n<\/tr>\n<tr class=\"row-37\">\n\t<td class=\"column-1\"><a href=\"https:\/\/moverdb.com\/pt\/container-shipping\/vietnam\/\" data-internallinksmanager029f6b8e52c=\"245\" title=\"2023 Taxas de frete mar\u00edtimo de cont\u00eaineres de e para o Vietn\u00e3\">Vietn\u00e3 (Saigon)<\/a><\/td><td class=\"column-2\">5979<\/td><td class=\"column-3\">5765<\/td>\n<\/tr>\n<\/tbody>\n<\/table>\n<!-- #tablepress-87 from cache -->\n\n\n\n<h2 class=\"wp-block-heading\">Custos de transporte de cont\u00eaineres de Cura\u00e7ao (Willemstad)<\/h2>\n\n\n<div class=\"wp-block-image\">\n<figure class=\"aligncenter size-large\"><img loading=\"lazy\" decoding=\"async\" width=\"1024\" height=\"539\" src=\"https:\/\/moverdb.com\/wp-content\/uploads\/Shipping-Container-Costs-from-Curacao-1024x539.png\" alt=\"Custos de transporte de cont\u00eaineres de Cura\u00e7ao (Willemstad)\" class=\"wp-image-4141\" srcset=\"https:\/\/moverdb.com\/wp-content\/uploads\/Shipping-Container-Costs-from-Curacao-1024x539.png 1024w, https:\/\/moverdb.com\/wp-content\/uploads\/Shipping-Container-Costs-from-Curacao-300x158.png 300w, https:\/\/moverdb.com\/wp-content\/uploads\/Shipping-Container-Costs-from-Curacao-1536x809.png 1536w, https:\/\/moverdb.com\/wp-content\/uploads\/Shipping-Container-Costs-from-Curacao-18x9.png 18w, https:\/\/moverdb.com\/wp-content\/uploads\/Shipping-Container-Costs-from-Curacao-600x316.png 600w, https:\/\/moverdb.com\/wp-content\/uploads\/Shipping-Container-Costs-from-Curacao.png 2000w\" sizes=\"auto, (max-width: 1024px) 100vw, 1024px\" \/><\/figure>\n<\/div>\n\n\n<table id=\"tablepress-83\" class=\"tablepress tablepress-id-83\">\n<thead>\n<tr class=\"row-1\">\n\t<th class=\"column-1\">Pa\u00eds de destino (Porto\/Cidade)<\/th><th class=\"column-2\">20FT<\/th><th class=\"column-3\">40FT<\/th>\n<\/tr>\n<\/thead>\n<tbody class=\"row-striping row-hover\">\n<tr class=\"row-2\">\n\t<td class=\"column-1\">Andorra (Andorra la Vella)<\/td><td class=\"column-2\">346<\/td><td class=\"column-3\">355<\/td>\n<\/tr>\n<tr class=\"row-3\">\n\t<td class=\"column-1\"><a href=\"https:\/\/moverdb.com\/pt\/container-shipping\/antigua-and-barbuda\/\" data-internallinksmanager029f6b8e52c=\"92\" title=\"2022 Taxas de embarque de cont\u00eaineres mar\u00edtimos de e para Ant\u00edgua e Barbuda\">Ant\u00edgua e Barbuda (St John's)<\/a><\/td><td class=\"column-2\">605<\/td><td class=\"column-3\">801<\/td>\n<\/tr>\n<tr class=\"row-4\">\n\t<td class=\"column-1\">Austr\u00e1lia (Sydney)<\/td><td class=\"column-2\">2845<\/td><td class=\"column-3\">N\/A<\/td>\n<\/tr>\n<tr class=\"row-5\">\n\t<td class=\"column-1\">B\u00e9lgica (Antu\u00e9rpia)<\/td><td class=\"column-2\">979<\/td><td class=\"column-3\">1344<\/td>\n<\/tr>\n<tr class=\"row-6\">\n\t<td class=\"column-1\"><a href=\"https:\/\/moverdb.com\/pt\/container-shipping\/brazil\/\" data-internallinksmanager029f6b8e52c=\"98\" title=\"2026 Tarifas de Frete Mar\u00edtimo de Cont\u00eaineres para e do Brasil\">Brasil (Santos)<\/a><\/td><td class=\"column-2\">1567<\/td><td class=\"column-3\">2434<\/td>\n<\/tr>\n<tr class=\"row-7\">\n\t<td class=\"column-1\">China (Xangai)<\/td><td class=\"column-2\">1012<\/td><td class=\"column-3\">1171<\/td>\n<\/tr>\n<tr class=\"row-8\">\n\t<td class=\"column-1\">Col\u00f4mbia (Barranquilla)<\/td><td class=\"column-2\">968<\/td><td class=\"column-3\">2037<\/td>\n<\/tr>\n<tr class=\"row-9\">\n\t<td class=\"column-1\">Rep\u00fablica Dominicana (Santo Domingo)<\/td><td class=\"column-2\">704<\/td><td class=\"column-3\">1061<\/td>\n<\/tr>\n<tr class=\"row-10\">\n\t<td class=\"column-1\">Haiti (Porto Pr\u00edncipe)<\/td><td class=\"column-2\">704<\/td><td class=\"column-3\">1061<\/td>\n<\/tr>\n<tr class=\"row-11\">\n\t<td class=\"column-1\">Hong Kong (Hong Kong)<\/td><td class=\"column-2\">1291<\/td><td class=\"column-3\">1171<\/td>\n<\/tr>\n<tr class=\"row-12\">\n\t<td class=\"column-1\">Indon\u00e9sia (Jakarta)<\/td><td class=\"column-2\">1392<\/td><td class=\"column-3\">1413<\/td>\n<\/tr>\n<tr class=\"row-13\">\n\t<td class=\"column-1\"><a href=\"https:\/\/moverdb.com\/pt\/container-shipping\/japan\/\" data-internallinksmanager029f6b8e52c=\"131\" title=\"2026 Tarifas de frete mar\u00edtimo de cont\u00eaineres para e do Jap\u00e3o\">Jap\u00e3o (T\u00f3quio)<\/a><\/td><td class=\"column-2\">1265<\/td><td class=\"column-3\">1413<\/td>\n<\/tr>\n<tr class=\"row-14\">\n\t<td class=\"column-1\">Luxemburgo (Luxemburgo)<\/td><td class=\"column-2\">979<\/td><td class=\"column-3\">1344<\/td>\n<\/tr>\n<tr class=\"row-15\">\n\t<td class=\"column-1\">Holanda (Roterd\u00e3)<\/td><td class=\"column-2\">979<\/td><td class=\"column-3\">1344<\/td>\n<\/tr>\n<tr class=\"row-16\">\n\t<td class=\"column-1\">R\u00fassia (S\u00e3o Petersburgo)<\/td><td class=\"column-2\">1593<\/td><td class=\"column-3\">2018<\/td>\n<\/tr>\n<tr class=\"row-17\">\n\t<td class=\"column-1\">Cor\u00e9ia do Sul (Busan)<\/td><td class=\"column-2\">1076<\/td><td class=\"column-3\">1171<\/td>\n<\/tr>\n<tr class=\"row-18\">\n\t<td class=\"column-1\">Taiwan (Kaohsiung)<\/td><td class=\"column-2\">1076<\/td><td class=\"column-3\">1171<\/td>\n<\/tr>\n<tr class=\"row-19\">\n\t<td class=\"column-1\">Tail\u00e2ndia (Laem Chabang)<\/td><td class=\"column-2\">1391<\/td><td class=\"column-3\">1413<\/td>\n<\/tr>\n<tr class=\"row-20\">\n\t<td class=\"column-1\">EUA (Los Angeles)<\/td><td class=\"column-2\">2068<\/td><td class=\"column-3\">2993<\/td>\n<\/tr>\n<tr class=\"row-21\">\n\t<td class=\"column-1\">EUA (Nova Iorque)<\/td><td class=\"column-2\">1297<\/td><td class=\"column-3\">1383<\/td>\n<\/tr>\n<\/tbody>\n<\/table>\n<!-- #tablepress-83 from cache -->\n\n\n\n<h3 class=\"wp-block-heading\">Notas sobre dados:<\/h3>\n\n\n\n<ul class=\"wp-block-list\"><li>Todos os n\u00fameros do $ em d\u00f3lares dos Estados Unidos (USD);<\/li><li>Taxas exatas a partir de meados de 2022;<\/li><li>Os mapas deste artigo foram criados usando <a href=\"https:\/\/www.mapchart.net\" target=\"_blank\" rel=\"noreferrer noopener\">https:\/\/www.mapchart.net<\/a>. Voc\u00ea \u00e9 livre para compartilhar os mapas, desde que voc\u00ea forne\u00e7a um link de atribui\u00e7\u00e3o de volta para <a href=\"https:\/\/moverdb.com\/pt\/\" target=\"_blank\" rel=\"noreferrer noopener\">MoverDB<\/a>;<\/li><li>As taxas acima s\u00e3o apenas estimativas e podem ter mudado desde a publica\u00e7\u00e3o deste artigo (abril de 2022). Elas se baseiam na mais baixa taxa estimada de <a href=\"https:\/\/www.icontainers.com\" target=\"_blank\" rel=\"noreferrer noopener\">https:\/\/www.icontainers.com<\/a> ou <a href=\"https:\/\/www.freightos.com\" target=\"_blank\" rel=\"noreferrer noopener\">https:\/\/www.freightos.com<\/a>;<\/li><li>Para ter uma id\u00e9ia mais precisa do custo para voc\u00ea, por favor use o formul\u00e1rio de or\u00e7amento no topo desta p\u00e1gina;<\/li><li>Consulte tamb\u00e9m nosso guia para <a href=\"https:\/\/moverdb.com\/pt\/transporte-de-conteineres\/\" target=\"_blank\" rel=\"noreferrer noopener\">transporte internacional de cont\u00eaineres<\/a>.<\/li><\/ul>","protected":false},"excerpt":{"rendered":"<p>Cura\u00e7ao is an island country in the Caribbean and a constituent of the Kingdom of the Netherlands. With much to offer, from museums and heritage houses to beaches and coral diving spots, Cura\u00e7ao\u2019s quality of life is of a high standard. Both permanent residents and visitors get to enjoy a life of security, high tolerance, [&hellip;]<\/p>\n","protected":false},"author":2,"featured_media":4140,"parent":44,"menu_order":0,"comment_status":"open","ping_status":"closed","template":"","meta":{"_genesis_hide_title":false,"_genesis_hide_breadcrumbs":false,"_genesis_hide_singular_image":false,"_genesis_hide_footer_widgets":false,"_genesis_custom_body_class":"","_genesis_custom_post_class":"","_genesis_layout":"","footnotes":""},"class_list":{"0":"post-4183","1":"page","2":"type-page","3":"status-publish","4":"has-post-thumbnail","6":"entry"},"_links":{"self":[{"href":"https:\/\/moverdb.com\/pt\/wp-json\/wp\/v2\/pages\/4183","targetHints":{"allow":["GET"]}}],"collection":[{"href":"https:\/\/moverdb.com\/pt\/wp-json\/wp\/v2\/pages"}],"about":[{"href":"https:\/\/moverdb.com\/pt\/wp-json\/wp\/v2\/types\/page"}],"author":[{"embeddable":true,"href":"https:\/\/moverdb.com\/pt\/wp-json\/wp\/v2\/users\/2"}],"replies":[{"embeddable":true,"href":"https:\/\/moverdb.com\/pt\/wp-json\/wp\/v2\/comments?post=4183"}],"version-history":[{"count":1,"href":"https:\/\/moverdb.com\/pt\/wp-json\/wp\/v2\/pages\/4183\/revisions"}],"predecessor-version":[{"id":4184,"href":"https:\/\/moverdb.com\/pt\/wp-json\/wp\/v2\/pages\/4183\/revisions\/4184"}],"up":[{"embeddable":true,"href":"https:\/\/moverdb.com\/pt\/wp-json\/wp\/v2\/pages\/44"}],"wp:featuredmedia":[{"embeddable":true,"href":"https:\/\/moverdb.com\/pt\/wp-json\/wp\/v2\/media\/4140"}],"wp:attachment":[{"href":"https:\/\/moverdb.com\/pt\/wp-json\/wp\/v2\/media?parent=4183"}],"curies":[{"name":"wp","href":"https:\/\/api.w.org\/{rel}","templated":true}]}}