{"id":4126,"date":"2022-06-07T21:11:54","date_gmt":"2022-06-07T21:11:54","guid":{"rendered":"https:\/\/moverdb.com\/?page_id=4126"},"modified":"2026-01-08T14:38:32","modified_gmt":"2026-01-08T14:38:32","slug":"caimao-islandia","status":"publish","type":"page","link":"https:\/\/moverdb.com\/pt\/container-shipping\/cayman-islands\/","title":{"rendered":"2026 Tarifas de frete mar\u00edtimo de cont\u00eaineres para e das Ilhas Cayman"},"content":{"rendered":"<div class=\"wp-block-image\">\n<figure class=\"aligncenter size-full\"><img loading=\"lazy\" decoding=\"async\" width=\"1000\" height=\"668\" src=\"https:\/\/moverdb.com\/wp-content\/uploads\/cayman-islands.jpg\" alt=\"Propriedades de praia e palmeiras nas Ilhas Cayman\" class=\"wp-image-4095\" srcset=\"https:\/\/moverdb.com\/wp-content\/uploads\/cayman-islands.jpg 1000w, https:\/\/moverdb.com\/wp-content\/uploads\/cayman-islands-300x200.jpg 300w, https:\/\/moverdb.com\/wp-content\/uploads\/cayman-islands-18x12.jpg 18w, https:\/\/moverdb.com\/wp-content\/uploads\/cayman-islands-600x401.jpg 600w\" sizes=\"auto, (max-width: 1000px) 100vw, 1000px\" \/><\/figure>\n<\/div>\n\n\n<p>O <strong><a href=\"https:\/\/moverdb.com\/pt\/moving-to-cayman-islands\/\" data-internallinksmanager029f6b8e52c=\"425\" title=\"Mudan\u00e7a para as Ilhas Cayman? 2026 Custo de vida e dicas de realoca\u00e7\u00e3o\">Ilhas Cayman<\/a><\/strong> s\u00e3o um para\u00edso de f\u00e1cil acesso, assim como o resto dos belos pa\u00edses do Caribe. Existem, de fato, tr\u00eas ilhas Caim\u00e3 que s\u00e3o todas decoradas com praias de tirar o f\u00f4lego, palmeiras e lagoas imaculadas.<\/p>\n\n\n\n<p>Este pequeno pa\u00eds \u00e9 perfeito para qualquer pessoa disposta a desfrutar de sua vida enquanto ainda trabalha, pois o lugar \u00e9 conhecido por sua cultura de trabalho flex\u00edvel e pela falta de imposto de renda pessoal. A excelente qualidade de vida e a proximidade dos grandes centros de tr\u00e2nsito s\u00e3o tamb\u00e9m alguns dos pr\u00f3s de residir nas Ilhas Cayman.<\/p>\n\n\n\n<p>Dito isto, se voc\u00ea planeja sua grande mudan\u00e7a para este pa\u00eds, voc\u00ea se beneficiaria em grande parte de aprender os custos de transporte de seus bens pessoais e dom\u00e9sticos para l\u00e1.<\/p>\n\n\n\n<p>As Ilhas Cayman <a href=\"https:\/\/moverdb.com\/pt\/container-shipping\/\" data-internallinksmanager029f6b8e52c=\"3\" title=\"Gr\u00e1fico de taxas de transporte internacional de cont\u00eaineres: Abril de 2026\">tarifas de transporte de cont\u00eaineres<\/a> que s\u00e3o compilados neste artigo s\u00e3o os mais baixos que voc\u00ea pode encontrar l\u00e1 fora, ent\u00e3o certifique-se de ter uma vis\u00e3o geral dos gr\u00e1ficos abaixo e veja o <a href=\"https:\/\/moverdb.com\/pt\/top-49-container-ports\/\" data-internallinksmanager029f6b8e52c=\"80\" title=\"Os 49 maiores e mais movimentados portos de cont\u00eaineres em 2025\">porto<\/a> cidade localizada mais pr\u00f3xima de voc\u00ea. Se voc\u00ea precisar de um pre\u00e7o preciso de porta em porta, use a ferramenta de cota\u00e7\u00e3o personalizada fornecida por <a href=\"https:\/\/moverdb.com\/pt\/\">MoverDB<\/a>.<\/p>\n\n\n\n<h2 class=\"wp-block-heading\">Custos de envio de cont\u00eaineres para as Ilhas Cayman (George Town)<\/h2>\n\n\n<div class=\"wp-block-image\">\n<figure class=\"aligncenter size-large\"><img loading=\"lazy\" decoding=\"async\" width=\"1024\" height=\"539\" src=\"https:\/\/moverdb.com\/wp-content\/uploads\/Shipping-Container-Costs-to-Cayman-Islands-1024x539.png\" alt=\"Custos de envio de cont\u00eaineres para as Ilhas Cayman (George Town)\" class=\"wp-image-4097\" srcset=\"https:\/\/moverdb.com\/wp-content\/uploads\/Shipping-Container-Costs-to-Cayman-Islands-1024x539.png 1024w, https:\/\/moverdb.com\/wp-content\/uploads\/Shipping-Container-Costs-to-Cayman-Islands-300x158.png 300w, https:\/\/moverdb.com\/wp-content\/uploads\/Shipping-Container-Costs-to-Cayman-Islands-1536x809.png 1536w, https:\/\/moverdb.com\/wp-content\/uploads\/Shipping-Container-Costs-to-Cayman-Islands-18x9.png 18w, https:\/\/moverdb.com\/wp-content\/uploads\/Shipping-Container-Costs-to-Cayman-Islands-600x316.png 600w, https:\/\/moverdb.com\/wp-content\/uploads\/Shipping-Container-Costs-to-Cayman-Islands.png 2000w\" sizes=\"auto, (max-width: 1024px) 100vw, 1024px\" \/><\/figure>\n<\/div>\n\n\n<table id=\"tablepress-79\" class=\"tablepress tablepress-id-79\">\n<thead>\n<tr class=\"row-1\">\n\t<th class=\"column-1\">Pa\u00eds de destino (Porto\/Cidade)<\/th><th class=\"column-2\">20FT<\/th><th class=\"column-3\">40FT<\/th>\n<\/tr>\n<\/thead>\n<tbody class=\"row-striping row-hover\">\n<tr class=\"row-2\">\n\t<td class=\"column-1\"><a href=\"https:\/\/moverdb.com\/pt\/container-shipping\/andorra\/\" data-internallinksmanager029f6b8e52c=\"88\" title=\"2026 Tarifas de frete mar\u00edtimo de cont\u00eaineres para e de Andorra\">Andorra (Andorra la Vella)<\/a><\/td><td class=\"column-2\">1868<\/td><td class=\"column-3\">3171<\/td>\n<\/tr>\n<tr class=\"row-3\">\n\t<td class=\"column-1\"><a href=\"https:\/\/moverdb.com\/pt\/container-shipping\/argentina\/\" data-internallinksmanager029f6b8e52c=\"91\" title=\"2026 Tarifas de frete mar\u00edtimo de cont\u00eaineres para e da Argentina\">Argentina (Buenos Aires)<\/a><\/td><td class=\"column-2\">3728<\/td><td class=\"column-3\">4313<\/td>\n<\/tr>\n<tr class=\"row-4\">\n\t<td class=\"column-1\"><a href=\"https:\/\/moverdb.com\/pt\/container-shipping\/australia\/\" data-internallinksmanager029f6b8e52c=\"89\" title=\"Tarifas de envio de cont\u00eaineres de 2026 para e da Austr\u00e1lia\">Austr\u00e1lia (Sydney)<\/a><\/td><td class=\"column-2\">N\/A<\/td><td class=\"column-3\">12406<\/td>\n<\/tr>\n<tr class=\"row-5\">\n\t<td class=\"column-1\"><a href=\"https:\/\/moverdb.com\/pt\/container-shipping\/austria\/\" data-internallinksmanager029f6b8e52c=\"95\" title=\"2026 Tarifas de frete mar\u00edtimo de cont\u00eaineres para e da \u00c1ustria\">\u00c1ustria (Viena)<\/a><\/td><td class=\"column-2\">N\/A<\/td><td class=\"column-3\">3739<\/td>\n<\/tr>\n<tr class=\"row-6\">\n\t<td class=\"column-1\"><a href=\"https:\/\/moverdb.com\/pt\/container-shipping\/bahrain\/\" data-internallinksmanager029f6b8e52c=\"96\" title=\"2026 Tarifas de frete mar\u00edtimo de cont\u00eaineres para e do Bahrein\">Bahrein (Manama)<\/a><\/td><td class=\"column-2\">N\/A<\/td><td class=\"column-3\">12306<\/td>\n<\/tr>\n<tr class=\"row-7\">\n\t<td class=\"column-1\"><a href=\"https:\/\/moverdb.com\/pt\/container-shipping\/belgium\/\" data-internallinksmanager029f6b8e52c=\"86\" title=\"2026 Tarifas de frete mar\u00edtimo de cont\u00eaineres para e da B\u00e9lgica\">B\u00e9lgica (Antu\u00e9rpia)<\/a><\/td><td class=\"column-2\">2643<\/td><td class=\"column-3\">4077<\/td>\n<\/tr>\n<tr class=\"row-8\">\n\t<td class=\"column-1\"><a href=\"https:\/\/moverdb.com\/pt\/container-shipping\/belize\/\" data-internallinksmanager029f6b8e52c=\"137\" title=\"2022 Taxas de frete mar\u00edtimo de cont\u00eaineres para e de Belize\">Belize (Cidade de Belize)<\/a><\/td><td class=\"column-2\">2448<\/td><td class=\"column-3\">2804<\/td>\n<\/tr>\n<tr class=\"row-9\">\n\t<td class=\"column-1\"><a href=\"https:\/\/moverdb.com\/pt\/container-shipping\/brazil\/\" data-internallinksmanager029f6b8e52c=\"98\" title=\"2026 Tarifas de Frete Mar\u00edtimo de Cont\u00eaineres para e do Brasil\">Brasil (Santos)<\/a><\/td><td class=\"column-2\">3728<\/td><td class=\"column-3\">4327<\/td>\n<\/tr>\n<tr class=\"row-10\">\n\t<td class=\"column-1\"><a href=\"https:\/\/moverdb.com\/pt\/container-shipping\/cambodia\/\" data-internallinksmanager029f6b8e52c=\"101\" title=\"2026 Tarifas de frete mar\u00edtimo de cont\u00eaineres para e do Camboja\">Camboja (Sihanoukville)<\/a><\/td><td class=\"column-2\">7606<\/td><td class=\"column-3\">8276<\/td>\n<\/tr>\n<tr class=\"row-11\">\n\t<td class=\"column-1\"><a href=\"https:\/\/moverdb.com\/pt\/container-shipping\/china\/\" data-internallinksmanager029f6b8e52c=\"105\" title=\"2022 Taxas de frete mar\u00edtimo de cont\u00eaineres para e da China\">China (Pequim)<\/a><\/td><td class=\"column-2\">6757<\/td><td class=\"column-3\">7134<\/td>\n<\/tr>\n<tr class=\"row-12\">\n\t<td class=\"column-1\">China (Xangai)<\/td><td class=\"column-2\">6696<\/td><td class=\"column-3\">7077<\/td>\n<\/tr>\n<tr class=\"row-13\">\n\t<td class=\"column-1\"><a href=\"https:\/\/moverdb.com\/pt\/container-shipping\/germany\/\" data-internallinksmanager029f6b8e52c=\"118\" title=\"2026 Tarifas de frete mar\u00edtimo de cont\u00eaineres para e da Alemanha\">Alemanha (Hamburgo)<\/a><\/td><td class=\"column-2\">2643<\/td><td class=\"column-3\">4077<\/td>\n<\/tr>\n<tr class=\"row-14\">\n\t<td class=\"column-1\"><a href=\"https:\/\/moverdb.com\/pt\/container-shipping\/greece\/\" data-internallinksmanager029f6b8e52c=\"120\" title=\"2026 Tarifas de frete mar\u00edtimo de cont\u00eaineres para e da Gr\u00e9cia\">Gr\u00e9cia (Piraeus)<\/a><\/td><td class=\"column-2\">4664<\/td><td class=\"column-3\">8058<\/td>\n<\/tr>\n<tr class=\"row-15\">\n\t<td class=\"column-1\"><a href=\"https:\/\/moverdb.com\/pt\/container-shipping\/guernsey\/\" data-internallinksmanager029f6b8e52c=\"121\" title=\"2022 Taxas de Frete de Cont\u00eaineres Mar\u00edtimos para e de Guernsey\">Guernsey (Porto de S\u00e3o Pedro)<\/a><\/td><td class=\"column-2\">3704<\/td><td class=\"column-3\">5620<\/td>\n<\/tr>\n<tr class=\"row-16\">\n\t<td class=\"column-1\"><a href=\"https:\/\/moverdb.com\/pt\/container-shipping\/hong-kong\/\" data-internallinksmanager029f6b8e52c=\"123\" title=\"2026 Tarifas de Frete de Cont\u00eaineres Mar\u00edtimos para e de Hong Kong\">Hong Kong (Hong Kong)<\/a><\/td><td class=\"column-2\">6696<\/td><td class=\"column-3\">7077<\/td>\n<\/tr>\n<tr class=\"row-17\">\n\t<td class=\"column-1\"><a href=\"https:\/\/moverdb.com\/pt\/container-shipping\/indonesia\/\" data-internallinksmanager029f6b8e52c=\"126\" title=\"2026 Tarifas de Frete Mar\u00edtimo de Cont\u00eaineres para e da Indon\u00e9sia\">Indon\u00e9sia (Jakarta)<\/a><\/td><td class=\"column-2\">7295<\/td><td class=\"column-3\">7762<\/td>\n<\/tr>\n<tr class=\"row-18\">\n\t<td class=\"column-1\"><a href=\"https:\/\/moverdb.com\/pt\/container-shipping\/isle-of-man\/\" data-internallinksmanager029f6b8e52c=\"128\" title=\"2022 Taxas de Frete de Cont\u00eaineres Mar\u00edtimos de e para a Ilha de Man\">Ilha de Man (Douglas)<\/a><\/td><td class=\"column-2\">3718<\/td><td class=\"column-3\">5641<\/td>\n<\/tr>\n<tr class=\"row-19\">\n\t<td class=\"column-1\"><a href=\"https:\/\/moverdb.com\/pt\/container-shipping\/jersey\/\" data-internallinksmanager029f6b8e52c=\"132\" title=\"2022 Taxas de Frete de Cont\u00eaineres Mar\u00edtimos para e de Jersey\">Jersey (St Helier)<\/a><\/td><td class=\"column-2\">3704<\/td><td class=\"column-3\">5620<\/td>\n<\/tr>\n<tr class=\"row-20\">\n\t<td class=\"column-1\"><a href=\"https:\/\/moverdb.com\/pt\/container-shipping\/luxembourg\/\" data-internallinksmanager029f6b8e52c=\"146\" title=\"2026 Tarifas de frete mar\u00edtimo de cont\u00eaineres para e de Luxemburgo\">Luxemburgo (Luxemburgo)<\/a><\/td><td class=\"column-2\">2639<\/td><td class=\"column-3\">4071<\/td>\n<\/tr>\n<tr class=\"row-21\">\n\t<td class=\"column-1\"><a href=\"https:\/\/moverdb.com\/pt\/container-shipping\/malaysia\/\" data-internallinksmanager029f6b8e52c=\"148\" title=\"2026 Tarifas de Frete de Cont\u00eaineres Mar\u00edtimos de e para a Mal\u00e1sia\">Mal\u00e1sia (Porto Kelang)<\/a><\/td><td class=\"column-2\">7354<\/td><td class=\"column-3\">7762<\/td>\n<\/tr>\n<tr class=\"row-22\">\n\t<td class=\"column-1\"><a href=\"https:\/\/moverdb.com\/pt\/container-shipping\/netherlands\/\" data-internallinksmanager029f6b8e52c=\"151\" title=\"2026 Tarifas de frete mar\u00edtimo de cont\u00eaineres para e dos Pa\u00edses Baixos\">Holanda (Roterd\u00e3)<\/a><\/td><td class=\"column-2\">2643<\/td><td class=\"column-3\">4077<\/td>\n<\/tr>\n<tr class=\"row-23\">\n\t<td class=\"column-1\"><a href=\"https:\/\/moverdb.com\/pt\/container-shipping\/philippines\/\" data-internallinksmanager029f6b8e52c=\"156\" title=\"2026 Tarifas de Frete Mar\u00edtimo de Cont\u00eaineres para e das Filipinas\">Filipinas (Manila)<\/a><\/td><td class=\"column-2\">7438<\/td><td class=\"column-3\">7933<\/td>\n<\/tr>\n<tr class=\"row-24\">\n\t<td class=\"column-1\"><a href=\"https:\/\/moverdb.com\/pt\/container-shipping\/russia\/\" data-internallinksmanager029f6b8e52c=\"160\" title=\"2026 Tarifas de Frete Mar\u00edtimo de Cont\u00eaineres para e da R\u00fassia\">R\u00fassia (S\u00e3o Petersburgo)<\/a><\/td><td class=\"column-2\">2087<\/td><td class=\"column-3\">3243<\/td>\n<\/tr>\n<tr class=\"row-25\">\n\t<td class=\"column-1\"><a href=\"https:\/\/moverdb.com\/pt\/container-shipping\/saudi-arabia\/\" data-internallinksmanager029f6b8e52c=\"178\" title=\"2026 Tarifas de Frete de Cont\u00eaineres Mar\u00edtimos de e para a Ar\u00e1bia Saudita\">Ar\u00e1bia Saudita (Jeddah)<\/a><\/td><td class=\"column-2\">4098<\/td><td class=\"column-3\">5198<\/td>\n<\/tr>\n<tr class=\"row-26\">\n\t<td class=\"column-1\"><a href=\"https:\/\/moverdb.com\/pt\/container-shipping\/singapore\/\" data-internallinksmanager029f6b8e52c=\"179\" title=\"2026 Tarifas de Frete de Cont\u00eaineres Mar\u00edtimos de e para Singapura\">Cingapura (Cingapura)<\/a><\/td><td class=\"column-2\">7295<\/td><td class=\"column-3\">7704<\/td>\n<\/tr>\n<tr class=\"row-27\">\n\t<td class=\"column-1\"><a href=\"https:\/\/moverdb.com\/pt\/container-shipping\/south-korea\/\" data-internallinksmanager029f6b8e52c=\"180\" title=\"2026 Tarifas de Frete Mar\u00edtimo de Cont\u00eaineres para e da Cor\u00e9ia do Sul\">Cor\u00e9ia do Sul (Busan)<\/a><\/td><td class=\"column-2\">7295<\/td><td class=\"column-3\">7704<\/td>\n<\/tr>\n<tr class=\"row-28\">\n\t<td class=\"column-1\"><a href=\"https:\/\/moverdb.com\/pt\/container-shipping\/spain\/\" data-internallinksmanager029f6b8e52c=\"182\" title=\"2026 Tarifas de frete mar\u00edtimo de cont\u00eaineres para e da Espanha\">Espanha (Val\u00eancia)<\/a><\/td><td class=\"column-2\">12974<\/td><td class=\"column-3\">17177<\/td>\n<\/tr>\n<tr class=\"row-29\">\n\t<td class=\"column-1\"><a href=\"https:\/\/moverdb.com\/pt\/container-shipping\/taiwan\/\" data-internallinksmanager029f6b8e52c=\"183\" title=\"2026 Tarifas de Frete Mar\u00edtimo de Cont\u00eaineres para e de Taiwan\">Taiwan (Kaohsiung)<\/a><\/td><td class=\"column-2\">6696<\/td><td class=\"column-3\">7077<\/td>\n<\/tr>\n<tr class=\"row-30\">\n\t<td class=\"column-1\"><a href=\"https:\/\/moverdb.com\/pt\/container-shipping\/thailand\/\" data-internallinksmanager029f6b8e52c=\"189\" title=\"2022 Taxas de frete mar\u00edtimo de cont\u00eaineres para e da Tail\u00e2ndia\">Tail\u00e2ndia (Laem Chabang)<\/a><\/td><td class=\"column-2\">7295<\/td><td class=\"column-3\">7933<\/td>\n<\/tr>\n<tr class=\"row-31\">\n\t<td class=\"column-1\"><a href=\"https:\/\/moverdb.com\/pt\/container-shipping\/united-arab-emirates\/\" data-internallinksmanager029f6b8e52c=\"188\" title=\"Tarifas de envio de cont\u00eaineres para e dos Emirados \u00c1rabes Unidos em 2026\">Emirados \u00c1rabes Unidos (Jebel Ali)<\/a><\/td><td class=\"column-2\">4098<\/td><td class=\"column-3\">5198<\/td>\n<\/tr>\n<tr class=\"row-32\">\n\t<td class=\"column-1\"><a href=\"https:\/\/moverdb.com\/pt\/container-shipping\/united-kingdom\/\" data-internallinksmanager029f6b8e52c=\"196\" title=\"Tarifas de transporte de cont\u00eaineres de 2026 de e para o Reino Unido\">Reino Unido (Londres)<\/a><\/td><td class=\"column-2\">2756<\/td><td class=\"column-3\">2774<\/td>\n<\/tr>\n<tr class=\"row-33\">\n\t<td class=\"column-1\"><a href=\"https:\/\/moverdb.com\/pt\/moving-to-the-united-states\/\" data-internallinksmanager029f6b8e52c=\"94\" title=\"Mudando-se para os Estados Unidos? 2026 Custos de Vida e Dicas de Reloca\u00e7\u00e3o\">US<\/a> (<a href=\"https:\/\/moverdb.com\/pt\/moving-to-los-angeles\/\" data-internallinksmanager029f6b8e52c=\"51\" title=\"Est\u00e1 se mudando para Los Angeles? 2026 Dicas de realoca\u00e7\u00e3o e custo de vida em LA\">Los Angeles<\/a>)<\/td><td class=\"column-2\">912<\/td><td class=\"column-3\">1309<\/td>\n<\/tr>\n<tr class=\"row-34\">\n\t<td class=\"column-1\"><a href=\"https:\/\/moverdb.com\/pt\/container-shipping\/united-states\/\" data-internallinksmanager029f6b8e52c=\"87\" title=\"2026 Tarifas de frete mar\u00edtimo de cont\u00eaineres para e dos EUA\">EUA (Nova Iorque)<\/a><\/td><td class=\"column-2\">2624<\/td><td class=\"column-3\">1937<\/td>\n<\/tr>\n<tr class=\"row-35\">\n\t<td class=\"column-1\"><a href=\"https:\/\/moverdb.com\/pt\/container-shipping\/vietnam\/\" data-internallinksmanager029f6b8e52c=\"245\" title=\"2023 Taxas de frete mar\u00edtimo de cont\u00eaineres de e para o Vietn\u00e3\">Vietn\u00e3 (Saigon)<\/a><\/td><td class=\"column-2\">7295<\/td><td class=\"column-3\">7704<\/td>\n<\/tr>\n<\/tbody>\n<\/table>\n<!-- #tablepress-79 from cache -->\n\n\n\n<h2 class=\"wp-block-heading\">Custos de envio de cont\u00eaineres das Ilhas Cayman (George Town)<\/h2>\n\n\n<div class=\"wp-block-image\">\n<figure class=\"aligncenter size-large\"><img loading=\"lazy\" decoding=\"async\" width=\"1024\" height=\"539\" src=\"https:\/\/moverdb.com\/wp-content\/uploads\/Shipping-Container-Costs-from-Cayman-Islands-1024x539.png\" alt=\"Custos de envio de cont\u00eaineres das Ilhas Cayman (George Town)\" class=\"wp-image-4096\" srcset=\"https:\/\/moverdb.com\/wp-content\/uploads\/Shipping-Container-Costs-from-Cayman-Islands-1024x539.png 1024w, https:\/\/moverdb.com\/wp-content\/uploads\/Shipping-Container-Costs-from-Cayman-Islands-300x158.png 300w, https:\/\/moverdb.com\/wp-content\/uploads\/Shipping-Container-Costs-from-Cayman-Islands-1536x809.png 1536w, https:\/\/moverdb.com\/wp-content\/uploads\/Shipping-Container-Costs-from-Cayman-Islands-18x9.png 18w, https:\/\/moverdb.com\/wp-content\/uploads\/Shipping-Container-Costs-from-Cayman-Islands-600x316.png 600w, https:\/\/moverdb.com\/wp-content\/uploads\/Shipping-Container-Costs-from-Cayman-Islands.png 2000w\" sizes=\"auto, (max-width: 1024px) 100vw, 1024px\" \/><\/figure>\n<\/div>\n\n\n<table id=\"tablepress-75\" class=\"tablepress tablepress-id-75\">\n<thead>\n<tr class=\"row-1\">\n\t<th class=\"column-1\">Pa\u00eds de destino (Porto\/Cidade)<\/th><th class=\"column-2\">20FT<\/th><th class=\"column-3\">40FT<\/th>\n<\/tr>\n<\/thead>\n<tbody class=\"row-striping row-hover\">\n<tr class=\"row-2\">\n\t<td class=\"column-1\">Andorra (Andorra la Vella)<\/td><td class=\"column-2\">346<\/td><td class=\"column-3\">355<\/td>\n<\/tr>\n<tr class=\"row-3\">\n\t<td class=\"column-1\"><a href=\"https:\/\/moverdb.com\/pt\/container-shipping\/antigua-and-barbuda\/\" data-internallinksmanager029f6b8e52c=\"92\" title=\"2022 Taxas de embarque de cont\u00eaineres mar\u00edtimos de e para Ant\u00edgua e Barbuda\">Ant\u00edgua e Barbuda (St John's)<\/a><\/td><td class=\"column-2\">600<\/td><td class=\"column-3\">801<\/td>\n<\/tr>\n<tr class=\"row-4\">\n\t<td class=\"column-1\">Argentina (Buenos Aires)<\/td><td class=\"column-2\">928<\/td><td class=\"column-3\">1416<\/td>\n<\/tr>\n<tr class=\"row-5\">\n\t<td class=\"column-1\">Austr\u00e1lia (Sydney)<\/td><td class=\"column-2\">6430<\/td><td class=\"column-3\">8027<\/td>\n<\/tr>\n<tr class=\"row-6\">\n\t<td class=\"column-1\">Brasil (Santos)<\/td><td class=\"column-2\">928<\/td><td class=\"column-3\">1416<\/td>\n<\/tr>\n<tr class=\"row-7\">\n\t<td class=\"column-1\"><a href=\"https:\/\/moverdb.com\/pt\/container-shipping\/canada\/\" data-internallinksmanager029f6b8e52c=\"102\" title=\"2026 Tarifas de frete mar\u00edtimo de cont\u00eaineres para e do Canad\u00e1\">Canad\u00e1 (Toronto)<\/a><\/td><td class=\"column-2\">2331<\/td><td class=\"column-3\">3074<\/td>\n<\/tr>\n<tr class=\"row-8\">\n\t<td class=\"column-1\">Canad\u00e1 (<a href=\"https:\/\/moverdb.com\/pt\/moving-to-canada\/moving-to-vancouver\/\" data-internallinksmanager029f6b8e52c=\"438\" title=\"Est\u00e1 se mudando para Vancouver? 2026 Custo de vida e dicas de realoca\u00e7\u00e3o\">Vancouver<\/a>)<\/td><td class=\"column-2\">2842<\/td><td class=\"column-3\">3664<\/td>\n<\/tr>\n<tr class=\"row-9\">\n\t<td class=\"column-1\">China (Pequim)<\/td><td class=\"column-2\">3737<\/td><td class=\"column-3\">4102<\/td>\n<\/tr>\n<tr class=\"row-10\">\n\t<td class=\"column-1\">China (Xangai)<\/td><td class=\"column-2\">3449<\/td><td class=\"column-3\">4010<\/td>\n<\/tr>\n<tr class=\"row-11\">\n\t<td class=\"column-1\"><a href=\"https:\/\/moverdb.com\/pt\/container-shipping\/colombia\/\" data-internallinksmanager029f6b8e52c=\"106\" title=\"2026 Tarifas de Frete de Cont\u00eaineres Mar\u00edtimos para e da Col\u00f4mbia\">Col\u00f4mbia (Barranquilla)<\/a><\/td><td class=\"column-2\">638<\/td><td class=\"column-3\">870<\/td>\n<\/tr>\n<tr class=\"row-12\">\n\t<td class=\"column-1\">Indon\u00e9sia (Jakarta)<\/td><td class=\"column-2\">6307<\/td><td class=\"column-3\">7267<\/td>\n<\/tr>\n<tr class=\"row-13\">\n\t<td class=\"column-1\">Mal\u00e1sia (Porto Kelang)<\/td><td class=\"column-2\">6307<\/td><td class=\"column-3\">7267<\/td>\n<\/tr>\n<tr class=\"row-14\">\n\t<td class=\"column-1\"><a href=\"https:\/\/moverdb.com\/pt\/container-shipping\/new-zealand\/\" data-internallinksmanager029f6b8e52c=\"163\" title=\"2026 Tarifas de Frete de Cont\u00eaineres Mar\u00edtimos de e para a Nova Zel\u00e2ndia\">Nova Zel\u00e2ndia (Auckland)<\/a><\/td><td class=\"column-2\">6430<\/td><td class=\"column-3\">8027<\/td>\n<\/tr>\n<tr class=\"row-15\">\n\t<td class=\"column-1\"><a href=\"https:\/\/moverdb.com\/pt\/container-shipping\/papua-new-guinea\/\" data-internallinksmanager029f6b8e52c=\"165\" title=\"2026 Tarifas de frete mar\u00edtimo de cont\u00eaineres para e de Papua Nova Guin\u00e9\">Papua Nova Guin\u00e9 (Port Moresby)<\/a><\/td><td class=\"column-2\">6430<\/td><td class=\"column-3\">8027<\/td>\n<\/tr>\n<tr class=\"row-16\">\n\t<td class=\"column-1\">Cingapura (Cingapura)<\/td><td class=\"column-2\">6307<\/td><td class=\"column-3\">7267<\/td>\n<\/tr>\n<tr class=\"row-17\">\n\t<td class=\"column-1\"><a href=\"https:\/\/moverdb.com\/pt\/container-shipping\/south-africa\/\" data-internallinksmanager029f6b8e52c=\"185\" title=\"2026 Tarifas de Frete Mar\u00edtimo de Cont\u00eaineres para e da \u00c1frica do Sul\">\u00c1frica do Sul (Durban)<\/a><\/td><td class=\"column-2\">4806<\/td><td class=\"column-3\">5277<\/td>\n<\/tr>\n<tr class=\"row-18\">\n\t<td class=\"column-1\">EUA (Los Angeles)<\/td><td class=\"column-2\">729<\/td><td class=\"column-3\">905<\/td>\n<\/tr>\n<tr class=\"row-19\">\n\t<td class=\"column-1\">EUA (Nova Iorque)<\/td><td class=\"column-2\">363<\/td><td class=\"column-3\">363<\/td>\n<\/tr>\n<\/tbody>\n<\/table>\n<!-- #tablepress-75 from cache -->\n\n\n\n<h3 class=\"wp-block-heading\">Notas sobre dados:<\/h3>\n\n\n\n<ul class=\"wp-block-list\"><li>Todos os n\u00fameros do $ em d\u00f3lares dos Estados Unidos (USD);<\/li><li>Taxas exatas a partir de meados de 2022;<\/li><li>Os mapas deste artigo foram criados usando <a href=\"https:\/\/www.mapchart.net\" target=\"_blank\" rel=\"noreferrer noopener\">https:\/\/www.mapchart.net<\/a>. Voc\u00ea \u00e9 livre para compartilhar os mapas, desde que voc\u00ea forne\u00e7a um link de atribui\u00e7\u00e3o de volta para <a href=\"https:\/\/moverdb.com\/pt\/\" target=\"_blank\" rel=\"noreferrer noopener\">MoverDB<\/a>;<\/li><li>As taxas acima s\u00e3o apenas estimativas e podem ter mudado desde a publica\u00e7\u00e3o deste artigo (abril de 2022). Elas se baseiam na mais baixa taxa estimada de <a href=\"https:\/\/www.icontainers.com\" target=\"_blank\" rel=\"noreferrer noopener\">https:\/\/www.icontainers.com<\/a> ou <a href=\"https:\/\/www.freightos.com\" target=\"_blank\" rel=\"noreferrer noopener\">https:\/\/www.freightos.com<\/a>;<\/li><li>Para ter uma id\u00e9ia mais precisa do custo para voc\u00ea, por favor use o formul\u00e1rio de or\u00e7amento no topo desta p\u00e1gina;<\/li><li>Consulte tamb\u00e9m nosso guia para <a href=\"https:\/\/moverdb.com\/pt\/transporte-de-conteineres\/\" target=\"_blank\" rel=\"noreferrer noopener\">transporte internacional de cont\u00eaineres<\/a><\/li><\/ul>","protected":false},"excerpt":{"rendered":"<p>The Cayman Islands are an easily-accessible paradise just like the rest of the beautiful countries in the Caribbean. There are, in fact, three Cayman islands that are all decorated with breathtaking beaches, palm trees, and pristine lagoons. This small country is perfect for anyone willing to enjoy their life while still working as the place [&hellip;]<\/p>\n","protected":false},"author":2,"featured_media":4095,"parent":44,"menu_order":0,"comment_status":"open","ping_status":"closed","template":"","meta":{"_genesis_hide_title":false,"_genesis_hide_breadcrumbs":false,"_genesis_hide_singular_image":false,"_genesis_hide_footer_widgets":false,"_genesis_custom_body_class":"","_genesis_custom_post_class":"","_genesis_layout":"","footnotes":""},"class_list":{"0":"post-4126","1":"page","2":"type-page","3":"status-publish","4":"has-post-thumbnail","6":"entry"},"_links":{"self":[{"href":"https:\/\/moverdb.com\/pt\/wp-json\/wp\/v2\/pages\/4126","targetHints":{"allow":["GET"]}}],"collection":[{"href":"https:\/\/moverdb.com\/pt\/wp-json\/wp\/v2\/pages"}],"about":[{"href":"https:\/\/moverdb.com\/pt\/wp-json\/wp\/v2\/types\/page"}],"author":[{"embeddable":true,"href":"https:\/\/moverdb.com\/pt\/wp-json\/wp\/v2\/users\/2"}],"replies":[{"embeddable":true,"href":"https:\/\/moverdb.com\/pt\/wp-json\/wp\/v2\/comments?post=4126"}],"version-history":[{"count":1,"href":"https:\/\/moverdb.com\/pt\/wp-json\/wp\/v2\/pages\/4126\/revisions"}],"predecessor-version":[{"id":4127,"href":"https:\/\/moverdb.com\/pt\/wp-json\/wp\/v2\/pages\/4126\/revisions\/4127"}],"up":[{"embeddable":true,"href":"https:\/\/moverdb.com\/pt\/wp-json\/wp\/v2\/pages\/44"}],"wp:featuredmedia":[{"embeddable":true,"href":"https:\/\/moverdb.com\/pt\/wp-json\/wp\/v2\/media\/4095"}],"wp:attachment":[{"href":"https:\/\/moverdb.com\/pt\/wp-json\/wp\/v2\/media?parent=4126"}],"curies":[{"name":"wp","href":"https:\/\/api.w.org\/{rel}","templated":true}]}}