{"id":3842,"date":"2022-04-06T13:40:09","date_gmt":"2022-04-06T13:40:09","guid":{"rendered":"https:\/\/moverdb.com\/?page_id=3842"},"modified":"2026-01-08T14:47:23","modified_gmt":"2026-01-08T14:47:23","slug":"agentes-de-recolocacao","status":"publish","type":"page","link":"https:\/\/moverdb.com\/pt\/relocation-agents\/","title":{"rendered":"7 Raz\u00f5es Porque voc\u00ea deve usar um agente de realoca\u00e7\u00e3o?"},"content":{"rendered":"<p>Voc\u00ea acaba de se inscrever para uma nova e fant\u00e1stica posi\u00e7\u00e3o em um glamouroso local internacional. Voc\u00ea est\u00e1 ansioso para subir os paus, e mudar para um novo pa\u00eds parece excitante no in\u00edcio, mas uma vez que voc\u00ea perceba exatamente o quanto voc\u00ea tem que fazer para chegar l\u00e1, tudo pode parecer bastante assustador.<\/p>\n<p><img loading=\"lazy\" decoding=\"async\" src=\"https:\/\/moverdb.com\/wp-content\/uploads\/relocation-agent.jpg\" alt=\"\" width=\"1000\" height=\"563\" class=\"aligncenter size-full wp-image-3845\" data-wp-pid=\"3845\" srcset=\"https:\/\/moverdb.com\/wp-content\/uploads\/relocation-agent.jpg 1000w, https:\/\/moverdb.com\/wp-content\/uploads\/relocation-agent-300x169.jpg 300w, https:\/\/moverdb.com\/wp-content\/uploads\/relocation-agent-18x10.jpg 18w, https:\/\/moverdb.com\/wp-content\/uploads\/relocation-agent-600x338.jpg 600w\" sizes=\"auto, (max-width: 1000px) 100vw, 1000px\" \/><\/p>\n<p>Vamos dar uma olhada em algumas das coisas que voc\u00ea pode ter que enfrentar se voc\u00ea estiver se movendo por conta pr\u00f3pria versus usando um <a href=\"https:\/\/www.cornerstonelondon.com\/\" target=\"_blank\" rel=\"noopener\">agente de recoloca\u00e7\u00e3o<\/a>.<\/p>\n<div id=\"ez-toc-container\" class=\"ez-toc-v2_0_82_2 ez-toc-wrap-left counter-hierarchy ez-toc-counter ez-toc-transparent ez-toc-container-direction\">\n<div class=\"ez-toc-title-container\">\n<p class=\"ez-toc-title\" style=\"cursor:inherit\">Se\u00e7\u00f5es<\/p>\n<span class=\"ez-toc-title-toggle\"><a href=\"#\" class=\"ez-toc-pull-right ez-toc-btn ez-toc-btn-xs ez-toc-btn-default ez-toc-toggle\" aria-label=\"Alternar tabela de conte\u00fado\"><span class=\"ez-toc-js-icon-con\"><span class=\"\"><span class=\"eztoc-hide\" style=\"display:none;\">Alternar<\/span><span class=\"ez-toc-icon-toggle-span\"><svg style=\"fill: #999;color:#999\" xmlns=\"http:\/\/www.w3.org\/2000\/svg\" class=\"list-377408\" width=\"20px\" height=\"20px\" viewbox=\"0 0 24 24\" fill=\"none\"><path d=\"M6 6H4v2h2V6zm14 0H8v2h12V6zM4 11h2v2H4v-2zm16 0H8v2h12v-2zM4 16h2v2H4v-2zm16 0H8v2h12v-2z\" fill=\"currentColor\"><\/path><\/svg><svg style=\"fill: #999;color:#999\" class=\"arrow-unsorted-368013\" xmlns=\"http:\/\/www.w3.org\/2000\/svg\" width=\"10px\" height=\"10px\" viewbox=\"0 0 24 24\" version=\"1.2\" baseprofile=\"tiny\"><path d=\"M18.2 9.3l-6.2-6.3-6.2 6.3c-.2.2-.3.4-.3.7s.1.5.3.7c.2.2.4.3.7.3h11c.3 0 .5-.1.7-.3.2-.2.3-.5.3-.7s-.1-.5-.3-.7zM5.8 14.7l6.2 6.3 6.2-6.3c.2-.2.3-.5.3-.7s-.1-.5-.3-.7c-.2-.2-.4-.3-.7-.3h-11c-.3 0-.5.1-.7.3-.2.2-.3.5-.3.7s.1.5.3.7z\"\/><\/svg><\/span><\/span><\/span><\/a><\/span><\/div>\n<nav><ul class='ez-toc-list ez-toc-list-level-1 eztoc-toggle-hide-by-default' ><li class='ez-toc-page-1 ez-toc-heading-level-2'><a class=\"ez-toc-link ez-toc-heading-1\" href=\"https:\/\/moverdb.com\/pt\/relocation-agents\/#1_Do_What_Needs_To_Be_Done\" >1. Fa\u00e7a o que precisa ser feito<\/a><\/li><li class='ez-toc-page-1 ez-toc-heading-level-2'><a class=\"ez-toc-link ez-toc-heading-2\" href=\"https:\/\/moverdb.com\/pt\/relocation-agents\/#2_Shipping_Your_Household_Goods\" >2. Envio de seus bens de uso dom\u00e9stico<\/a><\/li><li class='ez-toc-page-1 ez-toc-heading-level-2'><a class=\"ez-toc-link ez-toc-heading-3\" href=\"https:\/\/moverdb.com\/pt\/relocation-agents\/#3_Where_To_Stay\" >3. Onde Ficar<\/a><\/li><li class='ez-toc-page-1 ez-toc-heading-level-2'><a class=\"ez-toc-link ez-toc-heading-4\" href=\"https:\/\/moverdb.com\/pt\/relocation-agents\/#4_Finding_A_Home\" >4. Encontrando um lar<\/a><\/li><li class='ez-toc-page-1 ez-toc-heading-level-2'><a class=\"ez-toc-link ez-toc-heading-5\" href=\"https:\/\/moverdb.com\/pt\/relocation-agents\/#5_School_Search\" >5. Busca de escolas<\/a><\/li><li class='ez-toc-page-1 ez-toc-heading-level-2'><a class=\"ez-toc-link ez-toc-heading-6\" href=\"https:\/\/moverdb.com\/pt\/relocation-agents\/#6_Pet_Travel\" >6. Viagem de animais de estima\u00e7\u00e3o<\/a><\/li><li class='ez-toc-page-1 ez-toc-heading-level-2'><a class=\"ez-toc-link ez-toc-heading-7\" href=\"https:\/\/moverdb.com\/pt\/relocation-agents\/#7_And_what_else\" >7. E o que mais?<\/a><\/li><li class='ez-toc-page-1 ez-toc-heading-level-2'><a class=\"ez-toc-link ez-toc-heading-8\" href=\"https:\/\/moverdb.com\/pt\/relocation-agents\/#In_conclusion\" >Em conclus\u00e3o<\/a><\/li><\/ul><\/nav><\/div>\n<h2><span class=\"ez-toc-section\" id=\"1_Do_What_Needs_To_Be_Done\"><\/span>1. Fa\u00e7a o que precisa ser feito<span class=\"ez-toc-section-end\"><\/span><\/h2>\n<p>Se voc\u00ea est\u00e1 'indo sozinho', voc\u00ea vai precisar encontrar empresas para cuidar de tudo. O que voc\u00ea precisa fazer, quem vai fazer e como voc\u00ea sabe se elas s\u00e3o de alguma utilidade s\u00e3o as principais perguntas que voc\u00ea ter\u00e1 que responder. <\/p>\n<p>Voc\u00ea poderia passar horas de arrasto atrav\u00e9s de cr\u00edticas na Internet e ainda n\u00e3o estar mais perto de saber se qualquer empresa com a qual voc\u00ea se envolva \u00e9 genuinamente respeit\u00e1vel (h\u00e1 algumas cr\u00edticas falsas por a\u00ed) e realmente conseguir\u00e1 fazer o trabalho. <\/p>\n<p>N\u00e3o apenas isso, voc\u00ea pode nem mesmo estar ciente do que precisa saber e organizar, portanto, perder detalhes aparentemente pequenos pode causar grandes desastres no grande esquema de sua recoloca\u00e7\u00e3o.<\/p>\n<p>Uma vez que voc\u00ea tenha encontrado pessoas para assumir os trabalhos que precisa fazer, voc\u00ea ter\u00e1 ent\u00e3o a dor de cabe\u00e7a de coordenar tudo na hora certa. <\/p>\n<p>Claro, voc\u00ea pode pegar todos os seus bens dom\u00e9sticos na v\u00e9spera do v\u00f4o, mas onde voc\u00ea vai dormir quando suas camas est\u00e3o sentadas em um cont\u00eainer de armazenamento esperando para serem despachadas? <\/p>\n<p>Este \u00e9 apenas um exemplo de como a utiliza\u00e7\u00e3o de um agente de realoca\u00e7\u00e3o poderia realmente ajudar. Eles s\u00e3o profissionais experientes, portanto conhecer\u00e3o todas as armadilhas que voc\u00ea provavelmente enfrentar\u00e1 e ter\u00e3o sido capazes de planejar para eles muito antes mesmo de se tornarem um problema. As coisas correm muito mais suaves quando especialistas est\u00e3o envolvidos!<\/p>\n<p>Um agente de realoca\u00e7\u00e3o ter\u00e1 toda uma s\u00e9rie de contatos controlados e controlados, nos quais eles sabem que podem confiar para garantir que tudo seja feito corretamente. Invariavelmente, eles os ter\u00e3o usado para in\u00fameros movimentos e saber\u00e3o que podem contar com eles para um servi\u00e7o confi\u00e1vel e sem problemas.<\/p>\n<p>Se voc\u00ea estiver usando uma ag\u00eancia de realoca\u00e7\u00e3o, ainda vale a pena acompanhar quais contatos s\u00e3o respons\u00e1veis por cada tarefa s\u00f3 para que voc\u00ea saiba a quem recorrer com uma pergunta. <\/p>\n<p>Fa\u00e7a uma lista ou uma planilha com todos os contatos que voc\u00ea tem, incluindo seus nomes, endere\u00e7os de e-mail, n\u00fameros de telefone e, o mais importante, a parte de sua recoloca\u00e7\u00e3o pela qual eles s\u00e3o respons\u00e1veis.<\/p>\n<p>Vejamos agora alguns dos servi\u00e7os que voc\u00ea pode precisar usar...<\/p>\n<h2><span class=\"ez-toc-section\" id=\"2_Shipping_Your_Household_Goods\"><\/span>2. Envio de seus bens de uso dom\u00e9stico<span class=\"ez-toc-section-end\"><\/span><\/h2>\n<p>Todos v\u00eam com muita bagagem, bem literalmente. Ent\u00e3o, como todas as suas coisas fazem o seu caminho at\u00e9 a sua nova casa?<\/p>\n<p>Se voc\u00ea tiver apenas algumas coisas para levar, roupas e alguns itens pessoais, talvez consiga escapar levando tudo isso como excesso de bagagem ao viajar. <\/p>\n<p>Se for algo maior, como m\u00f3veis ou uma TV maci\u00e7a, voc\u00ea vai precisar usar algum tipo de produto dom\u00e9stico <a href=\"https:\/\/moverdb.com\/pt\/transporte-de-conteineres\/\">servi\u00e7o de remessa<\/a>. <\/p>\n<p>No entanto, de que tipo de servi\u00e7o voc\u00ea precisa? Um embarque a\u00e9reo ser\u00e1 bom ou voc\u00ea vai precisar de um embarque de superf\u00edcie? De que tipo de container voc\u00ea precisar\u00e1, um de 20 p\u00e9s? Um cont\u00eainer de 40 p\u00e9s? Talvez ambos!<\/p>\n<p>Tudo isso parece profundamente assustador, mas \u00e9 a\u00ed que entra um servi\u00e7o de remessa de produtos para o lar (HHG). Seu consultor de realoca\u00e7\u00e3o o colocar\u00e1 em contato com o <a href=\"https:\/\/moverdb.com\/pt\/empresas-de-transporte-maritimo\/\">empresa de transporte de bens dom\u00e9sticos<\/a>. <\/p>\n<p>Tipicamente, o primeiro passo ser\u00e1 organizar uma pesquisa de seus bens dom\u00e9sticos para descobrir exatamente o que <a href=\"https:\/\/moverdb.com\/pt\/shipping-container-sizes-and-dimensions\/\" data-internallinksmanager029f6b8e52c=\"247\" title=\"O guia final para tamanhos e dimens\u00f5es de cont\u00eaineres de embarque\">tamanho do cont\u00eainer<\/a> ou tamanhos que voc\u00ea vai precisar. Eles organizar\u00e3o um dia para empacotar todos os seus itens de um lado e ent\u00e3o, uma vez que voc\u00ea tenha assegurado sua propriedade a longo prazo, eles organizar\u00e3o um dia para lhe entregar seus preciosos bens tamb\u00e9m.<\/p>\n<h2><span class=\"ez-toc-section\" id=\"3_Where_To_Stay\"><\/span>3. Onde Ficar<span class=\"ez-toc-section-end\"><\/span><\/h2>\n<p>Como \u00e9 a melhor pr\u00e1tica visualizar um im\u00f3vel pessoalmente antes de se comprometer com um arrendamento de um ano ou mais, a menos que voc\u00ea tenha estado em uma viagem especial de busca de casa antes de se mudar e v\u00e1 para um im\u00f3vel totalmente mobiliado, voc\u00ea vai precisar de algum lugar para ficar quando chegar pela primeira vez.<\/p>\n<p>Agora, voc\u00ea poderia reservar um hotel, mas se voc\u00ea estiver se mudando com toda sua fam\u00edlia, a menos que voc\u00ea esteja reservado para uma su\u00edte de luxo, as coisas v\u00e3o ficar bastante claustrof\u00f3bicas durante o per\u00edodo m\u00e9dio de 4 ou 5 semanas que vai levar para voc\u00ea se mudar para uma propriedade de longo prazo. Tamb\u00e9m pode n\u00e3o ser a op\u00e7\u00e3o mais econ\u00f4mica.<\/p>\n<p><a href=\"https:\/\/www.airbnb.co.uk\/\" target=\"_blank\" rel=\"noopener\">Airbnb<\/a> tamb\u00e9m poderia ser uma op\u00e7\u00e3o, assim como um apartamento com servi\u00e7o. Ambos t\u00eam a vantagem de lhe dar o tipo de espa\u00e7o e instala\u00e7\u00f5es que podem ser compar\u00e1veis ao que voc\u00ea esperaria em sua pr\u00f3pria casa. <\/p>\n<p>Para aqueles que n\u00e3o conhecem os apartamentos com servi\u00e7o, eles s\u00e3o como que uma bela casa de meio termo entre um hotel e uma propriedade de longo prazo. Voc\u00ea geralmente arranja algu\u00e9m para limpar o apartamento, talvez uma vez por semana. <\/p>\n<p>Eles tamb\u00e9m trocar\u00e3o sua roupa de cama e suas toalhas. Al\u00e9m disso, voc\u00ea ter\u00e1 o benef\u00edcio de ficar em uma casa totalmente mobiliada e equipada com todos os equipamentos e instala\u00e7\u00f5es de cozinha, como TV e internet, que voc\u00ea vai precisar.<\/p>\n<p>No entanto, como em muitas coisas, como voc\u00ea sabe se o apartamento com servi\u00e7o que voc\u00ea vai ficar ser\u00e1 bom? As empresas de realoca\u00e7\u00e3o ter\u00e3o usado seus fornecedores para muitas mudan\u00e7as, ent\u00e3o voc\u00ea sabe que est\u00e1 trabalhando com algu\u00e9m em quem pode confiar, e nove em cada dez vezes dado o relacionamento deles com o provedor de acomoda\u00e7\u00e3o caso surjam problemas, os provedores estar\u00e3o mais motivados para ajudar!<\/p>\n<h2><span class=\"ez-toc-section\" id=\"4_Finding_A_Home\"><\/span>4. Encontrando um lar<span class=\"ez-toc-section-end\"><\/span><\/h2>\n<p><img loading=\"lazy\" decoding=\"async\" width=\"1000\" height=\"665\" src=\"https:\/\/moverdb.com\/wp-content\/uploads\/findding-a-home.jpg\" alt=\"Encontrando um lar\" class=\"aligncenter size-full wp-image-3847\" data-wp-pid=\"3847\" srcset=\"https:\/\/moverdb.com\/wp-content\/uploads\/findding-a-home.jpg 1000w, https:\/\/moverdb.com\/wp-content\/uploads\/findding-a-home-300x200.jpg 300w, https:\/\/moverdb.com\/wp-content\/uploads\/findding-a-home-18x12.jpg 18w, https:\/\/moverdb.com\/wp-content\/uploads\/findding-a-home-600x399.jpg 600w\" sizes=\"auto, (max-width: 1000px) 100vw, 1000px\" \/><\/p>\n<p>Se voc\u00ea est\u00e1 fazendo isso por conta pr\u00f3pria, talvez tenha que fazer uma listagem intermin\u00e1vel em sites como <a href=\"https:\/\/www.rightmove.co.uk\/\" target=\"_blank\" rel=\"noopener\">Rightmove<\/a> e <a href=\"https:\/\/www.zoopla.co.uk\/\" target=\"_blank\" rel=\"noopener\">Zoopla<\/a> apenas para descobrir que todos os bens desapareceram! <\/p>\n<p>Mesmo que voc\u00ea encontre um im\u00f3vel para alugar, voc\u00ea n\u00e3o ter\u00e1 nenhuma orienta\u00e7\u00e3o sobre como tudo deve funcionar para que seja mais f\u00e1cil ser enganado ou cair na armadilha de assinar um contrato de loca\u00e7\u00e3o que n\u00e3o lhe seja favor\u00e1vel. Mesmo que voc\u00ea j\u00e1 tenha alugado em seu pa\u00eds de origem, as regras e normas em outro pa\u00eds n\u00e3o ser\u00e3o necessariamente as mesmas. <\/p>\n<p>Como exemplo, no <a href=\"https:\/\/moverdb.com\/pt\/moving-to-the-uk\/\" data-internallinksmanager029f6b8e52c=\"93\" title=\"Mudando-se para o Reino Unido? 2026 Custos de Vida e Dicas de Reloca\u00e7\u00e3o\">REINO UNIDO<\/a>\u00c9 comum que as propriedades, mesmo as n\u00e3o mobiliadas, tenham uma cozinha totalmente equipada com todos os aparelhos maiores como forno, fog\u00e3o e geladeira, todos fornecidos. <\/p>\n<p>No entanto, em <a href=\"https:\/\/moverdb.com\/pt\/moving-to-germany\/\" data-internallinksmanager029f6b8e52c=\"321\" title=\"Est\u00e1 se mudando para a Alemanha? 2026 Custo de vida e dicas de realoca\u00e7\u00e3o\">Alemanha<\/a>Se voc\u00ea n\u00e3o tiver dinheiro para alugar um im\u00f3vel, talvez tenha que instalar sua pr\u00f3pria cozinha quando se mudar! Na maioria dos pa\u00edses, \u00e9 normal que os agentes verifiquem se voc\u00ea tem condi\u00e7\u00f5es de alugar um im\u00f3vel, mas em <a href=\"https:\/\/moverdb.com\/pt\/moving-to-switzerland\/moving-to-geneva\/\" data-internallinksmanager029f6b8e52c=\"416\" title=\"Est\u00e1 se mudando para Genebra? 2026 Custo de vida e dicas de realoca\u00e7\u00e3o\">Genebra<\/a>No entanto, h\u00e1 limites r\u00edgidos de quanto voc\u00ea pode gastar com o aluguel, dependendo do seu sal\u00e1rio, um sistema que existe para garantir que os inquilinos n\u00e3o estejam alugando abaixo de suas possibilidades e para manter as propriedades mais baratas longe daqueles que podem pagar por elas.<\/p>\n<p>Mais uma vez, \u00e9 aqui que ter um agente de realoca\u00e7\u00e3o que tem consultores locais de Home Search no terreno paga dividendos. Eles conhecer\u00e3o o mercado local e conhecer\u00e3o todas as peculiaridades e nuances que voc\u00ea encontrar\u00e1. <\/p>\n<p>Eles far\u00e3o a pesquisa por voc\u00ea, estabelecer\u00e3o um itiner\u00e1rio para o dia de sua busca domiciliar e depois o acompanhar\u00e3o at\u00e9 cada propriedade. Eles n\u00e3o confiar\u00e3o apenas nos sites de im\u00f3veis para encontrar sua nova casa! <\/p>\n<p>Eles normalmente teriam contatos com os quais j\u00e1 trabalharam antes nas diversas ag\u00eancias locais, e trabalhariam com eles para descobrir quais agentes realmente t\u00eam dispon\u00edveis que funcionam para seu crit\u00e9rio, ou pelo menos \u00e9 o mais pr\u00f3ximo poss\u00edvel do que voc\u00ea est\u00e1 procurando. <\/p>\n<p>Sobre este \u00faltimo ponto, eles v\u00e3o saber se seu or\u00e7amento e seus desejos s\u00e3o realistas e aconselh\u00e1-lo de acordo, ou orient\u00e1-lo para \u00e1reas onde voc\u00ea pode ter uma chance maior de encontrar a propriedade de seus sonhos.<\/p>\n<p>\u00c9 claro que voc\u00ea mesmo pode ir diretamente aos agentes, mas o que voc\u00ea deve lembrar \u00e9 que os agentes trabalham para os locadores e sua prioridade n\u00famero um ser\u00e1 cuidar de seus interesses. Os locadores s\u00e3o, afinal de contas, os que pagam aos agentes. <\/p>\n<p>Por outro lado, os consultores de busca domiciliar trabalham para voc\u00ea e somente para voc\u00ea. Eles n\u00e3o estar\u00e3o interessados em empurr\u00e1-lo para qualquer propriedade em particular, a menos que pensem que ser\u00e1 do seu melhor interesse, principalmente porque nunca recebem comiss\u00e3o. Essencialmente, eles est\u00e3o do seu lado e voc\u00ea pode contar com eles para orient\u00e1-lo na dire\u00e7\u00e3o certa.<\/p>\n<p>Com um consultor de busca domiciliar, voc\u00ea obter\u00e1 ajuda e aconselhamento para apresentar sua oferta e, em seguida, receber\u00e1 assist\u00eancia com tudo o que vier depois, incluindo a revis\u00e3o do contrato de arrendamento para garantir que voc\u00ea n\u00e3o est\u00e1 se inscrevendo em algo que \u00e9 injusto para voc\u00ea. Basicamente, voc\u00ea ter\u00e1 algu\u00e9m a sua disposi\u00e7\u00e3o para ajud\u00e1-lo at\u00e9 que todo o processo esteja conclu\u00eddo e voc\u00ea esteja completamente acomodado!<\/p>\n<h2><span class=\"ez-toc-section\" id=\"5_School_Search\"><\/span>5. Busca de escolas<span class=\"ez-toc-section-end\"><\/span><\/h2>\n<p>Se voc\u00ea tiver crian\u00e7as em idade escolar, um dos principais motivadores da mudan\u00e7a ser\u00e1 sua educa\u00e7\u00e3o. Onde est\u00e3o as boas escolas, como voc\u00ea se aplica e onde quer que voc\u00ea escolha poder\u00e1 atender \u00e0s necessidades espec\u00edficas de seu filho ou de suas crian\u00e7as?<\/p>\n<p>\u00c9 outra dessas coisas que voc\u00ea pode pesquisar on-line at\u00e9 certo ponto, mas sem ter um especialista para interpretar os dados e dar feedback real, \u00e9 totalmente poss\u00edvel chegar a uma conclus\u00e3o completamente errada sobre uma institui\u00e7\u00e3o. <\/p>\n<p>Com a felicidade e o bem-estar potenciais de seu filho em jogo, ter algu\u00e9m que possa orient\u00e1-lo habilmente atrav\u00e9s do processo de escolha e, em seguida, de candidatura \u00e0s escolas \u00e9 certamente inestim\u00e1vel? <\/p>\n<p>Os especialistas em educa\u00e7\u00e3o podem n\u00e3o apenas fornecer uma vis\u00e3o vital, mas tamb\u00e9m apoio para compreender as diferen\u00e7as no curr\u00edculo de pa\u00eds para pa\u00eds, o ethos de certos tipos de educa\u00e7\u00e3o e institui\u00e7\u00f5es, e apoio quando necess\u00e1rio para crian\u00e7as que necessitam de educa\u00e7\u00e3o especializada.<\/p>\n<h2><span class=\"ez-toc-section\" id=\"6_Pet_Travel\"><\/span>6. Viagem de animais de estima\u00e7\u00e3o<span class=\"ez-toc-section-end\"><\/span><\/h2>\n<p><img loading=\"lazy\" decoding=\"async\" width=\"1000\" height=\"667\" src=\"https:\/\/moverdb.com\/wp-content\/uploads\/pet-travel.jpg\" alt=\"Viagem de animais\" class=\"aligncenter size-full wp-image-3848\" data-wp-pid=\"3848\" srcset=\"https:\/\/moverdb.com\/wp-content\/uploads\/pet-travel.jpg 1000w, https:\/\/moverdb.com\/wp-content\/uploads\/pet-travel-300x200.jpg 300w, https:\/\/moverdb.com\/wp-content\/uploads\/pet-travel-18x12.jpg 18w, https:\/\/moverdb.com\/wp-content\/uploads\/pet-travel-600x400.jpg 600w\" sizes=\"auto, (max-width: 1000px) 100vw, 1000px\" \/><\/p>\n<p>Levar os membros da sua fam\u00edlia para o seu novo pa\u00eds tamb\u00e9m \u00e9 uma considera\u00e7\u00e3o. Menos e menos companhias a\u00e9reas hoje em dia permitir\u00e3o que os animais de estima\u00e7\u00e3o viajem na cabine, portanto, cada vez mais voc\u00ea ter\u00e1 que envi\u00e1-los para o por\u00e3o. <\/p>\n<p>Voc\u00ea tamb\u00e9m pode precisar obter vacinas diferentes e a papelada em vigor junto com outras burocracias dependentes do destino, antes que eles possam se mudar para sua nova casa com voc\u00ea. <\/p>\n<p>Mais uma vez, voc\u00ea mesmo pode fazer a pesquisa e se organizar para sua pr\u00f3pria viagem, mas ter uma ag\u00eancia dedicada para lidar com ela lhe dar\u00e1 paz de esp\u00edrito de que seu animal de estima\u00e7\u00e3o chegar\u00e1 com voc\u00ea com seguran\u00e7a. <\/p>\n<p>As empresas de viagem de animais de estima\u00e7\u00e3o s\u00e3o atendidas por amantes dos animais que se certificar\u00e3o de que seu animal de estima\u00e7\u00e3o seja cuidado como se fosse seu pr\u00f3prio animal. Eles o manter\u00e3o atualizado sobre seu progresso e muitas vezes at\u00e9 lhe enviar\u00e3o fotografias de seu animal de estima\u00e7\u00e3o enquanto eles estiverem longe de voc\u00ea, para que voc\u00ea saiba que eles est\u00e3o sendo bem tratados.<\/p>\n<h2><span class=\"ez-toc-section\" id=\"7_And_what_else\"><\/span>7. E o que mais?<span class=\"ez-toc-section-end\"><\/span><\/h2>\n<p>Os aspectos acima s\u00e3o apenas alguns dos principais aspectos de sua mudan\u00e7a que precisar\u00e3o ser organizados. Talvez voc\u00ea tamb\u00e9m precise de ajuda com sua situa\u00e7\u00e3o tribut\u00e1ria ou talvez precise de m\u00f3veis de aluguel para preencher a lacuna entre o in\u00edcio do seu arrendamento e a chegada de seus pr\u00f3prios m\u00f3veis. <\/p>\n<p>Com certeza voc\u00ea vai precisar de apoio imigrat\u00f3rio para resolver seus vistos, autoriza\u00e7\u00f5es de trabalho e registros locais. O conselho ou a indica\u00e7\u00e3o para abrir uma conta banc\u00e1ria tamb\u00e9m ser\u00e1 essencial, para que haja um lugar onde seu sal\u00e1rio possa ser pago e um lugar de onde voc\u00ea possa obter o d\u00e9bito de seu aluguel e contas de servi\u00e7os p\u00fablicos. <\/p>\n<p>Por falar em utilidades, como voc\u00ea as instala em seu novo pa\u00eds, que fornecedores voc\u00ea deve usar e como voc\u00ea consegue os melhores neg\u00f3cios? <\/p>\n<p>Todas estas coisas podem levar a um inc\u00f4modo enorme atr\u00e1s do outro, mas quando se est\u00e1 usando um agente de realoca\u00e7\u00e3o tudo \u00e9 simples. Alguns deles podem at\u00e9 mesmo lhe passar pela cabe\u00e7a, e \u00e9 por isso que um profissional experiente \u00e0 m\u00e3o para cobrir todas as bases \u00e9 inestim\u00e1vel!<\/p>\n<h2><span class=\"ez-toc-section\" id=\"In_conclusion\"><\/span>Em conclus\u00e3o<span class=\"ez-toc-section-end\"><\/span><\/h2>\n<p>Embora seja poss\u00edvel organizar tudo sozinho sem um agente de realoca\u00e7\u00e3o, \u00e9 muito mais estressante, muito mais demorado e muito menos prov\u00e1vel que ocorra sem problemas do que se voc\u00ea usar um agente de realoca\u00e7\u00e3o. Embora muitas vezes pare\u00e7a um grande custo inicial para investir nos servi\u00e7os de uma empresa de reloca\u00e7\u00e3o, voc\u00ea descobrir\u00e1 que ao final da reloca\u00e7\u00e3o voc\u00ea economizar\u00e1 tempo, dinheiro e estresse!<\/p>\n<p>Mudar-se para uma nova casa em uma nova cidade em um novo pa\u00eds, naturalmente causar\u00e1 muita ansiedade at\u00e9 mesmo para a pessoa que j\u00e1 tem experi\u00eancia de mudan\u00e7a, ent\u00e3o tudo que voc\u00ea puder fazer para reduzir, sem mencionar todo o trabalho duro e o tempo que voc\u00ea teria que gastar, vale a pena o dinheiro. <\/p>\n<p>Simplificando, se voc\u00ea quiser que sua realoca\u00e7\u00e3o seja o mais f\u00e1cil poss\u00edvel, uma ag\u00eancia de realoca\u00e7\u00e3o \u00e9 o caminho a seguir!<\/p>\n<p><em>Este artigo foi fornecido pela Cornerstone, uma empresa sediada em Londres <a href=\"https:\/\/www.cornerstonelondon.com\/\" target=\"_blank\" rel=\"noopener\">ag\u00eancia de reloca\u00e7\u00e3o<\/a> ajudando as pessoas que se deslocam em todo o mundo.<\/em><\/p>","protected":false},"excerpt":{"rendered":"<p>You&#8217;ve just signed up for a fantastic new position in a glamourous international location. You&#8217;re looking forward to upping sticks, and moving to a new country seems exciting at first, but once you realise exactly how much you have to do in order to get there, it can all seem quite daunting. Let&#8217;s have a [&hellip;]<\/p>\n","protected":false},"author":1,"featured_media":3845,"parent":0,"menu_order":0,"comment_status":"closed","ping_status":"closed","template":"","meta":{"_genesis_hide_title":false,"_genesis_hide_breadcrumbs":false,"_genesis_hide_singular_image":false,"_genesis_hide_footer_widgets":false,"_genesis_custom_body_class":"","_genesis_custom_post_class":"","_genesis_layout":"","footnotes":""},"class_list":{"0":"post-3842","1":"page","2":"type-page","3":"status-publish","4":"has-post-thumbnail","6":"entry"},"_links":{"self":[{"href":"https:\/\/moverdb.com\/pt\/wp-json\/wp\/v2\/pages\/3842","targetHints":{"allow":["GET"]}}],"collection":[{"href":"https:\/\/moverdb.com\/pt\/wp-json\/wp\/v2\/pages"}],"about":[{"href":"https:\/\/moverdb.com\/pt\/wp-json\/wp\/v2\/types\/page"}],"author":[{"embeddable":true,"href":"https:\/\/moverdb.com\/pt\/wp-json\/wp\/v2\/users\/1"}],"replies":[{"embeddable":true,"href":"https:\/\/moverdb.com\/pt\/wp-json\/wp\/v2\/comments?post=3842"}],"version-history":[{"count":4,"href":"https:\/\/moverdb.com\/pt\/wp-json\/wp\/v2\/pages\/3842\/revisions"}],"predecessor-version":[{"id":3849,"href":"https:\/\/moverdb.com\/pt\/wp-json\/wp\/v2\/pages\/3842\/revisions\/3849"}],"wp:featuredmedia":[{"embeddable":true,"href":"https:\/\/moverdb.com\/pt\/wp-json\/wp\/v2\/media\/3845"}],"wp:attachment":[{"href":"https:\/\/moverdb.com\/pt\/wp-json\/wp\/v2\/media?parent=3842"}],"curies":[{"name":"wp","href":"https:\/\/api.w.org\/{rel}","templated":true}]}}