{"id":384,"date":"2016-05-26T14:06:53","date_gmt":"2016-05-26T14:06:53","guid":{"rendered":"http:\/\/moverdb.com\/?page_id=384"},"modified":"2026-01-08T14:40:17","modified_gmt":"2026-01-08T14:40:17","slug":"criticas","status":"publish","type":"page","link":"https:\/\/moverdb.com\/pt\/reviews\/","title":{"rendered":"MoverDB International Moving Company Reviews &amp; Scores Explained"},"content":{"rendered":"<p>Na MoverDB.com nosso objetivo \u00e9 trazer a voc\u00ea informa\u00e7\u00f5es e revis\u00f5es imparciais sobre os maiores e mais <a href=\"https:\/\/moverdb.com\/pt\/mudancas-empresas\/\">melhores empresas de mudan\u00e7as internacionais<\/a>. Para fazer isso, criamos perfis para cada um dos motoristas.<\/p>\n<p>Cada perfil inclui as seguintes informa\u00e7\u00f5es:<\/p>\n<ol>\n<li> Servi\u00e7os de mudan\u00e7a oferecidos pela empresa.<\/li>\n<li> Perfil da empresa: incluindo hist\u00f3ria, reputa\u00e7\u00e3o e <a href=\"https:\/\/moverdb.com\/pt\/organizacoes-associacoes\/\">organiza\u00e7\u00f5es e filia\u00e7\u00f5es<\/a> juntamente com quaisquer outros fatos interessantes.<\/li>\n<li> Revis\u00f5es de toda a web para ajud\u00e1-lo a escolher um melhor agente de mudan\u00e7as.<\/li>\n<\/ol>\n<p><strong>4. Revis\u00e3o do site explicada<\/strong><\/p>\n<p>Finalmente, o site MoverDB.com tamb\u00e9m inclui uma pontua\u00e7\u00e3o de revis\u00e3o do site para cada agente. Esta \u00e9 uma revis\u00e3o da utilidade do site e <strong>n\u00e3o reflete<\/strong> a qualidade do pr\u00f3prio movedor. Ao inv\u00e9s disso, ele observa as seguintes coisas:<\/p>\n<ol>\n<li> Informa\u00e7\u00f5es de contato claras<\/li>\n<li> Capacidade de obter facilmente uma cota\u00e7\u00e3o<\/li>\n<li> Informa\u00e7\u00f5es claras e \u00fateis no site<\/li>\n<li> Participa\u00e7\u00e3o em organiza\u00e7\u00f5es de mudan\u00e7as internacionais<\/li>\n<li> Revis\u00f5es e testemunhos<\/li>\n<\/ol>\n<p><em>Por favor, use-as por sua pr\u00f3pria conta e risco. A MoverDB.com n\u00e3o se responsabiliza pela exatid\u00e3o das informa\u00e7\u00f5es apresentadas. Al\u00e9m disso, n\u00e3o nos responsabilizamos pelo uso das informa\u00e7\u00f5es e revis\u00f5es deste website quando escolhemos um agente de mudan\u00e7a. N\u00f3s simplesmente oferecemos uma forma de <a href=\"https:\/\/moverdb.com\/pt\/citacoes\/\">comparar mudan\u00e7as com cita\u00e7\u00f5es gratuitas<\/a>.<\/em><\/p>","protected":false},"excerpt":{"rendered":"<p>At MoverDB.com our goal is to bring you unbiased information and reviews of the world&#8217;s biggest and best international moving companies. To do this we&#8217;ve created profiles for each and every mover. Each profile includes the following information: Moving services offered by the company. Company profile: including history, reputation and organizations &#038; affiliations along with [&hellip;]<\/p>\n","protected":false},"author":1,"featured_media":0,"parent":0,"menu_order":0,"comment_status":"closed","ping_status":"closed","template":"","meta":{"_genesis_hide_title":false,"_genesis_hide_breadcrumbs":false,"_genesis_hide_singular_image":false,"_genesis_hide_footer_widgets":false,"_genesis_custom_body_class":"","_genesis_custom_post_class":"","_genesis_layout":"","footnotes":""},"class_list":{"0":"post-384","1":"page","2":"type-page","3":"status-publish","5":"entry"},"_links":{"self":[{"href":"https:\/\/moverdb.com\/pt\/wp-json\/wp\/v2\/pages\/384","targetHints":{"allow":["GET"]}}],"collection":[{"href":"https:\/\/moverdb.com\/pt\/wp-json\/wp\/v2\/pages"}],"about":[{"href":"https:\/\/moverdb.com\/pt\/wp-json\/wp\/v2\/types\/page"}],"author":[{"embeddable":true,"href":"https:\/\/moverdb.com\/pt\/wp-json\/wp\/v2\/users\/1"}],"replies":[{"embeddable":true,"href":"https:\/\/moverdb.com\/pt\/wp-json\/wp\/v2\/comments?post=384"}],"version-history":[{"count":3,"href":"https:\/\/moverdb.com\/pt\/wp-json\/wp\/v2\/pages\/384\/revisions"}],"predecessor-version":[{"id":387,"href":"https:\/\/moverdb.com\/pt\/wp-json\/wp\/v2\/pages\/384\/revisions\/387"}],"wp:attachment":[{"href":"https:\/\/moverdb.com\/pt\/wp-json\/wp\/v2\/media?parent=384"}],"curies":[{"name":"wp","href":"https:\/\/api.w.org\/{rel}","templated":true}]}}