{"id":353,"date":"2016-05-22T20:42:36","date_gmt":"2016-05-22T20:42:36","guid":{"rendered":"http:\/\/moverdb.com\/?page_id=353"},"modified":"2026-01-08T15:20:35","modified_gmt":"2026-01-08T15:20:35","slug":"rim-promover","status":"publish","type":"page","link":"https:\/\/moverdb.com\/pt\/rim-promover\/","title":{"rendered":"RIM International ProMover Certification Explained"},"content":{"rendered":"<p>A certifica\u00e7\u00e3o Internacional ProMover faz parte do programa Registered International Mover (RIM), criado pela <a href=\"https:\/\/moverdb.com\/pt\/amsa\/\">Associa\u00e7\u00e3o Americana de Mudan\u00e7as e Armazenamento<\/a> (<a href=\"https:\/\/moverdb.com\/pt\/amsa\/\" data-internallinksmanager029f6b8e52c=\"5\" title=\"American Moving &amp; Storage Association (AMSA) Explicada\">AMSA<\/a>). <\/p>\n<p>O objetivo \u00e9 auxiliar os clientes que utilizam servi\u00e7os de realoca\u00e7\u00e3o de bens dom\u00e9sticos internacionais e facilitar as escolhas, tornando mais simples a diferencia\u00e7\u00e3o entre as op\u00e7\u00f5es e a busca do fornecedor certo.<\/p>\n<p><strong>Principais fatos sobre a organiza\u00e7\u00e3o:<\/strong><\/p>\n<ol>\n<li> Mais de 200 empresas e mais de 1000 indiv\u00edduos possuem atualmente ou a certifica\u00e7\u00e3o RIM corporativa ou individual.<\/li>\n<li> O Registered International Mover \u00e9 uma das v\u00e1rias certifica\u00e7\u00f5es profissionais para especialistas administrados pela AMSA.<\/li>\n<li> A AMSA \u00e9 a associa\u00e7\u00e3o comercial nacional para a ind\u00fastria americana de mudan\u00e7as e armazenagem. No entanto, a certifica\u00e7\u00e3o tem alcance global e empresas em todo o mundo podem solicitar a certifica\u00e7\u00e3o.<\/li>\n<li> O programa Registered International Mover foi projetado para estabelecer padr\u00f5es universais para <a href=\"https:\/\/moverdb.com\/pt\/moving-companies\/\" data-internallinksmanager029f6b8e52c=\"79\" title=\"As 25 maiores empresas de mudan\u00e7as internacionais on-line\">empresas de mudan\u00e7as internacionais<\/a> e seu pessoal.<\/li>\n<li> As empresas certificadas pela RIM que atendem aos requisitos da ProMover se tornar\u00e3o \"International ProMovers\".<\/li>\n<li> A RIM \u00e9 bastante singular por ter sido criada em 1994 por representantes da <a href=\"https:\/\/moverdb.com\/pt\/hgfaa\/\">HHGFAA<\/a>, NMSA (AMSA), <a href=\"https:\/\/moverdb.com\/pt\/employee-relocation-council\/\" data-internallinksmanager029f6b8e52c=\"83\" title=\"Conselho Mundial de Realoca\u00e7\u00e3o de Empregados (ERC) Explicado\">ERC<\/a>OMNI, <a href=\"https:\/\/moverdb.com\/pt\/fidi-faim\/\">FIDI<\/a> e as 10 principais linhas de furg\u00f5es, uma mistura de compradores e vendedores competitivos.<\/li>\n<p><strong>Perfil de organiza\u00e7\u00e3o da RIM<\/strong><\/p>\n<p>O processo para tornar-se um membro da RIM envolve treinamento rigoroso, verifica\u00e7\u00e3o e testes, focado em se os padr\u00f5es de manuseio de equipamentos est\u00e3o em vigor e se uma empresa tem o recurso para gerenciar uma mudan\u00e7a internacional para um alto padr\u00e3o. <\/p>\n<p>A id\u00e9ia por tr\u00e1s da certifica\u00e7\u00e3o ProMover \u00e9 que ela s\u00f3 \u00e9 dada \u00e0s empresas que possam provar que est\u00e3o cumprindo os mais altos princ\u00edpios \u00e9ticos e pr\u00e1ticas da ind\u00fastria de mudan\u00e7as e armazenamento. <\/p>\n<p>O que torna a certifica\u00e7\u00e3o ProMover diferente \u00e9 que ela oferece uma maneira padronizada e independente para que os clientes diferenciem entre as op\u00e7\u00f5es e escolham uma empresa qualificada para uma mudan\u00e7a internacional, onde quer que esse neg\u00f3cio esteja baseado.<\/p>\n<p><strong>Crit\u00e9rios de ades\u00e3o <\/strong><\/p>\n<ul>\n<li> Pelo menos um ano de experi\u00eancia em servi\u00e7os internacionais de realoca\u00e7\u00e3o de bens dom\u00e9sticos<\/li>\n<li> Filia\u00e7\u00e3o impec\u00e1vel \u00e0 AMSA por pelo menos 18 meses<\/li>\n<li> Ter a autoridade operacional necess\u00e1ria para realizar o neg\u00f3cio legalmente, seja em <a href=\"https:\/\/moverdb.com\/pt\/moving-to-the-united-states\/\" data-internallinksmanager029f6b8e52c=\"94\" title=\"Mudando-se para os Estados Unidos? 2026 Custos de Vida e Dicas de Reloca\u00e7\u00e3o\">US<\/a> ou em outro lugar.<\/li>\n<li> Passar um exame escrito (pessoa f\u00edsica em nome da empresa)<\/li>\n<li> Atendem aos padr\u00f5es RIM para equipamentos, instala\u00e7\u00f5es e documenta\u00e7\u00e3o de seguran\u00e7a - estes s\u00e3o verificados de surpresa nas visitas ao local.<\/li>\n<li> Assine o C\u00f3digo de \u00c9tica Internacional ProMover<\/li>\n<li> Para a re-certifica\u00e7\u00e3o, pelo menos tr\u00eas funcion\u00e1rios devem ser certificados (pessoal de escrit\u00f3rio, embaladores ou tripulantes)<\/li>\n<li> BBB classifica\u00e7\u00e3o de \"C\" ou melhor, para empresas classificadas pelo BBB, em pa\u00edses onde as classifica\u00e7\u00f5es BBB est\u00e3o dispon\u00edveis<\/li>\n<li> Revis\u00e3o pelo pessoal da AMSA de qualquer reclama\u00e7\u00e3o<\/li>\n<li> As refer\u00eancias de parceiros comerciais s\u00e3o essenciais<\/li>\n<\/ul>\n<p><strong>As 10 maiores empresas associadas<\/strong> (por tamanho)<\/p>\n<ol>\n<li> <a href=\"https:\/\/moverdb.com\/pt\/united-van-lines\/\">Linhas de Van United<\/a><\/li>\n<li> <a href=\"https:\/\/moverdb.com\/pt\/atlas-van-lines-internacional\/\">Atlas Van Lines International<\/a><\/li>\n<li> <a href=\"https:\/\/moverdb.com\/pt\/mayflower-transit\/\">Tr\u00e2nsito Mayflower<\/a><\/li>\n<li> <a href=\"https:\/\/moverdb.com\/pt\/linhas-norte-american-van-lines\/\">Linhas de Van da Am\u00e9rica do Norte<\/a><\/li>\n<li> <a href=\"https:\/\/moverdb.com\/pt\/wheaton\/\">Wheaton World Wide Moving<\/a><\/li>\n<li> <a href=\"https:\/\/moverdb.com\/pt\/bekins-van-lines\/\">Bekins Van Lines<\/a><\/li>\n<li> <a href=\"https:\/\/moverdb.com\/pt\/graebel-van-lines\/\">Linhas Graebel Van Lines<\/a><\/li>\n<li> <a href=\"https:\/\/moverdb.com\/pt\/arpin-van-lines\/\">Linhas Arpin Van Lines<\/a><\/li>\n<li> <a href=\"https:\/\/moverdb.com\/pt\/stevens-worldwide-van-lines\/\">Stevens Worldwide Van Lines<\/a><\/li>\n<li> <a href=\"https:\/\/moverdb.com\/pt\/suddath\/\">Suddath<\/a><\/li>\n<li> <a href=\"https:\/\/moverdb.com\/pt\/vip-transportes\/\">Transporte VIP<\/a><\/li>\n<li> <a href=\"https:\/\/moverdb.com\/pt\/amantes-do-havaiano-real\/\">Os Reais Havaianos que se movimentam<\/a><\/li>\n<\/ol>\n<p><strong>Opini\u00f5es sobre a organiza\u00e7\u00e3o<\/strong><\/p>\n<p>Diversas empresas de mudan\u00e7as incluem a certifica\u00e7\u00e3o RIM em seus websites e v\u00e1rios sites de conselhos referem-se a ela como o sinal de uma organiza\u00e7\u00e3o profissional de mudan\u00e7as. Cada site que o inclui faz refer\u00eancia ao rigoroso treinamento e verifica\u00e7\u00e3o que \u00e9 necess\u00e1rio para obter a certifica\u00e7\u00e3o - e para mant\u00ea-la. <\/p>\n<p>Solidez financeira e reputa\u00e7\u00e3o de fornecer um servi\u00e7o de alta qualidade s\u00e3o duas das outras qualidades que est\u00e3o ligadas \u00e0 certifica\u00e7\u00e3o RIM pelas empresas de mudan\u00e7as que a mencionam em seus websites. A maioria faz quest\u00e3o de destacar como a certifica\u00e7\u00e3o requer uma a\u00e7\u00e3o cont\u00ednua - treinamento e educa\u00e7\u00e3o em uma base cont\u00ednua, assim como a possibilidade de passar por visitas aleat\u00f3rias ao site. <\/p>\n<p>Tamb\u00e9m \u00e9 mencionado o fato de que a ades\u00e3o a um rigoroso c\u00f3digo de pr\u00e1tica tamb\u00e9m \u00e9 exigida.<\/p>\n<p>V\u00e1rias empresas de mudan\u00e7as tamb\u00e9m citam a qualifica\u00e7\u00e3o ProMover - isto \u00e9 importante porque \"Esta conquista dar\u00e1 a nossos clientes a garantia de que est\u00e3o lidando com uma empresa leg\u00edtima e profissional e n\u00e3o com um vigarista para roub\u00e1-los\". Tornar-se um ProMover \u00e9 consistente com a longa hist\u00f3ria de nossa empresa de tratar nossos clientes de forma justa e honesta\". <\/p>\n<p>\u00c9 destacado que a qualifica\u00e7\u00e3o permite que uma empresa em movimento exiba o logo \"M\" de capital arrojado que \u00e9 a marca de um ProMover em seus materiais de publicidade e marketing, bem como em seu website.<\/p>\n<p>Como \u00e9 retratada pelas empresas de mudan\u00e7as:<\/p>\n<blockquote><p>A certifica\u00e7\u00e3o da ag\u00eancia estabelece que uma ag\u00eancia tem equipamento, instala\u00e7\u00f5es e pessoal certificado RIM\u00ae suficiente para atender aos padr\u00f5es m\u00ednimos RIM\u00ae. Al\u00e9m disso, exige que um princ\u00edpio ou executivo de gest\u00e3o passe um exame baseado no manual RIM\u00ae e que possua os conhecimentos necess\u00e1rios para conduzir neg\u00f3cios internacionais. Al\u00e9m disso, dentro de um per\u00edodo de tr\u00eas anos ap\u00f3s a certifica\u00e7\u00e3o inicial, um agente certificado RIM\u00ae deve empregar um inspetor, coordenador e pelo menos tr\u00eas empacotadores internacionais certificados pela RIM\u00ae.<\/p><\/blockquote>\n<p> \u2013 <a href=\"http:\/\/www.castinemovers.com\/category\/RIM\/c70\" target=\"_blank\" rel=\"noopener\">Castine Movers<\/a><\/p>\n<blockquote><p>A certifica\u00e7\u00e3o Registered International Mover (RIM) \u00e9 volunt\u00e1ria. Para ser certificada, uma empresa em mudan\u00e7a deve passar por rigorosos treinamentos e testes. A certifica\u00e7\u00e3o garante que o titular tenha conhecimento de todos os aspectos de uma mudan\u00e7a internacional.<\/p><\/blockquote>\n<p> \u2013 <a href=\"http:\/\/www.newworldvanlines.com\/international.html\" target=\"_blank\" rel=\"noopener\">Linhas de Van New World<\/a><\/p>\n<blockquote><p>Para permanecerem certificados, a administra\u00e7\u00e3o e o pessoal, dentro de tr\u00eas anos, devem completar um m\u00ednimo de 15 horas de educa\u00e7\u00e3o e treinamento cont\u00ednuos aprovados pela RIM, e as instala\u00e7\u00f5es e equipamentos da empresa devem ser submetidos a uma reinspec\u00e7\u00e3o a cada tr\u00eas anos. At\u00e9 o momento existem mais de 142 empresas de mudan\u00e7as e armazenagem que completaram a etapa inicial do programa RIM.<\/p><\/blockquote>\n<p> \u2013 <a href=\"http:\/\/www.movingscam.com\/articles\/planning-an-international-move\" target=\"_blank\" rel=\"noopener\">Esquema em movimento<\/a><\/p>\n<blockquote><p>Para obter a certifica\u00e7\u00e3o sob o Programa RIM (Registered International Mover), um movedor deve ser financeiramente s\u00f3lido, ter uma reputa\u00e7\u00e3o de servi\u00e7o de qualidade e concordar com um rigoroso c\u00f3digo de pr\u00e1tica projetado para garantir sua total satisfa\u00e7\u00e3o.<\/p><\/blockquote>\n<p> \u2013 <a href=\"http:\/\/taylorinternational.ca\/international-moving-relocation\" target=\"_blank\" rel=\"noopener\">Taylor International Movers<\/a><\/p>","protected":false},"excerpt":{"rendered":"<p>The International ProMover certification is part of the Registered International Mover (RIM) program created by the American Moving &#038; Storage Association (AMSA). It is aimed to assist customers using international household goods relocation services and is intended to facilitate easier choices, making it simpler to differentiate between the options and find the right mover. Key [&hellip;]<\/p>\n","protected":false},"author":1,"featured_media":0,"parent":0,"menu_order":0,"comment_status":"closed","ping_status":"closed","template":"","meta":{"_genesis_hide_title":false,"_genesis_hide_breadcrumbs":false,"_genesis_hide_singular_image":false,"_genesis_hide_footer_widgets":false,"_genesis_custom_body_class":"","_genesis_custom_post_class":"","_genesis_layout":"","footnotes":""},"class_list":{"0":"post-353","1":"page","2":"type-page","3":"status-publish","5":"entry"},"_links":{"self":[{"href":"https:\/\/moverdb.com\/pt\/wp-json\/wp\/v2\/pages\/353","targetHints":{"allow":["GET"]}}],"collection":[{"href":"https:\/\/moverdb.com\/pt\/wp-json\/wp\/v2\/pages"}],"about":[{"href":"https:\/\/moverdb.com\/pt\/wp-json\/wp\/v2\/types\/page"}],"author":[{"embeddable":true,"href":"https:\/\/moverdb.com\/pt\/wp-json\/wp\/v2\/users\/1"}],"replies":[{"embeddable":true,"href":"https:\/\/moverdb.com\/pt\/wp-json\/wp\/v2\/comments?post=353"}],"version-history":[{"count":22,"href":"https:\/\/moverdb.com\/pt\/wp-json\/wp\/v2\/pages\/353\/revisions"}],"predecessor-version":[{"id":6232,"href":"https:\/\/moverdb.com\/pt\/wp-json\/wp\/v2\/pages\/353\/revisions\/6232"}],"wp:attachment":[{"href":"https:\/\/moverdb.com\/pt\/wp-json\/wp\/v2\/media?parent=353"}],"curies":[{"name":"wp","href":"https:\/\/api.w.org\/{rel}","templated":true}]}}