{"id":350,"date":"2016-05-22T20:57:46","date_gmt":"2016-05-22T20:57:46","guid":{"rendered":"http:\/\/moverdb.com\/?page_id=350"},"modified":"2026-01-08T15:20:55","modified_gmt":"2026-01-08T15:20:55","slug":"shore-porters-society","status":"publish","type":"page","link":"https:\/\/moverdb.com\/pt\/shore-porters-society\/","title":{"rendered":"The Shore Porters Society International Moving &amp; Removals Reviews"},"content":{"rendered":"<p>A Shore Porters Society oferece os seguintes servi\u00e7os para pessoas que se deslocam para o exterior, regional e localmente. H\u00e1 tamb\u00e9m um perfil da empresa e revis\u00f5es de servi\u00e7os para examinar.<\/p>\n<p><strong>Mudan\u00e7as Corporativas e Pessoais no Exterior<\/strong><\/p>\n<ul>\n<li> Pesquisa Pr\u00e9-Move<\/li>\n<li> Servi\u00e7o porta a porta<\/li>\n<li> Frete mar\u00edtimo ou a\u00e9reo<\/li>\n<li> V\u00e1rias op\u00e7\u00f5es de embalagem<\/li>\n<li> Op\u00e7\u00f5es de armazenamento<\/li>\n<li> Assist\u00eancia com documenta\u00e7\u00e3o para o pa\u00eds de destino<\/li>\n<li> Conhecimento profundo das regras e regulamentos do pa\u00eds de destino<\/li>\n<li> Equipamento de TI desconectado e reconectado no destino<\/li>\n<li> Seguros<\/li>\n<\/ul>\n<p><strong>Belas Artes e Antiguidades<\/strong><\/p>\n<ul>\n<li> Conhecimento especializado em embalagem e expedi\u00e7\u00e3o<\/li>\n<li> Acompanhar os clientes na compra de viagens para garantir a embalagem correta<\/li>\n<li> Aconselhamento sobre documenta\u00e7\u00e3o<\/li>\n<li> Desembara\u00e7o aduaneiro no pa\u00eds de destino<\/li>\n<\/ul>\n<p><strong>Armazenamento<\/strong><\/p>\n<ul>\n<li> Armazenagem de cont\u00eaineres<\/li>\n<li> Armazenagem convencional<\/li>\n<li> Armazenagem comercial<\/li>\n<li> Armazenamento de arquivos<\/li>\n<li> Fechadura 'n' Sa\u00edda - acesso livre durante o hor\u00e1rio de expediente<\/li>\n<li> Aluguel de caixas<\/li>\n<li> Armazenamento de paletes<\/li>\n<\/ul>\n<p><strong>Mudan\u00e7as locais<\/strong><\/p>\n<ul>\n<li> Servi\u00e7o porta a porta<\/li>\n<li> V\u00e1rias op\u00e7\u00f5es de embalagem<\/li>\n<li> Seguro organizado<\/li>\n<\/ul>\n<h2>Perfil da The Shore Porters Society Company<\/h2>\n<p>A Shore Porters Society foi fundada em 1498, h\u00e1 mais de 500 anos. Eles se orgulham de ser a empresa de transporte mais antiga do mundo, sendo suas origens uma cooperativa de porteiros que exerciam seu com\u00e9rcio no porto de Aberdeen. <\/p>\n<p>A empresa esteve sob os ausp\u00edcios do Conselho Municipal de Aberdeen at\u00e9 meados do s\u00e9culo XIX. Atualmente \u00e9 uma parceria privada com transporte, mudan\u00e7as, propriedade e armazenagem entre seus servi\u00e7os.<\/p>\n<p>A empresa tem uma frota de 30 caminh\u00f5es e vans que operam a partir de Aberdeen e Richmond no Tamisa e 11 armaz\u00e9ns ao redor do <a href=\"https:\/\/moverdb.com\/pt\/moving-to-the-uk\/\" data-internallinksmanager029f6b8e52c=\"93\" title=\"Mudando-se para o Reino Unido? 2026 Custos de Vida e Dicas de Reloca\u00e7\u00e3o\">REINO UNIDO<\/a>. <\/p>\n<p>A empresa tem um bom relacionamento com as principais casas de leil\u00f5es do mundo e se orgulha de sua experi\u00eancia quando se trata de envio de belas artes e antiguidades.<\/p>\n<p>Abaixo est\u00e1 uma lista de credenciamentos e afilia\u00e7\u00f5es da The Shore Porters Society:<\/p>\n<ul>\n<li> <a href=\"https:\/\/moverdb.com\/pt\/british-association-of-removers\/\">A Associa\u00e7\u00e3o Brit\u00e2nica de Removedores (BAR)<\/a><\/li>\n<li> Financeiramente vinculado a <a href=\"https:\/\/moverdb.com\/pt\/bar-overseas\/\">Grupo BAR Overseas<\/a><\/li>\n<li> <a href=\"https:\/\/moverdb.com\/pt\/fidi-faim\/\">FIDI<\/a><\/li>\n<li> <a href=\"https:\/\/moverdb.com\/pt\/iam\/\">A Associa\u00e7\u00e3o Internacional de Movers (IAM)<\/a><\/li>\n<li> Certifica\u00e7\u00e3o de Sistema de Qualidade ISO9001<\/li>\n<li> <a href=\"https:\/\/moverdb.com\/pt\/freight-transport-association\/\">Membro do TLC<\/a><\/li>\n<\/ul>\n<h2>The Shore Porters Society Reviews<\/h2>\n<p>Por favor, note que n\u00e3o houve novas revis\u00f5es para a The Shore Porters Society publicadas on-line nos \u00faltimos 12 meses.<\/p>\n<div itemprop=\"review\" itemscope itemtype=\"http:\/\/schema.org\/Review\">\n<span itemprop=\"author\" itemscope=\"\" itemtype=\"http:\/\/schema.org\/Organization\"><span itemprop=\"name\">MoverDB.com<\/span><\/span> Revis\u00e3o do site on-line para <span itemprop=\"itemreviewed\" itemscope=\"\" itemtype=\"http:\/\/schema.org\/Brand\"><span itemprop=\"name\">The Shore Porters Society<\/span><\/span>:<\/p>\n<ol>\n<li> Detalhes claros de contato no website (incluindo n\u00famero de telefone): <strong>Sim<\/strong><\/li>\n<li> F\u00e1cil de obter <a href=\"https:\/\/moverdb.com\/pt\/citacoes\/\">cita\u00e7\u00f5es de mudan\u00e7as internacionais<\/a>? (Formul\u00e1rio de solicita\u00e7\u00e3o de or\u00e7amento on-line): <strong>Sim<\/strong><\/li>\n<li> Informa\u00e7\u00f5es claras no site: <strong>Parcial<\/strong>. O site cont\u00e9m informa\u00e7\u00f5es vagas, as quais s\u00e3o solicitadas para entrar em contato com a empresa para obter mais detalhes.<\/li>\n<li> Participa\u00e7\u00e3o em organiza\u00e7\u00f5es internacionais de mudan\u00e7as reconhecidas internacionalmente: <strong>Sim<\/strong>ver acima.<\/li>\n<li> Lista de clientes e\/ou depoimentos de clientes anteriores: <strong>N\u00e3o.<\/strong><\/li>\n<\/ol>\n<div itemprop=\"reviewRating\" itemscope itemtype=\"http:\/\/schema.org\/Rating\"><meta itemprop=\"worstRating\" content = \"0\" \/><meta itemprop=\"bestRating\" content=\"5\" \/><meta itemprop=\"ratingValue\" content=\"4\"><\/div>\n<p><strong>Nota geral: 4\/5<\/strong><br \/>\n<strong>Data de revis\u00e3o:<\/strong> <span itemprop=\"datePublished\" content=\"2016-05-22\">22\/05\/2016<\/span><\/p>\n<\/div>\n<p>Mais sobre <a href=\"https:\/\/moverdb.com\/pt\/remocoes-internacionais\/\">Empresas de mudan\u00e7as do Reino Unido<\/a> e nosso <a href=\"https:\/\/moverdb.com\/pt\/criticas\/\">processo de revis\u00e3o explicado<\/a>.<\/p>\n<p><strong>Website:<\/strong> <a href=\"https:\/\/www.shoreporters.com\/\" target=\"_blank\" rel=\"noopener\">https:\/\/www.shoreporters.com<\/a><\/p>","protected":false},"excerpt":{"rendered":"<p>The Shore Porters Society offers the following services for people moving abroad, regionally and locally. There is also a company profile and service reviews to peruse. Corporate and Personal Moves Abroad Pre-Move survey Door to door service Ocean or Air Freight Various packing options Storage options Assistance with documentation for destination country In depth knowledge [&hellip;]<\/p>\n","protected":false},"author":1,"featured_media":0,"parent":0,"menu_order":0,"comment_status":"closed","ping_status":"closed","template":"","meta":{"_genesis_hide_title":false,"_genesis_hide_breadcrumbs":false,"_genesis_hide_singular_image":false,"_genesis_hide_footer_widgets":false,"_genesis_custom_body_class":"","_genesis_custom_post_class":"","_genesis_layout":"","footnotes":""},"class_list":{"0":"post-350","1":"page","2":"type-page","3":"status-publish","5":"entry"},"_links":{"self":[{"href":"https:\/\/moverdb.com\/pt\/wp-json\/wp\/v2\/pages\/350","targetHints":{"allow":["GET"]}}],"collection":[{"href":"https:\/\/moverdb.com\/pt\/wp-json\/wp\/v2\/pages"}],"about":[{"href":"https:\/\/moverdb.com\/pt\/wp-json\/wp\/v2\/types\/page"}],"author":[{"embeddable":true,"href":"https:\/\/moverdb.com\/pt\/wp-json\/wp\/v2\/users\/1"}],"replies":[{"embeddable":true,"href":"https:\/\/moverdb.com\/pt\/wp-json\/wp\/v2\/comments?post=350"}],"version-history":[{"count":12,"href":"https:\/\/moverdb.com\/pt\/wp-json\/wp\/v2\/pages\/350\/revisions"}],"predecessor-version":[{"id":6246,"href":"https:\/\/moverdb.com\/pt\/wp-json\/wp\/v2\/pages\/350\/revisions\/6246"}],"wp:attachment":[{"href":"https:\/\/moverdb.com\/pt\/wp-json\/wp\/v2\/media?parent=350"}],"curies":[{"name":"wp","href":"https:\/\/api.w.org\/{rel}","templated":true}]}}