{"id":349,"date":"2016-05-22T20:51:02","date_gmt":"2016-05-22T20:51:02","guid":{"rendered":"http:\/\/moverdb.com\/?page_id=349"},"modified":"2026-01-08T15:20:48","modified_gmt":"2026-01-08T15:20:48","slug":"deslocamentos-de-equipes","status":"publish","type":"page","link":"https:\/\/moverdb.com\/pt\/team-relocations\/","title":{"rendered":"Equipe de Mudan\u00e7as e Mudan\u00e7as Internacionais Revis\u00f5es"},"content":{"rendered":"<p>A Team Relocations oferece os seguintes servi\u00e7os de mudan\u00e7a para indiv\u00edduos e empresas que mudam pessoal ou escrit\u00f3rios inteiros no exterior. Leia abaixo o perfil da empresa da Team Locations e as revis\u00f5es.<\/p>\n<p><strong>Movimentos pessoais e corporativos<\/strong><\/p>\n<ul>\n<li> Servi\u00e7o de consultoria que oferece solu\u00e7\u00f5es individuais para mudan\u00e7as<\/li>\n<li> Gest\u00e3o estrat\u00e9gica de reloca\u00e7\u00e3o<\/li>\n<li> Tecnologia avan\u00e7ada de WebZone<\/li>\n<li> Embalagem e envio<\/li>\n<li> Seguro organizado<\/li>\n<\/ul>\n<p><strong>Servi\u00e7os imobili\u00e1rios<\/strong><\/p>\n<ul>\n<li> Busca de in\u00edcio<\/li>\n<li> Negocia\u00e7\u00f5es e renova\u00e7\u00f5es de arrendamento<\/li>\n<li> Check-in\/out do invent\u00e1rio<\/li>\n<li> Aluguel de m\u00f3veis e eletrodom\u00e9sticos<\/li>\n<li> Alojamento tempor\u00e1rio<\/li>\n<li> Programas de partida<\/li>\n<li> Gerenciamento de vendas de casas<\/li>\n<li> Gest\u00e3o de propriedades <\/li>\n<li> Programa de venda de casa garantida<\/li>\n<\/ul>\n<p><strong>Instalando-se em<\/strong><\/p>\n<ul>\n<li> Orienta\u00e7\u00e3o<\/li>\n<li> Informa\u00e7\u00f5es sobre o destino<\/li>\n<li> Briefings Culturais<\/li>\n<li> Treinamento em idiomas<\/li>\n<li> Gerenciamento de Mudan\u00e7as<\/li>\n<li> Servi\u00e7os de artes\u00e3os\/m\u00e9dicos<\/li>\n<\/ul>\n<p><strong>Programas familiares<\/strong><\/p>\n<ul>\n<li> Pesquisa e registro em educa\u00e7\u00e3o<\/li>\n<li> Realoca\u00e7\u00e3o de animais<\/li>\n<li> Apoio de parceiros<\/li>\n<\/ul>\n<p><strong>Servi\u00e7os de armazenagem<\/strong><\/p>\n<ul>\n<li> Armazenagem especializada<\/li>\n<li> Arquivo e armazenamento de documentos<\/li>\n<li> Armazenagem tradicional<\/li>\n<\/ul>\n<p><strong>Servi\u00e7os especializados<\/strong><\/p>\n<ul>\n<li> Mudan\u00e7as globais para o expedidor privado<\/li>\n<li> Mudan\u00e7as e relocaliza\u00e7\u00f5es comerciais e de escrit\u00f3rios<\/li>\n<li> Mudan\u00e7a hospitalar<\/li>\n<li> Armazenamento dom\u00e9stico<\/li>\n<li> Armazenamento de documentos e arquivos<\/li>\n<\/ul>\n<p><strong>Servi\u00e7os adicionais<\/strong><\/p>\n<ul>\n<li> Elevadores de escada para acesso dif\u00edcil<\/li>\n<li> Belas artes e embalagem de antiguidades<\/li>\n<li> Servi\u00e7os de eletricista, incluindo<\/li>\n<li> Troca de plugues para acomodar tomadas locais<\/li>\n<li> Recabeamento de l\u00e2mpadas e aparelhos<\/li>\n<li> Provis\u00e3o de transformadores<\/li>\n<li> Faz-tudo<\/li>\n<li> Servi\u00e7o de camareira<\/li>\n<li> Afina\u00e7\u00e3o de pianos<\/li>\n<li> Instala\u00e7\u00e3o\/remo\u00e7\u00e3o de antena parab\u00f3lica<\/li>\n<li> Equipes de limpeza<\/li>\n<li> Coleta no escrit\u00f3rio<\/li>\n<li> Caixas caritativas<\/li>\n<li> <a href=\"https:\/\/moverdb.com\/pt\/transporte-de-carro-transporte-embarque\/\">Envio de ve\u00edculos<\/a> e armazenamento<\/li>\n<\/ul>\n<h2>Perfil da empresa de reloca\u00e7\u00e3o da equipe<\/h2>\n<p>Team Relocation foi fundada em 1977 e \u00e9 hoje uma das maiores deslocaliza\u00e7\u00f5es e <a href=\"https:\/\/moverdb.com\/pt\/international-removals\/\" data-internallinksmanager029f6b8e52c=\"27\" title=\"36 melhores empresas de mudan\u00e7as internacionais no Reino Unido\">empresas de mudan\u00e7as<\/a> no mundo. A Team Location tem escrit\u00f3rios em 13 pa\u00edses e muitos indiv\u00edduos proeminentes, empresas multinacionais e ag\u00eancias governamentais usam a empresa para o pessoal e a mudan\u00e7a da empresa para o exterior e para a regi\u00e3o. <\/p>\n<p>A recoloca\u00e7\u00e3o da equipe trabalhar\u00e1 somente com parceiros que compartilham os mesmos valores centrais que eles; estes incluem excel\u00eancia, integridade, responsabilidade e seguran\u00e7a. A empresa se concentra na reloca\u00e7\u00e3o, mudan\u00e7a e servi\u00e7os especializados. <\/p>\n<p>A empresa tamb\u00e9m acredita fortemente nos direitos humanos internacionais e ap\u00f3ia muitas institui\u00e7\u00f5es de caridade ao redor do mundo.<\/p>\n<p>As credencia\u00e7\u00f5es e afilia\u00e7\u00f5es da equipe est\u00e3o listadas abaixo:<\/p>\n<ul>\n<li> <a href=\"https:\/\/moverdb.com\/pt\/british-association-of-removers\/\">A Associa\u00e7\u00e3o Brit\u00e2nica de Removedores (BAR)<\/a><\/li>\n<li> DBA<\/li>\n<li> O <a href=\"https:\/\/moverdb.com\/pt\/mtc\/\">Clube de Negocia\u00e7\u00e3o Movers<\/a> (<a href=\"https:\/\/moverdb.com\/pt\/mtc\/\" data-internallinksmanager029f6b8e52c=\"30\" title=\"Movers Trading Club (MTC) Explicado\">MTC<\/a>)<\/li>\n<li> <a href=\"https:\/\/moverdb.com\/pt\/fidi-faim\/\">FAIM<\/a><\/li>\n<li> <a href=\"https:\/\/moverdb.com\/pt\/fidi-faim\/\">FIDI<\/a><\/li>\n<li> A Associa\u00e7\u00e3o Mundial da Mobilidade <\/li>\n<li> <a href=\"https:\/\/moverdb.com\/pt\/iam\/\">Associa\u00e7\u00e3o Internacional de Remotores (IAM)<\/a><\/li>\n<li> OMNI<\/li>\n<\/ul>\n<h2>Revis\u00f5es de realoca\u00e7\u00e3o de equipes<\/h2>\n<p><em>No momento, n\u00e3o foi poss\u00edvel encontrar nenhuma revis\u00e3o para as transfer\u00eancias de equipes postadas em qualquer outro lugar online.<\/em><\/p>\n<div itemprop=\"review\" itemscope itemtype=\"http:\/\/schema.org\/Review\">\n<span itemprop=\"author\" itemscope=\"\" itemtype=\"http:\/\/schema.org\/Organization\"><span itemprop=\"name\">MoverDB.com<\/span><\/span> Revis\u00e3o do site on-line para <span itemprop=\"itemreviewed\" itemscope=\"\" itemtype=\"http:\/\/schema.org\/Brand\"><span itemprop=\"name\">Mudan\u00e7as de equipe<\/span><\/span>:<\/p>\n<ol>\n<li> Detalhes claros de contato no website (incluindo n\u00famero de telefone): <strong>Sim<\/strong><\/li>\n<li> F\u00e1cil de obter <a href=\"https:\/\/moverdb.com\/pt\/citacoes\/\">cita\u00e7\u00f5es de mudan\u00e7as internacionais<\/a>? (Formul\u00e1rio de solicita\u00e7\u00e3o de or\u00e7amento on-line): <strong>Sim<\/strong><\/li>\n<li> Informa\u00e7\u00f5es claras no site: <strong>Sim<\/strong>. Um site informativo, mas informa\u00e7\u00f5es detalhadas precisam ser procuradas diretamente da empresa.<\/li>\n<li> Participa\u00e7\u00e3o em organiza\u00e7\u00f5es internacionais de mudan\u00e7as reconhecidas internacionalmente: <strong>Sim<\/strong>ver acima.<\/li>\n<li> Lista de clientes e\/ou depoimentos de clientes anteriores: <strong>N\u00e3o.<\/strong><\/li>\n<\/ol>\n<div itemprop=\"reviewRating\" itemscope itemtype=\"http:\/\/schema.org\/Rating\"><meta itemprop=\"worstRating\" content = \"0\" \/><meta itemprop=\"bestRating\" content=\"5\" \/><meta itemprop=\"ratingValue\" content=\"4\"><\/div>\n<p><strong>Nota geral: 4\/5<\/strong><br \/>\n<strong>Data de revis\u00e3o:<\/strong> <span itemprop=\"datePublished\" content=\"2016-05-22\">22\/05\/2016<\/span><\/p>\n<\/div>\n<p>Mais sobre <a href=\"https:\/\/moverdb.com\/pt\/mudancas-empresas\/\">empresas de mudan\u00e7as internacionais<\/a> e nosso <a href=\"https:\/\/moverdb.com\/pt\/criticas\/\">processo de revis\u00e3o explicado<\/a>.<\/p>\n<p><strong>Website:<\/strong> <a href=\"http:\/\/www.teamrelocations.com\/\" target=\"_blank\" rel=\"noopener\">http:\/\/www.teamrelocations.com<\/a><\/p>","protected":false},"excerpt":{"rendered":"<p>Team Relocations offers the following moving services for individuals and corporates moving personnel or whole offices abroad. Read Team Locations&#8217; company profile and reviews below. Personal and Corporate Moves Consultancy service offering individual solutions to moving Strategic relocation management Advanced webZone technology Packing and shipping Insurance arranged Property Services Home Search Tenancy Negotiations &#038; Renewals [&hellip;]<\/p>\n","protected":false},"author":1,"featured_media":0,"parent":0,"menu_order":0,"comment_status":"closed","ping_status":"closed","template":"","meta":{"_genesis_hide_title":false,"_genesis_hide_breadcrumbs":false,"_genesis_hide_singular_image":false,"_genesis_hide_footer_widgets":false,"_genesis_custom_body_class":"","_genesis_custom_post_class":"","_genesis_layout":"","footnotes":""},"class_list":{"0":"post-349","1":"page","2":"type-page","3":"status-publish","5":"entry"},"_links":{"self":[{"href":"https:\/\/moverdb.com\/pt\/wp-json\/wp\/v2\/pages\/349","targetHints":{"allow":["GET"]}}],"collection":[{"href":"https:\/\/moverdb.com\/pt\/wp-json\/wp\/v2\/pages"}],"about":[{"href":"https:\/\/moverdb.com\/pt\/wp-json\/wp\/v2\/types\/page"}],"author":[{"embeddable":true,"href":"https:\/\/moverdb.com\/pt\/wp-json\/wp\/v2\/users\/1"}],"replies":[{"embeddable":true,"href":"https:\/\/moverdb.com\/pt\/wp-json\/wp\/v2\/comments?post=349"}],"version-history":[{"count":12,"href":"https:\/\/moverdb.com\/pt\/wp-json\/wp\/v2\/pages\/349\/revisions"}],"predecessor-version":[{"id":6243,"href":"https:\/\/moverdb.com\/pt\/wp-json\/wp\/v2\/pages\/349\/revisions\/6243"}],"wp:attachment":[{"href":"https:\/\/moverdb.com\/pt\/wp-json\/wp\/v2\/media?parent=349"}],"curies":[{"name":"wp","href":"https:\/\/api.w.org\/{rel}","templated":true}]}}