{"id":348,"date":"2016-05-22T19:54:24","date_gmt":"2016-05-22T19:54:24","guid":{"rendered":"http:\/\/moverdb.com\/?page_id=348"},"modified":"2026-01-08T15:20:45","modified_gmt":"2026-01-08T15:20:45","slug":"sterling-relocation","status":"publish","type":"page","link":"https:\/\/moverdb.com\/pt\/sterling-relocation\/","title":{"rendered":"Sterling Relocation International Mudan\u00e7as &amp; Mudan\u00e7as Revis\u00f5es"},"content":{"rendered":"<p>A Sterling oferece aos empregadores internacionais uma maneira f\u00e1cil de realocar seu pessoal em todo o mundo. Seus servi\u00e7os est\u00e3o listados abaixo, juntamente com an\u00e1lises de clientes e um perfil da empresa.<\/p>\n<p><strong>Servi\u00e7os de reloca\u00e7\u00e3o<\/strong><\/p>\n<ul>\n<li> Gest\u00e3o de Atribui\u00e7\u00e3o<\/li>\n<li> Treinamento de cultura cruzada<\/li>\n<li> Servi\u00e7os de partida<\/li>\n<li> Assist\u00eancia Educacional<\/li>\n<li> Gest\u00e3o de despesas<\/li>\n<li> Aluguel de M\u00f3veis<\/li>\n<li> Venda de casa garantida<\/li>\n<li> Servi\u00e7o de busca em casa<\/li>\n<li> Imigra\u00e7\u00e3o, vistos e autoriza\u00e7\u00f5es de trabalho<\/li>\n<li> Treinamento em idiomas<\/li>\n<li> Gerenciamento de Mudan\u00e7as<\/li>\n<li> Servi\u00e7os de mudan\u00e7a<\/li>\n<li> Orienta\u00e7\u00e3o<\/li>\n<li> Assist\u00eancia a parceiros<\/li>\n<li> Consulta Pol\u00edtica<\/li>\n<li> Gest\u00e3o de propriedades<\/li>\n<li> Servi\u00e7os de assentamento<\/li>\n<li> Acomoda\u00e7\u00e3o de curto prazo<\/li>\n<li> Armazenamento<\/li>\n<li> Administra\u00e7\u00e3o do inquilinato<\/li>\n<li> Cobertura de tr\u00e2nsito<\/li>\n<\/ul>\n<h2>Perfil da Sterling Relocation Company<\/h2>\n<p>A Sterling Relocation foi fundada em 1991 com o objetivo de ser o principal fornecedor de servi\u00e7os de reloca\u00e7\u00e3o global para o mundo corporativo. \u00c9 propriedade da UniGroup, uma empresa de $1,7 bilh\u00f5es que vem realocando pessoas h\u00e1 mais de 80 anos. <\/p>\n<p>A Rede de Reloca\u00e7\u00e3o UniGroup opera em mais de 180 pa\u00edses, atrav\u00e9s de 1200 centros de servi\u00e7o.<\/p>\n<p>Muitos dos funcion\u00e1rios da Sterling Relocation viveram no exterior e assim entendem os desafios que enfrentam os funcion\u00e1rios e suas fam\u00edlias quando se mudam para o exterior. Cada cliente lida diretamente com um funcion\u00e1rio que garante que todos os aspectos da mudan\u00e7a funcionem sem problemas. <\/p>\n<p>Em 2015, 99,63% de clientes da Sterling Relocation estavam satisfeitos com sua mudan\u00e7a.<\/p>\n<p>A Sterling Relocation diz que seus valores, miss\u00e3o e vis\u00e3o incluem paix\u00e3o por sua ind\u00fastria, honestidade em todas as frentes, cuidado com os clientes e com o pessoal, e presta\u00e7\u00e3o do melhor servi\u00e7o poss\u00edvel.<\/p>\n<p>Lista de Credenciamentos e Afilia\u00e7\u00f5es da Sterling Relocation:<\/p>\n<ul>\n<li> <a href=\"https:\/\/moverdb.com\/pt\/fidi-faim\/\">A Federa\u00e7\u00e3o Internacional de Movimentos<\/a> (<a href=\"https:\/\/moverdb.com\/pt\/fidi-faim\/\" data-internallinksmanager029f6b8e52c=\"16\" title=\"FIDI &amp; FAIM (FIDI Accredited International Mover) Explicado\">FIDI<\/a>)<\/li>\n<li> <a href=\"https:\/\/moverdb.com\/pt\/associacao-relocacao-profissionais\/\">A Associa\u00e7\u00e3o de Profissionais de Reloca\u00e7\u00e3o<\/a> (<a href=\"https:\/\/moverdb.com\/pt\/association-relocation-professionals\/\" data-internallinksmanager029f6b8e52c=\"6\" title=\"Associa\u00e7\u00e3o de Profissionais de Reloca\u00e7\u00e3o (ARP) Explicada\">ARP<\/a>)<\/li>\n<li> <a href=\"https:\/\/moverdb.com\/pt\/conselho-de-funcionarios-relocacao\/\">O Conselho de Recoloca\u00e7\u00e3o de Funcion\u00e1rios - ERC mundial<\/a><\/li>\n<li> <a href=\"https:\/\/moverdb.com\/pt\/eura\/\">A Associa\u00e7\u00e3o Europ\u00e9ia de Deslocaliza\u00e7\u00e3o<\/a> (<a href=\"https:\/\/moverdb.com\/pt\/eura\/\" data-internallinksmanager029f6b8e52c=\"13\" title=\"Associa\u00e7\u00e3o Europ\u00e9ia de Deslocaliza\u00e7\u00e3o (EuRA) Explicada\">EuRA<\/a>)<\/li>\n<li> Overseas Moving Network International (OMNI)<\/li>\n<li> <a href=\"https:\/\/moverdb.com\/pt\/iam\/\">Associa\u00e7\u00e3o Internacional de Remotores (IAM)<\/a><\/li>\n<li> <a href=\"https:\/\/moverdb.com\/pt\/lacma\/\">Associa\u00e7\u00e3o Latino-Americana e Caribenha de Movimentos<\/a> (<a href=\"https:\/\/moverdb.com\/pt\/lacma\/\" data-internallinksmanager029f6b8e52c=\"28\" title=\"Associa\u00e7\u00e3o Latino-Americana e Caribenha de Movimentos Internacionais (LACMA)\">LACMA<\/a>)<\/li>\n<li> <a href=\"https:\/\/moverdb.com\/pt\/british-association-of-removers\/\">Associa\u00e7\u00e3o Brit\u00e2nica de Removedores (BAR)<\/a><\/li>\n<\/ul>\n<h2>Revis\u00f5es de Realoca\u00e7\u00e3o de Libras Esterlinas<\/h2>\n<p><strong>Positivo<\/strong><\/p>\n<p><em>\"Fui movido pelo Sterlin de <a href=\"https:\/\/moverdb.com\/pt\/moving-to-london\/\">Londres<\/a> para <a href=\"https:\/\/moverdb.com\/pt\/moving-to-switzerland\/\" data-internallinksmanager029f6b8e52c=\"327\" title=\"Est\u00e1 se mudando para a Su\u00ed\u00e7a? 2026 Custo de vida e dicas de realoca\u00e7\u00e3o\">Su\u00ed\u00e7a<\/a> em uma mudan\u00e7a corporativa h\u00e1 alguns anos. Como passei por algumas mudan\u00e7as depois disso, agora me sinto em condi\u00e7\u00f5es de julg\u00e1-los. E devo dizer que eles organizaram simplesmente a melhor mudan\u00e7a que tive.\"<\/em> - revis\u00e3o <a href=\"http:\/\/www.yelp.co.uk\/biz\/sterling-corporate-relocation-london\" target=\"_blank\" rel=\"noopener\">via Yelp<\/a><\/p>\n<p><strong>Negativo<\/strong><\/p>\n<p><em>N\u00e3o encontramos nenhuma revis\u00e3o negativa para a realoca\u00e7\u00e3o da Sterling online<\/em><\/p>\n<div itemprop=\"review\" itemscope itemtype=\"http:\/\/schema.org\/Review\">\n<span itemprop=\"author\" itemscope=\"\" itemtype=\"http:\/\/schema.org\/Organization\"><span itemprop=\"name\">MoverDB.com<\/span><\/span> Revis\u00e3o do site on-line para <span itemprop=\"itemreviewed\" itemscope=\"\" itemtype=\"http:\/\/schema.org\/Brand\"><span itemprop=\"name\">Deslocaliza\u00e7\u00e3o da libra esterlina<\/span><\/span>:<\/p>\n<ol>\n<li> Detalhes claros de contato no website (incluindo n\u00famero de telefone): <strong>Sim<\/strong><\/li>\n<li> F\u00e1cil de obter <a href=\"https:\/\/moverdb.com\/pt\/citacoes\/\">cita\u00e7\u00f5es de mudan\u00e7as internacionais<\/a>? (Formul\u00e1rio de solicita\u00e7\u00e3o de or\u00e7amento on-line): <strong>Sim<\/strong><\/li>\n<li> Informa\u00e7\u00f5es claras no site: <strong>Sim<\/strong> O site da Sterling Relocation tem informa\u00e7\u00f5es abrangentes sobre todos os aspectos de seus neg\u00f3cios. Possui tamb\u00e9m uma se\u00e7\u00e3o \u00fatil de 'Not\u00edcias' que fornece atualiza\u00e7\u00f5es sobre as necessidades de vistos e sobre a vida em v\u00e1rios pa\u00edses do mundo.<\/li>\n<li> Participa\u00e7\u00e3o em organiza\u00e7\u00f5es internacionais de mudan\u00e7as reconhecidas internacionalmente: <strong>Sim<\/strong>ver acima.<\/li>\n<li> Lista de clientes e\/ou depoimentos de clientes anteriores: <strong>Parcial<\/strong> Embora n\u00e3o haja uma lista de clientes, h\u00e1 v\u00e1rios testemunhos de clientes espalhados pelo site.<\/li>\n<\/ol>\n<div itemprop=\"reviewRating\" itemscope itemtype=\"http:\/\/schema.org\/Rating\"><meta itemprop=\"worstRating\" content = \"0\" \/><meta itemprop=\"bestRating\" content=\"5\" \/><meta itemprop=\"ratingValue\" content=\"4.5\"><\/div>\n<p><strong>Nota geral: 4,5\/5<\/strong><br \/>\n<strong>Data de revis\u00e3o:<\/strong> <span itemprop=\"datePublished\" content=\"2016-05-22\">22\/05\/2016<\/span>\n<\/div>\n<p>Mais sobre <a href=\"https:\/\/moverdb.com\/pt\/remocoes-internacionais\/\">Empresas de mudan\u00e7as do Reino Unido<\/a> e nosso <a href=\"https:\/\/moverdb.com\/pt\/criticas\/\">processo de revis\u00e3o explicado<\/a>.<\/p>\n<p><strong>Website:<\/strong> <a href=\"http:\/\/www.sterling.com\/\" target=\"_blank\" rel=\"noopener\">http:\/\/www.sterling.com\/<\/a><\/p>","protected":false},"excerpt":{"rendered":"<p>Sterling offers international employers an easy way to relocate their staff worldwide. Their services are listed below, together with customer reviews and a company profile. Relocation Services Assignment Management Cross Culture Training Departure Services Education Assistance Expense Management Furniture Rental Guaranteed Home Sale Home Finding Service Immigration, Visa and Work Permits Language Training Move Management [&hellip;]<\/p>\n","protected":false},"author":1,"featured_media":0,"parent":0,"menu_order":0,"comment_status":"closed","ping_status":"closed","template":"","meta":{"_genesis_hide_title":false,"_genesis_hide_breadcrumbs":false,"_genesis_hide_singular_image":false,"_genesis_hide_footer_widgets":false,"_genesis_custom_body_class":"","_genesis_custom_post_class":"","_genesis_layout":"","footnotes":""},"class_list":{"0":"post-348","1":"page","2":"type-page","3":"status-publish","5":"entry"},"_links":{"self":[{"href":"https:\/\/moverdb.com\/pt\/wp-json\/wp\/v2\/pages\/348","targetHints":{"allow":["GET"]}}],"collection":[{"href":"https:\/\/moverdb.com\/pt\/wp-json\/wp\/v2\/pages"}],"about":[{"href":"https:\/\/moverdb.com\/pt\/wp-json\/wp\/v2\/types\/page"}],"author":[{"embeddable":true,"href":"https:\/\/moverdb.com\/pt\/wp-json\/wp\/v2\/users\/1"}],"replies":[{"embeddable":true,"href":"https:\/\/moverdb.com\/pt\/wp-json\/wp\/v2\/comments?post=348"}],"version-history":[{"count":15,"href":"https:\/\/moverdb.com\/pt\/wp-json\/wp\/v2\/pages\/348\/revisions"}],"predecessor-version":[{"id":6240,"href":"https:\/\/moverdb.com\/pt\/wp-json\/wp\/v2\/pages\/348\/revisions\/6240"}],"wp:attachment":[{"href":"https:\/\/moverdb.com\/pt\/wp-json\/wp\/v2\/media?parent=348"}],"curies":[{"name":"wp","href":"https:\/\/api.w.org\/{rel}","templated":true}]}}