{"id":347,"date":"2016-05-22T19:43:53","date_gmt":"2016-05-22T19:43:53","guid":{"rendered":"http:\/\/moverdb.com\/?page_id=347"},"modified":"2026-01-08T15:20:38","modified_gmt":"2026-01-08T15:20:38","slug":"santa-fe-relocation","status":"publish","type":"page","link":"https:\/\/moverdb.com\/pt\/santa-fe-relocation\/","title":{"rendered":"Santa Fe Relocation Services International Moving &amp; Removals Reviews"},"content":{"rendered":"<p>A Santa Fe Relocation Services \u00e9 uma empresa de realoca\u00e7\u00e3o de alto n\u00edvel. S\u00e3o muitos os servi\u00e7os de realoca\u00e7\u00e3o listados abaixo, juntamente com o perfil da empresa e an\u00e1lises de clientes.<\/p>\n<p><strong>Servi\u00e7os de Mobilidade Global<\/strong><\/p>\n<ul>\n<li> Deslocaliza\u00e7\u00e3o global e gest\u00e3o de DSP no mundo inteiro<\/li>\n<li> Gerenciamento de vistos e imigra\u00e7\u00e3o<\/li>\n<li> Gerenciamento de mudan\u00e7as para indiv\u00edduos e funcion\u00e1rios corporativos<\/li>\n<\/ul>\n<p><strong>Servi\u00e7os de mudan\u00e7a e armazenamento<\/strong><\/p>\n<ul>\n<li> Mudan\u00e7as Internacionais<\/li>\n<li> Mudan\u00e7as dom\u00e9sticas e locais<\/li>\n<li> Armazenamento<\/li>\n<li> Realoca\u00e7\u00e3o de animais<\/li>\n<li> <a href=\"https:\/\/moverdb.com\/pt\/transporte-de-carro-transporte-embarque\/\">Envio de ve\u00edculos<\/a><\/li>\n<li> Links para Cobertura de Prote\u00e7\u00e3o<\/li>\n<li> Servi\u00e7os de manobrista e manobrista<\/li>\n<li> Aluguel de M\u00f3veis<\/li>\n<li> Excel\u00eancia em servi\u00e7os de remo\u00e7\u00e3o e armazenagem<\/li>\n<\/ul>\n<p><strong>Servi\u00e7os de reloca\u00e7\u00e3o<\/strong><\/p>\n<ul>\n<li> Atribui\u00e7\u00e3o de soma total<\/li>\n<li> Atribui\u00e7\u00f5es de curto prazo<\/li>\n<li> Busca em casa<\/li>\n<li> Busca de escolas<\/li>\n<li> Assentamento em servi\u00e7os<\/li>\n<li> Lista de verifica\u00e7\u00e3o e realoca\u00e7\u00e3o em um relance<\/li>\n<li> Visto e imigra\u00e7\u00e3o<\/li>\n<li> Guias de destino<\/li>\n<\/ul>\n<p><strong>Servi\u00e7os comerciais<\/strong><\/p>\n<ul>\n<li> Mudan\u00e7a de escrit\u00f3rio<\/li>\n<li> Instala\u00e7\u00f5es hoteleiras<\/li>\n<li> Exposi\u00e7\u00f5es ao redor do mundo<\/li>\n<li> Remo\u00e7\u00e3o de arte e antiguidades<\/li>\n<li> Projetos especiais, como remo\u00e7\u00f5es hospitalares, instala\u00e7\u00f5es militares, instala\u00e7\u00f5es educacionais<\/li>\n<\/ul>\n<h2>Perfil da empresa Santa Fe Relocation Services<\/h2>\n<p>Santa Fe fornece servi\u00e7os de mobilidade global aos funcion\u00e1rios expatriados da empresa. A empresa se orgulha de tirar o estresse da recoloca\u00e7\u00e3o de funcion\u00e1rios e se orgulha de seus clientes da Fortune 500. A empresa lida com cerca de 60.000 mudan\u00e7as internacionais e 15.000 mudan\u00e7as dom\u00e9sticas anualmente. <\/p>\n<p>Santa F\u00e9 come\u00e7ou sua vida em <a href=\"https:\/\/moverdb.com\/pt\/moving-to-hong-kong\/\" data-internallinksmanager029f6b8e52c=\"350\" title=\"Est\u00e1 se mudando para Hong Kong? 2026 Custo de vida e dicas de realoca\u00e7\u00e3o\">Hong Kong<\/a> em 1980. O Santa Fe Group adquiriu empresas em todo o mundo, sendo a mais antiga a Wridgways de <a href=\"https:\/\/moverdb.com\/pt\/moving-to-australia\/living-in-australia\/\" data-internallinksmanager029f6b8e52c=\"240\" title=\"21 Segredos sobre viver na Austr\u00e1lia para saber antes de se mudar\">Austr\u00e1lia<\/a> que foi fundada em 1892. Santa Fe tem escrit\u00f3rios em seis continentes, com sua sede em <a href=\"https:\/\/moverdb.com\/pt\/moving-to-london\/\">Londres<\/a> e oferece relocaliza\u00e7\u00e3o global, regional e local a seus clientes. <\/p>\n<p>Associa\u00e7\u00f5es e Credenciamentos dos Servi\u00e7os de Realoca\u00e7\u00e3o de Santa Fe:<\/p>\n<ul>\n<li> <a href=\"https:\/\/moverdb.com\/pt\/conselho-de-funcionarios-relocacao\/\">O ERC mundial<\/a><\/li>\n<li> <a href=\"https:\/\/moverdb.com\/pt\/eura\/\">Associa\u00e7\u00e3o Europ\u00e9ia de Deslocaliza\u00e7\u00e3o<\/a> (<a href=\"https:\/\/moverdb.com\/pt\/eura\/\" data-internallinksmanager029f6b8e52c=\"13\" title=\"Associa\u00e7\u00e3o Europ\u00e9ia de Deslocaliza\u00e7\u00e3o (EuRA) Explicada\">EuRA<\/a>)<\/li>\n<li> <a href=\"https:\/\/moverdb.com\/pt\/fidi-faim\/\">Federa\u00e7\u00e3o Global de Empresas de Mudan\u00e7as Internacionais<\/a> (<a href=\"https:\/\/moverdb.com\/pt\/fidi-faim\/\" data-internallinksmanager029f6b8e52c=\"16\" title=\"FIDI &amp; FAIM (FIDI Accredited International Mover) Explicado\">FIDI<\/a>)<\/li>\n<li> <a href=\"https:\/\/moverdb.com\/pt\/fidi-faim\/\">Credenciados pelo FIDI-FAIM e FAIM Plus<\/a><\/li>\n<li> <a href=\"https:\/\/moverdb.com\/pt\/iam\/\">A Associa\u00e7\u00e3o Internacional de Movers (IAM)<\/a><\/li>\n<li> <a href=\"https:\/\/moverdb.com\/pt\/lacma\/\">LACMA<\/a><\/li>\n<li> ISO9001 Gest\u00e3o de Qualidade<\/li>\n<li> ISO14001 Gest\u00e3o ambiental<\/li>\n<li> OHSAS18001 Gest\u00e3o de Sa\u00fade e Seguran\u00e7a<\/li>\n<li> Seguran\u00e7a de dados ISO27001<\/li>\n<\/ul>\n<h2>Revis\u00f5es dos Servi\u00e7os de Realoca\u00e7\u00e3o de Santa Fe<\/h2>\n<p><strong>Positivo<\/strong><\/p>\n<p><em>\"Santa Fe tem uma equipe de Berlim (<a href=\"https:\/\/moverdb.com\/pt\/moving-to-germany\/\" data-internallinksmanager029f6b8e52c=\"321\" title=\"Est\u00e1 se mudando para a Alemanha? 2026 Custo de vida e dicas de realoca\u00e7\u00e3o\">Alemanha<\/a>) e eles realmente me deram cabo da cabe\u00e7a com o servi\u00e7o que prestaram. O Sr. H Schulz e a Sra. A. Hoenow executaram minha jogada com suavidade, efici\u00eancia e sempre com uma atitude amig\u00e1vel\".<\/em> Dot Stein via <a href=\"http:\/\/www.mymovingreviews.com\/movingreviews\/simply-the-best-51520\" target=\"_blank\" rel=\"noopener\">MyMovingReviews<\/a><\/p>\n<p><em>\"Do in\u00edcio ao fim do processo, o servi\u00e7o prestado foi profissional, \u00fatil e a equipe se esfor\u00e7ou para garantir que a mudan\u00e7a fosse feita com qualidade\".<\/em> Linda, Melbourne via <a href=\"http:\/\/www.productreview.com.au\/p\/santa-fe-wridgways.html\" target=\"_blank\" rel=\"noopener\">Revis\u00e3o do produto<\/a><\/p>\n<p><strong>Negativo<\/strong><\/p>\n<p><em>\"N\u00c3O UTILIZAR\". A empresa com a qual eles contrataram (Roy Trevor Removals) destruiu completamente meus novos pisos de madeira e na verdade tentou culpar <a href=\"https:\/\/moverdb.com\/pt\/moving-to-the-united-states\/\" data-internallinksmanager029f6b8e52c=\"94\" title=\"Mudando-se para os Estados Unidos? 2026 Custos de Vida e Dicas de Reloca\u00e7\u00e3o\">n\u00f3s<\/a> para os danos\".<\/em> Pamela Rollins via <a href=\"http:\/\/www.mymovingreviews.com\/movingreviews\/horrible-damage-to-floors-51782\" target=\"_blank\" rel=\"noopener\">MyMovingReviews<\/a><\/p>\n<p><em>\"Esta foi uma mudan\u00e7a internacional de PNG para Perth. Est\u00e1vamos lotados em outubro de 2015, mais de 5 meses depois e ainda n\u00e3o temos todas as nossas coisas\". <\/em>Liz via <a href=\"http:\/\/www.productreview.com.au\/p\/santa-fe-wridgways.html\" target=\"_blank\" rel=\"noopener\">Revis\u00e3o do produto<\/a><\/p>\n<div itemprop=\"review\" itemscope itemtype=\"http:\/\/schema.org\/Review\">\n<span itemprop=\"author\" itemscope=\"\" itemtype=\"http:\/\/schema.org\/Organization\"><span itemprop=\"name\">MoverDB.com<\/span><\/span> Revis\u00e3o do site on-line para <span itemprop=\"itemreviewed\" itemscope=\"\" itemtype=\"http:\/\/schema.org\/Brand\"><span itemprop=\"name\">Servi\u00e7os de Realoca\u00e7\u00e3o de Santa Fe<\/span><\/span>:<\/p>\n<ol>\n<li> Detalhes claros de contato no website (incluindo n\u00famero de telefone): <strong>Sim<\/strong><\/li>\n<li> F\u00e1cil de obter <a href=\"https:\/\/moverdb.com\/pt\/citacoes\/\">cita\u00e7\u00f5es de mudan\u00e7as internacionais<\/a>? (Formul\u00e1rio de solicita\u00e7\u00e3o de or\u00e7amento on-line): <strong>Sim<\/strong><\/li>\n<li> Informa\u00e7\u00f5es claras no site: <strong>Sim<\/strong>. Um site extremamente informativo.<\/li>\n<li> Participa\u00e7\u00e3o em organiza\u00e7\u00f5es internacionais de mudan\u00e7as reconhecidas internacionalmente: <strong>Sim<\/strong>ver acima.<\/li>\n<li> Lista de clientes e\/ou depoimentos de clientes anteriores: <strong>Sim<\/strong>Embora n\u00e3o haja uma lista de clientes, h\u00e1 muitos testemunhos positivos de clientes.<\/li>\n<\/ol>\n<div itemprop=\"reviewRating\" itemscope itemtype=\"http:\/\/schema.org\/Rating\"><meta itemprop=\"worstRating\" content = \"0\" \/><meta itemprop=\"bestRating\" content=\"5\" \/><meta itemprop=\"ratingValue\" content=\"5\"><\/div>\n<p><strong>Nota geral: 5\/5<\/strong><br \/>\n<strong>Data de revis\u00e3o:<\/strong> <span itemprop=\"datePublished\" content=\"2016-05-22\">22\/05\/2016<\/span>\n<\/div>\n<p>Mais sobre <a href=\"https:\/\/moverdb.com\/pt\/remocoes-internacionais\/\">Empresas de mudan\u00e7as do Reino Unido<\/a> e nosso <a href=\"https:\/\/moverdb.com\/pt\/criticas\/\">processo de revis\u00e3o explicado<\/a>.<\/p>\n<p><strong>Website:<\/strong> <a href=\"http:\/\/www.santaferelo.com\/\" target=\"_blank\" rel=\"noopener\">http:\/\/www.santaferelo.com\/<\/a><\/p>","protected":false},"excerpt":{"rendered":"<p>Santa Fe Relocation Services is a high-end relocation company. It&#8217;s many removal services are listed below, together with a company profile and customer reviews. Global Mobility Services Global relocation and DSP management worldwide Visa and immigration management Move management for individuals and corporate employees Moving and Storage Services International Moving Domestic and Local Moving Storage [&hellip;]<\/p>\n","protected":false},"author":1,"featured_media":0,"parent":0,"menu_order":0,"comment_status":"closed","ping_status":"closed","template":"","meta":{"_genesis_hide_title":false,"_genesis_hide_breadcrumbs":false,"_genesis_hide_singular_image":false,"_genesis_hide_footer_widgets":false,"_genesis_custom_body_class":"","_genesis_custom_post_class":"","_genesis_layout":"","footnotes":""},"class_list":{"0":"post-347","1":"page","2":"type-page","3":"status-publish","5":"entry"},"_links":{"self":[{"href":"https:\/\/moverdb.com\/pt\/wp-json\/wp\/v2\/pages\/347","targetHints":{"allow":["GET"]}}],"collection":[{"href":"https:\/\/moverdb.com\/pt\/wp-json\/wp\/v2\/pages"}],"about":[{"href":"https:\/\/moverdb.com\/pt\/wp-json\/wp\/v2\/types\/page"}],"author":[{"embeddable":true,"href":"https:\/\/moverdb.com\/pt\/wp-json\/wp\/v2\/users\/1"}],"replies":[{"embeddable":true,"href":"https:\/\/moverdb.com\/pt\/wp-json\/wp\/v2\/comments?post=347"}],"version-history":[{"count":14,"href":"https:\/\/moverdb.com\/pt\/wp-json\/wp\/v2\/pages\/347\/revisions"}],"predecessor-version":[{"id":6235,"href":"https:\/\/moverdb.com\/pt\/wp-json\/wp\/v2\/pages\/347\/revisions\/6235"}],"wp:attachment":[{"href":"https:\/\/moverdb.com\/pt\/wp-json\/wp\/v2\/media?parent=347"}],"curies":[{"name":"wp","href":"https:\/\/api.w.org\/{rel}","templated":true}]}}