{"id":3392,"date":"2019-09-20T11:37:54","date_gmt":"2019-09-20T11:37:54","guid":{"rendered":"https:\/\/moverdb.com\/?page_id=3392"},"modified":"2026-01-08T14:39:59","modified_gmt":"2026-01-08T14:39:59","slug":"linhas-internacionais-van-linhas","status":"publish","type":"page","link":"https:\/\/moverdb.com\/pt\/international-van-lines\/","title":{"rendered":"Linhas de Furg\u00f5es Internacionais (IVL): Relocaliza\u00e7\u00e3o e Mudan\u00e7as"},"content":{"rendered":"<p><img loading=\"lazy\" decoding=\"async\" width=\"700\" height=\"158\" src=\"https:\/\/moverdb.com\/wp-content\/uploads\/International-Van-Lines-Logo.png\" alt=\"Logotipo das Linhas de Furg\u00f5es Internacionais\" class=\"aligncenter size-full wp-image-3389\" data-wp-pid=\"3389\" srcset=\"https:\/\/moverdb.com\/wp-content\/uploads\/International-Van-Lines-Logo.png 700w, https:\/\/moverdb.com\/wp-content\/uploads\/International-Van-Lines-Logo-300x68.png 300w, https:\/\/moverdb.com\/wp-content\/uploads\/International-Van-Lines-Logo-600x135.png 600w\" sizes=\"auto, (max-width: 700px) 100vw, 700px\" \/><\/p>\n<p>A International Van Lines \u00e9 uma empresa americana fundada em 2000 e \u00e9 hoje uma das maiores <a href=\"https:\/\/moverdb.com\/pt\/moving-companies\/\" data-internallinksmanager029f6b8e52c=\"79\" title=\"As 25 maiores empresas de mudan\u00e7as internacionais on-line\">empresas de mudan\u00e7as internacionais<\/a> no mundo. Eles foram classificados como A Melhor Empresa de Mudan\u00e7a pela Defesa do Consumidor em 2017, 2018 e 2019.<\/p>\n<p>Aqui est\u00e3o alguns dos servi\u00e7os que eles prestam:<\/p>\n<p><a href=\"https:\/\/moverdb.com\/pt\/transporte-de-conteineres\/\"><strong>Embarque de Contentor Completo (FCL)<\/strong><\/a><\/p>\n<ul>\n<li> Cont\u00eaineres secos<\/li>\n<li> 20\u2032 e 40\u2032 op\u00e7\u00f5es dispon\u00edveis<\/li>\n<li> Servi\u00e7o porta-a-porta ou carga viva (DIY)<\/li>\n<li> Licenciado pela Comiss\u00e3o Mar\u00edtima Federal como um <a href=\"https:\/\/moverdb.com\/pt\/freight-forwarder\/\" data-internallinksmanager029f6b8e52c=\"17\" title=\"Freight Forwarder &amp; NVOCC International Cost &amp; Companies Guide\">agente de cargas<\/a>.<\/li>\n<\/ul>\n<p><strong>Transporte Mar\u00edtimo de Cargas<\/strong><\/p>\n<ul>\n<li> De porta em porta<\/li>\n<li> Porta para <a href=\"https:\/\/moverdb.com\/pt\/top-49-container-ports\/\" data-internallinksmanager029f6b8e52c=\"80\" title=\"Os 49 maiores e mais movimentados portos de cont\u00eaineres em 2025\">Porto<\/a><\/li>\n<li> Porto a Porta<\/li>\n<li> Porto a Porto<\/li>\n<\/ul>\n<p><strong>Servi\u00e7os de Transporte A\u00e9reo de Cargas<\/strong><\/p>\n<ul>\n<li> Manusear tanto o frete a\u00e9reo quanto o envio expresso<\/li>\n<li> Podem algumas caixas de navio ou uma casa inteira<\/li>\n<li> Oferecer servi\u00e7os porta a porta, porta a terminal, terminal a porta ou terminal a terminal<\/li>\n<li> Todos os bens dom\u00e9sticos ser\u00e3o embalados por encolhimento e colocados em paletes antes de serem carregados<\/li>\n<li> Cuidar de toda a papelada necess\u00e1ria para o desembara\u00e7o aduaneiro<\/li>\n<\/ul>\n<p><a href=\"https:\/\/moverdb.com\/pt\/transporte-de-carro-transporte-embarque\/\"><strong>Envio autom\u00e1tico<\/strong><\/a><\/p>\n<ul>\n<li> <a href=\"https:\/\/moverdb.com\/pt\/container-shipping\/\" data-internallinksmanager029f6b8e52c=\"3\" title=\"Gr\u00e1fico de taxas de transporte internacional de cont\u00eaineres: Abril de 2026\">Envio de cont\u00eaineres<\/a><\/li>\n<li> Servi\u00e7o de Consolida\u00e7\u00e3o<\/li>\n<li> Roll on Roll off (RO\/RO)<\/li>\n<li> Documenta\u00e7\u00e3o do Desembara\u00e7o Aduaneiro<\/li>\n<li> Op\u00e7\u00f5es de seguro<\/li>\n<\/ul>\n<p><strong>Servi\u00e7os de Mudan\u00e7as de Longa Dist\u00e2ncia<\/strong><\/p>\n<ul>\n<li> Para movimentos dentro do <a href=\"https:\/\/moverdb.com\/pt\/moving-to-the-united-states\/\" data-internallinksmanager029f6b8e52c=\"94\" title=\"Mudando-se para os Estados Unidos? 2026 Custos de Vida e Dicas de Reloca\u00e7\u00e3o\">Estados Unidos<\/a><\/li>\n<li> Embalagem<\/li>\n<li> Armazenamento<\/li>\n<li> Engradado<\/li>\n<li> Servi\u00e7os especializados<\/li>\n<\/ul>\n<p><strong>Outros servi\u00e7os<\/strong><\/p>\n<ul>\n<li> Mudan\u00e7a corporativa<\/li>\n<li> Mudan\u00e7as de escrit\u00f3rio<\/li>\n<li> Movimentos Governamentais e Militares<\/li>\n<li> Servi\u00e7os de transporte e corretagem<\/li>\n<\/ul>\n<h2>Perfil da empresa International Van Lines<\/h2>\n<p>A International Van Lines alega lidar com mais de 10.000 movimentos por ano com uma taxa de reclama\u00e7\u00e3o inferior a 1%. Elas cobrem todos os Estados Unidos e mais de 180 pa\u00edses. Eles est\u00e3o no ramo de mudan\u00e7as internacionais desde 2000 e se expandiram para oferecer mudan\u00e7as de longa dist\u00e2ncia dom\u00e9sticas em 2004. Eles empregam atualmente mais de 200 pessoas e estavam na lista INC 5000 de empresas de crescimento mais r\u00e1pido nos EUA em 2012. <\/p>\n<p>A International Van Lines tamb\u00e9m tem grandes revis\u00f5es de <a href=\"https:\/\/uk.trustpilot.com\/review\/www.internationalvanlines.com\" rel=\"noopener noreferrer\" target=\"_blank\">Trustpilot<\/a> (4,3 de 5), <a href=\"https:\/\/www.move.org\/international-van-lines-review\/\" rel=\"noopener noreferrer\" target=\"_blank\">Move.org<\/a> (4,7 de 5) e <a href=\"https:\/\/www.consumeraffairs.com\/homeowners\/international-van-lines.html\" rel=\"noopener noreferrer\" target=\"_blank\">Assuntos do consumidor<\/a> (4 de 5). Portanto, se voc\u00ea est\u00e1 se mudando para ou dos EUA eles s\u00e3o algu\u00e9m de quem vale a pena obter uma cita\u00e7\u00e3o.<\/p>\n<p>Eles s\u00e3o credenciados como:<\/p>\n<ul>\n<li> Licenciado <a href=\"https:\/\/safer.fmcsa.dot.gov\/query.asp?searchtype=ANY&#038;query_type=queryCarrierSnapshot&#038;query_param=USDOT&#038;query_string=2293832\" rel=\"noopener noreferrer\" target=\"_blank\">Portador DOT<\/a><\/li>\n<li> <a href=\"https:\/\/moverdb.com\/pt\/transitario-de-carga\/\">NVOCC<\/a> (transportador comum que n\u00e3o opera navios) licen\u00e7a<\/li>\n<li> FMC (Comiss\u00e3o Mar\u00edtima Federal) <\/li>\n<li> <a href=\"https:\/\/moverdb.com\/pt\/rim-promover\/\">ProMover<\/a><\/li>\n<\/ul>\n<h2>Revis\u00f5es Internacionais das Linhas de Furg\u00f5es<\/h2>\n<p><strong>Positivo:<\/strong><\/p>\n<ul>\n<li> <em>\"IVL fez um \u00f3timo trabalho com minha jogada de longa dist\u00e2ncia. A equipe foi pontual, fez bem as malas e fez o que eles disseram que fariam. Eu os usaria novamente, se necess\u00e1rio\".<\/em> - Martha B. via site da empresa<\/li>\n<li> <em>\"A International Van Lines entregou recentemente minhas coisas. Ap\u00f3s a inspe\u00e7\u00e3o, n\u00e3o tive nenhum dano ou perda, o que \u00e9 excelente\".<\/em> - IVY Powers via Move.org <\/li>\n<li> <em>\"Eu estava feliz com a experi\u00eancia com IVL e os consideraria se tivesse que embarcar ou me mudar para o exterior\".<\/em> - Jeff via Consumer Affairs<\/li>\n<li> <em>\"Tudo em toda a minha experi\u00eancia foi \u00f3timo! Eu trabalharia com eles novamente, se necess\u00e1rio\".<\/em> - Sade via Trustpliot<\/li>\n<\/ul>\n<p><strong>Negativo:<\/strong><\/p>\n<ul>\n<li> <em>\"Estou al\u00e9m da decep\u00e7\u00e3o e nunca recomendaria as Van Lines Internacionais a ningu\u00e9m\".<\/em> - Ezeibe via Trustpilot<\/li>\n<li> <em>\"Eles perderam um tapete e outras coisas\".<\/em> - C\u00e3o Maritini via Move.org<\/li>\n<li> <em>\"M\u00e1 comunica\u00e7\u00e3o na frente sobre quando eles iriam realmente mudar nossas coisas para nossa nova casa\".<\/em> - Erin via Assuntos do Consumidor<\/li>\n<\/ul>\n<div itemprop=\"review\" itemscope itemtype=\"http:\/\/schema.org\/Review\">\n<span itemprop=\"author\" itemscope=\"\" itemtype=\"http:\/\/schema.org\/Organization\"><span itemprop=\"name\">MoverDB.com<\/span><\/span> Revis\u00e3o do site on-line para <span itemprop=\"itemreviewed\" itemscope=\"\" itemtype=\"http:\/\/schema.org\/Brand\"><span itemprop=\"name\">Linhas de Furg\u00f5es Internacionais<\/span><\/span>:<\/p>\n<ol>\n<li> Detalhes claros de contato no website (incluindo n\u00famero de telefone): <strong>Sim<\/strong><\/li>\n<li> F\u00e1cil de obter <a href=\"https:\/\/moverdb.com\/pt\/citacoes\/\">cita\u00e7\u00f5es de mudan\u00e7as internacionais<\/a>? (Formul\u00e1rio de solicita\u00e7\u00e3o de or\u00e7amento on-line): <strong>Sim<\/strong><\/li>\n<li> Informa\u00e7\u00f5es claras no site: <strong>Sim.<\/strong> O website apresenta claramente todos os servi\u00e7os que a empresa oferece.<\/li>\n<li> Participa\u00e7\u00e3o em organiza\u00e7\u00f5es internacionais de mudan\u00e7as reconhecidas internacionalmente: <strong>Sim<\/strong>(ver acima)<\/li>\n<li> Lista de clientes e\/ou depoimentos de clientes anteriores. <strong>Sim,<\/strong> Ter revis\u00f5es on-line em seu site e tamb\u00e9m ter muitas revis\u00f5es positivas on-line.<\/li>\n<\/ol>\n<div itemprop=\"reviewRating\" itemscope itemtype=\"http:\/\/schema.org\/Rating\"><meta itemprop=\"worstRating\" content = \"0\" \/><meta itemprop=\"bestRating\" content=\"5\" \/><meta itemprop=\"ratingValue\" content=\"5\"><\/div>\n<p><strong>Nota geral: 5\/5<\/strong><br \/>\n<strong>Data de revis\u00e3o:<\/strong> <span itemprop=\"datePublished\" content=\"2019-09-20\">20\/09\/2019<\/span>\n<\/div>\n<p>Leia mais sobre <a href=\"https:\/\/moverdb.com\/pt\/mudancas-empresas\/\">empresas de mudan\u00e7as internacionais<\/a>, <a href=\"https:\/\/moverdb.com\/pt\/us-canada-movers\/\">empresas de mudan\u00e7as nacionais<\/a> e nosso <a href=\"https:\/\/moverdb.com\/pt\/criticas\/\">processo de revis\u00e3o explicado<\/a>.<\/p>\n<p><strong>Website:<\/strong> <a href=\"https:\/\/internationalvanlines.com\/\" target=\"_blank\" rel=\"noopener noreferrer\">https:\/\/internationalvanlines.com\/<\/a><\/p>","protected":false},"excerpt":{"rendered":"<p>International Van Lines is an American based mover founded in 2000 and is now one the largest international moving companies in the world. They have been rated as The Best Moving Company by Consumer Advocate in 2017, 2018 and 2019. Here are some of the services they provide: Full Container Load (FCL) Shipping Dry Containers [&hellip;]<\/p>\n","protected":false},"author":1,"featured_media":0,"parent":0,"menu_order":0,"comment_status":"closed","ping_status":"closed","template":"","meta":{"_genesis_hide_title":false,"_genesis_hide_breadcrumbs":false,"_genesis_hide_singular_image":false,"_genesis_hide_footer_widgets":false,"_genesis_custom_body_class":"","_genesis_custom_post_class":"","_genesis_layout":"","footnotes":""},"class_list":{"0":"post-3392","1":"page","2":"type-page","3":"status-publish","5":"entry","6":"has-post-thumbnail"},"_links":{"self":[{"href":"https:\/\/moverdb.com\/pt\/wp-json\/wp\/v2\/pages\/3392","targetHints":{"allow":["GET"]}}],"collection":[{"href":"https:\/\/moverdb.com\/pt\/wp-json\/wp\/v2\/pages"}],"about":[{"href":"https:\/\/moverdb.com\/pt\/wp-json\/wp\/v2\/types\/page"}],"author":[{"embeddable":true,"href":"https:\/\/moverdb.com\/pt\/wp-json\/wp\/v2\/users\/1"}],"replies":[{"embeddable":true,"href":"https:\/\/moverdb.com\/pt\/wp-json\/wp\/v2\/comments?post=3392"}],"version-history":[{"count":3,"href":"https:\/\/moverdb.com\/pt\/wp-json\/wp\/v2\/pages\/3392\/revisions"}],"predecessor-version":[{"id":3396,"href":"https:\/\/moverdb.com\/pt\/wp-json\/wp\/v2\/pages\/3392\/revisions\/3396"}],"wp:attachment":[{"href":"https:\/\/moverdb.com\/pt\/wp-json\/wp\/v2\/media?parent=3392"}],"curies":[{"name":"wp","href":"https:\/\/api.w.org\/{rel}","templated":true}]}}