{"id":320,"date":"2016-05-17T21:20:57","date_gmt":"2016-05-17T21:20:57","guid":{"rendered":"http:\/\/moverdb.com\/?page_id=320"},"modified":"2026-01-08T14:40:08","modified_gmt":"2026-01-08T14:40:08","slug":"matthew-james","status":"publish","type":"page","link":"https:\/\/moverdb.com\/pt\/matthew-james\/","title":{"rendered":"Matthew James Global Relocations"},"content":{"rendered":"<p>Matthew James Global Relocations \u00e9 uma empresa privada que oferece muitos servi\u00e7os para indiv\u00edduos e empresas que se mudam para o exterior e localmente. Seus servi\u00e7os est\u00e3o listados abaixo, juntamente com um perfil de empresa e revis\u00f5es.<\/p>\n<p><strong>Mudan\u00e7as internacionais<\/strong><\/p>\n<ul>\n<li> Servi\u00e7o completo porta a porta<\/li>\n<li> Servi\u00e7os de embalagem e acondicionamento para exporta\u00e7\u00e3o<\/li>\n<li> Desembalagem e servi\u00e7os de remontagem<\/li>\n<li> <a href=\"https:\/\/moverdb.com\/pt\/container-shipping\/\" data-internallinksmanager029f6b8e52c=\"3\" title=\"Gr\u00e1fico de taxas de transporte internacional de cont\u00eaineres: Abril de 2026\">Transporte internacional<\/a> invent\u00e1rio<\/li>\n<li> Remessas dedicadas e em grupagem<\/li>\n<li> Assist\u00eancia no desembara\u00e7o aduaneiro<\/li>\n<li> Engradado sob medida para artigos fr\u00e1geis e delicados<\/li>\n<li> Cobertura de seguro internacional em \u00e1guas profundas<\/li>\n<li> Cobertura de seguro geral<\/li>\n<\/ul>\n<p><strong>Relocaliza\u00e7\u00f5es europ\u00e9ias<\/strong><\/p>\n<ul>\n<li> Servi\u00e7o completo porta a porta<\/li>\n<li> Embalagem, acondicionamento e desempacotamento<\/li>\n<li> <a href=\"https:\/\/moverdb.com\/pt\/transporte-de-carro-transporte-embarque\/\">Ve\u00edculo<\/a>transporte por barco e bicicleta<\/li>\n<li> Seguro organizado<\/li>\n<\/ul>\n<p><strong>Mudan\u00e7as dom\u00e9sticas<\/strong><\/p>\n<ul>\n<li> Servi\u00e7o completo porta a porta<\/li>\n<li> Embalagem, acondicionamento e desempacotamento<\/li>\n<li> Seguro autom\u00e1tico de at\u00e9 \u00a350.000<\/li>\n<\/ul>\n<p><strong>Armazenamento em Londres e <a href=\"https:\/\/moverdb.com\/pt\/moving-to-spain\/\" data-internallinksmanager029f6b8e52c=\"266\" title=\"Mudando-se para a Espanha? 2026 Custos de Vida e Dicas de Reloca\u00e7\u00e3o\">Espanha<\/a><\/strong><\/p>\n<ul>\n<li> Armazenagem em cont\u00eaineres<\/li>\n<li> Auto-armazenamento<\/li>\n<li> Armazenamento de arquivos<\/li>\n<\/ul>\n<h2>Perfil da Empresa Matthew James<\/h2>\n<p>Matthew James Global Relocations tem movido pessoas ao redor do mundo por tr\u00eas gera\u00e7\u00f5es. Elas cobrem mais de 25.000 destinos em mais de 300 pa\u00edses atrav\u00e9s de parcerias globais confi\u00e1veis. A empresa \u00e9 especializada em mudan\u00e7as para a Espanha e tem tr\u00eas escrit\u00f3rios no pa\u00eds.<\/p>\n<p>O diretor executivo de hoje, Matthew De-Machen, tem uma paix\u00e3o por caminh\u00f5es desde menino e isto foi integrado \u00e0 empresa. <\/p>\n<p>A empresa tornou-se famosa por seus ve\u00edculos personalizados de alta qualidade e h\u00e1 at\u00e9 mesmo modelos de ve\u00edculos dispon\u00edveis para compra. A paix\u00e3o de Matthew De-Machen pela perfei\u00e7\u00e3o em caminh\u00f5es se derramou sobre Matthew James, onde a empresa afirma que s\u00f3 a perfei\u00e7\u00e3o servir\u00e1.<\/p>\n<p>Matthew James Relocation Services filia\u00e7\u00f5es e credenciamentos:<\/p>\n<ul>\n<li> <a href=\"https:\/\/moverdb.com\/pt\/british-association-of-removers\/\">Associa\u00e7\u00e3o Brit\u00e2nica de Removedores (BAR)<\/a><\/li>\n<li> <a href=\"https:\/\/moverdb.com\/pt\/iam\/\">Associa\u00e7\u00e3o Internacional de Remotores (IAM)<\/a><\/li>\n<li> <a href=\"https:\/\/moverdb.com\/pt\/bar-overseas\/\">Associa\u00e7\u00e3o Brit\u00e2nica de Removedores - International Associate<\/a><\/li>\n<li> QAS Internacional<\/li>\n<li> <a href=\"https:\/\/moverdb.com\/pt\/fedemac\/\">Fedemac European Movers<\/a><\/li>\n<li> Esquema de reconhecimento dos operadores de frotas (FORS) - Ouro<\/li>\n<li> Padr\u00e3o de Servi\u00e7o de Qualidade Assegurada - Atividades de Remo\u00e7\u00e3o de M\u00f3veis e Servi\u00e7os de Mudan\u00e7as no Exterior<\/li>\n<li> Instituto de Normas Comerciais (TSI)<\/li>\n<\/ul>\n<h2>Matthew James Relocation Reviews<\/h2>\n<p><strong>Positivo<\/strong><\/p>\n<ul>\n<li> <em>\"Muito educado em ambas as extremidades da mudan\u00e7a. Todos os nossos pertences parecem ter sobrevivido \u00e0 viagem\".<\/em> - via <a href=\"http:\/\/www.referenceline.com\/removers_removals-in-dartford-matthewjamesremovalsstorageltd-14758\" target=\"_blank\" rel=\"noopener\">Referencelina<\/a>.<\/li>\n<li> <em>\"profissional, cort\u00eas, eficiente, alegre\"<\/em> - via <a href=\"https:\/\/www.trustedmover.org\/questionnaire\/7167\" target=\"_blank\" rel=\"noopener\">Trusted Mover<\/a><\/li>\n<li> <em>\"N\u00e3o tenho nada al\u00e9m de elogios pela forma maravilhosa como o pessoal de Mathew James lidou com minha mudan\u00e7a, desde a consulta inicial, cita\u00e7\u00e3o e embalagem at\u00e9 a entrega\".<\/em> - via <a href=\"http:\/\/www.reviews.co.uk\/company-reviews\/store\/matthew-james-removals\" target=\"_blank\" rel=\"noopener\">Revis\u00f5es.co.uk<\/a><\/li>\n<\/ul>\n<p><strong>Negativo<\/strong><\/p>\n<ul>\n<li> <em>\"Desrespeito total pelos clientes e absoluta falta de cuidado\".<\/em> - via <a href=\"https:\/\/www.yell.com\/biz\/matthew-james-removals-and-storage-dartford-8459632\/\" target=\"_blank\" rel=\"noopener\">Grita<\/a><\/li>\n<\/ul>\n<div itemprop=\"review\" itemscope itemtype=\"http:\/\/schema.org\/Review\">\n<span itemprop=\"author\" itemscope=\"\" itemtype=\"http:\/\/schema.org\/Organization\"><span itemprop=\"name\">MoverDB.com<\/span><\/span> Revis\u00e3o do site on-line para <span itemprop=\"itemreviewed\" itemscope=\"\" itemtype=\"http:\/\/schema.org\/Brand\"><span itemprop=\"name\">Matthew James Remo\u00e7\u00f5es<\/span><\/span>:<\/p>\n<ol>\n<li> Detalhes claros de contato no website (incluindo n\u00famero de telefone): <strong>Sim<\/strong><\/li>\n<li> F\u00e1cil de obter <a href=\"https:\/\/moverdb.com\/pt\/citacoes\/\">cita\u00e7\u00f5es de mudan\u00e7as internacionais<\/a>? (Formul\u00e1rio de solicita\u00e7\u00e3o de or\u00e7amento on-line): <strong>Sim<\/strong><\/li>\n<li> Informa\u00e7\u00f5es claras no site: <strong>Parcial.<\/strong> O site n\u00e3o cont\u00e9m muitas informa\u00e7\u00f5es \u00fateis e sugere que voc\u00ea entre em contato com a empresa para obter detalhes.<\/li>\n<li> Participa\u00e7\u00e3o em organiza\u00e7\u00f5es internacionais de mudan\u00e7as reconhecidas internacionalmente: <strong>Sim<\/strong>ver acima.<\/li>\n<li> Lista de clientes e\/ou depoimentos de clientes anteriores: <strong>Parcial.<\/strong> N\u00e3o h\u00e1 uma lista de clientes no site, no entanto, voc\u00ea \u00e9 direcionado \u00e0 ReferenceLine para ver os testemunhos.<\/li>\n<\/ol>\n<div itemprop=\"reviewRating\" itemscope itemtype=\"http:\/\/schema.org\/Rating\"><meta itemprop=\"worstRating\" content = \"0\" \/><meta itemprop=\"bestRating\" content=\"5\" \/><meta itemprop=\"ratingValue\" content=\"4.5\"><\/div>\n<p><strong>Nota geral: 4,5\/5<\/strong><br \/>\n<strong>Data de revis\u00e3o:<\/strong> <span itemprop=\"datePublished\" content=\"2016-05-017\">17\/05\/2016<\/span><\/p>\n<\/div>\n<p>Mais sobre <a href=\"https:\/\/moverdb.com\/pt\/remocoes-internacionais\/\">Empresas de mudan\u00e7as do Reino Unido<\/a> e nosso <a href=\"https:\/\/moverdb.com\/pt\/criticas\/\">processo de revis\u00e3o explicado<\/a>.<\/p>\n<p><strong>Website:<\/strong> <a href=\"http:\/\/www.matthewjamesremovals.com\/\" target=\"_blank\" rel=\"noopener\">http:\/\/www.matthewjamesremovals.com\/<\/a><\/p>","protected":false},"excerpt":{"rendered":"<p>Matthew James Global Relocations is a privately owned company which offers many services for individuals and companies moving abroad and locally. Its services are listed below, together with a company profile and reviews. International Relocations Complete door to door service Export packing and wrapping services Unpacking and reassembly services International shipping inventory Dedicated and Groupage [&hellip;]<\/p>\n","protected":false},"author":1,"featured_media":0,"parent":0,"menu_order":0,"comment_status":"closed","ping_status":"closed","template":"","meta":{"_genesis_hide_title":false,"_genesis_hide_breadcrumbs":false,"_genesis_hide_singular_image":false,"_genesis_hide_footer_widgets":false,"_genesis_custom_body_class":"","_genesis_custom_post_class":"","_genesis_layout":"","footnotes":""},"class_list":{"0":"post-320","1":"page","2":"type-page","3":"status-publish","5":"entry"},"_links":{"self":[{"href":"https:\/\/moverdb.com\/pt\/wp-json\/wp\/v2\/pages\/320","targetHints":{"allow":["GET"]}}],"collection":[{"href":"https:\/\/moverdb.com\/pt\/wp-json\/wp\/v2\/pages"}],"about":[{"href":"https:\/\/moverdb.com\/pt\/wp-json\/wp\/v2\/types\/page"}],"author":[{"embeddable":true,"href":"https:\/\/moverdb.com\/pt\/wp-json\/wp\/v2\/users\/1"}],"replies":[{"embeddable":true,"href":"https:\/\/moverdb.com\/pt\/wp-json\/wp\/v2\/comments?post=320"}],"version-history":[{"count":12,"href":"https:\/\/moverdb.com\/pt\/wp-json\/wp\/v2\/pages\/320\/revisions"}],"predecessor-version":[{"id":13173,"href":"https:\/\/moverdb.com\/pt\/wp-json\/wp\/v2\/pages\/320\/revisions\/13173"}],"wp:attachment":[{"href":"https:\/\/moverdb.com\/pt\/wp-json\/wp\/v2\/media?parent=320"}],"curies":[{"name":"wp","href":"https:\/\/api.w.org\/{rel}","templated":true}]}}