{"id":303,"date":"2016-05-03T20:16:23","date_gmt":"2016-05-03T20:16:23","guid":{"rendered":"http:\/\/moverdb.com\/?page_id=303"},"modified":"2026-01-08T13:18:30","modified_gmt":"2026-01-08T13:18:30","slug":"verde-crescimento","status":"publish","type":"page","link":"https:\/\/moverdb.com\/pt\/harrow-green\/","title":{"rendered":"Harrow Green International Mudan\u00e7as &amp; Mudan\u00e7as Revis\u00f5es"},"content":{"rendered":"<p>A Harrow Green \u00e9 especializada principalmente em mudan\u00e7as de empresas, tanto nacionais quanto internacionais. Abaixo est\u00e3o seus principais servi\u00e7os juntamente com an\u00e1lises sobre a empresa.<\/p>\n<h2>Servi\u00e7os de Remo\u00e7\u00e3o Harrow Green<\/h2>\n<p><strong>Mudan\u00e7a internacional<\/strong><\/p>\n<ul>\n<li> Servi\u00e7os de embalagem<\/li>\n<li> Transporte<\/li>\n<li> Servi\u00e7os de armazenagem<\/li>\n<li> Pacote de destino<\/li>\n<li> Seguros<\/li>\n<li> Servi\u00e7os de destino, tais como: faz-tudo, busca domiciliar e realoca\u00e7\u00e3o de animais<\/li>\n<\/ul>\n<p><strong>Mudan\u00e7as de empresas<\/strong><\/p>\n<ul>\n<li> Planejamento de espa\u00e7o<\/li>\n<li> Fornecimento de m\u00f3veis novos<\/li>\n<li> Desmontagem e remontagem de m\u00f3veis existentes<\/li>\n<li> Descarte ecol\u00f3gico de equipamentos indesejados<\/li>\n<li> Programas de reciclagem e reutiliza\u00e7\u00e3o<\/li>\n<li> Solu\u00e7\u00f5es de armazenamento fora do local<\/li>\n<li> Aluguel de caixas<\/li>\n<\/ul>\n<p><strong>Relocaliza\u00e7\u00e3o de tecnologia<\/strong><\/p>\n<ul>\n<li> O servi\u00e7o principal inclui PCs, esta\u00e7\u00f5es de trabalho e todos os perif\u00e9ricos (tais como impressoras e scanners), bem como equipamento de voz e dados de mesa<\/li>\n<li> Auditoria pr\u00e9-movimento detalhada<\/li>\n<li> Atualiza\u00e7\u00f5es de sistema<\/li>\n<\/ul>\n<p><strong>Reciclagem e reutiliza\u00e7\u00e3o<\/strong><\/p>\n<ul>\n<li> Doa\u00e7\u00e3o caritativa<\/li>\n<li> Re-venda<\/li>\n<li> Remodela\u00e7\u00e3o<\/li>\n<li> Reciclagem<\/li>\n<li> Autoriza\u00e7\u00e3o do escrit\u00f3rio<\/li>\n<\/ul>\n<p><strong>Servi\u00e7os de armazenagem<\/strong><\/p>\n<ul>\n<li> Armazenamento de m\u00f3veis<\/li>\n<li> Controle e gest\u00e3o de estoques<\/li>\n<li> Patrim\u00f4nio e armazenamento especializado<\/li>\n<\/ul>\n<p><strong>Gerenciamento de registros<\/strong><\/p>\n<ul>\n<li> Armazenamento de documentos<\/li>\n<li> Rastreamento de documentos on-line<\/li>\n<li> Varredura sob demanda<\/li>\n<li> Seguran\u00e7a no armazenamento de documentos<\/li>\n<li> Seguran\u00e7a patrimonial<\/li>\n<li> Armazenamento em nuvem<\/li>\n<li> Armazenamento de fitas<\/li>\n<li> Escrit\u00f3rio dom\u00e9stico e pessoal<\/li>\n<\/ul>\n<h2>Perfil da Harrow Green Company<\/h2>\n<p>A Harrow Green tem tr\u00eas d\u00e9cadas de experi\u00eancia em relocaliza\u00e7\u00e3o de empresas e expandiu seus servi\u00e7os ao longo dos anos para atender \u00e0s necessidades dos clientes e suas organiza\u00e7\u00f5es em crescimento. <\/p>\n<p>Eles se descrevem como o principal motor comercial. A Harrow Green tem sido um parceiro de presta\u00e7\u00e3o de servi\u00e7os totalmente integrado da UBS por 20 anos.<\/p>\n<p>O neg\u00f3cio come\u00e7ou nos anos 80 gerenciando mudan\u00e7as de TI, acrescentando uma divis\u00e3o de gerenciamento de registros e mudan\u00e7as internacionais nos anos 90. A Harrow Green se concentra principalmente em mudan\u00e7as comerciais, principalmente organiza\u00e7\u00f5es empresariais, p\u00fablicas e de PMEs. <\/p>\n<p>No entanto, ela oferece servi\u00e7os pessoais limitados. <\/p>\n<p>A Harrow Green faz parte da Restore plc desde fevereiro de 2012, uma empresa que pretende ser l\u00edder de mercado. <a href=\"https:\/\/moverdb.com\/pt\/moving-to-the-uk\/\" data-internallinksmanager029f6b8e52c=\"93\" title=\"Mudando-se para o Reino Unido? 2026 Custos de Vida e Dicas de Reloca\u00e7\u00e3o\">REINO UNIDO<\/a> grupo de servi\u00e7os de escrit\u00f3rio. A Restore plc \u00e9 uma empresa de servi\u00e7os de apoio cotada pela AIM, que surgiu em 2004.<\/p>\n<p><strong>Pr\u00eamios<\/strong><\/p>\n<ul>\n<li> Finalista do Pr\u00eamio Parceria PFM<\/li>\n<li> Passagem Comercial do Ano 2014<\/li>\n<li> Pr\u00eamio Melhor Inova\u00e7\u00e3o em Servi\u00e7os FM<\/li>\n<li> Pr\u00eamio BIFM de Melhor Apoiador Corporativo<\/li>\n<li> Nomeado como \"um a ser observado\" pelas Melhores Empresas<\/li>\n<li> Lista restrita para um EMMA no <a href=\"https:\/\/moverdb.com\/pt\/moving-companies\/\" data-internallinksmanager029f6b8e52c=\"79\" title=\"As 25 maiores empresas de mudan\u00e7as internacionais on-line\">Empresa de Mudan\u00e7as Internacionais<\/a> da categoria do Ano<\/li>\n<li> Finalista na categoria Aprendizagem e Desenvolvimento de Carreira para o Pr\u00eamio BIFM 2015<\/li>\n<li> Finalista do Pr\u00eamio da C\u00e2mara de Com\u00e9rcio de East London\/Docklands Business<\/li>\n<li> UBS Vendedor do ano<\/li>\n<li> Finalistas para Excel\u00eancia no Atendimento ao Cliente em <a href=\"\" data-internallinksmanager029f6b8e52c=\"34\" title=\"Birmingham\">Birmingham<\/a> Pr\u00eamios da C\u00e2mara de Com\u00e9rcio.<\/li>\n<\/ul>\n<p><strong>Afilia\u00e7\u00e3o e Certificados<\/strong> <\/p>\n<ul>\n<li> SGS Padr\u00e3o de Excel\u00eancia no Atendimento ao Cliente<\/li>\n<li> Certificado BS 8522<\/li>\n<li> Sistemas de Gest\u00e3o de Qualidade ISO 9001 - Cert FS 34113<\/li>\n<li> <a href=\"https:\/\/moverdb.com\/pt\/fidi-faim\/\">Certificado FIDI FAIMPlus<\/a><\/li>\n<li> Aprovado pela JAUPT para ministrar treinamento<\/li>\n<li> Certificado Achilles\/UVDB (categoria B2)<\/li>\n<li> Certificado como conforme com o esquema de conformidade do setor de Contratantes Seguros<\/li>\n<li> Certificado como em conformidade com o esquema de conformidade do setor CHAS<\/li>\n<li> Certificado como conforme com o esquema de conformidade do setor de linhas de constru\u00e7\u00e3o<\/li>\n<li> Membro corporativo do British Institute of Facilities Management<\/li>\n<li> Parceiro estrat\u00e9gico da O'Neil para sistemas de gerenciamento de registros<\/li>\n<li> Membro de <a href=\"https:\/\/moverdb.com\/pt\/british-association-of-removers\/\">BAR, a Associa\u00e7\u00e3o Brit\u00e2nica de Removedores<\/a><\/li>\n<li> <a href=\"https:\/\/moverdb.com\/pt\/bar-overseas\/\">Grupo BAR Overseas<\/a><\/li>\n<li> <a href=\"https:\/\/moverdb.com\/pt\/fidi-faim\/\">Membro do FIDI<\/a>a organiza\u00e7\u00e3o que representa as empresas de mudan\u00e7as em todo o mundo<\/li>\n<li> Membro da RoSPA - A Real Sociedade de Preven\u00e7\u00e3o de Acidentes<\/li>\n<li> <a href=\"https:\/\/moverdb.com\/pt\/iam\/\">Membro do IAM - a Associa\u00e7\u00e3o Internacional de Remotores<\/a><\/li>\n<li> Membro e agente autorizado do The <a href=\"https:\/\/moverdb.com\/pt\/british-association-of-removers\/\" data-internallinksmanager029f6b8e52c=\"9\" title=\"Associa\u00e7\u00e3o Brit\u00e2nica de Removers (BAR) Explicada\">Associa\u00e7\u00e3o Brit\u00e2nica de Removedores<\/a> DBA a <a href=\"https:\/\/moverdb.com\/pt\/mtc\/\">Clube de Negocia\u00e7\u00e3o Movers<\/a> (<a href=\"https:\/\/moverdb.com\/pt\/mtc\/\" data-internallinksmanager029f6b8e52c=\"30\" title=\"Movers Trading Club (MTC) Explicado\">MTC<\/a>)<\/li>\n<\/ul>\n<h2>Revis\u00f5es da Harrow Green Removals<\/h2>\n<div itemprop=\"review\" itemscope itemtype=\"http:\/\/schema.org\/Review\">\n<span itemprop=\"author\" itemscope=\"\" itemtype=\"http:\/\/schema.org\/Organization\"><span itemprop=\"name\">MoverDB.com<\/span><\/span> Revis\u00e3o do site on-line para <span itemprop=\"itemreviewed\" itemscope=\"\" itemtype=\"http:\/\/schema.org\/Brand\"><span itemprop=\"name\">Verde Harrow<\/span><\/span>:<\/p>\n<ol>\n<li> Detalhes claros de contato no website (incluindo n\u00famero de telefone)? <strong>Sim<\/strong><\/li>\n<li> F\u00e1cil de obter <a href=\"https:\/\/moverdb.com\/pt\/citacoes\/\">cita\u00e7\u00f5es de mudan\u00e7as internacionais<\/a>? (Formul\u00e1rio de solicita\u00e7\u00e3o de or\u00e7amento on-line): <strong>Parcial<\/strong>H\u00e1 um formul\u00e1rio de e-mail, mas n\u00e3o um formul\u00e1rio de or\u00e7amento adequado.<\/li>\n<li> Informa\u00e7\u00f5es claras no site: <strong>Sim<\/strong>O site est\u00e1 bem disposto e \u00e9 f\u00e1cil de entender e usar. Tudo o que est\u00e1 faltando \u00e9 um formul\u00e1rio de pre\u00e7o\/cota\u00e7\u00e3o.<\/li>\n<li> Participa\u00e7\u00e3o em organiza\u00e7\u00f5es internacionais de mudan\u00e7as reconhecidas internacionalmente: <strong>Sim<\/strong><\/li>\n<li> Lista de clientes e\/ou depoimentos de clientes anteriores: <strong>Sim<\/strong><\/li>\n<\/ol>\n<div itemprop=\"reviewRating\" itemscope itemtype=\"http:\/\/schema.org\/Rating\"><meta itemprop=\"worstRating\" content = \"0\" \/><meta itemprop=\"bestRating\" content=\"5\" \/><meta itemprop=\"ratingValue\" content=\"4.5\"><\/div>\n<p><strong>Nota geral: 4,5\/5<\/strong><br \/>\n<strong>Data de revis\u00e3o:<\/strong> <span itemprop=\"datePublished\" content=\"2018-01-15\">15\/01\/2018<\/span>\n<\/div>\n<p>Mais sobre <a href=\"https:\/\/moverdb.com\/pt\/remocoes-internacionais\/\">Empresas de mudan\u00e7as do Reino Unido<\/a> e nosso <a href=\"https:\/\/moverdb.com\/pt\/criticas\/\">processo de revis\u00e3o explicado<\/a>.<\/p>\n<p><strong>Website:<\/strong> <a href=\"https:\/\/www.harrowgreeninternational.com\/\" target=\"_blank\" rel=\"noopener noreferrer\">https:\/\/www.harrowgreeninternational.com\/<\/a><\/p>","protected":false},"excerpt":{"rendered":"<p>Harrow Green specialise primarily in business removals, both domestic and international. Below are their core services along with reviews about the company. Harrow Green Removals Services International moving Packing services Transportation Storage services Destination package Insurance Destination services, such as handyman, home search and pet relocation Business removals Space planning New furniture supply Dismantling and [&hellip;]<\/p>\n","protected":false},"author":1,"featured_media":0,"parent":0,"menu_order":0,"comment_status":"closed","ping_status":"closed","template":"","meta":{"_genesis_hide_title":false,"_genesis_hide_breadcrumbs":false,"_genesis_hide_singular_image":false,"_genesis_hide_footer_widgets":false,"_genesis_custom_body_class":"","_genesis_custom_post_class":"","_genesis_layout":"","footnotes":""},"class_list":{"0":"post-303","1":"page","2":"type-page","3":"status-publish","5":"entry"},"_links":{"self":[{"href":"https:\/\/moverdb.com\/pt\/wp-json\/wp\/v2\/pages\/303","targetHints":{"allow":["GET"]}}],"collection":[{"href":"https:\/\/moverdb.com\/pt\/wp-json\/wp\/v2\/pages"}],"about":[{"href":"https:\/\/moverdb.com\/pt\/wp-json\/wp\/v2\/types\/page"}],"author":[{"embeddable":true,"href":"https:\/\/moverdb.com\/pt\/wp-json\/wp\/v2\/users\/1"}],"replies":[{"embeddable":true,"href":"https:\/\/moverdb.com\/pt\/wp-json\/wp\/v2\/comments?post=303"}],"version-history":[{"count":13,"href":"https:\/\/moverdb.com\/pt\/wp-json\/wp\/v2\/pages\/303\/revisions"}],"predecessor-version":[{"id":3300,"href":"https:\/\/moverdb.com\/pt\/wp-json\/wp\/v2\/pages\/303\/revisions\/3300"}],"wp:attachment":[{"href":"https:\/\/moverdb.com\/pt\/wp-json\/wp\/v2\/media?parent=303"}],"curies":[{"name":"wp","href":"https:\/\/api.w.org\/{rel}","templated":true}]}}