{"id":2804,"date":"2018-05-18T20:05:25","date_gmt":"2018-05-18T20:05:25","guid":{"rendered":"https:\/\/moverdb.com\/?page_id=2804"},"modified":"2026-01-08T14:48:10","modified_gmt":"2026-01-08T14:48:10","slug":"politica-de-processamento-de-dados","status":"publish","type":"page","link":"https:\/\/moverdb.com\/pt\/data-processing-policy\/","title":{"rendered":"Pol\u00edtica de processamento de dados"},"content":{"rendered":"<p>Esta Pol\u00edtica de Processamento de Dados explica em ingl\u00eas simples como a MoverDB.com processa os dados para que voc\u00ea possa fazer uma escolha informada sobre se deseja ou n\u00e3o utilizar nossos servi\u00e7os. N\u00f3s o criamos como uma resposta \u00e0 GDPR. Trata-se de um ingl\u00eas simples, detalhado, al\u00e9m de nosso <a href=\"https:\/\/moverdb.com\/pt\/politica-de-privacidade\/\">Pol\u00edtica de Privacidade<\/a> e <a href=\"https:\/\/moverdb.com\/pt\/termos-de-uso\/\">Termos e Condi\u00e7\u00f5es<\/a>.<\/p>\n<p>MoverDB.com \u00e9 um site gratuito e n\u00e3o h\u00e1 obriga\u00e7\u00e3o de se registrar e\/ou inserir quaisquer dados pessoais para utiliz\u00e1-lo. Todas as informa\u00e7\u00f5es s\u00e3o oferecidas gratuitamente para que qualquer pessoa as possa acessar.<\/p>\n<p>No entanto, coletamos e processamos dados de forma ativa e passiva, os quais, em nossa opini\u00e3o, voc\u00ea deve estar ciente. Todas as p\u00e1ginas e dados do site s\u00e3o enviados usando tecnologia SSL segura.<\/p>\n<p>Todas as nossas atividades ativas de processamento de dados (ver abaixo) s\u00e3o feitas em um <strong>base de consentimento<\/strong> e nossas atividades de processamento passivo de dados (ver abaixo) s\u00e3o realizadas em um <strong>base de interesse leg\u00edtimo<\/strong>. <\/p>\n<p>A MoverDB.com processa v\u00e1rios tipos de dados para v\u00e1rias finalidades diferentes, utilizando v\u00e1rios parceiros e plataformas de terceiros.<\/p>\n<p><strong>Atividades ativas de processamento de dados <\/strong><\/p>\n<p>Nossa principal atividade de processamento de dados \u00e9 ajudar as pessoas a obter cota\u00e7\u00f5es para mudan\u00e7as internacionais atrav\u00e9s de um servi\u00e7o de cota\u00e7\u00e3o gratuito e sem compromisso. Ele destina-se a ser utilizado por indiv\u00edduos dentro e fora da UE.<\/p>\n<p>Por favor, esteja ciente de que a MoverDB.com n\u00e3o fornece cita\u00e7\u00f5es em si, mas que, em vez disso, estabeleceu uma parceria com <a href=\"https:\/\/moverdb.com\/pt\/international-removals\/\" data-internallinksmanager029f6b8e52c=\"27\" title=\"36 melhores empresas de mudan\u00e7as internacionais no Reino Unido\">Mudan\u00e7as internacionais<\/a> Direct, TriGlobal B.V. e MyMovingLoads para fornecer as cita\u00e7\u00f5es. Cada um deles, por sua vez, trabalha diretamente com seu pr\u00f3prio conjunto de <a href=\"https:\/\/moverdb.com\/pt\/moving-companies\/\" data-internallinksmanager029f6b8e52c=\"79\" title=\"As 25 maiores empresas de mudan\u00e7as internacionais on-line\">empresas de mudan\u00e7as<\/a>. <\/p>\n<p>Portanto, atuamos tanto como controlador de dados (j\u00e1 que lhes enviamos dados) quanto como processador de dados (j\u00e1 que eles informam usar quais dados precisam e decidem como process\u00e1-los). Todos os dados que coletamos em seu(s) nome(s) s\u00e3o necess\u00e1rios para ajudar a filtrar os fornecedores que possam ser adequados para voc\u00ea. Se voc\u00ea preferir n\u00e3o compartilhar certas informa\u00e7\u00f5es, voc\u00ea \u00e9 livre para faz\u00ea-lo, e ainda pode encontrar informa\u00e7\u00f5es gen\u00e9ricas <a href=\"https:\/\/moverdb.com\/pt\/transporte-de-conteineres\/\">informa\u00e7\u00f5es sobre pre\u00e7os aqui<\/a>.<\/p>\n<p>A empresa com a qual voc\u00ea lida depender\u00e1 da forma como seus dados s\u00e3o processados, tanto da forma que voc\u00ea usa quanto de onde voc\u00ea est\u00e1 se mudando.  <\/p>\n<p><strong>Formul\u00e1rio principal (no topo da p\u00e1gina)<\/strong><\/p>\n<p>Nossa forma principal se parece com esta:<\/p>\n<p><img loading=\"lazy\" decoding=\"async\" width=\"833\" height=\"365\" src=\"https:\/\/moverdb.com\/wp-content\/uploads\/Top-page-form.png\" alt=\"\" class=\"aligncenter size-full wp-image-3236\" srcset=\"https:\/\/moverdb.com\/wp-content\/uploads\/Top-page-form.png 833w, https:\/\/moverdb.com\/wp-content\/uploads\/Top-page-form-300x131.png 300w\" sizes=\"auto, (max-width: 833px) 100vw, 833px\" \/><\/p>\n<p>N\u00f3s mesmos coletamos os dados deste formul\u00e1rio e depois decidimos para onde eles s\u00e3o enviados.  <\/p>\n<p>Aqui est\u00e3o os dados que s\u00e3o coletados, e a raz\u00e3o para colet\u00e1-los:<\/p>\n<ul>\n<li> Para onde voc\u00ea est\u00e1 se mudando: Isto ajuda a obter cota\u00e7\u00f5es precisas e filtra as potenciais empresas de mudan\u00e7as.<\/li>\n<li> Endere\u00e7o atual\/C\u00f3digo Postal\/C\u00f3digo Postal\/Cidade\/Pa\u00eds: Isto ajuda a obter cota\u00e7\u00f5es precisas e filtra empresas em potencial de mudan\u00e7a.<\/li>\n<li> Para que cidade voc\u00ea est\u00e1 se mudando: Isto ajuda a obter cota\u00e7\u00f5es precisas e filtra as potenciais empresas de mudan\u00e7as.<\/li>\n<li> Tamanho estimado da mudan\u00e7a: Isto ajuda a obter cota\u00e7\u00f5es precisas e filtra as empresas de mudan\u00e7as potenciais.<\/li>\n<li> Itens a serem despachados: Isto ajuda a obter cota\u00e7\u00f5es precisas, filtra empresas em potencial de mudan\u00e7a e garante que voc\u00ea n\u00e3o est\u00e1 tentando transportar nada ilegal.<\/li>\n<li> Data prevista para a mudan\u00e7a: Isto ajuda a obter cota\u00e7\u00f5es precisas, tamb\u00e9m esteja ciente de que a maioria das empresas n\u00e3o pode dar cota\u00e7\u00f5es para mudan\u00e7as com mais de 3 meses de anteced\u00eancia.<\/li>\n<li> Seu nome: Assim, as empresas sabem com quem est\u00e3o lidando.<\/li>\n<li> Seu endere\u00e7o de e-mail: Onde or\u00e7amentos podem ser enviados e uma forma de entrar em contato com voc\u00ea sobre seu pedido.<\/li>\n<li> Seu n\u00famero de telefone: Necess\u00e1rio para que as empresas possam entrar em contato com voc\u00ea sobre sua cota\u00e7\u00e3o.<\/li>\n<\/ul>\n<p>Uma vez que todos os dados forem inseridos e voc\u00ea enviar o formul\u00e1rio, as seguintes a\u00e7\u00f5es ocorrer\u00e3o:<\/p>\n<ul>\n<li> Voc\u00ea ver\u00e1 nossa mensagem de agradecimento, que tamb\u00e9m inclui uma ferramenta de <a href=\"https:\/\/moverdb.com\/pt\/international-money-transfer-services\/currencies-direct-review\/\" data-internallinksmanager029f6b8e52c=\"237\" title=\"Currencies Direct International Money Transfer Review 2026\">Moedas Diretas<\/a> que podem ajudar a descobrir como trocar moeda estrangeira.<\/li>\n<li> Os dados do formul\u00e1rio s\u00e3o ent\u00e3o enviados via um webhook SSL seguro para Zapier.com, o que ajuda <a href=\"https:\/\/moverdb.com\/pt\/moving-to-the-united-states\/\" data-internallinksmanager029f6b8e52c=\"94\" title=\"Mudando-se para os Estados Unidos? 2026 Custos de Vida e Dicas de Reloca\u00e7\u00e3o\">n\u00f3s<\/a> para processar os dados atrav\u00e9s do que eles chamam de Zap.<\/li>\n<li> Assim que os dados s\u00e3o recebidos pelo Zapier.com, o Zap filtra todos os dados coletados para as Remo\u00e7\u00f5es Internacionais Diretas (movendo-se do <a href=\"https:\/\/moverdb.com\/pt\/moving-to-the-uk\/\" data-internallinksmanager029f6b8e52c=\"93\" title=\"Mudando-se para o Reino Unido? 2026 Custos de Vida e Dicas de Reloca\u00e7\u00e3o\">REINO UNIDO<\/a>) ou TriGlobal B.V. (movendo-se de qualquer outra parte do mundo) atrav\u00e9s de um webhook SSL seguro. Em seguida, eles verificar\u00e3o seus dados e enviar\u00e3o sua solicita\u00e7\u00e3o a at\u00e9 6 empresas de mudan\u00e7as relevantes que, por sua vez, poder\u00e3o contat\u00e1-lo via telefone e\/ou e-mail. Voc\u00ea n\u00e3o tem obriga\u00e7\u00e3o de adquirir nada e pode inform\u00e1-los de que n\u00e3o gostaria de prosseguir. Al\u00e9m disso, voc\u00ea tamb\u00e9m pode nos pedir para cancelar sua solicita\u00e7\u00e3o, utilizando nosso <a href=\"https:\/\/moverdb.com\/pt\/contato-us\/\">formul\u00e1rio de contato<\/a>.<\/li>\n<li> Ap\u00f3s o envio dos dados, o Zap enviar\u00e1 o endere\u00e7o de e-mail inserido no formul\u00e1rio para Mailchimp atrav\u00e9s de uma integra\u00e7\u00e3o Zapier. Isto ent\u00e3o acionar\u00e1 um e-mail autom\u00e1tico que confirma seu pedido e explica novamente o que esperar. Em seguida, enviar\u00e1 1 e-mail de acompanhamento cerca de 5 dias ap\u00f3s sua solicita\u00e7\u00e3o, dando-lhe mais informa\u00e7\u00f5es sobre a movimenta\u00e7\u00e3o de dinheiro para o exterior junto com suas mercadorias. Isto \u00e9 enviado porque descobrimos que muitas pessoas est\u00e3o confusas sobre suas v\u00e1rias op\u00e7\u00f5es quando se trata de enviar dinheiro para o exterior. Voc\u00ea pode facilmente cancelar a assinatura de todos os e-mails clicando no link de cancelamento na parte superior ou inferior de cada e-mail, o que cancelar\u00e1 todos os e-mails futuros. Tamb\u00e9m apagamos rotineiramente os e-mails pelo menos uma vez por ano.<\/li>\n<li> Nesta fase, o Zap est\u00e1 completo e o Zapier apagar\u00e1 automaticamente todos os dados dentro de 90 dias. Isto nos d\u00e1 tempo para ajudar a resolver nossos problemas, mas significa que os dados n\u00e3o s\u00e3o armazenados por mais tempo do que o necess\u00e1rio.<\/li>\n<li> Manteremos seu endere\u00e7o de e-mail (e nada mais) pfr at\u00e9 1 ano via Mailchimp.<\/li>\n<li> A International Removals Direct e a TriGlobal B.V. reter\u00e3o informa\u00e7\u00f5es enquanto suas pol\u00edticas internas assim o exigirem. Se voc\u00ea tiver alguma preocupa\u00e7\u00e3o sobre os dados que eles possam ter, entre em contato conosco e faremos o melhor para ajudar.<\/li>\n<\/ul>\n<p><strong>Formul\u00e1rio Secund\u00e1rio #1 (meio da p\u00e1gina)<\/strong><\/p>\n<p>Nosso formul\u00e1rio secund\u00e1rio #1 tem este aspecto.<\/p>\n<p><img loading=\"lazy\" decoding=\"async\" width=\"907\" height=\"512\" src=\"https:\/\/moverdb.com\/wp-content\/uploads\/bottom-page-form.png\" alt=\"\" class=\"aligncenter size-full wp-image-3235\" srcset=\"https:\/\/moverdb.com\/wp-content\/uploads\/bottom-page-form.png 907w, https:\/\/moverdb.com\/wp-content\/uploads\/bottom-page-form-300x169.png 300w\" sizes=\"auto, (max-width: 907px) 100vw, 907px\" \/><\/p>\n<p>Este formul\u00e1rio \u00e9 fornecido pela MyMovingLoads e n\u00f3s n\u00e3o controlamos como ele \u00e9 enviado ou processado. <\/p>\n<p>Aqui est\u00e3o os dados que eles coletam:<\/p>\n<ul>\n<li> Pa\u00eds de Origem\/Cidade e Pa\u00eds de Entrega e Cidade de Entrega: Isto ajuda a obter cota\u00e7\u00f5es precisas e filtra empresas em potencial de mudan\u00e7a.<\/li>\n<li> Data da mudan\u00e7a: Isto ajuda a obter cota\u00e7\u00f5es precisas, tamb\u00e9m esteja ciente de que a maioria das empresas n\u00e3o pode dar cota\u00e7\u00f5es para mudan\u00e7as com mais de 3 meses de anteced\u00eancia.<\/li>\n<li> Selecione o tamanho de sua casa: Isto ajuda a obter cota\u00e7\u00f5es precisas e filtra as potenciais empresas de mudan\u00e7as.<<\/li>\n<li> Primeiro e \u00faltimo nomes: Assim, as empresas sabem com quem est\u00e3o lidando.<\/li>\n<li> Seu telefone: Necess\u00e1rio para que as empresas possam entrar em contato com voc\u00ea sobre sua cota\u00e7\u00e3o.<\/li>\n<li> Seu e-mail: Onde or\u00e7amentos podem ser enviados e uma forma de entrar em contato com voc\u00ea sobre seu pedido.<\/li>\n<\/ul>\n<p>Uma vez que todos os dados forem inseridos e voc\u00ea enviar o formul\u00e1rio, as seguintes a\u00e7\u00f5es ocorrer\u00e3o:<\/p>\n<ul>\n<li> Voc\u00ea ver\u00e1 uma mensagem de agradecimento.<\/li>\n<li> Os dados ser\u00e3o enviados \u00e0 MyMovingLoads que os processar\u00e1 de acordo com seus termos de servi\u00e7o que voc\u00ea tem que concordar ao enviar o formul\u00e1rio.<\/li>\n<\/ul>\n<p><strong>Formul\u00e1rio Secund\u00e1rio #2 (Fim da p\u00e1gina)<\/strong><\/p>\n<p>Nosso formul\u00e1rio secund\u00e1rio #2 tem este aspecto:<\/p>\n<p><img loading=\"lazy\" decoding=\"async\" src=\"https:\/\/moverdb.com\/wp-content\/uploads\/Triglobal-form.png\" alt=\"\" width=\"597\" height=\"795\" class=\"aligncenter size-full wp-image-3269\" srcset=\"https:\/\/moverdb.com\/wp-content\/uploads\/Triglobal-form.png 597w, https:\/\/moverdb.com\/wp-content\/uploads\/Triglobal-form-225x300.png 225w\" sizes=\"auto, (max-width: 597px) 100vw, 597px\" \/><\/p>\n<p>Este formul\u00e1rio \u00e9 fornecido pela TriGlobal B.V. e n\u00e3o controlamos como ele \u00e9 enviado ou processado.<\/p>\n<p>Aqui est\u00e3o os dados que eles coletam:<\/p>\n<ul>\n<li> Detalhes relacionados ao endere\u00e7o atual e endere\u00e7o de entrega (Rua, CEP, Cidade e Pa\u00eds): Isto ajuda a obter cota\u00e7\u00f5es precisas e filtra as empresas de mudan\u00e7as potenciais.<\/li>\n<li> Tamanho m\u00f3vel: Ajuda a gerar cita\u00e7\u00f5es precisas<\/li>\n<li> Data da mudan\u00e7a: Isto ajuda a obter cota\u00e7\u00f5es precisas, tamb\u00e9m esteja ciente de que a maioria das empresas n\u00e3o pode dar cota\u00e7\u00f5es para mudan\u00e7as com mais de 3 meses de anteced\u00eancia.<\/li>\n<li> Est. volume em ft3 (opcional): Ajuda a gerar uma cota\u00e7\u00e3o mais precisa<\/li>\n<li> Embalagem\/montagem (opcional): Ajuda a dar-lhe uma cota\u00e7\u00e3o mais precisa<\/li>\n<li> Observa\u00e7\u00f5es (opcional): Aqui \u00e9 onde voc\u00ea pode acrescentar pedidos especiais, perguntas, etc.<\/li>\n<li> Tipo de movimento: Isto ajuda a enviar sua cota\u00e7\u00e3o para o departamento certo nas empresas de mudan\u00e7as<\/li>\n<li> Primeiro e nomes de fam\u00edlia: Assim, as empresas sabem com quem est\u00e3o lidando.<\/li>\n<li> Telefone #1: Necess\u00e1rio para que as empresas possam entrar em contato com voc\u00ea sobre sua cota\u00e7\u00e3o.<\/li>\n<li> Email: Onde or\u00e7amentos podem ser enviados e uma forma de entrar em contato com voc\u00ea sobre seu pedido.<\/li>\n<\/ul>\n<p>Uma vez que todos os dados forem inseridos e voc\u00ea enviar o formul\u00e1rio, as seguintes a\u00e7\u00f5es ocorrer\u00e3o:<\/p>\n<ul>\n<li> Voc\u00ea ver\u00e1 uma mensagem de agradecimento.<\/li>\n<li> Os dados ser\u00e3o enviados \u00e0 TriGlobal B.V., que os processar\u00e1 de acordo com seus termos de servi\u00e7o.<\/li>\n<\/ul>\n<p><strong>Atividades de Processamento Passivo de Dados <\/strong><\/p>\n<p>Utilizamos as seguintes ferramentas de terceiros para nos ajudar a administrar um website utiliz\u00e1vel. Eles n\u00e3o compartilham conosco nenhuma informa\u00e7\u00e3o pessoal sobre voc\u00ea, mas ainda assim podem coletar informa\u00e7\u00f5es sobre voc\u00ea e\/ou seu computador que possam ser consideradas informa\u00e7\u00f5es pessoais.<\/p>\n<p>A seguir, delineamos para que usamos cada um deles e onde voc\u00ea pode saber mais sobre como eles podem coletar e usar dados pessoais:<\/p>\n<p><strong>Google Analytics:<\/strong> Usamos isto para rastrear como as pessoas utilizam nosso website de forma agregada. N\u00e3o o usamos para rastrear usu\u00e1rios individuais. Aqui est\u00e3o as principais configura\u00e7\u00f5es que estamos usando atualmente:<\/p>\n<ul>\n<li>Remarketing: OFF<\/li>\n<li>Recursos de Relat\u00f3rios de Publicidade: OFF<\/li>\n<li>Reten\u00e7\u00e3o de dados de usu\u00e1rios e eventos: Definido para expirar ap\u00f3s 14 meses (a op\u00e7\u00e3o mais curta oferecida)<\/li>\n<li>Reinicializa\u00e7\u00e3o de novas atividades: ON<\/li>\n<li>Identifica\u00e7\u00e3o do usu\u00e1rio: OFF<\/li>\n<li>Altera\u00e7\u00e3o aceita do processamento de dados da GDPR<\/li>\n<\/ul>\n<p>O Google oferece atualmente uma op\u00e7\u00e3o de exclus\u00e3o do Analytics <a href=\"https:\/\/support.google.com\/analytics\/answer\/181881?hl=en\" rel=\"noopener\" target=\"_blank\">aqui<\/a> ou voc\u00ea pode usar uma ferramenta de terceiros, como <a href=\"https:\/\/www.ghostery.com\/\" rel=\"noopener\" target=\"_blank\">Ghostery<\/a>.<\/p>\n<p><strong>Gr\u00e1fico Social Facebook:<\/strong> Isto \u00e9 usado para ajudar a facilitar o compartilhamento de conte\u00fado de nosso site e blog no Facebook e para que as pessoas vejam com que freq\u00fc\u00eancia o conte\u00fado tem sido desfeito. N\u00e3o o usamos para qualquer remarketing ou redirecionamento. Veja Facebook's <a href=\"https:\/\/www.facebook.com\/help\/1701730696756992\/?helpref=hc_fnav\" rel=\"noopener\" target=\"_blank\">P\u00e1gina de dados<\/a> para saber mais sobre como eles utilizam seus dados.<\/p>\n<p><strong>Compartilhamento de M\u00eddias Sociais:<\/strong> Al\u00e9m do Facebook Social Graph, tamb\u00e9m temos bot\u00f5es de compartilhamento G+, Twitter e LinkedIn em nosso site para ajudar a facilitar o compartilhamento de nosso conte\u00fado nessas plataformas. Voc\u00ea pode ver <a href=\"https:\/\/policies.google.com\/privacy\" rel=\"noopener\" target=\"_blank\">Pol\u00edtica de privacidade G+ aqui<\/a>, Twitter's <a href=\"https:\/\/twitter.com\/en\/privacy\" rel=\"noopener\" target=\"_blank\">Pol\u00edtica de Privacidade<\/a> aqui e <a href=\"https:\/\/www.linkedin.com\/legal\/privacy-policy\" rel=\"noopener\" target=\"_blank\">Pol\u00edtica de Privacidade do LinkedIn aqui<\/a>.<\/p>\n<p><strong>Links Externos \/ Afiliados:<\/strong> \u00c0s vezes rastreamos links externos atrav\u00e9s do Google Analytics e\/ou plataformas de rastreamento de afiliados de terceiros. Qualquer tipo de rastreamento s\u00f3 ocorre se voc\u00ea clicar em um link externo. No final de cada p\u00e1gina onde isso ocorre, revelamos quais links s\u00e3o links de afiliados, mas se voc\u00ea estiver preocupado com isso, a op\u00e7\u00e3o mais simples \u00e9 n\u00e3o clicar em links externos de nosso site.<\/p>\n<p><strong>Webhosting:<\/strong> Usamos o StudioPress Sites para hospedar nosso site. Como a maioria das empresas de webhosting, elas mant\u00eam logs de websites, embora n\u00f3s n\u00e3o tenhamos acesso direto a eles. Voc\u00ea pode saber mais sobre os dados que elas podem ter sobre seus <a href=\"https:\/\/www.studiopress.com\/privacy-policy\/\" rel=\"noopener\" target=\"_blank\">pol\u00edtica de privacidade<\/a>.<\/p>","protected":false},"excerpt":{"rendered":"<p>This Data Processing Policy explains in plain English how MoverDB.com processes data so you can make an informed choice about whether or not you&#8217;d like to use our services. We&#8217;ve created it as a response to GDPR. It is a plain English, detailed, addition to our Privacy Policy and Terms and Conditions. MoverDB.com is a [&hellip;]<\/p>\n","protected":false},"author":1,"featured_media":0,"parent":0,"menu_order":0,"comment_status":"closed","ping_status":"closed","template":"","meta":{"_genesis_hide_title":false,"_genesis_hide_breadcrumbs":false,"_genesis_hide_singular_image":false,"_genesis_hide_footer_widgets":false,"_genesis_custom_body_class":"","_genesis_custom_post_class":"","_genesis_layout":"","footnotes":""},"class_list":{"0":"post-2804","1":"page","2":"type-page","3":"status-publish","5":"entry","6":"has-post-thumbnail"},"_links":{"self":[{"href":"https:\/\/moverdb.com\/pt\/wp-json\/wp\/v2\/pages\/2804","targetHints":{"allow":["GET"]}}],"collection":[{"href":"https:\/\/moverdb.com\/pt\/wp-json\/wp\/v2\/pages"}],"about":[{"href":"https:\/\/moverdb.com\/pt\/wp-json\/wp\/v2\/types\/page"}],"author":[{"embeddable":true,"href":"https:\/\/moverdb.com\/pt\/wp-json\/wp\/v2\/users\/1"}],"replies":[{"embeddable":true,"href":"https:\/\/moverdb.com\/pt\/wp-json\/wp\/v2\/comments?post=2804"}],"version-history":[{"count":16,"href":"https:\/\/moverdb.com\/pt\/wp-json\/wp\/v2\/pages\/2804\/revisions"}],"predecessor-version":[{"id":3270,"href":"https:\/\/moverdb.com\/pt\/wp-json\/wp\/v2\/pages\/2804\/revisions\/3270"}],"wp:attachment":[{"href":"https:\/\/moverdb.com\/pt\/wp-json\/wp\/v2\/media?parent=2804"}],"curies":[{"name":"wp","href":"https:\/\/api.w.org\/{rel}","templated":true}]}}