{"id":2752,"date":"2017-05-09T16:25:21","date_gmt":"2017-05-09T16:25:21","guid":{"rendered":"https:\/\/moverdb.com\/?page_id=2752"},"modified":"2026-01-08T14:47:12","modified_gmt":"2026-01-08T14:47:12","slug":"transporte-de-carro-transporte-embarque","status":"publish","type":"page","link":"https:\/\/moverdb.com\/pt\/car-transport-shipping\/","title":{"rendered":"2026 Cota\u00e7\u00f5es de transporte internacional de carros e envio de ve\u00edculos"},"content":{"rendered":"<p>Procurando o transporte internacional de carros ou o envio de ve\u00edculos, mas n\u00e3o sabe por onde come\u00e7ar? Podemos ajud\u00e1-lo com tudo, desde empresas a custos e cota\u00e7\u00f5es. <\/p>\n<p>Voc\u00ea pode come\u00e7ar imediatamente usando nosso formul\u00e1rio de or\u00e7amento acima, ou continuar lendo nosso guia abaixo para obter mais informa\u00e7\u00f5es.<\/p>\n<p><img loading=\"lazy\" decoding=\"async\" width=\"720\" height=\"480\" src=\"https:\/\/moverdb.com\/wp-content\/uploads\/car-transport-shipping.jpg\" alt=\"2019 Cota\u00e7\u00f5es de Transporte Internacional de Ve\u00edculos e Transporte de Ve\u00edculos\" class=\"aligncenter size-full wp-image-2753\" srcset=\"https:\/\/moverdb.com\/wp-content\/uploads\/car-transport-shipping.jpg 720w, https:\/\/moverdb.com\/wp-content\/uploads\/car-transport-shipping-300x200.jpg 300w, https:\/\/moverdb.com\/wp-content\/uploads\/car-transport-shipping-600x400.jpg 600w\" sizes=\"auto, (max-width: 720px) 100vw, 720px\" \/><\/p>\n<div id=\"ez-toc-container\" class=\"ez-toc-v2_0_82_2 ez-toc-wrap-left counter-hierarchy ez-toc-counter ez-toc-transparent ez-toc-container-direction\">\n<div class=\"ez-toc-title-container\">\n<p class=\"ez-toc-title\" style=\"cursor:inherit\">Se\u00e7\u00f5es<\/p>\n<span class=\"ez-toc-title-toggle\"><a href=\"#\" class=\"ez-toc-pull-right ez-toc-btn ez-toc-btn-xs ez-toc-btn-default ez-toc-toggle\" aria-label=\"Alternar tabela de conte\u00fado\"><span class=\"ez-toc-js-icon-con\"><span class=\"\"><span class=\"eztoc-hide\" style=\"display:none;\">Alternar<\/span><span class=\"ez-toc-icon-toggle-span\"><svg style=\"fill: #999;color:#999\" xmlns=\"http:\/\/www.w3.org\/2000\/svg\" class=\"list-377408\" width=\"20px\" height=\"20px\" viewbox=\"0 0 24 24\" fill=\"none\"><path d=\"M6 6H4v2h2V6zm14 0H8v2h12V6zM4 11h2v2H4v-2zm16 0H8v2h12v-2zM4 16h2v2H4v-2zm16 0H8v2h12v-2z\" fill=\"currentColor\"><\/path><\/svg><svg style=\"fill: #999;color:#999\" class=\"arrow-unsorted-368013\" xmlns=\"http:\/\/www.w3.org\/2000\/svg\" width=\"10px\" height=\"10px\" viewbox=\"0 0 24 24\" version=\"1.2\" baseprofile=\"tiny\"><path d=\"M18.2 9.3l-6.2-6.3-6.2 6.3c-.2.2-.3.4-.3.7s.1.5.3.7c.2.2.4.3.7.3h11c.3 0 .5-.1.7-.3.2-.2.3-.5.3-.7s-.1-.5-.3-.7zM5.8 14.7l6.2 6.3 6.2-6.3c.2-.2.3-.5.3-.7s-.1-.5-.3-.7c-.2-.2-.4-.3-.7-.3h-11c-.3 0-.5.1-.7.3-.2.2-.3.5-.3.7s.1.5.3.7z\"\/><\/svg><\/span><\/span><\/span><\/a><\/span><\/div>\n<nav><ul class='ez-toc-list ez-toc-list-level-1 eztoc-toggle-hide-by-default' ><li class='ez-toc-page-1 ez-toc-heading-level-2'><a class=\"ez-toc-link ez-toc-heading-1\" href=\"https:\/\/moverdb.com\/pt\/car-transport-shipping\/#Auto_Transport_Companies\" >Empresas de transporte automotivo<\/a><ul class='ez-toc-list-level-3' ><li class='ez-toc-heading-level-3'><a class=\"ez-toc-link ez-toc-heading-2\" href=\"https:\/\/moverdb.com\/pt\/car-transport-shipping\/#US_Canadian_Auto_Transport_Companies\" >Empresas de transporte automotivo americanas e canadenses<\/a><\/li><li class='ez-toc-page-1 ez-toc-heading-level-3'><a class=\"ez-toc-link ez-toc-heading-3\" href=\"https:\/\/moverdb.com\/pt\/car-transport-shipping\/#UK_Car_Transport_Companies\" >Empresas brit\u00e2nicas de transporte de carros<\/a><\/li><li class='ez-toc-page-1 ez-toc-heading-level-3'><a class=\"ez-toc-link ez-toc-heading-4\" href=\"https:\/\/moverdb.com\/pt\/car-transport-shipping\/#Australian_Car_Transport_Companies\" >Empresas australianas de transporte de carros<\/a><\/li><\/ul><\/li><li class='ez-toc-page-1 ez-toc-heading-level-2'><a class=\"ez-toc-link ez-toc-heading-5\" href=\"https:\/\/moverdb.com\/pt\/car-transport-shipping\/#International_Car_Transport_Costs\" >Custos de Transporte Internacional de Autom\u00f3veis<\/a><ul class='ez-toc-list-level-3' ><li class='ez-toc-heading-level-3'><a class=\"ez-toc-link ez-toc-heading-6\" href=\"https:\/\/moverdb.com\/pt\/car-transport-shipping\/#Car_Transport_Taxes\" >Impostos sobre o transporte de carros<\/a><\/li><\/ul><\/li><li class='ez-toc-page-1 ez-toc-heading-level-2'><a class=\"ez-toc-link ez-toc-heading-7\" href=\"https:\/\/moverdb.com\/pt\/car-transport-shipping\/#International_Vehicle_Shipping_Documentation\" >Documenta\u00e7\u00e3o de Envio Internacional de Ve\u00edculos<\/a><\/li><li class='ez-toc-page-1 ez-toc-heading-level-2'><a class=\"ez-toc-link ez-toc-heading-8\" href=\"https:\/\/moverdb.com\/pt\/car-transport-shipping\/#Other_Car_Transport_Tips\" >Outras dicas para o transporte de carros<\/a><\/li><li class='ez-toc-page-1 ez-toc-heading-level-2'><a class=\"ez-toc-link ez-toc-heading-9\" href=\"https:\/\/moverdb.com\/pt\/car-transport-shipping\/#Car_Transport_Quotes\" >Cota\u00e7\u00f5es de transporte de carros<\/a><\/li><\/ul><\/nav><\/div>\n<h2><span class=\"ez-toc-section\" id=\"Auto_Transport_Companies\"><\/span>Empresas de transporte automotivo<span class=\"ez-toc-section-end\"><\/span><\/h2>\n<p>O mercado internacional de autom\u00f3veis e transportes automotivos \u00e9 extremamente fragmentado, com centenas ou possivelmente milhares de pequenas empresas operando globalmente. A seguir listamos algumas das empresas mais populares especializadas no transporte de autom\u00f3veis. <\/p>\n<p>No entanto, voc\u00ea tamb\u00e9m deve ter a certeza de receber cita\u00e7\u00f5es de <a href=\"https:\/\/moverdb.com\/pt\/mudancas-empresas\/\">principais empresas de mudan\u00e7as internacionais<\/a> e <a href=\"https:\/\/moverdb.com\/pt\/transitario-de-carga\/\">agentes de carga<\/a> para ter certeza de que voc\u00ea est\u00e1 obtendo um acordo justo.<\/p>\n<p>Alternativamente, voc\u00ea pode simplesmente ir ao topo da p\u00e1gina e preencher nosso formul\u00e1rio de or\u00e7amento para encontrar empresas rapidamente. <\/p>\n<h3><span class=\"ez-toc-section\" id=\"US_Canadian_Auto_Transport_Companies\"><\/span>Empresas de transporte automotivo americanas e canadenses<span class=\"ez-toc-section-end\"><\/span><\/h3>\n<ul>\n<li> A-1 Transporte Autom\u00f3vel<\/li>\n<li> Transporte Autom\u00f3vel Americano<\/li>\n<li> AmeriFreight<\/li>\n<li> Transporte C.A.R.<\/li>\n<li> Expedidores Confi\u00e1veis de Autom\u00f3veis (DAS)<\/li>\n<li> eShip<\/li>\n<li> Embarcadores Automotores Executivos<\/li>\n<li> Transporte de pescador<\/li>\n<li> Rei do Transporte Rodovi\u00e1rio<\/li>\n<li> Transporte Autom\u00f3vel Montway<\/li>\n<li> Transporte Automotivo Prostar<\/li>\n<li> Envie um carro direto<\/li>\n<li> Envie seu carro agora<\/li>\n<li> Transporte de ve\u00edculos do Estado<\/li>\n<li> Frete de autom\u00f3veis econ\u00f4mico<\/li>\n<li> N\u00f3s o transportaremos<\/li>\n<\/ul>\n<h3><span class=\"ez-toc-section\" id=\"UK_Car_Transport_Companies\"><\/span>Empresas brit\u00e2nicas de transporte de carros<span class=\"ez-toc-section-end\"><\/span><\/h3>\n<ul>\n<li> Acumen Automotive Logistics<\/li>\n<li> AutoShippers<\/li>\n<li> Quoter de transporte de carros<\/li>\n<li> Servi\u00e7os cl\u00e1ssicos de reloca\u00e7\u00e3o automotiva<\/li>\n<li> Transporte de carros Quinns<\/li>\n<li> Deslocar um carro<\/li>\n<li> Transporte de ve\u00edculos da White<\/li>\n<li> Woodside Motorfreight<\/li>\n<\/ul>\n<p>Confira tamb\u00e9m nosso <a href=\"https:\/\/moverdb.com\/pt\/remocoes-internacionais\/\">mudan\u00e7as internacionais<\/a> p\u00e1gina.<\/p>\n<h3><span class=\"ez-toc-section\" id=\"Australian_Car_Transport_Companies\"><\/span>Empresas australianas de transporte de carros<span class=\"ez-toc-section-end\"><\/span><\/h3>\n<ul>\n<li> ACR <a href=\"https:\/\/moverdb.com\/pt\/moving-to-australia\/living-in-australia\/\" data-internallinksmanager029f6b8e52c=\"240\" title=\"21 Segredos sobre viver na Austr\u00e1lia para saber antes de se mudar\">Austr\u00e1lia<\/a><\/li>\n<li> Transporte de carros australianos<\/li>\n<li> Auto-Log\u00edstica<\/li>\n<li> Transporte Expresso de Autom\u00f3veis<\/li>\n<li> Transporte de porta em porta<\/li>\n<li> CEVA Carrying<\/li>\n<li> Carros em movimento<\/li>\n<li> Transporte PrixCar<\/li>\n<li> SMB Australia Car Transport<\/li>\n<li> Ped\u00e1gio<\/li>\n<\/ul>\n<h2><span class=\"ez-toc-section\" id=\"International_Car_Transport_Costs\"><\/span>Custos de Transporte Internacional de Autom\u00f3veis<span class=\"ez-toc-section-end\"><\/span><\/h2>\n<p>Os custos de transporte e envio variam muito dependendo da rapidez com que voc\u00ea precisa de seu ve\u00edculo e de seu m\u00e9todo de envio. Se o transporte por mar atrav\u00e9s de um cont\u00eainer de embarque, seus custos podem ser t\u00e3o baixos quanto algumas centenas de d\u00f3lares, mas podem demorar bem mais de um m\u00eas. <\/p>\n<p>Voc\u00ea pode economizar ainda mais dinheiro se n\u00e3o precisar de servi\u00e7o porta-a-porta e, em vez disso, optar por ir buscar seu carro ao local mais pr\u00f3ximo <a href=\"https:\/\/moverdb.com\/pt\/top-49-container-ports\/\" data-internallinksmanager029f6b8e52c=\"80\" title=\"Os 49 maiores e mais movimentados portos de cont\u00eaineres em 2025\">porto<\/a> se o envio por via mar\u00edtima atrav\u00e9s de um embarque RoRo (Roll on Roll off).<\/p>\n<p>Voc\u00ea pode aprender mais lendo nosso guia: <a href=\"https:\/\/moverdb.com\/pt\/transporte-de-conteineres\/\">Taxas e custos de transporte internacional de cont\u00eaineres<\/a><\/p>\n<p>Para movimenta\u00e7\u00f5es dentro de um continente (por exemplo <a href=\"https:\/\/moverdb.com\/pt\/moving-to-the-united-states\/\" data-internallinksmanager029f6b8e52c=\"94\" title=\"Mudando-se para os Estados Unidos? 2026 Custos de Vida e Dicas de Reloca\u00e7\u00e3o\">US<\/a> para <a href=\"https:\/\/moverdb.com\/pt\/moving-to-canada\/\" data-internallinksmanager029f6b8e52c=\"265\" title=\"Mudan\u00e7a para o Canad\u00e1? 2026 Custos de Vida e Dicas de Reloca\u00e7\u00e3o\">Canad\u00e1<\/a>, <a href=\"https:\/\/moverdb.com\/pt\/moving-to-the-uk\/\" data-internallinksmanager029f6b8e52c=\"93\" title=\"Mudando-se para o Reino Unido? 2026 Custos de Vida e Dicas de Reloca\u00e7\u00e3o\">REINO UNIDO<\/a> para <a href=\"https:\/\/moverdb.com\/pt\/moving-to-spain\/\" data-internallinksmanager029f6b8e52c=\"266\" title=\"Mudando-se para a Espanha? 2026 Custos de Vida e Dicas de Reloca\u00e7\u00e3o\">Espanha<\/a>), etc.) voc\u00ea pode alugar um carro transportador para dirigir seu carro para voc\u00ea, assumindo que seu carro esteja em condi\u00e7\u00f5es de funcionamento. Isto muitas vezes custar\u00e1 substancialmente mais (at\u00e9 alguns milhares de d\u00f3lares, libras ou euros), mas significa que voc\u00ea pode obter seu carro em poucos dias em vez de semanas. <\/p>\n<p>Se seu carro n\u00e3o estiver em condi\u00e7\u00f5es de funcionamento, ent\u00e3o voc\u00ea precisar\u00e1 enviar atrav\u00e9s de um reboque ou outra especialidade em movimento. <\/p>\n<p>A op\u00e7\u00e3o mais cara \u00e9 enviar por via a\u00e9rea, mas isso geralmente n\u00e3o \u00e9 recomendado, pois os custos s\u00e3o proibitivos.<\/p>\n<p><strong>Outras coisas que afetam os custos:<\/strong><\/p>\n<ul>\n<li> <strong>Dist\u00e2ncia:<\/strong> Quanto mais voc\u00ea enviar, mais caro ser\u00e1 o total, embora voc\u00ea deva pagar substancialmente menos por milha.<\/li>\n<li> <strong>\u00c9poca do ano:<\/strong> Certas \u00e9pocas do ano s\u00e3o mais caras do que outras para determinadas rotas.<\/li>\n<li> <strong>Lead time:<\/strong> Quanto mais adiantado voc\u00ea puder come\u00e7ar a obter cota\u00e7\u00f5es, melhor, pois os pre\u00e7os sobem substancialmente para uma reviravolta mais r\u00e1pida.<\/li>\n<li> <strong>Caminh\u00e3o Aberto x Caminh\u00e3o Fechado:<\/strong> Caminh\u00f5es abertos s\u00e3o mais baratos, mas geralmente t\u00eam um risco maior de danos em compara\u00e7\u00e3o com caminh\u00f5es fechados. <\/li>\n<\/ul>\n<h3><span class=\"ez-toc-section\" id=\"Car_Transport_Taxes\"><\/span>Impostos sobre o transporte de carros<span class=\"ez-toc-section-end\"><\/span><\/h3>\n<p>Dependendo de para onde voc\u00ea estiver enviando seu carro, voc\u00ea pode ter que pagar impostos substanciais. Por exemplo, os carros <a href=\"https:\/\/moverdb.com\/pt\/embarque-para-o-singapore\/\">enviado para Cingapura<\/a> incorrer\u00e1 em um imposto de importa\u00e7\u00e3o 20% sobre o valor aduaneiro do carro. <\/p>\n<p>Muitos pa\u00edses europeus cobram taxas de importa\u00e7\u00e3o de cerca de 10%, mas tamb\u00e9m podem cobrar IVA sobre este valor, que pode acrescentar um adicional de 20%, dependendo de como o carro ser\u00e1 utilizado. <\/p>\n<p>Portanto, certifique-se de or\u00e7ar para isto, ao receber suas cota\u00e7\u00f5es e antes de enviar seu carro de fato. Em alguns casos, pode ser mais barato e mais f\u00e1cil simplesmente comprar um carro novo em vez de enviar o carro antigo.  <\/p>\n<h2><span class=\"ez-toc-section\" id=\"International_Vehicle_Shipping_Documentation\"><\/span>Documenta\u00e7\u00e3o de Envio Internacional de Ve\u00edculos<span class=\"ez-toc-section-end\"><\/span><\/h2>\n<p>Para enviar seu carro ou outros ve\u00edculos internacionalmente, voc\u00ea precisar\u00e1 ter uma quantidade decente de documenta\u00e7\u00e3o. Os reuqiremnts variam de acordo com o pa\u00eds, portanto sempre verifique antes de enviar. Os documentos comuns exigidos incluem:<\/p>\n<ul>\n<li> T\u00edtulo original do ve\u00edculo<\/li>\n<li> Certificado de origem<\/li>\n<li> Conhecimento de embarque<\/li>\n<li> Documentos de seguro<\/li>\n<\/ul>\n<h2><span class=\"ez-toc-section\" id=\"Other_Car_Transport_Tips\"><\/span>Outras dicas para o transporte de carros<span class=\"ez-toc-section-end\"><\/span><\/h2>\n<ul>\n<li> <strong>Tire fotos:<\/strong> Certifique-se de tirar fotos com carimbo de data\/hora de seu ve\u00edculo antes de envi\u00e1-lo, caso haja algum dano. Se houver algum dano, certifique-se de tirar fotos imediatamente para minimizar as disputas.<\/li>\n<li> <strong>Seguros:<\/strong> Certifique-se de que seu seguro cobre toda a viagem de seu carro e qualquer pessoa que possa estar dirigindo-o.<\/li>\n<li> <strong>Remover pertences pessoais:<\/strong> Certifique-se de que todos os seus pertences pessoais sejam retirados de seu carro antes do embarque para que n\u00e3o se percam (ou sejam roubados!)<\/li>\n<li> <strong>Procure especialistas:<\/strong> Se voc\u00ea tem um carro cl\u00e1ssico ou um pouco incomum que voc\u00ea est\u00e1 procurando ter enviado, certifique-se de que a empresa que voc\u00ea escolher tenha experi\u00eancia em dirigi-los e\/ou envi\u00e1-los.<\/li>\n<li> <strong>Linhas do tempo:<\/strong> Certifique-se de saber quanto tempo levar\u00e1 para levar seu carro do ponto A ao B.<\/li>\n<li> <strong>Condi\u00e7\u00e3o de funcionamento:<\/strong> Certifique-se de verificar com sua empresa de transporte os n\u00edveis de g\u00e1s (gasolina), fluidos, press\u00e3o dos pneus, bateria, etc., antes de iniciar o processo de transporte. Por exemplo, se o transporte internacional por cont\u00eainer mar\u00edtimo, voc\u00ea pode querer esvaziar o tanque de g\u00e1s por completo. Por outro lado, se voc\u00ea estiver conseguindo algu\u00e9m para dirigir seu carro, voc\u00ea vai querer ter certeza de que tem um tanque de gasolina cheio.<\/li>\n<\/ul>\n<h2><span class=\"ez-toc-section\" id=\"Car_Transport_Quotes\"><\/span>Cota\u00e7\u00f5es de transporte de carros<span class=\"ez-toc-section-end\"><\/span><\/h2>\n<p>Voc\u00ea pode usar nosso formul\u00e1rio de or\u00e7amento no topo da p\u00e1gina para obter or\u00e7amentos de transporte internacional de carros. Entretanto, antes de aceitar qualquer cota\u00e7\u00e3o, certifique-se de compreender completamente quem ir\u00e1 dirigir ou enviar seu carro (em cada etapa da viagem), como seu ve\u00edculo estar\u00e1 segurado e ler as revis\u00f5es da empresa. <\/p>","protected":false},"excerpt":{"rendered":"<p>Looking for international car transport or vehicle shipping, but don&#8217;t know where to start? We can help you with everything from companies to costs to quotes. You can get started right away using our quote form above, or keep reading our guide below for more information. Auto Transport Companies The international car and auto transport [&hellip;]<\/p>\n","protected":false},"author":1,"featured_media":2753,"parent":0,"menu_order":0,"comment_status":"closed","ping_status":"closed","template":"","meta":{"_genesis_hide_title":false,"_genesis_hide_breadcrumbs":false,"_genesis_hide_singular_image":false,"_genesis_hide_footer_widgets":false,"_genesis_custom_body_class":"","_genesis_custom_post_class":"","_genesis_layout":"","footnotes":""},"class_list":{"0":"post-2752","1":"page","2":"type-page","3":"status-publish","4":"has-post-thumbnail","6":"entry"},"_links":{"self":[{"href":"https:\/\/moverdb.com\/pt\/wp-json\/wp\/v2\/pages\/2752","targetHints":{"allow":["GET"]}}],"collection":[{"href":"https:\/\/moverdb.com\/pt\/wp-json\/wp\/v2\/pages"}],"about":[{"href":"https:\/\/moverdb.com\/pt\/wp-json\/wp\/v2\/types\/page"}],"author":[{"embeddable":true,"href":"https:\/\/moverdb.com\/pt\/wp-json\/wp\/v2\/users\/1"}],"replies":[{"embeddable":true,"href":"https:\/\/moverdb.com\/pt\/wp-json\/wp\/v2\/comments?post=2752"}],"version-history":[{"count":18,"href":"https:\/\/moverdb.com\/pt\/wp-json\/wp\/v2\/pages\/2752\/revisions"}],"predecessor-version":[{"id":18593,"href":"https:\/\/moverdb.com\/pt\/wp-json\/wp\/v2\/pages\/2752\/revisions\/18593"}],"wp:featuredmedia":[{"embeddable":true,"href":"https:\/\/moverdb.com\/pt\/wp-json\/wp\/v2\/media\/2753"}],"wp:attachment":[{"href":"https:\/\/moverdb.com\/pt\/wp-json\/wp\/v2\/media?parent=2752"}],"curies":[{"name":"wp","href":"https:\/\/api.w.org\/{rel}","templated":true}]}}