{"id":2675,"date":"2017-05-03T15:16:49","date_gmt":"2017-05-03T15:16:49","guid":{"rendered":"https:\/\/moverdb.com\/?page_id=2675"},"modified":"2026-01-08T15:20:41","modified_gmt":"2026-01-08T15:20:41","slug":"embarque-para-o-singapore","status":"publish","type":"page","link":"https:\/\/moverdb.com\/pt\/shipping-to-singapore\/","title":{"rendered":"Remessa para Cingapura: O que voc\u00ea precisa saber"},"content":{"rendered":"<p><img loading=\"lazy\" decoding=\"async\" width=\"720\" height=\"313\" src=\"https:\/\/moverdb.com\/wp-content\/uploads\/shipping-to-singapore.png\" alt=\"Embarque para Cingapura\" class=\"aligncenter size-full wp-image-2676\" srcset=\"https:\/\/moverdb.com\/wp-content\/uploads\/shipping-to-singapore.png 720w, https:\/\/moverdb.com\/wp-content\/uploads\/shipping-to-singapore-300x130.png 300w, https:\/\/moverdb.com\/wp-content\/uploads\/shipping-to-singapore-600x261.png 600w\" sizes=\"auto, (max-width: 720px) 100vw, 720px\" \/><\/p>\n<p>Se voc\u00ea \u00e9 <a href=\"https:\/\/moverdb.com\/pt\/movendo-se-para-o-singapore\/\">Mudan\u00e7a para Cingapura<\/a> ou apenas procurando enviar alguns pacotes, n\u00f3s podemos ajud\u00e1-lo a encontrar os melhores neg\u00f3cios de remessa do <a href=\"https:\/\/moverdb.com\/pt\/moving-to-the-united-states\/\" data-internallinksmanager029f6b8e52c=\"94\" title=\"Mudando-se para os Estados Unidos? 2026 Custos de Vida e Dicas de Reloca\u00e7\u00e3o\">US<\/a>, <a href=\"https:\/\/moverdb.com\/pt\/moving-to-the-uk\/\" data-internallinksmanager029f6b8e52c=\"93\" title=\"Mudando-se para o Reino Unido? 2026 Custos de Vida e Dicas de Reloca\u00e7\u00e3o\">REINO UNIDO<\/a>, <a href=\"https:\/\/moverdb.com\/pt\/moving-to-australia\/living-in-australia\/\" data-internallinksmanager029f6b8e52c=\"240\" title=\"21 Segredos sobre viver na Austr\u00e1lia para saber antes de se mudar\">Austr\u00e1lia<\/a>, <a href=\"https:\/\/moverdb.com\/pt\/moving-to-canada\/\" data-internallinksmanager029f6b8e52c=\"265\" title=\"Mudan\u00e7a para o Canad\u00e1? 2026 Custos de Vida e Dicas de Reloca\u00e7\u00e3o\">Canad\u00e1<\/a>, <a href=\"https:\/\/moverdb.com\/pt\/moving-to-france\/\" data-internallinksmanager029f6b8e52c=\"315\" title=\"Est\u00e1 se mudando para a Fran\u00e7a? 2026 Custo de vida e dicas de realoca\u00e7\u00e3o\">Fran\u00e7a<\/a>, <a href=\"https:\/\/moverdb.com\/pt\/moving-to-hong-kong\/\" data-internallinksmanager029f6b8e52c=\"350\" title=\"Est\u00e1 se mudando para Hong Kong? 2026 Custo de vida e dicas de realoca\u00e7\u00e3o\">Hong Kong<\/a>, <a href=\"https:\/\/moverdb.com\/pt\/moving-to-new-zealand\/\" data-internallinksmanager029f6b8e52c=\"324\" title=\"Est\u00e1 se mudando para a Nova Zel\u00e2ndia? 2026 Custo de vida e dicas de realoca\u00e7\u00e3o\">Nova Zel\u00e2ndia<\/a>, <a href=\"https:\/\/moverdb.com\/pt\/moving-to-the-philippines\/\" data-internallinksmanager029f6b8e52c=\"376\" title=\"Est\u00e1 se mudando para as Filipinas? 2026 Custo de vida e dicas de realoca\u00e7\u00e3o\">Filipinas<\/a> e na maioria dos outros pa\u00edses do mundo. <\/p>\n<p>Voc\u00ea pode come\u00e7ar usando o formul\u00e1rio de or\u00e7amento gratuito acima. <\/p>\n<div id=\"ez-toc-container\" class=\"ez-toc-v2_0_82_2 ez-toc-wrap-left counter-hierarchy ez-toc-counter ez-toc-transparent ez-toc-container-direction\">\n<div class=\"ez-toc-title-container\">\n<p class=\"ez-toc-title\" style=\"cursor:inherit\">Se\u00e7\u00f5es<\/p>\n<span class=\"ez-toc-title-toggle\"><a href=\"#\" class=\"ez-toc-pull-right ez-toc-btn ez-toc-btn-xs ez-toc-btn-default ez-toc-toggle\" aria-label=\"Alternar tabela de conte\u00fado\"><span class=\"ez-toc-js-icon-con\"><span class=\"\"><span class=\"eztoc-hide\" style=\"display:none;\">Alternar<\/span><span class=\"ez-toc-icon-toggle-span\"><svg style=\"fill: #999;color:#999\" xmlns=\"http:\/\/www.w3.org\/2000\/svg\" class=\"list-377408\" width=\"20px\" height=\"20px\" viewbox=\"0 0 24 24\" fill=\"none\"><path d=\"M6 6H4v2h2V6zm14 0H8v2h12V6zM4 11h2v2H4v-2zm16 0H8v2h12v-2zM4 16h2v2H4v-2zm16 0H8v2h12v-2z\" fill=\"currentColor\"><\/path><\/svg><svg style=\"fill: #999;color:#999\" class=\"arrow-unsorted-368013\" xmlns=\"http:\/\/www.w3.org\/2000\/svg\" width=\"10px\" height=\"10px\" viewbox=\"0 0 24 24\" version=\"1.2\" baseprofile=\"tiny\"><path d=\"M18.2 9.3l-6.2-6.3-6.2 6.3c-.2.2-.3.4-.3.7s.1.5.3.7c.2.2.4.3.7.3h11c.3 0 .5-.1.7-.3.2-.2.3-.5.3-.7s-.1-.5-.3-.7zM5.8 14.7l6.2 6.3 6.2-6.3c.2-.2.3-.5.3-.7s-.1-.5-.3-.7c-.2-.2-.4-.3-.7-.3h-11c-.3 0-.5.1-.7.3-.2.2-.3.5-.3.7s.1.5.3.7z\"\/><\/svg><\/span><\/span><\/span><\/a><\/span><\/div>\n<nav><ul class='ez-toc-list ez-toc-list-level-1 eztoc-toggle-hide-by-default' ><li class='ez-toc-page-1 ez-toc-heading-level-2'><a class=\"ez-toc-link ez-toc-heading-1\" href=\"https:\/\/moverdb.com\/pt\/shipping-to-singapore\/#Shipping_to_Singapore_From_The_US\" >Embarque para Cingapura dos EUA<\/a><\/li><li class='ez-toc-page-1 ez-toc-heading-level-2'><a class=\"ez-toc-link ez-toc-heading-2\" href=\"https:\/\/moverdb.com\/pt\/shipping-to-singapore\/#Shipping_to_Singapore_From_The_UK\" >Embarque para Cingapura do Reino Unido<\/a><\/li><li class='ez-toc-page-1 ez-toc-heading-level-2'><a class=\"ez-toc-link ez-toc-heading-3\" href=\"https:\/\/moverdb.com\/pt\/shipping-to-singapore\/#Shipping_to_Singapore_From_Australia\" >Embarque para Cingapura da Austr\u00e1lia<\/a><\/li><li class='ez-toc-page-1 ez-toc-heading-level-2'><a class=\"ez-toc-link ez-toc-heading-4\" href=\"https:\/\/moverdb.com\/pt\/shipping-to-singapore\/#Shipping_to_Singapore_From_Canada\" >Embarque para Cingapura Do Canad\u00e1<\/a><\/li><li class='ez-toc-page-1 ez-toc-heading-level-2'><a class=\"ez-toc-link ez-toc-heading-5\" href=\"https:\/\/moverdb.com\/pt\/shipping-to-singapore\/#Shipping_to_Singapore_From_France\" >Embarque para Cingapura Da Fran\u00e7a<\/a><\/li><li class='ez-toc-page-1 ez-toc-heading-level-2'><a class=\"ez-toc-link ez-toc-heading-6\" href=\"https:\/\/moverdb.com\/pt\/shipping-to-singapore\/#Shipping_to_Singapore_From_Hong_Kong\" >Embarque para Cingapura De Hong Kong<\/a><\/li><li class='ez-toc-page-1 ez-toc-heading-level-2'><a class=\"ez-toc-link ez-toc-heading-7\" href=\"https:\/\/moverdb.com\/pt\/shipping-to-singapore\/#Shipping_to_Singapore_From_New_Zealand\" >Embarque para Cingapura da Nova Zel\u00e2ndia<\/a><\/li><li class='ez-toc-page-1 ez-toc-heading-level-2'><a class=\"ez-toc-link ez-toc-heading-8\" href=\"https:\/\/moverdb.com\/pt\/shipping-to-singapore\/#Shipping_to_Singapore_From_the_Philippines\" >Embarque para Cingapura das Filipinas<\/a><\/li><li class='ez-toc-page-1 ez-toc-heading-level-2'><a class=\"ez-toc-link ez-toc-heading-9\" href=\"https:\/\/moverdb.com\/pt\/shipping-to-singapore\/#Singapore_Import_Duties_Taxes\" >Direitos de importa\u00e7\u00e3o e impostos de Cingapura<\/a><\/li><li class='ez-toc-page-1 ez-toc-heading-level-2'><a class=\"ez-toc-link ez-toc-heading-10\" href=\"https:\/\/moverdb.com\/pt\/shipping-to-singapore\/#Restricted_Items_in_Singapore\" >Itens restritos em Cingapura<\/a><\/li><li class='ez-toc-page-1 ez-toc-heading-level-2'><a class=\"ez-toc-link ez-toc-heading-11\" href=\"https:\/\/moverdb.com\/pt\/shipping-to-singapore\/#Other_Useful_Guides_to_Singapore\" >Outros guias \u00fateis para Cingapura<\/a><\/li><\/ul><\/nav><\/div>\n<h2><span class=\"ez-toc-section\" id=\"Shipping_to_Singapore_From_The_US\"><\/span>Embarque para Cingapura dos EUA<span class=\"ez-toc-section-end\"><\/span><\/h2>\n<p><strong><a href=\"https:\/\/moverdb.com\/pt\/container-shipping\/\" data-internallinksmanager029f6b8e52c=\"3\" title=\"Gr\u00e1fico de taxas de transporte internacional de cont\u00eaineres: Abril de 2026\">Custos de envio de cont\u00eaineres<\/a> De <a href=\"https:\/\/moverdb.com\/pt\/moving-to-los-angeles\/\">Los Angeles<\/a><\/strong><\/p>\n<ul>\n<li> Container de 20 p\u00e9s: $750 - $830<\/li>\n<li> Contentor de 40ft: $1,120 - $1,235<\/li>\n<\/ul>\n<p><strong>Custos de envio de cont\u00eaineres de <a href=\"https:\/\/moverdb.com\/pt\/movendo-se-para-anyc\/\">Nova Iorque<\/a><\/strong><\/p>\n<ul>\n<li> Container de 20 p\u00e9s: $975 - $1.080<\/li>\n<li> Contentor de 40ft: $1,460 - $1,610<\/li>\n<\/ul>\n<p><strong>Custos de envio de encomendas<\/strong><\/p>\n<ul>\n<li> Primeiro 0.5kg: $11.80+<\/li>\n<li> Cada 0,5kg adicionais: $3.25+<\/li>\n<\/ul>\n<p><em>Fonte:<\/em> <a href=\"http:\/\/comgateway.com\/ship-to-Singapore\/\" target=\"_blank\" rel=\"noopener noreferrer\">comGateway<\/a><\/p>\n<p><strong>Tempos de embarque<\/strong><\/p>\n<ul>\n<li> <strong>Ar:<\/strong> 1-3 dias<\/li>\n<li> <strong>Mar:<\/strong> Em torno de 1 m\u00eas<\/li>\n<\/ul>\n<h2><span class=\"ez-toc-section\" id=\"Shipping_to_Singapore_From_The_UK\"><\/span>Embarque para Cingapura do Reino Unido<span class=\"ez-toc-section-end\"><\/span><\/h2>\n<p><strong>Custos de envio de cont\u00eaineres de <a href=\"https:\/\/moverdb.com\/pt\/moving-to-london\/\">Londres<\/a><\/strong><\/p>\n<ul>\n<li> Container de 20 p\u00e9s: \u00a3895 - \u00a31.000<\/li>\n<li> Contentor de 40 p\u00e9s: \u00a31.340 - \u00a31.480<\/li>\n<\/ul>\n<p><strong>Custos de envio de encomendas<\/strong><\/p>\n<ul>\n<li> At\u00e9 1 kg: \u00a320,12+<\/li>\n<li> At\u00e9 20kg: \u00a387,31+<\/li>\n<\/ul>\n<p><em>Fonte:<\/em> <a href=\"https:\/\/www.transglobalexpress.co.uk\/parcel-to\/singapore\/\" target=\"_blank\" rel=\"noopener noreferrer\">Transglobal Express<\/a><\/p>\n<p><strong>Tempos de embarque<\/strong><\/p>\n<ul>\n<li> <strong>Ar:<\/strong> 1-3 dias<\/li>\n<li> <strong>Mar:<\/strong> Em torno de 1 m\u00eas<\/li>\n<\/ul>\n<h2><span class=\"ez-toc-section\" id=\"Shipping_to_Singapore_From_Australia\"><\/span>Embarque para Cingapura da Austr\u00e1lia<span class=\"ez-toc-section-end\"><\/span><\/h2>\n<p><strong>Custos de envio de cont\u00eaineres de <a href=\"https:\/\/moverdb.com\/pt\/movendo-se-para-a-sydney\/\">Sydney<\/a><\/strong><\/p>\n<ul>\n<li> Container de 20 p\u00e9s: $980 - $1.080 AUD<\/li>\n<li> Contentor de 40 p\u00e9s: $1,470 - $1,620 AUD<\/li>\n<\/ul>\n<p><strong>Custos de envio de encomendas<\/strong><\/p>\n<ul>\n<li> Mochila pequena (at\u00e9 500g): $22.26+<\/li>\n<li> Caixa (at\u00e9 5kg): $81.73+<\/li>\n<\/ul>\n<p><em>Fonte:<\/em> <a href=\"https:\/\/auspost.com.au\/parcels-mail\/calculate-postage-delivery-times\/#\/\" target=\"_blank\" rel=\"noopener noreferrer\">Correio da Austr\u00e1lia<\/a><\/p>\n<p><strong>Tempos de embarque<\/strong><\/p>\n<ul>\n<li> <strong>Ar:<\/strong> 1-3 dias<\/li>\n<li> <strong>Mar:<\/strong> Em torno de 20 dias<\/li>\n<\/ul>\n<h2><span class=\"ez-toc-section\" id=\"Shipping_to_Singapore_From_Canada\"><\/span>Embarque para Cingapura Do Canad\u00e1<span class=\"ez-toc-section-end\"><\/span><\/h2>\n<p><strong>Custos de envio de cont\u00eaineres de <a href=\"https:\/\/moverdb.com\/pt\/moving-to-canada\/moving-to-montreal\/\" data-internallinksmanager029f6b8e52c=\"410\" title=\"Est\u00e1 se mudando para Montreal? 2026 Custo de vida e dicas de realoca\u00e7\u00e3o\">Montreal<\/a><\/strong><\/p>\n<ul>\n<li> Container de 20 p\u00e9s: $1,640 - $1,800 CAD<\/li>\n<li> Contentor de 40 p\u00e9s: $2.440 - $2.700 CAD<\/li>\n<\/ul>\n<p><strong>Custos de envio de cont\u00eaineres de <a href=\"https:\/\/moverdb.com\/pt\/moving-to-canada\/moving-to-vancouver\/\" data-internallinksmanager029f6b8e52c=\"438\" title=\"Est\u00e1 se mudando para Vancouver? 2026 Custo de vida e dicas de realoca\u00e7\u00e3o\">Vancouver<\/a><\/strong><\/p>\n<ul>\n<li> Container de 20 p\u00e9s: $990 - $1,100 CAD<\/li>\n<li> Container 40ft: $1,480 - $1,630 CAD<\/li>\n<\/ul>\n<p><strong>Custos de envio de encomendas<\/strong><\/p>\n<ul>\n<li> 1kg: $20.29 - $105.44+<\/li>\n<li> 10kg: $139.85 - $412.93+<\/li>\n<\/ul>\n<p><em>Fonte:<\/em> <a href=\"https:\/\/www.canadapost.ca\/cpotools\/apps\/far\/personal\/farInt\" target=\"_blank\" rel=\"noopener noreferrer\">Correio do Canad\u00e1<\/a><\/p>\n<p><strong>Tempos de embarque<\/strong><\/p>\n<ul>\n<li> <strong>Ar:<\/strong> 1-3 dias<\/li>\n<li> <strong>Mar:<\/strong> Em torno de 1 m\u00eas<\/li>\n<\/ul>\n<h2><span class=\"ez-toc-section\" id=\"Shipping_to_Singapore_From_France\"><\/span>Embarque para Cingapura Da Fran\u00e7a<span class=\"ez-toc-section-end\"><\/span><\/h2>\n<p><strong>Custos de envio de cont\u00eaineres de Marselha<\/strong><\/p>\n<ul>\n<li> Container de 20 p\u00e9s: 740 euros - 820 euros<\/li>\n<li> Contentor de 40 p\u00e9s: 1.100 - 1.220 euros<\/li>\n<\/ul>\n<p><strong>Tempos de embarque<\/strong><\/p>\n<ul>\n<li> <strong>Ar:<\/strong> 1-3 dias<\/li>\n<li> <strong>Mar:<\/strong> Em torno de 1 m\u00eas<\/li>\n<\/ul>\n<h2><span class=\"ez-toc-section\" id=\"Shipping_to_Singapore_From_Hong_Kong\"><\/span>Embarque para Cingapura De Hong Kong<span class=\"ez-toc-section-end\"><\/span><\/h2>\n<p><strong>Custos de envio de cont\u00eaineres<\/strong><\/p>\n<ul>\n<li> Contentor de 20 p\u00e9s: $1,820 - $2,010 HKD<\/li>\n<li> Contentor de 40 p\u00e9s: $1.860 - $2.060 HKD<\/li>\n<\/ul>\n<p><strong>Tempos de embarque<\/strong><\/p>\n<ul>\n<li> <strong>Ar:<\/strong> 1-2 dias<\/li>\n<li> <strong>Mar:<\/strong> Em torno de 12 dias<\/li>\n<\/ul>\n<h2><span class=\"ez-toc-section\" id=\"Shipping_to_Singapore_From_New_Zealand\"><\/span>Embarque para Cingapura da Nova Zel\u00e2ndia<span class=\"ez-toc-section-end\"><\/span><\/h2>\n<p><strong>Custos de envio de cont\u00eaineres de Auckland<\/strong><\/p>\n<ul>\n<li> Contentor de 20 p\u00e9s: $1,860 - $2,050 NZD<\/li>\n<li> Contentor de 40ft: $2,775 - $3,070 NZD<\/li>\n<\/ul>\n<p><strong>Tempos de embarque<\/strong><\/p>\n<ul>\n<li> <strong>Ar:<\/strong> 1-3 dias<\/li>\n<li> <strong>Mar:<\/strong> Em torno de 23 dias<\/li>\n<\/ul>\n<h2><span class=\"ez-toc-section\" id=\"Shipping_to_Singapore_From_the_Philippines\"><\/span>Embarque para Cingapura das Filipinas<span class=\"ez-toc-section-end\"><\/span><\/h2>\n<p><strong>Custos de envio de cont\u00eaineres de Manila<\/strong><\/p>\n<ul>\n<li> Contentor de 20 p\u00e9s: \u20b118,300 - \u20b120,255<\/li>\n<li> Contentor de 40 p\u00e9s: \u20b127,350 - \u20b130,230<\/li>\n<\/ul>\n<p><strong>Tempos de embarque<\/strong><\/p>\n<ul>\n<li> <strong>Ar:<\/strong> 1-3 dias<\/li>\n<li> <strong>Mar:<\/strong> Em torno de 12 dias<\/li>\n<\/ul>\n<p>Os dados de custo de envio de cont\u00eaineres s\u00e3o baseados no envio de suas mercadorias por mar e v\u00eam de nosso <a href=\"https:\/\/moverdb.com\/pt\/transporte-de-conteineres\/\">tarifas de transporte internacional de cont\u00eaineres<\/a> p\u00e1gina e <a href=\"http:\/\/worldfreightrates.com\" target=\"_blank\" rel=\"noopener noreferrer\">WorldFreightRates.com<\/a>Os tempos de transporte a\u00e9reo v\u00eam de <a href=\"https:\/\/wwwapps.ups.com\/fctc\/timeandcost\" target=\"_blank\" rel=\"noopener noreferrer\">Calculador de tempo e custo da UPS<\/a>e os tempos de navega\u00e7\u00e3o mar\u00edtima v\u00eam de <a href=\"https:\/\/www.searates.com\" target=\"_blank\" rel=\"noopener noreferrer\">SeaRates.com<\/a>.<\/p>\n<h2><span class=\"ez-toc-section\" id=\"Singapore_Import_Duties_Taxes\"><\/span>Direitos de importa\u00e7\u00e3o e impostos de Cingapura<span class=\"ez-toc-section-end\"><\/span><\/h2>\n<p>Se enviar bens dom\u00e9sticos e objetos pessoais para <a href=\"https:\/\/moverdb.com\/pt\/moving-to-singapore\/\" data-internallinksmanager029f6b8e52c=\"68\" title=\"Mudando-se para Cingapura? 2026 Custos de Vida e Dicas de Reloca\u00e7\u00e3o\">Cingapura<\/a> voc\u00ea estar\u00e1 sujeito ao Imposto sobre Bens e Servi\u00e7os (GST) de 7% sobre itens com valor superior a 400 SGD. Entretanto, voc\u00ea pode requerer a isen\u00e7\u00e3o, desde que se aplique o seguinte:<\/p>\n<blockquote><p>A isen\u00e7\u00e3o do GST pode ser concedida na importa\u00e7\u00e3o de artigos dom\u00e9sticos e objetos pessoais usados para:<\/p>\n<p>Cingapuraenses e Residentes Permanentes de Cingapura (PRs) que residem no exterior e retornam para retomar sua resid\u00eancia em Cingapura<br \/>\nEstrangeiros que transferem resid\u00eancia ou migram para Cingapura<\/p>\n<p>O al\u00edvio do GST est\u00e1 sujeito \u00e0s seguintes condi\u00e7\u00f5es:<\/p>\n<p>Que tal pessoa satisfa\u00e7a a alf\u00e2ndega que:<\/p>\n<ul>\n<li> Ele est\u00e1 mudando seu local de resid\u00eancia para Cingapura;<\/li>\n<li> Ele \u00e9 o propriet\u00e1rio dos artigos, objetos pessoais e animais de estima\u00e7\u00e3o pessoais importados;<\/li>\n<li> Os artigos e objetos pessoais est\u00e3o em sua posse e s\u00e3o utilizados h\u00e1 pelo menos 3 meses; e<\/li>\n<li> Os artigos e objetos pessoais s\u00e3o importados por via a\u00e9rea ou mar\u00edtima.<\/li>\n<li> Os artigos, objetos pessoais e animais de estima\u00e7\u00e3o pessoais s\u00e3o importados dentro de 6 meses ap\u00f3s sua primeira chegada a Cingapura.<\/li>\n<li> \u00c9 previsto o compromisso de n\u00e3o dispor dos artigos e objetos pessoais dentro de 3 meses a partir da data de importa\u00e7\u00e3o.<\/li>\n<\/ul>\n<p>Para os cingapurianos e RPs que retornam, eles devem ter residido em um pa\u00eds estrangeiro por mais de 6 meses para se qualificar para este al\u00edvio do GST.<\/p><\/blockquote>\n<p><strong>Fonte:<\/strong> <a href=\"https:\/\/www.customs.gov.sg\/businesses\/importing-goods\/import-procedures\/importing-used-household-articles-and-personal-effects\" target=\"_blank\" rel=\"noopener noreferrer\">Alf\u00e2ndega de Cingapura<\/a><\/p>\n<p>Por favor, note que h\u00e1 <a href=\"https:\/\/www.customs.gov.sg\/businesses\/valuation-duties-taxes--fees\/duties-and-dutiable-goods\" target=\"_blank\" rel=\"noopener noreferrer\">h\u00e1 4 categorias de bens tribut\u00e1veis<\/a> (que n\u00e3o s\u00e3o eleg\u00edveis para a franquia do GST):<\/p>\n<ul>\n<li> Licores intoxicantes: Com base em uma das duas f\u00f3rmulas: <em>Direitos a pagar = Quantidade total em litros x Taxa alfandeg\u00e1ria e\/ou imposto especial de consumo x Porcentagem do teor alco\u00f3lico<\/em> <strong>ou<\/strong><em> Direitos a pagar = Quantidade total tribut\u00e1vel em quilogramas x Taxa de direitos alfandeg\u00e1rios<\/em>.<\/li>\n<li> Produtos de tabaco - <em>Cigarros:<\/em> Direitos a pagar = N\u00famero total de paus x Peso de paus individuais (cada grama ou parte dela) x Taxa de imposto especial de consumo - <em>todos os outros produtos de tabaco:<\/em> Direitos a pagar = Peso total (em quilogramas) x Taxa de imposto especial de consumo<\/li>\n<li> Carros e ve\u00edculos motorizados - <em>Direitos a pagar = Valor alfandeg\u00e1rio x Taxa do imposto especial de consumo<\/em>Para autom\u00f3veis de passageiros e cl\u00e1ssicos, a taxa do imposto especial de consumo \u00e9 <strong>20%<\/strong> e para motocicletas e scooters a taxa do imposto especial de consumo \u00e9 <strong>12%<\/strong>.<\/li>\n<li> Produtos petrol\u00edferos e misturas de biodiesel - Produtos petrol\u00edferos: <em>Direitos a pagar = Volume total x Taxa de imposto especial de consumo<\/em>, g\u00e1s natural comprimido (Cng): <em>Direitos a pagar = Peso total x Taxa de imposto especial de consumo<\/em>Biodiesel, Mistura de biodiesel Obriga\u00e7\u00f5es a pagar = <em>Volume de diesel x taxa de imposto especial de consumo<\/em>.<\/li>\n<\/ul>\n<p>Para maiores detalhes, consulte a Alf\u00e2ndega de Cingapura <a href=\"https:\/\/www.customs.gov.sg\/businesses\/importing-goods\/import-procedures\" target=\"_blank\" rel=\"noopener noreferrer\">Procedimentos de importa\u00e7\u00e3o aqui<\/a>.<\/p>\n<h2><span class=\"ez-toc-section\" id=\"Restricted_Items_in_Singapore\"><\/span>Itens restritos em Cingapura<span class=\"ez-toc-section-end\"><\/span><\/h2>\n<p>Os seguintes itens est\u00e3o listados como sendo proibidos e\/ou controlados pela Alf\u00e2ndega de Cingapura (<a href=\"https:\/\/www.customs.gov.sg\/individuals\/going-through-customs\/arrival\/prohibited-and-controlled-goods\" target=\"_blank\" rel=\"noopener noreferrer\">ver site<\/a> para maiores detalhes):<\/p>\n<ul>\n<li> Goma de mascar (exceto chiclete oral aprovada pela Autoridade de Ci\u00eancias da Sa\u00fade)<\/li>\n<li> Tabaco de mascar e produtos de imita\u00e7\u00e3o de tabaco (por exemplo, cigarros eletr\u00f4nicos)<\/li>\n<li> Narguil\u00e9<\/li>\n<li> Charutos sem fuma\u00e7a, cigarrilhas sem fumo ou cigarros sem fuma\u00e7a<\/li>\n<li> Tabaco dissol\u00favel ou nicotina<\/li>\n<li> Qualquer produto contendo nicotina ou tabaco que possa ser usado topicamente para aplica\u00e7\u00e3o, por implante ou injetado em qualquer parte do corpo.<\/li>\n<li> Qualquer solu\u00e7\u00e3o ou subst\u00e2ncia, da qual tabaco ou nicotina \u00e9 um constituinte, que se destina a ser usada com um sistema eletr\u00f4nico de entrega de nicotina ou vaporizadores.<\/li>\n<li> Ru\u00eddo nasal (com efeito a partir de 1 de agosto de 2016)<\/li>\n<li> Ru\u00eddo oral (com efeito a partir de 1 de agosto de 2016)<\/li>\n<li> Gutkha, khaini e zarda (com efeito a partir de 1 de agosto de 2016)<\/li>\n<li> Acendedores de cigarros em forma de pistola ou rev\u00f3lver<\/li>\n<p>Contr<\/p>\n<li> drogas e subst\u00e2ncias psicotr\u00f3picas<\/li>\n<li> Esp\u00e9cies amea\u00e7adas de extin\u00e7\u00e3o da vida selvagem e seus subprodutos<\/li>\n<li> Firecrackers<\/li>\n<li> Artigos obscenos, publica\u00e7\u00f5es e fitas\/discos de v\u00eddeo<\/li>\n<li> Reprodu\u00e7\u00e3o de publica\u00e7\u00f5es de direitos autorais, software, fitas de v\u00eddeo, discos compactos de v\u00eddeo, discos laser, discos ou cassetes<\/li>\n<li> Materiais sediciosos e de trai\u00e7\u00e3o<\/li>\n<\/ul>\n<p>Se voc\u00ea n\u00e3o tiver certeza sobre qualquer outro item, por favor, verifique com eles antes de enviar sua mercadoria.<\/p>\n<h2><span class=\"ez-toc-section\" id=\"Other_Useful_Guides_to_Singapore\"><\/span>Outros guias \u00fateis para Cingapura<span class=\"ez-toc-section-end\"><\/span><\/h2>\n<ul>\n<li> <a href=\"https:\/\/moverdb.com\/pt\/transporte-de-conteineres\/singapore\/\">2024 Tarifas de remessa de cont\u00eaineres de frete mar\u00edtimo para e de Cingapura<\/a><\/li>\n<li> <a href=\"https:\/\/moverdb.com\/pt\/mudancas-empresas\/moving-companies-singapore\/\">22 melhores empresas de mudan\u00e7a internacional em Cingapura<\/a><\/li>\n<li> <a href=\"https:\/\/moverdb.com\/pt\/embarque-para-o-singapore\/\">Remessa para Cingapura: O que voc\u00ea precisa saber<\/a><\/li>\n<li> <a href=\"https:\/\/moverdb.com\/pt\/movendo-se-para-o-singapore\/\">Est\u00e1 se mudando para Cingapura? 2024 Custo de vida e dicas de realoca\u00e7\u00e3o<\/a><\/li>\n<li> <a href=\"https:\/\/moverdb.com\/pt\/movendo-se-para-o-singapore\/best-places-to-live-singapore\/\">12 melhores lugares para morar em Cingapura<\/a><\/li>\n<li> <a href=\"https:\/\/moverdb.com\/pt\/movendo-se-para-o-singapore\/living-in-singapore\/\">21 segredos sobre como viver em Cingapura para saber antes de se mudar<\/a><\/li>\n<li> <a href=\"https:\/\/moverdb.com\/pt\/movendo-se-para-o-singapore\/moving-to-singapore-from-the-united-states\/\">Mudan\u00e7a dos Estados Unidos para Cingapura<\/a><\/li>\n<\/ul>","protected":false},"excerpt":{"rendered":"<p>Whether you&#8217;re moving to Singapore or just looking to ship a few parcels, we can help you find the best shipping deals from the US, UK, Australia, Canada, France, Hong Kong, New Zealand, Philippines and most other countries around the world. You can get started by using the free quote form above. Shipping to Singapore [&hellip;]<\/p>\n","protected":false},"author":1,"featured_media":2676,"parent":0,"menu_order":0,"comment_status":"closed","ping_status":"closed","template":"","meta":{"_genesis_hide_title":false,"_genesis_hide_breadcrumbs":false,"_genesis_hide_singular_image":false,"_genesis_hide_footer_widgets":false,"_genesis_custom_body_class":"","_genesis_custom_post_class":"","_genesis_layout":"","footnotes":""},"class_list":{"0":"post-2675","1":"page","2":"type-page","3":"status-publish","4":"has-post-thumbnail","6":"entry"},"_links":{"self":[{"href":"https:\/\/moverdb.com\/pt\/wp-json\/wp\/v2\/pages\/2675","targetHints":{"allow":["GET"]}}],"collection":[{"href":"https:\/\/moverdb.com\/pt\/wp-json\/wp\/v2\/pages"}],"about":[{"href":"https:\/\/moverdb.com\/pt\/wp-json\/wp\/v2\/types\/page"}],"author":[{"embeddable":true,"href":"https:\/\/moverdb.com\/pt\/wp-json\/wp\/v2\/users\/1"}],"replies":[{"embeddable":true,"href":"https:\/\/moverdb.com\/pt\/wp-json\/wp\/v2\/comments?post=2675"}],"version-history":[{"count":17,"href":"https:\/\/moverdb.com\/pt\/wp-json\/wp\/v2\/pages\/2675\/revisions"}],"predecessor-version":[{"id":16941,"href":"https:\/\/moverdb.com\/pt\/wp-json\/wp\/v2\/pages\/2675\/revisions\/16941"}],"wp:featuredmedia":[{"embeddable":true,"href":"https:\/\/moverdb.com\/pt\/wp-json\/wp\/v2\/media\/2676"}],"wp:attachment":[{"href":"https:\/\/moverdb.com\/pt\/wp-json\/wp\/v2\/media?parent=2675"}],"curies":[{"name":"wp","href":"https:\/\/api.w.org\/{rel}","templated":true}]}}