{"id":265,"date":"2016-05-01T06:12:45","date_gmt":"2016-05-01T06:12:45","guid":{"rendered":"http:\/\/moverdb.com\/?page_id=265"},"modified":"2026-01-08T14:47:55","modified_gmt":"2026-01-08T14:47:55","slug":"cadogan-tate","status":"publish","type":"page","link":"https:\/\/moverdb.com\/pt\/cadogan-tate\/","title":{"rendered":"Cadogan Tate: Revis\u00e3o de Mudan\u00e7as e Mudan\u00e7as Internacionais"},"content":{"rendered":"<p>A Cadogan Tate oferece a seus clientes o seguinte para sua mudan\u00e7a para o exterior. Estas informa\u00e7\u00f5es s\u00e3o seguidas por um perfil de empresa e revis\u00f5es de v\u00e1rios clientes.<\/p>\n<p><strong>Movimentos pessoais e corporativos<\/strong><\/p>\n<p>Servi\u00e7os de Gerenciamento de Mudan\u00e7as<\/p>\n<ul>\n<li> Plano de gest\u00e3o de mudan\u00e7as<\/li>\n<li> Embalagem e desempacotamento<\/li>\n<li> Transporte e expedi\u00e7\u00e3o<\/li>\n<li> Desembara\u00e7o aduaneiro <\/li>\n<li> Armazenamento - Cobertura global<\/li>\n<\/ul>\n<p><strong>Servi\u00e7os de arte e servi\u00e7os de feira<\/strong><\/p>\n<ul>\n<li> Armazenagem, expedi\u00e7\u00e3o e movimenta\u00e7\u00e3o de belas artes<\/li>\n<li> Movimenta\u00e7\u00e3o de itens de exposi\u00e7\u00e3o e feira ao redor do mundo<\/li>\n<\/ul>\n<p><strong>Tarefas dos especialistas<\/strong><\/p>\n<ul>\n<li> Moving fine wines <\/li>\n<li> <a href=\"https:\/\/moverdb.com\/pt\/transporte-de-carro-transporte-embarque\/\">Carros de embarque<\/a>barcos e aeronaves<\/li>\n<li> Relocaliza\u00e7\u00e3o de animais de estima\u00e7\u00e3o<\/li>\n<\/ul>\n<p><strong>Servi\u00e7os de Designer de Interiores<\/strong><\/p>\n<ul>\n<li> Cole\u00e7\u00e3o mundial e movimenta\u00e7\u00e3o de qualquer item de design<\/li>\n<li> Especialmente embalado\/casado e movido por pessoal altamente experiente<\/li>\n<li> Transporte e alf\u00e2ndega <\/li>\n<li> Armazenamento <\/li>\n<\/ul>\n<h2>Perfil da empresa Cadogan Tate<\/h2>\n<p>A Cadogan Tate foi fundada em 1977 e agora tem escrit\u00f3rios em <a href=\"https:\/\/moverdb.com\/pt\/moving-to-london\/\">Londres<\/a>, <a href=\"https:\/\/moverdb.com\/pt\/moving-to-france\/moving-to-paris\/\" data-internallinksmanager029f6b8e52c=\"407\" title=\"Est\u00e1 se mudando para Paris? 2026 Custo de vida e dicas de realoca\u00e7\u00e3o\">Paris<\/a>, Cote d'Azure, <a href=\"https:\/\/moverdb.com\/pt\/movendo-se-para-anyc\/\">Nova Iorque<\/a> e <a href=\"https:\/\/moverdb.com\/pt\/moving-to-los-angeles\/\">Los Angeles<\/a> Eles n\u00e3o apenas movimentam empresas e indiv\u00edduos ao redor do mundo, eles tamb\u00e9m s\u00e3o especialistas em mover obras de arte e m\u00f3veis e objetos decorativos projetados pelos principais designers do mundo. <\/p>\n<p>A Cadogan Tate orgulha-se de sua experi\u00eancia na montagem de Feiras de Arte, ao mesmo tempo em que toma nota das necessidades dos organizadores, compradores e expositores da Feira. O logotipo escrito do Cadogan Tate \u00e9 \"tudo, tratado com cuidado\".<br \/>\nA empresa tem uma longa lista de afilia\u00e7\u00f5es e credenciamentos:<\/p>\n<ul>\n<li> <a href=\"https:\/\/moverdb.com\/pt\/british-association-of-removers\/\">Associa\u00e7\u00e3o Brit\u00e2nica de Removedores (BAR)<\/a><\/li>\n<li> <a href=\"https:\/\/moverdb.com\/pt\/mtc\/\">O Clube Comercial Movers<\/a> (<a href=\"https:\/\/moverdb.com\/pt\/mtc\/\" data-internallinksmanager029f6b8e52c=\"30\" title=\"Movers Trading Club (MTC) Explicado\">MTC<\/a>)<\/li>\n<li> Associa\u00e7\u00e3o de Museus<\/li>\n<li> Home Office - <a href=\"https:\/\/moverdb.com\/pt\/moving-to-the-uk\/\" data-internallinksmanager029f6b8e52c=\"93\" title=\"Mudando-se para o Reino Unido? 2026 Custos de Vida e Dicas de Reloca\u00e7\u00e3o\">REINO UNIDO<\/a> Ag\u00eancia de fronteira<\/li>\n<li> <a href=\"https:\/\/moverdb.com\/pt\/harmony-relocation-network\/\">Rede Harmony Relocation<\/a><\/li>\n<li> <a href=\"https:\/\/moverdb.com\/pt\/iam\/\">Associa\u00e7\u00e3o Internacional de Remotores (IAM)<\/a><\/li>\n<li> <a href=\"https:\/\/moverdb.com\/pt\/fidi-faim\/\">FAIM<\/a><\/li>\n<li> Grupo de Registradores do Reino Unido<\/li>\n<li> <a href=\"https:\/\/moverdb.com\/pt\/fidi-faim\/\">Alian\u00e7a Global FIDI<\/a><\/li>\n<li> A Associa\u00e7\u00e3o de Artes e Antigos Comerciantes (LAPADA)<\/li>\n<li> Padr\u00e3o de Servi\u00e7o de Qualidade Assegurada - Mudan\u00e7as Comerciais<\/li>\n<li> Padr\u00e3o de Servi\u00e7o de Qualidade Assegurada - Sistemas de Gest\u00e3o Ambiental<\/li>\n<li> Padr\u00e3o de Servi\u00e7o de Qualidade Assegurada - Mudan\u00e7as Comerciais<\/li>\n<li> Padr\u00e3o de Servi\u00e7o de Qualidade Assegurada - Mudan\u00e7as de M\u00f3veis Dom\u00e9sticos<\/li>\n<li> Padr\u00e3o de Servi\u00e7o de Qualidade Assegurada - Sa\u00fade Ocupacional e Sistemas de Gest\u00e3o<\/li>\n<li> Padr\u00e3o de Servi\u00e7o de Qualidade Assegurada - Sistemas de Gerenciamento de Qualidade<\/li>\n<\/ul>\n<h2>Cadogan Tate Reviews<\/h2>\n<p><strong>Positivo<\/strong><\/p>\n<ul>\n<li> \u201c<em>Ficamos encantados com o Cadogan Tate. N\u00e3o foi uma escolha barata, mas depois de trabalhar com eles, decidimos que eles valiam cada centavo\". <\/em> E. Perry via <a href=\"http:\/\/www.reviewcentre.com\/Removal-Companies\/Cadogan-Tate-www-cadogantate-com-review_3591881\" target=\"_blank\" rel=\"noopener\">Centro de Revis\u00e3o<\/a>\n<\/li>\n<li> \u201c<em>Recentemente encomendei o envio via Cadogan Tate para minha mudan\u00e7a do Sul de <a href=\"https:\/\/moverdb.com\/pt\/moving-to-france\/\" data-internallinksmanager029f6b8e52c=\"315\" title=\"Est\u00e1 se mudando para a Fran\u00e7a? 2026 Custo de vida e dicas de realoca\u00e7\u00e3o\">Fran\u00e7a<\/a> para Londres. Tudo foi feito com perfei\u00e7\u00e3o\". <\/em>Rivsalov via <a href=\"http:\/\/www.removalreviews.co.uk\/movingreviews\/smooth-and-efficient-with-a-professional-approach-5733\" target=\"_blank\" rel=\"noopener\">Revis\u00f5es de remo\u00e7\u00e3o<\/a>\n<\/li>\n<\/ul>\n<p><strong>Negativo<\/strong><\/p>\n<ul>\n<li> \u201c<em>Desgostoso com a quantidade de res\u00edduos ambientais que esta empresa produz. Caixas de itens n\u00e3o fr\u00e1geis como travesseiros e linho recheadas at\u00e9 a borda com embalagens de papel totalmente novas\". <\/em>Carl Lyon via <a href=\"http:\/\/www.reviewcentre.com\/Removal-Companies\/Cadogan-Tate-www-cadogantate-com-review_3349791\" target=\"_blank\" rel=\"noopener\">Centro de Revis\u00e3o<\/a>\n<\/li>\n<li> \u201c<em>Usamos o Cadogan Tate para uma mudan\u00e7a de Londres de volta para o <a href=\"https:\/\/moverdb.com\/pt\/moving-to-the-united-states\/\" data-internallinksmanager029f6b8e52c=\"94\" title=\"Mudando-se para os Estados Unidos? 2026 Custos de Vida e Dicas de Reloca\u00e7\u00e3o\">US<\/a>. As empresas de mudan\u00e7as foram muito profissionais e amig\u00e1veis. No entanto, o back office tem problemas s\u00e9rios\". <\/em> D J Skillman via <a href=\"http:\/\/www.removalreviews.co.uk\/movers\/cadogan-tate-311\" target=\"_blank\" rel=\"noopener\">Revis\u00f5es de remo\u00e7\u00e3o<\/a>\n<\/li>\n<\/ul>\n<div itemprop=\"review\" itemscope itemtype=\"http:\/\/schema.org\/Review\">\n<span itemprop=\"author\" itemscope=\"\" itemtype=\"http:\/\/schema.org\/Organization\"><span itemprop=\"name\">MoverDB.com<\/span><\/span> Revis\u00e3o do site on-line para <span itemprop=\"itemreviewed\" itemscope=\"\" itemtype=\"http:\/\/schema.org\/Brand\"><span itemprop=\"name\">Cadogan Tate<\/span><\/span>:<\/p>\n<ol>\n<li> Detalhes claros de contato no website (incluindo n\u00famero de telefone): <strong>Sim<\/strong><\/li>\n<li> F\u00e1cil de obter <a href=\"https:\/\/moverdb.com\/pt\/citacoes\/\">cita\u00e7\u00f5es de mudan\u00e7as internacionais<\/a>? (Formul\u00e1rio de solicita\u00e7\u00e3o de or\u00e7amento on-line): <strong>Sim<\/strong><\/li>\n<li> Informa\u00e7\u00f5es claras no site: <strong>Parcial.<\/strong> O site n\u00e3o cont\u00e9m muitas informa\u00e7\u00f5es detalhadas. Elas s\u00e3o fornecidas na fase de planejamento.<\/li>\n<li> Participa\u00e7\u00e3o em organiza\u00e7\u00f5es internacionais de mudan\u00e7as reconhecidas internacionalmente: <strong>Sim<\/strong>ver acima.<\/li>\n<li> Lista de clientes e\/ou depoimentos de clientes anteriores: <strong>Parcial.<\/strong> Existem estudos de caso no site que descrevem v\u00e1rias movimenta\u00e7\u00f5es que n\u00e3o possuem nomes de clientes ou testemunhos de clientes.<\/li>\n<\/ol>\n<div itemprop=\"reviewRating\" itemscope itemtype=\"http:\/\/schema.org\/Rating\"><meta itemprop=\"worstRating\" content = \"0\" \/><meta itemprop=\"bestRating\" content=\"5\" \/><meta itemprop=\"ratingValue\" content=\"4\"><\/div>\n<p><strong>Nota geral: 4\/5<\/strong><br \/>\n<strong>Data de revis\u00e3o:<\/strong> <span itemprop=\"datePublished\" content=\"2016-05-01\">01\/05\/2016<\/span>\n<\/div>\n<p>Mais sobre <a href=\"https:\/\/moverdb.com\/pt\/remocoes-internacionais\/\">Empresas de mudan\u00e7as do Reino Unido<\/a> e nosso <a href=\"https:\/\/moverdb.com\/pt\/criticas\/\">processo de revis\u00e3o explicado<\/a>.<\/p>\n<p><strong>Website:<\/strong> <a href=\"https:\/\/www.cadogantate.com\/en\" target=\"_blank\" rel=\"noopener\">https:\/\/www.cadogantate.com\/en<\/a><\/p>","protected":false},"excerpt":{"rendered":"<p>Cadogan Tate offer their clients the following for their move abroad. This information is followed by a company profile and reviews from various clients. Personal and Corporate Moves Move Management Services Move management plan Packing and unpacking Transportation and shipping Customs clearance Storage &#8211; Global coverage Art Services and Fair Services Fine art storage, shipping [&hellip;]<\/p>\n","protected":false},"author":1,"featured_media":0,"parent":0,"menu_order":0,"comment_status":"closed","ping_status":"closed","template":"","meta":{"_genesis_hide_title":false,"_genesis_hide_breadcrumbs":false,"_genesis_hide_singular_image":false,"_genesis_hide_footer_widgets":false,"_genesis_custom_body_class":"","_genesis_custom_post_class":"","_genesis_layout":"","footnotes":""},"class_list":{"0":"post-265","1":"page","2":"type-page","3":"status-publish","5":"entry"},"_links":{"self":[{"href":"https:\/\/moverdb.com\/pt\/wp-json\/wp\/v2\/pages\/265","targetHints":{"allow":["GET"]}}],"collection":[{"href":"https:\/\/moverdb.com\/pt\/wp-json\/wp\/v2\/pages"}],"about":[{"href":"https:\/\/moverdb.com\/pt\/wp-json\/wp\/v2\/types\/page"}],"author":[{"embeddable":true,"href":"https:\/\/moverdb.com\/pt\/wp-json\/wp\/v2\/users\/1"}],"replies":[{"embeddable":true,"href":"https:\/\/moverdb.com\/pt\/wp-json\/wp\/v2\/comments?post=265"}],"version-history":[{"count":17,"href":"https:\/\/moverdb.com\/pt\/wp-json\/wp\/v2\/pages\/265\/revisions"}],"predecessor-version":[{"id":6190,"href":"https:\/\/moverdb.com\/pt\/wp-json\/wp\/v2\/pages\/265\/revisions\/6190"}],"wp:attachment":[{"href":"https:\/\/moverdb.com\/pt\/wp-json\/wp\/v2\/media?parent=265"}],"curies":[{"name":"wp","href":"https:\/\/api.w.org\/{rel}","templated":true}]}}