{"id":246,"date":"2016-04-21T14:54:42","date_gmt":"2016-04-21T14:54:42","guid":{"rendered":"http:\/\/moverdb.com\/?page_id=246"},"modified":"2026-01-08T14:47:37","modified_gmt":"2026-01-08T14:47:37","slug":"atlas-van-lines-internacional","status":"publish","type":"page","link":"https:\/\/moverdb.com\/pt\/atlas-van-lines-international\/","title":{"rendered":"Atlas Van Lines International: Moving Services &amp; Reviews"},"content":{"rendered":"<p>A Atlas Van Lines International oferece os seguintes servi\u00e7os para pessoas que se mudam para o exterior. Voc\u00ea tamb\u00e9m pode ver o perfil de uma empresa e ler as revis\u00f5es abaixo:<\/p>\n<p><strong>Movimentos pessoais e corporativos:<\/strong><\/p>\n<p>Servi\u00e7os de transporte<\/p>\n<ul>\n<li> Transporte global de bens dom\u00e9sticos porta-a-porta<\/li>\n<li> <a href=\"https:\/\/moverdb.com\/pt\/transitario-de-carga\/\">Frete mar\u00edtimo e a\u00e9reo<\/a><\/li>\n<li> Autom\u00f3veis e barcos<\/li>\n<li> Projeto de frete (expositores e displays)<\/li>\n<\/ul>\n<p>Servi\u00e7os de reloca\u00e7\u00e3o<\/p>\n<ul>\n<li> Administra\u00e7\u00e3o e suporte do programa<\/li>\n<li> Desenvolvimento de pol\u00edticas<\/li>\n<li> Consultoria<\/li>\n<li> Caixa de transfer\u00eancia<\/li>\n<li> Servi\u00e7os de destino<\/li>\n<li> Servi\u00e7o de prote\u00e7\u00e3o de valores<\/li>\n<\/ul>\n<p>Servi\u00e7os de viagem<\/p>\n<ul>\n<li> Ag\u00eancia de viagens corporativa de servi\u00e7o completo<\/li>\n<li> Gest\u00e3o de programas e relat\u00f3rios<\/li>\n<\/ul>\n<p>Gerenciamento do armazenamento a longo prazo<\/p>\n<p><strong>Movimentos governamentais e militares:<\/strong><\/p>\n<ul>\n<li> Apoiar o Programa de Defesa da Propriedade Pessoal (DP3)<\/li>\n<li> Gest\u00e3o de mudan\u00e7as de bens dom\u00e9sticos internacionais (C\u00f3digos 4, 5 e T)<\/li>\n<li> Gest\u00e3o da movimenta\u00e7\u00e3o de bens dom\u00e9sticos (C\u00f3digos 1 e 2)<\/li>\n<li> Embarques internacionais de bagagem (C\u00f3digo J)<\/li>\n<li> Embarques OTO<\/li>\n<li> Uma equipe de atendimento ao cliente dedicada a prestar atendimento pessoal VIP aos membros do servi\u00e7o<\/li>\n<li> Equipe de contas da GSA dedicada exclusivamente \u00e0 gest\u00e3o de movimentos internacionais para <a href=\"https:\/\/moverdb.com\/pt\/moving-to-the-united-states\/\" data-internallinksmanager029f6b8e52c=\"94\" title=\"Mudando-se para os Estados Unidos? 2026 Custos de Vida e Dicas de Reloca\u00e7\u00e3o\">US<\/a> ag\u00eancias governamentais<\/li>\n<li> Participante do I-CHAMP<\/li>\n<\/ul>\n<p><strong>Exposi\u00e7\u00f5es e Fretes:<\/strong><\/p>\n<ul>\n<li> Exposi\u00e7\u00f5es<\/li>\n<li> Exposi\u00e7\u00f5es em feiras comerciais<\/li>\n<li> Lojas<\/li>\n<li> Projetos especiais no exterior<\/li>\n<\/ul>\n<h2>Perfil da Atlas Van Lines International Company<\/h2>\n<p>A Atlas International \u00e9 uma filial da Atlas Van Lines, uma empresa privada, e faz parte do Atlas World Group. H\u00e1 mais de 50 anos, eles est\u00e3o mudando pessoas para o exterior. Eles se concentram principalmente em relocaliza\u00e7\u00f5es corporativas que representam 85% de suas 7.000 mudan\u00e7as a cada ano. <\/p>\n<p>No entanto, eles tamb\u00e9m movimentam profissionais individuais, funcion\u00e1rios do governo e membros das for\u00e7as armadas dos EUA (e suas fam\u00edlias).<\/p>\n<p>A empresa afirma ter um compromisso com a integridade, qualidade e solu\u00e7\u00f5es. Eles s\u00e3o membros das seguintes organiza\u00e7\u00f5es:<\/p>\n<ul>\n<li> Certifica\u00e7\u00e3o C-TPAT com a Alf\u00e2ndega e Patrulhamento de Fronteiras dos EUA<\/li>\n<li> ISO 9001 registrado<\/li>\n<li> <a href=\"https:\/\/moverdb.com\/pt\/rim-promover\/\">RIM\u00ae - RIM\u00ae - RIM\u00ae Registered International Mover<\/a><\/li>\n<li> <a href=\"https:\/\/moverdb.com\/pt\/amsa\/\">Associa\u00e7\u00e3o Americana de Mudan\u00e7as e Armazenamento<\/a> (<a href=\"https:\/\/moverdb.com\/pt\/amsa\/\" data-internallinksmanager029f6b8e52c=\"5\" title=\"American Moving &amp; Storage Association (AMSA) Explicada\">AMSA<\/a>)<\/li>\n<li> <a href=\"https:\/\/moverdb.com\/pt\/hgfaa\/\">HHG Forwarders Association of America<\/a> (HHGFAA)<\/li>\n<li> <a href=\"https:\/\/moverdb.com\/pt\/lacma\/\">Associa\u00e7\u00e3o Latino-Americana e Caribenha de Mudan\u00e7as<\/a> (<a href=\"https:\/\/moverdb.com\/pt\/lacma\/\" data-internallinksmanager029f6b8e52c=\"28\" title=\"Associa\u00e7\u00e3o Latino-Americana e Caribenha de Movimentos Internacionais (LACMA)\">LACMA<\/a>)<\/li>\n<li> <a href=\"https:\/\/moverdb.com\/pt\/iata\/\">Associa\u00e7\u00e3o Internacional de Transporte A\u00e9reo<\/a> (<a href=\"https:\/\/moverdb.com\/pt\/iata\/\" data-internallinksmanager029f6b8e52c=\"22\" title=\"Associa\u00e7\u00e3o Internacional de Transporte A\u00e9reo (IATA) Explicada\">IATA<\/a>)<\/li>\n<li> <a href=\"https:\/\/moverdb.com\/pt\/euromovers\/\">Parceria Europ\u00e9ia Mover<\/a><\/li>\n<li> <a href=\"https:\/\/moverdb.com\/pt\/conselho-de-funcionarios-relocacao\/\">Conselho de recoloca\u00e7\u00e3o de funcion\u00e1rios<\/a> (Mundialmente <a href=\"https:\/\/moverdb.com\/pt\/employee-relocation-council\/\" data-internallinksmanager029f6b8e52c=\"83\" title=\"Conselho Mundial de Realoca\u00e7\u00e3o de Empregados (ERC) Explicado\">ERC<\/a>)<\/li>\n<li> Licenciado pela Comiss\u00e3o Mar\u00edtima Federal como um <a href=\"https:\/\/moverdb.com\/pt\/freight-forwarder\/\" data-internallinksmanager029f6b8e52c=\"17\" title=\"Freight Forwarder &amp; NVOCC International Cost &amp; Companies Guide\">NVOCC<\/a>, Licen\u00e7a # 79NF<\/li>\n<li> Transportadora ITGBL participante no programa CHAMP para ag\u00eancias governamentais dos EUA<\/li>\n<li> Transportadora ITGBL participante para o Departamento de Defesa dos EUA <\/li>\n<\/ul>\n<p>As ag\u00eancias globais s\u00e3o as seguintes:<\/p>\n<ul>\n<li> Ag\u00eancias Atlas altamente qualificadas em todos os 50 estados dos Estados Unidos.<\/li>\n<li> Mais de 130 agentes em <a href=\"https:\/\/moverdb.com\/pt\/moving-to-canada\/\" data-internallinksmanager029f6b8e52c=\"265\" title=\"Mudan\u00e7a para o Canad\u00e1? 2026 Custos de Vida e Dicas de Reloca\u00e7\u00e3o\">Canad\u00e1<\/a>.<\/li>\n<li> Mais de 300 agentes Atlas-preferenciados que trabalham em todos os pa\u00edses do mundo.<\/li>\n<\/ul>\n<p>Eles tamb\u00e9m alegam que os profissionais de realoca\u00e7\u00e3o que voc\u00ea v\u00ea e interage com - em ambas as extremidades de sua mudan\u00e7a foram pr\u00e9-qualificados.<\/p>\n<h2>Atlas Van Lines International Reviews<\/h2>\n<p><em><strong>Por favor, observe:<\/strong> inclui revis\u00f5es tanto para a Atlas Van Lines como para a Atlas International<\/em><\/p>\n<p><strong>Positivo<\/strong><\/p>\n<ul>\n<li> <em>\"Fiquei extremamente impressionado n\u00e3o s\u00f3 com o quanto eles trabalharam duro, mas com o cuidado que tiveram com meus pertences\".<\/em> - Laurie via <a href=\"http:\/\/www.atlasvanlines.com\/moving-company-reviews\/\" target=\"_blank\" rel=\"noopener\">P\u00e1gina de revis\u00e3o da Atlas Van Lines<\/a><\/li>\n<li> <em>\"O Atlas foi uma grande escolha. Eu os recomendo altamente a qualquer pessoa que tenha um movimento de longa dist\u00e2ncia e se sinta desconfort\u00e1vel com estranhos que levem seus pertences\".<\/em> - Kate via <a href=\"http:\/\/www.mymovingreviews.com\/movingreviews\/great-movers-9968\" target=\"_blank\" rel=\"noopener\">MyMovingReviews<\/a><\/li>\n<li> <em>\"A BBB determinou que a Atlas Van Lines International atende aos padr\u00f5es de credenciamento da BBB, que incluem um compromisso de fazer um esfor\u00e7o de boa f\u00e9 para resolver qualquer reclama\u00e7\u00e3o dos consumidores\".<\/em> <a href=\"http:\/\/www.bbb.org\/western-washington\/business-reviews\/movers\/atlas-van-lines-international-in-seattle-wa-27030248\" target=\"_blank\" rel=\"noopener\">Better Business Bureau<\/a><\/li>\n<li> <em>\"Eu s\u00f3 precisava deixar uma linha depois da grande experi\u00eancia que tivemos com a Atlas Van Lines\".<\/em> - Shahram via <a href=\"https:\/\/www.consumeraffairs.com\/movers\/atlas.html\" target=\"_blank\" rel=\"noopener\">Assuntos do consumidor<\/a><\/li>\n<li> <em>\"N\u00e3o poderia estar mais feliz com os servi\u00e7os prestados pela Atlas Van Lines durante minha mudan\u00e7a para <a href=\"https:\/\/moverdb.com\/pt\/movendo-se-para-houston\/\">Houston<\/a>. Mesmo com o tempo horr\u00edvel, meus m\u00f3veis chegaram a tempo\".<\/em> Katelyn via <a href=\"http:\/\/www.yelp.co.uk\/biz\/atlas-van-lines-evansville-2?hrid=zrPxDQ8O1DE0pKFgOYoQzA&#038;utm_campaign=www_review_share_popup&#038;utm_medium=copy_link&#038;utm_source=(direct)\" target=\"_blank\" rel=\"noopener\">Yelp<\/a><\/li>\n<\/ul>\n<p><strong>Negativo<\/strong><\/p>\n<ul>\n<li> <em>\"O livro de sucata de nossas filhinhas desapareceu, insubstitu\u00edvel\".<\/em> - Ruth via <a href=\"http:\/\/www.atlasvanlines.com\/moving-company-reviews\/\" target=\"_blank\" rel=\"noopener\">P\u00e1gina de revis\u00e3o da Atlas Van Lines<\/a><\/li>\n<li> <em>\"O Atlas \u00e9 o pior. Estamos atualmente no meio de um movimento militar com eles, por isso n\u00e3o conseguimos escolher. Depois de ler cr\u00edticas horr\u00edveis sobre a empresa, fiquei preocupado, mas achei que, como fam\u00edlia militar, eles fariam o melhor para cuidar daqueles que sacrificaram e serviram seu pa\u00eds. Este n\u00e3o foi o caso\".<\/em> - Chrstine via <a href=\"http:\/\/moving-companies.credio.com\/l\/6\/Atlas-Van-Lines-Inc#review\/532419\" target=\"_blank\" rel=\"noopener\">Credio<\/a><\/li>\n<li> <em>\"Eu realmente queria gostar da Atlas e de seu agente canadense, AMJ Campbell\".  Eles estavam no meio das cita\u00e7\u00f5es dadas a mim, nem muito alto, nem muito baixo. Eles foram recomendados por um amigo que fez uma mudan\u00e7a internacional semelhante h\u00e1 um ano. Mas eles falharam miseravelmente em v\u00e1rios relatos\".<\/em>- Irene A. via <a href=\"http:\/\/www.yelp.co.uk\/biz\/atlas-van-lines-evansville-2?hrid=bDSbnk9dU-dvtTPUKtGOyA&#038;utm_campaign=www_review_share_popup&#038;utm_medium=copy_link&#038;utm_source=(direct)\" target=\"_blank\" rel=\"noopener\">Yelp<\/a><\/li>\n<li> <em>\"As transportadoras se atrasaram 21 dias para entregar meus itens\".<\/em> - James via <a href=\"http:\/\/www.mymovingreviews.com\/movingreviews\/another-victim-49405\" target=\"_blank\" rel=\"noopener\">MyMovingReviews<\/a><\/li>\n<li> <em>\"Utilizamos recentemente as linhas de furg\u00f5es ATLAS e n\u00e3o recomendamos esta empresa para ningu\u00e9m. Fomos cotados menos de $7.000 para nosso servi\u00e7o de pequenas mudan\u00e7as e entregas. No final, pagamos mais de $12.000 e depois conseguimos um servi\u00e7o DROP-OFF\".<\/em> Noreen via <a href=\"https:\/\/www.consumeraffairs.com\/movers\/atlas.html\" target=\"_blank\" rel=\"noopener\">Assuntos do consumidor<\/a><\/li>\n<\/ul>\n<div itemprop=\"review\" itemscope itemtype=\"http:\/\/schema.org\/Review\">\n<span itemprop=\"author\" itemscope=\"\" itemtype=\"http:\/\/schema.org\/Organization\"><span itemprop=\"name\">MoverDB.com<\/span><\/span> Revis\u00e3o do site on-line para <span itemprop=\"itemreviewed\" itemscope=\"\" itemtype=\"http:\/\/schema.org\/Brand\"><span itemprop=\"name\">Atlas Internacional<\/span><\/span>:<\/p>\n<ol>\n<li> Detalhes claros de contato no website (incluindo n\u00famero de telefone): <strong>Sim<\/strong><\/li>\n<li> F\u00e1cil de obter <a href=\"https:\/\/moverdb.com\/pt\/citacoes\/\">cita\u00e7\u00f5es de mudan\u00e7as internacionais<\/a>? (Formul\u00e1rio de solicita\u00e7\u00e3o de or\u00e7amento on-line): <strong>Sim<\/strong><\/li>\n<li> Informa\u00e7\u00f5es claras no site: <strong>Parcial.<\/strong> Embora o site contenha muitas informa\u00e7\u00f5es \u00fateis n\u00e3o est\u00e1 particularmente bem disposto. Al\u00e9m disso, ele n\u00e3o \u00e9 totalmente responsivo no celular.<\/li>\n<li> Participa\u00e7\u00e3o em organiza\u00e7\u00f5es internacionais de mudan\u00e7as reconhecidas internacionalmente: <strong>Sim<\/strong>12 (ver acima)<\/li>\n<li> Lista de clientes e\/ou depoimentos de clientes anteriores: <strong>Parcial.<\/strong> Embora haja alguns testemunhos espalhados pelo site, n\u00e3o h\u00e1 um lugar para v\u00ea-los todos. Al\u00e9m disso, enquanto eles t\u00eam uma se\u00e7\u00e3o de clientes sob realoca\u00e7\u00e3o corporativa, nenhum cliente \u00e9 mencionado pelo nome.<\/li>\n<\/ol>\n<div itemprop=\"reviewRating\" itemscope itemtype=\"http:\/\/schema.org\/Rating\"><meta itemprop=\"worstRating\" content = \"0\" \/><meta itemprop=\"bestRating\" content=\"5\" \/><meta itemprop=\"ratingValue\" content=\"4\"><\/div>\n<p><strong>Nota geral: 4\/5<\/strong><br \/>\n<strong>Data de revis\u00e3o:<\/strong> <span itemprop=\"datePublished\" content=\"2016-04-21\">21\/04\/2016<\/span>\n<\/div>\n<p>Leia mais sobre <a href=\"https:\/\/moverdb.com\/pt\/mudancas-empresas\/\">empresas de mudan\u00e7as internacionais<\/a>, <a href=\"https:\/\/moverdb.com\/pt\/us-canada-movers\/\">Empresas de mudan\u00e7as sediadas nos EUA<\/a> e nosso <a href=\"https:\/\/moverdb.com\/pt\/criticas\/\">processo de revis\u00e3o explicado<\/a>.<\/p>\n<p><strong>Website:<\/strong> <a href=\"https:\/\/www.atlasvanlines.com\/international-movers\" target=\"_blank\" rel=\"noopener\">https:\/\/www.atlasvanlines.com\/international-movers<\/a><\/p>","protected":false},"excerpt":{"rendered":"<p>Atlas Van Lines International offers the following services for people moving abroad. You can also view a company profile and read reviews below: Personal and Corporate moves: Transportation Services Global door-to-door household goods transportation Ocean &#038; air freight Automobiles and boats Project freight (exhibits and displays) Relocation Services Program administration &#038; support Policy development Consulting [&hellip;]<\/p>\n","protected":false},"author":1,"featured_media":0,"parent":0,"menu_order":0,"comment_status":"closed","ping_status":"closed","template":"","meta":{"_genesis_hide_title":false,"_genesis_hide_breadcrumbs":false,"_genesis_hide_singular_image":false,"_genesis_hide_footer_widgets":false,"_genesis_custom_body_class":"","_genesis_custom_post_class":"","_genesis_layout":"","footnotes":""},"class_list":{"0":"post-246","1":"page","2":"type-page","3":"status-publish","5":"entry"},"_links":{"self":[{"href":"https:\/\/moverdb.com\/pt\/wp-json\/wp\/v2\/pages\/246","targetHints":{"allow":["GET"]}}],"collection":[{"href":"https:\/\/moverdb.com\/pt\/wp-json\/wp\/v2\/pages"}],"about":[{"href":"https:\/\/moverdb.com\/pt\/wp-json\/wp\/v2\/types\/page"}],"author":[{"embeddable":true,"href":"https:\/\/moverdb.com\/pt\/wp-json\/wp\/v2\/users\/1"}],"replies":[{"embeddable":true,"href":"https:\/\/moverdb.com\/pt\/wp-json\/wp\/v2\/comments?post=246"}],"version-history":[{"count":29,"href":"https:\/\/moverdb.com\/pt\/wp-json\/wp\/v2\/pages\/246\/revisions"}],"predecessor-version":[{"id":6178,"href":"https:\/\/moverdb.com\/pt\/wp-json\/wp\/v2\/pages\/246\/revisions\/6178"}],"wp:attachment":[{"href":"https:\/\/moverdb.com\/pt\/wp-json\/wp\/v2\/media?parent=246"}],"curies":[{"name":"wp","href":"https:\/\/api.w.org\/{rel}","templated":true}]}}