{"id":17400,"date":"2024-07-03T09:12:02","date_gmt":"2024-07-03T09:12:02","guid":{"rendered":"https:\/\/moverdb.com\/?page_id=17400"},"modified":"2026-05-15T14:59:06","modified_gmt":"2026-05-15T14:59:06","slug":"ubox-cost","status":"publish","type":"page","link":"https:\/\/moverdb.com\/pt\/ubox-cost\/","title":{"rendered":"Quanto custa o Ubox? Guia de economia para 2024"},"content":{"rendered":"<figure class=\"wp-block-image size-full\"><img loading=\"lazy\" decoding=\"async\" width=\"1000\" height=\"667\" class=\"wp-image-11037\" src=\"https:\/\/moverdb.com\/wp-content\/uploads\/u-box-moving-1.jpg\" alt=\"\" srcset=\"https:\/\/moverdb.com\/wp-content\/uploads\/u-box-moving-1.jpg 1000w, https:\/\/moverdb.com\/wp-content\/uploads\/u-box-moving-1-300x200.jpg 300w, https:\/\/moverdb.com\/wp-content\/uploads\/u-box-moving-1-18x12.jpg 18w, https:\/\/moverdb.com\/wp-content\/uploads\/u-box-moving-1-600x400.jpg 600w\" sizes=\"auto, (max-width: 1000px) 100vw, 1000px\" \/><\/figure>\r\n\r\n\r\n\r\n<p>U-Box \u00e9 a solu\u00e7\u00e3o de armazenamento vers\u00e1til e conveniente da U-Haul, projetada para simplificar suas necessidades de mudan\u00e7a e armazenamento. Com a U-Box, voc\u00ea tem a flexibilidade de armazenar seus pertences em <em>seu<\/em> se voc\u00ea estiver se mudando, organizando ou simplesmente precisando de armazenamento tempor\u00e1rio.\u00a0<\/p>\r\n\r\n\r\n\r\n\r\n\r\n<p>Nosso guia abordar\u00e1 o seguinte:<\/p>\r\n\r\n\r\n\r\n<ul class=\"wp-block-list\">\r\n<li>Quanto custa o U-Box<\/li>\r\n\r\n\r\n\r\n<li>O que afeta o custo do U-Box<\/li>\r\n\r\n\r\n\r\n<li>Como economizar dinheiro com a U-Box<\/li>\r\n\r\n\r\n\r\n<li>O que est\u00e1 envolvido no uso do U-Box<\/li>\r\n\r\n\r\n\r\n<li>Como saber se o U-Box \u00e9 a melhor op\u00e7\u00e3o para voc\u00ea<\/li>\r\n\r\n\r\n\r\n<li>Como encontrar e contratar a U-Box<\/li>\r\n<\/ul>\r\n\r\n\r\n\r\n<p>Os cont\u00eaineres U-Box s\u00e3o port\u00e1teis, seguros e entregues na porta de sua casa, o que torna o processo de mudan\u00e7a e armazenamento de seus itens descomplicado. Se voc\u00ea acha que o U-Box pode ter as solu\u00e7\u00f5es de que voc\u00ea precisa, continue lendo para descobrir nossas principais dicas para economizar dinheiro durante a mudan\u00e7a.<\/p>\r\n\r\n\r\n\r\n<div id=\"ez-toc-container\" class=\"ez-toc-v2_0_83 ez-toc-wrap-left counter-hierarchy ez-toc-counter ez-toc-transparent ez-toc-container-direction\">\n<div class=\"ez-toc-title-container\">\n<p class=\"ez-toc-title\" style=\"cursor:inherit\">Se\u00e7\u00f5es<\/p>\n<span class=\"ez-toc-title-toggle\"><a href=\"#\" class=\"ez-toc-pull-right ez-toc-btn ez-toc-btn-xs ez-toc-btn-default ez-toc-toggle\" aria-label=\"Alternar tabela de conte\u00fado\"><span class=\"ez-toc-js-icon-con\"><span class=\"\"><span class=\"eztoc-hide\" style=\"display:none;\">Alternar<\/span><span class=\"ez-toc-icon-toggle-span\"><svg style=\"fill: #999;color:#999\" xmlns=\"http:\/\/www.w3.org\/2000\/svg\" class=\"list-377408\" width=\"20px\" height=\"20px\" viewbox=\"0 0 24 24\" fill=\"none\"><path d=\"M6 6H4v2h2V6zm14 0H8v2h12V6zM4 11h2v2H4v-2zm16 0H8v2h12v-2zM4 16h2v2H4v-2zm16 0H8v2h12v-2z\" fill=\"currentColor\"><\/path><\/svg><svg style=\"fill: #999;color:#999\" class=\"arrow-unsorted-368013\" xmlns=\"http:\/\/www.w3.org\/2000\/svg\" width=\"10px\" height=\"10px\" viewbox=\"0 0 24 24\" version=\"1.2\" baseprofile=\"tiny\"><path d=\"M18.2 9.3l-6.2-6.3-6.2 6.3c-.2.2-.3.4-.3.7s.1.5.3.7c.2.2.4.3.7.3h11c.3 0 .5-.1.7-.3.2-.2.3-.5.3-.7s-.1-.5-.3-.7zM5.8 14.7l6.2 6.3 6.2-6.3c.2-.2.3-.5.3-.7s-.1-.5-.3-.7c-.2-.2-.4-.3-.7-.3h-11c-.3 0-.5.1-.7.3-.2.2-.3.5-.3.7s.1.5.3.7z\"\/><\/svg><\/span><\/span><\/span><\/a><\/span><\/div>\n<nav><ul class='ez-toc-list ez-toc-list-level-1 eztoc-toggle-hide-by-default' ><li class='ez-toc-page-1 ez-toc-heading-level-2'><a class=\"ez-toc-link ez-toc-heading-1\" href=\"https:\/\/moverdb.com\/pt\/ubox-cost\/#How_Much_Does_U-Box_Cost\" >Quanto custa o U-Box?<\/a><\/li><li class='ez-toc-page-1 ez-toc-heading-level-2'><a class=\"ez-toc-link ez-toc-heading-2\" href=\"https:\/\/moverdb.com\/pt\/ubox-cost\/#What_Affects_the_Cost_of_U-Box\" >O que afeta o custo do U-Box?<\/a><\/li><li class='ez-toc-page-1 ez-toc-heading-level-2'><a class=\"ez-toc-link ez-toc-heading-3\" href=\"https:\/\/moverdb.com\/pt\/ubox-cost\/#How_Can_I_Save_Money_on_U-Box\" >Como posso economizar dinheiro com a U-Box?<\/a><\/li><li class='ez-toc-page-1 ez-toc-heading-level-2'><a class=\"ez-toc-link ez-toc-heading-4\" href=\"https:\/\/moverdb.com\/pt\/ubox-cost\/#Whats_Involved_in_Hiring_U-Box\" >O que est\u00e1 envolvido na contrata\u00e7\u00e3o do U-Box?<\/a><\/li><li class='ez-toc-page-1 ez-toc-heading-level-2'><a class=\"ez-toc-link ez-toc-heading-5\" href=\"https:\/\/moverdb.com\/pt\/ubox-cost\/#Is_U-Box_the_Best_Choice_for_Me\" >A U-Box \u00e9 a melhor op\u00e7\u00e3o para mim?<\/a><\/li><li class='ez-toc-page-1 ez-toc-heading-level-2'><a class=\"ez-toc-link ez-toc-heading-6\" href=\"https:\/\/moverdb.com\/pt\/ubox-cost\/#How_Do_I_Find_and_Hire_a_U-Box\" >Como fa\u00e7o para encontrar e contratar um U-Box?<\/a><\/li><li class='ez-toc-page-1 ez-toc-heading-level-2'><a class=\"ez-toc-link ez-toc-heading-7\" href=\"https:\/\/moverdb.com\/pt\/ubox-cost\/#Final_Checklist\" >Lista de verifica\u00e7\u00e3o final<\/a><\/li><li class='ez-toc-page-1 ez-toc-heading-level-2'><a class=\"ez-toc-link ez-toc-heading-8\" href=\"https:\/\/moverdb.com\/pt\/ubox-cost\/#Frequently_Asked_Questions\" >Perguntas frequentes<\/a><ul class='ez-toc-list-level-3' ><li class='ez-toc-heading-level-3'><a class=\"ez-toc-link ez-toc-heading-9\" href=\"https:\/\/moverdb.com\/pt\/ubox-cost\/#What_is_U-Box_and_How_Does_It_Work\" >O que \u00e9 o U-Box e como ele funciona?<\/a><\/li><li class='ez-toc-page-1 ez-toc-heading-level-3'><a class=\"ez-toc-link ez-toc-heading-10\" href=\"https:\/\/moverdb.com\/pt\/ubox-cost\/#How_Do_I_Reserve_a_U-Box_Container\" >Como fa\u00e7o para reservar um cont\u00eainer U-Box?<\/a><\/li><li class='ez-toc-page-1 ez-toc-heading-level-3'><a class=\"ez-toc-link ez-toc-heading-11\" href=\"https:\/\/moverdb.com\/pt\/ubox-cost\/#Can_U-Box_Containers_Be_Used_for_Long-Distance_Moves\" >Os cont\u00eaineres U-Box podem ser usados em mudan\u00e7as de longa dist\u00e2ncia?<\/a><\/li><li class='ez-toc-page-1 ez-toc-heading-level-3'><a class=\"ez-toc-link ez-toc-heading-12\" href=\"https:\/\/moverdb.com\/pt\/ubox-cost\/#Can_I_Access_My_U-Box_While_Its_in_Storage\" >Posso acessar minha U-Box enquanto ela estiver armazenada?<\/a><\/li><li class='ez-toc-page-1 ez-toc-heading-level-3'><a class=\"ez-toc-link ez-toc-heading-13\" href=\"https:\/\/moverdb.com\/pt\/ubox-cost\/#Can_U-Haul_Help_with_Loading_and_Unloading_My_U-Box\" >A U-Haul pode ajudar a carregar e descarregar minha U-Box?<\/a><\/li><\/ul><\/li><\/ul><\/nav><\/div>\n<h2 class=\"wp-block-heading\"><span class=\"ez-toc-section\" id=\"How_Much_Does_U-Box_Cost\"><\/span><b>Quanto custa o U-Box?<\/b><span class=\"ez-toc-section-end\"><\/span><\/h2>\r\n\r\n\r\n\r\n<p>A U-Box atrai clientes que valorizam uma solu\u00e7\u00e3o completa e est\u00e3o dispostos a investir em conveni\u00eancia.<\/p>\r\n\r\n\r\n\r\n<p>O U-Box oferece um pacote abrangente com um pre\u00e7o m\u00e9dio de cont\u00eainer de mais de $3.700, incluindo n\u00e3o apenas o cont\u00eainer, mas tamb\u00e9m o aluguel do ve\u00edculo e o pr\u00f3prio box. A inclus\u00e3o desses elementos contribui para o pre\u00e7o mais alto.<\/p>\r\n\r\n\r\n\n<table id=\"tablepress-361\" class=\"tablepress tablepress-id-361\">\n<thead>\n<tr class=\"row-1\">\n\t<th class=\"column-1\">Servi\u00e7o<\/th><th class=\"column-2\">Custo estimado<\/th>\n<\/tr>\n<\/thead>\n<tbody class=\"row-striping row-hover\">\n<tr class=\"row-2\">\n\t<td class=\"column-1\">Pre\u00e7o por caixa\/cont\u00eainer<\/td><td class=\"column-2\">$100<\/td>\n<\/tr>\n<tr class=\"row-3\">\n\t<td class=\"column-1\">Taxa de entrega por caixa\/cont\u00eainer<\/td><td class=\"column-2\">$99<\/td>\n<\/tr>\n<tr class=\"row-4\">\n\t<td class=\"column-1\">Ajuda na mudan\u00e7a<\/td><td class=\"column-2\">$40<\/td>\n<\/tr>\n<tr class=\"row-5\">\n\t<td class=\"column-1\">Cobertura de seguro<\/td><td class=\"column-2\">$20<\/td>\n<\/tr>\n<\/tbody>\n<\/table>\n<!-- #tablepress-361 from cache -->\n\r\n\r\n\r\n<p>O custo b\u00e1sico por caixa \u00e9 de $100, com uma taxa de entrega por caixa\/cont\u00eainer de $99. Se voc\u00ea quiser ajuda com a mudan\u00e7a - embalagem e carregamento - isso pode custar $40, e o seguro para seus pertences enquanto estiverem armazenados custa $20.<\/p>\r\n\r\n\r\n\r\n<p>Para a nossa compara\u00e7\u00e3o de custos, analisaremos diferentes fornecedores de loca\u00e7\u00e3o de ve\u00edculos e unidades de armazenamento DIY para comparar e contrastar seus pre\u00e7os, a fim de lhe dar uma ideia completa do tipo de custos que voc\u00ea encontrar\u00e1 ao contratar servi\u00e7os de mudan\u00e7a.<\/p>\r\n\r\n\r\n\r\n\n<table id=\"tablepress-359\" class=\"tablepress tablepress-id-359\">\n<thead>\n<tr class=\"row-1\">\n\t<th class=\"column-1\">Provedor de servi\u00e7os<\/th><th class=\"column-2\">Pre\u00e7o m\u00e9dio do aluguel de cont\u00eaineres\/ve\u00edculos<\/th>\n<\/tr>\n<\/thead>\n<tbody class=\"row-striping row-hover\">\n<tr class=\"row-2\">\n\t<td class=\"column-1\">PODS<\/td><td class=\"column-2\">$6,100+<\/td>\n<\/tr>\n<tr class=\"row-3\">\n\t<td class=\"column-1\">U-Pack<\/td><td class=\"column-2\">$3,000+<\/td>\n<\/tr>\n<tr class=\"row-4\">\n\t<td class=\"column-1\">1-800-PACK-RAT<\/td><td class=\"column-2\">$3,000+<\/td>\n<\/tr>\n<tr class=\"row-5\">\n\t<td class=\"column-1\">zippyshell<\/td><td class=\"column-2\">$2,900+<\/td>\n<\/tr>\n<tr class=\"row-6\">\n\t<td class=\"column-1\">U-Haul<\/td><td class=\"column-2\">$3.500+<\/td>\n<\/tr>\n<tr class=\"row-7\">\n\t<td class=\"column-1\">SMARTBOX<\/td><td class=\"column-2\">$3,100+<\/td>\n<\/tr>\n<tr class=\"row-8\">\n\t<td class=\"column-1\">U-Box<\/td><td class=\"column-2\">$3.700+ (para incluir aluguel de ve\u00edculo e caixa)<\/td>\n<\/tr>\n<\/tbody>\n<\/table>\n<!-- #tablepress-359 from cache -->\r\n\r\n\r\n\r\n<p>A faixa de pre\u00e7os de outros fornecedores varia de $2.900, no valor mais baixo, a mais de $6.100, na extremidade mais alta do espectro.<\/p>\r\n\r\n\r\n\r\n<h2 class=\"wp-block-heading\"><span class=\"ez-toc-section\" id=\"What_Affects_the_Cost_of_U-Box\"><\/span><b>O que afeta o custo do U-Box?<\/b><span class=\"ez-toc-section-end\"><\/span><\/h2>\r\n\r\n\r\n\r\n<p>H\u00e1 quatro fatores principais que podem afetar o custo do armazenamento U-Box - vamos dar uma olhada mais de perto:<\/p>\r\n\r\n\r\n\r\n<p><strong><a href=\"https:\/\/moverdb.com\/pt\/shipping-container-sizes-and-dimensions\/\" data-internallinksmanager029f6b8e52c=\"247\" title=\"O guia final para tamanhos e dimens\u00f5es de cont\u00eaineres de embarque\">Tamanho do cont\u00eainer<\/a><\/strong><\/p>\r\n\r\n\r\n\r\n<p>O tamanho do cont\u00eainer U-Box que voc\u00ea escolher afetar\u00e1 diretamente o custo. Os cont\u00eaineres maiores oferecem mais espa\u00e7o e capacidade de armazenamento, mas podem ter um pre\u00e7o mais alto em compara\u00e7\u00e3o com as op\u00e7\u00f5es menores.<\/p>\r\n\r\n\r\n\r\n<p>Para obter o melhor custo-benef\u00edcio, certifique-se de selecionar o tamanho do cont\u00eainer que melhor se adapta aos seus pertences.<\/p>\r\n\r\n\r\n\r\n<p><strong>Dura\u00e7\u00e3o do armazenamento<\/strong><\/p>\r\n\r\n\r\n\r\n<p>O per\u00edodo de tempo que voc\u00ea planeja usar o U-Box Storage pode influenciar o custo, com per\u00edodos de armazenamento mais longos incorrendo em cobran\u00e7as mais altas do que os alugu\u00e9is de curto prazo. Para tirar o m\u00e1ximo proveito disso, escolha um plano que corresponda ao seu cronograma, mas n\u00e3o seja muito otimista, pois os complementos de dura\u00e7\u00e3o adicionais podem ser caros.<\/p>\r\n\r\n\r\n\r\n<p><strong>Local de entrega<\/strong><\/p>\r\n\r\n\r\n\r\n<p>A dist\u00e2ncia entre a unidade de armazenamento U-Box e o local de entrega pode afetar o custo e, dependendo da dist\u00e2ncia, as taxas de entrega podem variar. Quando estiver calculando o custo total da sua loca\u00e7\u00e3o, certifique-se de considerar a localiza\u00e7\u00e3o do dep\u00f3sito U-Box em rela\u00e7\u00e3o ao seu destino final.\u00a0<\/p>\r\n\r\n\r\n\r\n<p><strong>Servi\u00e7os adicionais<\/strong><\/p>\r\n\r\n\r\n\r\n<p>A U-Box oferece v\u00e1rios servi\u00e7os adicionais, como assist\u00eancia profissional para carga e descarga, armazenamento com controle clim\u00e1tico e cobertura de seguro. Optar por esses servi\u00e7os pode afetar o custo total de sua experi\u00eancia com a U-Box, portanto, \u00e9 melhor avaliar quais servi\u00e7os s\u00e3o essenciais para suas necessidades e fazer o or\u00e7amento de acordo.<\/p>\r\n\r\n\r\n\r\n\r\n\r\n<h2 class=\"wp-block-heading\"><span class=\"ez-toc-section\" id=\"How_Can_I_Save_Money_on_U-Box\"><\/span><strong>Como posso economizar dinheiro com a U-Box?<\/strong><span class=\"ez-toc-section-end\"><\/span><\/h2>\r\n\r\n\r\n\r\n<figure class=\"wp-block-image size-full\"><img loading=\"lazy\" decoding=\"async\" width=\"1000\" height=\"667\" class=\"wp-image-11038\" src=\"https:\/\/moverdb.com\/wp-content\/uploads\/u-box-moving-2.jpg\" alt=\"\" srcset=\"https:\/\/moverdb.com\/wp-content\/uploads\/u-box-moving-2.jpg 1000w, https:\/\/moverdb.com\/wp-content\/uploads\/u-box-moving-2-300x200.jpg 300w, https:\/\/moverdb.com\/wp-content\/uploads\/u-box-moving-2-18x12.jpg 18w, https:\/\/moverdb.com\/wp-content\/uploads\/u-box-moving-2-600x400.jpg 600w\" sizes=\"auto, (max-width: 1000px) 100vw, 1000px\" \/><\/figure>\r\n\r\n\r\n\r\n<p>Ser estrat\u00e9gico em suas escolhas e personalizar sua experi\u00eancia com o U-Box para atender \u00e0s suas necessidades espec\u00edficas pode ajud\u00e1-lo a economizar dinheiro. Vamos dar uma olhada mais de perto.<\/p>\r\n\r\n\r\n\r\n<p>O fator n\u00famero um para ajud\u00e1-lo a economizar dinheiro \u00e9 simplesmente selecionar um tamanho de cont\u00eainer U-Box que corresponda \u00e0s suas necessidades de armazenamento. Isso significa que voc\u00ea deve evitar alugar um cont\u00eainer maior do que o necess\u00e1rio, pois isso pode levar a despesas desnecess\u00e1rias.\u00a0<\/p>\r\n\r\n\r\n\r\n<p>Se poss\u00edvel, escolha uma dura\u00e7\u00e3o de armazenagem que seja a mais curta poss\u00edvel, pois per\u00edodos de armazenagem mais curtos podem ajud\u00e1-lo a evitar cobran\u00e7as adicionais associadas a alugu\u00e9is mais longos. Planeje com anteced\u00eancia e fa\u00e7a uma estimativa de quanto tempo precisar\u00e1 de armazenamento para otimizar a economia de custos, mas n\u00e3o exagere na efici\u00eancia, pois os dias adicionais de aluguel podem facilmente aumentar.<\/p>\r\n\r\n\r\n\r\n<p>Sempre que poss\u00edvel, escolha uma instala\u00e7\u00e3o de armazenamento U-Box que esteja convenientemente localizada para reduzir as taxas de entrega. A escolha de uma instala\u00e7\u00e3o pr\u00f3xima \u00e0 sua resid\u00eancia ou destino pode minimizar os custos de transporte e tornar a experi\u00eancia geral de armazenamento mais econ\u00f4mica.<\/p>\r\n\r\n\r\n\r\n<p>Por fim, embora o U-Box ofere\u00e7a v\u00e1rios servi\u00e7os adicionais, considere cuidadosamente quais s\u00e3o essenciais para sua situa\u00e7\u00e3o. Optar apenas pelos servi\u00e7os de que voc\u00ea realmente precisa pode ajud\u00e1-lo a evitar despesas desnecess\u00e1rias e a manter seus custos gerais sob controle.<\/p>\r\n\r\n\r\n\r\n<h2 class=\"wp-block-heading\"><span class=\"ez-toc-section\" id=\"Whats_Involved_in_Hiring_U-Box\"><\/span><strong>O que est\u00e1 envolvido na contrata\u00e7\u00e3o do U-Box?<\/strong><span class=\"ez-toc-section-end\"><\/span><\/h2>\r\n\r\n\r\n\r\n<p>Para come\u00e7ar, voc\u00ea selecionar\u00e1 o tamanho do cont\u00eainer U-Box adequado \u00e0s suas necessidades de armazenamento e o reservar\u00e1 on-line ou por telefone. Assim que sua reserva for confirmada, a U-Haul entregar\u00e1 o cont\u00eainer U-Box diretamente em seu local.\u00a0<\/p>\r\n\r\n\r\n\r\n<p>Quando ele estiver em sua casa, voc\u00ea poder\u00e1 carregar seus pertences no cont\u00eainer de acordo com sua conveni\u00eancia. Depois que voc\u00ea tiver carregado o U-Box, a U-Haul o coletar\u00e1 e o transportar\u00e1 para a instala\u00e7\u00e3o de armazenamento escolhida ou para o destino especificado.\u00a0<\/p>\r\n\r\n\r\n\r\n<p>Se voc\u00ea precisar de assist\u00eancia para carregar e descarregar, a U-Haul oferece servi\u00e7os de m\u00e3o de obra profissional para garantir um processo tranquilo. Durante toda a viagem, seus pertences permanecem seguros dentro do cont\u00eainer U-Box.\u00a0<\/p>\r\n\r\n\r\n\r\n<h2 class=\"wp-block-heading\"><span class=\"ez-toc-section\" id=\"Is_U-Box_the_Best_Choice_for_Me\"><\/span><strong>A U-Box \u00e9 a melhor op\u00e7\u00e3o para mim?<\/strong><span class=\"ez-toc-section-end\"><\/span><\/h2>\r\n\r\n\r\n\r\n<p>H\u00e1 muitas op\u00e7\u00f5es no mercado quando se trata de solu\u00e7\u00f5es de mudan\u00e7a e armazenamento, por isso pode ser dif\u00edcil saber qual \u00e9 a mais adequada para voc\u00ea. Vamos dar uma olhada nos principais pr\u00f3s e contras ao considerar o aluguel de U-Box.<\/p>\r\n\r\n\r\n\n<table id=\"tablepress-345\" class=\"tablepress tablepress-id-345\">\n<thead>\n<tr class=\"row-1\">\n\t<th class=\"column-1\">Vantagens do U-Box<\/th><th class=\"column-2\">Desvantagens do U-Box<\/th>\n<\/tr>\n<\/thead>\n<tbody class=\"row-striping row-hover\">\n<tr class=\"row-2\">\n\t<td class=\"column-1\">Flexibilidade quanto aos hor\u00e1rios e \u00e0 programa\u00e7\u00e3o da mudan\u00e7a<\/td><td class=\"column-2\">M\u00e3o de obra intensiva - voc\u00ea precisa carregar e descarregar sozinho, a menos que adicione um complemento de m\u00e3o de obra<\/td>\n<\/tr>\n<tr class=\"row-3\">\n\t<td class=\"column-1\">Mais barato do que as op\u00e7\u00f5es tradicionais de mudan\u00e7a com servi\u00e7o completo<\/td><td class=\"column-2\">Disponibilidade - per\u00edodos movimentados podem levar a uma menor disponibilidade <\/td>\n<\/tr>\n<tr class=\"row-4\">\n\t<td class=\"column-1\">Voc\u00ea pode ficar de olho em seus pertences durante o processo de mudan\u00e7a<\/td><td class=\"column-2\">Tempos de loca\u00e7\u00e3o mais longos podem se tornar caros<\/td>\n<\/tr>\n<\/tbody>\n<\/table>\n<!-- #tablepress-345 from cache -->\n\r\n\r\n\r\n<p>A principal vantagem \u00e9 a conveni\u00eancia que ela proporciona - com as transportadoras tradicionais, voc\u00ea precisar\u00e1 carregar e descarregar no mesmo dia, enquanto a U-Box oferece a flexibilidade de embalar e desembalar no seu pr\u00f3prio ritmo.<\/p>\r\n\r\n\r\n\r\n<p>No entanto, pode haver cobran\u00e7as extras dependendo da dist\u00e2ncia entre seus locais, e os per\u00edodos de armazenamento mais longos podem rapidamente se tornar muito mais caros do que se pensava inicialmente.<\/p>\r\n\r\n\r\n\r\n<h2 class=\"wp-block-heading\"><span class=\"ez-toc-section\" id=\"How_Do_I_Find_and_Hire_a_U-Box\"><\/span><strong>Como fa\u00e7o para encontrar e contratar um U-Box?<\/strong><span class=\"ez-toc-section-end\"><\/span><\/h2>\r\n\r\n\r\n\r\n<figure class=\"wp-block-image size-full\"><img loading=\"lazy\" decoding=\"async\" width=\"1000\" height=\"562\" class=\"wp-image-11039\" src=\"https:\/\/moverdb.com\/wp-content\/uploads\/u-box-moving-3.jpg\" alt=\"\" srcset=\"https:\/\/moverdb.com\/wp-content\/uploads\/u-box-moving-3.jpg 1000w, https:\/\/moverdb.com\/wp-content\/uploads\/u-box-moving-3-300x169.jpg 300w, https:\/\/moverdb.com\/wp-content\/uploads\/u-box-moving-3-18x10.jpg 18w, https:\/\/moverdb.com\/wp-content\/uploads\/u-box-moving-3-600x337.jpg 600w\" sizes=\"auto, (max-width: 1000px) 100vw, 1000px\" \/><\/figure>\r\n\r\n\r\n\r\n<p>Para come\u00e7ar, visite o site da U-Haul para procurar locais de U-Box perto de voc\u00ea, inserindo sua localiza\u00e7\u00e3o e as datas de armazenamento desejadas para visualizar as op\u00e7\u00f5es dispon\u00edveis. Como alternativa, voc\u00ea pode ligar para o servi\u00e7o de atendimento ao cliente da U-Haul para saber sobre a disponibilidade da U-Box e fazer uma reserva por telefone.<\/p>\r\n\r\n\r\n\r\n<p>Depois de selecionar um local U-Box e confirmar a disponibilidade, agora voc\u00ea precisa escolher o tamanho do cont\u00eainer que atenda \u00e0s suas necessidades de armazenamento. Conclua o processo de reserva fornecendo suas informa\u00e7\u00f5es de contato, detalhes de pagamento e quaisquer servi\u00e7os adicionais necess\u00e1rios.<\/p>\r\n\r\n\r\n\r\n<p>Quando isso for conclu\u00eddo, a U-Haul lhe enviar\u00e1 uma confirma\u00e7\u00e3o com os detalhes da sua reserva de U-Box e, no dia programado para a entrega, a U-Haul entregar\u00e1 o cont\u00eainer U-Box no local especificado. Voc\u00ea poder\u00e1 ent\u00e3o carregar seus pertences conforme sua conveni\u00eancia.\u00a0<\/p>\r\n\r\n\r\n\r\n<p>Quando voc\u00ea terminar de carregar, a U-Haul pegar\u00e1 a U-Box e a transportar\u00e1 para a instala\u00e7\u00e3o de armazenamento designada ou para o seu novo destino.<\/p>\r\n\r\n\r\n\r\n<h2 class=\"wp-block-heading\"><span class=\"ez-toc-section\" id=\"Final_Checklist\"><\/span><strong>Lista de verifica\u00e7\u00e3o final<\/strong><span class=\"ez-toc-section-end\"><\/span><\/h2>\r\n\r\n\r\n\r\n<p>Se voc\u00ea acha que contratar a U-Box \u00e9 a melhor op\u00e7\u00e3o, certifique-se de usar nossa lista de verifica\u00e7\u00e3o final para garantir que n\u00e3o falte nada em sua lista de tarefas quando chegar o grande dia.<\/p>\r\n\r\n\r\n\r\n<ul class=\"wp-block-list\">\r\n<li>Considere os pr\u00f3s e os contras da U-Box - a conveni\u00eancia vale a possibilidade de inflexibilidade com as datas dispon\u00edveis?<\/li>\r\n\r\n\r\n\r\n<li>D\u00ea uma olhada nos add-ons e decida se algum \u00e9 adequado para voc\u00ea. Voc\u00ea quer ajuda com trabalho manual e carregamento\/descarregamento?<\/li>\r\n\r\n\r\n\r\n<li>Verifique se h\u00e1 custos extras incorridos com seus dois locais<\/li>\r\n\r\n\r\n\r\n<li>Escolha um cont\u00eainer que tenha o tamanho certo para seus pertences<\/li>\r\n\r\n\r\n\r\n<li>Fa\u00e7a sua reserva e deixe tudo pronto para o grande dia!<\/li>\r\n<\/ul>\r\n\r\n\r\n\r\n<h2 class=\"wp-block-heading\"><span class=\"ez-toc-section\" id=\"Frequently_Asked_Questions\"><\/span><strong>Perguntas frequentes<\/strong><span class=\"ez-toc-section-end\"><\/span><\/h2>\r\n\r\n\r\n<div id=\"rank-math-faq\" class=\"rank-math-block\">\n<div class=\"rank-math-list\">\n<div id=\"faq-question-1692269790738\" class=\"rank-math-list-item\">\n<h3 class=\"rank-math-question\"><span class=\"ez-toc-section\" id=\"What_is_U-Box_and_How_Does_It_Work\"><\/span><strong>O que \u00e9 o U-Box e como ele funciona?<\/strong><span class=\"ez-toc-section-end\"><\/span><\/h3>\n<div class=\"rank-math-answer\">\n\n<p>O U-Box \u00e9 uma solu\u00e7\u00e3o de armazenamento port\u00e1til que oferece a conveni\u00eancia de cont\u00eaineres de armazenamento entregues. Voc\u00ea escolhe o tamanho do cont\u00eainer, a U-Haul o entrega em seu local e voc\u00ea carrega seus pertences. <\/p>\n<p>A U-Haul ent\u00e3o retira o cont\u00eainer para armazenamento ou transporte.<\/p>\n\n<\/div>\n<\/div>\n<div id=\"faq-question-1692269827309\" class=\"rank-math-list-item\">\n<h3 class=\"rank-math-question\"><span class=\"ez-toc-section\" id=\"How_Do_I_Reserve_a_U-Box_Container\"><\/span><strong>Como fa\u00e7o para reservar um cont\u00eainer U-Box?<\/strong><span class=\"ez-toc-section-end\"><\/span><\/h3>\n<div class=\"rank-math-answer\">\n\n<p>Voc\u00ea pode fazer isso on-line pelo site ou aplicativo da U-Haul, inserindo sua localiza\u00e7\u00e3o e as datas preferidas. Como alternativa, voc\u00ea pode ligar para o atendimento ao cliente da U-Haul para fazer uma reserva por telefone.<\/p>\n\n<\/div>\n<\/div>\n<div id=\"faq-question-1692269843670\" class=\"rank-math-list-item\">\n<h3 class=\"rank-math-question\"><span class=\"ez-toc-section\" id=\"Can_U-Box_Containers_Be_Used_for_Long-Distance_Moves\"><\/span><strong>Os cont\u00eaineres U-Box podem ser usados em mudan\u00e7as de longa dist\u00e2ncia?<\/strong><span class=\"ez-toc-section-end\"><\/span><\/h3>\n<div class=\"rank-math-answer\">\n\n<p>Sim, os cont\u00eaineres U-Box s\u00e3o projetados para mudan\u00e7as locais e de longa dist\u00e2ncia. Voc\u00ea pode carregar seus pertences no U-Box em seu local atual, e a U-Haul o transportar\u00e1 at\u00e9 o seu destino, seja do outro lado da cidade ou do outro lado do pa\u00eds.<\/p>\n\n<\/div>\n<\/div>\n<div id=\"faq-question-1692269860435\" class=\"rank-math-list-item\">\n<h3 class=\"rank-math-question\"><span class=\"ez-toc-section\" id=\"Can_I_Access_My_U-Box_While_Its_in_Storage\"><\/span><strong>Posso acessar minha U-Box enquanto ela estiver armazenada?<\/strong><span class=\"ez-toc-section-end\"><\/span><\/h3>\n<div class=\"rank-math-answer\">\n\n<p>Sim, voc\u00ea pode acessar sua U-Box enquanto ela estiver armazenada. Basta entrar em contato com a instala\u00e7\u00e3o da U-Box para providenciar o acesso. <\/p>\n<p>Lembre-se de que pode haver certos procedimentos e taxas associados ao acesso ao seu cont\u00eainer durante o armazenamento.<\/p>\n\n<\/div>\n<\/div>\n<div id=\"faq-question-1692269875232\" class=\"rank-math-list-item\">\n<h3 class=\"rank-math-question\"><span class=\"ez-toc-section\" id=\"Can_U-Haul_Help_with_Loading_and_Unloading_My_U-Box\"><\/span><strong>A U-Haul pode ajudar a carregar e descarregar minha U-Box?<\/strong><span class=\"ez-toc-section-end\"><\/span><\/h3>\n<div class=\"rank-math-answer\">\n\n<p>Sim, a U-Haul oferece servi\u00e7os de carga e descarga para cont\u00eaineres U-Box. Se precisar de ajuda para levantar peso ou embalar, voc\u00ea pode contratar m\u00e3o de obra profissional por meio da U-Haul para ajudar a tornar o processo mais tranquilo.<\/p>\n\n<\/div>\n<\/div>\n<\/div>\n<\/div>","protected":false},"excerpt":{"rendered":"<p>U-Box is U-Haul&#8217;s versatile and convenient storage solution designed to simplify your moving and storage needs. With U-Box, you get the flexibility to store your belongings on your terms, whether you&#8217;re relocating, decluttering, or simply in need of temporary storage.\u00a0 Our guide will cover the following: U-Box containers are portable, secure, and delivered right to [&hellip;]<\/p>\n","protected":false},"author":1,"featured_media":0,"parent":0,"menu_order":0,"comment_status":"closed","ping_status":"closed","template":"","meta":{"_genesis_hide_title":false,"_genesis_hide_breadcrumbs":false,"_genesis_hide_singular_image":false,"_genesis_hide_footer_widgets":false,"_genesis_custom_body_class":"","_genesis_custom_post_class":"","_genesis_layout":"","footnotes":""},"class_list":{"0":"post-17400","1":"page","2":"type-page","3":"status-publish","5":"entry"},"_links":{"self":[{"href":"https:\/\/moverdb.com\/pt\/wp-json\/wp\/v2\/pages\/17400","targetHints":{"allow":["GET"]}}],"collection":[{"href":"https:\/\/moverdb.com\/pt\/wp-json\/wp\/v2\/pages"}],"about":[{"href":"https:\/\/moverdb.com\/pt\/wp-json\/wp\/v2\/types\/page"}],"author":[{"embeddable":true,"href":"https:\/\/moverdb.com\/pt\/wp-json\/wp\/v2\/users\/1"}],"replies":[{"embeddable":true,"href":"https:\/\/moverdb.com\/pt\/wp-json\/wp\/v2\/comments?post=17400"}],"version-history":[{"count":1,"href":"https:\/\/moverdb.com\/pt\/wp-json\/wp\/v2\/pages\/17400\/revisions"}],"predecessor-version":[{"id":17401,"href":"https:\/\/moverdb.com\/pt\/wp-json\/wp\/v2\/pages\/17400\/revisions\/17401"}],"wp:attachment":[{"href":"https:\/\/moverdb.com\/pt\/wp-json\/wp\/v2\/media?parent=17400"}],"curies":[{"name":"wp","href":"https:\/\/api.w.org\/{rel}","templated":true}]}}