{"id":17398,"date":"2024-07-03T09:10:49","date_gmt":"2024-07-03T09:10:49","guid":{"rendered":"https:\/\/moverdb.com\/?page_id=17398"},"modified":"2026-01-08T13:18:45","modified_gmt":"2026-01-08T13:18:45","slug":"u-haul-cost","status":"publish","type":"page","link":"https:\/\/moverdb.com\/pt\/u-haul-cost\/","title":{"rendered":"Quanto custa a U-Haul? Guia de economia para 2024"},"content":{"rendered":"<figure class=\"wp-block-image size-full\"><img loading=\"lazy\" decoding=\"async\" width=\"1000\" height=\"667\" src=\"https:\/\/moverdb.com\/wp-content\/uploads\/u-haul-moving-1.jpg\" alt=\"\" class=\"wp-image-11040\" srcset=\"https:\/\/moverdb.com\/wp-content\/uploads\/u-haul-moving-1.jpg 1000w, https:\/\/moverdb.com\/wp-content\/uploads\/u-haul-moving-1-300x200.jpg 300w, https:\/\/moverdb.com\/wp-content\/uploads\/u-haul-moving-1-18x12.jpg 18w, https:\/\/moverdb.com\/wp-content\/uploads\/u-haul-moving-1-600x400.jpg 600w\" sizes=\"auto, (max-width: 1000px) 100vw, 1000px\" \/><\/figure>\r\n\r\n\r\n\r\n<p>A U-Haul continua sendo uma escolha popular entre as pessoas que fazem mudan\u00e7as por conta pr\u00f3pria, mas quanto ela realmente custa? Neste artigo, analisaremos os modelos de pre\u00e7os da U-Haul, observando os v\u00e1rios fatores que contribuem para o custo total, e lhe daremos dicas importantes e econ\u00f4micas sobre mudan\u00e7as.<\/p>\r\n\r\n\r\n\r\n<p>Nosso guia abordar\u00e1 o seguinte:<\/p>\r\n\r\n\r\n\r\n<ul class=\"wp-block-list\">\r\n<li>Quanto custa o U-Haul<\/li>\r\n\r\n\r\n\r\n<li>O que afeta o custo da U-Haul<\/li>\r\n\r\n\r\n\r\n<li>Como economizar dinheiro com a U-Haul<\/li>\r\n\r\n\r\n\r\n<li>O que est\u00e1 envolvido no uso da U-Haul<\/li>\r\n\r\n\r\n\r\n<li>Como saber se a U-Haul \u00e9 a melhor op\u00e7\u00e3o para voc\u00ea<\/li>\r\n\r\n\r\n\r\n<li>Como encontrar e contratar a U-Haul<\/li>\r\n<\/ul>\r\n\r\n\r\n\r\n<p>Se voc\u00ea deseja manter os custos baixos e seguir o caminho do fa\u00e7a-voc\u00ea-mesmo para a mudan\u00e7a de sua casa, usar o U-Haul pode ser uma \u00f3tima op\u00e7\u00e3o. Vamos come\u00e7ar.<\/p>\r\n\r\n\r\n\r\n<div id=\"ez-toc-container\" class=\"ez-toc-v2_0_82_2 ez-toc-wrap-left counter-hierarchy ez-toc-counter ez-toc-transparent ez-toc-container-direction\">\n<div class=\"ez-toc-title-container\">\n<p class=\"ez-toc-title\" style=\"cursor:inherit\">Se\u00e7\u00f5es<\/p>\n<span class=\"ez-toc-title-toggle\"><a href=\"#\" class=\"ez-toc-pull-right ez-toc-btn ez-toc-btn-xs ez-toc-btn-default ez-toc-toggle\" aria-label=\"Alternar tabela de conte\u00fado\"><span class=\"ez-toc-js-icon-con\"><span class=\"\"><span class=\"eztoc-hide\" style=\"display:none;\">Alternar<\/span><span class=\"ez-toc-icon-toggle-span\"><svg style=\"fill: #999;color:#999\" xmlns=\"http:\/\/www.w3.org\/2000\/svg\" class=\"list-377408\" width=\"20px\" height=\"20px\" viewbox=\"0 0 24 24\" fill=\"none\"><path d=\"M6 6H4v2h2V6zm14 0H8v2h12V6zM4 11h2v2H4v-2zm16 0H8v2h12v-2zM4 16h2v2H4v-2zm16 0H8v2h12v-2z\" fill=\"currentColor\"><\/path><\/svg><svg style=\"fill: #999;color:#999\" class=\"arrow-unsorted-368013\" xmlns=\"http:\/\/www.w3.org\/2000\/svg\" width=\"10px\" height=\"10px\" viewbox=\"0 0 24 24\" version=\"1.2\" baseprofile=\"tiny\"><path d=\"M18.2 9.3l-6.2-6.3-6.2 6.3c-.2.2-.3.4-.3.7s.1.5.3.7c.2.2.4.3.7.3h11c.3 0 .5-.1.7-.3.2-.2.3-.5.3-.7s-.1-.5-.3-.7zM5.8 14.7l6.2 6.3 6.2-6.3c.2-.2.3-.5.3-.7s-.1-.5-.3-.7c-.2-.2-.4-.3-.7-.3h-11c-.3 0-.5.1-.7.3-.2.2-.3.5-.3.7s.1.5.3.7z\"\/><\/svg><\/span><\/span><\/span><\/a><\/span><\/div>\n<nav><ul class='ez-toc-list ez-toc-list-level-1 eztoc-toggle-hide-by-default' ><li class='ez-toc-page-1 ez-toc-heading-level-2'><a class=\"ez-toc-link ez-toc-heading-1\" href=\"https:\/\/moverdb.com\/pt\/u-haul-cost\/#How_Much_Does_U-Haul_Cost\" >Quanto custa o U-Haul?<\/a><\/li><li class='ez-toc-page-1 ez-toc-heading-level-2'><a class=\"ez-toc-link ez-toc-heading-2\" href=\"https:\/\/moverdb.com\/pt\/u-haul-cost\/#What_Affects_the_Cost_of_U-Haul\" >O que afeta o custo da U-Haul?<\/a><\/li><li class='ez-toc-page-1 ez-toc-heading-level-2'><a class=\"ez-toc-link ez-toc-heading-3\" href=\"https:\/\/moverdb.com\/pt\/u-haul-cost\/#How_Can_I_Save_Money_on_U-Haul\" >Como posso economizar dinheiro com a U-Haul?<\/a><\/li><li class='ez-toc-page-1 ez-toc-heading-level-2'><a class=\"ez-toc-link ez-toc-heading-4\" href=\"https:\/\/moverdb.com\/pt\/u-haul-cost\/#Whats_Involved_in_Hiring_a_U-Haul\" >O que est\u00e1 envolvido na contrata\u00e7\u00e3o de um U-Haul?<\/a><\/li><li class='ez-toc-page-1 ez-toc-heading-level-2'><a class=\"ez-toc-link ez-toc-heading-5\" href=\"https:\/\/moverdb.com\/pt\/u-haul-cost\/#Is_a_U-Haul_the_Best_Choice_for_Me\" >Um U-Haul \u00e9 a melhor op\u00e7\u00e3o para mim?<\/a><\/li><li class='ez-toc-page-1 ez-toc-heading-level-2'><a class=\"ez-toc-link ez-toc-heading-6\" href=\"https:\/\/moverdb.com\/pt\/u-haul-cost\/#Final_Checklist\" >Lista de verifica\u00e7\u00e3o final<\/a><\/li><li class='ez-toc-page-1 ez-toc-heading-level-2'><a class=\"ez-toc-link ez-toc-heading-7\" href=\"https:\/\/moverdb.com\/pt\/u-haul-cost\/#Frequently_Asked_Questions\" >Perguntas frequentes<\/a><ul class='ez-toc-list-level-3' ><li class='ez-toc-heading-level-3'><a class=\"ez-toc-link ez-toc-heading-8\" href=\"https:\/\/moverdb.com\/pt\/u-haul-cost\/#How_Do_I_Reserve_a_U-Haul_Truck\" >Como fa\u00e7o para reservar um caminh\u00e3o da U-Haul?<\/a><\/li><li class='ez-toc-page-1 ez-toc-heading-level-3'><a class=\"ez-toc-link ez-toc-heading-9\" href=\"https:\/\/moverdb.com\/pt\/u-haul-cost\/#What_Do_I_Need_to_Bring_for_Pickup\" >O que preciso levar para a retirada?<\/a><\/li><li class='ez-toc-page-1 ez-toc-heading-level-3'><a class=\"ez-toc-link ez-toc-heading-10\" href=\"https:\/\/moverdb.com\/pt\/u-haul-cost\/#Can_I_Extend_My_Rental_Period\" >Posso estender meu per\u00edodo de aluguel?<\/a><\/li><li class='ez-toc-page-1 ez-toc-heading-level-3'><a class=\"ez-toc-link ez-toc-heading-11\" href=\"https:\/\/moverdb.com\/pt\/u-haul-cost\/#What_Should_I_Do_if_I_Encounter_Issues_During_the_Rental\" >O que devo fazer se encontrar problemas durante o aluguel?<\/a><\/li><\/ul><\/li><\/ul><\/nav><\/div>\n<h2 class=\"wp-block-heading\"><span class=\"ez-toc-section\" id=\"How_Much_Does_U-Haul_Cost\"><\/span><strong>Quanto custa o U-Haul?<\/strong><span class=\"ez-toc-section-end\"><\/span><\/h2>\r\n\r\n\r\n\r\n<p>A U-Haul, um nome bem conhecido no setor de mudan\u00e7as, oferece servi\u00e7os de mudan\u00e7a de cont\u00eaineres, bem como aluguel de ve\u00edculos. Embora eles possam estar associados ao aluguel tradicional de caminh\u00f5es, o servi\u00e7o de cont\u00eaineres oferece uma solu\u00e7\u00e3o alternativa para mudan\u00e7as.<\/p>\r\n\r\n\r\n\r\n<p>O reconhecimento da marca U-Haul e a disponibilidade em todo o pa\u00eds contribuem para seu pre\u00e7o mais alto em compara\u00e7\u00e3o com seus concorrentes. Para come\u00e7ar, vamos dar uma olhada no custo m\u00e9dio do aluguel da U-Haul.<\/p>\r\n\r\n\r\n\n<table id=\"tablepress-360\" class=\"tablepress tablepress-id-360\">\n<thead>\n<tr class=\"row-1\">\n\t<th class=\"column-1\">Dist\u00e2ncia<\/th><th class=\"column-2\">Custo estimado<\/th>\n<\/tr>\n<\/thead>\n<tbody class=\"row-striping row-hover\">\n<tr class=\"row-2\">\n\t<td class=\"column-1\">50 milhas<\/td><td class=\"column-2\">$25 + $0,99 por milha<\/td>\n<\/tr>\n<tr class=\"row-3\">\n\t<td class=\"column-1\">450 milhas<\/td><td class=\"column-2\">$600+<\/td>\n<\/tr>\n<tr class=\"row-4\">\n\t<td class=\"column-1\">Mais de 1.000 milhas<\/td><td class=\"column-2\">$1.600 a $2.300+<\/td>\n<\/tr>\n<\/tbody>\n<\/table>\n<!-- #tablepress-360 from cache -->\n\r\n\r\n\r\n<p>Para uma viagem curta de 50 milhas, o custo \u00e9 de cerca de $25 para aluguel e $0,99 por milha. Viagens maiores, de mais de 1.000 milhas, podem custar de $1.600 a $2.300, dependendo da dist\u00e2ncia total percorrida.<\/p>\r\n\r\n\r\n\r\n<p>Para a nossa compara\u00e7\u00e3o de custos, analisaremos diferentes fornecedores de loca\u00e7\u00e3o de ve\u00edculos e unidades de armazenamento DIY para comparar e contrastar seus pre\u00e7os, a fim de lhe dar uma ideia completa do tipo de custos que voc\u00ea encontrar\u00e1 ao contratar servi\u00e7os de mudan\u00e7a.<\/p>\r\n\r\n\r\n\n<table id=\"tablepress-359\" class=\"tablepress tablepress-id-359\">\n<thead>\n<tr class=\"row-1\">\n\t<th class=\"column-1\">Provedor de servi\u00e7os<\/th><th class=\"column-2\">Pre\u00e7o m\u00e9dio do aluguel de cont\u00eaineres\/ve\u00edculos<\/th>\n<\/tr>\n<\/thead>\n<tbody class=\"row-striping row-hover\">\n<tr class=\"row-2\">\n\t<td class=\"column-1\">PODS<\/td><td class=\"column-2\">$6,100+<\/td>\n<\/tr>\n<tr class=\"row-3\">\n\t<td class=\"column-1\">U-Pack<\/td><td class=\"column-2\">$3,000+<\/td>\n<\/tr>\n<tr class=\"row-4\">\n\t<td class=\"column-1\">1-800-PACK-RAT<\/td><td class=\"column-2\">$3,000+<\/td>\n<\/tr>\n<tr class=\"row-5\">\n\t<td class=\"column-1\">zippyshell<\/td><td class=\"column-2\">$2,900+<\/td>\n<\/tr>\n<tr class=\"row-6\">\n\t<td class=\"column-1\">U-Haul<\/td><td class=\"column-2\">$3.500+<\/td>\n<\/tr>\n<tr class=\"row-7\">\n\t<td class=\"column-1\">SMARTBOX<\/td><td class=\"column-2\">$3,100+<\/td>\n<\/tr>\n<tr class=\"row-8\">\n\t<td class=\"column-1\">U-Box<\/td><td class=\"column-2\">$3.700+ (para incluir aluguel de ve\u00edculo e caixa)<\/td>\n<\/tr>\n<\/tbody>\n<\/table>\n<!-- #tablepress-359 from cache -->\n\r\n\r\n\r\n<p>A faixa de pre\u00e7os de outros fornecedores fica entre $2.900, no valor mais baixo, e $6.100+, na extremidade mais alta do espectro.<\/p>\r\n\r\n\r\n\r\n<h2 class=\"wp-block-heading\"><span class=\"ez-toc-section\" id=\"What_Affects_the_Cost_of_U-Haul\"><\/span><strong>O que afeta o custo da U-Haul?<\/strong><span class=\"ez-toc-section-end\"><\/span><\/h2>\r\n\r\n\r\n\r\n<p>Agora que j\u00e1 conhecemos alguns dos pre\u00e7os associados ao aluguel da U-Haul, vamos analisar as maneiras pelas quais voc\u00ea pode afetar os custos, para que esteja ciente dos fatos antes de se envolver.<\/p>\r\n\r\n\r\n\r\n<p><strong>Dist\u00e2ncia da mudan\u00e7a<\/strong><\/p>\r\n\r\n\r\n\r\n<p>Como era de se esperar, a dist\u00e2ncia que voc\u00ea planeja percorrer com o caminh\u00e3o U-Haul alugado influencia significativamente o custo. Dist\u00e2ncias mais longas geralmente levam a taxas de aluguel mais altas devido ao maior consumo de gasolina e ao desgaste do ve\u00edculo.<\/p>\r\n\r\n\r\n\r\n<p><strong>Tamanho e tipo do caminh\u00e3o<\/strong><\/p>\r\n\r\n\r\n\r\n<p>O tamanho e o tipo de caminh\u00e3o U-Haul que voc\u00ea escolher afetar\u00e3o o custo do aluguel. Caminh\u00f5es maiores, com mais espa\u00e7o para carga, normalmente t\u00eam um pre\u00e7o de aluguel mais alto em compara\u00e7\u00e3o com as op\u00e7\u00f5es menores.<\/p>\r\n\r\n\r\n\r\n<p><strong>Dura\u00e7\u00e3o do aluguel<\/strong><\/p>\r\n\r\n\r\n\r\n<p>O per\u00edodo de tempo que voc\u00ea precisa do caminh\u00e3o da U-Haul desempenha um papel nos custos associados, pois per\u00edodos de aluguel mais longos resultam em cobran\u00e7as gerais mais altas. A U-Haul oferece op\u00e7\u00f5es de aluguel para v\u00e1rias dura\u00e7\u00f5es, desde algumas horas at\u00e9 v\u00e1rios dias, ajudando-o a encontrar um servi\u00e7o que se adapte \u00e0 sua situa\u00e7\u00e3o individual.<\/p>\r\n\r\n\r\n\r\n<p><strong>Acess\u00f3rios e complementos para mudan\u00e7a<\/strong><\/p>\r\n\r\n\r\n\r\n<p>A sele\u00e7\u00e3o de servi\u00e7os adicionais e acess\u00f3rios de mudan\u00e7a, como material de embalagem, carrinhos e almofadas para m\u00f3veis, pode aumentar o custo do aluguel. Esses extras podem ajudar a agilizar sua mudan\u00e7a, mas podem contribuir para aumentar as despesas.<\/p>\r\n\r\n\r\n\r\n<p><strong>Locais de coleta e entrega<\/strong><\/p>\r\n\r\n\r\n\r\n<p>Os locais de retirada e devolu\u00e7\u00e3o para o aluguel da U-Haul influenciam o custo, pois as taxas de aluguel podem variar com base na demanda e na disponibilidade de caminh\u00f5es em locais espec\u00edficos. As tarifas tamb\u00e9m podem diferir entre alugu\u00e9is locais e unidirecionais, o que \u00e9 importante considerar.<\/p>\r\n\r\n\r\n\r\n<h2 class=\"wp-block-heading\"><span class=\"ez-toc-section\" id=\"How_Can_I_Save_Money_on_U-Haul\"><\/span><strong>Como posso economizar dinheiro com a U-Haul?<\/strong><span class=\"ez-toc-section-end\"><\/span><\/h2>\r\n\r\n\r\n\r\n<figure class=\"wp-block-image size-full\"><img loading=\"lazy\" decoding=\"async\" width=\"1000\" height=\"667\" src=\"https:\/\/moverdb.com\/wp-content\/uploads\/u-haul-moving-2.jpg\" alt=\"\" class=\"wp-image-11041\" srcset=\"https:\/\/moverdb.com\/wp-content\/uploads\/u-haul-moving-2.jpg 1000w, https:\/\/moverdb.com\/wp-content\/uploads\/u-haul-moving-2-300x200.jpg 300w, https:\/\/moverdb.com\/wp-content\/uploads\/u-haul-moving-2-18x12.jpg 18w, https:\/\/moverdb.com\/wp-content\/uploads\/u-haul-moving-2-600x400.jpg 600w\" sizes=\"auto, (max-width: 1000px) 100vw, 1000px\" \/><\/figure>\r\n\r\n\r\n\r\n<p>Agora sabemos como as U-Hauls podem aumentar de pre\u00e7o, portanto, vamos combater isso com alguns truques inteligentes para manter seus gastos sob controle.<\/p>\r\n\r\n\r\n\r\n<p>Sempre que poss\u00edvel, opte por um caminh\u00e3o menor, pois escolher um tamanho de caminh\u00e3o que caiba seus pertences sem espa\u00e7o excessivo pode resultar em custos de aluguel mais baixos. Os caminh\u00f5es menores geralmente t\u00eam taxas de aluguel mais acess\u00edveis.<\/p>\r\n\r\n\r\n\r\n<p>Se estiver alugando com base na quilometragem, planeje a rota mais eficiente at\u00e9 o seu destino para minimizar a dist\u00e2ncia percorrida. Evite desvios e quilometragem desnecess\u00e1ria para manter os custos sob controle.<\/p>\r\n\r\n\r\n\r\n<p>Da mesma forma, selecione a dura\u00e7\u00e3o do aluguel adequada \u00e0s suas necessidades. Se puder concluir a mudan\u00e7a em um prazo menor, voc\u00ea pagar\u00e1 menos em taxas de aluguel, mas fique atento ao seu cronograma e a qualquer otimismo excessivo, pois as taxas de atraso podem ser t\u00e3o prejudiciais quanto um per\u00edodo de loca\u00e7\u00e3o prolongado.<\/p>\r\n\r\n\r\n\r\n<p>A mudan\u00e7a em \u00e9pocas de baixa demanda ou em dias de semana pode resultar em tarifas de aluguel mais baixas. Sempre que poss\u00edvel, procure evitar os fins de semana e os meses de pico de mudan\u00e7a, como o ver\u00e3o, para aproveitar as vantagens de tarifas potencialmente com desconto.<\/p>\r\n\r\n\r\n\r\n<p>Por fim, embora a U-Haul ofere\u00e7a v\u00e1rios acess\u00f3rios e complementos de mudan\u00e7a, escolha apenas o que voc\u00ea <em>verdadeiramente<\/em> necessidade. Evitar extras desnecess\u00e1rios, como equipamentos especiais, pode ajudar a reduzir seu custo total.<\/p>\r\n\r\n\r\n\r\n<h2 class=\"wp-block-heading\"><span class=\"ez-toc-section\" id=\"Whats_Involved_in_Hiring_a_U-Haul\"><\/span><strong>O que est\u00e1 envolvido em<\/strong> Contrata\u00e7\u00e3o de um U-Haul?<span class=\"ez-toc-section-end\"><\/span><\/h2>\r\n\r\n\r\n\r\n<figure class=\"wp-block-image size-full\"><img loading=\"lazy\" decoding=\"async\" width=\"1000\" height=\"654\" src=\"https:\/\/moverdb.com\/wp-content\/uploads\/u-haul-moving-3.jpg\" alt=\"\" class=\"wp-image-11042\" srcset=\"https:\/\/moverdb.com\/wp-content\/uploads\/u-haul-moving-3.jpg 1000w, https:\/\/moverdb.com\/wp-content\/uploads\/u-haul-moving-3-300x196.jpg 300w, https:\/\/moverdb.com\/wp-content\/uploads\/u-haul-moving-3-18x12.jpg 18w, https:\/\/moverdb.com\/wp-content\/uploads\/u-haul-moving-3-600x392.jpg 600w\" sizes=\"auto, (max-width: 1000px) 100vw, 1000px\" \/><\/figure>\r\n\r\n\r\n\r\n<p>A primeira etapa da contrata\u00e7\u00e3o de um U-Haul talvez seja a mais dif\u00edcil - voc\u00ea precisa determinar o tamanho adequado do caminh\u00e3o para os seus pertences e calcular a dist\u00e2ncia que ser\u00e1 percorrida.<\/p>\r\n\r\n\r\n\r\n<p>Depois de selecionar o caminh\u00e3o, voc\u00ea pode reservar o caminh\u00e3o U-Haul on-line ou por telefone, especificando o local de retirada, a dura\u00e7\u00e3o do aluguel e o local de devolu\u00e7\u00e3o.<\/p>\r\n\r\n\r\n\r\n<p>No dia programado para a retirada, dirija-se ao local escolhido pela U-Haul para retirar o caminh\u00e3o alugado, n\u00e3o se esquecendo de levar uma carteira de motorista v\u00e1lida e o m\u00e9todo de pagamento usado para a reserva. Depois de preencher a papelada, voc\u00ea receber\u00e1 as chaves do seu caminh\u00e3o U-Haul.<\/p>\r\n\r\n\r\n\r\n<p>A partir da\u00ed, voc\u00ea pode carregar seus pertences, dirigir at\u00e9 o seu destino e descarregar conforme sua conveni\u00eancia. Quando terminar de usar o caminh\u00e3o, basta devolv\u00ea-lo ao local de devolu\u00e7\u00e3o designado dentro do per\u00edodo de aluguel acordado.<\/p>\r\n\r\n\r\n\r\n<h2 class=\"wp-block-heading\"><span class=\"ez-toc-section\" id=\"Is_a_U-Haul_the_Best_Choice_for_Me\"><\/span><strong>Um U-Haul \u00e9 a melhor op\u00e7\u00e3o para mim?<\/strong><span class=\"ez-toc-section-end\"><\/span><\/h2>\r\n\r\n\r\n\r\n<p>Pode ser tentador fazer tudo e contratar uma mudan\u00e7a com servi\u00e7o completo para evitar todo o trabalho pesado e dirigir de e para as casas nova e antiga, mas se voc\u00ea quiser ser mais pr\u00e1tico, contratar um U-Haul pode ser uma \u00f3tima op\u00e7\u00e3o.<\/p>\r\n\r\n\r\n\n<table id=\"tablepress-344\" class=\"tablepress tablepress-id-344\">\n<thead>\n<tr class=\"row-1\">\n\t<th class=\"column-1\">Vantagens da U-Haul<\/th><th class=\"column-2\">Desvantagens da U-Haul<\/th>\n<\/tr>\n<\/thead>\n<tbody class=\"row-striping row-hover\">\n<tr class=\"row-2\">\n\t<td class=\"column-1\">Flexibilidade quanto aos hor\u00e1rios e \u00e0 programa\u00e7\u00e3o da mudan\u00e7a<\/td><td class=\"column-2\">Trabalho intensivo - voc\u00ea precisa dirigir, carregar e descarregar por conta pr\u00f3pria<\/td>\n<\/tr>\n<tr class=\"row-3\">\n\t<td class=\"column-1\">Mais barato do que as op\u00e7\u00f5es tradicionais de mudan\u00e7a com servi\u00e7o completo<\/td><td class=\"column-2\">Voc\u00ea \u00e9 respons\u00e1vel pelo seguro durante a viagem<\/td>\n<\/tr>\n<tr class=\"row-4\">\n\t<td class=\"column-1\">Voc\u00ea pode ficar de olho em seus pertences durante o processo de mudan\u00e7a<\/td><td class=\"column-2\">Podem ocorrer danos ao ve\u00edculo durante a mudan\u00e7a, que voc\u00ea precisar\u00e1 consertar<\/td>\n<\/tr>\n<\/tbody>\n<\/table>\n<!-- #tablepress-344 from cache -->\n\r\n\r\n\r\n<p>A principal vantagem do aluguel do U-Haul \u00e9 simplesmente o maior controle que ele proporciona sobre os seus gastos. Voc\u00ea pode escolher o tamanho do caminh\u00e3o adequado aos seus pertences, selecionar a dura\u00e7\u00e3o do aluguel e decidir se deseja adicionar servi\u00e7os ou acess\u00f3rios extras.<\/p>\r\n\r\n\r\n\r\n<p>Entretanto, carregar e descarregar m\u00f3veis e itens pesados pode exigir muito esfor\u00e7o f\u00edsico. Se voc\u00ea n\u00e3o se sentir \u00e0 vontade para levantar e carregar, ou se precisar de assist\u00eancia profissional, talvez seja necess\u00e1rio contratar ajuda adicional.<\/p>\r\n\r\n\r\n\r\n<h2 class=\"wp-block-heading\"><span class=\"ez-toc-section\" id=\"Final_Checklist\"><\/span><strong>Lista de verifica\u00e7\u00e3o final<\/strong><span class=\"ez-toc-section-end\"><\/span><\/h2>\r\n\r\n\r\n\r\n<p>Se voc\u00ea acha que fazer voc\u00ea mesmo e usar um U-Haul \u00e9 o caminho a seguir, n\u00e3o deixe de anotar nossa lista de verifica\u00e7\u00e3o final para garantir que tudo esteja em ordem quando se trata de sua grande mudan\u00e7a.<\/p>\r\n\r\n\r\n\r\n<ul class=\"wp-block-list\">\r\n<li>Considere se voc\u00ea gostaria da ajuda de uma equipe de mudan\u00e7a com servi\u00e7o completo ou se, em vez disso, n\u00e3o h\u00e1 problema em optar pelo m\u00e9todo \"fa\u00e7a voc\u00ea mesmo<\/li>\r\n\r\n\r\n\r\n<li>Observe seus pertences - \u00e9 poss\u00edvel reduzir o tamanho antes de reservar o U-Haul para economizar dinheiro?<\/li>\r\n\r\n\r\n\r\n<li>Confira a variedade de ve\u00edculos e escolha um que seja adequado ao seu volume de carga e \u00e0s suas necessidades<\/li>\r\n\r\n\r\n\r\n<li>Voc\u00ea precisa de algum servi\u00e7o extra? Lembre-se de adicion\u00e1-los antes de fazer a reserva<\/li>\r\n\r\n\r\n\r\n<li>Verifique novamente suas datas e fa\u00e7a a reserva para sua mudan\u00e7a!<\/li>\r\n<\/ul>\r\n\r\n\r\n\r\n<h2 class=\"wp-block-heading\"><span class=\"ez-toc-section\" id=\"Frequently_Asked_Questions\"><\/span><strong>Perguntas frequentes<\/strong><span class=\"ez-toc-section-end\"><\/span><\/h2>\r\n\r\n\r\n<div id=\"rank-math-faq\" class=\"rank-math-block\">\n<div class=\"rank-math-list\">\n<div id=\"faq-question-1692200957678\" class=\"rank-math-list-item\">\n<h3 class=\"rank-math-question\"><span class=\"ez-toc-section\" id=\"How_Do_I_Reserve_a_U-Haul_Truck\"><\/span><strong>Como fa\u00e7o para reservar um caminh\u00e3o da U-Haul?<\/strong><span class=\"ez-toc-section-end\"><\/span><\/h3>\n<div class=\"rank-math-answer\">\n\n<p>Voc\u00ea pode facilmente reservar um caminh\u00e3o da U-Haul on-line visitando o site da U-Haul ou usando seu aplicativo. Basta inserir suas prefer\u00eancias de local, data de aluguel e tamanho do caminh\u00e3o para come\u00e7ar. <\/p>\n<p>Como alternativa, voc\u00ea pode ligar para o servi\u00e7o de atendimento ao cliente da U-Haul para fazer uma reserva por telefone e discutir quaisquer detalhes da reserva.<\/p>\n\n<\/div>\n<\/div>\n<div id=\"faq-question-1692201036551\" class=\"rank-math-list-item\">\n<h3 class=\"rank-math-question\"><span class=\"ez-toc-section\" id=\"What_Do_I_Need_to_Bring_for_Pickup\"><\/span><strong>O que preciso levar para a retirada?<\/strong><span class=\"ez-toc-section-end\"><\/span><\/h3>\n<div class=\"rank-math-answer\">\n\n<p>Ao retirar seu caminh\u00e3o da U-Haul, leve uma carteira de motorista v\u00e1lida e o m\u00e9todo de pagamento usado para a reserva. Sua unidade de aluguel pode exigir identifica\u00e7\u00e3o adicional, portanto, \u00e9 melhor verificar caso a caso com seu fornecedor.<\/p>\n\n<\/div>\n<\/div>\n<div id=\"faq-question-1692201050762\" class=\"rank-math-list-item\">\n<h3 class=\"rank-math-question\"><span class=\"ez-toc-section\" id=\"Can_I_Extend_My_Rental_Period\"><\/span><strong>Posso estender meu per\u00edodo de aluguel?<\/strong><span class=\"ez-toc-section-end\"><\/span><\/h3>\n<div class=\"rank-math-answer\">\n\n<p>Sim, voc\u00ea pode estender o per\u00edodo de aluguel, se necess\u00e1rio. Entre em contato com o servi\u00e7o de atendimento ao cliente da U-Haul ou visite uma ag\u00eancia local de aluguel para discutir a extens\u00e3o e tomar as provid\u00eancias necess\u00e1rias. <\/p>\n<p>Lembre-se de que podem ser cobradas taxas de aluguel adicionais pelo per\u00edodo estendido.<\/p>\n\n<\/div>\n<\/div>\n<div id=\"faq-question-1692201063702\" class=\"rank-math-list-item\">\n<h3 class=\"rank-math-question\"><span class=\"ez-toc-section\" id=\"What_Should_I_Do_if_I_Encounter_Issues_During_the_Rental\"><\/span><strong>O que devo fazer se encontrar problemas durante o aluguel?<\/strong><span class=\"ez-toc-section-end\"><\/span><\/h3>\n<div class=\"rank-math-answer\">\n\n<p>Se tiver algum problema com o caminh\u00e3o da U-Haul durante o aluguel, como problemas mec\u00e2nicos ou d\u00favidas sobre o equipamento, entre em contato com a assist\u00eancia nas estradas ou com o atendimento ao cliente da U-Haul para obter orienta\u00e7\u00e3o e suporte.<\/p>\n<p>Eles fornecer\u00e3o assist\u00eancia para ajudar a resolver quaisquer preocupa\u00e7\u00f5es que voc\u00ea tenha ao usar o caminh\u00e3o alugado.<\/p>\n\n<\/div>\n<\/div>\n<\/div>\n<\/div>","protected":false},"excerpt":{"rendered":"<p>U-Haul remains a popular choice among DIY movers, but how much does it actually cost? In this article, we\u2019ll dissect the pricing models of U-Haul, looking at the various factors that contribute to the overall cost &#8211; and leave you with all-important, cost-effective moving tips. Our guide will cover the following: If you fancy keeping [&hellip;]<\/p>\n","protected":false},"author":1,"featured_media":0,"parent":0,"menu_order":0,"comment_status":"closed","ping_status":"closed","template":"","meta":{"_genesis_hide_title":false,"_genesis_hide_breadcrumbs":false,"_genesis_hide_singular_image":false,"_genesis_hide_footer_widgets":false,"_genesis_custom_body_class":"","_genesis_custom_post_class":"","_genesis_layout":"","footnotes":""},"class_list":{"0":"post-17398","1":"page","2":"type-page","3":"status-publish","5":"entry"},"_links":{"self":[{"href":"https:\/\/moverdb.com\/pt\/wp-json\/wp\/v2\/pages\/17398","targetHints":{"allow":["GET"]}}],"collection":[{"href":"https:\/\/moverdb.com\/pt\/wp-json\/wp\/v2\/pages"}],"about":[{"href":"https:\/\/moverdb.com\/pt\/wp-json\/wp\/v2\/types\/page"}],"author":[{"embeddable":true,"href":"https:\/\/moverdb.com\/pt\/wp-json\/wp\/v2\/users\/1"}],"replies":[{"embeddable":true,"href":"https:\/\/moverdb.com\/pt\/wp-json\/wp\/v2\/comments?post=17398"}],"version-history":[{"count":1,"href":"https:\/\/moverdb.com\/pt\/wp-json\/wp\/v2\/pages\/17398\/revisions"}],"predecessor-version":[{"id":17399,"href":"https:\/\/moverdb.com\/pt\/wp-json\/wp\/v2\/pages\/17398\/revisions\/17399"}],"wp:attachment":[{"href":"https:\/\/moverdb.com\/pt\/wp-json\/wp\/v2\/media?parent=17398"}],"curies":[{"name":"wp","href":"https:\/\/api.w.org\/{rel}","templated":true}]}}