{"id":1680,"date":"2017-01-25T11:25:11","date_gmt":"2017-01-25T11:25:11","guid":{"rendered":"http:\/\/moverdb.com\/?page_id=1680"},"modified":"2026-01-08T14:47:26","modified_gmt":"2026-01-08T14:47:26","slug":"agilidade","status":"publish","type":"page","link":"https:\/\/moverdb.com\/pt\/agility\/","title":{"rendered":"Agilidade - Revis\u00e3o Internacional de Mudan\u00e7as e Envios"},"content":{"rendered":"<p>A agilidade \u00e9 a maior log\u00edstica e <a href=\"https:\/\/moverdb.com\/pt\/moving-companies\/\" data-internallinksmanager029f6b8e52c=\"79\" title=\"As 25 maiores empresas de mudan\u00e7as internacionais on-line\">empresa de mudan\u00e7as<\/a> no Oriente M\u00e9dio. Ela oferece a seus clientes uma ampla gama de servi\u00e7os que est\u00e3o listados abaixo, juntamente com um perfil de empresa e revis\u00f5es. <strong>Note que a Agilidade n\u00e3o move bens dom\u00e9sticos ou objetos pessoais para indiv\u00edduos<\/strong>.<\/p>\n<p><strong>Mudan\u00e7as Internacionais<\/strong><\/p>\n<ul>\n<li> Servi\u00e7o porta a porta<\/li>\n<li> Frete mar\u00edtimo ou a\u00e9reo<\/li>\n<li> Servi\u00e7o especializado em embalagem<\/li>\n<li> Servi\u00e7o especializado de desempacotamento<\/li>\n<li> Remo\u00e7\u00e3o de detritos<\/li>\n<li> Tratar de quest\u00f5es de despachos aduaneiros e desalfandegamento<\/li>\n<li> Supervis\u00e3o no local do carregamento de cont\u00eaineres especiais<\/li>\n<li> Armazenamento a longo e curto prazo<\/li>\n<li> Seguros<\/li>\n<li> Engradado especializado<\/li>\n<li> Manuten\u00e7\u00e3o de aparelhos<\/li>\n<li> Servi\u00e7o de artes\u00e3os<\/li>\n<li> Eletricista<\/li>\n<li> Desmontagem e remontagem de m\u00f3veis e mercadorias<\/li>\n<li> Manuseio especial de itens grandes e\/ou fr\u00e1geis<\/li>\n<\/ul>\n<p><strong>Armazenagem e Distribui\u00e7\u00e3o<\/strong><\/p>\n<ul>\n<li> Gest\u00e3o de servi\u00e7o completo<\/li>\n<li> Frete rodovi\u00e1rio, a\u00e9reo e mar\u00edtimo<\/li>\n<li> Flexibilidade em tamanho e tipo de instala\u00e7\u00e3o<\/li>\n<li> Gerenciar o planejamento e reabastecimento de estoque de ponta a ponta<\/li>\n<\/ul>\n<p><strong>Solu\u00e7\u00f5es para a ind\u00fastria<\/strong><\/p>\n<ul>\n<li> Movimentos automotivos<\/li>\n<li> Movimentos qu\u00edmicos seguros e confi\u00e1veis<\/li>\n<li> Bens de consumo<\/li>\n<li> Organiza\u00e7\u00f5es internacionais, governos, grupos de assist\u00eancia e militares em movimento<\/li>\n<li> Movimentos industriais<\/li>\n<li> Solu\u00e7\u00f5es log\u00edsticas de petr\u00f3leo e g\u00e1s<\/li>\n<li> Farm\u00e1cia e cadeia de suprimentos das ci\u00eancias da vida<\/li>\n<li> Tecnologia<\/li>\n<li> Feiras e eventos em movimento<\/li>\n<\/ul>\n<h2>Perfil da Agility Company<\/h2>\n<p>A Agility \u00e9 uma empresa de log\u00edstica global com sede em Sulaibiya, <a href=\"https:\/\/moverdb.com\/pt\/moving-to-kuwait\/\" data-internallinksmanager029f6b8e52c=\"354\" title=\"Est\u00e1 se mudando para o Kuwait? 2026 Custo de vida e dicas de realoca\u00e7\u00e3o\">Kuwait<\/a>. A Agility atende a empresas, governos, ag\u00eancias de assist\u00eancia, organiza\u00e7\u00f5es militares e internacionais, fornecendo transporte, armazenamento, <a href=\"https:\/\/moverdb.com\/pt\/transitario-de-carga\/\">expedi\u00e7\u00e3o de cargas<\/a> e solu\u00e7\u00f5es log\u00edsticas. A empresa emprega mais de 22.000 pessoas e tem mais de 500 escrit\u00f3rios espalhados por cerca de 100 pa\u00edses.<\/p>\n<p>A agilidade come\u00e7ou em 1979 como uma empresa estatal do Kuwait - Public Warehousing Co. Em 1997 a empresa foi privatizada e Tarek Sultan Al Essa tornou-se presidente. A Agility decidiu entrar em mercados inexplorados, tais como \u00c1frica, \u00c1sia, Oriente M\u00e9dio e Am\u00e9rica Latina. A empresa expandiu-se rapidamente comprando mais de 40 empresas de log\u00edstica e ativos em todo o mundo. <\/p>\n<p>Em 2004, a Agility era o maior fornecedor de log\u00edstica do Oriente M\u00e9dio. Foi somente em 2006 que a PWC ficou conhecida como Agility, com seu novo slogan \"A New Logistics Leader\".<\/p>\n<p>Agility tem dois ramos de neg\u00f3cios - Agility Global Integrated Logistics e Agility Infrastructure. A primeira fornece a seus clientes solu\u00e7\u00f5es de cadeia de suprimentos. A Agility j\u00e1 realizou 2,14 milh\u00f5es de embarques, atendendo 60.500 clientes. A empresa movimentou 372.700 toneladas de carga a\u00e9rea e 513.100 TEU's de carga a\u00e9rea. A Agility Infrastructure auxilia os mercados emergentes com problemas relacionados \u00e0 log\u00edstica.<\/p>\n<p>A agilidade retribui fornecendo apoio log\u00edstico pro bono no caso de desastres humanit\u00e1rios. Seu pessoal tamb\u00e9m ap\u00f3ia as comunidades locais<br \/>\n.<br \/>\nA agilidade tem as seguintes afilia\u00e7\u00f5es e credenciamentos:<\/p>\n<ul>\n<li> N\u00e3o listado no site<\/li>\n<\/ul>\n<h2>Agility Moving Reviews<\/h2>\n<p><em>Por favor, note que no momento em que escrevemos n\u00e3o encontramos nenhuma revis\u00e3o online para os servi\u00e7os de mudan\u00e7as da Agility.<\/em> <\/p>\n<div itemprop=\"review\" itemscope itemtype=\"http:\/\/schema.org\/Review\">\n<span itemprop=\"author\" itemscope=\"\" itemtype=\"http:\/\/schema.org\/Organization\"><span itemprop=\"name\">MoverDB.com<\/span><\/span> Revis\u00e3o do site on-line para <span itemprop=\"itemreviewed\" itemscope=\"\" itemtype=\"http:\/\/schema.org\/Brand\"><span itemprop=\"name\">Agilidade em movimento<\/span><\/span>:<\/p>\n<ol>\n<li> Detalhes claros de contato no website (incluindo n\u00famero de telefone): <strong>Sim<\/strong><\/li>\n<li> F\u00e1cil de obter <a href=\"https:\/\/moverdb.com\/pt\/citacoes\/\">cita\u00e7\u00f5es de mudan\u00e7as internacionais<\/a>? (Formul\u00e1rio de solicita\u00e7\u00e3o de or\u00e7amento on-line): <strong>Sim<\/strong><\/li>\n<li> Informa\u00e7\u00f5es claras no site: <strong>Sim,<\/strong> A lista dos servi\u00e7os que eles oferecem.<\/li>\n<li> Participa\u00e7\u00e3o em organiza\u00e7\u00f5es internacionais de mudan\u00e7as reconhecidas internacionalmente: <strong>N\u00e3o listado no site<\/strong><\/li>\n<li> Lista de clientes e\/ou depoimentos de clientes anteriores. <strong>Sim,<\/strong> H\u00e1 relatos detalhados de v\u00e1rios movimentos especializados no site.<\/li>\n<\/ol>\n<div itemprop=\"reviewRating\" itemscope itemtype=\"http:\/\/schema.org\/Rating\"><meta itemprop=\"worstRating\" content = \"0\" \/><meta itemprop=\"bestRating\" content=\"5\" \/><meta itemprop=\"ratingValue\" content=\"4\"><\/div>\n<p><strong>Nota geral: 4\/5<\/strong><br \/>\n<strong>Data de revis\u00e3o:<\/strong> <span itemprop=\"datePublished\" content=\"2017-01-25\">25\/01\/2017<\/span>\n<\/div>\n<p>Leia mais sobre <a href=\"https:\/\/moverdb.com\/pt\/mudancas-empresas\/\">principais empresas de mudan\u00e7as internacionais<\/a> e nosso <a href=\"https:\/\/moverdb.com\/pt\/criticas\/\">processo de revis\u00e3o<\/a>.<\/p>\n<p><strong>Sites da Web:<\/strong> <a href=\"http:\/\/www.agility.com\/EN\/products-and-services\/Pages\/Household-Goods-Movement.aspx\" target=\"_blank\" rel=\"noopener\">Agilidade do Movimento de Bens Dom\u00e9sticos<\/a><\/p>","protected":false},"excerpt":{"rendered":"<p>Agility is the largest logistics and moving company in the Middle East. It offers its customers a wide range of services which are listed below, together with a company profile and reviews. Note that Agility does not move household goods or personal effects for individuals. International Moves Door to door service Sea freight or airfreight [&hellip;]<\/p>\n","protected":false},"author":1,"featured_media":0,"parent":0,"menu_order":0,"comment_status":"closed","ping_status":"closed","template":"","meta":{"_genesis_hide_title":false,"_genesis_hide_breadcrumbs":false,"_genesis_hide_singular_image":false,"_genesis_hide_footer_widgets":false,"_genesis_custom_body_class":"","_genesis_custom_post_class":"","_genesis_layout":"","footnotes":""},"class_list":{"0":"post-1680","1":"page","2":"type-page","3":"status-publish","5":"entry"},"_links":{"self":[{"href":"https:\/\/moverdb.com\/pt\/wp-json\/wp\/v2\/pages\/1680","targetHints":{"allow":["GET"]}}],"collection":[{"href":"https:\/\/moverdb.com\/pt\/wp-json\/wp\/v2\/pages"}],"about":[{"href":"https:\/\/moverdb.com\/pt\/wp-json\/wp\/v2\/types\/page"}],"author":[{"embeddable":true,"href":"https:\/\/moverdb.com\/pt\/wp-json\/wp\/v2\/users\/1"}],"replies":[{"embeddable":true,"href":"https:\/\/moverdb.com\/pt\/wp-json\/wp\/v2\/comments?post=1680"}],"version-history":[{"count":3,"href":"https:\/\/moverdb.com\/pt\/wp-json\/wp\/v2\/pages\/1680\/revisions"}],"predecessor-version":[{"id":6167,"href":"https:\/\/moverdb.com\/pt\/wp-json\/wp\/v2\/pages\/1680\/revisions\/6167"}],"wp:attachment":[{"href":"https:\/\/moverdb.com\/pt\/wp-json\/wp\/v2\/media?parent=1680"}],"curies":[{"name":"wp","href":"https:\/\/api.w.org\/{rel}","templated":true}]}}