{"id":1678,"date":"2017-01-25T12:00:23","date_gmt":"2017-01-25T12:00:23","guid":{"rendered":"http:\/\/moverdb.com\/?page_id=1678"},"modified":"2026-01-08T14:47:27","modified_gmt":"2026-01-08T14:47:27","slug":"aires","status":"publish","type":"page","link":"https:\/\/moverdb.com\/pt\/aires\/","title":{"rendered":"Aires - Mudan\u00e7a e Mudan\u00e7a Internacional"},"content":{"rendered":"<p>Aires oferece a seus clientes, tanto individuais como corporativos, uma variedade de servi\u00e7os de mudan\u00e7a. Estes est\u00e3o listados abaixo junto com o perfil da empresa e as revis\u00f5es.<\/p>\n<p><strong>Mudan\u00e7as Internacionais<\/strong><\/p>\n<ul>\n<li> Embalagem e acondicionamento completo de todos os bens dom\u00e9sticos e objetos pessoais<\/li>\n<li> Porta a porta<\/li>\n<li> Carregamento direto de bens dom\u00e9sticos em cont\u00eainer ou van apropriada<\/li>\n<li> Prepara\u00e7\u00e3o de toda a documenta\u00e7\u00e3o<\/li>\n<li> Entrega e remo\u00e7\u00e3o de detritos em resid\u00eancia normal e direta<\/li>\n<li> Devolu\u00e7\u00e3o de cont\u00eaineres vazios no destino internacional<\/li>\n<li> Rastreamento completo e comunica\u00e7\u00e3o do status da remessa<\/li>\n<li> Autom\u00f3veis<\/li>\n<li> Armazenamento a longo e curto prazo<\/li>\n<li> Realoca\u00e7\u00e3o de animais<\/li>\n<\/ul>\n<p><strong>Destino e Fixa\u00e7\u00e3o em Servi\u00e7os<\/strong><\/p>\n<ul>\n<li> Conhe\u00e7a e Cumprimente<\/li>\n<li> Orienta\u00e7\u00e3o de \u00e1rea<\/li>\n<li> Busca e matr\u00edcula na escola<\/li>\n<li> Assist\u00eancia para encontrar uma casa de aluguel<\/li>\n<li> Assist\u00eancia na negocia\u00e7\u00e3o do leasing<\/li>\n<li> Servi\u00e7os de assentamento<\/li>\n<li> Assist\u00eancia ao c\u00f4njuge\/parceiro<\/li>\n<li> Servi\u00e7o de alojamento tempor\u00e1rio<\/li>\n<li> Visto, passaporte e assist\u00eancia na imigra\u00e7\u00e3o<\/li>\n<li> Servi\u00e7os de treinamento cultural e lingu\u00edstico<\/li>\n<li> Assist\u00eancia \u00e0 repatria\u00e7\u00e3o<\/li>\n<\/ul>\n<p><strong>Servi\u00e7os corporativos<\/strong><\/p>\n<ul>\n<li> Servi\u00e7os de gerenciamento de mudan\u00e7as<\/li>\n<li> Gerenciamento do programa de reloca\u00e7\u00e3o<\/li>\n<li> ReloNet Web Services Site - Ferramentas Corporativas<\/li>\n<li> Revis\u00e3o e desenvolvimento de pol\u00edticas<\/li>\n<li> Servi\u00e7os imobili\u00e1rios<\/li>\n<li> Gest\u00e3o de propriedade e inquilinato<\/li>\n<li> Servi\u00e7os de inspe\u00e7\u00e3o<\/li>\n<li> Proje\u00e7\u00f5es do custo de vida<\/li>\n<li> Gest\u00e3o de despesas<\/li>\n<li> Seguros e gest\u00e3o de riscos<\/li>\n<li> Servi\u00e7os de mudan\u00e7as em grupo<\/li>\n<li> Servi\u00e7os de compensa\u00e7\u00e3o internacional e coleta de dados<\/li>\n<li> Gerenciamento da cadeia de fornecimento<\/li>\n<\/ul>\n<h2>Perfil da empresa Aires<\/h2>\n<p>Aires, ou American International Relocation Solutions LLC, foi fundada em 1981 por Jim Putt. O foco da empresa era a movimenta\u00e7\u00e3o e armazenamento internacional para empresas e seus funcion\u00e1rios. Isto agora cresceu para incluir um servi\u00e7o completo de realoca\u00e7\u00e3o, ajudando os funcion\u00e1rios a se estabelecerem rapidamente em seus novos ambientes. Aires ainda \u00e9 uma empresa privada de propriedade da fam\u00edlia e dirigida por ela.<\/p>\n<p>Aires leva muito a s\u00e9rio suas responsabilidades ambientais e \"atacar o verde de todos os \u00e2ngulos\". Seus sistemas totalmente automatizados reduzem enormemente a necessidade de papelada e todos os seus escrit\u00f3rios e localidades economizam energia e s\u00e3o amigos do meio ambiente.<\/p>\n<p>Aires tem as seguintes credencia\u00e7\u00f5es e afilia\u00e7\u00f5es:<\/p>\n<ul>\n<li> <a href=\"https:\/\/moverdb.com\/pt\/conselho-de-funcionarios-relocacao\/\">ERC mundial<\/a><\/li>\n<li> CERC (Conselho Canadense de Realoca\u00e7\u00e3o de Empregados)<\/li>\n<li> SHRM (Society for Human Resource Management)<\/li>\n<li> <a href=\"https:\/\/moverdb.com\/pt\/iam\/\">IAM<\/a> (<a href=\"https:\/\/moverdb.com\/pt\/iam\/\" data-internallinksmanager029f6b8e52c=\"23\" title=\"Associa\u00e7\u00e3o Internacional de Remotores (IAM) Explicado\">Associa\u00e7\u00e3o Internacional de Movers<\/a>)<\/li>\n<li> OSA (Overseas Shippers Association)<\/li>\n<li> <a href=\"https:\/\/moverdb.com\/pt\/fidi-faim\/\">FIDI<\/a> (Federation of International Furniture Removers)<\/li>\n<li> <a href=\"https:\/\/moverdb.com\/pt\/eura\/\">EuRA<\/a> (<a href=\"https:\/\/moverdb.com\/pt\/eura\/\" data-internallinksmanager029f6b8e52c=\"13\" title=\"Associa\u00e7\u00e3o Europ\u00e9ia de Deslocaliza\u00e7\u00e3o (EuRA) Explicada\">EuRA<\/a> Deslocaliza\u00e7\u00e3o)<\/li>\n<li> PAIMA (Pan American International Movers Association)<\/li>\n<li> <a href=\"https:\/\/moverdb.com\/pt\/lacma\/\">LACMA<\/a> (Associa\u00e7\u00e3o Latino-Americana e Caribenha de Movimentos)<\/li>\n<li> OMNI (Overseas Moving Network International)<\/li>\n<\/ul>\n<h2>Resenhas Aires<\/h2>\n<p><em>No momento em que escrevemos, n\u00e3o encontramos nenhuma resenha para Aires online.<\/em><\/p>\n<div itemprop=\"review\" itemscope itemtype=\"http:\/\/schema.org\/Review\">\n<span itemprop=\"author\" itemscope=\"\" itemtype=\"http:\/\/schema.org\/Organization\"><span itemprop=\"name\">MoverDB.com<\/span><\/span> Revis\u00e3o do site on-line para <span itemprop=\"itemreviewed\" itemscope=\"\" itemtype=\"http:\/\/schema.org\/Brand\"><span itemprop=\"name\">Aires<\/span><\/span>:<\/p>\n<ol>\n<li> Detalhes claros de contato no website (incluindo n\u00famero de telefone): <strong>Sim<\/strong><\/li>\n<li> F\u00e1cil de obter <a href=\"https:\/\/moverdb.com\/pt\/citacoes\/\">cita\u00e7\u00f5es de mudan\u00e7as internacionais<\/a>? (Formul\u00e1rio de solicita\u00e7\u00e3o de or\u00e7amento on-line): <strong>Sim<\/strong><\/li>\n<li> Informa\u00e7\u00f5es claras no site: <strong>Sim,<\/strong> cont\u00e9m muitas informa\u00e7\u00f5es muito detalhadas sobre os servi\u00e7os que a empresa oferece.<\/li>\n<li> Participa\u00e7\u00e3o em organiza\u00e7\u00f5es internacionais de mudan\u00e7as reconhecidas internacionalmente: <strong>Sim<\/strong>(ver acima)<\/li>\n<li> Lista de clientes e\/ou depoimentos de clientes anteriores. <strong>N\u00e3o,<\/strong> embora eles tenham uma se\u00e7\u00e3o de pr\u00eamios.<\/li>\n<\/ol>\n<div itemprop=\"reviewRating\" itemscope itemtype=\"http:\/\/schema.org\/Rating\"><meta itemprop=\"worstRating\" content = \"0\" \/><meta itemprop=\"bestRating\" content=\"5\" \/><meta itemprop=\"ratingValue\" content=\"4\"><\/div>\n<p><strong>Nota geral: 4\/5<\/strong><br \/>\n<strong>Data de revis\u00e3o:<\/strong> <span itemprop=\"datePublished\" content=\"2017-01-25\">25\/01\/2017<\/span>\n<\/div>\n<p>Leia mais sobre <a href=\"https:\/\/moverdb.com\/pt\/mudancas-empresas\/\">empresas de mudan\u00e7as internacionais<\/a> e nosso <a href=\"https:\/\/moverdb.com\/pt\/criticas\/\">processo de revis\u00e3o<\/a>.<\/p>\n<p><strong>Sites da Web:<\/strong> <a href=\"https:\/\/www.aires.com\/\" target=\"_blank\" rel=\"noopener\">https:\/\/www.aires.com\/<\/a><\/p>","protected":false},"excerpt":{"rendered":"<p>Aires offers its clients, both individual and corporate, a variety of moving services. These are listed below together with a company profile and reviews. International Moves Complete packing and wrapping of all household goods and personal effects Door to door Direct loading of household goods into appropriate container or van Preparation of all documentation Normal, [&hellip;]<\/p>\n","protected":false},"author":1,"featured_media":0,"parent":0,"menu_order":0,"comment_status":"closed","ping_status":"closed","template":"","meta":{"_genesis_hide_title":false,"_genesis_hide_breadcrumbs":false,"_genesis_hide_singular_image":false,"_genesis_hide_footer_widgets":false,"_genesis_custom_body_class":"","_genesis_custom_post_class":"","_genesis_layout":"","footnotes":""},"class_list":{"0":"post-1678","1":"page","2":"type-page","3":"status-publish","5":"entry"},"_links":{"self":[{"href":"https:\/\/moverdb.com\/pt\/wp-json\/wp\/v2\/pages\/1678","targetHints":{"allow":["GET"]}}],"collection":[{"href":"https:\/\/moverdb.com\/pt\/wp-json\/wp\/v2\/pages"}],"about":[{"href":"https:\/\/moverdb.com\/pt\/wp-json\/wp\/v2\/types\/page"}],"author":[{"embeddable":true,"href":"https:\/\/moverdb.com\/pt\/wp-json\/wp\/v2\/users\/1"}],"replies":[{"embeddable":true,"href":"https:\/\/moverdb.com\/pt\/wp-json\/wp\/v2\/comments?post=1678"}],"version-history":[{"count":3,"href":"https:\/\/moverdb.com\/pt\/wp-json\/wp\/v2\/pages\/1678\/revisions"}],"predecessor-version":[{"id":6168,"href":"https:\/\/moverdb.com\/pt\/wp-json\/wp\/v2\/pages\/1678\/revisions\/6168"}],"wp:attachment":[{"href":"https:\/\/moverdb.com\/pt\/wp-json\/wp\/v2\/media?parent=1678"}],"curies":[{"name":"wp","href":"https:\/\/api.w.org\/{rel}","templated":true}]}}