{"id":1662,"date":"2017-02-23T10:26:07","date_gmt":"2017-02-23T10:26:07","guid":{"rendered":"http:\/\/moverdb.com\/?page_id=1662"},"modified":"2026-01-08T14:47:48","modified_gmt":"2026-01-08T14:47:48","slug":"bolliger","status":"publish","type":"page","link":"https:\/\/moverdb.com\/pt\/bolliger\/","title":{"rendered":"Bolliger - Mudan\u00e7as Internacionais e Mudan\u00e7as"},"content":{"rendered":"<p>A Bolliger oferece a seus clientes uma grande variedade de servi\u00e7os de mudan\u00e7a. Estes est\u00e3o listados abaixo juntamente com o perfil da empresa e an\u00e1lises.<\/p>\n<p><strong>Mudan\u00e7as Internacionais<\/strong><\/p>\n<ul>\n<li> Rede mundial de recursos m\u00f3veis<\/li>\n<li> Porta a porta<\/li>\n<li> Gerente de mudan\u00e7a com pelo menos 5 anos de experi\u00eancia<\/li>\n<li> Rastreie seu embarque 24 horas por dia, 7 dias por semana<\/li>\n<li> Vistoria domiciliar para verificar os requisitos de embalagem, etc.<\/li>\n<li> Seguro organizado<\/li>\n<li> O coordenador pessoal ajudar\u00e1 com a documenta\u00e7\u00e3o necess\u00e1ria<\/li>\n<li> Embalagem e carregamento<\/li>\n<li> Desembara\u00e7o aduaneiro<\/li>\n<li> Entrega e desempacotamento<\/li>\n<li> Todos os itens ser\u00e3o cuidadosamente descarregados e verificados com sua lista de invent\u00e1rio e ser\u00e3o colocados nas salas corretas<\/li>\n<li> Itens fr\u00e1geis, tais como vidro e <a href=\"https:\/\/moverdb.com\/pt\/moving-to-china\/\" data-internallinksmanager029f6b8e52c=\"357\" title=\"Est\u00e1 se mudando para a China? 2026 Custo de vida e dicas de realoca\u00e7\u00e3o\">porcelana<\/a>ser\u00e3o desempacotados em superf\u00edcies planas<\/li>\n<li> Todos os materiais de embalagem e detritos ser\u00e3o rapidamente removidos de sua casa<\/li>\n<\/ul>\n<p><strong>Servi\u00e7os de Reloca\u00e7\u00e3o Corporativa<\/strong><\/p>\n<ul>\n<li> Assentamento em servi\u00e7os<\/li>\n<li> Busca de escolas e casas<\/li>\n<li> Informa\u00e7\u00f5es culturais<\/li>\n<li> Assist\u00eancia ao parceiro\/c\u00f4njuge<\/li>\n<li> Acomoda\u00e7\u00e3o de curto prazo<\/li>\n<li> Aluguel de m\u00f3veis<\/li>\n<\/ul>\n<p><strong>Servi\u00e7os de mudan\u00e7a<\/strong><\/p>\n<ul>\n<li> Fornecimento de materiais de embalagem<\/li>\n<li> Servi\u00e7os completos de embalagem<\/li>\n<li> Embalagem especializada<\/li>\n<li> Caixas personalizadas<\/li>\n<li> Manuseio de pianos e cofres<\/li>\n<li> Escadas motorizadas<\/li>\n<li> Transporte por via rodovi\u00e1ria, a\u00e9rea e mar\u00edtima<\/li>\n<li> Opera\u00e7\u00f5es alfandeg\u00e1rias<\/li>\n<li> Agentes em todo o mundo.<\/li>\n<\/ul>\n<p><strong>Mudan\u00e7a de escrit\u00f3rio<\/strong><\/p>\n<ul>\n<li> Movimentos de projeto e planejamento<\/li>\n<li> Pessoal e equipamentos especializados<\/li>\n<li> Escadas e guindastes motorizados<\/li>\n<li> Cria\u00e7\u00e3o de escrit\u00f3rios<\/li>\n<li> Reciclagem e descarte do lixo<\/li>\n<li> Opera\u00e7\u00f5es diurnas e noturnas<\/li>\n<\/ul>\n<p><strong>Artes Pl\u00e1sticas<\/strong><\/p>\n<ul>\n<li> Projeto e constru\u00e7\u00e3o de caixas e caixotes feitos sob medida<\/li>\n<li> Formalidades de Belas Artes para a importa\u00e7\u00e3o\/exporta\u00e7\u00e3o de obras de arte moderna e antiga<\/li>\n<li> Envio por via rodovi\u00e1ria \/ mar\u00edtima \/ a\u00e9rea<\/li>\n<li> Agentes especializados em todo o mundo<\/li>\n<li> Montagem de espa\u00e7os de exposi\u00e7\u00e3o<\/li>\n<\/ul>\n<p><strong>Armazenamento<\/strong><\/p>\n<ul>\n<li> Armazenamento a curto e longo prazo<\/li>\n<li> Recipientes met\u00e1licos, engradados ou paletes<\/li>\n<li> Seguran\u00e7a 24\/7<\/li>\n<li> Alarmes de fuma\u00e7a<\/li>\n<li> Temperatura e umidade controladas<\/li>\n<li> Arquivo de documentos<\/li>\n<\/ul>\n<h2>Perfil da Bolliger Company<\/h2>\n<p>Arthur Bolliger abriu o primeiro escrit\u00f3rio da Bolliger em Roma em 1909. Atualmente, a empresa \u00e9 administrada pela quarta gera\u00e7\u00e3o de Bolliger e tem escrit\u00f3rios em Mil\u00e3o, Lugano e Floren\u00e7a, al\u00e9m de <a href=\"https:\/\/moverdb.com\/pt\/moving-to-switzerland\/\" data-internallinksmanager029f6b8e52c=\"327\" title=\"Est\u00e1 se mudando para a Su\u00ed\u00e7a? 2026 Custo de vida e dicas de realoca\u00e7\u00e3o\">Su\u00ed\u00e7a<\/a>o <a href=\"https:\/\/moverdb.com\/pt\/moving-to-the-uk\/\" data-internallinksmanager029f6b8e52c=\"93\" title=\"Mudando-se para o Reino Unido? 2026 Custos de Vida e Dicas de Reloca\u00e7\u00e3o\">REINO UNIDO<\/a>o <a href=\"https:\/\/moverdb.com\/pt\/moving-to-the-united-states\/\" data-internallinksmanager029f6b8e52c=\"94\" title=\"Mudando-se para os Estados Unidos? 2026 Custos de Vida e Dicas de Reloca\u00e7\u00e3o\">EUA<\/a> e <a href=\"https:\/\/moverdb.com\/pt\/moving-to-spain\/\" data-internallinksmanager029f6b8e52c=\"266\" title=\"Mudando-se para a Espanha? 2026 Custos de Vida e Dicas de Reloca\u00e7\u00e3o\">Espanha<\/a>.<\/p>\n<p>Os primeiros caminh\u00f5es da empresa foram comprados em 1919 e foram usados na Primeira Guerra Mundial. A empresa agora administra uma frota de mais de 200 ve\u00edculos de remo\u00e7\u00e3o e envia mercadorias para indiv\u00edduos e empresas em todo o mundo. A Bolliger foi um dos membros fundadores da <a href=\"https:\/\/moverdb.com\/pt\/fidi-faim\/\" data-internallinksmanager029f6b8e52c=\"16\" title=\"FIDI &amp; FAIM (FIDI Accredited International Mover) Explicado\">FIDI<\/a>. Hoje a FIDI \u00e9 a maior associa\u00e7\u00e3o de seu tipo no mundo, com 600 agentes em 100 pa\u00edses. <\/p>\n<p>Em 1982, a Bolliger tornou-se o \u00fanico agente italiano da Allied International.<\/p>\n<p>1985 viu a Bolliger se tornar um dos membros fundadores da Overseas Moving Network International (OMNI). Em 2002 a experi\u00eancia da empresa foi recompensada com a certifica\u00e7\u00e3o ISO 9001 - a primeira <a href=\"https:\/\/moverdb.com\/pt\/moving-companies\/\" data-internallinksmanager029f6b8e52c=\"79\" title=\"As 25 maiores empresas de mudan\u00e7as internacionais on-line\">empresa de mudan\u00e7as<\/a> em <a href=\"https:\/\/moverdb.com\/pt\/moving-to-italy\/\" data-internallinksmanager029f6b8e52c=\"346\" title=\"Est\u00e1 se mudando para a It\u00e1lia? 2026 Custo de vida e dicas de realoca\u00e7\u00e3o\">It\u00e1lia<\/a> para alcan\u00e7\u00e1-lo.<\/p>\n<p>Bollinger constantemente tenta reduzir o impacto ambiental da empresa no planeta, prestando aten\u00e7\u00e3o especial aos materiais de embalagem que eles usam, aos ve\u00edculos que dirigem e tentando reciclar o m\u00e1ximo poss\u00edvel. Eles tamb\u00e9m dirigem programas de caridade em pa\u00edses subdesenvolvidos na Am\u00e9rica do Sul e na \u00c1frica.<\/p>\n<p>A Bolliger tem as seguintes credencia\u00e7\u00f5es e afilia\u00e7\u00f5es:<\/p>\n<ul>\n<li> <a href=\"https:\/\/moverdb.com\/pt\/allied-van-lines\/\">Aliados Internacionais<\/a><\/li>\n<li> ISO 9001<\/li>\n<li> <a href=\"https:\/\/moverdb.com\/pt\/fidi-faim\/\">Federa\u00e7\u00e3o Internacional de Movimentos<\/a> (FIDI)<\/li>\n<li> Overseas Moving Network International (OMNI)<\/li>\n<li> <a href=\"https:\/\/moverdb.com\/pt\/fidi-faim\/\">FIDI Credenciado Internacional Mover<\/a> (FAIM)<\/li>\n<li> <a href=\"https:\/\/moverdb.com\/pt\/iam\/\">Associa\u00e7\u00e3o Internacional de Movers<\/a> (<a href=\"https:\/\/moverdb.com\/pt\/iam\/\" data-internallinksmanager029f6b8e52c=\"23\" title=\"Associa\u00e7\u00e3o Internacional de Remotores (IAM) Explicado\">IAM<\/a>)<\/li>\n<li> <a href=\"https:\/\/moverdb.com\/pt\/iata\/\">Associa\u00e7\u00e3o Internacional de Transporte A\u00e9reo<\/a> (<a href=\"https:\/\/moverdb.com\/pt\/iata\/\" data-internallinksmanager029f6b8e52c=\"22\" title=\"Associa\u00e7\u00e3o Internacional de Transporte A\u00e9reo (IATA) Explicada\">IATA<\/a>)<\/li>\n<li> <a href=\"https:\/\/moverdb.com\/pt\/fedemac\/\">Federa\u00e7\u00e3o das Associa\u00e7\u00f5es Europ\u00e9ias de Governantes<\/a> (<a href=\"https:\/\/moverdb.com\/pt\/fedemac\/\" data-internallinksmanager029f6b8e52c=\"15\" title=\"Federa\u00e7\u00e3o das Associa\u00e7\u00f5es Europ\u00e9ias de Governantes (FEDEMAC) Explicou\">FEDEMAC<\/a>)<\/li>\n<\/ul>\n<h2>Revis\u00f5es do Bolliger<\/h2>\n<p><strong>Positivo:<\/strong><\/p>\n<ul>\n<li> \"Nosso coordenador foi extremamente profissional e prestativo. Ela respondeu a todas as nossas perguntas e fez nossa mudan\u00e7a de Roma para <a href=\"https:\/\/moverdb.com\/pt\/moving-to-london\/\">Londres<\/a> sentir-se f\u00e1cil e seguro. Ela se encarregou de absolutamente tudo. Definitivamente usaremos o Bolliger novamente para nosso pr\u00f3ximo passo e podemos recomend\u00e1-lo a todos\". - Cliente Bolliger <a href=\"http:\/\/www.bolliger.co.uk\/testimonials.html\" target=\"_blank\" rel=\"noopener\">Depoimento<\/a><\/li>\n<li> <em>\"Em geral, muito feliz com esta experi\u00eancia comovente. Foram tambores e c\u00edmbalos, coisas t\u00e3o delicadas. Tudo chegou a tempo e em seguran\u00e7a. Os contatos e a comunica\u00e7\u00e3o foram impec\u00e1veis e oportunos\".<\/em> - Andrea via <a href=\"http:\/\/www.removalreviews.co.uk\/movers\/bolliger-352#2761  Read more: http:\/\/www.removalreviews.co.uk\/movers\/bolliger-352\" target=\"_blank\" rel=\"noopener\">Revis\u00f5es de remo\u00e7\u00e3o<\/a><\/li>\n<li> <em>\"N\u00e3o costumo escrever este tipo de recomenda\u00e7\u00f5es ou revis\u00f5es, mas tive que dedicar alguns minutos para agradecer \u00e0 Bolliger pelo \u00f3timo trabalho de me mudar de Londres para Berlim recentemente\".<\/em> - davelucas via <a href=\"https:\/\/www.yell.com\/biz\/bolliger-uk-ltd-west-drayton-7150125\/\" target=\"_blank\" rel=\"noopener\">Grita<\/a><\/li>\n<\/ul>\n<p><strong>Negativo:<\/strong><\/p>\n<ul>\n<li> <em>\"N\u00e3o se deixe enganar pelo Bolliger Sales Pitch e reivindica\u00e7\u00f5es de excel\u00eancia\"...<\/em> - Sr. D Bruce via <a href=\"http:\/\/www.removalreviews.co.uk\/movers\/bolliger-352#10617  Read more: http:\/\/www.removalreviews.co.uk\/movers\/bolliger-352\" target=\"_blank\" rel=\"noopener\">Revis\u00f5es de remo\u00e7\u00e3o<\/a><\/li>\n<li> <em>\"A Bolliger UK foi absolutamente terr\u00edvel...... A equipe da ag\u00eancia Inexperienced foul mouthed chegou tarde sem nenhum equipamento de mudan\u00e7a, apesar de nossa mudan\u00e7a reservada incluir nosso piano de cauda\".<\/em> - Don.Br via <a href=\"http:\/\/www.reviewcentre.com\/Removal-Companies\/Bolliger-www-bolliger-co-uk-reviews_2387554\" target=\"_blank\" rel=\"noopener\">Centro de Revis\u00e3o<\/a><\/li>\n<\/ul>\n<div itemprop=\"review\" itemscope itemtype=\"http:\/\/schema.org\/Review\">\n<span itemprop=\"author\" itemscope=\"\" itemtype=\"http:\/\/schema.org\/Organization\"><span itemprop=\"name\">MoverDB.com<\/span><\/span> Revis\u00e3o do site on-line para <span itemprop=\"itemreviewed\" itemscope=\"\" itemtype=\"http:\/\/schema.org\/Brand\"><span itemprop=\"name\">Bolliger<\/span><\/span>:<\/p>\n<ol>\n<li> Detalhes claros de contato no website (incluindo n\u00famero de telefone): <strong>Sim<\/strong><\/li>\n<li> F\u00e1cil de obter <a href=\"https:\/\/moverdb.com\/pt\/citacoes\/\">cita\u00e7\u00f5es de mudan\u00e7as internacionais<\/a>? (Formul\u00e1rio de solicita\u00e7\u00e3o de or\u00e7amento on-line): <strong>Sim<\/strong><\/li>\n<li> Informa\u00e7\u00f5es claras no site: <strong>Sim,<\/strong> mas nem sempre muito detalhado.<\/li>\n<li> Participa\u00e7\u00e3o em organiza\u00e7\u00f5es internacionais de mudan\u00e7as reconhecidas internacionalmente: <strong>Sim<\/strong>(ver acima)<\/li>\n<li> Lista de clientes e\/ou depoimentos de clientes anteriores: <strong>Sim,<\/strong> muitos testemunhos positivos de clientes e geralmente boas cr\u00edticas do resto da web.<\/li>\n<\/ol>\n<div itemprop=\"reviewRating\" itemscope itemtype=\"http:\/\/schema.org\/Rating\"><meta itemprop=\"worstRating\" content = \"0\" \/><meta itemprop=\"bestRating\" content=\"5\" \/><meta itemprop=\"ratingValue\" content=\"4.5\"><\/div>\n<p><strong>Nota geral: 4,5\/5<\/strong><br \/>\n<strong>Data de revis\u00e3o:<\/strong> <span itemprop=\"datePublished\" content=\"2017-02-23\">23\/02\/2017<\/span>\n<\/div>\n<p>Leia mais sobre <a href=\"https:\/\/moverdb.com\/pt\/mudancas-empresas\/\">empresas de mudan\u00e7as internacionais<\/a> e nosso <a href=\"https:\/\/moverdb.com\/pt\/criticas\/\">processo de revis\u00e3o<\/a>.<\/p>\n<p><strong>Sites da Web:<\/strong> TI: <a href=\"http:\/\/www.bolliger.it\/\" target=\"_blank\" rel=\"noopener\">http:\/\/www.bolliger.it\/<\/a> REINO UNIDO: <a href=\"http:\/\/www.bolliger.co.uk\/\" target=\"_blank\" rel=\"noopener\">http:\/\/www.bolliger.co.uk\/<\/a><\/p>","protected":false},"excerpt":{"rendered":"<p>Bolliger offers its customers a wide variety of moving services. These are listed below together with a company profile and reviews. International Moving Worldwide network of moving resources Door to door Move Manager with at least 5 years&#8217; experience Track your shipment 24\/7 House survey to ascertain packing requirements etc Insurance arranged Personal coordinator will [&hellip;]<\/p>\n","protected":false},"author":1,"featured_media":0,"parent":0,"menu_order":0,"comment_status":"closed","ping_status":"closed","template":"","meta":{"_genesis_hide_title":false,"_genesis_hide_breadcrumbs":false,"_genesis_hide_singular_image":false,"_genesis_hide_footer_widgets":false,"_genesis_custom_body_class":"","_genesis_custom_post_class":"","_genesis_layout":"","footnotes":""},"class_list":{"0":"post-1662","1":"page","2":"type-page","3":"status-publish","5":"entry"},"_links":{"self":[{"href":"https:\/\/moverdb.com\/pt\/wp-json\/wp\/v2\/pages\/1662","targetHints":{"allow":["GET"]}}],"collection":[{"href":"https:\/\/moverdb.com\/pt\/wp-json\/wp\/v2\/pages"}],"about":[{"href":"https:\/\/moverdb.com\/pt\/wp-json\/wp\/v2\/types\/page"}],"author":[{"embeddable":true,"href":"https:\/\/moverdb.com\/pt\/wp-json\/wp\/v2\/users\/1"}],"replies":[{"embeddable":true,"href":"https:\/\/moverdb.com\/pt\/wp-json\/wp\/v2\/comments?post=1662"}],"version-history":[{"count":5,"href":"https:\/\/moverdb.com\/pt\/wp-json\/wp\/v2\/pages\/1662\/revisions"}],"predecessor-version":[{"id":6184,"href":"https:\/\/moverdb.com\/pt\/wp-json\/wp\/v2\/pages\/1662\/revisions\/6184"}],"wp:attachment":[{"href":"https:\/\/moverdb.com\/pt\/wp-json\/wp\/v2\/media?parent=1662"}],"curies":[{"name":"wp","href":"https:\/\/api.w.org\/{rel}","templated":true}]}}