{"id":1650,"date":"2017-04-24T10:40:56","date_gmt":"2017-04-24T10:40:56","guid":{"rendered":"http:\/\/moverdb.com\/?page_id=1650"},"modified":"2026-01-08T14:48:05","modified_gmt":"2026-01-08T14:48:05","slug":"cosco-shipping","status":"publish","type":"page","link":"https:\/\/moverdb.com\/pt\/cosco-shipping\/","title":{"rendered":"COSCO Shipping Lines - Servi\u00e7os &amp; Revis\u00f5es Internacionais"},"content":{"rendered":"<p>Linhas de Embarque COSCO (<a href=\"https:\/\/moverdb.com\/pt\/moving-to-china\/\" data-internallinksmanager029f6b8e52c=\"357\" title=\"Est\u00e1 se mudando para a China? 2026 Custo de vida e dicas de realoca\u00e7\u00e3o\">China<\/a> A Ocean Shipping (Group) Company) oferece a seus clientes uma ampla gama de servi\u00e7os. Estes est\u00e3o listados abaixo juntamente com o perfil da empresa e an\u00e1lises.<\/p>\n<p><strong><a href=\"https:\/\/moverdb.com\/pt\/container-shipping\/\" data-internallinksmanager029f6b8e52c=\"3\" title=\"Gr\u00e1fico de taxas de transporte internacional de cont\u00eaineres: Abril de 2026\">Envio de cont\u00eaineres<\/a><\/strong><\/p>\n<ul>\n<li> Frota de navios - 170 modernos navios porta-contentores<\/li>\n<li> Rotas de servi\u00e7o - 84 rotas de navega\u00e7\u00e3o internacional e 23 rotas dom\u00e9sticas<\/li>\n<li> Rede global<\/li>\n<li> 22.000 cont\u00eaineres refrigerados<\/li>\n<\/ul>\n<p><strong>Transporte de carga seca a granel<\/strong><\/p>\n<ul>\n<li> Frota de navios - 380 navios, capacidade de carga de 34 milh\u00f5es de DWT<\/li>\n<li> Min\u00e9rio de ferro<\/li>\n<li> Carv\u00e3o<\/li>\n<li> Gr\u00e3o<\/li>\n<li> A\u00e7o<\/li>\n<li> Outras cargas a granel<\/li>\n<li> 1,000 <a href=\"https:\/\/moverdb.com\/pt\/top-49-container-ports\/\" data-internallinksmanager029f6b8e52c=\"80\" title=\"Os 49 maiores e mais movimentados portos de cont\u00eaineres em 2025\">portos<\/a> em mais de 100 pa\u00edses<\/li>\n<li> Sistema de sincroniza\u00e7\u00e3o navio-shore<\/li>\n<\/ul>\n<p><strong>Transporte de petr\u00f3leo e g\u00e1s<\/strong><\/p>\n<ul>\n<li> Navio para mais de 300 portos em todo o mundo<\/li>\n<li> Petr\u00f3leo bruto<\/li>\n<li> \u00d3leo de produto<\/li>\n<li> GLP e GNL<\/li>\n<\/ul>\n<p><strong>Transporte Especializado e Geral de Carga<\/strong><\/p>\n<ul>\n<li> Navios multiuso para eleva\u00e7\u00e3o de cargas pesadas<\/li>\n<li> Navios semi-submers\u00edveis<\/li>\n<li> Navios asf\u00e1lticos<\/li>\n<li> Transportadores de madeira<\/li>\n<li> Transportadores de carros<\/li>\n<\/ul>\n<p><strong>Setor Financeiro do Transporte Mar\u00edtimo<\/strong><\/p>\n<ul>\n<li> Afretamento de navios<\/li>\n<li> Loca\u00e7\u00e3o de cont\u00eaineres<\/li>\n<li> Instala\u00e7\u00f5es de armazenamento em terminais<\/li>\n<li> Seguro de embarque<\/li>\n<\/ul>\n<p><strong>Servi\u00e7os de transporte de passageiros<\/strong><\/p>\n<ul>\n<li> Litoral dom\u00e9stico chin\u00eas<\/li>\n<li> China - <a href=\"https:\/\/moverdb.com\/pt\/moving-to-japan\/\" data-internallinksmanager029f6b8e52c=\"342\" title=\"Mudan\u00e7a para o Jap\u00e3o? 2026 Custo de vida e dicas de realoca\u00e7\u00e3o\">Jap\u00e3o<\/a><\/li>\n<li> China - Cor\u00e9ia<\/li>\n<li> Taiwan Continental<\/li>\n<\/ul>\n<h2>Perfil da Empresa de Linhas de Navega\u00e7\u00e3o COSCO<\/h2>\n<p>A China Ocean Shipping (Group) Company \u00e9 propriedade do governo chin\u00eas e tem sua sede em Xangai. A COSCO \u00e9 o maior graneleiro seco da China e \u00e9 uma das maiores do mundo. Tem um total de 1.114 navios, com uma capacidade de 85,32 milh\u00f5es de TPB. Tamb\u00e9m possui 46 terminais de cont\u00eaineres em todo o mundo, com 190 espa\u00e7os de atraca\u00e7\u00e3o.<\/p>\n<p>Em fevereiro de 2016, o Grupo COSCO fundiu-se com o China Shipping Group, formando assim a China COSCO Shipping Corporation. Eles s\u00e3o uma empresa diversificada que presta servi\u00e7os de transporte mar\u00edtimo, constru\u00e7\u00e3o e reparo de navios, opera\u00e7\u00e3o de terminais e fabrica\u00e7\u00e3o de cont\u00eaineres, para citar apenas alguns de seus interesses.<\/p>\n<p>A China COSCO Shipping Corporation Ltd tem as seguintes credencia\u00e7\u00f5es e afilia\u00e7\u00f5es:<\/p>\n<ul>\n<li> Certificado Internacional de Seguran\u00e7a de Navios<\/li>\n<li> Certificado de Gest\u00e3o de Seguran\u00e7a<\/li>\n<li> Certificado de Acredita\u00e7\u00e3o do Sistema de Gest\u00e3o<\/li>\n<li> Credenciamento do Sistema de Gest\u00e3o Ambiental<\/li>\n<li> Credenciamento do Sistema de Gest\u00e3o de Seguran\u00e7a da Sa\u00fade Ocupacional<\/li>\n<li> Certificado de Gest\u00e3o de Efici\u00eancia Energ\u00e9tica da Empresa<\/li>\n<\/ul>\n<h2>Revis\u00e3o das Linhas de Embarque COSCO<\/h2>\n<p>No momento da publica\u00e7\u00e3o n\u00e3o encontramos nenhuma revis\u00e3o positiva ou negativa dos servi\u00e7os da COSCO Shipping Lines.<\/p>\n<div itemprop=\"review\" itemscope itemtype=\"http:\/\/schema.org\/Review\">\n<strong><span itemprop=\"author\" itemscope=\"\" itemtype=\"http:\/\/schema.org\/Organization\"><span itemprop=\"name\">MoverDB.com<\/span><\/span> Revis\u00e3o do site on-line para <span itemprop=\"itemreviewed\" itemscope=\"\" itemtype=\"http:\/\/schema.org\/Brand\"><span itemprop=\"name\">Linhas de Embarque COSCO<\/span><\/span>:<\/strong><\/p>\n<ol>\n<li> Detalhes claros de contato no website (incluindo n\u00famero de telefone): <strong>Sim<\/strong><\/li>\n<li> F\u00e1cil de obter cota\u00e7\u00f5es de remessas internacionais? (Formul\u00e1rio de solicita\u00e7\u00e3o de or\u00e7amento on-line): <strong>Sim<\/strong>Eles oferecem um servi\u00e7o de cota\u00e7\u00e3o on-line e tamb\u00e9m um servi\u00e7o de e-business para rastrear suas remessas.<\/li>\n<li> Informa\u00e7\u00f5es claras no site: <strong>Parcial,<\/strong> o site tem muitas informa\u00e7\u00f5es, mas n\u00e3o \u00e9 o mais f\u00e1cil de usar.<\/li>\n<li> Participa\u00e7\u00e3o em organiza\u00e7\u00f5es de navega\u00e7\u00e3o reconhecidas internacionalmente: <strong>Sim<\/strong><\/li>\n<li> Lista de clientes e\/ou depoimentos de clientes anteriores. <strong>N\u00e3o,<\/strong> n\u00e3o conseguimos encontrar nenhum no momento da publica\u00e7\u00e3o.<\/li>\n<\/ol>\n<div itemprop=\"reviewRating\" itemscope itemtype=\"http:\/\/schema.org\/Rating\"><meta itemprop=\"worstRating\" content = \"0\" \/><meta itemprop=\"bestRating\" content=\"5\" \/><meta itemprop=\"ratingValue\" content=\"3.5\"><\/div>\n<p><strong>Nota geral: 3,5\/5<\/strong><br \/>\n<strong>Data de revis\u00e3o:<\/strong> <span itemprop=\"datePublished\" content=\"2017-04-24\">24\/04\/2017<\/span>\n<\/div>\n<p>Mais sobre outros <a href=\"https:\/\/moverdb.com\/pt\/empresas-de-transporte-maritimo\/\">empresas de transporte mar\u00edtimo internacional<\/a>, <a href=\"https:\/\/moverdb.com\/pt\/transporte-de-conteineres\/\">tarifas de transporte de cont\u00eaineres<\/a> e nosso <a href=\"https:\/\/moverdb.com\/pt\/criticas\/\">processo de revis\u00e3o<\/a>.<\/p>\n<p><strong>Website:<\/strong> <a href=\"http:\/\/lines.coscoshipping.com\/home.do\" target=\"_blank\" rel=\"noopener\">http:\/\/lines.coscoshipping.com\/home.do<\/a><\/p>","protected":false},"excerpt":{"rendered":"<p>COSCO Shipping Lines (China Ocean Shipping (Group) Company) offers its clients a wide array of services. These are listed below together with a company profile and reviews. Container Shipping Vessel fleet &#8211; 170 modern container vessels Service routes &#8211; 84 international shipping routes and 23 domestic Global network 22,000 refrigerated containers Dry Bulk Cargo Shipping [&hellip;]<\/p>\n","protected":false},"author":1,"featured_media":0,"parent":0,"menu_order":0,"comment_status":"closed","ping_status":"closed","template":"","meta":{"_genesis_hide_title":false,"_genesis_hide_breadcrumbs":false,"_genesis_hide_singular_image":false,"_genesis_hide_footer_widgets":false,"_genesis_custom_body_class":"","_genesis_custom_post_class":"","_genesis_layout":"","footnotes":""},"class_list":{"0":"post-1650","1":"page","2":"type-page","3":"status-publish","5":"entry"},"_links":{"self":[{"href":"https:\/\/moverdb.com\/pt\/wp-json\/wp\/v2\/pages\/1650","targetHints":{"allow":["GET"]}}],"collection":[{"href":"https:\/\/moverdb.com\/pt\/wp-json\/wp\/v2\/pages"}],"about":[{"href":"https:\/\/moverdb.com\/pt\/wp-json\/wp\/v2\/types\/page"}],"author":[{"embeddable":true,"href":"https:\/\/moverdb.com\/pt\/wp-json\/wp\/v2\/users\/1"}],"replies":[{"embeddable":true,"href":"https:\/\/moverdb.com\/pt\/wp-json\/wp\/v2\/comments?post=1650"}],"version-history":[{"count":3,"href":"https:\/\/moverdb.com\/pt\/wp-json\/wp\/v2\/pages\/1650\/revisions"}],"predecessor-version":[{"id":6196,"href":"https:\/\/moverdb.com\/pt\/wp-json\/wp\/v2\/pages\/1650\/revisions\/6196"}],"wp:attachment":[{"href":"https:\/\/moverdb.com\/pt\/wp-json\/wp\/v2\/media?parent=1650"}],"curies":[{"name":"wp","href":"https:\/\/api.w.org\/{rel}","templated":true}]}}