{"id":1648,"date":"2017-04-21T14:26:25","date_gmt":"2017-04-21T14:26:25","guid":{"rendered":"http:\/\/moverdb.com\/?page_id=1648"},"modified":"2026-01-08T14:47:58","modified_gmt":"2026-01-08T14:47:58","slug":"cma-cgm","status":"publish","type":"page","link":"https:\/\/moverdb.com\/pt\/cma-cgm\/","title":{"rendered":"CMA CGM Group - Servi\u00e7os e revis\u00f5es de remessas internacionais"},"content":{"rendered":"<p>A CMA CGM Group oferece a seus clientes uma ampla gama de solu\u00e7\u00f5es de transporte e log\u00edstica. Estas est\u00e3o listadas abaixo juntamente com um perfil de empresa e revis\u00f5es.<\/p>\n<h3>Transporte mar\u00edtimo internacional<\/h3>\n<p><strong>Cont\u00eaineres secos<\/strong><\/p>\n<ul>\n<li> Recipientes de uso geral (20'\/40'\/40\u2032 HC\/45\u2032 HC);<\/li>\n<li> Cont\u00eaineres largos de paletes (40\u2032 HC PW\/45\u2032 HC PW);<\/li>\n<li> Containers especializados (flat-rack, open-top, open-side, plataforma, tanque, etc.)<\/li>\n<li> Servi\u00e7o personalizado<\/li>\n<\/ul>\n<p><strong>Cont\u00eaineres refrigerados<\/strong><\/p>\n<ul>\n<li> 20\u2032 RE\/40\u2032 RH Reefer containers,<\/li>\n<li> A maior frota do mercado de cont\u00eaineres com paletes 45\u2032 RH, dedicados ao com\u00e9rcio intra-europeu.<\/li>\n<li> Departamento dedicado<\/li>\n<\/ul>\n<p><strong>XXL Carga<\/strong><\/p>\n<ul>\n<li> Carga de navios com dimens\u00f5es e pesos n\u00e3o-padronizados<\/li>\n<li> Carros de luxo<\/li>\n<li> Helic\u00f3pteros<\/li>\n<li> Grandes m\u00e1quinas<\/li>\n<li> Vag\u00f5es ferrovi\u00e1rios<\/li>\n<li> Turbinas e geradores sobredimensionados<\/li>\n<li> Experi\u00eancia no transporte de carga a granel<\/li>\n<\/ul>\n<p><strong>Inland - Servi\u00e7os Intermodais - Todos os Continentes<\/strong><\/p>\n<ul>\n<li> Servi\u00e7o completo porta-a-porta<\/li>\n<li> Solu\u00e7\u00f5es internas feitas sob medida - (ferrovi\u00e1rio, rodovi\u00e1rio e fluvial)<\/li>\n<li> Otimizar a cadeia de fornecimento com oportunidades de economia de custos porta-a-porta<\/li>\n<li> Deten\u00e7\u00e3o espec\u00edfica atrativa &amp; demurrage<\/li>\n<li> Monitoramento exato para entregas pontuais<\/li>\n<li> F\u00e1cil reserva e acompanhamento atrav\u00e9s de um<a>plataforma de e-business<\/a><\/li>\n<\/ul>\n<p><strong>AQUAVIVA - Embarque de lagostas ao vivo<\/strong><\/p>\n<ul>\n<li> Servi\u00e7o porta-a-porta<\/li>\n<li> Nova alternativa tanto para o congelamento quanto para o caro frete a\u00e9reo<\/li>\n<li> Mant\u00e9m o habitat natural da lagosta<\/li>\n<li> Garante frescor e qualidade no primeiro dia, mesmo em um longo prazo de conserva\u00e7\u00e3o<\/li>\n<li> Respeitoso ao meio ambiente<\/li>\n<\/ul>\n<p><strong>RORO (Roll on Roll off)<\/strong><\/p>\n<ul>\n<li> <strong><a href=\"https:\/\/moverdb.com\/pt\/moving-companies\/algeria\/\" data-internallinksmanager029f6b8e52c=\"166\" title=\"3 Melhores Empresas de Mudan\u00e7as Internacionais na Arg\u00e9lia\">Arg\u00e9lia<\/a><\/strong>um servi\u00e7o para Mostaganem e Oran e um servi\u00e7o para B\u00e9ja<\/li>\n<li> <strong><a href=\"https:\/\/moverdb.com\/pt\/moving-companies\/moving-companies-morocco\/\" data-internallinksmanager029f6b8e52c=\"287\" title=\"4 melhores empresas de mudan\u00e7a internacional no Marrocos\">Marrocos<\/a><\/strong>um servi\u00e7o para Casablanca<\/li>\n<li> <strong>Tun\u00edsia<\/strong>um servi\u00e7o para Rades e La Goulette<\/li>\n<\/ul>\n<p><strong>Cruzeiros de Carga<\/strong><\/p>\n<ul>\n<li> Compartilhar o dia a dia com a tripula\u00e7\u00e3o<\/li>\n<li> 170 linhas mar\u00edtimas, 450 <a href=\"https:\/\/moverdb.com\/pt\/top-49-container-ports\/\" data-internallinksmanager029f6b8e52c=\"80\" title=\"Os 49 maiores e mais movimentados portos de cont\u00eaineres em 2025\">portos<\/a> e 150 pa\u00edses<\/li>\n<li> Reservar por alguns dias ou alguns meses<\/li>\n<li> Ir a terra durante um dia ou uma semana e pegar o pr\u00f3ximo navio<\/li>\n<\/ul>\n<h2>Perfil da empresa CMA CGM Group<\/h2>\n<p>O Grupo CMA CGM foi iniciado em Marselha por Jacques R. Saad\u00e9 em 1978, que fundou a Compagnie Maritime d'Affr\u00e8tement (CMA). A CMA tinha um navio e quatro funcion\u00e1rios que trabalhavam em uma linha de navega\u00e7\u00e3o entre Beirute, Lattakia, Marselha e Livorno. <\/p>\n<p>Em 1980, a CMA tem dois navios, uma equipe de 65 funcion\u00e1rios e abriu escrit\u00f3rios na Europa. Em 1983, a CMA iniciou seu servi\u00e7o multimodal, permitindo que as mercadorias fossem enviadas porta a porta.<\/p>\n<p>Em 1999, a CGM e a CMA se fundiram, tornando a empresa n\u00famero 12 no mundo. Em 2003, a empresa havia subido para 5<sup>th<\/sup> posi\u00e7\u00e3o. 2006 viu o CMA CGM tornar-se o 3<sup>rd<\/sup> maior <a href=\"https:\/\/moverdb.com\/pt\/empresas-de-transporte-maritimo\/\" target=\"_blank\" rel=\"noopener\">empresa de expedi\u00e7\u00e3o e transporte de cont\u00eaineres<\/a>que permanece at\u00e9 hoje.<\/p>\n<p>Atualmente, o grupo CMA CGM emprega quase 25.000 pessoas em todo o mundo e tem 64 escrit\u00f3rios e ag\u00eancias em todo o mundo. Possui duas sedes principais, uma em Marselha e outra em Norfolk, <a href=\"https:\/\/moverdb.com\/pt\/moving-to-the-united-states\/moving-to-virginia\/\" data-internallinksmanager029f6b8e52c=\"442\" title=\"Mudan\u00e7a para a Virg\u00ednia? 2026 Custo de vida e dicas de realoca\u00e7\u00e3o\">Virg\u00ednia<\/a>. A empresa opera em 170 linhas mar\u00edtimas e faz escalas em 450 portos em 150 pa\u00edses. Atualmente, ela \u00e9 a terceira maior <a href=\"https:\/\/moverdb.com\/pt\/shipping-companies\/\" data-internallinksmanager029f6b8e52c=\"4\" title=\"As 10 maiores empresas de transporte mar\u00edtimo internacional de cont\u00eaineres\">empresa de navega\u00e7\u00e3o<\/a> no mundo e conta com uma frota de 428 navios.<\/p>\n<p>A CMA CGM tem as seguintes credencia\u00e7\u00f5es e afilia\u00e7\u00f5es:<\/p>\n<ul>\n<li> Certificado Internacional de Seguran\u00e7a de Navios (ISSC)<\/li>\n<li> Certificado de Gest\u00e3o de Seguran\u00e7a (SMC)<\/li>\n<li> Conven\u00e7\u00e3o sobre o Trabalho Mar\u00edtimo (MLC)<\/li>\n<li> <a href=\"https:\/\/moverdb.com\/pt\/world-shipping-council\/\">Conselho Mundial de Transporte Mar\u00edtimo<\/a> (<a href=\"https:\/\/moverdb.com\/pt\/world-shipping-council\/\" data-internallinksmanager029f6b8e52c=\"82\" title=\"Conselho Mundial de Transporte Mar\u00edtimo (WSC) Explicado\">WSC<\/a>)<\/li>\n<\/ul>\n<h2>CMA CGM Group Reviews<\/h2>\n<p><em>No momento em que escrevemos, n\u00e3o conseguimos encontrar nenhuma revis\u00e3o online dos servi\u00e7os de remessa do CMA CGM Group.<\/em><\/p>\n<div itemprop=\"review\" itemscope itemtype=\"http:\/\/schema.org\/Review\">\n<strong><span itemprop=\"author\" itemscope=\"\" itemtype=\"http:\/\/schema.org\/Organization\"><span itemprop=\"name\">MoverDB.com<\/span><\/span> Revis\u00e3o do site on-line para <span itemprop=\"itemreviewed\" itemscope=\"\" itemtype=\"http:\/\/schema.org\/Brand\"><span itemprop=\"name\">Grupo CMA CGM<\/span><\/span>:<\/strong><\/p>\n<ol>\n<li> Detalhes claros de contato no website (incluindo n\u00famero de telefone): <strong>Sim<\/strong><\/li>\n<li> F\u00e1cil de obter <a href=\"https:\/\/moverdb.com\/pt\/container-shipping\/\" data-internallinksmanager029f6b8e52c=\"3\" title=\"Gr\u00e1fico de taxas de transporte internacional de cont\u00eaineres: Abril de 2026\">transporte internacional<\/a> cita\u00e7\u00f5es? (Formul\u00e1rio de solicita\u00e7\u00e3o de or\u00e7amento on-line): <strong>N\u00e3o<\/strong>Parece que voc\u00ea tem que se registrar para obter cota\u00e7\u00f5es.<\/li>\n<li> Informa\u00e7\u00f5es claras no site: <strong>Sim,<\/strong> o site tem informa\u00e7\u00f5es detalhadas sobre todos os seus servi\u00e7os.<\/li>\n<li> Participa\u00e7\u00e3o em organiza\u00e7\u00f5es de navega\u00e7\u00e3o reconhecidas internacionalmente: <strong>Sim<\/strong><\/li>\n<li> Lista de clientes e\/ou depoimentos de clientes anteriores. <strong>N\u00e3o,<\/strong> n\u00e3o h\u00e1 nenhuma listada em seu website.<\/li>\n<\/ol>\n<div itemprop=\"reviewRating\" itemscope itemtype=\"http:\/\/schema.org\/Rating\"><meta itemprop=\"worstRating\" content = \"0\" \/><meta itemprop=\"bestRating\" content=\"5\" \/><meta itemprop=\"ratingValue\" content=\"3.5\"><\/div>\n<p><strong>Nota geral: 3,5\/5<\/strong><br \/>\n<strong>Data de revis\u00e3o:<\/strong> <span itemprop=\"datePublished\" content=\"2017-04-21\">21\/04\/2017<\/span>\n<\/div>\n<p>Mais sobre outros <a href=\"https:\/\/moverdb.com\/pt\/empresas-de-transporte-maritimo\/\">empresas de transporte mar\u00edtimo internacional<\/a>, <a href=\"https:\/\/moverdb.com\/pt\/transporte-de-conteineres\/\">tarifas de transporte de cont\u00eaineres<\/a> e nosso <a href=\"https:\/\/moverdb.com\/pt\/criticas\/\">processo de revis\u00e3o<\/a>.<\/p>\n<p><strong>Website:<\/strong> <a href=\"http:\/\/www.cma-cgm.com\/\" target=\"_blank\" rel=\"noopener\">http:\/\/www.cma-cgm.com\/<\/a><\/p>","protected":false},"excerpt":{"rendered":"<p>CMA CGM Group offers its clients a wide range of shipping and logistics solutions. These are listed below together with a company profile and reviews. International Shipping Dry Containers General-use containers (20&#8217;\/40&#8217;\/40&#8242; HC\/45&#8242; HC); Pallet wide containers (40&#8242; HC PW\/45&#8242; HC PW); Specialised containers (flat-rack, open-top, open-side, platform, tank, etc.) Personalised service Reefer Containers 20&#8242; [&hellip;]<\/p>\n","protected":false},"author":1,"featured_media":0,"parent":0,"menu_order":0,"comment_status":"closed","ping_status":"closed","template":"","meta":{"_genesis_hide_title":false,"_genesis_hide_breadcrumbs":false,"_genesis_hide_singular_image":false,"_genesis_hide_footer_widgets":false,"_genesis_custom_body_class":"","_genesis_custom_post_class":"","_genesis_layout":"","footnotes":""},"class_list":{"0":"post-1648","1":"page","2":"type-page","3":"status-publish","5":"entry"},"_links":{"self":[{"href":"https:\/\/moverdb.com\/pt\/wp-json\/wp\/v2\/pages\/1648","targetHints":{"allow":["GET"]}}],"collection":[{"href":"https:\/\/moverdb.com\/pt\/wp-json\/wp\/v2\/pages"}],"about":[{"href":"https:\/\/moverdb.com\/pt\/wp-json\/wp\/v2\/types\/page"}],"author":[{"embeddable":true,"href":"https:\/\/moverdb.com\/pt\/wp-json\/wp\/v2\/users\/1"}],"replies":[{"embeddable":true,"href":"https:\/\/moverdb.com\/pt\/wp-json\/wp\/v2\/comments?post=1648"}],"version-history":[{"count":5,"href":"https:\/\/moverdb.com\/pt\/wp-json\/wp\/v2\/pages\/1648\/revisions"}],"predecessor-version":[{"id":6192,"href":"https:\/\/moverdb.com\/pt\/wp-json\/wp\/v2\/pages\/1648\/revisions\/6192"}],"wp:attachment":[{"href":"https:\/\/moverdb.com\/pt\/wp-json\/wp\/v2\/media?parent=1648"}],"curies":[{"name":"wp","href":"https:\/\/api.w.org\/{rel}","templated":true}]}}