{"id":1644,"date":"2017-02-23T09:28:26","date_gmt":"2017-02-23T09:28:26","guid":{"rendered":"http:\/\/moverdb.com\/?page_id=1644"},"modified":"2026-05-15T14:55:52","modified_gmt":"2026-05-15T14:55:52","slug":"remocoes-de-conroy-removals","status":"publish","type":"page","link":"https:\/\/moverdb.com\/pt\/conroy-removals\/","title":{"rendered":"Remo\u00e7\u00e3o de Conroy - International Moving Reviews"},"content":{"rendered":"<p>A Conroy Removals oferece a seus clientes uma grande variedade de servi\u00e7os de remo\u00e7\u00e3o em ambos <a href=\"https:\/\/moverdb.com\/pt\/moving-to-australia\/living-in-australia\/\" data-internallinksmanager029f6b8e52c=\"240\" title=\"21 Segredos sobre viver na Austr\u00e1lia para saber antes de se mudar\">Austr\u00e1lia<\/a> e <a href=\"https:\/\/moverdb.com\/pt\/moving-to-new-zealand\/\" data-internallinksmanager029f6b8e52c=\"324\" title=\"Est\u00e1 se mudando para a Nova Zel\u00e2ndia? 2026 Custo de vida e dicas de realoca\u00e7\u00e3o\">Nova Zel\u00e2ndia<\/a>. Elas est\u00e3o listadas abaixo, juntamente com um perfil da empresa e avalia\u00e7\u00f5es.<\/p>\n<p><strong><a href=\"https:\/\/moverdb.com\/pt\/international-removals\/\" data-internallinksmanager029f6b8e52c=\"27\" title=\"36 melhores empresas de mudan\u00e7as internacionais no Reino Unido\">Mudan\u00e7as internacionais<\/a><\/strong><\/p>\n<ul>\n<li> Coordenador pessoal de mudan\u00e7as<\/li>\n<li> Porta a porta<\/li>\n<li> Embalagem de servi\u00e7o completo, embalagem parcial e embalagem de bricolagem<\/li>\n<li> Desmontagem e remontagem de m\u00f3veis<\/li>\n<li> <a href=\"https:\/\/moverdb.com\/pt\/transporte-de-carro-transporte-embarque\/\">Envio de carros<\/a>, motocicletas, barcos e reboques<\/li>\n<li> Frete mar\u00edtimo - <a href=\"https:\/\/moverdb.com\/pt\/transporte-de-conteineres\/\">FCL\/LCL transporte de cont\u00eaineres<\/a><\/li>\n<li> Carga a\u00e9rea<\/li>\n<li> Armazenamento de longo e curto prazo dispon\u00edvel<\/li>\n<li> Servi\u00e7o completo de desempacotamento dispon\u00edvel<\/li>\n<li> Remo\u00e7\u00e3o de detritos<\/li>\n<li> Desembara\u00e7o aduaneiro e assist\u00eancia com a documenta\u00e7\u00e3o necess\u00e1ria<\/li>\n<li> Seguro organizado<\/li>\n<li> Servi\u00e7os de c\u00e2mbio de divisas<\/li>\n<\/ul>\n<p><strong>Mudan\u00e7as interestaduais, de longa dist\u00e2ncia e locais<\/strong><\/p>\n<ul>\n<li> Especialista dedicado \u00e0 remo\u00e7\u00e3o<\/li>\n<li> Porta a porta<\/li>\n<li> Variedade de pacotes dispon\u00edveis<\/li>\n<li> Servi\u00e7o de embalagem completa, artigos fr\u00e1geis ou embalagem de bricolage<\/li>\n<li> Desmontagem e remontagem de m\u00f3veis<\/li>\n<li> Armazenamento de longo e curto prazo dispon\u00edvel<\/li>\n<li> Servi\u00e7o de desembalagem dispon\u00edvel<\/li>\n<li> Seguro organizado<\/li>\n<\/ul>\n<p><strong>Mudan\u00e7as Corporativas<\/strong><\/p>\n<ul>\n<li> Remo\u00e7\u00e3o de bens dom\u00e9sticos<\/li>\n<li> Busca em casa<\/li>\n<li> Busca de escolas<\/li>\n<li> Orienta\u00e7\u00e3o<\/li>\n<li> Treinamento de idiomas<\/li>\n<li> Acomoda\u00e7\u00e3o de curto prazo<\/li>\n<li> <a href=\"https:\/\/moverdb.com\/pt\/transporte-de-carro-transporte-embarque\/\">Transporte e expedi\u00e7\u00e3o de ve\u00edculos automotores<\/a><\/li>\n<li> Transporte de animais de estima\u00e7\u00e3o<\/li>\n<li> Limpeza da casa<\/li>\n<li> Desembalagem de manobrista<\/li>\n<li> C\u00e2mbio estrangeiro<\/li>\n<\/ul>\n<h2>Perfil da empresa Conroy Removals<\/h2>\n<p>As remo\u00e7\u00f5es de Conroy da Austr\u00e1lia e Nova Zel\u00e2ndia, come\u00e7aram em 1972. Eles t\u00eam filiais tanto na Austr\u00e1lia quanto na Nova Zel\u00e2ndia e se consideram a principal empresa de remo\u00e7\u00f5es da regi\u00e3o. A Conroy possui uma extensa rede de parceiros e afiliadas nacionais e internacionais, dando \u00e0 empresa acesso somente a mais de 350 parceiros internacionais.<\/p>\n<p>A empresa se dedica a reduzir sua pegada de carbono atrav\u00e9s da redu\u00e7\u00e3o, reutiliza\u00e7\u00e3o e reciclagem. Ela tamb\u00e9m est\u00e1 confiante de que seus funcion\u00e1rios est\u00e3o bem treinados e confiantes em sua capacidade de prestar um excelente servi\u00e7o em tudo o que fazem.<\/p>\n<p>A Conroy Removals (Austr\u00e1lia e Nova Zel\u00e2ndia) tem as seguintes credencia\u00e7\u00f5es e filia\u00e7\u00f5es:<\/p>\n<ul>\n<li> <a href=\"https:\/\/moverdb.com\/pt\/iam\/\">Associa\u00e7\u00e3o Internacional de Removersores<\/a> (<a href=\"https:\/\/moverdb.com\/pt\/iam\/\" data-internallinksmanager029f6b8e52c=\"23\" title=\"Associa\u00e7\u00e3o Internacional de Remotores (IAM) Explicado\">IAM<\/a>)<\/li>\n<li> <a href=\"https:\/\/moverdb.com\/pt\/british-association-of-removers\/\">Associa\u00e7\u00e3o Brit\u00e2nica de Removedores<\/a> (<a href=\"https:\/\/moverdb.com\/pt\/british-association-of-removers\/\" data-internallinksmanager029f6b8e52c=\"9\" title=\"Associa\u00e7\u00e3o Brit\u00e2nica de Removers (BAR) Explicada\">BAR<\/a>)<\/li>\n<li> <a href=\"https:\/\/moverdb.com\/pt\/afra\/\">Associa\u00e7\u00e3o Australiana de Removedores de M\u00f3veis<\/a> (<a href=\"https:\/\/moverdb.com\/pt\/afra\/\" data-internallinksmanager029f6b8e52c=\"7\" title=\"Associa\u00e7\u00e3o Australiana dos Removedores de M\u00f3veis (AFRA) Explicada\">AFRA<\/a>)<\/li>\n<li> <a href=\"https:\/\/moverdb.com\/pt\/aima\/\">Associa\u00e7\u00e3o Australiana Internacional de Movimentos<\/a> (<a href=\"https:\/\/moverdb.com\/pt\/aima\/\" data-internallinksmanager029f6b8e52c=\"8\" title=\"Associa\u00e7\u00e3o Australiana Internacional de Movimentos (AIMA) Explicada\">AIMA<\/a>)<\/li>\n<li> Associa\u00e7\u00e3o Sul-africana Internacional de Movimentos (SAIMA)<\/li>\n<li> Associa\u00e7\u00e3o Pan-Americana Internacional de Movimentos (PAIMA)<\/li>\n<li> Associa\u00e7\u00e3o de Mudan\u00e7as da Nova Zel\u00e2ndia para o Exterior (NZOMA)<\/li>\n<li> <a href=\"https:\/\/moverdb.com\/pt\/fidi-faim\/\">Alian\u00e7a Global FIDI<\/a><\/li>\n<\/ul>\n<p>Eles t\u00eam escrit\u00f3rios na Austr\u00e1lia:<\/p>\n<ul>\n<li> <a href=\"https:\/\/moverdb.com\/pt\/moving-to-brisbane\/\" data-internallinksmanager029f6b8e52c=\"255\" title=\"Mudando-se para Brisbane? 2026 Custos de Vida e Dicas de Reloca\u00e7\u00e3o\">Brisbane<\/a><\/li>\n<li> <a href=\"https:\/\/moverdb.com\/pt\/movendo-se-para-a-sydney\/\">Sydney<\/a><\/li>\n<li> Melbourne<\/li>\n<li> Perth<\/li>\n<li> Townsville<\/li>\n<\/ul>\n<p>Escrit\u00f3rios da Nova Zel\u00e2ndia em:<\/p>\n<ul>\n<li> Napier<\/li>\n<li> Auckland<\/li>\n<li> Tauranga<\/li>\n<li> Wellington<\/li>\n<li> Christchurch<\/li>\n<li> Nelson<\/li>\n<\/ul>\n<h2>Revis\u00f5es de Remo\u00e7\u00e3o de Conroy<\/h2>\n<p><strong>Positivo:<\/strong><\/p>\n<ul>\n<li> <em>\"A embalagem da minha casa foi feita de forma brilhante com muito cuidado com todos os meus pertences em um per\u00edodo de tempo muito eficiente. Tudo foi catalogado claramente e a desembalagem foi f\u00e1cil com todos os itens facilmente localizados e caixas bem nomeadas para cada quarto. Todo o lixo foi removido e algumas caixas antigas foram levadas para mim, o que foi uma grande ajuda na limpeza da casa vazia\".<\/em> - Depoimento do cliente <a href=\"https:\/\/www.conroy.co.nz\/customer-reviews\/nz-to-overseas\" target=\"_blank\" rel=\"noopener\">via website da NZ<\/a><\/li>\n<li> <em>\"Excelente comunica\u00e7\u00e3o antes da entrega e os dois homens que entregaram nossas mercadorias foram educados, amig\u00e1veis, r\u00e1pidos e muito eficientes\".<\/em> - Revis\u00e3o do cliente via <a href=\"https:\/\/www.conroyremovals.com.au\/customer-reviews\/overseas-to-australia\" target=\"_blank\" rel=\"noopener\">Site da AU<\/a><\/li>\n<li> <em>\"J\u00e1 me mudei 25 vezes e esta foi de longe a melhor experi\u00eancia de mudan\u00e7a\". Obrigado Conroys\"!<\/em> - Jackie via <a href=\"http:\/\/www.productreview.com.au\/p\/conroy-removals.html?rating=5#reviews\" target=\"_blank\" rel=\"noopener\">Revis\u00e3o do produto<\/a><\/li>\n<li> <em>\"Movimentar itens grandes em torno de Nz e para aussie pode ser dif\u00edcil, mas esses caras realmente facilitaram\".<\/em> - Dave via <a href=\"https:\/\/yellow.co.nz\/y\/conroy-removals-airpark-drive#detailsRatingsReviews\" target=\"_blank\" rel=\"noopener\">Amarelo<\/a><\/li>\n<\/ul>\n<p><strong>Negativo:<\/strong><\/p>\n<ul>\n<li> <em>\"Apesar de v\u00e1rias chamadas (todas foram para o correio de voz) e e-mails, n\u00e3o ouvi nada durante duas semanas entre quando minha mercadoria foi liberada na alf\u00e2ndega e quando os entregadores ligaram\".<\/em> - Revis\u00e3o do cliente via <a href=\"https:\/\/www.conroy.co.nz\/customer-reviews\/overseas-to-nz\" target=\"_blank\" rel=\"noopener\">Site da NZ<\/a><\/li>\n<li> <em>\"Mercadorias desalfandegadas h\u00e1 2 semanas. Al\u00e9m de uma exig\u00eancia de pagamento de GST + imposto (o que fiz no dia seguinte), n\u00e3o ouvi uma \u00fanica coisa sobre quando meus itens ser\u00e3o entregues. Deixei correio de voz, e-mails e ainda nada. Estou praticamente me entregando ao fato de que n\u00e3o voltarei a ver meus bens\".<\/em> - revis\u00e3o do cliente via <a href=\"https:\/\/www.conroyremovals.com.au\/customer-reviews\/australia-to-overseas\" target=\"_blank\" rel=\"noopener\">Site da AU<\/a><\/li>\n<li> <em>\"Infelizmente n\u00e3o tivemos sorte com nossa recoloca\u00e7\u00e3o, as mercadorias foram danificadas devido a embalagem inadequada e Conroy n\u00e3o quer assumir qualquer responsabilidade com o assunto\".<\/em> - Karen via <a href=\"https:\/\/www.mymovingreviews.com\/movers\/conroy-removals-1807#58945\" target=\"_blank\" rel=\"noopener\">Minhas revis\u00f5es de mudan\u00e7a<\/a><\/li>\n<li> <em>\"Muito tarde, ficaram desapontados com isso, mas mantiveram contato por isso, o que lhes d\u00e1 cr\u00e9dito. Tamb\u00e9m a um pre\u00e7o razo\u00e1vel\".<\/em> - Jon via <a href=\"https:\/\/www.nocowboys.co.nz\/businesses\/conroy-removals-\" target=\"_blank\" rel=\"noopener\">NoCowboys<\/a><\/li>\n<\/ul>\n<div itemprop=\"review\" itemscope itemtype=\"http:\/\/schema.org\/Review\">\n<span itemprop=\"author\" itemscope=\"\" itemtype=\"http:\/\/schema.org\/Organization\"><span itemprop=\"name\">MoverDB.com<\/span><\/span> Revis\u00e3o do site on-line para <span itemprop=\"itemreviewed\" itemscope=\"\" itemtype=\"http:\/\/schema.org\/Brand\"><span itemprop=\"name\">Retirada de conroy<\/span><\/span>:<\/p>\n<ol>\n<li> Detalhes claros de contato no website (incluindo n\u00famero de telefone): <strong>Sim<\/strong><\/li>\n<li> F\u00e1cil de obter <a href=\"https:\/\/moverdb.com\/pt\/citacoes\/\">cita\u00e7\u00f5es de mudan\u00e7as internacionais<\/a>? (Formul\u00e1rio de solicita\u00e7\u00e3o de or\u00e7amento on-line): <strong>Sim<\/strong><\/li>\n<li> Informa\u00e7\u00f5es claras no site: <strong>Sim,<\/strong> o site tem muitas informa\u00e7\u00f5es muito detalhadas.<\/li>\n<li> Participa\u00e7\u00e3o em organiza\u00e7\u00f5es internacionais de mudan\u00e7as reconhecidas internacionalmente: <strong>Sim<\/strong>(muitos, ver acima)<\/li>\n<li> Lista de clientes e\/ou depoimentos de clientes anteriores: <strong>Sim,<\/strong> H\u00e1 depoimentos positivos e negativos de clientes no site da empresa, que podem ser classificados por classifica\u00e7\u00e3o por estrelas e tipo de movimento.<\/li>\n<\/ol>\n<div itemprop=\"reviewRating\" itemscope itemtype=\"http:\/\/schema.org\/Rating\"><meta itemprop=\"worstRating\" content = \"0\" \/><meta itemprop=\"bestRating\" content=\"5\" \/><meta itemprop=\"ratingValue\" content=\"5\"><\/div>\n<p><strong>Nota geral: 5\/5<\/strong><br \/>\n<strong>Data de revis\u00e3o:<\/strong> <span itemprop=\"datePublished\" content=\"2017-02-23\">23\/02\/2017<\/span>\n<\/div>\n<p>Leia mais sobre <a href=\"https:\/\/moverdb.com\/pt\/mudancas-empresas\/\">empresas de mudan\u00e7as internacionais<\/a> e nosso <a href=\"https:\/\/moverdb.com\/pt\/criticas\/\">processo de revis\u00e3o<\/a>.<\/p>\n<p><strong>Sites da Web:<\/strong> AU: <a href=\"https:\/\/www.conroyremovals.com.au\/\" target=\"_blank\" rel=\"noopener\">https:\/\/www.conroyremovals.com.au\/<\/a>NZ: <a href=\"https:\/\/www.conroy.co.nz\/\" target=\"_blank\" rel=\"noopener\">https:\/\/www.conroy.co.nz\/<\/a><\/p>","protected":false},"excerpt":{"rendered":"<p>Conroy Removals offers its customers a wide variety of removal services in both Australia and New Zealand. These are listed below, together with a company profile and reviews. International Removals Personal moving coordinator Door to door Full service packing, partial packing and DIY packing Dismantling and reassembly of furniture Shipping of cars, motorbikes, boats and [&hellip;]<\/p>\n","protected":false},"author":1,"featured_media":0,"parent":0,"menu_order":0,"comment_status":"closed","ping_status":"closed","template":"","meta":{"_genesis_hide_title":false,"_genesis_hide_breadcrumbs":false,"_genesis_hide_singular_image":false,"_genesis_hide_footer_widgets":false,"_genesis_custom_body_class":"","_genesis_custom_post_class":"","_genesis_layout":"","footnotes":""},"class_list":{"0":"post-1644","1":"page","2":"type-page","3":"status-publish","5":"entry"},"_links":{"self":[{"href":"https:\/\/moverdb.com\/pt\/wp-json\/wp\/v2\/pages\/1644","targetHints":{"allow":["GET"]}}],"collection":[{"href":"https:\/\/moverdb.com\/pt\/wp-json\/wp\/v2\/pages"}],"about":[{"href":"https:\/\/moverdb.com\/pt\/wp-json\/wp\/v2\/types\/page"}],"author":[{"embeddable":true,"href":"https:\/\/moverdb.com\/pt\/wp-json\/wp\/v2\/users\/1"}],"replies":[{"embeddable":true,"href":"https:\/\/moverdb.com\/pt\/wp-json\/wp\/v2\/comments?post=1644"}],"version-history":[{"count":10,"href":"https:\/\/moverdb.com\/pt\/wp-json\/wp\/v2\/pages\/1644\/revisions"}],"predecessor-version":[{"id":6194,"href":"https:\/\/moverdb.com\/pt\/wp-json\/wp\/v2\/pages\/1644\/revisions\/6194"}],"wp:attachment":[{"href":"https:\/\/moverdb.com\/pt\/wp-json\/wp\/v2\/media?parent=1644"}],"curies":[{"name":"wp","href":"https:\/\/api.w.org\/{rel}","templated":true}]}}